{"id":35859,"date":"2023-08-11T20:50:20","date_gmt":"2023-08-11T18:50:20","guid":{"rendered":"https:\/\/arturo.winandoffice.com\/roma\/?post_type=product&#038;p=35859"},"modified":"2025-11-25T08:30:51","modified_gmt":"2025-11-25T07:30:51","slug":"office-2010-professional-plus","status":"publish","type":"product","link":"https:\/\/arturo.winandoffice.com\/roma\/product\/office-2010-professional-plus\/","title":{"rendered":"Microsoft Office 2010 Professional Plus Premium licenza per 3 dispositivi"},"content":{"rendered":"<p>Office 2010 Professional segna l&#8217;inizio di una nuova era per le applicazioni Office di Microsoft, standard mondiale. Ci sono le versioni classiche delle applicazioni pi\u00f9 conosciute, ma anche le nuove versioni web di Word, Excel e cos\u00ec via. Queste ultime consentono di essere produttivi praticamente ovunque.<\/p>\n<p>Un&#8217;altra novit\u00e0 \u00e8 il pieno supporto del formato di file Open XML certificato ISO. \u00c8 dotato di menu in stile ribbon. Pertanto, la suite Office avr\u00e0 un aspetto simile a quello di Windows 7 e anche il pulsante Office avr\u00e0 nuove funzionalit\u00e0.<\/p>\n<p>Microsoft Office 2010 Professional Plus contiene queste applicazioni:<\/p>\n<ul>\n<li>Word 2010 &#8211; per creare documenti affascinanti<\/li>\n<li>Excel 2010 &#8211; per importanti analisi<\/li>\n<li>PowerPoint 2010 &#8211; per presentazioni accattivanti<\/li>\n<li>Outlook 2010 &#8211; per gestire e-mail, contatti, orari e attivit\u00e0<\/li>\n<li>OneNote 2010 &#8211; per i vostri appunti<\/li>\n<li>Publisher 2010 &#8211; per creare pubblicit\u00e0 professionale<\/li>\n<li>Access 2010 &#8211; per le applicazioni basate su browser<\/li>\n<li>Applicazioni Web (Word, Excel, PowerPoint, OneNote)<\/li>\n<li>InfoPath &#8211; per progettare, distribuire, compilare e inviare moduli elettronici contenenti dati strutturati.<\/li>\n<li>Communicator &#8211; per rimanere in contatto con clienti e colleghi<\/li>\n<li>SharePoint Workspace &#8211; per collaborare in tutto il mondo<\/li>\n<\/ul>\n<p><strong>Requisiti di sistema:<\/strong><\/p>\n<ul>\n<li>Processore: processore da 500 megahertz (MHz) o superiore; 1 gigahertz (GHz) richiesto per<\/li>\n<li>Outlook con Business Contact Manager<\/li>\n<li>RAM: 512 megabyte (MB) di RAM o superiore (Certamente \u00e8 un requisito molto basso)<\/li>\n<li>Spazio disponibile su disco rigido: 3,5 gigabyte (GB)<\/li>\n<li>Per l&#8217;edizione a 32 bit di Office 2010: Windows XP con Service Pack (SP) 3, Windows Server 2003 SP2, MSXML 6.0<\/li>\n<li>Per entrambe le edizioni a 32 o 64 bit di Office 2010: Windows Vista con SP1, Windows Server 2008, Windows 7, Terminal Server, Windows on Windows (WOW)<\/li>\n<\/ul>\n<p>&nbsp;<\/p>\n<p>&nbsp;<\/p>\n","protected":false},"excerpt":{"rendered":"<ul>\n<li>Microsoft Office 2010 Professional Plus Premium licenza per 3 PC<\/li>\n<li><strong>With this license the software can be activated on 3 different devices, e.g. home PC, notebook and work PC.<\/strong><\/li>\n<li>Version for 32 and 64 bit systems, full unlimited versions of software <strong>from certified Microsoft Gold Partner<\/strong><\/li>\n<li><strong>Lifetime Replacement Warranty!<\/strong><\/li>\n<li>Delivery by email: product key, instructions, download links, invoice<\/li>\n<li>Instant download!<\/li>\n<li>No time limit, no subscription<\/li>\n<li>Free support 24\/7 for issues with installation and activation<\/li>\n<li>No delivery on data storage (USB, CD, etc.)<\/li>\n<li>Activation online and by phone<\/li>\n<li>Languages: English, Spanish, Italian, German, French<\/li>\n<li><strong><span style=\"color: #008000;\"> This product is compatible with Microsoft Windows.<\/span><\/strong><\/li>\n<li><strong><span style=\"color: #ff0000;\">NOT compatible with Apple macOS\u2122, Apple Processors, Parallels for Mac, Android devices and Chromebooks.<\/span><\/strong><\/li>\n<\/ul>\n","protected":false},"featured_media":100000116571,"comment_status":"closed","ping_status":"closed","template":"","meta":{"_acf_changed":false},"product_brand":[],"product_cat":[75],"product_tag":[158,157,79,106],"class_list":{"0":"post-35859","1":"product","2":"type-product","3":"status-publish","4":"has-post-thumbnail","6":"product_cat-microsoft-office","7":"product_tag-microsoft-office-2010-professional-plus","8":"product_tag-microsoft-office-2010-professional-plus-license-for-3-pcs","9":"product_tag-ms-office","10":"product_tag-ms-office-2010","12":"first","13":"instock","14":"sale","15":"virtual","16":"taxable","17":"purchasable","18":"product-type-simple"},"yoast_head":"<!-- This site is optimized with the Yoast SEO plugin v26.7 - https:\/\/yoast.com\/wordpress\/plugins\/seo\/ -->\n<title>Microsoft Office 2010 Professional Plus license for 3 PCs<\/title>\n<meta name=\"description\" content=\"With this license the software can be activated on 3 different devices, e.g. home PC, notebook and work PC. Lifetime Replacement Warranty!!!\" \/>\n<meta name=\"robots\" content=\"index, follow, max-snippet:-1, max-image-preview:large, max-video-preview:-1\" \/>\n<link rel=\"canonical\" href=\"https:\/\/arturo.winandoffice.com\/roma\/product\/office-2010-professional-plus\/\" \/>\n<meta property=\"og:locale\" content=\"it_IT\" \/>\n<meta property=\"og:type\" content=\"article\" \/>\n<meta property=\"og:title\" content=\"Microsoft Office 2010 Professional Plus license for 3 PCs\" \/>\n<meta property=\"og:description\" content=\"With this license the software can be activated on 3 different devices, e.g. home PC, notebook and work PC. Lifetime Replacement Warranty!!!\" \/>\n<meta property=\"og:url\" content=\"https:\/\/arturo.winandoffice.com\/roma\/product\/office-2010-professional-plus\/\" \/>\n<meta property=\"og:site_name\" content=\"Roma\" \/>\n<meta property=\"article:modified_time\" content=\"2025-11-25T07:30:51+00:00\" \/>\n<meta name=\"twitter:card\" content=\"summary_large_image\" \/>\n<meta name=\"twitter:label1\" content=\"Tempo di lettura stimato\" \/>\n\t<meta name=\"twitter:data1\" content=\"2 minuti\" \/>\n<script type=\"application\/ld+json\" class=\"yoast-schema-graph\">{\"@context\":\"https:\/\/schema.org\",\"@graph\":[{\"@type\":\"WebPage\",\"@id\":\"https:\/\/arturo.winandoffice.com\/roma\/product\/office-2010-professional-plus\/\",\"url\":\"https:\/\/arturo.winandoffice.com\/roma\/product\/office-2010-professional-plus\/\",\"name\":\"Microsoft Office 2010 Professional Plus license for 3 PCs\",\"isPartOf\":{\"@id\":\"https:\/\/arturo.winandoffice.com\/roma\/#website\"},\"primaryImageOfPage\":{\"@id\":\"https:\/\/arturo.winandoffice.com\/roma\/product\/office-2010-professional-plus\/#primaryimage\"},\"image\":{\"@id\":\"https:\/\/arturo.winandoffice.com\/roma\/product\/office-2010-professional-plus\/#primaryimage\"},\"thumbnailUrl\":\"https:\/\/arturo.winandoffice.com\/roma\/wp-content\/uploads\/2023\/08\/O10PP.jpg\",\"datePublished\":\"2023-08-11T18:50:20+00:00\",\"dateModified\":\"2025-11-25T07:30:51+00:00\",\"description\":\"With this license the software can be activated on 3 different devices, e.g. home PC, notebook and work PC. Lifetime Replacement Warranty!!!\",\"breadcrumb\":{\"@id\":\"https:\/\/arturo.winandoffice.com\/roma\/product\/office-2010-professional-plus\/#breadcrumb\"},\"inLanguage\":\"it-IT\",\"potentialAction\":[{\"@type\":\"ReadAction\",\"target\":[\"https:\/\/arturo.winandoffice.com\/roma\/product\/office-2010-professional-plus\/\"]}]},{\"@type\":\"ImageObject\",\"inLanguage\":\"it-IT\",\"@id\":\"https:\/\/arturo.winandoffice.com\/roma\/product\/office-2010-professional-plus\/#primaryimage\",\"url\":\"https:\/\/arturo.winandoffice.com\/roma\/wp-content\/uploads\/2023\/08\/O10PP.jpg\",\"contentUrl\":\"https:\/\/arturo.winandoffice.com\/roma\/wp-content\/uploads\/2023\/08\/O10PP.jpg\"},{\"@type\":\"BreadcrumbList\",\"@id\":\"https:\/\/arturo.winandoffice.com\/roma\/product\/office-2010-professional-plus\/#breadcrumb\",\"itemListElement\":[{\"@type\":\"ListItem\",\"position\":1,\"name\":\"Home\",\"item\":\"https:\/\/arturo.winandoffice.com\/roma\/\"},{\"@type\":\"ListItem\",\"position\":2,\"name\":\"Shop\",\"item\":\"https:\/\/arturo.winandoffice.com\/roma\/shop\/\"},{\"@type\":\"ListItem\",\"position\":3,\"name\":\"Microsoft Office 2010 Professional Plus Premium licenza per 3 dispositivi\"}]},{\"@type\":\"WebSite\",\"@id\":\"https:\/\/arturo.winandoffice.com\/roma\/#website\",\"url\":\"https:\/\/arturo.winandoffice.com\/roma\/\",\"name\":\"Roma\",\"description\":\"Acquista il tuo ufficio\",\"publisher\":{\"@id\":\"https:\/\/arturo.winandoffice.com\/roma\/#\/schema\/person\/8e3a1b04521cf33c29c497607542c9a2\"},\"potentialAction\":[{\"@type\":\"SearchAction\",\"target\":{\"@type\":\"EntryPoint\",\"urlTemplate\":\"https:\/\/arturo.winandoffice.com\/roma\/?s={search_term_string}\"},\"query-input\":{\"@type\":\"PropertyValueSpecification\",\"valueRequired\":true,\"valueName\":\"search_term_string\"}}],\"inLanguage\":\"it-IT\"},{\"@type\":[\"Person\",\"Organization\"],\"@id\":\"https:\/\/arturo.winandoffice.com\/roma\/#\/schema\/person\/8e3a1b04521cf33c29c497607542c9a2\",\"name\":\"supervision\",\"image\":{\"@type\":\"ImageObject\",\"inLanguage\":\"it-IT\",\"@id\":\"https:\/\/arturo.winandoffice.com\/roma\/#\/schema\/person\/image\/\",\"url\":\"https:\/\/secure.gravatar.com\/avatar\/eaaf033e92f8075258dc0ddd2a847958bda3e3bce9195b04fb85009b34ecfbcd?s=96&d=mm&r=g\",\"contentUrl\":\"https:\/\/secure.gravatar.com\/avatar\/eaaf033e92f8075258dc0ddd2a847958bda3e3bce9195b04fb85009b34ecfbcd?s=96&d=mm&r=g\",\"caption\":\"supervision\"},\"logo\":{\"@id\":\"https:\/\/arturo.winandoffice.com\/roma\/#\/schema\/person\/image\/\"},\"sameAs\":[\"https:\/\/kaijapaneseroots.com\/\"]}]}<\/script>\n<!-- \/ Yoast SEO plugin. -->","yoast_head_json":{"title":"Microsoft Office 2010 Professional Plus license for 3 PCs","description":"With this license the software can be activated on 3 different devices, e.g. home PC, notebook and work PC. Lifetime Replacement Warranty!!!","robots":{"index":"index","follow":"follow","max-snippet":"max-snippet:-1","max-image-preview":"max-image-preview:large","max-video-preview":"max-video-preview:-1"},"canonical":"https:\/\/arturo.winandoffice.com\/roma\/product\/office-2010-professional-plus\/","og_locale":"it_IT","og_type":"article","og_title":"Microsoft Office 2010 Professional Plus license for 3 PCs","og_description":"With this license the software can be activated on 3 different devices, e.g. home PC, notebook and work PC. Lifetime Replacement Warranty!!!","og_url":"https:\/\/arturo.winandoffice.com\/roma\/product\/office-2010-professional-plus\/","og_site_name":"Roma","article_modified_time":"2025-11-25T07:30:51+00:00","twitter_card":"summary_large_image","twitter_misc":{"Tempo di lettura stimato":"2 minuti"},"schema":{"@context":"https:\/\/schema.org","@graph":[{"@type":"WebPage","@id":"https:\/\/arturo.winandoffice.com\/roma\/product\/office-2010-professional-plus\/","url":"https:\/\/arturo.winandoffice.com\/roma\/product\/office-2010-professional-plus\/","name":"Microsoft Office 2010 Professional Plus license for 3 PCs","isPartOf":{"@id":"https:\/\/arturo.winandoffice.com\/roma\/#website"},"primaryImageOfPage":{"@id":"https:\/\/arturo.winandoffice.com\/roma\/product\/office-2010-professional-plus\/#primaryimage"},"image":{"@id":"https:\/\/arturo.winandoffice.com\/roma\/product\/office-2010-professional-plus\/#primaryimage"},"thumbnailUrl":"https:\/\/arturo.winandoffice.com\/roma\/wp-content\/uploads\/2023\/08\/O10PP.jpg","datePublished":"2023-08-11T18:50:20+00:00","dateModified":"2025-11-25T07:30:51+00:00","description":"With this license the software can be activated on 3 different devices, e.g. home PC, notebook and work PC. Lifetime Replacement Warranty!!!","breadcrumb":{"@id":"https:\/\/arturo.winandoffice.com\/roma\/product\/office-2010-professional-plus\/#breadcrumb"},"inLanguage":"it-IT","potentialAction":[{"@type":"ReadAction","target":["https:\/\/arturo.winandoffice.com\/roma\/product\/office-2010-professional-plus\/"]}]},{"@type":"ImageObject","inLanguage":"it-IT","@id":"https:\/\/arturo.winandoffice.com\/roma\/product\/office-2010-professional-plus\/#primaryimage","url":"https:\/\/arturo.winandoffice.com\/roma\/wp-content\/uploads\/2023\/08\/O10PP.jpg","contentUrl":"https:\/\/arturo.winandoffice.com\/roma\/wp-content\/uploads\/2023\/08\/O10PP.jpg"},{"@type":"BreadcrumbList","@id":"https:\/\/arturo.winandoffice.com\/roma\/product\/office-2010-professional-plus\/#breadcrumb","itemListElement":[{"@type":"ListItem","position":1,"name":"Home","item":"https:\/\/arturo.winandoffice.com\/roma\/"},{"@type":"ListItem","position":2,"name":"Shop","item":"https:\/\/arturo.winandoffice.com\/roma\/shop\/"},{"@type":"ListItem","position":3,"name":"Microsoft Office 2010 Professional Plus Premium licenza per 3 dispositivi"}]},{"@type":"WebSite","@id":"https:\/\/arturo.winandoffice.com\/roma\/#website","url":"https:\/\/arturo.winandoffice.com\/roma\/","name":"Roma","description":"Acquista il tuo ufficio","publisher":{"@id":"https:\/\/arturo.winandoffice.com\/roma\/#\/schema\/person\/8e3a1b04521cf33c29c497607542c9a2"},"potentialAction":[{"@type":"SearchAction","target":{"@type":"EntryPoint","urlTemplate":"https:\/\/arturo.winandoffice.com\/roma\/?s={search_term_string}"},"query-input":{"@type":"PropertyValueSpecification","valueRequired":true,"valueName":"search_term_string"}}],"inLanguage":"it-IT"},{"@type":["Person","Organization"],"@id":"https:\/\/arturo.winandoffice.com\/roma\/#\/schema\/person\/8e3a1b04521cf33c29c497607542c9a2","name":"supervision","image":{"@type":"ImageObject","inLanguage":"it-IT","@id":"https:\/\/arturo.winandoffice.com\/roma\/#\/schema\/person\/image\/","url":"https:\/\/secure.gravatar.com\/avatar\/eaaf033e92f8075258dc0ddd2a847958bda3e3bce9195b04fb85009b34ecfbcd?s=96&d=mm&r=g","contentUrl":"https:\/\/secure.gravatar.com\/avatar\/eaaf033e92f8075258dc0ddd2a847958bda3e3bce9195b04fb85009b34ecfbcd?s=96&d=mm&r=g","caption":"supervision"},"logo":{"@id":"https:\/\/arturo.winandoffice.com\/roma\/#\/schema\/person\/image\/"},"sameAs":["https:\/\/kaijapaneseroots.com\/"]}]}},"acf":[],"_links":{"self":[{"href":"https:\/\/arturo.winandoffice.com\/roma\/wp-json\/wp\/v2\/product\/35859","targetHints":{"allow":["GET"]}}],"collection":[{"href":"https:\/\/arturo.winandoffice.com\/roma\/wp-json\/wp\/v2\/product"}],"about":[{"href":"https:\/\/arturo.winandoffice.com\/roma\/wp-json\/wp\/v2\/types\/product"}],"replies":[{"embeddable":true,"href":"https:\/\/arturo.winandoffice.com\/roma\/wp-json\/wp\/v2\/comments?post=35859"}],"wp:featuredmedia":[{"embeddable":true,"href":"https:\/\/arturo.winandoffice.com\/roma\/wp-json\/"}],"wp:attachment":[{"href":"https:\/\/arturo.winandoffice.com\/roma\/wp-json\/wp\/v2\/media?parent=35859"}],"wp:term":[{"taxonomy":"product_brand","embeddable":true,"href":"https:\/\/arturo.winandoffice.com\/roma\/wp-json\/wp\/v2\/product_brand?post=35859"},{"taxonomy":"product_cat","embeddable":true,"href":"https:\/\/arturo.winandoffice.com\/roma\/wp-json\/wp\/v2\/product_cat?post=35859"},{"taxonomy":"product_tag","embeddable":true,"href":"https:\/\/arturo.winandoffice.com\/roma\/wp-json\/wp\/v2\/product_tag?post=35859"}],"curies":[{"name":"wp","href":"https:\/\/api.w.org\/{rel}","templated":true}]}}