{"id":1956,"date":"2022-10-20T21:47:49","date_gmt":"2022-10-20T21:47:49","guid":{"rendered":"https:\/\/arturo.winandoffice.com\/roma\/?post_type=product&#038;p=1956"},"modified":"2025-09-11T02:28:02","modified_gmt":"2025-09-11T01:28:02","slug":"microsoft-windows-11-professional","status":"publish","type":"product","link":"https:\/\/arturo.winandoffice.com\/roma\/product\/microsoft-windows-11-professional\/","title":{"rendered":"Microsoft Windows 11 Professional licenza per 3 dispositivi"},"content":{"rendered":"<div id=\"primaryR2\" data-grid=\"container\" data-region-key=\"primaryr2\" data-m=\"{&quot;cN&quot;:&quot;primaryR2 1&quot;,&quot;cT&quot;:&quot;Region_coreui-region&quot;,&quot;id&quot;:&quot;r2a2&quot;,&quot;sN&quot;:2,&quot;aN&quot;:&quot;a2&quot;}\">\n<div id=\"coreui-banner-l03vzh8\" data-m=\"{&quot;cN&quot;:&quot;R2Banner 1&quot;,&quot;cT&quot;:&quot;Module_coreui-banner&quot;,&quot;id&quot;:&quot;m1r2a2&quot;,&quot;sN&quot;:1,&quot;aN&quot;:&quot;r2a2&quot;}\" data-module-id=\"WDG-Windows|primaryR2|coreui-region|coreui-banner-l03vzh8|coreui-banner\">\n<div class=\"m-banner f-align-left\" data-grid=\"col-12\">\n<p><strong><span style=\"font-size: 32px;\">Microsoft Windows 11 Professional license for 3 PCs (versione completa e illimitata da un Microsoft Gold Partner certificato)<\/span><\/strong><\/p>\n<p><strong>Con questa licenza il software pu\u00f2 essere attivato su 3 diversi dispositivi, ad es. PC di casa, notebook e PC di lavoro.<\/strong><\/p>\n<p><strong>Garanzia di rimborso a vita!!!<\/strong><\/p>\n<\/div>\n<\/div>\n<div id=\"coreui-tablev2-62jrfm3\" data-m=\"{&quot;cN&quot;:&quot;R2TableV2 1&quot;,&quot;cT&quot;:&quot;Module_coreui-tablev2&quot;,&quot;id&quot;:&quot;m4r2a2&quot;,&quot;sN&quot;:4,&quot;aN&quot;:&quot;r2a2&quot;}\" data-module-id=\"WDG-Windows|primaryR2|coreui-region|coreui-tablev2-62jrfm3|coreui-tablev2\">\n<div class=\"m-table\">\n<div class=\"c-table\" data-f-loc-ascending=\"Sorted by {0} - ascending\" data-f-loc-descending=\"Sorted by {0} - descending\">\n<table>\n<tbody>\n<tr>\n<td class=\"f-divided\"><strong>Processor:<\/strong><\/td>\n<td class=\"f-divided\">1 gigahertz (GHz) o pi\u00f9 veloce con 2 o pi\u00f9 core su un processore o un System on a Chip (SoC) a 64 bit compatibile<\/td>\n<\/tr>\n<tr>\n<td class=\"f-divided\"><strong>RAM:<\/strong><\/td>\n<td class=\"f-divided\">4 gigabyte (GB)<\/td>\n<\/tr>\n<tr>\n<td class=\"f-divided\"><strong>Storage:<\/strong><\/td>\n<td class=\"f-divided\">Dispositivo di archiviazione da 64 GB o pi\u00f9 grande<\/p>\n<p>Nota: per ulteriori dettagli, consultare la sezione &#8220;Ulteriori informazioni sullo spazio di archiviazione per mantenere aggiornato Windows 11&#8221;.<\/td>\n<\/tr>\n<tr>\n<td class=\"f-divided\"><strong>System firmware:<\/strong><\/td>\n<td class=\"f-divided\">UEFI, Secure Boot capable<\/td>\n<\/tr>\n<tr>\n<td class=\"f-divided\"><strong>TPM:<\/strong><\/td>\n<td class=\"f-divided\">Trusted Platform Module (TPM) version 2.0<\/td>\n<\/tr>\n<tr>\n<td class=\"f-divided\"><strong>Graphics card:<\/strong><\/td>\n<td class=\"f-divided\">Compatibile con DirectX 12 o successive con driver WDDM 2.0<\/td>\n<\/tr>\n<tr>\n<td class=\"f-divided\"><strong>Display:<\/strong><\/td>\n<td class=\"f-divided\">Display ad alta definizione (720p) con diagonale superiore a 9&#8243;, 8 bit per canale di colore<\/td>\n<\/tr>\n<tr>\n<td class=\"f-divided\"><strong>Connessione a Internet e account Microsoft:\u00a0<\/strong><\/td>\n<td class=\"f-divided\">Windows 11 Professional edition richiede la connettivit\u00e0 a Internet e un account Microsoft per completare la configurazione del dispositivo al primo utilizzo.<\/p>\n<p>Anche il passaggio di un dispositivo da Windows 11 Home in modalit\u00e0 S richiede la connessione a Internet.<\/p>\n<p>Per tutte le edizioni di Windows 11, l&#8217;accesso a Internet \u00e8 necessario per eseguire gli aggiornamenti e per scaricare e sfruttare alcune funzionalit\u00e0. Per alcune funzioni \u00e8 necessario un account Microsoft.<\/td>\n<\/tr>\n<\/tbody>\n<\/table>\n<\/div>\n<\/div>\n<\/div>\n<div id=\"coreui-contentrichblock-wqm7a2a\" data-m=\"{&quot;cN&quot;:&quot;R2ContentRichBlock 2&quot;,&quot;cT&quot;:&quot;Module_coreui-contentrichblock&quot;,&quot;id&quot;:&quot;m5r2a2&quot;,&quot;sN&quot;:5,&quot;aN&quot;:&quot;r2a2&quot;}\" data-module-id=\"WDG-Windows|primaryR2|coreui-region|coreui-contentrichblock-wqm7a2a|coreui-contentrichblock\">\n<div class=\"m-rich-content-block context-ucx\" data-grid=\"col-12\">\n<p>Nel corso del tempo potrebbero essere richiesti ulteriori requisiti per gli aggiornamenti e per l&#8217;attivazione di specifiche funzioni del sistema operativo.<\/p>\n<p>Alcune funzioni di Windows 11 Professional hanno requisiti pi\u00f9 elevati rispetto a quelli elencati nella sezione dei requisiti minimi. Di seguito sono riportati alcuni dettagli aggiuntivi relativi ai requisiti per le funzioni principali:<\/p>\n<\/div>\n<\/div>\n<\/div>\n<div id=\"primaryR3\" data-grid=\"container\" data-region-key=\"primaryr3\" data-m=\"{&quot;cN&quot;:&quot;primaryR3 1&quot;,&quot;cT&quot;:&quot;Region_coreui-region&quot;,&quot;id&quot;:&quot;r3a2&quot;,&quot;sN&quot;:3,&quot;aN&quot;:&quot;a2&quot;}\">\n<div id=\"coreui-contentrichblock-rhi1sei\" data-m=\"{&quot;cN&quot;:&quot;R2ContentRichBlock 1&quot;,&quot;cT&quot;:&quot;Module_coreui-contentrichblock&quot;,&quot;id&quot;:&quot;m3r3a2&quot;,&quot;sN&quot;:3,&quot;aN&quot;:&quot;r3a2&quot;}\" data-module-id=\"WDG-Windows|primaryR3|coreui-region|coreui-contentrichblock-rhi1sei|coreui-contentrichblock\">\n<div class=\"m-rich-content-block context-ucx\" data-grid=\"col-12\">\n<ul class=\"c-list\">\n<li>Il supporto 5G richiede un modem compatibile con il 5G.<\/li>\n<li>L&#8217;Auto HDR richiede un monitor HDR.<\/li>\n<li>BitLocker to Go richiede un&#8217;unit\u00e0 flash USB (disponibile nelle edizioni Windows Pro e superiori).<\/li>\n<li>Client Hyper-V richiede un processore con capacit\u00e0 di traduzione degli indirizzi di secondo livello (SLAT) (disponibile nelle edizioni Windows Pro e superiori).<\/li>\n<li>Cortana richiede un microfono e un altoparlante ed \u00e8 attualmente disponibile su Windows 11 per Australia, Brasile, Canada, Cina, Francia, Germania, India, Italia, Giappone, Messico, Spagna, Regno Unito e Stati Uniti.<\/li>\n<li>DirectStorage richiede un&#8217;unit\u00e0 SSD NVMe per memorizzare ed eseguire i giochi che utilizzano il driver &#8220;Standard NVM Express Controller&#8221; e una GPU DirectX12 con supporto per Shader Model 6.0.<\/li>\n<li>DirectX 12 Ultimate \u00e8 disponibile con i giochi e i chip grafici supportati.<\/li>\n<li>La presenza richiede un sensore in grado di rilevare la distanza dell&#8217;uomo dal dispositivo o<\/li>\n<li>l&#8217;intenzione di interagire con il dispositivo.<\/li>\n<li>La videoconferenza intelligente richiede una videocamera, un microfono e un altoparlante (uscita audio).<\/li>\n<li>L&#8217;assistente vocale multiplo (MVA) richiede un microfono e un altoparlante.<\/li>\n<li>I layout Snap a tre colonne richiedono uno schermo di larghezza pari o superiore a 1920 pixel effettivi.<\/li>\n<li>La funzione Mute\/Unmute dalla barra delle applicazioni richiede una videocamera, un microfono e un altoparlante (uscita audio). L&#8217;applicazione deve essere compatibile con la funzione per abilitare il silenziamento\/rimozione globale.<\/li>\n<li>Spatial Sound richiede hardware e software di supporto.<\/li>\n<li>Le squadre richiedono una videocamera, un microfono e un altoparlante (uscita audio).<\/li>\n<li>Touch richiede uno schermo o un monitor che supporti il multitouch.<\/li>\n<li>L&#8217;autenticazione a due fattori richiede l&#8217;uso di un PIN, di un sistema biometrico (lettore di impronte digitali o telecamera a infrarossi illuminata) o di un telefono con funzionalit\u00e0 Wi-Fi o Bluetooth.<\/li>\n<li>La digitazione vocale richiede un PC con microfono.<\/li>\n<li>Il Wake on Voice richiede un modello di alimentazione Modern Standby e un microfono.<\/li>\n<li>Wi-Fi 6E richiede un nuovo hardware e driver WLAN IHV e un AP\/router con capacit\u00e0 Wi-Fi 6E.<\/li>\n<li>Windows Hello richiede una fotocamera configurata per l&#8217;imaging nel vicino infrarosso (IR) o un lettore di impronte digitali per l&#8217;autenticazione biometrica. I dispositivi senza sensori biometrici possono utilizzare Windows Hello con un PIN o una chiave di sicurezza portatile compatibile con Microsoft.<\/li>\n<li>Windows Projection richiede un adattatore per display che supporti Windows Display Driver Model (WDDM) 2.0 e un adattatore Wi-Fi che supporti Wi-Fi Direct.<\/li>\n<li>Xbox (app) richiede un account Xbox Live, che non \u00e8 disponibile in tutte le regioni. Per informazioni aggiornate sulla disponibilit\u00e0, consultare la sezione Paesi e regioni di Xbox Live.<\/li>\n<li>Alcune funzioni dell&#8217;app Xbox richiedono un abbonamento attivo a Xbox Game Pass. Per saperne di pi\u00f9 sul pass.<\/li>\n<\/ul>\n<\/div>\n<\/div>\n<\/div>\n<div id=\"simple-translate\" class=\"simple-translate-system-theme\">\n<div>\n<div class=\"simple-translate-button isShow\" style=\"height: 22px; width: 22px; top: 2113px; left: 10px;\"><\/div>\n<div class=\"simple-translate-panel \" style=\"width: 300px; height: 200px; top: 0px; left: 0px; font-size: 13px;\">\n<div class=\"simple-translate-result-wrapper\" style=\"overflow: hidden;\">\n<div class=\"simple-translate-move\"><\/div>\n<div class=\"simple-translate-result-contents\">\n<p class=\"simple-translate-candidate\" dir=\"auto\">\n<\/div>\n<\/div>\n<\/div>\n<\/div>\n<\/div>\n","protected":false},"excerpt":{"rendered":"<ul>\n<li>Microsoft Windows 11 Professional Premium licenza per 3 PC<\/li>\n<li><strong>With this license the software can be activated on 3 different devices, e.g. home PC, notebook and work PC.<\/strong><\/li>\n<li>Version for 32 and 64 bit systems, full unlimited versions of software <strong>from certified Microsoft Gold Partner<\/strong><\/li>\n<li><strong>Lifetime Replacement Warranty!<\/strong><\/li>\n<li>Delivery by email: product key, instructions, download links, invoice<\/li>\n<li>Instant download!<\/li>\n<li>No time limit, no subscription<\/li>\n<li>Free support 24\/7 for issues with installation and activation<\/li>\n<li>No delivery on data storage (USB, CD, etc.)<\/li>\n<li>Activation online and by phone<\/li>\n<li>Languages: English, Spanish, Italian, German, French<\/li>\n<li><strong><span style=\"color: #008000;\"> This product is compatible with Microsoft Windows.<\/span><\/strong><\/li>\n<li><strong><span style=\"color: #ff0000;\">NOT compatible with Apple macOS\u2122, Apple Processors, Parallels for Mac, Android devices and Chromebooks.<\/span><\/strong><\/li>\n<\/ul>\n","protected":false},"featured_media":100000116602,"comment_status":"closed","ping_status":"closed","template":"","meta":{"_acf_changed":false},"product_brand":[],"product_cat":[82,89],"product_tag":[118,117],"class_list":{"0":"post-1956","1":"product","2":"type-product","3":"status-publish","4":"has-post-thumbnail","6":"product_cat-microsoft-windows","7":"product_cat-windows-11","8":"product_tag-microsoft-windows-11-professional","9":"product_tag-microsoft-windows-11-professional-license-for-3-pcs","11":"first","12":"instock","13":"sale","14":"featured","15":"virtual","16":"taxable","17":"purchasable","18":"product-type-simple"},"yoast_head":"<!-- This site is optimized with the Yoast SEO plugin v26.7 - https:\/\/yoast.com\/wordpress\/plugins\/seo\/ -->\n<title>Microsoft Windows 11 Professional license for 3 PCs<\/title>\n<meta name=\"description\" content=\"With this license the software can be activated on 3 different devices, e.g. home PC, notebook and work PC. Lifetime Replacement Warranty!!!\" \/>\n<meta name=\"robots\" content=\"index, follow, max-snippet:-1, max-image-preview:large, max-video-preview:-1\" \/>\n<link rel=\"canonical\" href=\"https:\/\/arturo.winandoffice.com\/roma\/product\/microsoft-windows-11-professional\/\" \/>\n<meta property=\"og:locale\" content=\"it_IT\" \/>\n<meta property=\"og:type\" content=\"article\" \/>\n<meta property=\"og:title\" content=\"Microsoft Windows 11 Professional license for 3 PCs\" \/>\n<meta property=\"og:description\" content=\"With this license the software can be activated on 3 different devices, e.g. home PC, notebook and work PC. Lifetime Replacement Warranty!!!\" \/>\n<meta property=\"og:url\" content=\"https:\/\/arturo.winandoffice.com\/roma\/product\/microsoft-windows-11-professional\/\" \/>\n<meta property=\"og:site_name\" content=\"Roma\" \/>\n<meta property=\"article:modified_time\" content=\"2025-09-11T01:28:02+00:00\" \/>\n<meta name=\"twitter:card\" content=\"summary_large_image\" \/>\n<meta name=\"twitter:label1\" content=\"Tempo di lettura stimato\" \/>\n\t<meta name=\"twitter:data1\" content=\"4 minuti\" \/>\n<script type=\"application\/ld+json\" class=\"yoast-schema-graph\">{\"@context\":\"https:\/\/schema.org\",\"@graph\":[{\"@type\":\"WebPage\",\"@id\":\"https:\/\/arturo.winandoffice.com\/roma\/product\/microsoft-windows-11-professional\/\",\"url\":\"https:\/\/arturo.winandoffice.com\/roma\/product\/microsoft-windows-11-professional\/\",\"name\":\"Microsoft Windows 11 Professional license for 3 PCs\",\"isPartOf\":{\"@id\":\"https:\/\/arturo.winandoffice.com\/roma\/#website\"},\"primaryImageOfPage\":{\"@id\":\"https:\/\/arturo.winandoffice.com\/roma\/product\/microsoft-windows-11-professional\/#primaryimage\"},\"image\":{\"@id\":\"https:\/\/arturo.winandoffice.com\/roma\/product\/microsoft-windows-11-professional\/#primaryimage\"},\"thumbnailUrl\":\"https:\/\/arturo.winandoffice.com\/roma\/wp-content\/uploads\/2023\/03\/W11P.jpg\",\"datePublished\":\"2022-10-20T21:47:49+00:00\",\"dateModified\":\"2025-09-11T01:28:02+00:00\",\"description\":\"With this license the software can be activated on 3 different devices, e.g. home PC, notebook and work PC. Lifetime Replacement Warranty!!!\",\"breadcrumb\":{\"@id\":\"https:\/\/arturo.winandoffice.com\/roma\/product\/microsoft-windows-11-professional\/#breadcrumb\"},\"inLanguage\":\"it-IT\",\"potentialAction\":[{\"@type\":\"ReadAction\",\"target\":[\"https:\/\/arturo.winandoffice.com\/roma\/product\/microsoft-windows-11-professional\/\"]}]},{\"@type\":\"ImageObject\",\"inLanguage\":\"it-IT\",\"@id\":\"https:\/\/arturo.winandoffice.com\/roma\/product\/microsoft-windows-11-professional\/#primaryimage\",\"url\":\"https:\/\/arturo.winandoffice.com\/roma\/wp-content\/uploads\/2023\/03\/W11P.jpg\",\"contentUrl\":\"https:\/\/arturo.winandoffice.com\/roma\/wp-content\/uploads\/2023\/03\/W11P.jpg\"},{\"@type\":\"BreadcrumbList\",\"@id\":\"https:\/\/arturo.winandoffice.com\/roma\/product\/microsoft-windows-11-professional\/#breadcrumb\",\"itemListElement\":[{\"@type\":\"ListItem\",\"position\":1,\"name\":\"Home\",\"item\":\"https:\/\/arturo.winandoffice.com\/roma\/\"},{\"@type\":\"ListItem\",\"position\":2,\"name\":\"Shop\",\"item\":\"https:\/\/arturo.winandoffice.com\/roma\/shop\/\"},{\"@type\":\"ListItem\",\"position\":3,\"name\":\"Microsoft Windows 11 Professional licenza per 3 dispositivi\"}]},{\"@type\":\"WebSite\",\"@id\":\"https:\/\/arturo.winandoffice.com\/roma\/#website\",\"url\":\"https:\/\/arturo.winandoffice.com\/roma\/\",\"name\":\"Roma\",\"description\":\"Acquista il tuo ufficio\",\"publisher\":{\"@id\":\"https:\/\/arturo.winandoffice.com\/roma\/#\/schema\/person\/8e3a1b04521cf33c29c497607542c9a2\"},\"potentialAction\":[{\"@type\":\"SearchAction\",\"target\":{\"@type\":\"EntryPoint\",\"urlTemplate\":\"https:\/\/arturo.winandoffice.com\/roma\/?s={search_term_string}\"},\"query-input\":{\"@type\":\"PropertyValueSpecification\",\"valueRequired\":true,\"valueName\":\"search_term_string\"}}],\"inLanguage\":\"it-IT\"},{\"@type\":[\"Person\",\"Organization\"],\"@id\":\"https:\/\/arturo.winandoffice.com\/roma\/#\/schema\/person\/8e3a1b04521cf33c29c497607542c9a2\",\"name\":\"supervision\",\"image\":{\"@type\":\"ImageObject\",\"inLanguage\":\"it-IT\",\"@id\":\"https:\/\/arturo.winandoffice.com\/roma\/#\/schema\/person\/image\/\",\"url\":\"https:\/\/secure.gravatar.com\/avatar\/eaaf033e92f8075258dc0ddd2a847958bda3e3bce9195b04fb85009b34ecfbcd?s=96&d=mm&r=g\",\"contentUrl\":\"https:\/\/secure.gravatar.com\/avatar\/eaaf033e92f8075258dc0ddd2a847958bda3e3bce9195b04fb85009b34ecfbcd?s=96&d=mm&r=g\",\"caption\":\"supervision\"},\"logo\":{\"@id\":\"https:\/\/arturo.winandoffice.com\/roma\/#\/schema\/person\/image\/\"},\"sameAs\":[\"https:\/\/kaijapaneseroots.com\/\"]}]}<\/script>\n<!-- \/ Yoast SEO plugin. -->","yoast_head_json":{"title":"Microsoft Windows 11 Professional license for 3 PCs","description":"With this license the software can be activated on 3 different devices, e.g. home PC, notebook and work PC. Lifetime Replacement Warranty!!!","robots":{"index":"index","follow":"follow","max-snippet":"max-snippet:-1","max-image-preview":"max-image-preview:large","max-video-preview":"max-video-preview:-1"},"canonical":"https:\/\/arturo.winandoffice.com\/roma\/product\/microsoft-windows-11-professional\/","og_locale":"it_IT","og_type":"article","og_title":"Microsoft Windows 11 Professional license for 3 PCs","og_description":"With this license the software can be activated on 3 different devices, e.g. home PC, notebook and work PC. Lifetime Replacement Warranty!!!","og_url":"https:\/\/arturo.winandoffice.com\/roma\/product\/microsoft-windows-11-professional\/","og_site_name":"Roma","article_modified_time":"2025-09-11T01:28:02+00:00","twitter_card":"summary_large_image","twitter_misc":{"Tempo di lettura stimato":"4 minuti"},"schema":{"@context":"https:\/\/schema.org","@graph":[{"@type":"WebPage","@id":"https:\/\/arturo.winandoffice.com\/roma\/product\/microsoft-windows-11-professional\/","url":"https:\/\/arturo.winandoffice.com\/roma\/product\/microsoft-windows-11-professional\/","name":"Microsoft Windows 11 Professional license for 3 PCs","isPartOf":{"@id":"https:\/\/arturo.winandoffice.com\/roma\/#website"},"primaryImageOfPage":{"@id":"https:\/\/arturo.winandoffice.com\/roma\/product\/microsoft-windows-11-professional\/#primaryimage"},"image":{"@id":"https:\/\/arturo.winandoffice.com\/roma\/product\/microsoft-windows-11-professional\/#primaryimage"},"thumbnailUrl":"https:\/\/arturo.winandoffice.com\/roma\/wp-content\/uploads\/2023\/03\/W11P.jpg","datePublished":"2022-10-20T21:47:49+00:00","dateModified":"2025-09-11T01:28:02+00:00","description":"With this license the software can be activated on 3 different devices, e.g. home PC, notebook and work PC. Lifetime Replacement Warranty!!!","breadcrumb":{"@id":"https:\/\/arturo.winandoffice.com\/roma\/product\/microsoft-windows-11-professional\/#breadcrumb"},"inLanguage":"it-IT","potentialAction":[{"@type":"ReadAction","target":["https:\/\/arturo.winandoffice.com\/roma\/product\/microsoft-windows-11-professional\/"]}]},{"@type":"ImageObject","inLanguage":"it-IT","@id":"https:\/\/arturo.winandoffice.com\/roma\/product\/microsoft-windows-11-professional\/#primaryimage","url":"https:\/\/arturo.winandoffice.com\/roma\/wp-content\/uploads\/2023\/03\/W11P.jpg","contentUrl":"https:\/\/arturo.winandoffice.com\/roma\/wp-content\/uploads\/2023\/03\/W11P.jpg"},{"@type":"BreadcrumbList","@id":"https:\/\/arturo.winandoffice.com\/roma\/product\/microsoft-windows-11-professional\/#breadcrumb","itemListElement":[{"@type":"ListItem","position":1,"name":"Home","item":"https:\/\/arturo.winandoffice.com\/roma\/"},{"@type":"ListItem","position":2,"name":"Shop","item":"https:\/\/arturo.winandoffice.com\/roma\/shop\/"},{"@type":"ListItem","position":3,"name":"Microsoft Windows 11 Professional licenza per 3 dispositivi"}]},{"@type":"WebSite","@id":"https:\/\/arturo.winandoffice.com\/roma\/#website","url":"https:\/\/arturo.winandoffice.com\/roma\/","name":"Roma","description":"Acquista il tuo ufficio","publisher":{"@id":"https:\/\/arturo.winandoffice.com\/roma\/#\/schema\/person\/8e3a1b04521cf33c29c497607542c9a2"},"potentialAction":[{"@type":"SearchAction","target":{"@type":"EntryPoint","urlTemplate":"https:\/\/arturo.winandoffice.com\/roma\/?s={search_term_string}"},"query-input":{"@type":"PropertyValueSpecification","valueRequired":true,"valueName":"search_term_string"}}],"inLanguage":"it-IT"},{"@type":["Person","Organization"],"@id":"https:\/\/arturo.winandoffice.com\/roma\/#\/schema\/person\/8e3a1b04521cf33c29c497607542c9a2","name":"supervision","image":{"@type":"ImageObject","inLanguage":"it-IT","@id":"https:\/\/arturo.winandoffice.com\/roma\/#\/schema\/person\/image\/","url":"https:\/\/secure.gravatar.com\/avatar\/eaaf033e92f8075258dc0ddd2a847958bda3e3bce9195b04fb85009b34ecfbcd?s=96&d=mm&r=g","contentUrl":"https:\/\/secure.gravatar.com\/avatar\/eaaf033e92f8075258dc0ddd2a847958bda3e3bce9195b04fb85009b34ecfbcd?s=96&d=mm&r=g","caption":"supervision"},"logo":{"@id":"https:\/\/arturo.winandoffice.com\/roma\/#\/schema\/person\/image\/"},"sameAs":["https:\/\/kaijapaneseroots.com\/"]}]}},"acf":[],"_links":{"self":[{"href":"https:\/\/arturo.winandoffice.com\/roma\/wp-json\/wp\/v2\/product\/1956","targetHints":{"allow":["GET"]}}],"collection":[{"href":"https:\/\/arturo.winandoffice.com\/roma\/wp-json\/wp\/v2\/product"}],"about":[{"href":"https:\/\/arturo.winandoffice.com\/roma\/wp-json\/wp\/v2\/types\/product"}],"replies":[{"embeddable":true,"href":"https:\/\/arturo.winandoffice.com\/roma\/wp-json\/wp\/v2\/comments?post=1956"}],"wp:featuredmedia":[{"embeddable":true,"href":"https:\/\/arturo.winandoffice.com\/roma\/wp-json\/"}],"wp:attachment":[{"href":"https:\/\/arturo.winandoffice.com\/roma\/wp-json\/wp\/v2\/media?parent=1956"}],"wp:term":[{"taxonomy":"product_brand","embeddable":true,"href":"https:\/\/arturo.winandoffice.com\/roma\/wp-json\/wp\/v2\/product_brand?post=1956"},{"taxonomy":"product_cat","embeddable":true,"href":"https:\/\/arturo.winandoffice.com\/roma\/wp-json\/wp\/v2\/product_cat?post=1956"},{"taxonomy":"product_tag","embeddable":true,"href":"https:\/\/arturo.winandoffice.com\/roma\/wp-json\/wp\/v2\/product_tag?post=1956"}],"curies":[{"name":"wp","href":"https:\/\/api.w.org\/{rel}","templated":true}]}}