{"id":1924,"date":"2022-10-20T21:47:33","date_gmt":"2022-10-20T21:47:33","guid":{"rendered":"https:\/\/arturo.winandoffice.com\/roma\/?post_type=product&#038;p=1924"},"modified":"2025-09-11T02:28:43","modified_gmt":"2025-09-11T01:28:43","slug":"windows-10-professional-visio-2019-professional-project-2019-professional-office-2019-professional-plus","status":"publish","type":"product","link":"https:\/\/arturo.winandoffice.com\/roma\/product\/windows-10-professional-visio-2019-professional-project-2019-professional-office-2019-professional-plus\/","title":{"rendered":"Microsoft Windows 10 Pro + Visio 2019 Pro + Project 2019 Pro + Office 2019 Pro Plus Premium licenza per 3 dispositivi"},"content":{"rendered":"<p><span style=\"font-size: 32px;\"><strong>Microsoft Windows 10 Professional licenza per 3 PC<br \/>\n(versione completa e illimitata da un Microsoft Gold Partner certificato)<\/strong><\/span><\/p>\n<p><strong>Con questa licenza il software pu\u00f2 essere attivato su 3 diversi dispositivi, ad es. PC di casa, notebook e PC di lavoro.<\/strong><\/p>\n<p><strong>Garanzia di rimborso a vita!!!<\/strong><\/p>\n<p>Con Windows 10 Professional avete un sistema operativo affidabile sul vostro dispositivo. Potrete beneficiare di un avvio pi\u00f9 rapido del sistema, di un menu di avvio familiare ma migliorato e di nuovi modi per completare rapidamente le operazioni. Avrete anche nuove funzionalit\u00e0, come un nuovissimo browser che vi aiuter\u00e0 a navigare sul web e il vostro assistente digitale personale Cortana vi seguir\u00e0 su tutti i vostri dispositivi Windows 10 e vi aiuter\u00e0 a fare le cose. Cortana impara a conoscervi meglio nel corso del tempo e pu\u00f2 aiutarvi ogni giorno di pi\u00f9. Windows 10 Professional vi supporta in modo ottimale in tutto ci\u00f2 che fate.<\/p>\n<p><span style=\"font-size: 32px;\"><strong>Microsoft Office 2019 Professional Plus license for 3 PCs (versione completa e illimitata da un Microsoft Gold Partner certificato)\u00a0<\/strong><\/span><\/p>\n<p><strong>Con questa licenza il software pu\u00f2 essere attivato su 3 diversi dispositivi, ad es. PC di casa, notebook e PC di lavoro.<\/strong><\/p>\n<p><strong>Garanzia di rimborso a vita!!!<\/strong><\/p>\n<p>Se scegliete Office 2019 Professional Plus oggi stesso, riceverete la pi\u00f9 recente e moderna soluzione per l&#8217;ufficio di Microsoft. Oltre alle applicazioni tradizionali, avrete automaticamente accesso alle app basate su browser e a Skype for Business. Grazie alla comunicazione semplificata, potrete lavorare in modo pi\u00f9 efficace con gli altri.<\/p>\n<p>Tutto ci\u00f2 di cui avete bisogno in un solo colpo d&#8217;occhio<\/p>\n<ul>\n<li><strong>Word<\/strong> 2019 &#8211; per la creazione e la modifica di testi e documenti.<\/li>\n<li><strong>Excel<\/strong> 2019 &#8211; per l&#8217;elaborazione di record di dati in forma tabellare.<\/li>\n<li><strong>PowerPoint<\/strong> 2019 &#8211; per la creazione di presentazioni interessanti.<\/li>\n<li><strong>Outlook<\/strong> 2019 &#8211; per la gestione di e-mail, contatti, orari e attivit\u00e0.<\/li>\n<li><strong>Publisher<\/strong> 2019 &#8211; per creare facilmente pubblicazioni dall&#8217;aspetto professionale.<\/li>\n<li><strong>Access<\/strong> 2019 &#8211; per la creazione di database con accesso a Internet.<\/li>\n<li><strong>Lync<\/strong> 2019 (Skype for Business) &#8211; per aumentare la produttivit\u00e0 grazie alla messaggistica istantanea e alla facilit\u00e0 di comunicazione e collaborazione con le videoconferenze in HD.<\/li>\n<li><strong>Applicazioni<\/strong> Web Word, Excel, PowerPoint.<\/li>\n<\/ul>\n<p>OneNote non fa pi\u00f9 parte del pacchetto Office, ma \u00e8 ora incluso nel sistema operativo Windows 10, necessario per utilizzare Office 2019. Le <strong>versioni precedenti di Windows non sono supportate.<\/strong><\/p>\n<p><span style=\"font-size: 32px;\"><strong>Microsoft Visio 2019 Professional license for 3 PCs (versione completa e illimitata da un Microsoft Gold Partner certificato)<\/strong><\/span><\/p>\n<p><strong>Con questa licenza il software pu\u00f2 essere attivato su 3 diversi dispositivi, ad es. PC di casa, notebook e PC di lavoro.<\/strong><\/p>\n<p><strong>Garanzia di rimborso a vita!!!<\/strong><\/p>\n<p>Visio 2019 \u00e8 una potente applicazione di diagrammi che consente di lavorare visivamente per creare tutti i tipi di diagrammi ed \u00e8 leader del settore con oltre 12 milioni di utenti. Visio 2019 semplifica la definizione dei processi aziendali, la documentazione delle best practice, la visualizzazione dello stato futuro delle iniziative di trasformazione e l&#8217;aggiornamento delle informazioni operative in azienda.<\/p>\n<p><span style=\"font-size: 32px;\"><strong>Microsoft Project 2019 Professional license for 3 PCs (versione completa e illimitata da un Microsoft Gold Partner certificato)<\/strong><\/span><\/p>\n<p><strong>Con questa licenza il software pu\u00f2 essere attivato su 3 diversi dispositivi, ad es. PC di casa, notebook e PC di lavoro.<\/strong><\/p>\n<p><strong>Garanzia di rimborso a vita!!!<\/strong><\/p>\n<p>Collaborate con altri per avviare e implementare progetti di successo in pochissimo tempo. Include tutte le funzionalit\u00e0 di Project Standard pi\u00f9 la collaborazione nella gestione delle risorse, la sincronizzazione delle attivit\u00e0 in SharePoint, l&#8217;invio di timesheet e altro ancora. Microsoft Project Professional 2019 offre funzioni flessibili che vi aiuteranno a pianificare i progetti, a tenere traccia dello stato e a collaborare con gli altri praticamente ovunque. L&#8217;applicazione offre comunicazione in tempo reale e messaggistica istantanea, attivata direttamente nel piano di progetto tramite Skype for Business, e consolida tutte le potenziali risorse del progetto in un&#8217;unica vista.<\/p>\n<div id=\"simple-translate\" class=\"simple-translate-system-theme\">\n<div>\n<div class=\"simple-translate-button isShow\" style=\"height: 22px; width: 22px; top: 1511px; left: 15px;\"><\/div>\n<div class=\"simple-translate-panel \" style=\"width: 300px; height: 200px; top: 0px; left: 0px; font-size: 13px;\">\n<div class=\"simple-translate-result-wrapper\" style=\"overflow: hidden;\">\n<div class=\"simple-translate-move\"><\/div>\n<div class=\"simple-translate-result-contents\">\n<p class=\"simple-translate-candidate\" dir=\"auto\">\n<\/div>\n<\/div>\n<\/div>\n<\/div>\n<\/div>\n","protected":false},"excerpt":{"rendered":"<ul>\n<li>Microsoft Windows 10 Professional licenza per 3 PCs<\/li>\n<li>Microsoft Visio 2019 Professional licenza per 3 PCs<\/li>\n<li>Microsoft Project 2019 Professional licenza per 3 PCs<\/li>\n<li>Microsoft Office 2019 Professional Plus Premium licenza per 3 PC<\/li>\n<li><strong>With this license the software can be activated on 3 different devices, e.g. home PC, notebook and work PC.<\/strong><\/li>\n<li>Version for 32 and 64 bit systems, full unlimited versions of software <strong>from certified Microsoft Gold Partner<\/strong><\/li>\n<li><strong>Lifetime Replacement Warranty!<\/strong><\/li>\n<li>Delivery by email: product key, instructions, download links, invoice<\/li>\n<li>Instant download!<\/li>\n<li>No time limit, no subscription<\/li>\n<li>Free support 24\/7 for issues with installation and activation<\/li>\n<li>No delivery on data storage (USB, CD, etc.)<\/li>\n<li>Activation online and by phone<\/li>\n<li>Languages: English, Spanish, Italian, German, French<\/li>\n<li><strong><span style=\"color: #008000;\"> This product is compatible with Microsoft Windows.<\/span><\/strong><\/li>\n<li><strong><span style=\"color: #ff0000;\">NOT compatible with Apple macOS\u2122, Apple Processors, Parallels for Mac, Android devices and Chromebooks.<\/span><\/strong><\/li>\n<\/ul>\n","protected":false},"featured_media":100000116591,"comment_status":"open","ping_status":"closed","template":"","meta":{"_acf_changed":false},"product_brand":[],"product_cat":[81,75,82,76],"product_tag":[136,135],"class_list":{"0":"post-1924","1":"product","2":"type-product","3":"status-publish","4":"has-post-thumbnail","6":"product_cat-combo","7":"product_cat-microsoft-office","8":"product_cat-microsoft-windows","9":"product_cat-office-2019","10":"product_tag-microsoft-windows-10-pro-visio-2019-pro-project-2019-pro-office-2019-pro-plus","11":"product_tag-microsoft-windows-10-pro-visio-2019-pro-project-2019-pro-office-2019-pro-plus-license-for-3-pcs","13":"first","14":"instock","15":"sale","16":"featured","17":"virtual","18":"taxable","19":"purchasable","20":"product-type-simple"},"yoast_head":"<!-- This site is optimized with the Yoast SEO plugin v26.7 - https:\/\/yoast.com\/wordpress\/plugins\/seo\/ -->\n<title>Microsoft Windows 10 Pro + Visio 2019 Pro + Project 2019 Pro + Office 2019 Pro Plus license for 3 PCs<\/title>\n<meta name=\"description\" content=\"With this license the software can be activated on 3 different devices, e.g. home PC, notebook and work PC. Lifetime Replacement Warranty!!!\" \/>\n<meta name=\"robots\" content=\"index, follow, max-snippet:-1, max-image-preview:large, max-video-preview:-1\" \/>\n<link rel=\"canonical\" href=\"https:\/\/arturo.winandoffice.com\/roma\/product\/windows-10-professional-visio-2019-professional-project-2019-professional-office-2019-professional-plus\/\" \/>\n<meta property=\"og:locale\" content=\"it_IT\" \/>\n<meta property=\"og:type\" content=\"article\" \/>\n<meta property=\"og:title\" content=\"Microsoft Windows 10 Pro + Visio 2019 Pro + Project 2019 Pro + Office 2019 Pro Plus license for 3 PCs\" \/>\n<meta property=\"og:description\" content=\"With this license the software can be activated on 3 different devices, e.g. home PC, notebook and work PC. Lifetime Replacement Warranty!!!\" \/>\n<meta property=\"og:url\" content=\"https:\/\/arturo.winandoffice.com\/roma\/product\/windows-10-professional-visio-2019-professional-project-2019-professional-office-2019-professional-plus\/\" \/>\n<meta property=\"og:site_name\" content=\"Roma\" \/>\n<meta property=\"article:modified_time\" content=\"2025-09-11T01:28:43+00:00\" \/>\n<meta name=\"twitter:card\" content=\"summary_large_image\" \/>\n<meta name=\"twitter:label1\" content=\"Tempo di lettura stimato\" \/>\n\t<meta name=\"twitter:data1\" content=\"4 minuti\" \/>\n<script type=\"application\/ld+json\" class=\"yoast-schema-graph\">{\"@context\":\"https:\/\/schema.org\",\"@graph\":[{\"@type\":\"WebPage\",\"@id\":\"https:\/\/arturo.winandoffice.com\/roma\/product\/windows-10-professional-visio-2019-professional-project-2019-professional-office-2019-professional-plus\/\",\"url\":\"https:\/\/arturo.winandoffice.com\/roma\/product\/windows-10-professional-visio-2019-professional-project-2019-professional-office-2019-professional-plus\/\",\"name\":\"Microsoft Windows 10 Pro + Visio 2019 Pro + Project 2019 Pro + Office 2019 Pro Plus license for 3 PCs\",\"isPartOf\":{\"@id\":\"https:\/\/arturo.winandoffice.com\/roma\/#website\"},\"primaryImageOfPage\":{\"@id\":\"https:\/\/arturo.winandoffice.com\/roma\/product\/windows-10-professional-visio-2019-professional-project-2019-professional-office-2019-professional-plus\/#primaryimage\"},\"image\":{\"@id\":\"https:\/\/arturo.winandoffice.com\/roma\/product\/windows-10-professional-visio-2019-professional-project-2019-professional-office-2019-professional-plus\/#primaryimage\"},\"thumbnailUrl\":\"https:\/\/arturo.winandoffice.com\/roma\/wp-content\/uploads\/2023\/03\/W10PO19PPP19PV19P.jpg\",\"datePublished\":\"2022-10-20T21:47:33+00:00\",\"dateModified\":\"2025-09-11T01:28:43+00:00\",\"description\":\"With this license the software can be activated on 3 different devices, e.g. home PC, notebook and work PC. Lifetime Replacement Warranty!!!\",\"breadcrumb\":{\"@id\":\"https:\/\/arturo.winandoffice.com\/roma\/product\/windows-10-professional-visio-2019-professional-project-2019-professional-office-2019-professional-plus\/#breadcrumb\"},\"inLanguage\":\"it-IT\",\"potentialAction\":[{\"@type\":\"ReadAction\",\"target\":[\"https:\/\/arturo.winandoffice.com\/roma\/product\/windows-10-professional-visio-2019-professional-project-2019-professional-office-2019-professional-plus\/\"]}]},{\"@type\":\"ImageObject\",\"inLanguage\":\"it-IT\",\"@id\":\"https:\/\/arturo.winandoffice.com\/roma\/product\/windows-10-professional-visio-2019-professional-project-2019-professional-office-2019-professional-plus\/#primaryimage\",\"url\":\"https:\/\/arturo.winandoffice.com\/roma\/wp-content\/uploads\/2023\/03\/W10PO19PPP19PV19P.jpg\",\"contentUrl\":\"https:\/\/arturo.winandoffice.com\/roma\/wp-content\/uploads\/2023\/03\/W10PO19PPP19PV19P.jpg\"},{\"@type\":\"BreadcrumbList\",\"@id\":\"https:\/\/arturo.winandoffice.com\/roma\/product\/windows-10-professional-visio-2019-professional-project-2019-professional-office-2019-professional-plus\/#breadcrumb\",\"itemListElement\":[{\"@type\":\"ListItem\",\"position\":1,\"name\":\"Home\",\"item\":\"https:\/\/arturo.winandoffice.com\/roma\/\"},{\"@type\":\"ListItem\",\"position\":2,\"name\":\"Shop\",\"item\":\"https:\/\/arturo.winandoffice.com\/roma\/shop\/\"},{\"@type\":\"ListItem\",\"position\":3,\"name\":\"Microsoft Windows 10 Pro + Visio 2019 Pro + Project 2019 Pro + Office 2019 Pro Plus Premium licenza per 3 dispositivi\"}]},{\"@type\":\"WebSite\",\"@id\":\"https:\/\/arturo.winandoffice.com\/roma\/#website\",\"url\":\"https:\/\/arturo.winandoffice.com\/roma\/\",\"name\":\"Roma\",\"description\":\"Acquista il tuo ufficio\",\"publisher\":{\"@id\":\"https:\/\/arturo.winandoffice.com\/roma\/#\/schema\/person\/8e3a1b04521cf33c29c497607542c9a2\"},\"potentialAction\":[{\"@type\":\"SearchAction\",\"target\":{\"@type\":\"EntryPoint\",\"urlTemplate\":\"https:\/\/arturo.winandoffice.com\/roma\/?s={search_term_string}\"},\"query-input\":{\"@type\":\"PropertyValueSpecification\",\"valueRequired\":true,\"valueName\":\"search_term_string\"}}],\"inLanguage\":\"it-IT\"},{\"@type\":[\"Person\",\"Organization\"],\"@id\":\"https:\/\/arturo.winandoffice.com\/roma\/#\/schema\/person\/8e3a1b04521cf33c29c497607542c9a2\",\"name\":\"supervision\",\"image\":{\"@type\":\"ImageObject\",\"inLanguage\":\"it-IT\",\"@id\":\"https:\/\/arturo.winandoffice.com\/roma\/#\/schema\/person\/image\/\",\"url\":\"https:\/\/secure.gravatar.com\/avatar\/eaaf033e92f8075258dc0ddd2a847958bda3e3bce9195b04fb85009b34ecfbcd?s=96&d=mm&r=g\",\"contentUrl\":\"https:\/\/secure.gravatar.com\/avatar\/eaaf033e92f8075258dc0ddd2a847958bda3e3bce9195b04fb85009b34ecfbcd?s=96&d=mm&r=g\",\"caption\":\"supervision\"},\"logo\":{\"@id\":\"https:\/\/arturo.winandoffice.com\/roma\/#\/schema\/person\/image\/\"},\"sameAs\":[\"https:\/\/kaijapaneseroots.com\/\"]}]}<\/script>\n<!-- \/ Yoast SEO plugin. -->","yoast_head_json":{"title":"Microsoft Windows 10 Pro + Visio 2019 Pro + Project 2019 Pro + Office 2019 Pro Plus license for 3 PCs","description":"With this license the software can be activated on 3 different devices, e.g. home PC, notebook and work PC. Lifetime Replacement Warranty!!!","robots":{"index":"index","follow":"follow","max-snippet":"max-snippet:-1","max-image-preview":"max-image-preview:large","max-video-preview":"max-video-preview:-1"},"canonical":"https:\/\/arturo.winandoffice.com\/roma\/product\/windows-10-professional-visio-2019-professional-project-2019-professional-office-2019-professional-plus\/","og_locale":"it_IT","og_type":"article","og_title":"Microsoft Windows 10 Pro + Visio 2019 Pro + Project 2019 Pro + Office 2019 Pro Plus license for 3 PCs","og_description":"With this license the software can be activated on 3 different devices, e.g. home PC, notebook and work PC. Lifetime Replacement Warranty!!!","og_url":"https:\/\/arturo.winandoffice.com\/roma\/product\/windows-10-professional-visio-2019-professional-project-2019-professional-office-2019-professional-plus\/","og_site_name":"Roma","article_modified_time":"2025-09-11T01:28:43+00:00","twitter_card":"summary_large_image","twitter_misc":{"Tempo di lettura stimato":"4 minuti"},"schema":{"@context":"https:\/\/schema.org","@graph":[{"@type":"WebPage","@id":"https:\/\/arturo.winandoffice.com\/roma\/product\/windows-10-professional-visio-2019-professional-project-2019-professional-office-2019-professional-plus\/","url":"https:\/\/arturo.winandoffice.com\/roma\/product\/windows-10-professional-visio-2019-professional-project-2019-professional-office-2019-professional-plus\/","name":"Microsoft Windows 10 Pro + Visio 2019 Pro + Project 2019 Pro + Office 2019 Pro Plus license for 3 PCs","isPartOf":{"@id":"https:\/\/arturo.winandoffice.com\/roma\/#website"},"primaryImageOfPage":{"@id":"https:\/\/arturo.winandoffice.com\/roma\/product\/windows-10-professional-visio-2019-professional-project-2019-professional-office-2019-professional-plus\/#primaryimage"},"image":{"@id":"https:\/\/arturo.winandoffice.com\/roma\/product\/windows-10-professional-visio-2019-professional-project-2019-professional-office-2019-professional-plus\/#primaryimage"},"thumbnailUrl":"https:\/\/arturo.winandoffice.com\/roma\/wp-content\/uploads\/2023\/03\/W10PO19PPP19PV19P.jpg","datePublished":"2022-10-20T21:47:33+00:00","dateModified":"2025-09-11T01:28:43+00:00","description":"With this license the software can be activated on 3 different devices, e.g. home PC, notebook and work PC. Lifetime Replacement Warranty!!!","breadcrumb":{"@id":"https:\/\/arturo.winandoffice.com\/roma\/product\/windows-10-professional-visio-2019-professional-project-2019-professional-office-2019-professional-plus\/#breadcrumb"},"inLanguage":"it-IT","potentialAction":[{"@type":"ReadAction","target":["https:\/\/arturo.winandoffice.com\/roma\/product\/windows-10-professional-visio-2019-professional-project-2019-professional-office-2019-professional-plus\/"]}]},{"@type":"ImageObject","inLanguage":"it-IT","@id":"https:\/\/arturo.winandoffice.com\/roma\/product\/windows-10-professional-visio-2019-professional-project-2019-professional-office-2019-professional-plus\/#primaryimage","url":"https:\/\/arturo.winandoffice.com\/roma\/wp-content\/uploads\/2023\/03\/W10PO19PPP19PV19P.jpg","contentUrl":"https:\/\/arturo.winandoffice.com\/roma\/wp-content\/uploads\/2023\/03\/W10PO19PPP19PV19P.jpg"},{"@type":"BreadcrumbList","@id":"https:\/\/arturo.winandoffice.com\/roma\/product\/windows-10-professional-visio-2019-professional-project-2019-professional-office-2019-professional-plus\/#breadcrumb","itemListElement":[{"@type":"ListItem","position":1,"name":"Home","item":"https:\/\/arturo.winandoffice.com\/roma\/"},{"@type":"ListItem","position":2,"name":"Shop","item":"https:\/\/arturo.winandoffice.com\/roma\/shop\/"},{"@type":"ListItem","position":3,"name":"Microsoft Windows 10 Pro + Visio 2019 Pro + Project 2019 Pro + Office 2019 Pro Plus Premium licenza per 3 dispositivi"}]},{"@type":"WebSite","@id":"https:\/\/arturo.winandoffice.com\/roma\/#website","url":"https:\/\/arturo.winandoffice.com\/roma\/","name":"Roma","description":"Acquista il tuo ufficio","publisher":{"@id":"https:\/\/arturo.winandoffice.com\/roma\/#\/schema\/person\/8e3a1b04521cf33c29c497607542c9a2"},"potentialAction":[{"@type":"SearchAction","target":{"@type":"EntryPoint","urlTemplate":"https:\/\/arturo.winandoffice.com\/roma\/?s={search_term_string}"},"query-input":{"@type":"PropertyValueSpecification","valueRequired":true,"valueName":"search_term_string"}}],"inLanguage":"it-IT"},{"@type":["Person","Organization"],"@id":"https:\/\/arturo.winandoffice.com\/roma\/#\/schema\/person\/8e3a1b04521cf33c29c497607542c9a2","name":"supervision","image":{"@type":"ImageObject","inLanguage":"it-IT","@id":"https:\/\/arturo.winandoffice.com\/roma\/#\/schema\/person\/image\/","url":"https:\/\/secure.gravatar.com\/avatar\/eaaf033e92f8075258dc0ddd2a847958bda3e3bce9195b04fb85009b34ecfbcd?s=96&d=mm&r=g","contentUrl":"https:\/\/secure.gravatar.com\/avatar\/eaaf033e92f8075258dc0ddd2a847958bda3e3bce9195b04fb85009b34ecfbcd?s=96&d=mm&r=g","caption":"supervision"},"logo":{"@id":"https:\/\/arturo.winandoffice.com\/roma\/#\/schema\/person\/image\/"},"sameAs":["https:\/\/kaijapaneseroots.com\/"]}]}},"acf":[],"_links":{"self":[{"href":"https:\/\/arturo.winandoffice.com\/roma\/wp-json\/wp\/v2\/product\/1924","targetHints":{"allow":["GET"]}}],"collection":[{"href":"https:\/\/arturo.winandoffice.com\/roma\/wp-json\/wp\/v2\/product"}],"about":[{"href":"https:\/\/arturo.winandoffice.com\/roma\/wp-json\/wp\/v2\/types\/product"}],"replies":[{"embeddable":true,"href":"https:\/\/arturo.winandoffice.com\/roma\/wp-json\/wp\/v2\/comments?post=1924"}],"wp:featuredmedia":[{"embeddable":true,"href":"https:\/\/arturo.winandoffice.com\/roma\/wp-json\/"}],"wp:attachment":[{"href":"https:\/\/arturo.winandoffice.com\/roma\/wp-json\/wp\/v2\/media?parent=1924"}],"wp:term":[{"taxonomy":"product_brand","embeddable":true,"href":"https:\/\/arturo.winandoffice.com\/roma\/wp-json\/wp\/v2\/product_brand?post=1924"},{"taxonomy":"product_cat","embeddable":true,"href":"https:\/\/arturo.winandoffice.com\/roma\/wp-json\/wp\/v2\/product_cat?post=1924"},{"taxonomy":"product_tag","embeddable":true,"href":"https:\/\/arturo.winandoffice.com\/roma\/wp-json\/wp\/v2\/product_tag?post=1924"}],"curies":[{"name":"wp","href":"https:\/\/api.w.org\/{rel}","templated":true}]}}