{"id":2096,"date":"2020-12-16T16:19:20","date_gmt":"2020-12-16T16:19:20","guid":{"rendered":"https:\/\/shop.winandoffice.com\/?page_id=1163"},"modified":"2025-10-09T02:02:55","modified_gmt":"2025-10-09T01:02:55","slug":"terms-and-conditions","status":"publish","type":"page","link":"https:\/\/arturo.winandoffice.com\/roma\/terms-and-conditions\/","title":{"rendered":"Termini e condizioni"},"content":{"rendered":"<div class=\"wpb-content-wrapper\"><p>[vc_row][vc_column][vc_column_text css=&#8221;&#8221;]<\/p>\n<article id=\"page-1163\" class=\"post-1163 page type-page status-publish hentry\">\n<div class=\"entry-content\">\n<p><strong>1. Disposizioni di base<\/strong><\/p>\n<p>1.1. Le transazioni con <strong>Gamecardshop<\/strong> (di seguito &#8220;venditore&#8221;) avvengono esclusivamente sulla base dei presenti termini e condizioni (di seguito &#8220;CG&#8221;). Pertanto, esse si applicano anche a tutti i futuri rapporti commerciali, anche se non vengono nuovamente concordate espressamente. I riferimenti dell&#8217;acquirente (di seguito &#8220;cliente&#8221;) ai propri termini e condizioni sono contraddetti.<\/p>\n<p>1.2. Le presenti CGV si applicano sia ai consumatori (\u00a7 13 BGB) che agli imprenditori (\u00a7 14 BGB). Se i seguenti termini e condizioni non contengono una nota separata, tutte le condizioni si applicano ugualmente ai contratti con imprenditori e consumatori.<\/p>\n<p>1.3. Le aggiunte o le modifiche delle condizioni richiedono la conferma scritta dell&#8217;azienda di trasporto. L&#8217;originale dell&#8217;ordine di acquisto \u00e8 determinante per il contenuto del contratto.<\/p>\n<p>1.4. Possiamo apportare modifiche al design e alla forma della Merce, a condizione che tali modifiche non siano di natura fondamentale e che lo scopo contrattuale non venga materialmente limitato.<\/p>\n<p>1.5 Con l&#8217;invio dell&#8217;ordine ai sensi del punto 2.2, il cliente accetta le presenti CGV.<\/p>\n<p><strong>2. Conclusione del contratto<\/strong><\/p>\n<p>2.1. L&#8217;oggetto del contratto \u00e8 la vendita di prodotti scaricabili (contenuti digitali non consegnati su un supporto fisico, come chiavi di prodotto disponibili in formato digitale, codici di accesso o altre informazioni disponibili in formato digitale), comprese le relative licenze. Inserendo il rispettivo prodotto scaricabile sul nostro sito web, facciamo al cliente un&#8217;offerta vincolante per la stipula di un contratto alle condizioni specificate nella descrizione dell&#8217;articolo.<\/p>\n<p>2.2. Nel caso di un contratto per la consegna di beni digitali, nel caso di un contratto per la consegna di software (di seguito: &#8220;acquisto di software&#8221;), il venditore deve il trasferimento permanente del software specificato nel certificato di licenza nel codice oggetto. Il venditore \u00e8 tenuto a segnalare la possibilit\u00e0 di scaricare il software e a fornire una versione stampata o scaricabile della relativa documentazione d&#8217;uso. Prima del pagamento completo del prezzo di acquisto ai sensi del paragrafo 8, la documentazione per l&#8217;utente fornita \u00e8 soggetta alla riserva di propriet\u00e0 del venditore. Per la natura del software \u00e8 determinante la descrizione del prodotto nel rispettivo negozio online o marketplace del venditore. Il venditore deve inoltre concedere i diritti di cui al punto 4.8.<\/p>\n<p>2.3. Il contratto viene stipulato tramite il sistema di carrello online: il cliente inserisce i prodotti selezionati nel carrello virtuale ed esegue il processo di ordinazione elettronica. Facendo clic sul pulsante per completare il processo di ordinazione, il cliente conclude un&#8217;offerta contrattuale giuridicamente vincolante relativa ai prodotti contenuti nel carrello. Il cliente pu\u00f2 anche inviare l&#8217;offerta al venditore via e-mail.<\/p>\n<p>2.4. Il venditore pu\u00f2 accettare l&#8217;offerta del cliente entro cinque giorni chiedendo al cliente di pagare dopo aver effettuato l&#8217;ordine. Ci\u00f2 include anche la selezione di un metodo di pagamento nel processo di ordinazione, attraverso il quale il pagamento viene effettuato prima della spedizione dei prodotti ordinati. Il periodo di accettazione dell&#8217;offerta inizia il giorno successivo all&#8217;invio dell&#8217;offerta da parte del cliente e termina alla fine del quinto giorno successivo all&#8217;invio dell&#8217;offerta. Se il venditore non accetta l&#8217;offerta del cliente entro il suddetto periodo, ci\u00f2 sar\u00e0 considerato un rifiuto dell&#8217;offerta con la conseguenza che il cliente non sar\u00e0 pi\u00f9 vincolato dalla sua dichiarazione di intenti.<\/p>\n<p>2.5. L&#8217;elaborazione dell&#8217;ordine e la trasmissione di tutte le informazioni necessarie per la conclusione del contratto avvengono tramite e-mail, cos\u00ec come la consegna dei prodotti scaricabili. Pertanto, il cliente deve assicurarsi che l&#8217;indirizzo e-mail fornitoci sia corretto e che i filtri SPAM non impediscano la ricezione delle e-mail.<\/p>\n<p><strong>3. Diritto di recesso<\/strong><\/p>\n<p>3.1. I consumatori hanno generalmente diritto a un diritto di recesso.<\/p>\n<p>3.2. Potete trovare maggiori informazioni sul diritto di recesso nella politica di cancellazione del venditore.<\/p>\n<p>3.3. Il cliente ha il diritto di revocare il presente contratto entro 14 giorni dalla data di conclusione del contratto, senza fornire alcuna motivazione, ma non prima di aver ricevuto la merce e la politica di cancellazione in forma testuale via e-mail.<\/p>\n<p><strong>4. Garanzia<\/strong><\/p>\n<p data-start=\"140\" data-end=\"207\">4.1. Si applicano i diritti di garanzia previsti dalla legge.<\/p>\n<p data-start=\"209\" data-end=\"508\">4.2. Si invita il cliente a verificare immediatamente, dopo la consegna, l\u2019integrit\u00e0 e l\u2019eventuale presenza di difetti evidenti dell\u2019articolo, e a comunicarci eventuali reclami il prima possibile. Se il cliente non adempie a tale obbligo, ci\u00f2 non influisce sui suoi diritti legali di garanzia.<\/p>\n<p data-start=\"510\" data-end=\"744\">4.3. Per quanto riguarda la qualit\u00e0 dell\u2019articolo, si considerano vincolanti solo le nostre informazioni e la descrizione del prodotto del produttore, ma non altre pubblicit\u00e0, promozioni pubbliche o dichiarazioni del produttore.<\/p>\n<p data-start=\"746\" data-end=\"855\">4.4. Il periodo di garanzia \u00e8 di un anno dalla consegna della merce. Il termine ridotto non si applica:<\/p>\n<ul data-start=\"856\" data-end=\"1279\">\n<li data-start=\"856\" data-end=\"1030\">\n<p data-start=\"858\" data-end=\"1030\">ai danni causati da noi in modo colpevole che comportano lesioni alla vita, al corpo o alla salute, nonch\u00e9 ad altri danni causati intenzionalmente o per negligenza grave;<\/p>\n<\/li>\n<li data-start=\"1031\" data-end=\"1159\">\n<p data-start=\"1033\" data-end=\"1159\">nella misura in cui abbiamo occultato fraudolentemente il difetto o abbiamo assunto una garanzia per lo stato dell\u2019articolo;<\/p>\n<\/li>\n<li data-start=\"1160\" data-end=\"1279\">\n<p data-start=\"1162\" data-end=\"1279\">in caso di diritti legali di rivalsa che il cliente abbia nei nostri confronti in relazione ai diritti di garanzia.<\/p>\n<\/li>\n<\/ul>\n<p data-start=\"1281\" data-end=\"1642\">4.5. Se il cliente rifiuta la consegna del venditore per un motivo diverso da un difetto significativo che limita gravemente l\u2019uso o lo rende impossibile, anche se il venditore ha dichiarato la propria disponibilit\u00e0 all\u2019adempimento, il cliente \u00e8 in mora nell\u2019accettazione. L\u2019accettazione della consegna non pu\u00f2 essere rifiutata per difetti insignificanti.<\/p>\n<p data-start=\"1644\" data-end=\"2295\">4.6. La garanzia non copre i difetti dovuti a uso improprio, modifiche dei componenti del sistema contrarie alle basi contrattuali, uso di mezzi organizzativi inadeguati, utilizzo in un ambiente hardware o software che non soddisfa i requisiti indicati nel certificato di licenza, condizioni operative insolite o interventi nel sistema da parte del cliente o di terzi.<br data-start=\"2016\" data-end=\"2019\" \/>Se i beni vengono utilizzati insieme a dispositivi di terzi, la garanzia per difetti funzionali e di prestazioni esiste solo se tali difetti si verificano anche senza tale connessione o se la compatibilit\u00e0 con tali elementi \u00e8 parte della qualit\u00e0 concordata contrattualmente.<\/p>\n<p data-start=\"2297\" data-end=\"2887\">4.7. Se una consegna \u00e8 difettosa, il venditore pu\u00f2 scegliere se eliminare il difetto (riparazione) o fornire un articolo privo di difetti (sostituzione). In quest\u2019ultimo caso, il cliente \u00e8 obbligato, su richiesta del venditore e secondo le disposizioni di legge, a restituire la merce difettosa.<br data-start=\"2596\" data-end=\"2599\" \/>Se il cliente \u00e8 un consumatore, si applica quanto sopra con la precisazione che l\u2019uso non deve essere restituito n\u00e9 compensato per il suo valore.<br data-start=\"2744\" data-end=\"2747\" \/>Il cliente deve concedere al venditore il tempo e l\u2019opportunit\u00e0 necessari per l\u2019adempimento successivo, in particolare per la riparazione.<\/p>\n<p data-start=\"2889\" data-end=\"3847\">4.8. Concessione di diritti nei contratti di fornitura di software<br data-start=\"2959\" data-end=\"2962\" \/>Dopo il pagamento completo del prezzo di acquisto, al cliente viene concesso un diritto d\u2019uso non esclusivo e illimitato nel tempo del software, nella misura stabilita nel contratto.<br data-start=\"3144\" data-end=\"3147\" \/>Il venditore pu\u00f2, a sua discrezione, autorizzare provvisoriamente l\u2019uso del software prima di ricevere il pagamento completo.<br data-start=\"3272\" data-end=\"3275\" \/>Il software pu\u00f2 essere utilizzato contemporaneamente solo da un numero massimo di persone fisiche corrispondente al numero di licenze acquistate dal cliente.<br data-start=\"3432\" data-end=\"3435\" \/>L\u2019uso consentito comprende l\u2019installazione del software, il caricamento nella memoria principale e l\u2019uso conforme alla sua finalit\u00e0 prevista.<br data-start=\"3576\" data-end=\"3579\" \/>In nessun caso il cliente ha il diritto di noleggiare, concedere in sublicenza, riprodurre pubblicamente, rendere disponibile via cavo o senza fili, o mettere a disposizione il software a terzi, sia a pagamento che gratuitamente. La clausola 4.9(c) rimane invariata.<\/p>\n<p data-start=\"3849\" data-end=\"4637\">4.9. Ulteriori diritti d\u2019uso<br data-start=\"3881\" data-end=\"3884\" \/>a) Il cliente ha il diritto di creare una copia di backup del software, se necessario, per garantirne l\u2019uso futuro.<br data-start=\"3999\" data-end=\"4002\" \/>b) Il cliente pu\u00f2 trasferire in modo permanente la copia acquistata del software, inclusa la documentazione correlata, a un terzo. In tal caso, il cliente deve cessare completamente l\u2019uso del software, eliminare tutte le copie installate dai propri sistemi ed eliminare o consegnare al venditore eventuali copie conservate su altri supporti di dati, a meno che la conservazione non sia legalmente richiesta.<br data-start=\"4409\" data-end=\"4412\" \/>c) Il cliente deve garantire che il terzo accetti espressamente di rispettare l\u2019ambito dei diritti concessi conformemente alla presente Sezione 4.9. \u00c8 severamente vietata la suddivisione dei pacchetti di licenze acquistati.<\/p>\n<p><strong>5. Prezzi e condizioni di pagamento<\/strong><\/p>\n<p>5.1. Se non diversamente indicato nella descrizione del prodotto del venditore, i prezzi indicati sono prezzi totali comprensivi dell&#8217;imposta di legge sulle vendite. Eventuali costi aggiuntivi di consegna e spedizione sono specificati separatamente nella descrizione del rispettivo prodotto.<\/p>\n<p>5.2. Per le spedizioni in Paesi al di fuori dell&#8217;Unione Europea, in singoli casi possono sorgere costi aggiuntivi per i quali il venditore non \u00e8 responsabile e che sono a carico del cliente. Questi includono, ad esempio, i costi dei trasferimenti di denaro da parte delle banche (ad esempio, commissioni di trasferimento, commissioni di cambio) o i dazi o le tasse di importazione (ad esempio, dazi doganali). Tali costi possono essere sostenuti anche in relazione al trasferimento di denaro se la consegna non viene effettuata in un paese al di fuori dell&#8217;Unione Europea, ma il cliente effettua il pagamento da un paese al di fuori dell&#8217;Unione Europea.<\/p>\n<p>5.3. Le opzioni di pagamento saranno comunicate al cliente nel negozio online del venditore o nel rispettivo marketplace.<\/p>\n<p>5.4. Se \u00e8 stato concordato il pagamento anticipato tramite bonifico bancario, il pagamento \u00e8 dovuto immediatamente dopo la conclusione del contratto, a meno che le parti non abbiano concordato una data di scadenza successiva.<\/p>\n<p>5.5. Quando si paga utilizzando un metodo di pagamento offerto dal fornitore di servizi di pagamento PayPal (Europe) S.\u00e0 rl et Cie, SCA, 22-24 Boulevard Royal, L-2449 Lussemburgo (di seguito: &#8220;PayPal&#8221;), il pagamento viene elaborato tramite PayPal, soggetto alle Condizioni d&#8217;uso di PayPal, disponibili all&#8217;indirizzo https:\/\/www.paypal.com\/de\/webapps\/mpp\/ua\/useragreement-full o, se il cliente non dispone di un conto PayPal , alle condizioni per i pagamenti senza conto PayPal, disponibili all&#8217;indirizzo https:\/\/www.paypal.com\/de\/webapps\/mpp\/ua\/privacywax-full.<\/p>\n<p>5.6. Se il cliente \u00e8 in mora, siamo autorizzati ad addebitare gli interessi al tasso che le banche commerciali applicano per gli scoperti di conto corrente, ma almeno il 4% in pi\u00f9 rispetto al tasso di sconto della Bundesbank, pi\u00f9 l&#8217;imposta sul valore aggiunto applicabile per legge. Gli interessi sono dovuti immediatamente.<\/p>\n<p><strong>6. Condizioni di consegna e spedizione<\/strong><\/p>\n<p>6.1. Il contenuto digitale viene messo a disposizione del cliente in forma elettronica come download, fornendo un link per il download. Le chiavi del prodotto vengono inviate al cliente tramite e-mail.<\/p>\n<p><strong>7. Mantenimento del titolo<\/strong><br \/>\n7.1. Ci riserviamo la propriet\u00e0 della merce fino al completo pagamento di tutti i crediti che ci spettano in virt\u00f9 dei rapporti commerciali con il cliente.<\/p>\n<p>7.2. L&#8217;affermazione della riserva di propriet\u00e0 non costituisce un recesso dal contratto. Tuttavia, siamo autorizzati a disporre in altro modo della merce per la quale \u00e8 stata rivendicata la riserva di propriet\u00e0 dopo un periodo di tempo ragionevole e a consegnare al cliente la stessa merce o una merce equivalente dopo il pagamento completo del prezzo di acquisto.<\/p>\n<p><strong>8. Disposizioni finali<\/strong><\/p>\n<p>8.1. Il partner contrattuale \u00e8 autorizzato a cedere a terzi i diritti e le pretese derivanti dal rapporto contrattuale solo previo consenso scritto del venditore. Il \u00a7 354a HGB non \u00e8 interessato; il \u00a7 354a HGB non si applica ai consumatori.<\/p>\n<p>8.2. Con l&#8217;inizio del rapporto commerciale, i dati del cliente, che possono anche essere dati personali, saranno memorizzati e, nella misura necessaria per l&#8217;esecuzione dell&#8217;ordine, elaborati e trasmessi.<\/p>\n<p>8.3. Si applica esclusivamente il diritto tedesco, ad esclusione del diritto di vendita delle Nazioni Unite e dei riferimenti al diritto internazionale procedurale e privato. Per i consumatori, questa scelta di legge si applica solo nella misura in cui le disposizioni non obbligatorie della legge dello Stato in cui il consumatore ha la sua residenza abituale forniscono una protezione pi\u00f9 ampia.<\/p>\n<p>8.4. Il foro competente esclusivo per tutte le controversie derivanti e connesse ai contratti a cui si applicano le presenti CGV \u00e8 la sede legale del venditore; tuttavia, il venditore ha il diritto di citare in giudizio il cliente in qualsiasi foro legalmente consentito. Questo regolamento non si applica ai consumatori<\/p>\n<\/div>\n<\/article>\n<div id=\"simple-translate\" class=\"simple-translate-system-theme\">\n<div>\n<div class=\"simple-translate-button isShow\" style=\"height: 22px; width: 22px; top: 4074px; left: 3px;\"><\/div>\n<div class=\"simple-translate-panel \" style=\"width: 300px; height: 200px; top: 0px; left: 0px; font-size: 13px;\">\n<div class=\"simple-translate-result-wrapper\" style=\"overflow: hidden;\">\n<div class=\"simple-translate-move\"><\/div>\n<div class=\"simple-translate-result-contents\">\n<p class=\"simple-translate-candidate\" dir=\"auto\">\n<\/div>\n<\/div>\n<\/div>\n<\/div>\n<\/div>\n<p>[\/vc_column_text][\/vc_column][\/vc_row]<\/p>\n<\/div>","protected":false},"excerpt":{"rendered":"<p>[vc_row][vc_column][vc_column_text css=&#8221;&#8221;] 1. Disposizioni di base 1.1. Le transazioni con Gamecardshop (di seguito &#8220;venditore&#8221;) avvengono esclusivamente sulla base dei presenti termini e condizioni (di seguito &#8220;CG&#8221;). Pertanto, esse si applicano anche a tutti i futuri rapporti commerciali, anche se non vengono nuovamente concordate espressamente. I riferimenti dell&#8217;acquirente (di seguito &#8220;cliente&#8221;) ai propri termini e condizioni [&hellip;]<\/p>\n","protected":false},"author":1,"featured_media":0,"parent":0,"menu_order":0,"comment_status":"closed","ping_status":"closed","template":"","meta":{"_acf_changed":false,"footnotes":""},"class_list":["post-2096","page","type-page","status-publish","hentry"],"yoast_head":"<!-- This site is optimized with the Yoast SEO plugin v26.7 - https:\/\/yoast.com\/wordpress\/plugins\/seo\/ -->\n<title>Termini e condizioni - Roma<\/title>\n<meta name=\"robots\" content=\"index, follow, max-snippet:-1, max-image-preview:large, max-video-preview:-1\" \/>\n<link rel=\"canonical\" href=\"https:\/\/arturo.winandoffice.com\/roma\/terms-and-conditions\/\" \/>\n<meta property=\"og:locale\" content=\"it_IT\" \/>\n<meta property=\"og:type\" content=\"article\" \/>\n<meta property=\"og:title\" content=\"Termini e condizioni - Roma\" \/>\n<meta property=\"og:description\" content=\"[vc_row][vc_column][vc_column_text css=&#8221;&#8221;] 1. Disposizioni di base 1.1. Le transazioni con Gamecardshop (di seguito &#8220;venditore&#8221;) avvengono esclusivamente sulla base dei presenti termini e condizioni (di seguito &#8220;CG&#8221;). Pertanto, esse si applicano anche a tutti i futuri rapporti commerciali, anche se non vengono nuovamente concordate espressamente. I riferimenti dell&#8217;acquirente (di seguito &#8220;cliente&#8221;) ai propri termini e condizioni [&hellip;]\" \/>\n<meta property=\"og:url\" content=\"https:\/\/arturo.winandoffice.com\/roma\/terms-and-conditions\/\" \/>\n<meta property=\"og:site_name\" content=\"Roma\" \/>\n<meta property=\"article:modified_time\" content=\"2025-10-09T01:02:55+00:00\" \/>\n<meta name=\"twitter:card\" content=\"summary_large_image\" \/>\n<meta name=\"twitter:label1\" content=\"Tempo di lettura stimato\" \/>\n\t<meta name=\"twitter:data1\" content=\"11 minuti\" \/>\n<script type=\"application\/ld+json\" class=\"yoast-schema-graph\">{\"@context\":\"https:\/\/schema.org\",\"@graph\":[{\"@type\":\"WebPage\",\"@id\":\"https:\/\/arturo.winandoffice.com\/roma\/terms-and-conditions\/\",\"url\":\"https:\/\/arturo.winandoffice.com\/roma\/terms-and-conditions\/\",\"name\":\"Termini e condizioni - Roma\",\"isPartOf\":{\"@id\":\"https:\/\/arturo.winandoffice.com\/roma\/#website\"},\"datePublished\":\"2020-12-16T16:19:20+00:00\",\"dateModified\":\"2025-10-09T01:02:55+00:00\",\"breadcrumb\":{\"@id\":\"https:\/\/arturo.winandoffice.com\/roma\/terms-and-conditions\/#breadcrumb\"},\"inLanguage\":\"it-IT\",\"potentialAction\":[{\"@type\":\"ReadAction\",\"target\":[\"https:\/\/arturo.winandoffice.com\/roma\/terms-and-conditions\/\"]}]},{\"@type\":\"BreadcrumbList\",\"@id\":\"https:\/\/arturo.winandoffice.com\/roma\/terms-and-conditions\/#breadcrumb\",\"itemListElement\":[{\"@type\":\"ListItem\",\"position\":1,\"name\":\"Home\",\"item\":\"https:\/\/arturo.winandoffice.com\/roma\/\"},{\"@type\":\"ListItem\",\"position\":2,\"name\":\"Termini e condizioni\"}]},{\"@type\":\"WebSite\",\"@id\":\"https:\/\/arturo.winandoffice.com\/roma\/#website\",\"url\":\"https:\/\/arturo.winandoffice.com\/roma\/\",\"name\":\"Roma\",\"description\":\"Acquista il tuo ufficio\",\"publisher\":{\"@id\":\"https:\/\/arturo.winandoffice.com\/roma\/#\/schema\/person\/8e3a1b04521cf33c29c497607542c9a2\"},\"potentialAction\":[{\"@type\":\"SearchAction\",\"target\":{\"@type\":\"EntryPoint\",\"urlTemplate\":\"https:\/\/arturo.winandoffice.com\/roma\/?s={search_term_string}\"},\"query-input\":{\"@type\":\"PropertyValueSpecification\",\"valueRequired\":true,\"valueName\":\"search_term_string\"}}],\"inLanguage\":\"it-IT\"},{\"@type\":[\"Person\",\"Organization\"],\"@id\":\"https:\/\/arturo.winandoffice.com\/roma\/#\/schema\/person\/8e3a1b04521cf33c29c497607542c9a2\",\"name\":\"supervision\",\"image\":{\"@type\":\"ImageObject\",\"inLanguage\":\"it-IT\",\"@id\":\"https:\/\/arturo.winandoffice.com\/roma\/#\/schema\/person\/image\/\",\"url\":\"https:\/\/secure.gravatar.com\/avatar\/eaaf033e92f8075258dc0ddd2a847958bda3e3bce9195b04fb85009b34ecfbcd?s=96&d=mm&r=g\",\"contentUrl\":\"https:\/\/secure.gravatar.com\/avatar\/eaaf033e92f8075258dc0ddd2a847958bda3e3bce9195b04fb85009b34ecfbcd?s=96&d=mm&r=g\",\"caption\":\"supervision\"},\"logo\":{\"@id\":\"https:\/\/arturo.winandoffice.com\/roma\/#\/schema\/person\/image\/\"},\"sameAs\":[\"https:\/\/kaijapaneseroots.com\/\"]}]}<\/script>\n<!-- \/ Yoast SEO plugin. -->","yoast_head_json":{"title":"Termini e condizioni - Roma","robots":{"index":"index","follow":"follow","max-snippet":"max-snippet:-1","max-image-preview":"max-image-preview:large","max-video-preview":"max-video-preview:-1"},"canonical":"https:\/\/arturo.winandoffice.com\/roma\/terms-and-conditions\/","og_locale":"it_IT","og_type":"article","og_title":"Termini e condizioni - Roma","og_description":"[vc_row][vc_column][vc_column_text css=&#8221;&#8221;] 1. Disposizioni di base 1.1. Le transazioni con Gamecardshop (di seguito &#8220;venditore&#8221;) avvengono esclusivamente sulla base dei presenti termini e condizioni (di seguito &#8220;CG&#8221;). Pertanto, esse si applicano anche a tutti i futuri rapporti commerciali, anche se non vengono nuovamente concordate espressamente. I riferimenti dell&#8217;acquirente (di seguito &#8220;cliente&#8221;) ai propri termini e condizioni [&hellip;]","og_url":"https:\/\/arturo.winandoffice.com\/roma\/terms-and-conditions\/","og_site_name":"Roma","article_modified_time":"2025-10-09T01:02:55+00:00","twitter_card":"summary_large_image","twitter_misc":{"Tempo di lettura stimato":"11 minuti"},"schema":{"@context":"https:\/\/schema.org","@graph":[{"@type":"WebPage","@id":"https:\/\/arturo.winandoffice.com\/roma\/terms-and-conditions\/","url":"https:\/\/arturo.winandoffice.com\/roma\/terms-and-conditions\/","name":"Termini e condizioni - Roma","isPartOf":{"@id":"https:\/\/arturo.winandoffice.com\/roma\/#website"},"datePublished":"2020-12-16T16:19:20+00:00","dateModified":"2025-10-09T01:02:55+00:00","breadcrumb":{"@id":"https:\/\/arturo.winandoffice.com\/roma\/terms-and-conditions\/#breadcrumb"},"inLanguage":"it-IT","potentialAction":[{"@type":"ReadAction","target":["https:\/\/arturo.winandoffice.com\/roma\/terms-and-conditions\/"]}]},{"@type":"BreadcrumbList","@id":"https:\/\/arturo.winandoffice.com\/roma\/terms-and-conditions\/#breadcrumb","itemListElement":[{"@type":"ListItem","position":1,"name":"Home","item":"https:\/\/arturo.winandoffice.com\/roma\/"},{"@type":"ListItem","position":2,"name":"Termini e condizioni"}]},{"@type":"WebSite","@id":"https:\/\/arturo.winandoffice.com\/roma\/#website","url":"https:\/\/arturo.winandoffice.com\/roma\/","name":"Roma","description":"Acquista il tuo ufficio","publisher":{"@id":"https:\/\/arturo.winandoffice.com\/roma\/#\/schema\/person\/8e3a1b04521cf33c29c497607542c9a2"},"potentialAction":[{"@type":"SearchAction","target":{"@type":"EntryPoint","urlTemplate":"https:\/\/arturo.winandoffice.com\/roma\/?s={search_term_string}"},"query-input":{"@type":"PropertyValueSpecification","valueRequired":true,"valueName":"search_term_string"}}],"inLanguage":"it-IT"},{"@type":["Person","Organization"],"@id":"https:\/\/arturo.winandoffice.com\/roma\/#\/schema\/person\/8e3a1b04521cf33c29c497607542c9a2","name":"supervision","image":{"@type":"ImageObject","inLanguage":"it-IT","@id":"https:\/\/arturo.winandoffice.com\/roma\/#\/schema\/person\/image\/","url":"https:\/\/secure.gravatar.com\/avatar\/eaaf033e92f8075258dc0ddd2a847958bda3e3bce9195b04fb85009b34ecfbcd?s=96&d=mm&r=g","contentUrl":"https:\/\/secure.gravatar.com\/avatar\/eaaf033e92f8075258dc0ddd2a847958bda3e3bce9195b04fb85009b34ecfbcd?s=96&d=mm&r=g","caption":"supervision"},"logo":{"@id":"https:\/\/arturo.winandoffice.com\/roma\/#\/schema\/person\/image\/"},"sameAs":["https:\/\/kaijapaneseroots.com\/"]}]}},"acf":[],"_links":{"self":[{"href":"https:\/\/arturo.winandoffice.com\/roma\/wp-json\/wp\/v2\/pages\/2096","targetHints":{"allow":["GET"]}}],"collection":[{"href":"https:\/\/arturo.winandoffice.com\/roma\/wp-json\/wp\/v2\/pages"}],"about":[{"href":"https:\/\/arturo.winandoffice.com\/roma\/wp-json\/wp\/v2\/types\/page"}],"author":[{"embeddable":true,"href":"https:\/\/arturo.winandoffice.com\/roma\/wp-json\/wp\/v2\/users\/1"}],"replies":[{"embeddable":true,"href":"https:\/\/arturo.winandoffice.com\/roma\/wp-json\/wp\/v2\/comments?post=2096"}],"version-history":[{"count":0,"href":"https:\/\/arturo.winandoffice.com\/roma\/wp-json\/wp\/v2\/pages\/2096\/revisions"}],"wp:attachment":[{"href":"https:\/\/arturo.winandoffice.com\/roma\/wp-json\/wp\/v2\/media?parent=2096"}],"curies":[{"name":"wp","href":"https:\/\/api.w.org\/{rel}","templated":true}]}}