{"id":1924,"date":"2022-10-20T21:47:33","date_gmt":"2022-10-20T21:47:33","guid":{"rendered":"https:\/\/arturo.winandoffice.com\/paris\/?post_type=product&#038;p=1924"},"modified":"2025-09-05T00:07:45","modified_gmt":"2025-09-04T23:07:45","slug":"windows-10-professional-visio-2019-professional-project-2019-professional-office-2019-professional-plus","status":"publish","type":"product","link":"https:\/\/arturo.winandoffice.com\/paris\/product\/windows-10-professional-visio-2019-professional-project-2019-professional-office-2019-professional-plus\/","title":{"rendered":"Windows 10 Professional + Visio 2019 Professional + Project 2019 Professional + Office 2019 Professional Plus Licence pour 3 appareils"},"content":{"rendered":"<div class=\"wpb-content-wrapper\"><p>[vc_row][vc_column][vc_column_text css=&#8221;&#8221;]<\/p>\n<h3><span style=\"font-size: 18pt;\"><strong>Microsoft Windows 10 Professional<\/strong><\/span><\/h3>\n<p>Avec Windows 10 Professionnel, vous disposez d&#8217;un syst\u00e8me d&#8217;exploitation fiable sur votre appareil.\u00a0Vous b\u00e9n\u00e9ficiez de d\u00e9marrages plus rapides du syst\u00e8me, d&#8217;un menu de d\u00e9marrage familier mais am\u00e9lior\u00e9 et de nouvelles fa\u00e7ons de terminer les choses rapidement.\u00a0Vous obtiendrez \u00e9galement de nouvelles fonctionnalit\u00e9s comme un tout nouveau navigateur pour vous aider \u00e0 surfer sur le Web et votre assistant num\u00e9rique personnel Cortana vous suivra sur tous vos appareils Windows 10 et vous aidera \u00e0 faire avancer les choses.\u00a0Cortana en apprend davantage sur vous au fil du temps et peut mieux vous aider chaque jour.\u00a0Windows 10 Professionnel vous assiste de mani\u00e8re optimale dans tout ce que vous faites.<\/p>\n<h3><span style=\"font-size: 18pt;\"><strong>Microsoft Office 2019 Professional Plus<\/strong><\/span><\/h3>\n<p>Optez pour Office 2019 Professional Plus aujourd&#8217;hui et vous recevrez la solution bureautique la plus r\u00e9cente et la plus moderne de Microsoft.\u00a0Outre les applications traditionnelles, vous avez automatiquement acc\u00e8s aux applications bas\u00e9es sur un navigateur et \u00e0 Skype Entreprise.\u00a0Gr\u00e2ce \u00e0 une communication simplifi\u00e9e, vous pouvez travailler plus efficacement avec les autres.<\/p>\n<p>Tout ce dont vous avez besoin en un coup d&#8217;\u0153il<\/p>\n<ul>\n<li><strong>Word 2019<\/strong>\u00a0\u2013 pour la cr\u00e9ation et l&#8217;\u00e9dition de vos textes et documents.<\/li>\n<li><strong>Excel 2019<\/strong>\u00a0\u2013 pour le traitement des enregistrements de donn\u00e9es sous forme de tableau.<\/li>\n<li><strong>PowerPoint 2019<\/strong>\u00a0\u2013 pour la cr\u00e9ation de pr\u00e9sentations inspirantes.<\/li>\n<li><strong>Outlook 2019<\/strong>\u00a0\u2013 pour g\u00e9rer vos e-mails, contacts, horaires et t\u00e2ches.<\/li>\n<li><strong>Publisher 2019<\/strong>\u00a0&#8211; pour cr\u00e9er facilement des publications d&#8217;aspect professionnel.<\/li>\n<li><strong>Access 2019<\/strong>\u00a0&#8211; pour la cr\u00e9ation de bases de donn\u00e9es avec acc\u00e8s Internet.<\/li>\n<li><strong>Lync 2019<\/strong>\u00a0(Skype Entreprise) \u2013 pour augmenter la productivit\u00e9 gr\u00e2ce \u00e0 la messagerie instantan\u00e9e et faciliter la communication et la collaboration gr\u00e2ce \u00e0 la visioconf\u00e9rence HD.<\/li>\n<li><strong>Applications Web<\/strong>\u00a0Word, Excel, PowerPoint.<\/li>\n<\/ul>\n<p>OneNote ne fait plus partie du package Office, il est d\u00e9sormais inclus dans le syst\u00e8me d&#8217;exploitation Windows 10, qui est requis pour utiliser Office 2019. Les\u00a0<strong>anciennes versions de Windows ne sont pas prises en charge.<\/strong><\/p>\n<h3><span style=\"font-size: 18pt;\"><strong>Microsoft Visio 2019 Professional<\/strong><\/span><\/h3>\n<p>Visio 2019 est une puissante application de cr\u00e9ation de diagrammes qui vous permet de travailler visuellement pour cr\u00e9er toutes sortes de diagrammes et est \u00e0 la pointe de l&#8217;industrie avec plus de 12 millions d&#8217;utilisateurs.\u00a0Visio 2019 facilite la d\u00e9finition des processus m\u00e9tier, la documentation des meilleures pratiques, la visualisation de l&#8217;\u00e9tat futur des initiatives de transformation et la ma\u00eetrise des informations op\u00e9rationnelles de votre entreprise.<\/p>\n<h3><span style=\"font-size: 18pt;\"><strong>Microsoft Project 2019 Professional<\/strong><\/span><\/h3>\n<p>Travaillez avec d&#8217;autres pour d\u00e9marrer et mettre en \u0153uvre des projets r\u00e9ussis en un rien de temps.\u00a0Inclut toutes les fonctionnalit\u00e9s de Project Standard plus la collaboration dans la gestion des ressources, la synchronisation des t\u00e2ches SharePoint, la soumission des feuilles de temps, etc.\u00a0Microsoft Project Professional 2019 offre des fonctionnalit\u00e9s flexibles qui vous aideront \u00e0 planifier des projets, \u00e0 suivre leur statut et \u00e0 collaborer avec d&#8217;autres depuis pratiquement n&#8217;importe o\u00f9.\u00a0L&#8217;application offre une communication en temps r\u00e9el et une messagerie instantan\u00e9e, activ\u00e9e directement dans votre plan de projet via Skype Entreprise, et consolide toutes les ressources potentielles du projet dans une seule vue.[\/vc_column_text][\/vc_column][\/vc_row]<\/p>\n<\/div>","protected":false},"excerpt":{"rendered":"<ul>\n<li>Licence Microsoft Office 2019 Professional Plus pour 3 appareils<\/li>\n<li>Licence Microsoft Project 2019 Professional pour 3 appareils<\/li>\n<li>Licence Microsoft Visio 2019 Professional pour 3 appareils<\/li>\n<li>Licence Microsoft Windows 10 Professional pour 3 appareils<\/li>\n<li><strong>Avec cette licence le logiciel peut \u00eatre activ\u00e9 sur 3 appareils diff\u00e9rents, par ex. PC domestique, ordinateur portable et PC de travail.<\/strong><\/li>\n<li>Version pour syst\u00e8mes 32 et 64 bits, versions compl\u00e8tes et illimit\u00e9es du logiciel <strong>du partenaire Microsoft Gold certifi\u00e9<\/strong><\/li>\n<li><strong>Garantie de remboursement \u00e0 vie\u00a0!<\/strong><\/li>\n<li>Livraison par e-mail\u00a0: cl\u00e9 de produit, instructions, liens de t\u00e9l\u00e9chargement, facture<\/li>\n<li>T\u00e9l\u00e9chargement instantan\u00e9\u00a0!<\/li>\n<li>Pas de limite de temps, pas d&#8217;abonnement<\/li>\n<li>Assistance gratuite 24\u00a0h\/24 et 7\u00a0j\/7 pour les probl\u00e8mes d&#8217;installation et d&#8217;activation<\/li>\n<li>Pas de livraison sur support de donn\u00e9es (USB, CD, etc.)<\/li>\n<li>Activation en ligne et par t\u00e9l\u00e9phone<\/li>\n<li>Langues\u00a0: anglais, espagnol, italien, allemand, fran\u00e7ais<\/li>\n<li><strong><span style=\"color: #008000;\"> Ce produit est compatible avec Microsoft Windows.<\/span><\/strong><\/li>\n<li><strong><span style=\"color: #ff0000;\">NON compatible avec Apple macOS\u2122, les processeurs Apple, Parallels pour Mac, les appareils Android et les Chromebooks.<\/span><\/strong><\/li>\n<\/ul>\n","protected":false},"featured_media":100000116591,"comment_status":"open","ping_status":"closed","template":"","meta":{"_acf_changed":false},"product_brand":[],"product_cat":[81,75,82,76],"product_tag":[],"class_list":{"0":"post-1924","1":"product","2":"type-product","3":"status-publish","4":"has-post-thumbnail","6":"product_cat-combo","7":"product_cat-microsoft-office","8":"product_cat-microsoft-windows","9":"product_cat-office-2019","11":"first","12":"instock","13":"sale","14":"virtual","15":"taxable","16":"purchasable","17":"product-type-simple"},"yoast_head":"<!-- This site is optimized with the Yoast SEO plugin v26.7 - https:\/\/yoast.com\/wordpress\/plugins\/seo\/ -->\n<title>Windows 10 Professional + Visio 2019 Professional + Project 2019 Professional + Office 2019 Professional Plus Licence pour 3 appareils - Paris<\/title>\n<meta name=\"robots\" content=\"index, follow, max-snippet:-1, max-image-preview:large, max-video-preview:-1\" \/>\n<link rel=\"canonical\" href=\"https:\/\/arturo.winandoffice.com\/paris\/product\/windows-10-professional-visio-2019-professional-project-2019-professional-office-2019-professional-plus\/\" \/>\n<meta property=\"og:locale\" content=\"fr_FR\" \/>\n<meta property=\"og:type\" content=\"article\" \/>\n<meta property=\"og:title\" content=\"Windows 10 Professional + Visio 2019 Professional + Project 2019 Professional + Office 2019 Professional Plus Licence pour 3 appareils - Paris\" \/>\n<meta property=\"og:description\" content=\"Licence Microsoft Office 2019 Professional Plus pour 3 appareils  Licence Microsoft Project 2019 Professional pour 3 appareils  Licence Microsoft Visio 2019 Professional pour 3 appareils  Licence Microsoft Windows 10 Professional pour 3 appareils  Avec cette licence le logiciel peut \u00eatre activ\u00e9 sur 3 appareils diff\u00e9rents, par ex. PC domestique, ordinateur portable et PC de travail.  Version pour syst\u00e8mes 32 et 64 bits, versions compl\u00e8tes et illimit\u00e9es du logiciel du partenaire Microsoft Gold certifi\u00e9  Garantie de remboursement \u00e0 vie\u00a0!  Livraison par e-mail\u00a0: cl\u00e9 de produit, instructions, liens de t\u00e9l\u00e9chargement, facture  T\u00e9l\u00e9chargement instantan\u00e9\u00a0!  Pas de limite de temps, pas d&#039;abonnement  Assistance gratuite 24\u00a0h\/24 et 7\u00a0j\/7 pour les probl\u00e8mes d&#039;installation et d&#039;activation  Pas de livraison sur support de donn\u00e9es (USB, CD, etc.)  Activation en ligne et par t\u00e9l\u00e9phone  Langues\u00a0: anglais, espagnol, italien, allemand, fran\u00e7ais   Ce produit est compatible avec Microsoft Windows.  NON compatible avec Apple macOS\u2122, les processeurs Apple, Parallels pour Mac, les appareils Android et les Chromebooks.\" \/>\n<meta property=\"og:url\" content=\"https:\/\/arturo.winandoffice.com\/paris\/product\/windows-10-professional-visio-2019-professional-project-2019-professional-office-2019-professional-plus\/\" \/>\n<meta property=\"og:site_name\" content=\"Paris\" \/>\n<meta property=\"article:modified_time\" content=\"2025-09-04T23:07:45+00:00\" \/>\n<meta name=\"twitter:card\" content=\"summary_large_image\" \/>\n<meta name=\"twitter:label1\" content=\"Dur\u00e9e de lecture estim\u00e9e\" \/>\n\t<meta name=\"twitter:data1\" content=\"3 minutes\" \/>\n<script type=\"application\/ld+json\" class=\"yoast-schema-graph\">{\"@context\":\"https:\/\/schema.org\",\"@graph\":[{\"@type\":\"WebPage\",\"@id\":\"https:\/\/arturo.winandoffice.com\/paris\/product\/windows-10-professional-visio-2019-professional-project-2019-professional-office-2019-professional-plus\/\",\"url\":\"https:\/\/arturo.winandoffice.com\/paris\/product\/windows-10-professional-visio-2019-professional-project-2019-professional-office-2019-professional-plus\/\",\"name\":\"Windows 10 Professional + Visio 2019 Professional + Project 2019 Professional + Office 2019 Professional Plus Licence pour 3 appareils - Paris\",\"isPartOf\":{\"@id\":\"https:\/\/arturo.winandoffice.com\/paris\/#website\"},\"primaryImageOfPage\":{\"@id\":\"https:\/\/arturo.winandoffice.com\/paris\/product\/windows-10-professional-visio-2019-professional-project-2019-professional-office-2019-professional-plus\/#primaryimage\"},\"image\":{\"@id\":\"https:\/\/arturo.winandoffice.com\/paris\/product\/windows-10-professional-visio-2019-professional-project-2019-professional-office-2019-professional-plus\/#primaryimage\"},\"thumbnailUrl\":\"https:\/\/arturo.winandoffice.com\/paris\/wp-content\/uploads\/2023\/03\/W10PO19PPP19PV19P.jpg\",\"datePublished\":\"2022-10-20T21:47:33+00:00\",\"dateModified\":\"2025-09-04T23:07:45+00:00\",\"breadcrumb\":{\"@id\":\"https:\/\/arturo.winandoffice.com\/paris\/product\/windows-10-professional-visio-2019-professional-project-2019-professional-office-2019-professional-plus\/#breadcrumb\"},\"inLanguage\":\"fr-FR\",\"potentialAction\":[{\"@type\":\"ReadAction\",\"target\":[\"https:\/\/arturo.winandoffice.com\/paris\/product\/windows-10-professional-visio-2019-professional-project-2019-professional-office-2019-professional-plus\/\"]}]},{\"@type\":\"ImageObject\",\"inLanguage\":\"fr-FR\",\"@id\":\"https:\/\/arturo.winandoffice.com\/paris\/product\/windows-10-professional-visio-2019-professional-project-2019-professional-office-2019-professional-plus\/#primaryimage\",\"url\":\"https:\/\/arturo.winandoffice.com\/paris\/wp-content\/uploads\/2023\/03\/W10PO19PPP19PV19P.jpg\",\"contentUrl\":\"https:\/\/arturo.winandoffice.com\/paris\/wp-content\/uploads\/2023\/03\/W10PO19PPP19PV19P.jpg\"},{\"@type\":\"BreadcrumbList\",\"@id\":\"https:\/\/arturo.winandoffice.com\/paris\/product\/windows-10-professional-visio-2019-professional-project-2019-professional-office-2019-professional-plus\/#breadcrumb\",\"itemListElement\":[{\"@type\":\"ListItem\",\"position\":1,\"name\":\"Home\",\"item\":\"https:\/\/arturo.winandoffice.com\/paris\/\"},{\"@type\":\"ListItem\",\"position\":2,\"name\":\"Shop\",\"item\":\"https:\/\/arturo.winandoffice.com\/paris\/shop\/\"},{\"@type\":\"ListItem\",\"position\":3,\"name\":\"Windows 10 Professional + Visio 2019 Professional + Project 2019 Professional + Office 2019 Professional Plus Licence pour 3 appareils\"}]},{\"@type\":\"WebSite\",\"@id\":\"https:\/\/arturo.winandoffice.com\/paris\/#website\",\"url\":\"https:\/\/arturo.winandoffice.com\/paris\/\",\"name\":\"Paris\",\"description\":\"Achetez votre Office\",\"publisher\":{\"@id\":\"https:\/\/arturo.winandoffice.com\/paris\/#\/schema\/person\/8e3a1b04521cf33c29c497607542c9a2\"},\"potentialAction\":[{\"@type\":\"SearchAction\",\"target\":{\"@type\":\"EntryPoint\",\"urlTemplate\":\"https:\/\/arturo.winandoffice.com\/paris\/?s={search_term_string}\"},\"query-input\":{\"@type\":\"PropertyValueSpecification\",\"valueRequired\":true,\"valueName\":\"search_term_string\"}}],\"inLanguage\":\"fr-FR\"},{\"@type\":[\"Person\",\"Organization\"],\"@id\":\"https:\/\/arturo.winandoffice.com\/paris\/#\/schema\/person\/8e3a1b04521cf33c29c497607542c9a2\",\"name\":\"supervision\",\"image\":{\"@type\":\"ImageObject\",\"inLanguage\":\"fr-FR\",\"@id\":\"https:\/\/arturo.winandoffice.com\/paris\/#\/schema\/person\/image\/\",\"url\":\"https:\/\/secure.gravatar.com\/avatar\/eaaf033e92f8075258dc0ddd2a847958bda3e3bce9195b04fb85009b34ecfbcd?s=96&d=mm&r=g\",\"contentUrl\":\"https:\/\/secure.gravatar.com\/avatar\/eaaf033e92f8075258dc0ddd2a847958bda3e3bce9195b04fb85009b34ecfbcd?s=96&d=mm&r=g\",\"caption\":\"supervision\"},\"logo\":{\"@id\":\"https:\/\/arturo.winandoffice.com\/paris\/#\/schema\/person\/image\/\"},\"sameAs\":[\"https:\/\/kaijapaneseroots.com\/\"]}]}<\/script>\n<!-- \/ Yoast SEO plugin. -->","yoast_head_json":{"title":"Windows 10 Professional + Visio 2019 Professional + Project 2019 Professional + Office 2019 Professional Plus Licence pour 3 appareils - Paris","robots":{"index":"index","follow":"follow","max-snippet":"max-snippet:-1","max-image-preview":"max-image-preview:large","max-video-preview":"max-video-preview:-1"},"canonical":"https:\/\/arturo.winandoffice.com\/paris\/product\/windows-10-professional-visio-2019-professional-project-2019-professional-office-2019-professional-plus\/","og_locale":"fr_FR","og_type":"article","og_title":"Windows 10 Professional + Visio 2019 Professional + Project 2019 Professional + Office 2019 Professional Plus Licence pour 3 appareils - Paris","og_description":"Licence Microsoft Office 2019 Professional Plus pour 3 appareils  Licence Microsoft Project 2019 Professional pour 3 appareils  Licence Microsoft Visio 2019 Professional pour 3 appareils  Licence Microsoft Windows 10 Professional pour 3 appareils  Avec cette licence le logiciel peut \u00eatre activ\u00e9 sur 3 appareils diff\u00e9rents, par ex. PC domestique, ordinateur portable et PC de travail.  Version pour syst\u00e8mes 32 et 64 bits, versions compl\u00e8tes et illimit\u00e9es du logiciel du partenaire Microsoft Gold certifi\u00e9  Garantie de remboursement \u00e0 vie\u00a0!  Livraison par e-mail\u00a0: cl\u00e9 de produit, instructions, liens de t\u00e9l\u00e9chargement, facture  T\u00e9l\u00e9chargement instantan\u00e9\u00a0!  Pas de limite de temps, pas d'abonnement  Assistance gratuite 24\u00a0h\/24 et 7\u00a0j\/7 pour les probl\u00e8mes d'installation et d'activation  Pas de livraison sur support de donn\u00e9es (USB, CD, etc.)  Activation en ligne et par t\u00e9l\u00e9phone  Langues\u00a0: anglais, espagnol, italien, allemand, fran\u00e7ais   Ce produit est compatible avec Microsoft Windows.  NON compatible avec Apple macOS\u2122, les processeurs Apple, Parallels pour Mac, les appareils Android et les Chromebooks.","og_url":"https:\/\/arturo.winandoffice.com\/paris\/product\/windows-10-professional-visio-2019-professional-project-2019-professional-office-2019-professional-plus\/","og_site_name":"Paris","article_modified_time":"2025-09-04T23:07:45+00:00","twitter_card":"summary_large_image","twitter_misc":{"Dur\u00e9e de lecture estim\u00e9e":"3 minutes"},"schema":{"@context":"https:\/\/schema.org","@graph":[{"@type":"WebPage","@id":"https:\/\/arturo.winandoffice.com\/paris\/product\/windows-10-professional-visio-2019-professional-project-2019-professional-office-2019-professional-plus\/","url":"https:\/\/arturo.winandoffice.com\/paris\/product\/windows-10-professional-visio-2019-professional-project-2019-professional-office-2019-professional-plus\/","name":"Windows 10 Professional + Visio 2019 Professional + Project 2019 Professional + Office 2019 Professional Plus Licence pour 3 appareils - Paris","isPartOf":{"@id":"https:\/\/arturo.winandoffice.com\/paris\/#website"},"primaryImageOfPage":{"@id":"https:\/\/arturo.winandoffice.com\/paris\/product\/windows-10-professional-visio-2019-professional-project-2019-professional-office-2019-professional-plus\/#primaryimage"},"image":{"@id":"https:\/\/arturo.winandoffice.com\/paris\/product\/windows-10-professional-visio-2019-professional-project-2019-professional-office-2019-professional-plus\/#primaryimage"},"thumbnailUrl":"https:\/\/arturo.winandoffice.com\/paris\/wp-content\/uploads\/2023\/03\/W10PO19PPP19PV19P.jpg","datePublished":"2022-10-20T21:47:33+00:00","dateModified":"2025-09-04T23:07:45+00:00","breadcrumb":{"@id":"https:\/\/arturo.winandoffice.com\/paris\/product\/windows-10-professional-visio-2019-professional-project-2019-professional-office-2019-professional-plus\/#breadcrumb"},"inLanguage":"fr-FR","potentialAction":[{"@type":"ReadAction","target":["https:\/\/arturo.winandoffice.com\/paris\/product\/windows-10-professional-visio-2019-professional-project-2019-professional-office-2019-professional-plus\/"]}]},{"@type":"ImageObject","inLanguage":"fr-FR","@id":"https:\/\/arturo.winandoffice.com\/paris\/product\/windows-10-professional-visio-2019-professional-project-2019-professional-office-2019-professional-plus\/#primaryimage","url":"https:\/\/arturo.winandoffice.com\/paris\/wp-content\/uploads\/2023\/03\/W10PO19PPP19PV19P.jpg","contentUrl":"https:\/\/arturo.winandoffice.com\/paris\/wp-content\/uploads\/2023\/03\/W10PO19PPP19PV19P.jpg"},{"@type":"BreadcrumbList","@id":"https:\/\/arturo.winandoffice.com\/paris\/product\/windows-10-professional-visio-2019-professional-project-2019-professional-office-2019-professional-plus\/#breadcrumb","itemListElement":[{"@type":"ListItem","position":1,"name":"Home","item":"https:\/\/arturo.winandoffice.com\/paris\/"},{"@type":"ListItem","position":2,"name":"Shop","item":"https:\/\/arturo.winandoffice.com\/paris\/shop\/"},{"@type":"ListItem","position":3,"name":"Windows 10 Professional + Visio 2019 Professional + Project 2019 Professional + Office 2019 Professional Plus Licence pour 3 appareils"}]},{"@type":"WebSite","@id":"https:\/\/arturo.winandoffice.com\/paris\/#website","url":"https:\/\/arturo.winandoffice.com\/paris\/","name":"Paris","description":"Achetez votre Office","publisher":{"@id":"https:\/\/arturo.winandoffice.com\/paris\/#\/schema\/person\/8e3a1b04521cf33c29c497607542c9a2"},"potentialAction":[{"@type":"SearchAction","target":{"@type":"EntryPoint","urlTemplate":"https:\/\/arturo.winandoffice.com\/paris\/?s={search_term_string}"},"query-input":{"@type":"PropertyValueSpecification","valueRequired":true,"valueName":"search_term_string"}}],"inLanguage":"fr-FR"},{"@type":["Person","Organization"],"@id":"https:\/\/arturo.winandoffice.com\/paris\/#\/schema\/person\/8e3a1b04521cf33c29c497607542c9a2","name":"supervision","image":{"@type":"ImageObject","inLanguage":"fr-FR","@id":"https:\/\/arturo.winandoffice.com\/paris\/#\/schema\/person\/image\/","url":"https:\/\/secure.gravatar.com\/avatar\/eaaf033e92f8075258dc0ddd2a847958bda3e3bce9195b04fb85009b34ecfbcd?s=96&d=mm&r=g","contentUrl":"https:\/\/secure.gravatar.com\/avatar\/eaaf033e92f8075258dc0ddd2a847958bda3e3bce9195b04fb85009b34ecfbcd?s=96&d=mm&r=g","caption":"supervision"},"logo":{"@id":"https:\/\/arturo.winandoffice.com\/paris\/#\/schema\/person\/image\/"},"sameAs":["https:\/\/kaijapaneseroots.com\/"]}]}},"acf":[],"_links":{"self":[{"href":"https:\/\/arturo.winandoffice.com\/paris\/wp-json\/wp\/v2\/product\/1924","targetHints":{"allow":["GET"]}}],"collection":[{"href":"https:\/\/arturo.winandoffice.com\/paris\/wp-json\/wp\/v2\/product"}],"about":[{"href":"https:\/\/arturo.winandoffice.com\/paris\/wp-json\/wp\/v2\/types\/product"}],"replies":[{"embeddable":true,"href":"https:\/\/arturo.winandoffice.com\/paris\/wp-json\/wp\/v2\/comments?post=1924"}],"wp:featuredmedia":[{"embeddable":true,"href":"https:\/\/arturo.winandoffice.com\/paris\/wp-json\/"}],"wp:attachment":[{"href":"https:\/\/arturo.winandoffice.com\/paris\/wp-json\/wp\/v2\/media?parent=1924"}],"wp:term":[{"taxonomy":"product_brand","embeddable":true,"href":"https:\/\/arturo.winandoffice.com\/paris\/wp-json\/wp\/v2\/product_brand?post=1924"},{"taxonomy":"product_cat","embeddable":true,"href":"https:\/\/arturo.winandoffice.com\/paris\/wp-json\/wp\/v2\/product_cat?post=1924"},{"taxonomy":"product_tag","embeddable":true,"href":"https:\/\/arturo.winandoffice.com\/paris\/wp-json\/wp\/v2\/product_tag?post=1924"}],"curies":[{"name":"wp","href":"https:\/\/api.w.org\/{rel}","templated":true}]}}