{"id":1894,"date":"2022-10-20T21:47:08","date_gmt":"2022-10-20T21:47:08","guid":{"rendered":"https:\/\/arturo.winandoffice.com\/paris\/?post_type=product&#038;p=1894"},"modified":"2025-09-05T00:17:29","modified_gmt":"2025-09-04T23:17:29","slug":"microsoft-windows-10-professional-microsoft-office-2019-professional-plus","status":"publish","type":"product","link":"https:\/\/arturo.winandoffice.com\/paris\/product\/microsoft-windows-10-professional-microsoft-office-2019-professional-plus\/","title":{"rendered":"Microsoft Windows 10 Professional + Microsoft Office 2019 Professional Plus Licence pour 3 appareils"},"content":{"rendered":"<div class=\"wpb-content-wrapper\"><p>[vc_row][vc_column][vc_column_text css=&#8221;&#8221;]<\/p>\n<h3><span style=\"font-size: 18pt;\"><strong>Microsoft Windows 10 Professional<\/strong><\/span><\/h3>\n<p>Obtenez les derni\u00e8res applications logicielles de productivit\u00e9 populaires dans un excellent package combin\u00e9 et travaillez plus rapidement et plus facilement\u00a0!<\/p>\n<p>Avec la nouvelle version de Microsoft Windows 10 Professionnel, Microsoft propose aux particuliers exigeants et aux entreprises en particulier un syst\u00e8me d&#8217;exploitation moderne et intuitif. Entre autres choses, Microsoft Windows 10 Professionnel offre des fonctionnalit\u00e9s de s\u00e9curit\u00e9 am\u00e9lior\u00e9es, un acc\u00e8s au bureau \u00e0 distance, le cryptage BitLocker et l&#8217;assistant virtuel personnel Cortana. Le syst\u00e8me s&#8217;adapte \u00e0 n&#8217;importe quel appareil gr\u00e2ce \u00e0 ses fonctionnalit\u00e9s avanc\u00e9es et pr\u00e9sente l&#8217;avantage que la configuration syst\u00e8me requise n&#8217;a gu\u00e8re chang\u00e9 par rapport \u00e0 ses pr\u00e9d\u00e9cesseurs. Cela signifie que vous n&#8217;avez pas \u00e0 investir dans du nouveau mat\u00e9riel pour profiter de Windows 10 Professionnel.<\/p>\n<h3><span style=\"font-size: 18pt;\"><strong>Microsoft Office 2019 Professional Plus<\/strong><\/span><\/h3>\n<p>La derni\u00e8re version de la suite Microsoft Office pr\u00e9sente de nombreuses am\u00e9liorations en termes de commodit\u00e9, de fonctionnalit\u00e9 et de s\u00e9curit\u00e9. Microsoft Office 2019 Professional Plus est adapt\u00e9 aux nouvelles r\u00e9glementations sur la protection des donn\u00e9es et n&#8217;est compatible qu&#8217;avec Windows 10. La suite Microsoft Office 2019 Professional Plus convient aux utilisateurs professionnels qui ont besoin d&#8217;une gamme compl\u00e8te de fonctions sans restrictions. Il comprend Word, Excel, PowerPoint, Outlook, Publisher, Access et Lync. OneNote est maintenant inclus directement dans le syst\u00e8me d&#8217;exploitation Windows 10.<\/p>\n<p>&nbsp;<\/p>\n<p><strong>Configuration minimale requise<\/strong><\/p>\n<p>Processeur double c\u0153ur 1,6 GHz ou plus rapide<\/p>\n<p>2 Go de RAM pour 32 bits ou 4 Go de RAM pour 64 bits.<\/p>\n<p>16 Go d&#8217;espace disque disponible pour le syst\u00e8me d&#8217;exploitation 32 bits ou 20 Go pour le syst\u00e8me d&#8217;exploitation 64 bits.[\/vc_column_text][\/vc_column][\/vc_row]<\/p>\n<\/div>","protected":false},"excerpt":{"rendered":"<ul>\n<li>Licence Microsoft Office 2019 Professional Plus pour 3 appareils<\/li>\n<li>Licence Microsoft Windows 10 Professional pour 3 appareils<\/li>\n<li><strong>Avec cette licence le logiciel peut \u00eatre activ\u00e9 sur 3 appareils diff\u00e9rents, par ex. PC domestique, ordinateur portable et PC de travail.<\/strong><\/li>\n<li>Version pour syst\u00e8mes 32 et 64 bits, versions compl\u00e8tes et illimit\u00e9es du logiciel <strong>du partenaire Microsoft Gold certifi\u00e9<\/strong><\/li>\n<li><strong>Garantie de remboursement \u00e0 vie\u00a0!<\/strong><\/li>\n<li>Livraison par e-mail\u00a0: cl\u00e9 de produit, instructions, liens de t\u00e9l\u00e9chargement, facture<\/li>\n<li>T\u00e9l\u00e9chargement instantan\u00e9\u00a0!<\/li>\n<li>Pas de limite de temps, pas d&#8217;abonnement<\/li>\n<li>Assistance gratuite 24\u00a0h\/24 et 7\u00a0j\/7 pour les probl\u00e8mes d&#8217;installation et d&#8217;activation<\/li>\n<li>Pas de livraison sur support de donn\u00e9es (USB, CD, etc.)<\/li>\n<li>Activation en ligne et par t\u00e9l\u00e9phone<\/li>\n<li>Langues\u00a0: anglais, espagnol, italien, allemand, fran\u00e7ais<\/li>\n<li><strong><span style=\"color: #008000;\"> Ce produit est compatible avec Microsoft Windows.<\/span><\/strong><\/li>\n<li><strong><span style=\"color: #ff0000;\">NON compatible avec Apple macOS\u2122, les processeurs Apple, Parallels pour Mac, les appareils Android et les Chromebooks.<\/span><\/strong><\/li>\n<\/ul>\n","protected":false},"featured_media":10000014054,"comment_status":"open","ping_status":"closed","template":"","meta":{"_acf_changed":false},"product_brand":[],"product_cat":[81,75,82,76],"product_tag":[],"class_list":{"0":"post-1894","1":"product","2":"type-product","3":"status-publish","4":"has-post-thumbnail","6":"product_cat-combo","7":"product_cat-microsoft-office","8":"product_cat-microsoft-windows","9":"product_cat-office-2019","11":"first","12":"instock","13":"sale","14":"virtual","15":"taxable","16":"purchasable","17":"product-type-simple"},"yoast_head":"<!-- This site is optimized with the Yoast SEO plugin v26.7 - https:\/\/yoast.com\/wordpress\/plugins\/seo\/ -->\n<title>Microsoft Windows 10 Professional + Microsoft Office 2019 Professional Plus Licence pour 3 appareils - Paris<\/title>\n<meta name=\"robots\" content=\"index, follow, max-snippet:-1, max-image-preview:large, max-video-preview:-1\" \/>\n<link rel=\"canonical\" href=\"https:\/\/arturo.winandoffice.com\/paris\/product\/microsoft-windows-10-professional-microsoft-office-2019-professional-plus\/\" \/>\n<meta property=\"og:locale\" content=\"fr_FR\" \/>\n<meta property=\"og:type\" content=\"article\" \/>\n<meta property=\"og:title\" content=\"Microsoft Windows 10 Professional + Microsoft Office 2019 Professional Plus Licence pour 3 appareils - Paris\" \/>\n<meta property=\"og:description\" content=\"Licence Microsoft Office 2019 Professional Plus pour 3 appareils  Licence Microsoft Windows 10 Professional pour 3 appareils  Avec cette licence le logiciel peut \u00eatre activ\u00e9 sur 3 appareils diff\u00e9rents, par ex. PC domestique, ordinateur portable et PC de travail.  Version pour syst\u00e8mes 32 et 64 bits, versions compl\u00e8tes et illimit\u00e9es du logiciel du partenaire Microsoft Gold certifi\u00e9  Garantie de remboursement \u00e0 vie\u00a0!  Livraison par e-mail\u00a0: cl\u00e9 de produit, instructions, liens de t\u00e9l\u00e9chargement, facture  T\u00e9l\u00e9chargement instantan\u00e9\u00a0!  Pas de limite de temps, pas d&#039;abonnement  Assistance gratuite 24\u00a0h\/24 et 7\u00a0j\/7 pour les probl\u00e8mes d&#039;installation et d&#039;activation  Pas de livraison sur support de donn\u00e9es (USB, CD, etc.)  Activation en ligne et par t\u00e9l\u00e9phone  Langues\u00a0: anglais, espagnol, italien, allemand, fran\u00e7ais   Ce produit est compatible avec Microsoft Windows.  NON compatible avec Apple macOS\u2122, les processeurs Apple, Parallels pour Mac, les appareils Android et les Chromebooks.\" \/>\n<meta property=\"og:url\" content=\"https:\/\/arturo.winandoffice.com\/paris\/product\/microsoft-windows-10-professional-microsoft-office-2019-professional-plus\/\" \/>\n<meta property=\"og:site_name\" content=\"Paris\" \/>\n<meta property=\"article:modified_time\" content=\"2025-09-04T23:17:29+00:00\" \/>\n<meta name=\"twitter:card\" content=\"summary_large_image\" \/>\n<meta name=\"twitter:label1\" content=\"Dur\u00e9e de lecture estim\u00e9e\" \/>\n\t<meta name=\"twitter:data1\" content=\"2 minutes\" \/>\n<script type=\"application\/ld+json\" class=\"yoast-schema-graph\">{\"@context\":\"https:\/\/schema.org\",\"@graph\":[{\"@type\":\"WebPage\",\"@id\":\"https:\/\/arturo.winandoffice.com\/paris\/product\/microsoft-windows-10-professional-microsoft-office-2019-professional-plus\/\",\"url\":\"https:\/\/arturo.winandoffice.com\/paris\/product\/microsoft-windows-10-professional-microsoft-office-2019-professional-plus\/\",\"name\":\"Microsoft Windows 10 Professional + Microsoft Office 2019 Professional Plus Licence pour 3 appareils - Paris\",\"isPartOf\":{\"@id\":\"https:\/\/arturo.winandoffice.com\/paris\/#website\"},\"primaryImageOfPage\":{\"@id\":\"https:\/\/arturo.winandoffice.com\/paris\/product\/microsoft-windows-10-professional-microsoft-office-2019-professional-plus\/#primaryimage\"},\"image\":{\"@id\":\"https:\/\/arturo.winandoffice.com\/paris\/product\/microsoft-windows-10-professional-microsoft-office-2019-professional-plus\/#primaryimage\"},\"thumbnailUrl\":\"https:\/\/arturo.winandoffice.com\/paris\/wp-content\/uploads\/2023\/03\/W10PP19PP.jpg\",\"datePublished\":\"2022-10-20T21:47:08+00:00\",\"dateModified\":\"2025-09-04T23:17:29+00:00\",\"breadcrumb\":{\"@id\":\"https:\/\/arturo.winandoffice.com\/paris\/product\/microsoft-windows-10-professional-microsoft-office-2019-professional-plus\/#breadcrumb\"},\"inLanguage\":\"fr-FR\",\"potentialAction\":[{\"@type\":\"ReadAction\",\"target\":[\"https:\/\/arturo.winandoffice.com\/paris\/product\/microsoft-windows-10-professional-microsoft-office-2019-professional-plus\/\"]}]},{\"@type\":\"ImageObject\",\"inLanguage\":\"fr-FR\",\"@id\":\"https:\/\/arturo.winandoffice.com\/paris\/product\/microsoft-windows-10-professional-microsoft-office-2019-professional-plus\/#primaryimage\",\"url\":\"https:\/\/arturo.winandoffice.com\/paris\/wp-content\/uploads\/2023\/03\/W10PP19PP.jpg\",\"contentUrl\":\"https:\/\/arturo.winandoffice.com\/paris\/wp-content\/uploads\/2023\/03\/W10PP19PP.jpg\"},{\"@type\":\"BreadcrumbList\",\"@id\":\"https:\/\/arturo.winandoffice.com\/paris\/product\/microsoft-windows-10-professional-microsoft-office-2019-professional-plus\/#breadcrumb\",\"itemListElement\":[{\"@type\":\"ListItem\",\"position\":1,\"name\":\"Home\",\"item\":\"https:\/\/arturo.winandoffice.com\/paris\/\"},{\"@type\":\"ListItem\",\"position\":2,\"name\":\"Shop\",\"item\":\"https:\/\/arturo.winandoffice.com\/paris\/shop\/\"},{\"@type\":\"ListItem\",\"position\":3,\"name\":\"Microsoft Windows 10 Professional + Microsoft Office 2019 Professional Plus Licence pour 3 appareils\"}]},{\"@type\":\"WebSite\",\"@id\":\"https:\/\/arturo.winandoffice.com\/paris\/#website\",\"url\":\"https:\/\/arturo.winandoffice.com\/paris\/\",\"name\":\"Paris\",\"description\":\"Achetez votre Office\",\"publisher\":{\"@id\":\"https:\/\/arturo.winandoffice.com\/paris\/#\/schema\/person\/8e3a1b04521cf33c29c497607542c9a2\"},\"potentialAction\":[{\"@type\":\"SearchAction\",\"target\":{\"@type\":\"EntryPoint\",\"urlTemplate\":\"https:\/\/arturo.winandoffice.com\/paris\/?s={search_term_string}\"},\"query-input\":{\"@type\":\"PropertyValueSpecification\",\"valueRequired\":true,\"valueName\":\"search_term_string\"}}],\"inLanguage\":\"fr-FR\"},{\"@type\":[\"Person\",\"Organization\"],\"@id\":\"https:\/\/arturo.winandoffice.com\/paris\/#\/schema\/person\/8e3a1b04521cf33c29c497607542c9a2\",\"name\":\"supervision\",\"image\":{\"@type\":\"ImageObject\",\"inLanguage\":\"fr-FR\",\"@id\":\"https:\/\/arturo.winandoffice.com\/paris\/#\/schema\/person\/image\/\",\"url\":\"https:\/\/secure.gravatar.com\/avatar\/eaaf033e92f8075258dc0ddd2a847958bda3e3bce9195b04fb85009b34ecfbcd?s=96&d=mm&r=g\",\"contentUrl\":\"https:\/\/secure.gravatar.com\/avatar\/eaaf033e92f8075258dc0ddd2a847958bda3e3bce9195b04fb85009b34ecfbcd?s=96&d=mm&r=g\",\"caption\":\"supervision\"},\"logo\":{\"@id\":\"https:\/\/arturo.winandoffice.com\/paris\/#\/schema\/person\/image\/\"},\"sameAs\":[\"https:\/\/kaijapaneseroots.com\/\"]}]}<\/script>\n<!-- \/ Yoast SEO plugin. -->","yoast_head_json":{"title":"Microsoft Windows 10 Professional + Microsoft Office 2019 Professional Plus Licence pour 3 appareils - Paris","robots":{"index":"index","follow":"follow","max-snippet":"max-snippet:-1","max-image-preview":"max-image-preview:large","max-video-preview":"max-video-preview:-1"},"canonical":"https:\/\/arturo.winandoffice.com\/paris\/product\/microsoft-windows-10-professional-microsoft-office-2019-professional-plus\/","og_locale":"fr_FR","og_type":"article","og_title":"Microsoft Windows 10 Professional + Microsoft Office 2019 Professional Plus Licence pour 3 appareils - Paris","og_description":"Licence Microsoft Office 2019 Professional Plus pour 3 appareils  Licence Microsoft Windows 10 Professional pour 3 appareils  Avec cette licence le logiciel peut \u00eatre activ\u00e9 sur 3 appareils diff\u00e9rents, par ex. PC domestique, ordinateur portable et PC de travail.  Version pour syst\u00e8mes 32 et 64 bits, versions compl\u00e8tes et illimit\u00e9es du logiciel du partenaire Microsoft Gold certifi\u00e9  Garantie de remboursement \u00e0 vie\u00a0!  Livraison par e-mail\u00a0: cl\u00e9 de produit, instructions, liens de t\u00e9l\u00e9chargement, facture  T\u00e9l\u00e9chargement instantan\u00e9\u00a0!  Pas de limite de temps, pas d'abonnement  Assistance gratuite 24\u00a0h\/24 et 7\u00a0j\/7 pour les probl\u00e8mes d'installation et d'activation  Pas de livraison sur support de donn\u00e9es (USB, CD, etc.)  Activation en ligne et par t\u00e9l\u00e9phone  Langues\u00a0: anglais, espagnol, italien, allemand, fran\u00e7ais   Ce produit est compatible avec Microsoft Windows.  NON compatible avec Apple macOS\u2122, les processeurs Apple, Parallels pour Mac, les appareils Android et les Chromebooks.","og_url":"https:\/\/arturo.winandoffice.com\/paris\/product\/microsoft-windows-10-professional-microsoft-office-2019-professional-plus\/","og_site_name":"Paris","article_modified_time":"2025-09-04T23:17:29+00:00","twitter_card":"summary_large_image","twitter_misc":{"Dur\u00e9e de lecture estim\u00e9e":"2 minutes"},"schema":{"@context":"https:\/\/schema.org","@graph":[{"@type":"WebPage","@id":"https:\/\/arturo.winandoffice.com\/paris\/product\/microsoft-windows-10-professional-microsoft-office-2019-professional-plus\/","url":"https:\/\/arturo.winandoffice.com\/paris\/product\/microsoft-windows-10-professional-microsoft-office-2019-professional-plus\/","name":"Microsoft Windows 10 Professional + Microsoft Office 2019 Professional Plus Licence pour 3 appareils - Paris","isPartOf":{"@id":"https:\/\/arturo.winandoffice.com\/paris\/#website"},"primaryImageOfPage":{"@id":"https:\/\/arturo.winandoffice.com\/paris\/product\/microsoft-windows-10-professional-microsoft-office-2019-professional-plus\/#primaryimage"},"image":{"@id":"https:\/\/arturo.winandoffice.com\/paris\/product\/microsoft-windows-10-professional-microsoft-office-2019-professional-plus\/#primaryimage"},"thumbnailUrl":"https:\/\/arturo.winandoffice.com\/paris\/wp-content\/uploads\/2023\/03\/W10PP19PP.jpg","datePublished":"2022-10-20T21:47:08+00:00","dateModified":"2025-09-04T23:17:29+00:00","breadcrumb":{"@id":"https:\/\/arturo.winandoffice.com\/paris\/product\/microsoft-windows-10-professional-microsoft-office-2019-professional-plus\/#breadcrumb"},"inLanguage":"fr-FR","potentialAction":[{"@type":"ReadAction","target":["https:\/\/arturo.winandoffice.com\/paris\/product\/microsoft-windows-10-professional-microsoft-office-2019-professional-plus\/"]}]},{"@type":"ImageObject","inLanguage":"fr-FR","@id":"https:\/\/arturo.winandoffice.com\/paris\/product\/microsoft-windows-10-professional-microsoft-office-2019-professional-plus\/#primaryimage","url":"https:\/\/arturo.winandoffice.com\/paris\/wp-content\/uploads\/2023\/03\/W10PP19PP.jpg","contentUrl":"https:\/\/arturo.winandoffice.com\/paris\/wp-content\/uploads\/2023\/03\/W10PP19PP.jpg"},{"@type":"BreadcrumbList","@id":"https:\/\/arturo.winandoffice.com\/paris\/product\/microsoft-windows-10-professional-microsoft-office-2019-professional-plus\/#breadcrumb","itemListElement":[{"@type":"ListItem","position":1,"name":"Home","item":"https:\/\/arturo.winandoffice.com\/paris\/"},{"@type":"ListItem","position":2,"name":"Shop","item":"https:\/\/arturo.winandoffice.com\/paris\/shop\/"},{"@type":"ListItem","position":3,"name":"Microsoft Windows 10 Professional + Microsoft Office 2019 Professional Plus Licence pour 3 appareils"}]},{"@type":"WebSite","@id":"https:\/\/arturo.winandoffice.com\/paris\/#website","url":"https:\/\/arturo.winandoffice.com\/paris\/","name":"Paris","description":"Achetez votre Office","publisher":{"@id":"https:\/\/arturo.winandoffice.com\/paris\/#\/schema\/person\/8e3a1b04521cf33c29c497607542c9a2"},"potentialAction":[{"@type":"SearchAction","target":{"@type":"EntryPoint","urlTemplate":"https:\/\/arturo.winandoffice.com\/paris\/?s={search_term_string}"},"query-input":{"@type":"PropertyValueSpecification","valueRequired":true,"valueName":"search_term_string"}}],"inLanguage":"fr-FR"},{"@type":["Person","Organization"],"@id":"https:\/\/arturo.winandoffice.com\/paris\/#\/schema\/person\/8e3a1b04521cf33c29c497607542c9a2","name":"supervision","image":{"@type":"ImageObject","inLanguage":"fr-FR","@id":"https:\/\/arturo.winandoffice.com\/paris\/#\/schema\/person\/image\/","url":"https:\/\/secure.gravatar.com\/avatar\/eaaf033e92f8075258dc0ddd2a847958bda3e3bce9195b04fb85009b34ecfbcd?s=96&d=mm&r=g","contentUrl":"https:\/\/secure.gravatar.com\/avatar\/eaaf033e92f8075258dc0ddd2a847958bda3e3bce9195b04fb85009b34ecfbcd?s=96&d=mm&r=g","caption":"supervision"},"logo":{"@id":"https:\/\/arturo.winandoffice.com\/paris\/#\/schema\/person\/image\/"},"sameAs":["https:\/\/kaijapaneseroots.com\/"]}]}},"acf":[],"_links":{"self":[{"href":"https:\/\/arturo.winandoffice.com\/paris\/wp-json\/wp\/v2\/product\/1894","targetHints":{"allow":["GET"]}}],"collection":[{"href":"https:\/\/arturo.winandoffice.com\/paris\/wp-json\/wp\/v2\/product"}],"about":[{"href":"https:\/\/arturo.winandoffice.com\/paris\/wp-json\/wp\/v2\/types\/product"}],"replies":[{"embeddable":true,"href":"https:\/\/arturo.winandoffice.com\/paris\/wp-json\/wp\/v2\/comments?post=1894"}],"wp:featuredmedia":[{"embeddable":true,"href":"https:\/\/arturo.winandoffice.com\/paris\/wp-json\/"}],"wp:attachment":[{"href":"https:\/\/arturo.winandoffice.com\/paris\/wp-json\/wp\/v2\/media?parent=1894"}],"wp:term":[{"taxonomy":"product_brand","embeddable":true,"href":"https:\/\/arturo.winandoffice.com\/paris\/wp-json\/wp\/v2\/product_brand?post=1894"},{"taxonomy":"product_cat","embeddable":true,"href":"https:\/\/arturo.winandoffice.com\/paris\/wp-json\/wp\/v2\/product_cat?post=1894"},{"taxonomy":"product_tag","embeddable":true,"href":"https:\/\/arturo.winandoffice.com\/paris\/wp-json\/wp\/v2\/product_tag?post=1894"}],"curies":[{"name":"wp","href":"https:\/\/api.w.org\/{rel}","templated":true}]}}