{"id":100468,"date":"2024-10-20T20:02:01","date_gmt":"2024-10-20T19:02:01","guid":{"rendered":"https:\/\/arturo.winandoffice.com\/paris\/?post_type=product&#038;p=100468"},"modified":"2025-09-05T00:37:05","modified_gmt":"2025-09-04T23:37:05","slug":"microsoft-office-2024-standard-microsoft-office-2024-professional-plus-license-pour-3-pcs","status":"publish","type":"product","link":"https:\/\/arturo.winandoffice.com\/paris\/product\/microsoft-office-2024-standard-microsoft-office-2024-professional-plus-license-pour-3-pcs\/","title":{"rendered":"Microsoft Office 2024 Standard + Microsoft Office 2024 Professional Plus Licence pour 3 appareils"},"content":{"rendered":"<h3><strong>Microsoft Office 2024 Standard<br \/>\n<\/strong><\/h3>\n<div><strong>Avec cette licence, le logiciel peut \u00eatre activ\u00e9 sur 3 appareils diff\u00e9rents, par exemple un PC personnel, un ordinateur portable et un PC de travail.<\/strong><\/div>\n<div>Les utilisateurs de Microsoft Office qui utilisent l&#8217;ensemble des applications \u00e0 la maison ou au bureau sont bien avis\u00e9s avec l&#8217;\u00e9dition Microsoft Office 2024 Standard. Tous les programmes importants sont inclus : Word, Excel, Outlook, PowerPoint. OneNote est d\u00e9sormais disponible en t\u00e9l\u00e9chargement sur le Microsoft Windows Store afin que vous puissiez prendre rapidement des notes et les rendre disponibles sur tous les appareils via le cloud. Gr\u00e2ce \u00e0 la grande vari\u00e9t\u00e9 de programmes disponibles, la version Standard s&#8217;adresse principalement aux personnes qui travaillent \u00e0 domicile, au bureau \u00e0 domicile ou qui recherchent une solution puissante et fiable au bureau pour organiser des documents, des tableaux, etc.<\/div>\n<ul>\n<li><strong>Word<\/strong> : cr\u00e9ez des documents texte de qualit\u00e9 professionnelle en un rien de temps.<\/li>\n<li><strong>Excel<\/strong> : tableur intelligent pour la gestion des informations.<\/li>\n<li><strong>PowerPoint<\/strong> : cr\u00e9ez des pr\u00e9sentations dynamiques impressionnantes.<\/li>\n<li><strong>Outlook<\/strong> : la communication simplifi\u00e9e.<\/li>\n<\/ul>\n<div>\n<p><strong>Configuration requise du syst\u00e8me d&#8217;exploitation\u00a0: Microsoft Windows 10 ou 11<\/strong><\/p>\n<\/div>\n<p>&nbsp;<\/p>\n<h3><strong>Microsoft Office 2024 Professional Plus<\/strong><\/h3>\n<div style=\"margin-bottom: 15px;\"><strong>Avec cette licence, le logiciel peut \u00eatre activ\u00e9 sur 3 appareils diff\u00e9rents, par exemple un PC personnel, un ordinateur portable et un PC de travail.<\/strong><\/div>\n<div style=\"margin-bottom: 15px;\">Les utilisateurs de Microsoft Office qui utilisent l&#8217;ensemble des applications \u00e0 la maison ou au bureau sont bien avis\u00e9s avec l&#8217;\u00e9dition Microsoft Office 2024 Professional Plus. Tous les programmes importants sont inclus : Word, Excel, Outlook, PowerPoint, et Access (Publisher n&#8217;est plus inclus car il sera retir\u00e9 en 2026). OneNote est d\u00e9sormais disponible en t\u00e9l\u00e9chargement sur le Microsoft Windows Store afin que vous puissiez prendre rapidement des notes et les rendre disponibles sur tous les appareils via le cloud. Gr\u00e2ce \u00e0 la grande vari\u00e9t\u00e9 de programmes disponibles, la version Professional Plus s&#8217;adresse principalement aux personnes qui travaillent \u00e0 domicile, au bureau \u00e0 domicile ou qui recherchent une solution puissante et fiable au bureau pour organiser des documents, des tableaux, etc.<\/div>\n<ul>\n<li><strong>Word<\/strong> : cr\u00e9ez des documents texte de qualit\u00e9 professionnelle en un rien de temps.<\/li>\n<li><strong>Excel<\/strong> : tableur intelligent pour la gestion des informations.<\/li>\n<li><strong>PowerPoint<\/strong> : cr\u00e9ez des pr\u00e9sentations dynamiques impressionnantes.<\/li>\n<li><strong>OneNote<\/strong> : votre bloc-notes num\u00e9rique.<\/li>\n<li><strong>Outlook<\/strong> : la communication simplifi\u00e9e.<\/li>\n<li><strong>Access<\/strong> : programmation de bases de donn\u00e9es pour applications bas\u00e9es sur un navigateur<\/li>\n<\/ul>\n<p><strong>Remarque importante:<\/strong> cette version d\u2019Office n\u2019inclut <strong>PAS Teams<\/strong>!<\/p>\n<div>\n<p><strong>Configuration requise du syst\u00e8me d&#8217;exploitation\u00a0: Microsoft Windows 10 ou 11<\/strong><\/p>\n<\/div>\n<p>&nbsp;<\/p>\n","protected":false},"excerpt":{"rendered":"<ul>\n<li>Licence Microsoft Office 2024 Standard<\/li>\n<li>Licence Microsoft Office 2024 Professional Plus pour 3 appareils<\/li>\n<li><strong>Avec cette licence le logiciel peut \u00eatre activ\u00e9 sur 3 appareils diff\u00e9rents, par ex. PC domestique, ordinateur portable et PC de travail.<\/strong><\/li>\n<li>Version pour syst\u00e8mes 32 et 64 bits, versions compl\u00e8tes et illimit\u00e9es du logiciel <strong>du partenaire Microsoft Gold certifi\u00e9<\/strong><\/li>\n<li><strong>Garantie de remboursement \u00e0 vie\u00a0!<\/strong><\/li>\n<li>Livraison par e-mail\u00a0: cl\u00e9 de produit, instructions, liens de t\u00e9l\u00e9chargement, facture<\/li>\n<li>T\u00e9l\u00e9chargement instantan\u00e9\u00a0!<\/li>\n<li>Pas de limite de temps, pas d&#8217;abonnement<\/li>\n<li>Assistance gratuite 24\u00a0h\/24 et 7\u00a0j\/7 pour les probl\u00e8mes d&#8217;installation et d&#8217;activation<\/li>\n<li>Pas de livraison sur support de donn\u00e9es (USB, CD, etc.)<\/li>\n<li>Activation en ligne et par t\u00e9l\u00e9phone<\/li>\n<li>Langues\u00a0: anglais, espagnol, italien, allemand, fran\u00e7ais<\/li>\n<li><strong><span style=\"color: #008000;\"> Ce produit est compatible avec Microsoft Windows.<\/span><\/strong><\/li>\n<li><strong><span style=\"color: #ff0000;\">NON compatible avec Apple macOS\u2122, les processeurs Apple, Parallels pour Mac, les appareils Android et les Chromebooks.<\/span><\/strong><\/li>\n<\/ul>\n","protected":false},"featured_media":100000119105,"comment_status":"closed","ping_status":"closed","template":"","meta":{"_acf_changed":false},"product_brand":[],"product_cat":[75,114],"product_tag":[115,78,79,84],"class_list":{"0":"post-100468","1":"product","2":"type-product","3":"status-publish","4":"has-post-thumbnail","6":"product_cat-microsoft-office","7":"product_cat-114","8":"product_tag-115","9":"product_tag-excellence","10":"product_tag-ms-office","11":"product_tag-office","13":"first","14":"instock","15":"sale","16":"featured","17":"virtual","18":"taxable","19":"purchasable","20":"product-type-simple"},"yoast_head":"<!-- This site is optimized with the Yoast SEO plugin v26.7 - https:\/\/yoast.com\/wordpress\/plugins\/seo\/ -->\n<title>Microsoft Office 2024 Standard + Microsoft Office 2024 Professional Plus Licence pour 3 appareils - Paris<\/title>\n<meta name=\"robots\" content=\"index, follow, max-snippet:-1, max-image-preview:large, max-video-preview:-1\" \/>\n<link rel=\"canonical\" href=\"https:\/\/arturo.winandoffice.com\/paris\/product\/microsoft-office-2024-standard-microsoft-office-2024-professional-plus-license-pour-3-pcs\/\" \/>\n<meta property=\"og:locale\" content=\"fr_FR\" \/>\n<meta property=\"og:type\" content=\"article\" \/>\n<meta property=\"og:title\" content=\"Microsoft Office 2024 Standard + Microsoft Office 2024 Professional Plus Licence pour 3 appareils - Paris\" \/>\n<meta property=\"og:description\" content=\"Licence Microsoft Office 2024 Standard  Licence Microsoft Office 2024 Professional Plus pour 3 appareils  Avec cette licence le logiciel peut \u00eatre activ\u00e9 sur 3 appareils diff\u00e9rents, par ex. PC domestique, ordinateur portable et PC de travail.  Version pour syst\u00e8mes 32 et 64 bits, versions compl\u00e8tes et illimit\u00e9es du logiciel du partenaire Microsoft Gold certifi\u00e9  Garantie de remboursement \u00e0 vie\u00a0!  Livraison par e-mail\u00a0: cl\u00e9 de produit, instructions, liens de t\u00e9l\u00e9chargement, facture  T\u00e9l\u00e9chargement instantan\u00e9\u00a0!  Pas de limite de temps, pas d&#039;abonnement  Assistance gratuite 24\u00a0h\/24 et 7\u00a0j\/7 pour les probl\u00e8mes d&#039;installation et d&#039;activation  Pas de livraison sur support de donn\u00e9es (USB, CD, etc.)  Activation en ligne et par t\u00e9l\u00e9phone  Langues\u00a0: anglais, espagnol, italien, allemand, fran\u00e7ais   Ce produit est compatible avec Microsoft Windows.  NON compatible avec Apple macOS\u2122, les processeurs Apple, Parallels pour Mac, les appareils Android et les Chromebooks.\" \/>\n<meta property=\"og:url\" content=\"https:\/\/arturo.winandoffice.com\/paris\/product\/microsoft-office-2024-standard-microsoft-office-2024-professional-plus-license-pour-3-pcs\/\" \/>\n<meta property=\"og:site_name\" content=\"Paris\" \/>\n<meta property=\"article:modified_time\" content=\"2025-09-04T23:37:05+00:00\" \/>\n<meta name=\"twitter:card\" content=\"summary_large_image\" \/>\n<meta name=\"twitter:label1\" content=\"Dur\u00e9e de lecture estim\u00e9e\" \/>\n\t<meta name=\"twitter:data1\" content=\"3 minutes\" \/>\n<script type=\"application\/ld+json\" class=\"yoast-schema-graph\">{\"@context\":\"https:\/\/schema.org\",\"@graph\":[{\"@type\":\"WebPage\",\"@id\":\"https:\/\/arturo.winandoffice.com\/paris\/product\/microsoft-office-2024-standard-microsoft-office-2024-professional-plus-license-pour-3-pcs\/\",\"url\":\"https:\/\/arturo.winandoffice.com\/paris\/product\/microsoft-office-2024-standard-microsoft-office-2024-professional-plus-license-pour-3-pcs\/\",\"name\":\"Microsoft Office 2024 Standard + Microsoft Office 2024 Professional Plus Licence pour 3 appareils - Paris\",\"isPartOf\":{\"@id\":\"https:\/\/arturo.winandoffice.com\/paris\/#website\"},\"primaryImageOfPage\":{\"@id\":\"https:\/\/arturo.winandoffice.com\/paris\/product\/microsoft-office-2024-standard-microsoft-office-2024-professional-plus-license-pour-3-pcs\/#primaryimage\"},\"image\":{\"@id\":\"https:\/\/arturo.winandoffice.com\/paris\/product\/microsoft-office-2024-standard-microsoft-office-2024-professional-plus-license-pour-3-pcs\/#primaryimage\"},\"thumbnailUrl\":\"https:\/\/arturo.winandoffice.com\/paris\/wp-content\/uploads\/2024\/10\/O24PPO24S.jpg\",\"datePublished\":\"2024-10-20T19:02:01+00:00\",\"dateModified\":\"2025-09-04T23:37:05+00:00\",\"breadcrumb\":{\"@id\":\"https:\/\/arturo.winandoffice.com\/paris\/product\/microsoft-office-2024-standard-microsoft-office-2024-professional-plus-license-pour-3-pcs\/#breadcrumb\"},\"inLanguage\":\"fr-FR\",\"potentialAction\":[{\"@type\":\"ReadAction\",\"target\":[\"https:\/\/arturo.winandoffice.com\/paris\/product\/microsoft-office-2024-standard-microsoft-office-2024-professional-plus-license-pour-3-pcs\/\"]}]},{\"@type\":\"ImageObject\",\"inLanguage\":\"fr-FR\",\"@id\":\"https:\/\/arturo.winandoffice.com\/paris\/product\/microsoft-office-2024-standard-microsoft-office-2024-professional-plus-license-pour-3-pcs\/#primaryimage\",\"url\":\"https:\/\/arturo.winandoffice.com\/paris\/wp-content\/uploads\/2024\/10\/O24PPO24S.jpg\",\"contentUrl\":\"https:\/\/arturo.winandoffice.com\/paris\/wp-content\/uploads\/2024\/10\/O24PPO24S.jpg\"},{\"@type\":\"BreadcrumbList\",\"@id\":\"https:\/\/arturo.winandoffice.com\/paris\/product\/microsoft-office-2024-standard-microsoft-office-2024-professional-plus-license-pour-3-pcs\/#breadcrumb\",\"itemListElement\":[{\"@type\":\"ListItem\",\"position\":1,\"name\":\"Home\",\"item\":\"https:\/\/arturo.winandoffice.com\/paris\/\"},{\"@type\":\"ListItem\",\"position\":2,\"name\":\"Shop\",\"item\":\"https:\/\/arturo.winandoffice.com\/paris\/shop\/\"},{\"@type\":\"ListItem\",\"position\":3,\"name\":\"Microsoft Office 2024 Standard + Microsoft Office 2024 Professional Plus Licence pour 3 appareils\"}]},{\"@type\":\"WebSite\",\"@id\":\"https:\/\/arturo.winandoffice.com\/paris\/#website\",\"url\":\"https:\/\/arturo.winandoffice.com\/paris\/\",\"name\":\"Paris\",\"description\":\"Achetez votre Office\",\"publisher\":{\"@id\":\"https:\/\/arturo.winandoffice.com\/paris\/#\/schema\/person\/8e3a1b04521cf33c29c497607542c9a2\"},\"potentialAction\":[{\"@type\":\"SearchAction\",\"target\":{\"@type\":\"EntryPoint\",\"urlTemplate\":\"https:\/\/arturo.winandoffice.com\/paris\/?s={search_term_string}\"},\"query-input\":{\"@type\":\"PropertyValueSpecification\",\"valueRequired\":true,\"valueName\":\"search_term_string\"}}],\"inLanguage\":\"fr-FR\"},{\"@type\":[\"Person\",\"Organization\"],\"@id\":\"https:\/\/arturo.winandoffice.com\/paris\/#\/schema\/person\/8e3a1b04521cf33c29c497607542c9a2\",\"name\":\"supervision\",\"image\":{\"@type\":\"ImageObject\",\"inLanguage\":\"fr-FR\",\"@id\":\"https:\/\/arturo.winandoffice.com\/paris\/#\/schema\/person\/image\/\",\"url\":\"https:\/\/secure.gravatar.com\/avatar\/eaaf033e92f8075258dc0ddd2a847958bda3e3bce9195b04fb85009b34ecfbcd?s=96&d=mm&r=g\",\"contentUrl\":\"https:\/\/secure.gravatar.com\/avatar\/eaaf033e92f8075258dc0ddd2a847958bda3e3bce9195b04fb85009b34ecfbcd?s=96&d=mm&r=g\",\"caption\":\"supervision\"},\"logo\":{\"@id\":\"https:\/\/arturo.winandoffice.com\/paris\/#\/schema\/person\/image\/\"},\"sameAs\":[\"https:\/\/kaijapaneseroots.com\/\"]}]}<\/script>\n<!-- \/ Yoast SEO plugin. -->","yoast_head_json":{"title":"Microsoft Office 2024 Standard + Microsoft Office 2024 Professional Plus Licence pour 3 appareils - Paris","robots":{"index":"index","follow":"follow","max-snippet":"max-snippet:-1","max-image-preview":"max-image-preview:large","max-video-preview":"max-video-preview:-1"},"canonical":"https:\/\/arturo.winandoffice.com\/paris\/product\/microsoft-office-2024-standard-microsoft-office-2024-professional-plus-license-pour-3-pcs\/","og_locale":"fr_FR","og_type":"article","og_title":"Microsoft Office 2024 Standard + Microsoft Office 2024 Professional Plus Licence pour 3 appareils - Paris","og_description":"Licence Microsoft Office 2024 Standard  Licence Microsoft Office 2024 Professional Plus pour 3 appareils  Avec cette licence le logiciel peut \u00eatre activ\u00e9 sur 3 appareils diff\u00e9rents, par ex. PC domestique, ordinateur portable et PC de travail.  Version pour syst\u00e8mes 32 et 64 bits, versions compl\u00e8tes et illimit\u00e9es du logiciel du partenaire Microsoft Gold certifi\u00e9  Garantie de remboursement \u00e0 vie\u00a0!  Livraison par e-mail\u00a0: cl\u00e9 de produit, instructions, liens de t\u00e9l\u00e9chargement, facture  T\u00e9l\u00e9chargement instantan\u00e9\u00a0!  Pas de limite de temps, pas d'abonnement  Assistance gratuite 24\u00a0h\/24 et 7\u00a0j\/7 pour les probl\u00e8mes d'installation et d'activation  Pas de livraison sur support de donn\u00e9es (USB, CD, etc.)  Activation en ligne et par t\u00e9l\u00e9phone  Langues\u00a0: anglais, espagnol, italien, allemand, fran\u00e7ais   Ce produit est compatible avec Microsoft Windows.  NON compatible avec Apple macOS\u2122, les processeurs Apple, Parallels pour Mac, les appareils Android et les Chromebooks.","og_url":"https:\/\/arturo.winandoffice.com\/paris\/product\/microsoft-office-2024-standard-microsoft-office-2024-professional-plus-license-pour-3-pcs\/","og_site_name":"Paris","article_modified_time":"2025-09-04T23:37:05+00:00","twitter_card":"summary_large_image","twitter_misc":{"Dur\u00e9e de lecture estim\u00e9e":"3 minutes"},"schema":{"@context":"https:\/\/schema.org","@graph":[{"@type":"WebPage","@id":"https:\/\/arturo.winandoffice.com\/paris\/product\/microsoft-office-2024-standard-microsoft-office-2024-professional-plus-license-pour-3-pcs\/","url":"https:\/\/arturo.winandoffice.com\/paris\/product\/microsoft-office-2024-standard-microsoft-office-2024-professional-plus-license-pour-3-pcs\/","name":"Microsoft Office 2024 Standard + Microsoft Office 2024 Professional Plus Licence pour 3 appareils - Paris","isPartOf":{"@id":"https:\/\/arturo.winandoffice.com\/paris\/#website"},"primaryImageOfPage":{"@id":"https:\/\/arturo.winandoffice.com\/paris\/product\/microsoft-office-2024-standard-microsoft-office-2024-professional-plus-license-pour-3-pcs\/#primaryimage"},"image":{"@id":"https:\/\/arturo.winandoffice.com\/paris\/product\/microsoft-office-2024-standard-microsoft-office-2024-professional-plus-license-pour-3-pcs\/#primaryimage"},"thumbnailUrl":"https:\/\/arturo.winandoffice.com\/paris\/wp-content\/uploads\/2024\/10\/O24PPO24S.jpg","datePublished":"2024-10-20T19:02:01+00:00","dateModified":"2025-09-04T23:37:05+00:00","breadcrumb":{"@id":"https:\/\/arturo.winandoffice.com\/paris\/product\/microsoft-office-2024-standard-microsoft-office-2024-professional-plus-license-pour-3-pcs\/#breadcrumb"},"inLanguage":"fr-FR","potentialAction":[{"@type":"ReadAction","target":["https:\/\/arturo.winandoffice.com\/paris\/product\/microsoft-office-2024-standard-microsoft-office-2024-professional-plus-license-pour-3-pcs\/"]}]},{"@type":"ImageObject","inLanguage":"fr-FR","@id":"https:\/\/arturo.winandoffice.com\/paris\/product\/microsoft-office-2024-standard-microsoft-office-2024-professional-plus-license-pour-3-pcs\/#primaryimage","url":"https:\/\/arturo.winandoffice.com\/paris\/wp-content\/uploads\/2024\/10\/O24PPO24S.jpg","contentUrl":"https:\/\/arturo.winandoffice.com\/paris\/wp-content\/uploads\/2024\/10\/O24PPO24S.jpg"},{"@type":"BreadcrumbList","@id":"https:\/\/arturo.winandoffice.com\/paris\/product\/microsoft-office-2024-standard-microsoft-office-2024-professional-plus-license-pour-3-pcs\/#breadcrumb","itemListElement":[{"@type":"ListItem","position":1,"name":"Home","item":"https:\/\/arturo.winandoffice.com\/paris\/"},{"@type":"ListItem","position":2,"name":"Shop","item":"https:\/\/arturo.winandoffice.com\/paris\/shop\/"},{"@type":"ListItem","position":3,"name":"Microsoft Office 2024 Standard + Microsoft Office 2024 Professional Plus Licence pour 3 appareils"}]},{"@type":"WebSite","@id":"https:\/\/arturo.winandoffice.com\/paris\/#website","url":"https:\/\/arturo.winandoffice.com\/paris\/","name":"Paris","description":"Achetez votre Office","publisher":{"@id":"https:\/\/arturo.winandoffice.com\/paris\/#\/schema\/person\/8e3a1b04521cf33c29c497607542c9a2"},"potentialAction":[{"@type":"SearchAction","target":{"@type":"EntryPoint","urlTemplate":"https:\/\/arturo.winandoffice.com\/paris\/?s={search_term_string}"},"query-input":{"@type":"PropertyValueSpecification","valueRequired":true,"valueName":"search_term_string"}}],"inLanguage":"fr-FR"},{"@type":["Person","Organization"],"@id":"https:\/\/arturo.winandoffice.com\/paris\/#\/schema\/person\/8e3a1b04521cf33c29c497607542c9a2","name":"supervision","image":{"@type":"ImageObject","inLanguage":"fr-FR","@id":"https:\/\/arturo.winandoffice.com\/paris\/#\/schema\/person\/image\/","url":"https:\/\/secure.gravatar.com\/avatar\/eaaf033e92f8075258dc0ddd2a847958bda3e3bce9195b04fb85009b34ecfbcd?s=96&d=mm&r=g","contentUrl":"https:\/\/secure.gravatar.com\/avatar\/eaaf033e92f8075258dc0ddd2a847958bda3e3bce9195b04fb85009b34ecfbcd?s=96&d=mm&r=g","caption":"supervision"},"logo":{"@id":"https:\/\/arturo.winandoffice.com\/paris\/#\/schema\/person\/image\/"},"sameAs":["https:\/\/kaijapaneseroots.com\/"]}]}},"acf":[],"_links":{"self":[{"href":"https:\/\/arturo.winandoffice.com\/paris\/wp-json\/wp\/v2\/product\/100468","targetHints":{"allow":["GET"]}}],"collection":[{"href":"https:\/\/arturo.winandoffice.com\/paris\/wp-json\/wp\/v2\/product"}],"about":[{"href":"https:\/\/arturo.winandoffice.com\/paris\/wp-json\/wp\/v2\/types\/product"}],"replies":[{"embeddable":true,"href":"https:\/\/arturo.winandoffice.com\/paris\/wp-json\/wp\/v2\/comments?post=100468"}],"wp:featuredmedia":[{"embeddable":true,"href":"https:\/\/arturo.winandoffice.com\/paris\/wp-json\/"}],"wp:attachment":[{"href":"https:\/\/arturo.winandoffice.com\/paris\/wp-json\/wp\/v2\/media?parent=100468"}],"wp:term":[{"taxonomy":"product_brand","embeddable":true,"href":"https:\/\/arturo.winandoffice.com\/paris\/wp-json\/wp\/v2\/product_brand?post=100468"},{"taxonomy":"product_cat","embeddable":true,"href":"https:\/\/arturo.winandoffice.com\/paris\/wp-json\/wp\/v2\/product_cat?post=100468"},{"taxonomy":"product_tag","embeddable":true,"href":"https:\/\/arturo.winandoffice.com\/paris\/wp-json\/wp\/v2\/product_tag?post=100468"}],"curies":[{"name":"wp","href":"https:\/\/api.w.org\/{rel}","templated":true}]}}