{"id":257,"date":"2020-09-14T13:27:07","date_gmt":"2020-09-14T13:27:07","guid":{"rendered":"http:\/\/localhost\/shopingcart\/?page_id=257"},"modified":"2023-11-01T21:10:46","modified_gmt":"2023-11-01T19:10:46","slug":"about-us","status":"publish","type":"page","link":"https:\/\/arturo.winandoffice.com\/paris\/about-us\/","title":{"rendered":"Sur nous"},"content":{"rendered":"<div class=\"wpb-content-wrapper\"><p>[vc_row][vc_column][vc_column_text]<\/p>\r\n<p><a href=\"https:\/\/arturo.winandoffice.com\/paris\/wp-content\/uploads\/sites\/35\/2023\/01\/logo.png\"><img loading=\"lazy\" decoding=\"async\" class=\"alignnone size-full wp-image-12801\" src=\"https:\/\/arturo.winandoffice.com\/paris\/wp-content\/uploads\/sites\/35\/2023\/01\/logo.png\" alt=\"\" width=\"1710\" height=\"175\" srcset=\"https:\/\/arturo.winandoffice.com\/paris\/wp-content\/uploads\/sites\/35\/2023\/01\/logo.png 1710w, https:\/\/arturo.winandoffice.com\/paris\/wp-content\/uploads\/sites\/35\/2023\/01\/logo-300x31.png 300w, https:\/\/arturo.winandoffice.com\/paris\/wp-content\/uploads\/sites\/35\/2023\/01\/logo-1024x105.png 1024w, https:\/\/arturo.winandoffice.com\/paris\/wp-content\/uploads\/sites\/35\/2023\/01\/logo-768x79.png 768w, https:\/\/arturo.winandoffice.com\/paris\/wp-content\/uploads\/sites\/35\/2023\/01\/logo-1536x157.png 1536w, https:\/\/arturo.winandoffice.com\/paris\/wp-content\/uploads\/sites\/35\/2023\/01\/logo-600x61.png 600w\" sizes=\"auto, (max-width: 1710px) 100vw, 1710px\" \/><\/a><\/p>\r\n<h5>Gamecardshop : Votre plate-forme logicielle pour la qualit\u00e9 et la fiabilit\u00e9<\/h5>\r\n<p>En tant que partenaire Microsoft de confiance, nous vous proposons une large gamme de solutions logicielles, de Microsoft Office aux syst\u00e8mes d&#8217;exploitation pour serveurs. Chez nous, vous ne trouverez que des produits de fabricants de logiciels renomm\u00e9s, gage de qualit\u00e9 et d&#8217;efficacit\u00e9.<\/p>\r\n<p><strong>Syst\u00e8mes d&#8217;exploitation : Le c\u0153ur de votre PC<\/strong><\/p>\r\n<p>Un ordinateur sans syst\u00e8me d&#8217;exploitation est comme une voiture sans moteur. Il contr\u00f4le le mat\u00e9riel, alloue les ressources et fournit une interface utilisateur intuitive. Pour une performance maximale de l&#8217;ordinateur, nous nous appuyons sur les leaders du march\u00e9 tels que Windows 11, connu pour son efficacit\u00e9 et sa convivialit\u00e9. Toutes nos licences OEM sont authentiques et proviennent directement de nous.<\/p>\r\n<p><strong>Syst\u00e8mes d&#8217;exploitation pour serveurs : La puissance au service de votre entreprise<\/strong><\/p>\r\n<p>Les serveurs n\u00e9cessitent des syst\u00e8mes d&#8217;exploitation sp\u00e9cialis\u00e9s. Chez Gamecardshop, nous vous proposons les puissants syst\u00e8mes Windows Server de Microsoft. En outre, vous trouverez d&#8217;autres solutions de serveur comme SQL Server, Exchange Server et SharePoint Server.<\/p>\r\n<p><strong>Microsoft Office : Productivit\u00e9 maximale au bureau<\/strong><\/p>\r\n<p>Avec Microsoft Office, le travail de bureau devient un jeu d&#8217;enfant. Qu&#8217;il s&#8217;agisse de traitement de texte, de calcul de feuilles de calcul ou de cr\u00e9ation de pr\u00e9sentations, nous avons l&#8217;\u00e9dition qu&#8217;il vous faut. Chez Gamecardshop, vous trouverez Microsoft Office pour r\u00e9pondre \u00e0 tous vos besoins, qu&#8217;ils soient personnels ou professionnels.<\/p>\r\n<p><strong>Logiciel de CAO : La pr\u00e9cision \u00e0 un prix abordable<\/strong><\/p>\r\n<p>Pour les architectes et les ing\u00e9nieurs, nous proposons des programmes de CAO tr\u00e8s performants. R\u00e9alisez vos projets de mani\u00e8re efficace et rentable gr\u00e2ce \u00e0 nos offres.<\/p>\r\n<p><strong>Gamecardshop : La qualit\u00e9 au meilleur prix avec un service de premi\u00e8re classe<\/strong><\/p>\r\n<p>Chez Gamecardshop, vous ne trouverez pas seulement des prix attractifs, mais aussi un service imbattable. Notre \u00e9quipe multilingue de service \u00e0 la client\u00e8le est disponible 24 heures sur 24, 7 jours sur 7, par chat en direct ou par e-mail. Nos experts sont pr\u00eats \u00e0 vous aider \u00e0 installer et \u00e0 configurer votre logiciel. Faites confiance \u00e0 notre exp\u00e9rience et \u00e0 notre expertise. Chaque achat est accompagn\u00e9 d&#8217;une facture portant notre num\u00e9ro de TVA, d&#8217;une politique de retour claire et d&#8217;une garantie \u00e0 vie pour votre s\u00e9curit\u00e9 et votre satisfaction.<\/p>\r\n\r\n<div id=\"simple-translate\" class=\"simple-translate-system-theme\">\r\n<div>\r\n<div class=\"simple-translate-button isShow\" style=\"height: 22px;width: 22px;top: 1036px;left: -97px\">\u00a0<\/div>\r\n<div class=\"simple-translate-panel \" style=\"width: 300px;height: 200px;top: 0px;left: 0px;font-size: 13px\">\r\n<div class=\"simple-translate-result-wrapper\" style=\"overflow: hidden\">\r\n<div class=\"simple-translate-move\">\u00a0<\/div>\r\n<div class=\"simple-translate-result-contents\">\r\n<p class=\"simple-translate-result\" dir=\"auto\">\u00a0<\/p>\r\n<p class=\"simple-translate-candidate\" dir=\"auto\">\u00a0<\/p>\r\n<\/div>\r\n<\/div>\r\n<\/div>\r\n<\/div>\r\n<\/div><\/div>","protected":false},"excerpt":{"rendered":"<p>[vc_row][vc_column][vc_column_text] Gamecardshop : Votre plate-forme logicielle pour la qualit\u00e9 et la fiabilit\u00e9 En tant que partenaire Microsoft de confiance, nous vous proposons une large gamme de solutions logicielles, de Microsoft Office aux syst\u00e8mes d&#8217;exploitation pour serveurs. Chez nous, vous ne trouverez que des produits de fabricants de logiciels renomm\u00e9s, gage de qualit\u00e9 et d&#8217;efficacit\u00e9. Syst\u00e8mes [&hellip;]<\/p>\n","protected":false},"author":1,"featured_media":0,"parent":0,"menu_order":0,"comment_status":"closed","ping_status":"closed","template":"","meta":{"_acf_changed":false,"footnotes":""},"class_list":["post-257","page","type-page","status-publish","hentry"],"yoast_head":"<!-- This site is optimized with the Yoast SEO plugin v26.7 - https:\/\/yoast.com\/wordpress\/plugins\/seo\/ -->\n<title>Sur nous - Paris<\/title>\n<meta name=\"robots\" content=\"index, follow, max-snippet:-1, max-image-preview:large, max-video-preview:-1\" \/>\n<link rel=\"canonical\" href=\"https:\/\/arturo.winandoffice.com\/paris\/about-us\/\" \/>\n<meta property=\"og:locale\" content=\"fr_FR\" \/>\n<meta property=\"og:type\" content=\"article\" \/>\n<meta property=\"og:title\" content=\"Sur nous - Paris\" \/>\n<meta property=\"og:description\" content=\"[vc_row][vc_column][vc_column_text] Gamecardshop : Votre plate-forme logicielle pour la qualit\u00e9 et la fiabilit\u00e9 En tant que partenaire Microsoft de confiance, nous vous proposons une large gamme de solutions logicielles, de Microsoft Office aux syst\u00e8mes d&#8217;exploitation pour serveurs. Chez nous, vous ne trouverez que des produits de fabricants de logiciels renomm\u00e9s, gage de qualit\u00e9 et d&#8217;efficacit\u00e9. Syst\u00e8mes [&hellip;]\" \/>\n<meta property=\"og:url\" content=\"https:\/\/arturo.winandoffice.com\/paris\/about-us\/\" \/>\n<meta property=\"og:site_name\" content=\"Paris\" \/>\n<meta property=\"article:modified_time\" content=\"2023-11-01T19:10:46+00:00\" \/>\n<meta property=\"og:image\" content=\"https:\/\/arturo.winandoffice.com\/paris\/wp-content\/uploads\/sites\/35\/2023\/01\/logo.png\" \/>\n<meta name=\"twitter:card\" content=\"summary_large_image\" \/>\n<meta name=\"twitter:label1\" content=\"Dur\u00e9e de lecture estim\u00e9e\" \/>\n\t<meta name=\"twitter:data1\" content=\"3 minutes\" \/>\n<script type=\"application\/ld+json\" class=\"yoast-schema-graph\">{\"@context\":\"https:\/\/schema.org\",\"@graph\":[{\"@type\":\"WebPage\",\"@id\":\"https:\/\/arturo.winandoffice.com\/paris\/about-us\/\",\"url\":\"https:\/\/arturo.winandoffice.com\/paris\/about-us\/\",\"name\":\"Sur nous - Paris\",\"isPartOf\":{\"@id\":\"https:\/\/arturo.winandoffice.com\/paris\/#website\"},\"primaryImageOfPage\":{\"@id\":\"https:\/\/arturo.winandoffice.com\/paris\/about-us\/#primaryimage\"},\"image\":{\"@id\":\"https:\/\/arturo.winandoffice.com\/paris\/about-us\/#primaryimage\"},\"thumbnailUrl\":\"https:\/\/arturo.winandoffice.com\/paris\/wp-content\/uploads\/sites\/35\/2023\/01\/logo.png\",\"datePublished\":\"2020-09-14T13:27:07+00:00\",\"dateModified\":\"2023-11-01T19:10:46+00:00\",\"breadcrumb\":{\"@id\":\"https:\/\/arturo.winandoffice.com\/paris\/about-us\/#breadcrumb\"},\"inLanguage\":\"fr-FR\",\"potentialAction\":[{\"@type\":\"ReadAction\",\"target\":[\"https:\/\/arturo.winandoffice.com\/paris\/about-us\/\"]}]},{\"@type\":\"ImageObject\",\"inLanguage\":\"fr-FR\",\"@id\":\"https:\/\/arturo.winandoffice.com\/paris\/about-us\/#primaryimage\",\"url\":\"https:\/\/arturo.winandoffice.com\/paris\/wp-content\/uploads\/sites\/35\/2023\/01\/logo.png\",\"contentUrl\":\"https:\/\/arturo.winandoffice.com\/paris\/wp-content\/uploads\/sites\/35\/2023\/01\/logo.png\"},{\"@type\":\"BreadcrumbList\",\"@id\":\"https:\/\/arturo.winandoffice.com\/paris\/about-us\/#breadcrumb\",\"itemListElement\":[{\"@type\":\"ListItem\",\"position\":1,\"name\":\"Home\",\"item\":\"https:\/\/arturo.winandoffice.com\/paris\/\"},{\"@type\":\"ListItem\",\"position\":2,\"name\":\"Sur nous\"}]},{\"@type\":\"WebSite\",\"@id\":\"https:\/\/arturo.winandoffice.com\/paris\/#website\",\"url\":\"https:\/\/arturo.winandoffice.com\/paris\/\",\"name\":\"Paris\",\"description\":\"Achetez votre Office\",\"publisher\":{\"@id\":\"https:\/\/arturo.winandoffice.com\/paris\/#\/schema\/person\/8e3a1b04521cf33c29c497607542c9a2\"},\"potentialAction\":[{\"@type\":\"SearchAction\",\"target\":{\"@type\":\"EntryPoint\",\"urlTemplate\":\"https:\/\/arturo.winandoffice.com\/paris\/?s={search_term_string}\"},\"query-input\":{\"@type\":\"PropertyValueSpecification\",\"valueRequired\":true,\"valueName\":\"search_term_string\"}}],\"inLanguage\":\"fr-FR\"},{\"@type\":[\"Person\",\"Organization\"],\"@id\":\"https:\/\/arturo.winandoffice.com\/paris\/#\/schema\/person\/8e3a1b04521cf33c29c497607542c9a2\",\"name\":\"supervision\",\"image\":{\"@type\":\"ImageObject\",\"inLanguage\":\"fr-FR\",\"@id\":\"https:\/\/arturo.winandoffice.com\/paris\/#\/schema\/person\/image\/\",\"url\":\"https:\/\/secure.gravatar.com\/avatar\/eaaf033e92f8075258dc0ddd2a847958bda3e3bce9195b04fb85009b34ecfbcd?s=96&d=mm&r=g\",\"contentUrl\":\"https:\/\/secure.gravatar.com\/avatar\/eaaf033e92f8075258dc0ddd2a847958bda3e3bce9195b04fb85009b34ecfbcd?s=96&d=mm&r=g\",\"caption\":\"supervision\"},\"logo\":{\"@id\":\"https:\/\/arturo.winandoffice.com\/paris\/#\/schema\/person\/image\/\"},\"sameAs\":[\"https:\/\/kaijapaneseroots.com\/\"]}]}<\/script>\n<!-- \/ Yoast SEO plugin. -->","yoast_head_json":{"title":"Sur nous - Paris","robots":{"index":"index","follow":"follow","max-snippet":"max-snippet:-1","max-image-preview":"max-image-preview:large","max-video-preview":"max-video-preview:-1"},"canonical":"https:\/\/arturo.winandoffice.com\/paris\/about-us\/","og_locale":"fr_FR","og_type":"article","og_title":"Sur nous - Paris","og_description":"[vc_row][vc_column][vc_column_text] Gamecardshop : Votre plate-forme logicielle pour la qualit\u00e9 et la fiabilit\u00e9 En tant que partenaire Microsoft de confiance, nous vous proposons une large gamme de solutions logicielles, de Microsoft Office aux syst\u00e8mes d&#8217;exploitation pour serveurs. Chez nous, vous ne trouverez que des produits de fabricants de logiciels renomm\u00e9s, gage de qualit\u00e9 et d&#8217;efficacit\u00e9. Syst\u00e8mes [&hellip;]","og_url":"https:\/\/arturo.winandoffice.com\/paris\/about-us\/","og_site_name":"Paris","article_modified_time":"2023-11-01T19:10:46+00:00","og_image":[{"url":"https:\/\/arturo.winandoffice.com\/paris\/wp-content\/uploads\/sites\/35\/2023\/01\/logo.png","type":"","width":"","height":""}],"twitter_card":"summary_large_image","twitter_misc":{"Dur\u00e9e de lecture estim\u00e9e":"3 minutes"},"schema":{"@context":"https:\/\/schema.org","@graph":[{"@type":"WebPage","@id":"https:\/\/arturo.winandoffice.com\/paris\/about-us\/","url":"https:\/\/arturo.winandoffice.com\/paris\/about-us\/","name":"Sur nous - Paris","isPartOf":{"@id":"https:\/\/arturo.winandoffice.com\/paris\/#website"},"primaryImageOfPage":{"@id":"https:\/\/arturo.winandoffice.com\/paris\/about-us\/#primaryimage"},"image":{"@id":"https:\/\/arturo.winandoffice.com\/paris\/about-us\/#primaryimage"},"thumbnailUrl":"https:\/\/arturo.winandoffice.com\/paris\/wp-content\/uploads\/sites\/35\/2023\/01\/logo.png","datePublished":"2020-09-14T13:27:07+00:00","dateModified":"2023-11-01T19:10:46+00:00","breadcrumb":{"@id":"https:\/\/arturo.winandoffice.com\/paris\/about-us\/#breadcrumb"},"inLanguage":"fr-FR","potentialAction":[{"@type":"ReadAction","target":["https:\/\/arturo.winandoffice.com\/paris\/about-us\/"]}]},{"@type":"ImageObject","inLanguage":"fr-FR","@id":"https:\/\/arturo.winandoffice.com\/paris\/about-us\/#primaryimage","url":"https:\/\/arturo.winandoffice.com\/paris\/wp-content\/uploads\/sites\/35\/2023\/01\/logo.png","contentUrl":"https:\/\/arturo.winandoffice.com\/paris\/wp-content\/uploads\/sites\/35\/2023\/01\/logo.png"},{"@type":"BreadcrumbList","@id":"https:\/\/arturo.winandoffice.com\/paris\/about-us\/#breadcrumb","itemListElement":[{"@type":"ListItem","position":1,"name":"Home","item":"https:\/\/arturo.winandoffice.com\/paris\/"},{"@type":"ListItem","position":2,"name":"Sur nous"}]},{"@type":"WebSite","@id":"https:\/\/arturo.winandoffice.com\/paris\/#website","url":"https:\/\/arturo.winandoffice.com\/paris\/","name":"Paris","description":"Achetez votre Office","publisher":{"@id":"https:\/\/arturo.winandoffice.com\/paris\/#\/schema\/person\/8e3a1b04521cf33c29c497607542c9a2"},"potentialAction":[{"@type":"SearchAction","target":{"@type":"EntryPoint","urlTemplate":"https:\/\/arturo.winandoffice.com\/paris\/?s={search_term_string}"},"query-input":{"@type":"PropertyValueSpecification","valueRequired":true,"valueName":"search_term_string"}}],"inLanguage":"fr-FR"},{"@type":["Person","Organization"],"@id":"https:\/\/arturo.winandoffice.com\/paris\/#\/schema\/person\/8e3a1b04521cf33c29c497607542c9a2","name":"supervision","image":{"@type":"ImageObject","inLanguage":"fr-FR","@id":"https:\/\/arturo.winandoffice.com\/paris\/#\/schema\/person\/image\/","url":"https:\/\/secure.gravatar.com\/avatar\/eaaf033e92f8075258dc0ddd2a847958bda3e3bce9195b04fb85009b34ecfbcd?s=96&d=mm&r=g","contentUrl":"https:\/\/secure.gravatar.com\/avatar\/eaaf033e92f8075258dc0ddd2a847958bda3e3bce9195b04fb85009b34ecfbcd?s=96&d=mm&r=g","caption":"supervision"},"logo":{"@id":"https:\/\/arturo.winandoffice.com\/paris\/#\/schema\/person\/image\/"},"sameAs":["https:\/\/kaijapaneseroots.com\/"]}]}},"acf":[],"_links":{"self":[{"href":"https:\/\/arturo.winandoffice.com\/paris\/wp-json\/wp\/v2\/pages\/257","targetHints":{"allow":["GET"]}}],"collection":[{"href":"https:\/\/arturo.winandoffice.com\/paris\/wp-json\/wp\/v2\/pages"}],"about":[{"href":"https:\/\/arturo.winandoffice.com\/paris\/wp-json\/wp\/v2\/types\/page"}],"author":[{"embeddable":true,"href":"https:\/\/arturo.winandoffice.com\/paris\/wp-json\/wp\/v2\/users\/1"}],"replies":[{"embeddable":true,"href":"https:\/\/arturo.winandoffice.com\/paris\/wp-json\/wp\/v2\/comments?post=257"}],"version-history":[{"count":0,"href":"https:\/\/arturo.winandoffice.com\/paris\/wp-json\/wp\/v2\/pages\/257\/revisions"}],"wp:attachment":[{"href":"https:\/\/arturo.winandoffice.com\/paris\/wp-json\/wp\/v2\/media?parent=257"}],"curies":[{"name":"wp","href":"https:\/\/api.w.org\/{rel}","templated":true}]}}