{"id":2095,"date":"2020-12-16T16:14:33","date_gmt":"2020-12-16T16:14:33","guid":{"rendered":"https:\/\/shop.winandoffice.com\/?page_id=1159"},"modified":"2025-04-21T16:14:43","modified_gmt":"2025-04-21T15:14:43","slug":"warranty2-policy","status":"publish","type":"page","link":"https:\/\/arturo.winandoffice.com\/paris\/warranty2-policy\/","title":{"rendered":"Politique de garantie"},"content":{"rendered":"<section style=\"font-family: Arial, sans-serif; line-height: 1.6; max-width: 800px; margin: auto;\">\n<h4 style=\"color: #2c3e50;\">Garantie de remboursement de 30 jours &amp; Garantie de remplacement \u00e0 vie<\/h4>\n<p><strong>Game Card Shop<\/strong> offre une garantie de remboursement de 30 jours pour tous les produits achet\u00e9s. Si vous n\u2019\u00eates pas satisfait de votre achat, vous pouvez le retourner dans les 30 jours pour un remboursement int\u00e9gral.<\/p>\n<p>Apr\u00e8s cette p\u00e9riode, nous offrons une <strong>garantie de remplacement \u00e0 vie<\/strong> pour tout produit d\u00e9fectueux.<\/p>\n<h4 style=\"color: #34495e;\">Garantie l\u00e9gale<\/h4>\n<p>La p\u00e9riode de garantie l\u00e9gale conform\u00e9ment au droit allemand est de <strong>1 an<\/strong> \u00e0 compter de la date d\u2019achat pour les d\u00e9fauts dus \u00e0 une erreur de conception, des mat\u00e9riaux ou de fabrication.<\/p>\n<hr style=\"border: none; border-top: 1px dashed #bbb; margin: 30px 0;\" \/>\n<h4 style=\"color: #34495e;\">Conditions pour les produits d\u00e9fectueux<\/h4>\n<p>En cas de produit d\u00e9fectueux, <strong>Game Card Shop<\/strong> r\u00e9parera ou remplacera gratuitement l\u2019article concern\u00e9, \u00e0 sa discr\u00e9tion, \u00e0 condition que les conditions suivantes soient remplies :<\/p>\n<ol style=\"padding-left: 20px;\">\n<li>L\u2019acheteur doit informer le vendeur <strong>par \u00e9crit<\/strong> du d\u00e9faut sans d\u00e9lai.<\/li>\n<li>Le d\u00e9faut doit r\u00e9sulter d\u2019une <strong>erreur de conception, de mat\u00e9riaux ou de fabrication<\/strong> de la part du fabricant ou du vendeur.<\/li>\n<li>Les produits d\u00e9fectueux \u00e0 r\u00e9parer ou \u00e0 remplacer doivent \u00eatre retourn\u00e9s au vendeur <strong>sur demande<\/strong>.<\/li>\n<li>Si les produits ont \u00e9t\u00e9 fabriqu\u00e9s par un <strong>fournisseur tiers<\/strong> et livr\u00e9s au vendeur, toute garantie accord\u00e9e au vendeur sera transf\u00e9r\u00e9e \u00e0 l\u2019acheteur.<\/li>\n<li>Le vendeur se r\u00e9serve le droit, \u00e0 sa discr\u00e9tion, de <strong>rembourser le prix<\/strong> des produits d\u00e9fectueux si celui-ci a d\u00e9j\u00e0 \u00e9t\u00e9 pay\u00e9.<\/li>\n<\/ol>\n<\/section>\n","protected":false},"excerpt":{"rendered":"<p>Garantie de remboursement de 30 jours &amp; Garantie de remplacement \u00e0 vie offre une garantie de remboursement de 30 jours pour tous les produits achet\u00e9s. Si vous n\u2019\u00eates pas satisfait de votre achat, vous pouvez le retourner dans les 30 jours pour un remboursement int\u00e9gral. Apr\u00e8s cette p\u00e9riode, nous offrons une garantie de remplacement \u00e0 [&hellip;]<\/p>\n","protected":false},"author":1,"featured_media":0,"parent":0,"menu_order":0,"comment_status":"closed","ping_status":"closed","template":"","meta":{"_acf_changed":false,"footnotes":""},"class_list":["post-2095","page","type-page","status-publish","hentry"],"yoast_head":"<!-- This site is optimized with the Yoast SEO plugin v26.7 - https:\/\/yoast.com\/wordpress\/plugins\/seo\/ -->\n<title>Politique de garantie - Paris<\/title>\n<meta name=\"robots\" content=\"index, follow, max-snippet:-1, max-image-preview:large, max-video-preview:-1\" \/>\n<link rel=\"canonical\" href=\"https:\/\/arturo.winandoffice.com\/paris\/warranty2-policy\/\" \/>\n<meta property=\"og:locale\" content=\"fr_FR\" \/>\n<meta property=\"og:type\" content=\"article\" \/>\n<meta property=\"og:title\" content=\"Politique de garantie - Paris\" \/>\n<meta property=\"og:description\" content=\"Garantie de remboursement de 30 jours &amp; Garantie de remplacement \u00e0 vie offre une garantie de remboursement de 30 jours pour tous les produits achet\u00e9s. Si vous n\u2019\u00eates pas satisfait de votre achat, vous pouvez le retourner dans les 30 jours pour un remboursement int\u00e9gral. Apr\u00e8s cette p\u00e9riode, nous offrons une garantie de remplacement \u00e0 [&hellip;]\" \/>\n<meta property=\"og:url\" content=\"https:\/\/arturo.winandoffice.com\/paris\/warranty2-policy\/\" \/>\n<meta property=\"og:site_name\" content=\"Paris\" \/>\n<meta property=\"article:modified_time\" content=\"2025-04-21T15:14:43+00:00\" \/>\n<meta name=\"twitter:card\" content=\"summary_large_image\" \/>\n<meta name=\"twitter:label1\" content=\"Dur\u00e9e de lecture estim\u00e9e\" \/>\n\t<meta name=\"twitter:data1\" content=\"2 minutes\" \/>\n<script type=\"application\/ld+json\" class=\"yoast-schema-graph\">{\"@context\":\"https:\/\/schema.org\",\"@graph\":[{\"@type\":\"WebPage\",\"@id\":\"https:\/\/arturo.winandoffice.com\/paris\/warranty2-policy\/\",\"url\":\"https:\/\/arturo.winandoffice.com\/paris\/warranty2-policy\/\",\"name\":\"Politique de garantie - Paris\",\"isPartOf\":{\"@id\":\"https:\/\/arturo.winandoffice.com\/paris\/#website\"},\"datePublished\":\"2020-12-16T16:14:33+00:00\",\"dateModified\":\"2025-04-21T15:14:43+00:00\",\"breadcrumb\":{\"@id\":\"https:\/\/arturo.winandoffice.com\/paris\/warranty2-policy\/#breadcrumb\"},\"inLanguage\":\"fr-FR\",\"potentialAction\":[{\"@type\":\"ReadAction\",\"target\":[\"https:\/\/arturo.winandoffice.com\/paris\/warranty2-policy\/\"]}]},{\"@type\":\"BreadcrumbList\",\"@id\":\"https:\/\/arturo.winandoffice.com\/paris\/warranty2-policy\/#breadcrumb\",\"itemListElement\":[{\"@type\":\"ListItem\",\"position\":1,\"name\":\"Home\",\"item\":\"https:\/\/arturo.winandoffice.com\/paris\/\"},{\"@type\":\"ListItem\",\"position\":2,\"name\":\"Politique de garantie\"}]},{\"@type\":\"WebSite\",\"@id\":\"https:\/\/arturo.winandoffice.com\/paris\/#website\",\"url\":\"https:\/\/arturo.winandoffice.com\/paris\/\",\"name\":\"Paris\",\"description\":\"Achetez votre Office\",\"publisher\":{\"@id\":\"https:\/\/arturo.winandoffice.com\/paris\/#\/schema\/person\/8e3a1b04521cf33c29c497607542c9a2\"},\"potentialAction\":[{\"@type\":\"SearchAction\",\"target\":{\"@type\":\"EntryPoint\",\"urlTemplate\":\"https:\/\/arturo.winandoffice.com\/paris\/?s={search_term_string}\"},\"query-input\":{\"@type\":\"PropertyValueSpecification\",\"valueRequired\":true,\"valueName\":\"search_term_string\"}}],\"inLanguage\":\"fr-FR\"},{\"@type\":[\"Person\",\"Organization\"],\"@id\":\"https:\/\/arturo.winandoffice.com\/paris\/#\/schema\/person\/8e3a1b04521cf33c29c497607542c9a2\",\"name\":\"supervision\",\"image\":{\"@type\":\"ImageObject\",\"inLanguage\":\"fr-FR\",\"@id\":\"https:\/\/arturo.winandoffice.com\/paris\/#\/schema\/person\/image\/\",\"url\":\"https:\/\/secure.gravatar.com\/avatar\/eaaf033e92f8075258dc0ddd2a847958bda3e3bce9195b04fb85009b34ecfbcd?s=96&d=mm&r=g\",\"contentUrl\":\"https:\/\/secure.gravatar.com\/avatar\/eaaf033e92f8075258dc0ddd2a847958bda3e3bce9195b04fb85009b34ecfbcd?s=96&d=mm&r=g\",\"caption\":\"supervision\"},\"logo\":{\"@id\":\"https:\/\/arturo.winandoffice.com\/paris\/#\/schema\/person\/image\/\"},\"sameAs\":[\"https:\/\/kaijapaneseroots.com\/\"]}]}<\/script>\n<!-- \/ Yoast SEO plugin. -->","yoast_head_json":{"title":"Politique de garantie - Paris","robots":{"index":"index","follow":"follow","max-snippet":"max-snippet:-1","max-image-preview":"max-image-preview:large","max-video-preview":"max-video-preview:-1"},"canonical":"https:\/\/arturo.winandoffice.com\/paris\/warranty2-policy\/","og_locale":"fr_FR","og_type":"article","og_title":"Politique de garantie - Paris","og_description":"Garantie de remboursement de 30 jours &amp; Garantie de remplacement \u00e0 vie offre une garantie de remboursement de 30 jours pour tous les produits achet\u00e9s. Si vous n\u2019\u00eates pas satisfait de votre achat, vous pouvez le retourner dans les 30 jours pour un remboursement int\u00e9gral. Apr\u00e8s cette p\u00e9riode, nous offrons une garantie de remplacement \u00e0 [&hellip;]","og_url":"https:\/\/arturo.winandoffice.com\/paris\/warranty2-policy\/","og_site_name":"Paris","article_modified_time":"2025-04-21T15:14:43+00:00","twitter_card":"summary_large_image","twitter_misc":{"Dur\u00e9e de lecture estim\u00e9e":"2 minutes"},"schema":{"@context":"https:\/\/schema.org","@graph":[{"@type":"WebPage","@id":"https:\/\/arturo.winandoffice.com\/paris\/warranty2-policy\/","url":"https:\/\/arturo.winandoffice.com\/paris\/warranty2-policy\/","name":"Politique de garantie - Paris","isPartOf":{"@id":"https:\/\/arturo.winandoffice.com\/paris\/#website"},"datePublished":"2020-12-16T16:14:33+00:00","dateModified":"2025-04-21T15:14:43+00:00","breadcrumb":{"@id":"https:\/\/arturo.winandoffice.com\/paris\/warranty2-policy\/#breadcrumb"},"inLanguage":"fr-FR","potentialAction":[{"@type":"ReadAction","target":["https:\/\/arturo.winandoffice.com\/paris\/warranty2-policy\/"]}]},{"@type":"BreadcrumbList","@id":"https:\/\/arturo.winandoffice.com\/paris\/warranty2-policy\/#breadcrumb","itemListElement":[{"@type":"ListItem","position":1,"name":"Home","item":"https:\/\/arturo.winandoffice.com\/paris\/"},{"@type":"ListItem","position":2,"name":"Politique de garantie"}]},{"@type":"WebSite","@id":"https:\/\/arturo.winandoffice.com\/paris\/#website","url":"https:\/\/arturo.winandoffice.com\/paris\/","name":"Paris","description":"Achetez votre Office","publisher":{"@id":"https:\/\/arturo.winandoffice.com\/paris\/#\/schema\/person\/8e3a1b04521cf33c29c497607542c9a2"},"potentialAction":[{"@type":"SearchAction","target":{"@type":"EntryPoint","urlTemplate":"https:\/\/arturo.winandoffice.com\/paris\/?s={search_term_string}"},"query-input":{"@type":"PropertyValueSpecification","valueRequired":true,"valueName":"search_term_string"}}],"inLanguage":"fr-FR"},{"@type":["Person","Organization"],"@id":"https:\/\/arturo.winandoffice.com\/paris\/#\/schema\/person\/8e3a1b04521cf33c29c497607542c9a2","name":"supervision","image":{"@type":"ImageObject","inLanguage":"fr-FR","@id":"https:\/\/arturo.winandoffice.com\/paris\/#\/schema\/person\/image\/","url":"https:\/\/secure.gravatar.com\/avatar\/eaaf033e92f8075258dc0ddd2a847958bda3e3bce9195b04fb85009b34ecfbcd?s=96&d=mm&r=g","contentUrl":"https:\/\/secure.gravatar.com\/avatar\/eaaf033e92f8075258dc0ddd2a847958bda3e3bce9195b04fb85009b34ecfbcd?s=96&d=mm&r=g","caption":"supervision"},"logo":{"@id":"https:\/\/arturo.winandoffice.com\/paris\/#\/schema\/person\/image\/"},"sameAs":["https:\/\/kaijapaneseroots.com\/"]}]}},"acf":[],"_links":{"self":[{"href":"https:\/\/arturo.winandoffice.com\/paris\/wp-json\/wp\/v2\/pages\/2095","targetHints":{"allow":["GET"]}}],"collection":[{"href":"https:\/\/arturo.winandoffice.com\/paris\/wp-json\/wp\/v2\/pages"}],"about":[{"href":"https:\/\/arturo.winandoffice.com\/paris\/wp-json\/wp\/v2\/types\/page"}],"author":[{"embeddable":true,"href":"https:\/\/arturo.winandoffice.com\/paris\/wp-json\/wp\/v2\/users\/1"}],"replies":[{"embeddable":true,"href":"https:\/\/arturo.winandoffice.com\/paris\/wp-json\/wp\/v2\/comments?post=2095"}],"version-history":[{"count":0,"href":"https:\/\/arturo.winandoffice.com\/paris\/wp-json\/wp\/v2\/pages\/2095\/revisions"}],"wp:attachment":[{"href":"https:\/\/arturo.winandoffice.com\/paris\/wp-json\/wp\/v2\/media?parent=2095"}],"curies":[{"name":"wp","href":"https:\/\/api.w.org\/{rel}","templated":true}]}}