{"id":1156,"date":"2020-12-16T16:09:41","date_gmt":"2020-12-16T16:09:41","guid":{"rendered":"https:\/\/shop.winandoffice.com\/?page_id=1156"},"modified":"2025-09-05T17:04:26","modified_gmt":"2025-09-05T16:04:26","slug":"returns-and-refunds-2","status":"publish","type":"page","link":"https:\/\/arturo.winandoffice.com\/paris\/returns-and-refunds-2\/","title":{"rendered":"Retours et remboursements"},"content":{"rendered":"<ul style=\"padding-left: 20px;\">\n<li>Pas de frais de retour<\/li>\n<li>Pas de frais de livraison<\/li>\n<li>Remboursement complet sous 30 jours<\/li>\n<li>Garantie de remplacement \u00e0 vie<\/li>\n<\/ul>\n<p><strong>Informations sur le droit de r\u00e9tractation<\/strong><\/p>\n<p>Vous avez le droit de r\u00e9silier ce contrat sans donner de motif dans un d\u00e9lai de 30 jours \u00e0 compter de la r\u00e9ception de la marchandise.<\/p>\n<p>Pour exercer votre droit de r\u00e9tractation, vous devez nous informer de votre d\u00e9cision de vous r\u00e9tracter du pr\u00e9sent contrat au moyen d\u2019une d\u00e9claration claire (par exemple, une lettre envoy\u00e9e par la poste, un fax ou un e-mail). Vous pouvez utiliser le mod\u00e8le ci-joint \u00e0 cet effet.<\/p>\n<div style=\"border: dashed 1px gray; border-radius: 5px; background-color: #f5f5f5; padding: 5px; margin-bottom: 15px;\">\n<p><strong>Propri\u00e9taire :<\/strong> RUDOLF HAHN<br \/>\n<strong>Si\u00e8ge principal :<\/strong> Flight Forum 40, 5657DB, Eindhoven, North Brabant, Netherlands<br \/>\n<strong>Succursale :<\/strong> 12 Rue Linois, 75015 Paris, France<br \/>\n<strong>T\u00e9l. :<\/strong> +800 0825 1084<br \/>\n<strong>E-mail :<\/strong> <a href='mailto:francia@arturo.winandoffice.com'>francia@arturo.winandoffice.com<\/a><\/p>\n<\/div>\n<p><strong>Mod\u00e8le de formulaire de r\u00e9tractation<\/strong><\/p>\n<p>(Si vous souhaitez r\u00e9silier le contrat, veuillez remplir ce formulaire et nous le renvoyer.)<\/p>\n<div style=\"border: dashed 1px gray; border-radius: 5px; background-color: #f5f5f5; padding: 5px; margin-bottom: 15px;\">\n<p>Par la pr\u00e9sente, je\/nous () notifie\/notifions la r\u00e9tractation du contrat portant sur l&#8217;achat du\/des produit(s) suivant(s) ()\/ou la prestation de service suivante () :<\/p>\n<ul style=\"padding-left: 20px;\">\n<li>Command\u00e9 le () \/ re\u00e7u le ()<\/li>\n<li>Nom du \/ des consommateur(s)<\/li>\n<li>Adresse du \/ des consommateur(s)<\/li>\n<li>Signature du \/ des consommateur(s) (uniquement en cas de notification sur papier)<\/li>\n<li>Date<\/li>\n<\/ul>\n<\/div>\n<p><em>(*) Rayez la mention inutile.<\/em><\/p>\n<p>Pour respecter le d\u00e9lai de r\u00e9tractation, il suffit d\u2019envoyer la notification relative \u00e0 l\u2019exercice du droit de r\u00e9tractation avant l\u2019expiration du d\u00e9lai.<\/p>\n<p><strong>Cons\u00e9quences de la r\u00e9tractation<\/strong><\/p>\n<p>Si vous vous r\u00e9tractez du pr\u00e9sent contrat, nous vous rembourserons tous les paiements re\u00e7us de votre part, y compris les frais de livraison (\u00e0 l\u2019exception des frais suppl\u00e9mentaires d\u00e9coulant du fait que vous avez choisi un mode de livraison autre que le mode standard le moins co\u00fbteux que nous proposons), sans d\u00e9lai excessif. Pour ce remboursement, nous utiliserons le m\u00eame moyen de paiement que celui utilis\u00e9 pour la transaction initiale, sauf accord expr\u00e8s diff\u00e9rent de votre part ; en aucun cas des frais ne vous seront factur\u00e9s pour ce remboursement.<\/p>\n<p><strong>Garantie de remplacement \u00e0 vie :<\/strong><\/p>\n<p>Si vous avez d\u00e9pass\u00e9 le d\u00e9lai de remboursement de 30 jours, nous vous offrons une garantie de remplacement \u00e0 vie pour le produit. Si le produit pr\u00e9sente un d\u00e9faut d&#8217;utilisation, vous recevrez un remplacement gratuit.<\/p>\n","protected":false},"excerpt":{"rendered":"<p>Pas de frais de retour Pas de frais de livraison Remboursement complet sous 30 jours Garantie de remplacement \u00e0 vie Informations sur le droit de r\u00e9tractation Vous avez le droit de r\u00e9silier ce contrat sans donner de motif dans un d\u00e9lai de 30 jours \u00e0 compter de la r\u00e9ception de la marchandise. Pour exercer votre [&hellip;]<\/p>\n","protected":false},"author":1,"featured_media":0,"parent":0,"menu_order":0,"comment_status":"closed","ping_status":"closed","template":"","meta":{"_acf_changed":false,"footnotes":""},"class_list":["post-1156","page","type-page","status-publish","hentry"],"yoast_head":"<!-- This site is optimized with the Yoast SEO plugin v26.7 - https:\/\/yoast.com\/wordpress\/plugins\/seo\/ -->\n<title>Retours et remboursements - Paris<\/title>\n<meta name=\"robots\" content=\"index, follow, max-snippet:-1, max-image-preview:large, max-video-preview:-1\" \/>\n<link rel=\"canonical\" href=\"https:\/\/arturo.winandoffice.com\/paris\/returns-and-refunds-2\/\" \/>\n<meta property=\"og:locale\" content=\"fr_FR\" \/>\n<meta property=\"og:type\" content=\"article\" \/>\n<meta property=\"og:title\" content=\"Retours et remboursements - Paris\" \/>\n<meta property=\"og:description\" content=\"Pas de frais de retour Pas de frais de livraison Remboursement complet sous 30 jours Garantie de remplacement \u00e0 vie Informations sur le droit de r\u00e9tractation Vous avez le droit de r\u00e9silier ce contrat sans donner de motif dans un d\u00e9lai de 30 jours \u00e0 compter de la r\u00e9ception de la marchandise. Pour exercer votre [&hellip;]\" \/>\n<meta property=\"og:url\" content=\"https:\/\/arturo.winandoffice.com\/paris\/returns-and-refunds-2\/\" \/>\n<meta property=\"og:site_name\" content=\"Paris\" \/>\n<meta property=\"article:modified_time\" content=\"2025-09-05T16:04:26+00:00\" \/>\n<meta name=\"twitter:card\" content=\"summary_large_image\" \/>\n<meta name=\"twitter:label1\" content=\"Dur\u00e9e de lecture estim\u00e9e\" \/>\n\t<meta name=\"twitter:data1\" content=\"2 minutes\" \/>\n<script type=\"application\/ld+json\" class=\"yoast-schema-graph\">{\"@context\":\"https:\/\/schema.org\",\"@graph\":[{\"@type\":\"WebPage\",\"@id\":\"https:\/\/arturo.winandoffice.com\/paris\/returns-and-refunds-2\/\",\"url\":\"https:\/\/arturo.winandoffice.com\/paris\/returns-and-refunds-2\/\",\"name\":\"Retours et remboursements - Paris\",\"isPartOf\":{\"@id\":\"https:\/\/arturo.winandoffice.com\/paris\/#website\"},\"datePublished\":\"2020-12-16T16:09:41+00:00\",\"dateModified\":\"2025-09-05T16:04:26+00:00\",\"breadcrumb\":{\"@id\":\"https:\/\/arturo.winandoffice.com\/paris\/returns-and-refunds-2\/#breadcrumb\"},\"inLanguage\":\"fr-FR\",\"potentialAction\":[{\"@type\":\"ReadAction\",\"target\":[\"https:\/\/arturo.winandoffice.com\/paris\/returns-and-refunds-2\/\"]}]},{\"@type\":\"BreadcrumbList\",\"@id\":\"https:\/\/arturo.winandoffice.com\/paris\/returns-and-refunds-2\/#breadcrumb\",\"itemListElement\":[{\"@type\":\"ListItem\",\"position\":1,\"name\":\"Home\",\"item\":\"https:\/\/arturo.winandoffice.com\/paris\/\"},{\"@type\":\"ListItem\",\"position\":2,\"name\":\"Retours et remboursements\"}]},{\"@type\":\"WebSite\",\"@id\":\"https:\/\/arturo.winandoffice.com\/paris\/#website\",\"url\":\"https:\/\/arturo.winandoffice.com\/paris\/\",\"name\":\"Paris\",\"description\":\"Achetez votre Office\",\"publisher\":{\"@id\":\"https:\/\/arturo.winandoffice.com\/paris\/#\/schema\/person\/8e3a1b04521cf33c29c497607542c9a2\"},\"potentialAction\":[{\"@type\":\"SearchAction\",\"target\":{\"@type\":\"EntryPoint\",\"urlTemplate\":\"https:\/\/arturo.winandoffice.com\/paris\/?s={search_term_string}\"},\"query-input\":{\"@type\":\"PropertyValueSpecification\",\"valueRequired\":true,\"valueName\":\"search_term_string\"}}],\"inLanguage\":\"fr-FR\"},{\"@type\":[\"Person\",\"Organization\"],\"@id\":\"https:\/\/arturo.winandoffice.com\/paris\/#\/schema\/person\/8e3a1b04521cf33c29c497607542c9a2\",\"name\":\"supervision\",\"image\":{\"@type\":\"ImageObject\",\"inLanguage\":\"fr-FR\",\"@id\":\"https:\/\/arturo.winandoffice.com\/paris\/#\/schema\/person\/image\/\",\"url\":\"https:\/\/secure.gravatar.com\/avatar\/eaaf033e92f8075258dc0ddd2a847958bda3e3bce9195b04fb85009b34ecfbcd?s=96&d=mm&r=g\",\"contentUrl\":\"https:\/\/secure.gravatar.com\/avatar\/eaaf033e92f8075258dc0ddd2a847958bda3e3bce9195b04fb85009b34ecfbcd?s=96&d=mm&r=g\",\"caption\":\"supervision\"},\"logo\":{\"@id\":\"https:\/\/arturo.winandoffice.com\/paris\/#\/schema\/person\/image\/\"},\"sameAs\":[\"https:\/\/kaijapaneseroots.com\/\"]}]}<\/script>\n<!-- \/ Yoast SEO plugin. -->","yoast_head_json":{"title":"Retours et remboursements - Paris","robots":{"index":"index","follow":"follow","max-snippet":"max-snippet:-1","max-image-preview":"max-image-preview:large","max-video-preview":"max-video-preview:-1"},"canonical":"https:\/\/arturo.winandoffice.com\/paris\/returns-and-refunds-2\/","og_locale":"fr_FR","og_type":"article","og_title":"Retours et remboursements - Paris","og_description":"Pas de frais de retour Pas de frais de livraison Remboursement complet sous 30 jours Garantie de remplacement \u00e0 vie Informations sur le droit de r\u00e9tractation Vous avez le droit de r\u00e9silier ce contrat sans donner de motif dans un d\u00e9lai de 30 jours \u00e0 compter de la r\u00e9ception de la marchandise. Pour exercer votre [&hellip;]","og_url":"https:\/\/arturo.winandoffice.com\/paris\/returns-and-refunds-2\/","og_site_name":"Paris","article_modified_time":"2025-09-05T16:04:26+00:00","twitter_card":"summary_large_image","twitter_misc":{"Dur\u00e9e de lecture estim\u00e9e":"2 minutes"},"schema":{"@context":"https:\/\/schema.org","@graph":[{"@type":"WebPage","@id":"https:\/\/arturo.winandoffice.com\/paris\/returns-and-refunds-2\/","url":"https:\/\/arturo.winandoffice.com\/paris\/returns-and-refunds-2\/","name":"Retours et remboursements - Paris","isPartOf":{"@id":"https:\/\/arturo.winandoffice.com\/paris\/#website"},"datePublished":"2020-12-16T16:09:41+00:00","dateModified":"2025-09-05T16:04:26+00:00","breadcrumb":{"@id":"https:\/\/arturo.winandoffice.com\/paris\/returns-and-refunds-2\/#breadcrumb"},"inLanguage":"fr-FR","potentialAction":[{"@type":"ReadAction","target":["https:\/\/arturo.winandoffice.com\/paris\/returns-and-refunds-2\/"]}]},{"@type":"BreadcrumbList","@id":"https:\/\/arturo.winandoffice.com\/paris\/returns-and-refunds-2\/#breadcrumb","itemListElement":[{"@type":"ListItem","position":1,"name":"Home","item":"https:\/\/arturo.winandoffice.com\/paris\/"},{"@type":"ListItem","position":2,"name":"Retours et remboursements"}]},{"@type":"WebSite","@id":"https:\/\/arturo.winandoffice.com\/paris\/#website","url":"https:\/\/arturo.winandoffice.com\/paris\/","name":"Paris","description":"Achetez votre Office","publisher":{"@id":"https:\/\/arturo.winandoffice.com\/paris\/#\/schema\/person\/8e3a1b04521cf33c29c497607542c9a2"},"potentialAction":[{"@type":"SearchAction","target":{"@type":"EntryPoint","urlTemplate":"https:\/\/arturo.winandoffice.com\/paris\/?s={search_term_string}"},"query-input":{"@type":"PropertyValueSpecification","valueRequired":true,"valueName":"search_term_string"}}],"inLanguage":"fr-FR"},{"@type":["Person","Organization"],"@id":"https:\/\/arturo.winandoffice.com\/paris\/#\/schema\/person\/8e3a1b04521cf33c29c497607542c9a2","name":"supervision","image":{"@type":"ImageObject","inLanguage":"fr-FR","@id":"https:\/\/arturo.winandoffice.com\/paris\/#\/schema\/person\/image\/","url":"https:\/\/secure.gravatar.com\/avatar\/eaaf033e92f8075258dc0ddd2a847958bda3e3bce9195b04fb85009b34ecfbcd?s=96&d=mm&r=g","contentUrl":"https:\/\/secure.gravatar.com\/avatar\/eaaf033e92f8075258dc0ddd2a847958bda3e3bce9195b04fb85009b34ecfbcd?s=96&d=mm&r=g","caption":"supervision"},"logo":{"@id":"https:\/\/arturo.winandoffice.com\/paris\/#\/schema\/person\/image\/"},"sameAs":["https:\/\/kaijapaneseroots.com\/"]}]}},"acf":[],"_links":{"self":[{"href":"https:\/\/arturo.winandoffice.com\/paris\/wp-json\/wp\/v2\/pages\/1156","targetHints":{"allow":["GET"]}}],"collection":[{"href":"https:\/\/arturo.winandoffice.com\/paris\/wp-json\/wp\/v2\/pages"}],"about":[{"href":"https:\/\/arturo.winandoffice.com\/paris\/wp-json\/wp\/v2\/types\/page"}],"author":[{"embeddable":true,"href":"https:\/\/arturo.winandoffice.com\/paris\/wp-json\/wp\/v2\/users\/1"}],"replies":[{"embeddable":true,"href":"https:\/\/arturo.winandoffice.com\/paris\/wp-json\/wp\/v2\/comments?post=1156"}],"version-history":[{"count":0,"href":"https:\/\/arturo.winandoffice.com\/paris\/wp-json\/wp\/v2\/pages\/1156\/revisions"}],"wp:attachment":[{"href":"https:\/\/arturo.winandoffice.com\/paris\/wp-json\/wp\/v2\/media?parent=1156"}],"curies":[{"name":"wp","href":"https:\/\/api.w.org\/{rel}","templated":true}]}}