{"id":1150,"date":"2020-12-16T15:58:31","date_gmt":"2020-12-16T15:58:31","guid":{"rendered":"https:\/\/shop.winandoffice.com\/?page_id=1150"},"modified":"2023-07-09T16:04:10","modified_gmt":"2023-07-09T14:04:10","slug":"payment-and-delivery","status":"publish","type":"page","link":"https:\/\/arturo.winandoffice.com\/paris\/payment-and-delivery\/","title":{"rendered":"Paiement et livraison"},"content":{"rendered":"<h6>Exp\u00e9dition<\/h6>\r\n<p>Nos produits sont exp\u00e9di\u00e9s sous forme num\u00e9rique. D\u00e8s que nous aurons confirm\u00e9 la r\u00e9ception de votre paiement, vous recevrez un e-mail contenant toutes les informations n\u00e9cessaires au t\u00e9l\u00e9chargement, \u00e0 l&#8217;installation et \u00e0 l&#8217;activation.<\/p>\r\n<p>Pour garantir la livraison des produits, vous devez vous assurer que vous saisissez correctement votre adresse \u00e9lectronique lors de la commande !<\/p>\r\n<p>Il n&#8217;y a pas de frais d&#8217;exp\u00e9dition pour l&#8217;envoi par courrier \u00e9lectronique.<\/p>\r\n<p>Options et conditions de paiement<\/p>\r\n<h6>PayPal<\/h6>\r\n<p>Payez rapidement et facilement avec PayPal. C&#8217;est le moyen le plus rapide de recevoir votre commande, g\u00e9n\u00e9ralement dans les 15 minutes.<\/p>\r\n<h6>Carte de cr\u00e9dit<\/h6>\r\n<p>Vous pouvez \u00e9galement payer par carte de cr\u00e9dit via le syst\u00e8me PayPal. Comme pour le paiement par PayPal, le paiement sera confirm\u00e9 dans notre syst\u00e8me en quelques minutes et la commande sera envoy\u00e9e peu apr\u00e8s.<\/p>\r\n<h6>Virement bancaire<\/h6>\r\n<p>Une fois la commande termin\u00e9e, vous recevrez des informations concernant le virement sur notre compte bancaire. L&#8217;envoi sera effectu\u00e9 d\u00e8s que nous aurons confirm\u00e9 la r\u00e9ception du paiement. Si vous nous envoyez le re\u00e7u de votre virement, la commande sera exp\u00e9di\u00e9e le jour m\u00eame.<\/p>\r\n","protected":false},"excerpt":{"rendered":"<p>Exp\u00e9dition Nos produits sont exp\u00e9di\u00e9s sous forme num\u00e9rique. D\u00e8s que nous aurons confirm\u00e9 la r\u00e9ception de votre paiement, vous recevrez un e-mail contenant toutes les informations n\u00e9cessaires au t\u00e9l\u00e9chargement, \u00e0 l&#8217;installation et \u00e0 l&#8217;activation. Pour garantir la livraison des produits, vous devez vous assurer que vous saisissez correctement votre adresse \u00e9lectronique lors de la commande [&hellip;]<\/p>\n","protected":false},"author":1,"featured_media":0,"parent":0,"menu_order":0,"comment_status":"closed","ping_status":"closed","template":"","meta":{"_acf_changed":false,"footnotes":""},"class_list":["post-1150","page","type-page","status-publish","hentry"],"yoast_head":"<!-- This site is optimized with the Yoast SEO plugin v26.7 - https:\/\/yoast.com\/wordpress\/plugins\/seo\/ -->\n<title>Paiement et livraison - Paris<\/title>\n<meta name=\"robots\" content=\"index, follow, max-snippet:-1, max-image-preview:large, max-video-preview:-1\" \/>\n<link rel=\"canonical\" href=\"https:\/\/arturo.winandoffice.com\/paris\/payment-and-delivery\/\" \/>\n<meta property=\"og:locale\" content=\"fr_FR\" \/>\n<meta property=\"og:type\" content=\"article\" \/>\n<meta property=\"og:title\" content=\"Paiement et livraison - Paris\" \/>\n<meta property=\"og:description\" content=\"Exp\u00e9dition Nos produits sont exp\u00e9di\u00e9s sous forme num\u00e9rique. D\u00e8s que nous aurons confirm\u00e9 la r\u00e9ception de votre paiement, vous recevrez un e-mail contenant toutes les informations n\u00e9cessaires au t\u00e9l\u00e9chargement, \u00e0 l&#8217;installation et \u00e0 l&#8217;activation. Pour garantir la livraison des produits, vous devez vous assurer que vous saisissez correctement votre adresse \u00e9lectronique lors de la commande [&hellip;]\" \/>\n<meta property=\"og:url\" content=\"https:\/\/arturo.winandoffice.com\/paris\/payment-and-delivery\/\" \/>\n<meta property=\"og:site_name\" content=\"Paris\" \/>\n<meta property=\"article:modified_time\" content=\"2023-07-09T14:04:10+00:00\" \/>\n<meta name=\"twitter:card\" content=\"summary_large_image\" \/>\n<meta name=\"twitter:label1\" content=\"Dur\u00e9e de lecture estim\u00e9e\" \/>\n\t<meta name=\"twitter:data1\" content=\"1 minute\" \/>\n<script type=\"application\/ld+json\" class=\"yoast-schema-graph\">{\"@context\":\"https:\/\/schema.org\",\"@graph\":[{\"@type\":\"WebPage\",\"@id\":\"https:\/\/arturo.winandoffice.com\/paris\/payment-and-delivery\/\",\"url\":\"https:\/\/arturo.winandoffice.com\/paris\/payment-and-delivery\/\",\"name\":\"Paiement et livraison - Paris\",\"isPartOf\":{\"@id\":\"https:\/\/arturo.winandoffice.com\/paris\/#website\"},\"datePublished\":\"2020-12-16T15:58:31+00:00\",\"dateModified\":\"2023-07-09T14:04:10+00:00\",\"breadcrumb\":{\"@id\":\"https:\/\/arturo.winandoffice.com\/paris\/payment-and-delivery\/#breadcrumb\"},\"inLanguage\":\"fr-FR\",\"potentialAction\":[{\"@type\":\"ReadAction\",\"target\":[\"https:\/\/arturo.winandoffice.com\/paris\/payment-and-delivery\/\"]}]},{\"@type\":\"BreadcrumbList\",\"@id\":\"https:\/\/arturo.winandoffice.com\/paris\/payment-and-delivery\/#breadcrumb\",\"itemListElement\":[{\"@type\":\"ListItem\",\"position\":1,\"name\":\"Home\",\"item\":\"https:\/\/arturo.winandoffice.com\/paris\/\"},{\"@type\":\"ListItem\",\"position\":2,\"name\":\"Paiement et livraison\"}]},{\"@type\":\"WebSite\",\"@id\":\"https:\/\/arturo.winandoffice.com\/paris\/#website\",\"url\":\"https:\/\/arturo.winandoffice.com\/paris\/\",\"name\":\"Paris\",\"description\":\"Achetez votre Office\",\"publisher\":{\"@id\":\"https:\/\/arturo.winandoffice.com\/paris\/#\/schema\/person\/8e3a1b04521cf33c29c497607542c9a2\"},\"potentialAction\":[{\"@type\":\"SearchAction\",\"target\":{\"@type\":\"EntryPoint\",\"urlTemplate\":\"https:\/\/arturo.winandoffice.com\/paris\/?s={search_term_string}\"},\"query-input\":{\"@type\":\"PropertyValueSpecification\",\"valueRequired\":true,\"valueName\":\"search_term_string\"}}],\"inLanguage\":\"fr-FR\"},{\"@type\":[\"Person\",\"Organization\"],\"@id\":\"https:\/\/arturo.winandoffice.com\/paris\/#\/schema\/person\/8e3a1b04521cf33c29c497607542c9a2\",\"name\":\"supervision\",\"image\":{\"@type\":\"ImageObject\",\"inLanguage\":\"fr-FR\",\"@id\":\"https:\/\/arturo.winandoffice.com\/paris\/#\/schema\/person\/image\/\",\"url\":\"https:\/\/secure.gravatar.com\/avatar\/eaaf033e92f8075258dc0ddd2a847958bda3e3bce9195b04fb85009b34ecfbcd?s=96&d=mm&r=g\",\"contentUrl\":\"https:\/\/secure.gravatar.com\/avatar\/eaaf033e92f8075258dc0ddd2a847958bda3e3bce9195b04fb85009b34ecfbcd?s=96&d=mm&r=g\",\"caption\":\"supervision\"},\"logo\":{\"@id\":\"https:\/\/arturo.winandoffice.com\/paris\/#\/schema\/person\/image\/\"},\"sameAs\":[\"https:\/\/kaijapaneseroots.com\/\"]}]}<\/script>\n<!-- \/ Yoast SEO plugin. -->","yoast_head_json":{"title":"Paiement et livraison - Paris","robots":{"index":"index","follow":"follow","max-snippet":"max-snippet:-1","max-image-preview":"max-image-preview:large","max-video-preview":"max-video-preview:-1"},"canonical":"https:\/\/arturo.winandoffice.com\/paris\/payment-and-delivery\/","og_locale":"fr_FR","og_type":"article","og_title":"Paiement et livraison - Paris","og_description":"Exp\u00e9dition Nos produits sont exp\u00e9di\u00e9s sous forme num\u00e9rique. D\u00e8s que nous aurons confirm\u00e9 la r\u00e9ception de votre paiement, vous recevrez un e-mail contenant toutes les informations n\u00e9cessaires au t\u00e9l\u00e9chargement, \u00e0 l&#8217;installation et \u00e0 l&#8217;activation. Pour garantir la livraison des produits, vous devez vous assurer que vous saisissez correctement votre adresse \u00e9lectronique lors de la commande [&hellip;]","og_url":"https:\/\/arturo.winandoffice.com\/paris\/payment-and-delivery\/","og_site_name":"Paris","article_modified_time":"2023-07-09T14:04:10+00:00","twitter_card":"summary_large_image","twitter_misc":{"Dur\u00e9e de lecture estim\u00e9e":"1 minute"},"schema":{"@context":"https:\/\/schema.org","@graph":[{"@type":"WebPage","@id":"https:\/\/arturo.winandoffice.com\/paris\/payment-and-delivery\/","url":"https:\/\/arturo.winandoffice.com\/paris\/payment-and-delivery\/","name":"Paiement et livraison - Paris","isPartOf":{"@id":"https:\/\/arturo.winandoffice.com\/paris\/#website"},"datePublished":"2020-12-16T15:58:31+00:00","dateModified":"2023-07-09T14:04:10+00:00","breadcrumb":{"@id":"https:\/\/arturo.winandoffice.com\/paris\/payment-and-delivery\/#breadcrumb"},"inLanguage":"fr-FR","potentialAction":[{"@type":"ReadAction","target":["https:\/\/arturo.winandoffice.com\/paris\/payment-and-delivery\/"]}]},{"@type":"BreadcrumbList","@id":"https:\/\/arturo.winandoffice.com\/paris\/payment-and-delivery\/#breadcrumb","itemListElement":[{"@type":"ListItem","position":1,"name":"Home","item":"https:\/\/arturo.winandoffice.com\/paris\/"},{"@type":"ListItem","position":2,"name":"Paiement et livraison"}]},{"@type":"WebSite","@id":"https:\/\/arturo.winandoffice.com\/paris\/#website","url":"https:\/\/arturo.winandoffice.com\/paris\/","name":"Paris","description":"Achetez votre Office","publisher":{"@id":"https:\/\/arturo.winandoffice.com\/paris\/#\/schema\/person\/8e3a1b04521cf33c29c497607542c9a2"},"potentialAction":[{"@type":"SearchAction","target":{"@type":"EntryPoint","urlTemplate":"https:\/\/arturo.winandoffice.com\/paris\/?s={search_term_string}"},"query-input":{"@type":"PropertyValueSpecification","valueRequired":true,"valueName":"search_term_string"}}],"inLanguage":"fr-FR"},{"@type":["Person","Organization"],"@id":"https:\/\/arturo.winandoffice.com\/paris\/#\/schema\/person\/8e3a1b04521cf33c29c497607542c9a2","name":"supervision","image":{"@type":"ImageObject","inLanguage":"fr-FR","@id":"https:\/\/arturo.winandoffice.com\/paris\/#\/schema\/person\/image\/","url":"https:\/\/secure.gravatar.com\/avatar\/eaaf033e92f8075258dc0ddd2a847958bda3e3bce9195b04fb85009b34ecfbcd?s=96&d=mm&r=g","contentUrl":"https:\/\/secure.gravatar.com\/avatar\/eaaf033e92f8075258dc0ddd2a847958bda3e3bce9195b04fb85009b34ecfbcd?s=96&d=mm&r=g","caption":"supervision"},"logo":{"@id":"https:\/\/arturo.winandoffice.com\/paris\/#\/schema\/person\/image\/"},"sameAs":["https:\/\/kaijapaneseroots.com\/"]}]}},"acf":[],"_links":{"self":[{"href":"https:\/\/arturo.winandoffice.com\/paris\/wp-json\/wp\/v2\/pages\/1150","targetHints":{"allow":["GET"]}}],"collection":[{"href":"https:\/\/arturo.winandoffice.com\/paris\/wp-json\/wp\/v2\/pages"}],"about":[{"href":"https:\/\/arturo.winandoffice.com\/paris\/wp-json\/wp\/v2\/types\/page"}],"author":[{"embeddable":true,"href":"https:\/\/arturo.winandoffice.com\/paris\/wp-json\/wp\/v2\/users\/1"}],"replies":[{"embeddable":true,"href":"https:\/\/arturo.winandoffice.com\/paris\/wp-json\/wp\/v2\/comments?post=1150"}],"version-history":[{"count":0,"href":"https:\/\/arturo.winandoffice.com\/paris\/wp-json\/wp\/v2\/pages\/1150\/revisions"}],"wp:attachment":[{"href":"https:\/\/arturo.winandoffice.com\/paris\/wp-json\/wp\/v2\/media?parent=1150"}],"curies":[{"name":"wp","href":"https:\/\/api.w.org\/{rel}","templated":true}]}}