{"id":11056,"date":"2021-03-03T15:10:06","date_gmt":"2021-03-03T14:10:06","guid":{"rendered":"https:\/\/shop.winandoffice.com\/?page_id=11056"},"modified":"2023-07-09T14:27:43","modified_gmt":"2023-07-09T12:27:43","slug":"legal-basis","status":"publish","type":"page","link":"https:\/\/arturo.winandoffice.com\/paris\/legal-basis\/","title":{"rendered":"Base juridique"},"content":{"rendered":"<h6>Droit de la distribution<\/h6>\n<p>Les fabricants de logiciels tels que Microsoft ou Corel autorisent des partenaires commerciaux certifi\u00e9s (revendeurs) \u00e0 vendre leurs produits aux consommateurs. Il s&#8217;agit de ce que l&#8217;on appelle les droits de revente. Seuls les partenaires agr\u00e9\u00e9s sont autoris\u00e9s \u00e0 vendre des licences de logiciels et sont obligatoirement membres du programme de partenariat du fabricant. Les revendeurs ont le droit non exclusif de commercialiser et de distribuer activement les logiciels sous licence au sein de l&#8217;UE\/AELE. Toutefois, les partenaires commerciaux peuvent \u00e9galement \u00eatre actifs dans d&#8217;autres r\u00e9gions, ce qui n\u00e9cessite un accord \u00e9crit.<\/p>\n<p>Le distributeur est tenu de proposer les produits logiciels sous les noms de produits des fabricants respectifs. Les droits de propri\u00e9t\u00e9 et les avis de copyright pertinents doivent \u00eatre respect\u00e9s ou suivis. Toutes les marques commerciales et d\u00e9pos\u00e9es sont la propri\u00e9t\u00e9 de leurs fabricants respectifs. Les informations techniques doivent toujours correspondre aux informations du fabricant. Les images, ic\u00f4nes et logos sont utilis\u00e9s pour identifier les articles. Les marchandises vendues restent la propri\u00e9t\u00e9 du d\u00e9taillant jusqu&#8217;\u00e0 leur paiement int\u00e9gral.<\/p>\n<h6>Droit des licences<\/h6>\n<p>Selon la jurisprudence actuelle de la Cour f\u00e9d\u00e9rale de justice (BGH, arr\u00eat du 17 juillet 2013 &#8211; I ZR 129\/08), le commerce sp\u00e9cialis\u00e9 est tenu de documenter la l\u00e9galit\u00e9 et la lic\u00e9it\u00e9 des logiciels propos\u00e9s. Les licences de logiciels ne peuvent \u00eatre mises en circulation qu&#8217;avec l&#8217;accord du titulaire des droits. La licence est accord\u00e9e en \u00e9change d&#8217;un paiement qui permet d&#8217;atteindre une redevance correspondant \u00e0 la valeur \u00e9conomique du logiciel. Le titulaire des droits oblige le distributeur \u00e0 vendre le logiciel de mani\u00e8re permanente, sans limite de temps pour son utilisation. Le consommateur est inform\u00e9 que le logiciel est soumis aux conditions de licence et aux droits d&#8217;utilisation du produit du fabricant du logiciel.<\/p>\n<p>L&#8217;acheteur dispose d&#8217;un droit d&#8217;utilisation simple et illimit\u00e9 du logiciel. Il n&#8217;est pas autoris\u00e9 \u00e0 les copier ou \u00e0 permettre \u00e0 d&#8217;autres de les utiliser. Les droits d&#8217;utilisation multiple n\u00e9cessitent un accord s\u00e9par\u00e9.<\/p>\n<div id=\"gtx-trans\" style=\"position: absolute;left: 152px;top: 271px\">\n<div class=\"gtx-trans-icon\"><\/div>\n<\/div>\n","protected":false},"excerpt":{"rendered":"<p>Droit de la distribution Les fabricants de logiciels tels que Microsoft ou Corel autorisent des partenaires commerciaux certifi\u00e9s (revendeurs) \u00e0 vendre leurs produits aux consommateurs. Il s&#8217;agit de ce que l&#8217;on appelle les droits de revente. Seuls les partenaires agr\u00e9\u00e9s sont autoris\u00e9s \u00e0 vendre des licences de logiciels et sont obligatoirement membres du programme de [&hellip;]<\/p>\n","protected":false},"author":1,"featured_media":0,"parent":0,"menu_order":0,"comment_status":"closed","ping_status":"closed","template":"","meta":{"_acf_changed":false,"footnotes":""},"class_list":["post-11056","page","type-page","status-publish","hentry"],"yoast_head":"<!-- This site is optimized with the Yoast SEO plugin v26.7 - https:\/\/yoast.com\/wordpress\/plugins\/seo\/ -->\n<title>Base juridique - Paris<\/title>\n<meta name=\"robots\" content=\"index, follow, max-snippet:-1, max-image-preview:large, max-video-preview:-1\" \/>\n<link rel=\"canonical\" href=\"https:\/\/arturo.winandoffice.com\/paris\/legal-basis\/\" \/>\n<meta property=\"og:locale\" content=\"fr_FR\" \/>\n<meta property=\"og:type\" content=\"article\" \/>\n<meta property=\"og:title\" content=\"Base juridique - Paris\" \/>\n<meta property=\"og:description\" content=\"Droit de la distribution Les fabricants de logiciels tels que Microsoft ou Corel autorisent des partenaires commerciaux certifi\u00e9s (revendeurs) \u00e0 vendre leurs produits aux consommateurs. Il s&#8217;agit de ce que l&#8217;on appelle les droits de revente. Seuls les partenaires agr\u00e9\u00e9s sont autoris\u00e9s \u00e0 vendre des licences de logiciels et sont obligatoirement membres du programme de [&hellip;]\" \/>\n<meta property=\"og:url\" content=\"https:\/\/arturo.winandoffice.com\/paris\/legal-basis\/\" \/>\n<meta property=\"og:site_name\" content=\"Paris\" \/>\n<meta property=\"article:modified_time\" content=\"2023-07-09T12:27:43+00:00\" \/>\n<meta name=\"twitter:card\" content=\"summary_large_image\" \/>\n<meta name=\"twitter:label1\" content=\"Dur\u00e9e de lecture estim\u00e9e\" \/>\n\t<meta name=\"twitter:data1\" content=\"2 minutes\" \/>\n<script type=\"application\/ld+json\" class=\"yoast-schema-graph\">{\"@context\":\"https:\/\/schema.org\",\"@graph\":[{\"@type\":\"WebPage\",\"@id\":\"https:\/\/arturo.winandoffice.com\/paris\/legal-basis\/\",\"url\":\"https:\/\/arturo.winandoffice.com\/paris\/legal-basis\/\",\"name\":\"Base juridique - Paris\",\"isPartOf\":{\"@id\":\"https:\/\/arturo.winandoffice.com\/paris\/#website\"},\"datePublished\":\"2021-03-03T14:10:06+00:00\",\"dateModified\":\"2023-07-09T12:27:43+00:00\",\"breadcrumb\":{\"@id\":\"https:\/\/arturo.winandoffice.com\/paris\/legal-basis\/#breadcrumb\"},\"inLanguage\":\"fr-FR\",\"potentialAction\":[{\"@type\":\"ReadAction\",\"target\":[\"https:\/\/arturo.winandoffice.com\/paris\/legal-basis\/\"]}]},{\"@type\":\"BreadcrumbList\",\"@id\":\"https:\/\/arturo.winandoffice.com\/paris\/legal-basis\/#breadcrumb\",\"itemListElement\":[{\"@type\":\"ListItem\",\"position\":1,\"name\":\"Home\",\"item\":\"https:\/\/arturo.winandoffice.com\/paris\/\"},{\"@type\":\"ListItem\",\"position\":2,\"name\":\"Base juridique\"}]},{\"@type\":\"WebSite\",\"@id\":\"https:\/\/arturo.winandoffice.com\/paris\/#website\",\"url\":\"https:\/\/arturo.winandoffice.com\/paris\/\",\"name\":\"Paris\",\"description\":\"Achetez votre Office\",\"publisher\":{\"@id\":\"https:\/\/arturo.winandoffice.com\/paris\/#\/schema\/person\/8e3a1b04521cf33c29c497607542c9a2\"},\"potentialAction\":[{\"@type\":\"SearchAction\",\"target\":{\"@type\":\"EntryPoint\",\"urlTemplate\":\"https:\/\/arturo.winandoffice.com\/paris\/?s={search_term_string}\"},\"query-input\":{\"@type\":\"PropertyValueSpecification\",\"valueRequired\":true,\"valueName\":\"search_term_string\"}}],\"inLanguage\":\"fr-FR\"},{\"@type\":[\"Person\",\"Organization\"],\"@id\":\"https:\/\/arturo.winandoffice.com\/paris\/#\/schema\/person\/8e3a1b04521cf33c29c497607542c9a2\",\"name\":\"supervision\",\"image\":{\"@type\":\"ImageObject\",\"inLanguage\":\"fr-FR\",\"@id\":\"https:\/\/arturo.winandoffice.com\/paris\/#\/schema\/person\/image\/\",\"url\":\"https:\/\/secure.gravatar.com\/avatar\/eaaf033e92f8075258dc0ddd2a847958bda3e3bce9195b04fb85009b34ecfbcd?s=96&d=mm&r=g\",\"contentUrl\":\"https:\/\/secure.gravatar.com\/avatar\/eaaf033e92f8075258dc0ddd2a847958bda3e3bce9195b04fb85009b34ecfbcd?s=96&d=mm&r=g\",\"caption\":\"supervision\"},\"logo\":{\"@id\":\"https:\/\/arturo.winandoffice.com\/paris\/#\/schema\/person\/image\/\"},\"sameAs\":[\"https:\/\/kaijapaneseroots.com\/\"]}]}<\/script>\n<!-- \/ Yoast SEO plugin. -->","yoast_head_json":{"title":"Base juridique - Paris","robots":{"index":"index","follow":"follow","max-snippet":"max-snippet:-1","max-image-preview":"max-image-preview:large","max-video-preview":"max-video-preview:-1"},"canonical":"https:\/\/arturo.winandoffice.com\/paris\/legal-basis\/","og_locale":"fr_FR","og_type":"article","og_title":"Base juridique - Paris","og_description":"Droit de la distribution Les fabricants de logiciels tels que Microsoft ou Corel autorisent des partenaires commerciaux certifi\u00e9s (revendeurs) \u00e0 vendre leurs produits aux consommateurs. Il s&#8217;agit de ce que l&#8217;on appelle les droits de revente. Seuls les partenaires agr\u00e9\u00e9s sont autoris\u00e9s \u00e0 vendre des licences de logiciels et sont obligatoirement membres du programme de [&hellip;]","og_url":"https:\/\/arturo.winandoffice.com\/paris\/legal-basis\/","og_site_name":"Paris","article_modified_time":"2023-07-09T12:27:43+00:00","twitter_card":"summary_large_image","twitter_misc":{"Dur\u00e9e de lecture estim\u00e9e":"2 minutes"},"schema":{"@context":"https:\/\/schema.org","@graph":[{"@type":"WebPage","@id":"https:\/\/arturo.winandoffice.com\/paris\/legal-basis\/","url":"https:\/\/arturo.winandoffice.com\/paris\/legal-basis\/","name":"Base juridique - Paris","isPartOf":{"@id":"https:\/\/arturo.winandoffice.com\/paris\/#website"},"datePublished":"2021-03-03T14:10:06+00:00","dateModified":"2023-07-09T12:27:43+00:00","breadcrumb":{"@id":"https:\/\/arturo.winandoffice.com\/paris\/legal-basis\/#breadcrumb"},"inLanguage":"fr-FR","potentialAction":[{"@type":"ReadAction","target":["https:\/\/arturo.winandoffice.com\/paris\/legal-basis\/"]}]},{"@type":"BreadcrumbList","@id":"https:\/\/arturo.winandoffice.com\/paris\/legal-basis\/#breadcrumb","itemListElement":[{"@type":"ListItem","position":1,"name":"Home","item":"https:\/\/arturo.winandoffice.com\/paris\/"},{"@type":"ListItem","position":2,"name":"Base juridique"}]},{"@type":"WebSite","@id":"https:\/\/arturo.winandoffice.com\/paris\/#website","url":"https:\/\/arturo.winandoffice.com\/paris\/","name":"Paris","description":"Achetez votre Office","publisher":{"@id":"https:\/\/arturo.winandoffice.com\/paris\/#\/schema\/person\/8e3a1b04521cf33c29c497607542c9a2"},"potentialAction":[{"@type":"SearchAction","target":{"@type":"EntryPoint","urlTemplate":"https:\/\/arturo.winandoffice.com\/paris\/?s={search_term_string}"},"query-input":{"@type":"PropertyValueSpecification","valueRequired":true,"valueName":"search_term_string"}}],"inLanguage":"fr-FR"},{"@type":["Person","Organization"],"@id":"https:\/\/arturo.winandoffice.com\/paris\/#\/schema\/person\/8e3a1b04521cf33c29c497607542c9a2","name":"supervision","image":{"@type":"ImageObject","inLanguage":"fr-FR","@id":"https:\/\/arturo.winandoffice.com\/paris\/#\/schema\/person\/image\/","url":"https:\/\/secure.gravatar.com\/avatar\/eaaf033e92f8075258dc0ddd2a847958bda3e3bce9195b04fb85009b34ecfbcd?s=96&d=mm&r=g","contentUrl":"https:\/\/secure.gravatar.com\/avatar\/eaaf033e92f8075258dc0ddd2a847958bda3e3bce9195b04fb85009b34ecfbcd?s=96&d=mm&r=g","caption":"supervision"},"logo":{"@id":"https:\/\/arturo.winandoffice.com\/paris\/#\/schema\/person\/image\/"},"sameAs":["https:\/\/kaijapaneseroots.com\/"]}]}},"acf":[],"_links":{"self":[{"href":"https:\/\/arturo.winandoffice.com\/paris\/wp-json\/wp\/v2\/pages\/11056","targetHints":{"allow":["GET"]}}],"collection":[{"href":"https:\/\/arturo.winandoffice.com\/paris\/wp-json\/wp\/v2\/pages"}],"about":[{"href":"https:\/\/arturo.winandoffice.com\/paris\/wp-json\/wp\/v2\/types\/page"}],"author":[{"embeddable":true,"href":"https:\/\/arturo.winandoffice.com\/paris\/wp-json\/wp\/v2\/users\/1"}],"replies":[{"embeddable":true,"href":"https:\/\/arturo.winandoffice.com\/paris\/wp-json\/wp\/v2\/comments?post=11056"}],"version-history":[{"count":0,"href":"https:\/\/arturo.winandoffice.com\/paris\/wp-json\/wp\/v2\/pages\/11056\/revisions"}],"wp:attachment":[{"href":"https:\/\/arturo.winandoffice.com\/paris\/wp-json\/wp\/v2\/media?parent=11056"}],"curies":[{"name":"wp","href":"https:\/\/api.w.org\/{rel}","templated":true}]}}