{"id":35003,"date":"2023-03-20T13:12:10","date_gmt":"2023-03-20T11:12:10","guid":{"rendered":"https:\/\/arturo.winandoffice.com\/?post_type=product&#038;p=35003"},"modified":"2025-09-03T22:13:41","modified_gmt":"2025-09-03T21:13:41","slug":"microsoft-windows-11-professional-microsoft-office-2019-professional-plus","status":"publish","type":"product","link":"https:\/\/arturo.winandoffice.com\/nb\/produkt\/microsoft-windows-11-professional-microsoft-office-2019-professional-plus\/","title":{"rendered":"Microsoft Windows 11 Professional + Microsoft Office 2019 Professional Plus License for 3 PC"},"content":{"rendered":"<div class=\"wpb-content-wrapper\"><div class=\"vc_row wpb_row vc_row-fluid\" style=\"background-position: None!important;  \"><div class=\"wpb_column vc_column_container vc_col-sm-12\"><div class=\"vc_column-inner\"><div class=\"wpb_wrapper\">\n\t<div class=\"wpb_text_column wpb_content_element\" >\n\t\t<div class=\"wpb_wrapper\">\n\t\t\t<div id=\"primaryR2\" data-grid=\"container\" data-region-key=\"primaryr2\" data-m=\"{&quot;cN&quot;:&quot;primaryR2 1&quot;,&quot;cT&quot;:&quot;Region_coreui-region&quot;,&quot;id&quot;:&quot;r2a2&quot;,&quot;sN&quot;:2,&quot;aN&quot;:&quot;a2&quot;}\">\n<div id=\"coreui-banner-l03vzh8\" data-m=\"{&quot;cN&quot;:&quot;R2Banner 1&quot;,&quot;cT&quot;:&quot;Module_coreui-banner&quot;,&quot;id&quot;:&quot;m1r2a2&quot;,&quot;sN&quot;:1,&quot;aN&quot;:&quot;r2a2&quot;}\" data-module-id=\"WDG-Windows|primaryR2|coreui-region|coreui-banner-l03vzh8|coreui-banner\">\n<div class=\"m-banner f-align-left\" data-grid=\"col-12\">\n<p class=\"c-heading-3\"><strong><span style=\"font-size: 32px;\">Microsoft Windows 11 Professional-lisens for 3 PC-er (full ubegrenset versjon fra en sertifisert Microsoft Gold Partner)<\/span><\/strong><\/p>\n<p><strong>Med denne lisensen kan programvaren aktiveres p\u00e5 3 forskjellige enheter, f.eks. hjemme-pc, b\u00e6rbar PC og arbeids-pc.<\/strong><\/p>\n<p><strong>Livstids pengene tilbake-garanti!!!<\/strong><\/p>\n<p class=\"c-heading-3\">\n<\/div>\n<\/div>\n<div id=\"coreui-contentrichblock-o5iouct\" data-m=\"{&quot;cN&quot;:&quot;R2ContentRichBlock 1&quot;,&quot;cT&quot;:&quot;Module_coreui-contentrichblock&quot;,&quot;id&quot;:&quot;m3r2a2&quot;,&quot;sN&quot;:3,&quot;aN&quot;:&quot;r2a2&quot;}\" data-module-id=\"WDG-Windows|primaryR2|coreui-region|coreui-contentrichblock-o5iouct|coreui-contentrichblock\">\n<div class=\"m-rich-content-block context-ucx\" data-grid=\"col-12\">\n<p>&nbsp;<\/p>\n<\/div>\n<\/div>\n<div id=\"coreui-tablev2-62jrfm3\" data-m=\"{&quot;cN&quot;:&quot;R2TableV2 1&quot;,&quot;cT&quot;:&quot;Module_coreui-tablev2&quot;,&quot;id&quot;:&quot;m4r2a2&quot;,&quot;sN&quot;:4,&quot;aN&quot;:&quot;r2a2&quot;}\" data-module-id=\"WDG-Windows|primaryR2|coreui-region|coreui-tablev2-62jrfm3|coreui-tablev2\">\n<div class=\"m-table\">\n<div class=\"c-table\" data-f-loc-ascending=\"Sorted by {0} - ascending\" data-f-loc-descending=\"Sorted by {0} - descending\">\n<table>\n<tbody>\n<tr>\n<td class=\"f-divided\"><strong>Behandler:<\/strong><\/td>\n<td class=\"f-divided\">1 gigahertz (GHz) eller raskere med 2 eller flere kjerner p\u00e5 en <a href=\"https:\/\/docs.microsoft.com\/en-us\/windows-hardware\/design\/minimum\/windows-processor-requirements\">kompatibel 64-biters prosessor<\/a> eller system p\u00e5 en brikke (SoC)<\/td>\n<\/tr>\n<tr>\n<td class=\"f-divided\"><strong>RAM:<\/strong><\/td>\n<td class=\"f-divided\">4 gigabyte (GB)<\/td>\n<\/tr>\n<tr>\n<td class=\"f-divided\"><strong>Lagring:<\/strong><\/td>\n<td class=\"f-divided\">\n<p>64 GB eller st\u00f8rre lagringsenhet<\/p>\n<p>Merk: Se nedenfor under \"Mer informasjon om lagringsplass for \u00e5 holde Windows 11 oppdatert\" for mer informasjon.<\/td>\n<\/tr>\n<tr>\n<td class=\"f-divided\"><strong>Systemets fastvare:<\/strong><\/td>\n<td class=\"f-divided\">UEFI, Secure Boot-kompatibel<\/td>\n<\/tr>\n<tr>\n<td class=\"f-divided\"><strong>TPM:<\/strong><\/td>\n<td class=\"f-divided\">Trusted Platform Module (TPM) versjon 2.0 (klarert plattformmodul)<\/td>\n<\/tr>\n<tr>\n<td class=\"f-divided\"><strong>Grafikkort:<\/strong><\/td>\n<td class=\"f-divided\">Kompatibel med DirectX 12 eller nyere med WDDM 2.0-driveren<\/td>\n<\/tr>\n<tr>\n<td class=\"f-divided\"><strong>Vis:<\/strong><\/td>\n<td class=\"f-divided\">HD-skjerm (720p) som er st\u00f8rre enn 9\" diagonalt, 8 bits per fargekanal.<\/td>\n<\/tr>\n<tr>\n<td class=\"f-divided\"><strong>Internett-tilkobling og Microsoft-kontoer:&nbsp;<\/strong><\/td>\n<td class=\"f-divided\">\n<p>Microsoft Windows 11 Home Edition krever Internett-tilkobling og en Microsoft-konto for \u00e5 fullf\u00f8re oppsettet av enheten ved f\u00f8rste gangs bruk.<\/p>\n<p>For \u00e5 bytte en enhet ut av Microsoft Windows 11 Home i S-modus kreves det ogs\u00e5 Internett-tilkobling.<\/p>\n<p>For alle Microsoft Windows 11-utgaver kreves det Internett-tilgang for \u00e5 utf\u00f8re oppdateringer og for \u00e5 laste ned og dra nytte av enkelte funksjoner. En Microsoft-konto kreves for enkelte funksjoner.<\/td>\n<\/tr>\n<\/tbody>\n<\/table>\n<\/div>\n<\/div>\n<\/div>\n<div id=\"coreui-contentrichblock-wqm7a2a\" data-m=\"{&quot;cN&quot;:&quot;R2ContentRichBlock 2&quot;,&quot;cT&quot;:&quot;Module_coreui-contentrichblock&quot;,&quot;id&quot;:&quot;m5r2a2&quot;,&quot;sN&quot;:5,&quot;aN&quot;:&quot;r2a2&quot;}\" data-module-id=\"WDG-Windows|primaryR2|coreui-region|coreui-contentrichblock-wqm7a2a|coreui-contentrichblock\">\n<div class=\"m-rich-content-block context-ucx\" data-grid=\"col-12\">\n<p>There may be additional requirements over time for updates, as well as requirements to turn on&nbsp;specific features&nbsp;within the OS.<\/p>\n<\/div>\n<\/div>\n<\/div>\n<div id=\"primaryR3\" data-grid=\"container\" data-region-key=\"primaryr3\" data-m=\"{&quot;cN&quot;:&quot;primaryR3 1&quot;,&quot;cT&quot;:&quot;Region_coreui-region&quot;,&quot;id&quot;:&quot;r3a2&quot;,&quot;sN&quot;:3,&quot;aN&quot;:&quot;a2&quot;}\">\n<div id=\"coreui-divider-xjbne9z\" data-m=\"{&quot;cN&quot;:&quot;R2Divider 1&quot;,&quot;cT&quot;:&quot;Module_coreui-divider&quot;,&quot;id&quot;:&quot;m2r3a2&quot;,&quot;sN&quot;:2,&quot;aN&quot;:&quot;r3a2&quot;}\" data-module-id=\"WDG-Windows|primaryR3|coreui-region|coreui-divider-xjbne9z|coreui-divider\">\n<hr class=\"c-divider f-pad-top-3x\" data-grid=\"col-12\">\n<p>Noen funksjoner i Microsoft Windows 11 har \u00f8kte krav utover de som er oppf\u00f8rt ovenfor i avsnittet om minstekrav. Nedenfor finner du ytterligere informasjon om krav til viktige funksjoner:<\/p>\n<\/div>\n<div id=\"coreui-contentrichblock-rhi1sei\" data-m=\"{&quot;cN&quot;:&quot;R2ContentRichBlock 1&quot;,&quot;cT&quot;:&quot;Module_coreui-contentrichblock&quot;,&quot;id&quot;:&quot;m3r3a2&quot;,&quot;sN&quot;:3,&quot;aN&quot;:&quot;r3a2&quot;}\" data-module-id=\"WDG-Windows|primaryR3|coreui-region|coreui-contentrichblock-rhi1sei|coreui-contentrichblock\">\n<div class=\"m-rich-content-block context-ucx\" data-grid=\"col-12\">\n<div>\n<ul class=\"c-list\">\n<li><strong>5G-st\u00f8tte<\/strong> krever 5G-kompatibelt modem.<\/li>\n<li><strong>Auto HDR<\/strong> krever en HDR-skjerm.<\/li>\n<li><strong>BitLocker to Go<\/strong> krever en USB-minnepinne (tilgjengelig i Windows Pro og nyere utgaver).<\/li>\n<li><strong>Klient Hyper-V<\/strong> krever en prosessor med SLAT-funksjoner (second level address translation) (tilgjengelig i Windows Pro og nyere utgaver).<\/li>\n<li><strong>Cortana<\/strong> krever mikrofon og h\u00f8yttaler og er for \u00f8yeblikket tilgjengelig p\u00e5 Windows 11 for Australia, Brasil, Canada, Kina, Frankrike, Tyskland, India, Italia, Japan, Mexico, Spania, Storbritannia og USA.<\/li>\n<li><strong>Direkte lagring<\/strong> krever en NVMe SSD for \u00e5 lagre og kj\u00f8re spill som bruker \"Standard NVM Express Controller\"-driveren og en DirectX12 GPU med Shader Model 6.0-st\u00f8tte.<\/li>\n<li><strong>DirectX 12 Ultimate<\/strong> er tilgjengelig med st\u00f8ttede spill og grafikkbrikker.<\/li>\n<li><strong>Tilstedev\u00e6relse<\/strong> krever sensor som kan detektere menneskelig avstand fra enheten eller intensjon om \u00e5 samhandle med enheten.<\/li>\n<li><strong>Intelligente videokonferanser<\/strong> krever videokamera, mikrofon og h\u00f8yttaler (lydutgang).<\/li>\n<li><strong>Flere stemmeassistenter (MVA)<\/strong> krever mikrofon og h\u00f8yttaler.<\/li>\n<li><strong>Snap<\/strong> oppsett med tre kolonner krever en skjerm som er 1920 effektive piksler eller st\u00f8rre i bredden.<\/li>\n<li><strong>Sl\u00e5 av\/p\u00e5 lyd fra oppgavelinjen<\/strong> krever videokamera, mikrofon og h\u00f8yttaler (lydutgang). Appen m\u00e5 v\u00e6re kompatibel med funksjonen for \u00e5 aktivere global mute\/unmute.<\/li>\n<li><strong>Romlig lyd<\/strong> krever st\u00f8tte for maskinvare og programvare.<\/li>\n<li><strong>Lag<\/strong> krever videokamera, mikrofon og h\u00f8yttaler (lydutgang).<\/li>\n<li><strong>Ber\u00f8ring<\/strong> krever en skjerm eller monitor som st\u00f8tter multi-touch.<\/li>\n<li><strong>Tofaktorautentisering<\/strong> requires use of PIN, biometric (fingerprint reader or illuminated infrared camera), or a phone with Wi-Fi&nbsp;or Bluetooth capabilities.<\/li>\n<li><strong>Stemmeskriving<\/strong> krever en PC med mikrofon.<\/li>\n<li><strong>Wake on Voice<\/strong> krever Modern Standby-str\u00f8mmodell og mikrofon.<\/li>\n<li><strong>Wi-Fi 6E<\/strong> krever ny WLAN IHV-maskinvare og driver og en Wi-Fi 6E-kompatibel AP\/ruter.<\/li>\n<li><strong>Windows Hello<\/strong> krever et kamera konfigurert for n\u00e6r infrar\u00f8d (IR) bildebehandling eller fingeravtrykksleser for biometrisk autentisering. Enheter uten biometriske sensorer kan bruke Windows Hello med en PIN-kode eller b\u00e6rbar Microsoft-kompatibel sikkerhetsn\u00f8kkel.<\/li>\n<li><strong>Windows-projeksjon<\/strong> krever en skjermadapter som st\u00f8tter Windows Display Driver Model (WDDM) 2.0 og en Wi-Fi-adapter som st\u00f8tter Wi-Fi Direct.<\/li>\n<li><strong>Xbox (app)<\/strong> krever en Xbox Live-konto, som ikke er tilgjengelig i alle regioner. Se Xbox Live-land og -regioner for den mest oppdaterte informasjonen om tilgjengelighet. Noen funksjoner i Xbox-appen krever et aktivt Xbox Game Pass-abonnement. Finn ut mer om passet.<\/li>\n<\/ul>\n<\/div>\n<p><strong><span style=\"font-size: 32px;\">Microsoft Office 2019 Professional Plus-lisens for 3 PC-er (full ubegrenset versjon fra en sertifisert Microsoft Gold Partner)<\/span><\/strong><\/p>\n<p><strong>Med denne lisensen kan programvaren aktiveres p\u00e5 3 forskjellige enheter, f.eks. hjemme-pc, b\u00e6rbar PC og arbeids-pc.<\/strong><\/p>\n<p><strong>Livstids pengene tilbake-garanti!!!<\/strong><\/p>\n<p>Den nyeste versjonen av Microsoft Office-pakken inneholder en rekke forbedringer n\u00e5r det gjelder brukervennlighet, funksjonalitet og sikkerhet. Microsoft Office 2019 Professional Plus er tilpasset de nye personvernreglene og er kun kompatibel med Windows 10. Microsoft Office 2019 Professional Plus-pakken er egnet for profesjonelle brukere som trenger et komplett utvalg av funksjoner uten begrensninger. Den inkluderer Word, Excel, PowerPoint, Outlook, Publisher, Access og Lync. OneNote er n\u00e5 inkludert direkte i Windows 10-operativsystemet.<\/p>\n<p><strong>Minimumskrav til systemet<\/strong><\/p>\n<p>Windows 10 operativsystem<\/p>\n<p>1,6 GHz eller raskere dual-core CPU<\/p>\n<p>2 GB RAM for 32-bit eller 4 GB RAM for 64-bit.<\/p>\n<p>4 GB tilgjengelig harddiskplass<\/p>\n<p><strong>Hjelp og st\u00f8tte:<\/strong><\/p>\n<p>Hvis du har sp\u00f8rsm\u00e5l, er du velkommen til \u00e5 kontakte oss <a href=\"mailto:support@arturo.winandoffice.com\" target=\"_blank\" rel=\"noopener\">via e-post<\/a>.&nbsp;Our customer service and support is available 7 days a week, 24 hours a day.<\/p>\n<\/div>\n<\/div>\n<\/div>\n\n\t\t<\/div>\n\t<\/div>\n<\/div><\/div><\/div><\/div>\n<\/div>","protected":false},"excerpt":{"rendered":"<ul>\n<li>Microsoft Windows 11 Professional-lisens for 3 PC-er<\/li>\n<li>Microsoft Office 2019 Professional Plus-lisens for 3 PC-er<\/li>\n<li>Versjon for 32- og 64-biters systemer, ubegrenset antall versjoner av programvaren <strong>fra sertifisert Microsoft Gold Partner<\/strong><\/li>\n<li>Levering via e-post: produktn\u00f8kkel, instruksjoner, nedlastingslenker, faktura.<\/li>\n<li>\u00d8yeblikkelig nedlasting!<\/li>\n<li>Ingen tidsbegrensning, ingen abonnement<\/li>\n<li>Gratis st\u00f8tte under installasjon og aktivering<\/li>\n<li>Ikke tilgjengelig p\u00e5 fysiske medier (USB, CD osv.).<\/li>\n<li>Aktivering p\u00e5 nett og via telefon<\/li>\n<li><strong><span style=\"color: #008000;\"> Dette produktet er kompatibelt med Windows.<\/span><\/strong><\/li>\n<li><strong><span style=\"color: #ff0000;\">NOT compatible with Apple macOS\u2122, Apple Processors, Parallels for Mac, Android devices and Chromebooks.<\/span><\/strong><\/li>\n<\/ul>","protected":false},"featured_media":100000116598,"comment_status":"closed","ping_status":"closed","template":"","meta":{"_acf_changed":false},"product_brand":[],"product_cat":[160,155,162,156,168],"product_tag":[236,235,163,164,165],"class_list":{"0":"post-35003","1":"product","2":"type-product","3":"status-publish","4":"has-post-thumbnail","6":"product_cat-combo","7":"product_cat-office-2019","8":"product_cat-office-2021","9":"product_cat-popular","10":"product_cat-windows-11","11":"product_tag-microsoft-windows-11-professional-microsoft-office-2019-professional-plus","12":"product_tag-microsoft-windows-11-professional-microsoft-office-2019-professional-plus-license-for-3-pcs","13":"product_tag-office","14":"product_tag-office-2021","15":"product_tag-windows-11","17":"first","18":"instock","19":"sale","20":"virtual","21":"taxable","22":"purchasable","23":"product-type-simple"},"yoast_head":"<!-- This site is optimized with the Yoast SEO plugin v26.7 - https:\/\/yoast.com\/wordpress\/plugins\/seo\/ -->\n<title>Microsoft Windows 11 Professional + Microsoft Office 2019 Professional Plus license for 3 PCs<\/title>\n<meta name=\"description\" content=\"With this license the software can be activated on 3 different devices, e.g. home PC, notebook and work PC. Lifetime Replacement Warranty!!!\" \/>\n<meta name=\"robots\" content=\"index, follow, max-snippet:-1, max-image-preview:large, max-video-preview:-1\" \/>\n<link rel=\"canonical\" href=\"https:\/\/arturo.winandoffice.com\/nb\/produkt\/microsoft-windows-11-professional-microsoft-office-2019-professional-plus\/\" \/>\n<meta property=\"og:locale\" content=\"nb_NO\" \/>\n<meta property=\"og:type\" content=\"article\" \/>\n<meta property=\"og:title\" content=\"Microsoft Windows 11 Professional + Microsoft Office 2019 Professional Plus license for 3 PCs\" \/>\n<meta property=\"og:description\" content=\"With this license the software can be activated on 3 different devices, e.g. home PC, notebook and work PC. Lifetime Replacement Warranty!!!\" \/>\n<meta property=\"og:url\" content=\"https:\/\/arturo.winandoffice.com\/nb\/produkt\/microsoft-windows-11-professional-microsoft-office-2019-professional-plus\/\" \/>\n<meta property=\"og:site_name\" content=\"Arturo Card Shop\" \/>\n<meta property=\"article:publisher\" content=\"https:\/\/www.facebook.com\/Gamecardshopdotcom\" \/>\n<meta property=\"article:modified_time\" content=\"2025-09-03T21:13:41+00:00\" \/>\n<meta name=\"twitter:card\" content=\"summary_large_image\" \/>\n<meta name=\"twitter:site\" content=\"@gamecardshop_\" \/>\n<meta name=\"twitter:label1\" content=\"Ansl. lesetid\" \/>\n\t<meta name=\"twitter:data1\" content=\"4 minutter\" \/>\n<script type=\"application\/ld+json\" class=\"yoast-schema-graph\">{\"@context\":\"https:\/\/schema.org\",\"@graph\":[{\"@type\":\"WebPage\",\"@id\":\"https:\/\/arturo.winandoffice.com\/produkt\/microsoft-windows-11-professional-microsoft-office-2019-professional-plus\/\",\"url\":\"https:\/\/arturo.winandoffice.com\/produkt\/microsoft-windows-11-professional-microsoft-office-2019-professional-plus\/\",\"name\":\"Microsoft Windows 11 Professional + Microsoft Office 2019 Professional Plus license for 3 PCs\",\"isPartOf\":{\"@id\":\"https:\/\/arturo.winandoffice.com\/es\/#website\"},\"primaryImageOfPage\":{\"@id\":\"https:\/\/arturo.winandoffice.com\/produkt\/microsoft-windows-11-professional-microsoft-office-2019-professional-plus\/#primaryimage\"},\"image\":{\"@id\":\"https:\/\/arturo.winandoffice.com\/produkt\/microsoft-windows-11-professional-microsoft-office-2019-professional-plus\/#primaryimage\"},\"thumbnailUrl\":\"https:\/\/arturo.winandoffice.com\/wp-content\/uploads\/2023\/03\/W11PO19PP.jpg\",\"datePublished\":\"2023-03-20T11:12:10+00:00\",\"dateModified\":\"2025-09-03T21:13:41+00:00\",\"description\":\"With this license the software can be activated on 3 different devices, e.g. home PC, notebook and work PC. Lifetime Replacement Warranty!!!\",\"breadcrumb\":{\"@id\":\"https:\/\/arturo.winandoffice.com\/produkt\/microsoft-windows-11-professional-microsoft-office-2019-professional-plus\/#breadcrumb\"},\"inLanguage\":\"nb-NO\",\"potentialAction\":[{\"@type\":\"ReadAction\",\"target\":[\"https:\/\/arturo.winandoffice.com\/produkt\/microsoft-windows-11-professional-microsoft-office-2019-professional-plus\/\"]}]},{\"@type\":\"ImageObject\",\"inLanguage\":\"nb-NO\",\"@id\":\"https:\/\/arturo.winandoffice.com\/produkt\/microsoft-windows-11-professional-microsoft-office-2019-professional-plus\/#primaryimage\",\"url\":\"https:\/\/arturo.winandoffice.com\/wp-content\/uploads\/2023\/03\/W11PO19PP.jpg\",\"contentUrl\":\"https:\/\/arturo.winandoffice.com\/wp-content\/uploads\/2023\/03\/W11PO19PP.jpg\"},{\"@type\":\"BreadcrumbList\",\"@id\":\"https:\/\/arturo.winandoffice.com\/produkt\/microsoft-windows-11-professional-microsoft-office-2019-professional-plus\/#breadcrumb\",\"itemListElement\":[{\"@type\":\"ListItem\",\"position\":1,\"name\":\"Home\",\"item\":\"https:\/\/arturo.winandoffice.com\/\"},{\"@type\":\"ListItem\",\"position\":2,\"name\":\"Shop\",\"item\":\"https:\/\/arturo.winandoffice.com\/shop\/\"},{\"@type\":\"ListItem\",\"position\":3,\"name\":\"Microsoft Windows 11 Professional + Microsoft Office 2019 Professional Plus License for 3 PC\"}]},{\"@type\":\"WebSite\",\"@id\":\"https:\/\/arturo.winandoffice.com\/es\/#website\",\"url\":\"https:\/\/arturo.winandoffice.com\/es\/\",\"name\":\"Arturo Card Shop\",\"description\":\"Buy your office\",\"publisher\":{\"@id\":\"https:\/\/arturo.winandoffice.com\/es\/#organization\"},\"potentialAction\":[{\"@type\":\"SearchAction\",\"target\":{\"@type\":\"EntryPoint\",\"urlTemplate\":\"https:\/\/arturo.winandoffice.com\/es\/?s={search_term_string}\"},\"query-input\":{\"@type\":\"PropertyValueSpecification\",\"valueRequired\":true,\"valueName\":\"search_term_string\"}}],\"inLanguage\":\"nb-NO\"},{\"@type\":\"Organization\",\"@id\":\"https:\/\/arturo.winandoffice.com\/es\/#organization\",\"name\":\"Arturo Card Shop\",\"url\":\"https:\/\/arturo.winandoffice.com\/es\/\",\"logo\":{\"@type\":\"ImageObject\",\"inLanguage\":\"nb-NO\",\"@id\":\"https:\/\/arturo.winandoffice.com\/es\/#\/schema\/logo\/image\/\",\"url\":\"https:\/\/arturo.winandoffice.com\/wp-content\/uploads\/2022\/10\/logo.png\",\"contentUrl\":\"https:\/\/arturo.winandoffice.com\/wp-content\/uploads\/2022\/10\/logo.png\",\"width\":1710,\"height\":175,\"caption\":\"Arturo Card Shop\"},\"image\":{\"@id\":\"https:\/\/arturo.winandoffice.com\/es\/#\/schema\/logo\/image\/\"},\"sameAs\":[\"https:\/\/www.facebook.com\/Gamecardshopdotcom\",\"https:\/\/x.com\/gamecardshop_\",\"https:\/\/www.youtube.com\/@gamecardshop\",\"https:\/\/www.youtube.com\/@arturo.winandoffice.com_\",\"https:\/\/de.trustpilot.com\/review\/arturo.winandoffice.com\",\"https:\/\/www.provenexpert.com\/game-card-shop\/\",\"https:\/\/www.tiktok.com\/@arturo.winandoffice.com\",\"https:\/\/www.shopauskunft.de\/review\/arturo.winandoffice.com\",\"https:\/\/www.ausgezeichnet.org\/bewertungen-arturo.winandoffice.com-HNVDH\",\"https:\/\/www.trustedshops.eu\/buyerrating\/info_X93C3F0168B7533F969FC6C787543C130.html\"]}]}<\/script>\n<!-- \/ Yoast SEO plugin. -->","yoast_head_json":{"title":"Microsoft Windows 11 Professional + Microsoft Office 2019 Professional Plus-lisens for 3 PC-er","description":"Med denne lisensen kan programvaren aktiveres p\u00e5 3 forskjellige enheter, f.eks. hjemme-PC, b\u00e6rbar PC og arbeids-PC. Livstidsgaranti for utskifting!!!","robots":{"index":"index","follow":"follow","max-snippet":"max-snippet:-1","max-image-preview":"max-image-preview:large","max-video-preview":"max-video-preview:-1"},"canonical":"https:\/\/arturo.winandoffice.com\/nb\/produkt\/microsoft-windows-11-professional-microsoft-office-2019-professional-plus\/","og_locale":"nb_NO","og_type":"article","og_title":"Microsoft Windows 11 Professional + Microsoft Office 2019 Professional Plus license for 3 PCs","og_description":"With this license the software can be activated on 3 different devices, e.g. home PC, notebook and work PC. Lifetime Replacement Warranty!!!","og_url":"https:\/\/arturo.winandoffice.com\/nb\/produkt\/microsoft-windows-11-professional-microsoft-office-2019-professional-plus\/","og_site_name":"Arturo Card Shop","article_publisher":"https:\/\/www.facebook.com\/Gamecardshopdotcom","article_modified_time":"2025-09-03T21:13:41+00:00","twitter_card":"summary_large_image","twitter_site":"@gamecardshop_","twitter_misc":{"Ansl. lesetid":"4 minutter"},"schema":{"@context":"https:\/\/schema.org","@graph":[{"@type":"WebPage","@id":"https:\/\/arturo.winandoffice.com\/produkt\/microsoft-windows-11-professional-microsoft-office-2019-professional-plus\/","url":"https:\/\/arturo.winandoffice.com\/produkt\/microsoft-windows-11-professional-microsoft-office-2019-professional-plus\/","name":"Microsoft Windows 11 Professional + Microsoft Office 2019 Professional Plus-lisens for 3 PC-er","isPartOf":{"@id":"https:\/\/arturo.winandoffice.com\/es\/#website"},"primaryImageOfPage":{"@id":"https:\/\/arturo.winandoffice.com\/produkt\/microsoft-windows-11-professional-microsoft-office-2019-professional-plus\/#primaryimage"},"image":{"@id":"https:\/\/arturo.winandoffice.com\/produkt\/microsoft-windows-11-professional-microsoft-office-2019-professional-plus\/#primaryimage"},"thumbnailUrl":"https:\/\/arturo.winandoffice.com\/wp-content\/uploads\/2023\/03\/W11PO19PP.jpg","datePublished":"2023-03-20T11:12:10+00:00","dateModified":"2025-09-03T21:13:41+00:00","description":"Med denne lisensen kan programvaren aktiveres p\u00e5 3 forskjellige enheter, f.eks. hjemme-PC, b\u00e6rbar PC og arbeids-PC. Livstidsgaranti for utskifting!!!","breadcrumb":{"@id":"https:\/\/arturo.winandoffice.com\/produkt\/microsoft-windows-11-professional-microsoft-office-2019-professional-plus\/#breadcrumb"},"inLanguage":"nb-NO","potentialAction":[{"@type":"ReadAction","target":["https:\/\/arturo.winandoffice.com\/produkt\/microsoft-windows-11-professional-microsoft-office-2019-professional-plus\/"]}]},{"@type":"ImageObject","inLanguage":"nb-NO","@id":"https:\/\/arturo.winandoffice.com\/produkt\/microsoft-windows-11-professional-microsoft-office-2019-professional-plus\/#primaryimage","url":"https:\/\/arturo.winandoffice.com\/wp-content\/uploads\/2023\/03\/W11PO19PP.jpg","contentUrl":"https:\/\/arturo.winandoffice.com\/wp-content\/uploads\/2023\/03\/W11PO19PP.jpg"},{"@type":"BreadcrumbList","@id":"https:\/\/arturo.winandoffice.com\/produkt\/microsoft-windows-11-professional-microsoft-office-2019-professional-plus\/#breadcrumb","itemListElement":[{"@type":"ListItem","position":1,"name":"Home","item":"https:\/\/arturo.winandoffice.com\/"},{"@type":"ListItem","position":2,"name":"Shop","item":"https:\/\/arturo.winandoffice.com\/shop\/"},{"@type":"ListItem","position":3,"name":"Microsoft Windows 11 Professional + Microsoft Office 2019 Professional Plus License for 3 PC"}]},{"@type":"WebSite","@id":"https:\/\/arturo.winandoffice.com\/es\/#website","url":"https:\/\/arturo.winandoffice.com\/es\/","name":"Arturo Card Shop","description":"Kj\u00f8p ditt kontor","publisher":{"@id":"https:\/\/arturo.winandoffice.com\/es\/#organization"},"potentialAction":[{"@type":"SearchAction","target":{"@type":"EntryPoint","urlTemplate":"https:\/\/arturo.winandoffice.com\/es\/?s={search_term_string}"},"query-input":{"@type":"PropertyValueSpecification","valueRequired":true,"valueName":"search_term_string"}}],"inLanguage":"nb-NO"},{"@type":"Organization","@id":"https:\/\/arturo.winandoffice.com\/es\/#organization","name":"Arturo Card Shop","url":"https:\/\/arturo.winandoffice.com\/es\/","logo":{"@type":"ImageObject","inLanguage":"nb-NO","@id":"https:\/\/arturo.winandoffice.com\/es\/#\/schema\/logo\/image\/","url":"https:\/\/arturo.winandoffice.com\/wp-content\/uploads\/2022\/10\/logo.png","contentUrl":"https:\/\/arturo.winandoffice.com\/wp-content\/uploads\/2022\/10\/logo.png","width":1710,"height":175,"caption":"Arturo Card Shop"},"image":{"@id":"https:\/\/arturo.winandoffice.com\/es\/#\/schema\/logo\/image\/"},"sameAs":["https:\/\/www.facebook.com\/Gamecardshopdotcom","https:\/\/x.com\/gamecardshop_","https:\/\/www.youtube.com\/@gamecardshop","https:\/\/www.youtube.com\/@arturo.winandoffice.com_","https:\/\/de.trustpilot.com\/review\/arturo.winandoffice.com","https:\/\/www.provenexpert.com\/game-card-shop\/","https:\/\/www.tiktok.com\/@arturo.winandoffice.com","https:\/\/www.shopauskunft.de\/review\/arturo.winandoffice.com","https:\/\/www.ausgezeichnet.org\/bewertungen-arturo.winandoffice.com-HNVDH","https:\/\/www.trustedshops.eu\/buyerrating\/info_X93C3F0168B7533F969FC6C787543C130.html"]}]}},"acf":[],"_links":{"self":[{"href":"https:\/\/arturo.winandoffice.com\/nb\/wp-json\/wp\/v2\/product\/35003","targetHints":{"allow":["GET"]}}],"collection":[{"href":"https:\/\/arturo.winandoffice.com\/nb\/wp-json\/wp\/v2\/product"}],"about":[{"href":"https:\/\/arturo.winandoffice.com\/nb\/wp-json\/wp\/v2\/types\/product"}],"replies":[{"embeddable":true,"href":"https:\/\/arturo.winandoffice.com\/nb\/wp-json\/wp\/v2\/comments?post=35003"}],"wp:featuredmedia":[{"embeddable":true,"href":"https:\/\/arturo.winandoffice.com\/nb\/wp-json\/"}],"wp:attachment":[{"href":"https:\/\/arturo.winandoffice.com\/nb\/wp-json\/wp\/v2\/media?parent=35003"}],"wp:term":[{"taxonomy":"product_brand","embeddable":true,"href":"https:\/\/arturo.winandoffice.com\/nb\/wp-json\/wp\/v2\/product_brand?post=35003"},{"taxonomy":"product_cat","embeddable":true,"href":"https:\/\/arturo.winandoffice.com\/nb\/wp-json\/wp\/v2\/product_cat?post=35003"},{"taxonomy":"product_tag","embeddable":true,"href":"https:\/\/arturo.winandoffice.com\/nb\/wp-json\/wp\/v2\/product_tag?post=35003"}],"curies":[{"name":"wp","href":"https:\/\/api.w.org\/{rel}","templated":true}]}}