{"id":34997,"date":"2023-03-20T13:12:10","date_gmt":"2023-03-20T12:12:10","guid":{"rendered":"https:\/\/arturo.winandoffice.com\/?post_type=product&#038;p=34997"},"modified":"2025-09-03T22:14:06","modified_gmt":"2025-09-03T21:14:06","slug":"microsoft-windows-10-professional-microsoft-office-2019-standard","status":"publish","type":"product","link":"https:\/\/arturo.winandoffice.com\/nb\/produkt\/microsoft-windows-10-professional-microsoft-office-2019-standard\/","title":{"rendered":"Microsoft Windows 10 Professional + Microsoft Office 2019 Standard License for 3 PC"},"content":{"rendered":"<div class=\"wpb-content-wrapper\"><div class=\"vc_row wpb_row vc_row-fluid\" style=\"background-position: None!important;  \"><div class=\"wpb_column vc_column_container vc_col-sm-12\"><div class=\"vc_column-inner\"><div class=\"wpb_wrapper\">\n\t<div class=\"wpb_text_column wpb_content_element\" >\n\t\t<div class=\"wpb_wrapper\">\n\t\t\t<h3><span style=\"font-size: 24pt;\"><strong>Microsoft Windows 10 Professional-lisens for 3 PC-er (full ubegrenset versjon fra en sertifisert Microsoft Gold Partner)<\/strong><\/span><\/h3>\n<p><strong>Med denne lisensen kan programvaren aktiveres p\u00e5 3 forskjellige enheter, f.eks. hjemme-pc, b\u00e6rbar PC og arbeids-pc.<\/strong><\/p>\n<p><strong>Livstids pengene tilbake-garanti!!!<\/strong><\/p>\n<p>Med den nye versjonen av Microsoft Windows 10 tilbyr Microsoft et moderne og intuitivt operativsystem til spesielt krevende hjemmebrukere og bedrifter. Microsoft Windows 10 har blant annet forbedrede sikkerhetsfunksjoner, tilgang til eksternt skrivebord, BitLocker-kryptering og den personlige virtuelle assistenten Cortana. Systemet tilpasser seg alle enheter med sine avanserte funksjoner og har den fordelen at systemkravene knapt har endret seg sammenlignet med forgjengerne. Det betyr at du ikke trenger \u00e5 investere i ny maskinvare for \u00e5 dra nytte av Microsoft Windows 10 Professional.<\/p>\n<p><strong>Minimumskrav til systemet<\/strong><\/p>\n<p>1 GHz eller raskere CPU<\/p>\n<p>1 GB RAM for 32-bit eller 2 GB RAM for 64-bit.<\/p>\n<p>16 GB tilgjengelig harddiskplass for 32-bit OS eller 20 GB for 64-bit OS.<\/p>\n<div id=\"primaryR2\" data-grid=\"container\" data-region-key=\"primaryr2\" data-m=\"{&quot;cN&quot;:&quot;primaryR2 1&quot;,&quot;cT&quot;:&quot;Region_coreui-region&quot;,&quot;id&quot;:&quot;r2a2&quot;,&quot;sN&quot;:2,&quot;aN&quot;:&quot;a2&quot;}\">\n<div id=\"coreui-banner-l03vzh8\" data-m=\"{&quot;cN&quot;:&quot;R2Banner 1&quot;,&quot;cT&quot;:&quot;Module_coreui-banner&quot;,&quot;id&quot;:&quot;m1r2a2&quot;,&quot;sN&quot;:1,&quot;aN&quot;:&quot;r2a2&quot;}\" data-module-id=\"WDG-Windows|primaryR2|coreui-region|coreui-banner-l03vzh8|coreui-banner\"><\/div>\n<\/div>\n<h3><strong>Microsoft <\/strong><strong>Office 2019 Standard-lisens for 3 PC-er (full ubegrenset versjon fra en sertifisert Microsoft Gold Partner)<\/strong><\/h3>\n<p><strong>Med denne lisensen kan programvaren aktiveres p\u00e5 3 forskjellige enheter, f.eks. hjemme-pc, b\u00e6rbar PC og arbeids-pc.<\/strong><\/p>\n<p><strong>Livstids pengene tilbake-garanti!!!<\/strong><\/p>\n<p>Microsoft Office 2019 Standard Edition er rettet mot private brukere eller sm\u00e5 bedrifter. Den inkluderer de klassiske programmene Microsoft Word, Microsoft Excel, Microsoft Power Point, Microsoft Outlook og Microsoft Publisher i desktop- og nettversjoner. Microsoft One Drive skylagring, inkludert lagringsplass, er tilgjengelig for lagring av data som kan n\u00e5s fra hvor som helst eller for deling med andre brukere. Microsofts OneNote er ikke lenger inkludert i Microsoft Office 2019. Hvis du \u00f8nsker \u00e5 fortsette \u00e5 bruke OneNote, kan du gj\u00f8re det via Universal Windows-appen som er integrert med Microsoft Windows 10.<\/p>\n<p><strong>Minimumskrav til systemet<\/strong><\/p>\n<p>1,6 GHz eller raskere CPU med to kjerner<\/p>\n<p>2 GB RAM for 32-bit eller 4 GB RAM for 64-bit.<\/p>\n<p>4 GB tilgjengelig harddiskplass<\/p>\n<p><strong>Hjelp og st\u00f8tte:<\/strong><\/p>\n<p>Hvis du har sp\u00f8rsm\u00e5l, er du velkommen til \u00e5 kontakte oss <a href=\"mailto:support@arturo.winandoffice.com\" target=\"_blank\" rel=\"noopener\">via e-post<\/a>.&nbsp;Our customer service and support is available 7 days a week, 24 hours a day.<\/p>\n\n\t\t<\/div>\n\t<\/div>\n<\/div><\/div><\/div><\/div>\n<\/div>","protected":false},"excerpt":{"rendered":"<ul>\n<li>Microsoft Windows 10 Professional-lisens for 3 PC-er<\/li>\n<li>Microsoft Office 2019 Standardlisens for 3 PC-er<\/li>\n<li><strong>Med denne lisensen kan programvaren aktiveres p\u00e5 3 forskjellige enheter, f.eks. hjemme-pc, b\u00e6rbar PC og arbeids-pc.<\/strong><\/li>\n<li>Versjon for 32- og 64-biters systemer, ubegrenset antall versjoner av programvaren <strong>fra sertifisert Microsoft Gold Partner<\/strong><\/li>\n<li><strong>Livstidsgaranti for utskifting!<\/strong><\/li>\n<li>Levering via e-post: produktn\u00f8kkel, instruksjoner, nedlastingslenker, faktura<\/li>\n<li>\u00d8yeblikkelig nedlasting!<\/li>\n<li>Ingen tidsbegrensning, ingen abonnement<\/li>\n<li>Gratis support 24\/7 for problemer med installasjon og aktivering<\/li>\n<li>Ingen levering p\u00e5 datalagring (USB, CD osv.)<\/li>\n<li>Aktivering p\u00e5 nett og via telefon<\/li>\n<li>Spr\u00e5k: Engelsk, spansk, italiensk, tysk, fransk<\/li>\n<li><strong><span style=\"color: #008000;\"> Dette produktet er kompatibelt med Microsoft Windows.<\/span><\/strong><\/li>\n<li><strong><span style=\"color: #ff0000;\">NOT compatible with Apple macOS\u2122, Apple Processors, Parallels for Mac, Android devices and Chromebooks.<\/span><\/strong><\/li>\n<\/ul>","protected":false},"featured_media":100000116592,"comment_status":"closed","ping_status":"closed","template":"","meta":{"_acf_changed":false},"product_brand":[],"product_cat":[154,161,155,156,166],"product_tag":[234,233],"class_list":{"0":"post-34997","1":"product","2":"type-product","3":"status-publish","4":"has-post-thumbnail","6":"product_cat-microsoft-office","7":"product_cat-microsoft-windows","8":"product_cat-office-2019","9":"product_cat-popular","10":"product_cat-windows-10","11":"product_tag-microsoft-windows-10-professional-microsoft-office-2019-standard","12":"product_tag-microsoft-windows-10-professional-microsoft-office-2019-standard-license-for-3-pcs","14":"first","15":"instock","16":"sale","17":"virtual","18":"taxable","19":"purchasable","20":"product-type-simple"},"yoast_head":"<!-- This site is optimized with the Yoast SEO plugin v26.7 - https:\/\/yoast.com\/wordpress\/plugins\/seo\/ -->\n<title>Microsoft Windows 10 Professional + Microsoft Office 2019 Standard license for 3 PCs<\/title>\n<meta name=\"description\" content=\"With this license the software can be activated on 3 different devices, e.g. home PC, notebook and work PC. Lifetime Replacement Warranty!!!\" \/>\n<meta name=\"robots\" content=\"index, follow, max-snippet:-1, max-image-preview:large, max-video-preview:-1\" \/>\n<link rel=\"canonical\" href=\"https:\/\/arturo.winandoffice.com\/nb\/produkt\/microsoft-windows-10-professional-microsoft-office-2019-standard\/\" \/>\n<meta property=\"og:locale\" content=\"nb_NO\" \/>\n<meta property=\"og:type\" content=\"article\" \/>\n<meta property=\"og:title\" content=\"Microsoft Windows 10 Professional + Microsoft Office 2019 Standard license for 3 PCs\" \/>\n<meta property=\"og:description\" content=\"With this license the software can be activated on 3 different devices, e.g. home PC, notebook and work PC. Lifetime Replacement Warranty!!!\" \/>\n<meta property=\"og:url\" content=\"https:\/\/arturo.winandoffice.com\/nb\/produkt\/microsoft-windows-10-professional-microsoft-office-2019-standard\/\" \/>\n<meta property=\"og:site_name\" content=\"Arturo Card Shop\" \/>\n<meta property=\"article:publisher\" content=\"https:\/\/www.facebook.com\/Gamecardshopdotcom\" \/>\n<meta property=\"article:modified_time\" content=\"2025-09-03T21:14:06+00:00\" \/>\n<meta name=\"twitter:card\" content=\"summary_large_image\" \/>\n<meta name=\"twitter:site\" content=\"@gamecardshop_\" \/>\n<meta name=\"twitter:label1\" content=\"Ansl. lesetid\" \/>\n\t<meta name=\"twitter:data1\" content=\"2 minutter\" \/>\n<script type=\"application\/ld+json\" class=\"yoast-schema-graph\">{\"@context\":\"https:\/\/schema.org\",\"@graph\":[{\"@type\":\"WebPage\",\"@id\":\"https:\/\/arturo.winandoffice.com\/produkt\/microsoft-windows-10-professional-microsoft-office-2019-standard\/\",\"url\":\"https:\/\/arturo.winandoffice.com\/produkt\/microsoft-windows-10-professional-microsoft-office-2019-standard\/\",\"name\":\"Microsoft Windows 10 Professional + Microsoft Office 2019 Standard license for 3 PCs\",\"isPartOf\":{\"@id\":\"https:\/\/arturo.winandoffice.com\/es\/#website\"},\"primaryImageOfPage\":{\"@id\":\"https:\/\/arturo.winandoffice.com\/produkt\/microsoft-windows-10-professional-microsoft-office-2019-standard\/#primaryimage\"},\"image\":{\"@id\":\"https:\/\/arturo.winandoffice.com\/produkt\/microsoft-windows-10-professional-microsoft-office-2019-standard\/#primaryimage\"},\"thumbnailUrl\":\"https:\/\/arturo.winandoffice.com\/wp-content\/uploads\/2023\/03\/W10PO19S.jpg\",\"datePublished\":\"2023-03-20T12:12:10+00:00\",\"dateModified\":\"2025-09-03T21:14:06+00:00\",\"description\":\"With this license the software can be activated on 3 different devices, e.g. home PC, notebook and work PC. Lifetime Replacement Warranty!!!\",\"breadcrumb\":{\"@id\":\"https:\/\/arturo.winandoffice.com\/produkt\/microsoft-windows-10-professional-microsoft-office-2019-standard\/#breadcrumb\"},\"inLanguage\":\"nb-NO\",\"potentialAction\":[{\"@type\":\"ReadAction\",\"target\":[\"https:\/\/arturo.winandoffice.com\/produkt\/microsoft-windows-10-professional-microsoft-office-2019-standard\/\"]}]},{\"@type\":\"ImageObject\",\"inLanguage\":\"nb-NO\",\"@id\":\"https:\/\/arturo.winandoffice.com\/produkt\/microsoft-windows-10-professional-microsoft-office-2019-standard\/#primaryimage\",\"url\":\"https:\/\/arturo.winandoffice.com\/wp-content\/uploads\/2023\/03\/W10PO19S.jpg\",\"contentUrl\":\"https:\/\/arturo.winandoffice.com\/wp-content\/uploads\/2023\/03\/W10PO19S.jpg\"},{\"@type\":\"BreadcrumbList\",\"@id\":\"https:\/\/arturo.winandoffice.com\/produkt\/microsoft-windows-10-professional-microsoft-office-2019-standard\/#breadcrumb\",\"itemListElement\":[{\"@type\":\"ListItem\",\"position\":1,\"name\":\"Home\",\"item\":\"https:\/\/arturo.winandoffice.com\/\"},{\"@type\":\"ListItem\",\"position\":2,\"name\":\"Shop\",\"item\":\"https:\/\/arturo.winandoffice.com\/shop\/\"},{\"@type\":\"ListItem\",\"position\":3,\"name\":\"Microsoft Windows 10 Professional + Microsoft Office 2019 Standard License for 3 PC\"}]},{\"@type\":\"WebSite\",\"@id\":\"https:\/\/arturo.winandoffice.com\/es\/#website\",\"url\":\"https:\/\/arturo.winandoffice.com\/es\/\",\"name\":\"Arturo Card Shop\",\"description\":\"Buy your office\",\"publisher\":{\"@id\":\"https:\/\/arturo.winandoffice.com\/es\/#organization\"},\"potentialAction\":[{\"@type\":\"SearchAction\",\"target\":{\"@type\":\"EntryPoint\",\"urlTemplate\":\"https:\/\/arturo.winandoffice.com\/es\/?s={search_term_string}\"},\"query-input\":{\"@type\":\"PropertyValueSpecification\",\"valueRequired\":true,\"valueName\":\"search_term_string\"}}],\"inLanguage\":\"nb-NO\"},{\"@type\":\"Organization\",\"@id\":\"https:\/\/arturo.winandoffice.com\/es\/#organization\",\"name\":\"Arturo Card Shop\",\"url\":\"https:\/\/arturo.winandoffice.com\/es\/\",\"logo\":{\"@type\":\"ImageObject\",\"inLanguage\":\"nb-NO\",\"@id\":\"https:\/\/arturo.winandoffice.com\/es\/#\/schema\/logo\/image\/\",\"url\":\"https:\/\/arturo.winandoffice.com\/wp-content\/uploads\/2022\/10\/logo.png\",\"contentUrl\":\"https:\/\/arturo.winandoffice.com\/wp-content\/uploads\/2022\/10\/logo.png\",\"width\":1710,\"height\":175,\"caption\":\"Arturo Card Shop\"},\"image\":{\"@id\":\"https:\/\/arturo.winandoffice.com\/es\/#\/schema\/logo\/image\/\"},\"sameAs\":[\"https:\/\/www.facebook.com\/Gamecardshopdotcom\",\"https:\/\/x.com\/gamecardshop_\",\"https:\/\/www.youtube.com\/@gamecardshop\",\"https:\/\/www.youtube.com\/@arturo.winandoffice.com_\",\"https:\/\/de.trustpilot.com\/review\/arturo.winandoffice.com\",\"https:\/\/www.provenexpert.com\/game-card-shop\/\",\"https:\/\/www.tiktok.com\/@arturo.winandoffice.com\",\"https:\/\/www.shopauskunft.de\/review\/arturo.winandoffice.com\",\"https:\/\/www.ausgezeichnet.org\/bewertungen-arturo.winandoffice.com-HNVDH\",\"https:\/\/www.trustedshops.eu\/buyerrating\/info_X93C3F0168B7533F969FC6C787543C130.html\"]}]}<\/script>\n<!-- \/ Yoast SEO plugin. -->","yoast_head_json":{"title":"Microsoft Windows 10 Professional + Microsoft Office 2019 Standard-lisens for 3 PC-er","description":"Med denne lisensen kan programvaren aktiveres p\u00e5 3 forskjellige enheter, f.eks. hjemme-PC, b\u00e6rbar PC og arbeids-PC. Livstidsgaranti for utskifting!!!","robots":{"index":"index","follow":"follow","max-snippet":"max-snippet:-1","max-image-preview":"max-image-preview:large","max-video-preview":"max-video-preview:-1"},"canonical":"https:\/\/arturo.winandoffice.com\/nb\/produkt\/microsoft-windows-10-professional-microsoft-office-2019-standard\/","og_locale":"nb_NO","og_type":"article","og_title":"Microsoft Windows 10 Professional + Microsoft Office 2019 Standard license for 3 PCs","og_description":"With this license the software can be activated on 3 different devices, e.g. home PC, notebook and work PC. Lifetime Replacement Warranty!!!","og_url":"https:\/\/arturo.winandoffice.com\/nb\/produkt\/microsoft-windows-10-professional-microsoft-office-2019-standard\/","og_site_name":"Arturo Card Shop","article_publisher":"https:\/\/www.facebook.com\/Gamecardshopdotcom","article_modified_time":"2025-09-03T21:14:06+00:00","twitter_card":"summary_large_image","twitter_site":"@gamecardshop_","twitter_misc":{"Ansl. lesetid":"2 minutter"},"schema":{"@context":"https:\/\/schema.org","@graph":[{"@type":"WebPage","@id":"https:\/\/arturo.winandoffice.com\/produkt\/microsoft-windows-10-professional-microsoft-office-2019-standard\/","url":"https:\/\/arturo.winandoffice.com\/produkt\/microsoft-windows-10-professional-microsoft-office-2019-standard\/","name":"Microsoft Windows 10 Professional + Microsoft Office 2019 Standard-lisens for 3 PC-er","isPartOf":{"@id":"https:\/\/arturo.winandoffice.com\/es\/#website"},"primaryImageOfPage":{"@id":"https:\/\/arturo.winandoffice.com\/produkt\/microsoft-windows-10-professional-microsoft-office-2019-standard\/#primaryimage"},"image":{"@id":"https:\/\/arturo.winandoffice.com\/produkt\/microsoft-windows-10-professional-microsoft-office-2019-standard\/#primaryimage"},"thumbnailUrl":"https:\/\/arturo.winandoffice.com\/wp-content\/uploads\/2023\/03\/W10PO19S.jpg","datePublished":"2023-03-20T12:12:10+00:00","dateModified":"2025-09-03T21:14:06+00:00","description":"Med denne lisensen kan programvaren aktiveres p\u00e5 3 forskjellige enheter, f.eks. hjemme-PC, b\u00e6rbar PC og arbeids-PC. Livstidsgaranti for utskifting!!!","breadcrumb":{"@id":"https:\/\/arturo.winandoffice.com\/produkt\/microsoft-windows-10-professional-microsoft-office-2019-standard\/#breadcrumb"},"inLanguage":"nb-NO","potentialAction":[{"@type":"ReadAction","target":["https:\/\/arturo.winandoffice.com\/produkt\/microsoft-windows-10-professional-microsoft-office-2019-standard\/"]}]},{"@type":"ImageObject","inLanguage":"nb-NO","@id":"https:\/\/arturo.winandoffice.com\/produkt\/microsoft-windows-10-professional-microsoft-office-2019-standard\/#primaryimage","url":"https:\/\/arturo.winandoffice.com\/wp-content\/uploads\/2023\/03\/W10PO19S.jpg","contentUrl":"https:\/\/arturo.winandoffice.com\/wp-content\/uploads\/2023\/03\/W10PO19S.jpg"},{"@type":"BreadcrumbList","@id":"https:\/\/arturo.winandoffice.com\/produkt\/microsoft-windows-10-professional-microsoft-office-2019-standard\/#breadcrumb","itemListElement":[{"@type":"ListItem","position":1,"name":"Home","item":"https:\/\/arturo.winandoffice.com\/"},{"@type":"ListItem","position":2,"name":"Shop","item":"https:\/\/arturo.winandoffice.com\/shop\/"},{"@type":"ListItem","position":3,"name":"Microsoft Windows 10 Professional + Microsoft Office 2019 Standard License for 3 PC"}]},{"@type":"WebSite","@id":"https:\/\/arturo.winandoffice.com\/es\/#website","url":"https:\/\/arturo.winandoffice.com\/es\/","name":"Arturo Card Shop","description":"Kj\u00f8p ditt kontor","publisher":{"@id":"https:\/\/arturo.winandoffice.com\/es\/#organization"},"potentialAction":[{"@type":"SearchAction","target":{"@type":"EntryPoint","urlTemplate":"https:\/\/arturo.winandoffice.com\/es\/?s={search_term_string}"},"query-input":{"@type":"PropertyValueSpecification","valueRequired":true,"valueName":"search_term_string"}}],"inLanguage":"nb-NO"},{"@type":"Organization","@id":"https:\/\/arturo.winandoffice.com\/es\/#organization","name":"Arturo Card Shop","url":"https:\/\/arturo.winandoffice.com\/es\/","logo":{"@type":"ImageObject","inLanguage":"nb-NO","@id":"https:\/\/arturo.winandoffice.com\/es\/#\/schema\/logo\/image\/","url":"https:\/\/arturo.winandoffice.com\/wp-content\/uploads\/2022\/10\/logo.png","contentUrl":"https:\/\/arturo.winandoffice.com\/wp-content\/uploads\/2022\/10\/logo.png","width":1710,"height":175,"caption":"Arturo Card Shop"},"image":{"@id":"https:\/\/arturo.winandoffice.com\/es\/#\/schema\/logo\/image\/"},"sameAs":["https:\/\/www.facebook.com\/Gamecardshopdotcom","https:\/\/x.com\/gamecardshop_","https:\/\/www.youtube.com\/@gamecardshop","https:\/\/www.youtube.com\/@arturo.winandoffice.com_","https:\/\/de.trustpilot.com\/review\/arturo.winandoffice.com","https:\/\/www.provenexpert.com\/game-card-shop\/","https:\/\/www.tiktok.com\/@arturo.winandoffice.com","https:\/\/www.shopauskunft.de\/review\/arturo.winandoffice.com","https:\/\/www.ausgezeichnet.org\/bewertungen-arturo.winandoffice.com-HNVDH","https:\/\/www.trustedshops.eu\/buyerrating\/info_X93C3F0168B7533F969FC6C787543C130.html"]}]}},"acf":[],"_links":{"self":[{"href":"https:\/\/arturo.winandoffice.com\/nb\/wp-json\/wp\/v2\/product\/34997","targetHints":{"allow":["GET"]}}],"collection":[{"href":"https:\/\/arturo.winandoffice.com\/nb\/wp-json\/wp\/v2\/product"}],"about":[{"href":"https:\/\/arturo.winandoffice.com\/nb\/wp-json\/wp\/v2\/types\/product"}],"replies":[{"embeddable":true,"href":"https:\/\/arturo.winandoffice.com\/nb\/wp-json\/wp\/v2\/comments?post=34997"}],"wp:featuredmedia":[{"embeddable":true,"href":"https:\/\/arturo.winandoffice.com\/nb\/wp-json\/"}],"wp:attachment":[{"href":"https:\/\/arturo.winandoffice.com\/nb\/wp-json\/wp\/v2\/media?parent=34997"}],"wp:term":[{"taxonomy":"product_brand","embeddable":true,"href":"https:\/\/arturo.winandoffice.com\/nb\/wp-json\/wp\/v2\/product_brand?post=34997"},{"taxonomy":"product_cat","embeddable":true,"href":"https:\/\/arturo.winandoffice.com\/nb\/wp-json\/wp\/v2\/product_cat?post=34997"},{"taxonomy":"product_tag","embeddable":true,"href":"https:\/\/arturo.winandoffice.com\/nb\/wp-json\/wp\/v2\/product_tag?post=34997"}],"curies":[{"name":"wp","href":"https:\/\/api.w.org\/{rel}","templated":true}]}}