{"id":34918,"date":"2023-03-20T13:12:00","date_gmt":"2023-03-20T12:12:00","guid":{"rendered":"https:\/\/arturo.winandoffice.com\/?post_type=product&#038;p=34918"},"modified":"2025-09-03T22:17:49","modified_gmt":"2025-09-03T21:17:49","slug":"windows-10-professional-visio-2019-professional-project-2019-professional-office-2019-professional-plus","status":"publish","type":"product","link":"https:\/\/arturo.winandoffice.com\/nb\/produkt\/windows-10-professional-visio-2019-professional-project-2019-professional-office-2019-professional-plus\/","title":{"rendered":"Microsoft Windows 10 Pro + Microsoft Visio 2019 Pro + Microsoft Project 2019 Pro + Microsoft Office 2019 Pro Plus License for 3 PC"},"content":{"rendered":"<div class=\"wpb-content-wrapper\"><div class=\"vc_row wpb_row vc_row-fluid\" style=\"background-position: None!important;  \"><div class=\"wpb_column vc_column_container vc_col-sm-12\"><div class=\"vc_column-inner\"><div class=\"wpb_wrapper\">\n\t<div class=\"wpb_text_column wpb_content_element\" >\n\t\t<div class=\"wpb_wrapper\">\n\t\t\t<p><span style=\"font-size: 32px;\"><strong>Microsoft Windows 10 Professional-lisens for 3 PCer (full ubegrenset versjon fra en sertifisert Microsoft Gold Partner)<\/strong><\/span><\/p>\n<p><strong>Med denne lisensen kan programvaren aktiveres p\u00e5 3 forskjellige enheter, f.eks. hjemme-pc, b\u00e6rbar PC og arbeids-pc.<\/strong><\/p>\n<p><strong>Livstids pengene tilbake-garanti!!!<\/strong><\/p>\n<p>Med Microsoft Windows 10 Professional har du et p\u00e5litelig operativsystem p\u00e5 enheten din. Du drar nytte av raskere systemstart, en velkjent, men forbedret startmeny og nye m\u00e5ter \u00e5 fullf\u00f8re ting raskt p\u00e5. Du f\u00e5r ogs\u00e5 nye funksjoner som en helt ny nettleser som hjelper deg med \u00e5 surfe rundt p\u00e5 nettet, og din personlige digitale assistent Cortana f\u00f8lger deg p\u00e5 alle Microsoft Windows 10-enhetene dine og hjelper deg med \u00e5 f\u00e5 ting gjort. Cortana l\u00e6rer mer om deg over tid og kan gi deg bedre st\u00f8tte hver dag. Microsoft Windows 10 Professional st\u00f8tter deg optimalt i alt du gj\u00f8r.<\/p>\n<p><span style=\"font-size: 32px;\"><strong>Microsoft Office 2019 Professional Plus-lisens for 3 PC-er (full ubegrenset versjon fra en sertifisert Microsoft Gold Partner)<\/strong><\/span><\/p>\n<p><strong>Med denne lisensen kan programvaren aktiveres p\u00e5 3 forskjellige enheter, f.eks. hjemme-pc, b\u00e6rbar PC og arbeids-pc.<\/strong><\/p>\n<p><strong>Livstids pengene tilbake-garanti!!!<\/strong><\/p>\n<p>Velg Microsoft Office 2019 Professional Plus i dag, s\u00e5 f\u00e5r du den nyeste og mest moderne kontorl\u00f8sningen fra Microsoft. I tillegg til de tradisjonelle applikasjonene f\u00e5r du automatisk tilgang til nettleserbaserte apper og Skype for Business. Med forenklet kommunikasjon kan du jobbe mer effektivt sammen med andre.<\/p>\n<p>Alt du trenger p\u00e5 ett blikk<\/p>\n<ul>\n<li><strong>Microsoft Word 2019 <\/strong>- for oppretting og redigering av tekster og dokumenter.<\/li>\n<li><strong>Microsoft Excel 2019 <\/strong>- for behandling av dataposter i tabellform.<\/li>\n<li><strong>Microsoft PowerPoint 2019 <\/strong>- for \u00e5 lage inspirerende presentasjoner.<\/li>\n<li><strong>Microsoft Utsikter 2019<\/strong> - for h\u00e5ndtering av e-post, kontakter, tidsplaner og oppgaver.<\/li>\n<li><strong>Microsoft Publisher 2019<\/strong> - for enkelt \u00e5 lage profesjonelle publikasjoner.<\/li>\n<li><strong>Microsoft Access 2019<\/strong> - for oppretting av databaser med Internett-tilgang.<\/li>\n<li><strong>Microsoft Lync 2019<\/strong> (Skype for Business) - for \u00f8kt produktivitet gjennom direktemeldinger og enkel kommunikasjon og samarbeid med HD-videokonferanser.<\/li>\n<li><strong>Web-apper<\/strong> Word, Excel, PowerPoint.<\/li>\n<\/ul>\n<p>Microsoft OneNote er ikke lenger en del av Office-pakken, men er n\u00e5 inkludert i Microsoft Windows 10-operativsystemet, som kreves for \u00e5 bruke Microsoft Office 2019. <strong>Eldre Windows-versjoner st\u00f8ttes ikke.<\/strong><\/p>\n<p><span style=\"font-size: 32px;\"><strong>Microsoft Visio 2019 Professional-lisens for 3 PC-er (full ubegrenset versjon fra en sertifisert Microsoft Gold Partner)<\/strong><\/span><\/p>\n<p><strong>Med denne lisensen kan programvaren aktiveres p\u00e5 3 forskjellige enheter, f.eks. hjemme-pc, b\u00e6rbar PC og arbeids-pc.<\/strong><\/p>\n<p><strong>Livstids pengene tilbake-garanti!!!<\/strong><\/p>\n<p>Microsoft Visio 2019 er et kraftig diagramverkt\u00f8y som lar deg jobbe visuelt med \u00e5 lage alle slags diagrammer, og som er bransjeledende med over 12 millioner brukere. Microsoft Visio 2019 gj\u00f8r det enklere \u00e5 definere forretningsprosesser, dokumentere beste praksis, visualisere den fremtidige tilstanden til transformative initiativer og holde deg oppdatert p\u00e5 den operasjonelle innsikten i bedriften din.<\/p>\n<p><span style=\"font-size: 32px;\"><strong>Microsoft Project 2019 Professional-lisens for 3 PC-er (full ubegrenset versjon fra en sertifisert Microsoft Gold Partner)<\/strong><\/span><\/p>\n<p><strong>Med denne lisensen kan programvaren aktiveres p\u00e5 3 forskjellige enheter, f.eks. hjemme-pc, b\u00e6rbar PC og arbeids-pc.<\/strong><\/p>\n<p><strong>Livstids pengene tilbake-garanti!!!<\/strong><\/p>\n<p>Samarbeid med andre for \u00e5 starte og gjennomf\u00f8re vellykkede prosjekter p\u00e5 kort tid. Inkluderer alle funksjonene i Microsoft Project Standard pluss samarbeid i ressursstyring, SharePoint-oppgavesynkronisering, innsending av timelister med mer. Microsoft Project Professional 2019 tilbyr fleksible funksjoner som hjelper deg med \u00e5 planlegge prosjekter, spore status og samarbeide med andre fra nesten hvor som helst. Programmet tilbyr sanntidskommunikasjon og direktemeldinger, aktiveres direkte i prosjektplanen via Skype for Business, og samler alle potensielle prosjektressurser i \u00e9n enkelt visning.<\/p>\n<p><strong>Hjelp og st\u00f8tte:<\/strong><\/p>\n<p>Hvis du har sp\u00f8rsm\u00e5l, er du velkommen til \u00e5 kontakte oss <a href=\"mailto:support@arturo.winandoffice.com\" target=\"_blank\" rel=\"noopener\">via e-post<\/a>.&nbsp;Our customer service and support is available 7 days a week, 24 hours a day.<\/p>\n\n\t\t<\/div>\n\t<\/div>\n<\/div><\/div><\/div><\/div>\n<\/div>","protected":false},"excerpt":{"rendered":"<ul>\n<li>Microsoft Windows 10 Professional &amp; Microsoft Office 2019 Professional Plus &amp; Microsoft Visio 2019 Professional &amp; Microsoft Project 2019 Professional-lisens for 3 PC-er<\/li>\n<li>Med denne lisensen kan programvaren aktiveres p\u00e5 3 forskjellige enheter, f.eks. hjemme-pc, b\u00e6rbar PC og arbeids-pc.<\/li>\n<li>Livstids pengene tilbake-garanti!!!<\/li>\n<li>Full ubegrenset versjon fra en sertifisert Microsoft Gold Partner<\/li>\n<li>Versjoner for 32- og 64-bits systemer tilgjengelig<\/li>\n<li>Levering via e-post: produktn\u00f8kkel, instruksjoner, nedlastingslenker, faktura.<\/li>\n<li>\u00d8yeblikkelig nedlasting!<\/li>\n<li>Ingen tidsbegrensning, ingen abonnement<\/li>\n<li>Gratis st\u00f8tte under installasjon og aktivering<\/li>\n<li>Ikke tilgjengelig p\u00e5 fysiske medier (USB, CD osv.).<\/li>\n<li><strong><span style=\"color: #008000\"> Dette produktet er kompatibelt med Windows.<\/span><\/strong><\/li>\n<li><strong><span style=\"color: #ff0000\">NOT compatible with Apple macOS\u2122, Apple Processors, Parallels for Mac, Android devices and Chromebooks.<\/span><\/strong><\/li>\n<\/ul>","protected":false},"featured_media":100000116591,"comment_status":"closed","ping_status":"closed","template":"","meta":{"_acf_changed":false},"product_brand":[],"product_cat":[160,154,161,155],"product_tag":[222,221],"class_list":{"0":"post-34918","1":"product","2":"type-product","3":"status-publish","4":"has-post-thumbnail","6":"product_cat-combo","7":"product_cat-microsoft-office","8":"product_cat-microsoft-windows","9":"product_cat-office-2019","10":"product_tag-microsoft-windows-10-pro-visio-2019-pro-project-2019-pro-office-2019-pro-plus","11":"product_tag-microsoft-windows-10-pro-visio-2019-pro-project-2019-pro-office-2019-pro-plus-license-for-3-pcs","13":"first","14":"instock","15":"sale","16":"virtual","17":"taxable","18":"purchasable","19":"product-type-simple"},"yoast_head":"<!-- This site is optimized with the Yoast SEO plugin v26.7 - https:\/\/yoast.com\/wordpress\/plugins\/seo\/ -->\n<title>Microsoft Windows 10 Pro + Visio 2019 Pro + Project 2019 Pro + Office 2019 Pro Plus license for 3 PCs<\/title>\n<meta name=\"description\" content=\"With this license the software can be activated on 3 different devices, e.g. home PC, notebook and work PC. Lifetime Replacement Warranty!!!\" \/>\n<meta name=\"robots\" content=\"index, follow, max-snippet:-1, max-image-preview:large, max-video-preview:-1\" \/>\n<link rel=\"canonical\" href=\"https:\/\/arturo.winandoffice.com\/nb\/produkt\/windows-10-professional-visio-2019-professional-project-2019-professional-office-2019-professional-plus\/\" \/>\n<meta property=\"og:locale\" content=\"nb_NO\" \/>\n<meta property=\"og:type\" content=\"article\" \/>\n<meta property=\"og:title\" content=\"Microsoft Windows 10 Pro + Visio 2019 Pro + Project 2019 Pro + Office 2019 Pro Plus license for 3 PCs\" \/>\n<meta property=\"og:description\" content=\"With this license the software can be activated on 3 different devices, e.g. home PC, notebook and work PC. Lifetime Replacement Warranty!!!\" \/>\n<meta property=\"og:url\" content=\"https:\/\/arturo.winandoffice.com\/nb\/produkt\/windows-10-professional-visio-2019-professional-project-2019-professional-office-2019-professional-plus\/\" \/>\n<meta property=\"og:site_name\" content=\"Arturo Card Shop\" \/>\n<meta property=\"article:publisher\" content=\"https:\/\/www.facebook.com\/Gamecardshopdotcom\" \/>\n<meta property=\"article:modified_time\" content=\"2025-09-03T21:17:49+00:00\" \/>\n<meta name=\"twitter:card\" content=\"summary_large_image\" \/>\n<meta name=\"twitter:site\" content=\"@gamecardshop_\" \/>\n<meta name=\"twitter:label1\" content=\"Ansl. lesetid\" \/>\n\t<meta name=\"twitter:data1\" content=\"3 minutter\" \/>\n<script type=\"application\/ld+json\" class=\"yoast-schema-graph\">{\"@context\":\"https:\/\/schema.org\",\"@graph\":[{\"@type\":\"WebPage\",\"@id\":\"https:\/\/arturo.winandoffice.com\/produkt\/windows-10-professional-visio-2019-professional-project-2019-professional-office-2019-professional-plus\/\",\"url\":\"https:\/\/arturo.winandoffice.com\/produkt\/windows-10-professional-visio-2019-professional-project-2019-professional-office-2019-professional-plus\/\",\"name\":\"Microsoft Windows 10 Pro + Visio 2019 Pro + Project 2019 Pro + Office 2019 Pro Plus license for 3 PCs\",\"isPartOf\":{\"@id\":\"https:\/\/arturo.winandoffice.com\/es\/#website\"},\"primaryImageOfPage\":{\"@id\":\"https:\/\/arturo.winandoffice.com\/produkt\/windows-10-professional-visio-2019-professional-project-2019-professional-office-2019-professional-plus\/#primaryimage\"},\"image\":{\"@id\":\"https:\/\/arturo.winandoffice.com\/produkt\/windows-10-professional-visio-2019-professional-project-2019-professional-office-2019-professional-plus\/#primaryimage\"},\"thumbnailUrl\":\"https:\/\/arturo.winandoffice.com\/wp-content\/uploads\/2023\/03\/W10PO19PPP19PV19P.jpg\",\"datePublished\":\"2023-03-20T12:12:00+00:00\",\"dateModified\":\"2025-09-03T21:17:49+00:00\",\"description\":\"With this license the software can be activated on 3 different devices, e.g. home PC, notebook and work PC. Lifetime Replacement Warranty!!!\",\"breadcrumb\":{\"@id\":\"https:\/\/arturo.winandoffice.com\/produkt\/windows-10-professional-visio-2019-professional-project-2019-professional-office-2019-professional-plus\/#breadcrumb\"},\"inLanguage\":\"nb-NO\",\"potentialAction\":[{\"@type\":\"ReadAction\",\"target\":[\"https:\/\/arturo.winandoffice.com\/produkt\/windows-10-professional-visio-2019-professional-project-2019-professional-office-2019-professional-plus\/\"]}]},{\"@type\":\"ImageObject\",\"inLanguage\":\"nb-NO\",\"@id\":\"https:\/\/arturo.winandoffice.com\/produkt\/windows-10-professional-visio-2019-professional-project-2019-professional-office-2019-professional-plus\/#primaryimage\",\"url\":\"https:\/\/arturo.winandoffice.com\/wp-content\/uploads\/2023\/03\/W10PO19PPP19PV19P.jpg\",\"contentUrl\":\"https:\/\/arturo.winandoffice.com\/wp-content\/uploads\/2023\/03\/W10PO19PPP19PV19P.jpg\"},{\"@type\":\"BreadcrumbList\",\"@id\":\"https:\/\/arturo.winandoffice.com\/produkt\/windows-10-professional-visio-2019-professional-project-2019-professional-office-2019-professional-plus\/#breadcrumb\",\"itemListElement\":[{\"@type\":\"ListItem\",\"position\":1,\"name\":\"Home\",\"item\":\"https:\/\/arturo.winandoffice.com\/\"},{\"@type\":\"ListItem\",\"position\":2,\"name\":\"Shop\",\"item\":\"https:\/\/arturo.winandoffice.com\/shop\/\"},{\"@type\":\"ListItem\",\"position\":3,\"name\":\"Microsoft Windows 10 Pro + Microsoft Visio 2019 Pro + Microsoft Project 2019 Pro + Microsoft Office 2019 Pro Plus License for 3 PC\"}]},{\"@type\":\"WebSite\",\"@id\":\"https:\/\/arturo.winandoffice.com\/es\/#website\",\"url\":\"https:\/\/arturo.winandoffice.com\/es\/\",\"name\":\"Arturo Card Shop\",\"description\":\"Buy your office\",\"publisher\":{\"@id\":\"https:\/\/arturo.winandoffice.com\/es\/#organization\"},\"potentialAction\":[{\"@type\":\"SearchAction\",\"target\":{\"@type\":\"EntryPoint\",\"urlTemplate\":\"https:\/\/arturo.winandoffice.com\/es\/?s={search_term_string}\"},\"query-input\":{\"@type\":\"PropertyValueSpecification\",\"valueRequired\":true,\"valueName\":\"search_term_string\"}}],\"inLanguage\":\"nb-NO\"},{\"@type\":\"Organization\",\"@id\":\"https:\/\/arturo.winandoffice.com\/es\/#organization\",\"name\":\"Arturo Card Shop\",\"url\":\"https:\/\/arturo.winandoffice.com\/es\/\",\"logo\":{\"@type\":\"ImageObject\",\"inLanguage\":\"nb-NO\",\"@id\":\"https:\/\/arturo.winandoffice.com\/es\/#\/schema\/logo\/image\/\",\"url\":\"https:\/\/arturo.winandoffice.com\/wp-content\/uploads\/2022\/10\/logo.png\",\"contentUrl\":\"https:\/\/arturo.winandoffice.com\/wp-content\/uploads\/2022\/10\/logo.png\",\"width\":1710,\"height\":175,\"caption\":\"Arturo Card Shop\"},\"image\":{\"@id\":\"https:\/\/arturo.winandoffice.com\/es\/#\/schema\/logo\/image\/\"},\"sameAs\":[\"https:\/\/www.facebook.com\/Gamecardshopdotcom\",\"https:\/\/x.com\/gamecardshop_\",\"https:\/\/www.youtube.com\/@gamecardshop\",\"https:\/\/www.youtube.com\/@arturo.winandoffice.com_\",\"https:\/\/de.trustpilot.com\/review\/arturo.winandoffice.com\",\"https:\/\/www.provenexpert.com\/game-card-shop\/\",\"https:\/\/www.tiktok.com\/@arturo.winandoffice.com\",\"https:\/\/www.shopauskunft.de\/review\/arturo.winandoffice.com\",\"https:\/\/www.ausgezeichnet.org\/bewertungen-arturo.winandoffice.com-HNVDH\",\"https:\/\/www.trustedshops.eu\/buyerrating\/info_X93C3F0168B7533F969FC6C787543C130.html\"]}]}<\/script>\n<!-- \/ Yoast SEO plugin. -->","yoast_head_json":{"title":"Microsoft Windows 10 Pro + Visio 2019 Pro + Project 2019 Pro + Office 2019 Pro Plus license for 3 PCs","description":"Med denne lisensen kan programvaren aktiveres p\u00e5 3 forskjellige enheter, f.eks. hjemme-PC, b\u00e6rbar PC og arbeids-PC. Livstidsgaranti for utskifting!!!","robots":{"index":"index","follow":"follow","max-snippet":"max-snippet:-1","max-image-preview":"max-image-preview:large","max-video-preview":"max-video-preview:-1"},"canonical":"https:\/\/arturo.winandoffice.com\/nb\/produkt\/windows-10-professional-visio-2019-professional-project-2019-professional-office-2019-professional-plus\/","og_locale":"nb_NO","og_type":"article","og_title":"Microsoft Windows 10 Pro + Visio 2019 Pro + Project 2019 Pro + Office 2019 Pro Plus license for 3 PCs","og_description":"With this license the software can be activated on 3 different devices, e.g. home PC, notebook and work PC. Lifetime Replacement Warranty!!!","og_url":"https:\/\/arturo.winandoffice.com\/nb\/produkt\/windows-10-professional-visio-2019-professional-project-2019-professional-office-2019-professional-plus\/","og_site_name":"Arturo Card Shop","article_publisher":"https:\/\/www.facebook.com\/Gamecardshopdotcom","article_modified_time":"2025-09-03T21:17:49+00:00","twitter_card":"summary_large_image","twitter_site":"@gamecardshop_","twitter_misc":{"Ansl. lesetid":"3 minutter"},"schema":{"@context":"https:\/\/schema.org","@graph":[{"@type":"WebPage","@id":"https:\/\/arturo.winandoffice.com\/produkt\/windows-10-professional-visio-2019-professional-project-2019-professional-office-2019-professional-plus\/","url":"https:\/\/arturo.winandoffice.com\/produkt\/windows-10-professional-visio-2019-professional-project-2019-professional-office-2019-professional-plus\/","name":"Microsoft Windows 10 Pro + Visio 2019 Pro + Project 2019 Pro + Office 2019 Pro Plus license for 3 PCs","isPartOf":{"@id":"https:\/\/arturo.winandoffice.com\/es\/#website"},"primaryImageOfPage":{"@id":"https:\/\/arturo.winandoffice.com\/produkt\/windows-10-professional-visio-2019-professional-project-2019-professional-office-2019-professional-plus\/#primaryimage"},"image":{"@id":"https:\/\/arturo.winandoffice.com\/produkt\/windows-10-professional-visio-2019-professional-project-2019-professional-office-2019-professional-plus\/#primaryimage"},"thumbnailUrl":"https:\/\/arturo.winandoffice.com\/wp-content\/uploads\/2023\/03\/W10PO19PPP19PV19P.jpg","datePublished":"2023-03-20T12:12:00+00:00","dateModified":"2025-09-03T21:17:49+00:00","description":"Med denne lisensen kan programvaren aktiveres p\u00e5 3 forskjellige enheter, f.eks. hjemme-PC, b\u00e6rbar PC og arbeids-PC. Livstidsgaranti for utskifting!!!","breadcrumb":{"@id":"https:\/\/arturo.winandoffice.com\/produkt\/windows-10-professional-visio-2019-professional-project-2019-professional-office-2019-professional-plus\/#breadcrumb"},"inLanguage":"nb-NO","potentialAction":[{"@type":"ReadAction","target":["https:\/\/arturo.winandoffice.com\/produkt\/windows-10-professional-visio-2019-professional-project-2019-professional-office-2019-professional-plus\/"]}]},{"@type":"ImageObject","inLanguage":"nb-NO","@id":"https:\/\/arturo.winandoffice.com\/produkt\/windows-10-professional-visio-2019-professional-project-2019-professional-office-2019-professional-plus\/#primaryimage","url":"https:\/\/arturo.winandoffice.com\/wp-content\/uploads\/2023\/03\/W10PO19PPP19PV19P.jpg","contentUrl":"https:\/\/arturo.winandoffice.com\/wp-content\/uploads\/2023\/03\/W10PO19PPP19PV19P.jpg"},{"@type":"BreadcrumbList","@id":"https:\/\/arturo.winandoffice.com\/produkt\/windows-10-professional-visio-2019-professional-project-2019-professional-office-2019-professional-plus\/#breadcrumb","itemListElement":[{"@type":"ListItem","position":1,"name":"Home","item":"https:\/\/arturo.winandoffice.com\/"},{"@type":"ListItem","position":2,"name":"Shop","item":"https:\/\/arturo.winandoffice.com\/shop\/"},{"@type":"ListItem","position":3,"name":"Microsoft Windows 10 Pro + Microsoft Visio 2019 Pro + Microsoft Project 2019 Pro + Microsoft Office 2019 Pro Plus License for 3 PC"}]},{"@type":"WebSite","@id":"https:\/\/arturo.winandoffice.com\/es\/#website","url":"https:\/\/arturo.winandoffice.com\/es\/","name":"Arturo Card Shop","description":"Kj\u00f8p ditt kontor","publisher":{"@id":"https:\/\/arturo.winandoffice.com\/es\/#organization"},"potentialAction":[{"@type":"SearchAction","target":{"@type":"EntryPoint","urlTemplate":"https:\/\/arturo.winandoffice.com\/es\/?s={search_term_string}"},"query-input":{"@type":"PropertyValueSpecification","valueRequired":true,"valueName":"search_term_string"}}],"inLanguage":"nb-NO"},{"@type":"Organization","@id":"https:\/\/arturo.winandoffice.com\/es\/#organization","name":"Arturo Card Shop","url":"https:\/\/arturo.winandoffice.com\/es\/","logo":{"@type":"ImageObject","inLanguage":"nb-NO","@id":"https:\/\/arturo.winandoffice.com\/es\/#\/schema\/logo\/image\/","url":"https:\/\/arturo.winandoffice.com\/wp-content\/uploads\/2022\/10\/logo.png","contentUrl":"https:\/\/arturo.winandoffice.com\/wp-content\/uploads\/2022\/10\/logo.png","width":1710,"height":175,"caption":"Arturo Card Shop"},"image":{"@id":"https:\/\/arturo.winandoffice.com\/es\/#\/schema\/logo\/image\/"},"sameAs":["https:\/\/www.facebook.com\/Gamecardshopdotcom","https:\/\/x.com\/gamecardshop_","https:\/\/www.youtube.com\/@gamecardshop","https:\/\/www.youtube.com\/@arturo.winandoffice.com_","https:\/\/de.trustpilot.com\/review\/arturo.winandoffice.com","https:\/\/www.provenexpert.com\/game-card-shop\/","https:\/\/www.tiktok.com\/@arturo.winandoffice.com","https:\/\/www.shopauskunft.de\/review\/arturo.winandoffice.com","https:\/\/www.ausgezeichnet.org\/bewertungen-arturo.winandoffice.com-HNVDH","https:\/\/www.trustedshops.eu\/buyerrating\/info_X93C3F0168B7533F969FC6C787543C130.html"]}]}},"acf":[],"_links":{"self":[{"href":"https:\/\/arturo.winandoffice.com\/nb\/wp-json\/wp\/v2\/product\/34918","targetHints":{"allow":["GET"]}}],"collection":[{"href":"https:\/\/arturo.winandoffice.com\/nb\/wp-json\/wp\/v2\/product"}],"about":[{"href":"https:\/\/arturo.winandoffice.com\/nb\/wp-json\/wp\/v2\/types\/product"}],"replies":[{"embeddable":true,"href":"https:\/\/arturo.winandoffice.com\/nb\/wp-json\/wp\/v2\/comments?post=34918"}],"wp:featuredmedia":[{"embeddable":true,"href":"https:\/\/arturo.winandoffice.com\/nb\/wp-json\/"}],"wp:attachment":[{"href":"https:\/\/arturo.winandoffice.com\/nb\/wp-json\/wp\/v2\/media?parent=34918"}],"wp:term":[{"taxonomy":"product_brand","embeddable":true,"href":"https:\/\/arturo.winandoffice.com\/nb\/wp-json\/wp\/v2\/product_brand?post=34918"},{"taxonomy":"product_cat","embeddable":true,"href":"https:\/\/arturo.winandoffice.com\/nb\/wp-json\/wp\/v2\/product_cat?post=34918"},{"taxonomy":"product_tag","embeddable":true,"href":"https:\/\/arturo.winandoffice.com\/nb\/wp-json\/wp\/v2\/product_tag?post=34918"}],"curies":[{"name":"wp","href":"https:\/\/api.w.org\/{rel}","templated":true}]}}