{"id":119788,"date":"2024-11-03T17:02:21","date_gmt":"2024-11-03T16:02:21","guid":{"rendered":"https:\/\/arturo.winandoffice.com\/?post_type=product&#038;p=119788"},"modified":"2025-09-03T21:39:47","modified_gmt":"2025-09-03T20:39:47","slug":"microsoft-windows-10-professional-microsoft-project-2024-professional-license-for-3-devices","status":"publish","type":"product","link":"https:\/\/arturo.winandoffice.com\/nb\/produkt\/microsoft-windows-10-professional-microsoft-project-2024-professional-license-for-3-devices\/","title":{"rendered":"Microsoft Windows 10 Professional + Microsoft Project 2024 Professional License for 3 PC"},"content":{"rendered":"<p><span style=\"font-size: 24pt\"><strong>Microsoft Windows 10 Professional<\/strong><\/span><\/p>\n<p>With the new version of Microsoft Windows 10, Microsoft offers demanding home users and companies in particular a modern and intuitive operating system. Among other things, Microsoft Windows 10 offers improved security features, remote desktop access, BitLocker Encryption and the personal virtual assistant Cortana. The system adapts to any device with its advanced features and has the advantage that the system requirements have hardly changed compared to its predecessors. This means you dont have to invest in new hardware to take advantage of Microsoft Windows 10 Professional.<\/p>\n<p><strong>Minimumskrav til systemet<\/strong><\/p>\n<p>1 GHz eller raskere CPU<\/p>\n<p>1 GB RAM for 32-bit eller 2 GB RAM for 64-bit.<\/p>\n<p>16 GB tilgjengelig harddiskplass for 32-bit OS eller 20 GB for 64-bit OS.<\/p>\n<p>&nbsp;<\/p>\n<div id=\"primaryR2\" data-grid=\"container\" data-region-key=\"primaryr2\" data-m=\"{&quot;cN&quot;:&quot;primaryR2 1&quot;,&quot;cT&quot;:&quot;Region_coreui-region&quot;,&quot;id&quot;:&quot;r2a2&quot;,&quot;sN&quot;:2,&quot;aN&quot;:&quot;a2&quot;}\">\n<div id=\"coreui-banner-l03vzh8\" data-m=\"{&quot;cN&quot;:&quot;R2Banner 1&quot;,&quot;cT&quot;:&quot;Module_coreui-banner&quot;,&quot;id&quot;:&quot;m1r2a2&quot;,&quot;sN&quot;:1,&quot;aN&quot;:&quot;r2a2&quot;}\" data-module-id=\"WDG-Microsoft Windows|primaryR2|coreui-region|coreui-banner-l03vzh8|coreui-banner\">\n<div class=\"m-banner f-align-left\" data-grid=\"col-12\"><span style=\"font-size: 24pt\"><strong>Microsoft Prosjekt 2024 Professional<\/strong><\/span><\/div>\n<\/div>\n<\/div>\n<div id=\"primaryR3\" data-grid=\"container\" data-region-key=\"primaryr3\" data-m=\"{&quot;cN&quot;:&quot;primaryR3 1&quot;,&quot;cT&quot;:&quot;Region_coreui-region&quot;,&quot;id&quot;:&quot;r3a2&quot;,&quot;sN&quot;:3,&quot;aN&quot;:&quot;a2&quot;}\">\n<div id=\"coreui-contentrichblock-rhi1sei\" data-m=\"{&quot;cN&quot;:&quot;R2ContentRichBlock 1&quot;,&quot;cT&quot;:&quot;Module_coreui-contentrichblock&quot;,&quot;id&quot;:&quot;m3r3a2&quot;,&quot;sN&quot;:3,&quot;aN&quot;:&quot;r3a2&quot;}\" data-module-id=\"WDG-Microsoft Windows|primaryR3|coreui-region|coreui-contentrichblock-rhi1sei|coreui-contentrichblock\">\n<div class=\"m-rich-content-block context-ucx\" data-grid=\"col-12\">\n<div class=\"dePhmb\">\n<div class=\"eyKpYb\" data-language=\"en\" data-original-language=\"de\" data-result-index=\"0\">\n<div class=\"J0lOec\">\n<p>Microsoft Project 2024 har nye funksjoner og forbedringer som hjelper team med \u00e5 organisere arbeidet, administrere oppgaver og spore budsjetter og ressurser enda mer effektivt. Denne nye versjonen inneholder viktige nyvinninger som vil v\u00e6re til nytte for b\u00e5de nybegynnere og profesjonelle som jobber med prosjekter av enhver kompleksitet:<\/p>\n<ul>\n<li>Nytt, mer intuitivt og tilpasningsdyktig grensesnitt og forbedret brukernavigasjon med fleksibel datavisning<\/li>\n<li>Forh\u00e5ndsbygde maler hjelper deg med \u00e5 komme i gang med prosjektet ditt p\u00e5 null komma niks<\/li>\n<li>Synkronisering med Project Online og Project Server for integrering og ressursstyring<\/li>\n<li>Hva-hvis-scenarioer bidrar til \u00e5 optimalisere oppgavefordelingen ved hjelp av scenariosimuleringer<\/li>\n<li>Forbedre planleggingen ved \u00e5 automatisk fylle ut start- og sluttdatoer basert p\u00e5 avhengigheter<\/li>\n<li>Bruk flere tidslinjer for \u00e5 f\u00e5 en tydelig visuell fremstilling av komplekse tidsplaner<\/li>\n<li>Nye funksjoner for datavisning og -analyse, som gj\u00f8r det enkelt \u00e5 veksle mellom ulike typer informasjonspresentasjon, inkludert Kanban- og Scrum-tavler<\/li>\n<li>St\u00f8tte for Agile, Scrum, Waterfall samt hybride tiln\u00e6rminger, slik at brukerne kan kombinere elementer fra ulike metoder.<\/li>\n<\/ul>\n<\/div>\n<p><strong>Hjelp og st\u00f8tte:<\/strong><\/p>\n<p>Hvis du har sp\u00f8rsm\u00e5l, er du velkommen til \u00e5 kontakte oss <a href=\"mailto:support@arturo.winandoffice.com\" target=\"_blank\" rel=\"noopener\">via e-post<\/a>\u00a0V\u00e5r kundeservice og support er tilgjengelig 7 dager i uken, 24 timer i d\u00f8gnet.<\/p>\n<\/div>\n<\/div>\n<\/div>\n<\/div>\n<\/div>","protected":false},"excerpt":{"rendered":"<ul>\n<li>Microsoft Windows 10 Professional-lisens for 3 enheter<\/li>\n<li>Microsoft Project 2024 Professional-lisens for 3 enheter<\/li>\n<li><strong>Med denne lisensen kan programvaren aktiveres p\u00e5 3 forskjellige enheter, f.eks. hjemme-PC, b\u00e6rbar PC og jobb-PC.<\/strong><\/li>\n<li>Versjon for 32- og 64-biters systemer, ubegrenset antall versjoner av programvaren<\/li>\n<li>Levering via e-post: produktn\u00f8kkel, instruksjoner, nedlastingslenker, faktura<\/li>\n<li>\u00d8yeblikkelig nedlasting!<\/li>\n<li>Ingen tidsbegrensning, ingen abonnement<\/li>\n<li>Gratis support 24\/7 for problemer med installasjon og aktivering<\/li>\n<li>Ingen levering p\u00e5 datalagring (USB, CD osv.)<\/li>\n<li>Aktivering p\u00e5 nett og via telefon<\/li>\n<li>Spr\u00e5k: <strong>Engelsk<\/strong>, spansk, italiensk, tysk, fransk<\/li>\n<li><strong><span style=\"color: #008000\"> Dette produktet er kompatibelt med Microsoft Windows.<\/span><\/strong><\/li>\n<li><strong><span style=\"color: #ff0000\">NOT compatible with Apple macOS\u2122, Apple Processors, Parallels for Mac, Android devices and Chromebooks.<\/span><\/strong><\/li>\n<\/ul>","protected":false},"featured_media":100000119737,"comment_status":"closed","ping_status":"closed","template":"","meta":{"_acf_changed":false},"product_brand":[],"product_cat":[154,156,290],"product_tag":[281,158],"class_list":{"0":"post-119788","1":"product","2":"type-product","3":"status-publish","4":"has-post-thumbnail","6":"product_cat-microsoft-office","7":"product_cat-popular","8":"product_cat-project","9":"product_tag-281","10":"product_tag-ms-office","12":"first","13":"instock","14":"sale","15":"featured","16":"virtual","17":"taxable","18":"purchasable","19":"product-type-simple"},"yoast_head":"<!-- This site is optimized with the Yoast SEO plugin v26.7 - https:\/\/yoast.com\/wordpress\/plugins\/seo\/ -->\n<title>Microsoft Windows 10 Professional + Microsoft Project 2024 Professional License for 3 PC - Arturo Card Shop<\/title>\n<meta name=\"robots\" content=\"index, follow, max-snippet:-1, max-image-preview:large, max-video-preview:-1\" \/>\n<link rel=\"canonical\" href=\"https:\/\/arturo.winandoffice.com\/nb\/produkt\/microsoft-windows-10-professional-microsoft-project-2024-professional-license-for-3-devices\/\" \/>\n<meta property=\"og:locale\" content=\"nb_NO\" \/>\n<meta property=\"og:type\" content=\"article\" \/>\n<meta property=\"og:title\" content=\"Microsoft Windows 10 Professional + Microsoft Project 2024 Professional License for 3 PC - Arturo Card Shop\" \/>\n<meta property=\"og:description\" content=\"Microsoft Windows 10 Professional license for 3 devices  Microsoft Project 2024 Professional license for 3 devices  With this license, the software can be activated on 3 different devices, e.g. home PC, notebook and work PC.  Version for 32 and 64 bit systems, full unlimited versions of software  Delivery by email: product key, instructions, download links, invoice  Instant download!  No time limit, no subscription  Free support 24\/7 for issues with installation and activation  No delivery on data storage (USB, CD, etc.)  Activation online and by phone  Languages: English, Spanish, Italian, German, French   This product is compatible with Microsoft Windows.  NOT compatible with Apple macOS\u2122, Apple Processors, Parallels for Mac, Android devices and Chromebooks.\" \/>\n<meta property=\"og:url\" content=\"https:\/\/arturo.winandoffice.com\/nb\/produkt\/microsoft-windows-10-professional-microsoft-project-2024-professional-license-for-3-devices\/\" \/>\n<meta property=\"og:site_name\" content=\"Arturo Card Shop\" \/>\n<meta property=\"article:publisher\" content=\"https:\/\/www.facebook.com\/Gamecardshopdotcom\" \/>\n<meta property=\"article:modified_time\" content=\"2025-09-03T20:39:47+00:00\" \/>\n<meta name=\"twitter:card\" content=\"summary_large_image\" \/>\n<meta name=\"twitter:site\" content=\"@gamecardshop_\" \/>\n<meta name=\"twitter:label1\" content=\"Ansl. lesetid\" \/>\n\t<meta name=\"twitter:data1\" content=\"2 minutter\" \/>\n<script type=\"application\/ld+json\" class=\"yoast-schema-graph\">{\"@context\":\"https:\/\/schema.org\",\"@graph\":[{\"@type\":\"WebPage\",\"@id\":\"https:\/\/arturo.winandoffice.com\/produkt\/microsoft-windows-10-professional-microsoft-project-2024-professional-license-for-3-devices\/\",\"url\":\"https:\/\/arturo.winandoffice.com\/produkt\/microsoft-windows-10-professional-microsoft-project-2024-professional-license-for-3-devices\/\",\"name\":\"Microsoft Windows 10 Professional + Microsoft Project 2024 Professional License for 3 PC - Arturo Card Shop\",\"isPartOf\":{\"@id\":\"https:\/\/arturo.winandoffice.com\/es\/#website\"},\"primaryImageOfPage\":{\"@id\":\"https:\/\/arturo.winandoffice.com\/produkt\/microsoft-windows-10-professional-microsoft-project-2024-professional-license-for-3-devices\/#primaryimage\"},\"image\":{\"@id\":\"https:\/\/arturo.winandoffice.com\/produkt\/microsoft-windows-10-professional-microsoft-project-2024-professional-license-for-3-devices\/#primaryimage\"},\"thumbnailUrl\":\"https:\/\/arturo.winandoffice.com\/wp-content\/uploads\/2024\/11\/W10PP24P.jpg\",\"datePublished\":\"2024-11-03T16:02:21+00:00\",\"dateModified\":\"2025-09-03T20:39:47+00:00\",\"breadcrumb\":{\"@id\":\"https:\/\/arturo.winandoffice.com\/produkt\/microsoft-windows-10-professional-microsoft-project-2024-professional-license-for-3-devices\/#breadcrumb\"},\"inLanguage\":\"nb-NO\",\"potentialAction\":[{\"@type\":\"ReadAction\",\"target\":[\"https:\/\/arturo.winandoffice.com\/produkt\/microsoft-windows-10-professional-microsoft-project-2024-professional-license-for-3-devices\/\"]}]},{\"@type\":\"ImageObject\",\"inLanguage\":\"nb-NO\",\"@id\":\"https:\/\/arturo.winandoffice.com\/produkt\/microsoft-windows-10-professional-microsoft-project-2024-professional-license-for-3-devices\/#primaryimage\",\"url\":\"https:\/\/arturo.winandoffice.com\/wp-content\/uploads\/2024\/11\/W10PP24P.jpg\",\"contentUrl\":\"https:\/\/arturo.winandoffice.com\/wp-content\/uploads\/2024\/11\/W10PP24P.jpg\"},{\"@type\":\"BreadcrumbList\",\"@id\":\"https:\/\/arturo.winandoffice.com\/produkt\/microsoft-windows-10-professional-microsoft-project-2024-professional-license-for-3-devices\/#breadcrumb\",\"itemListElement\":[{\"@type\":\"ListItem\",\"position\":1,\"name\":\"Home\",\"item\":\"https:\/\/arturo.winandoffice.com\/\"},{\"@type\":\"ListItem\",\"position\":2,\"name\":\"Shop\",\"item\":\"https:\/\/arturo.winandoffice.com\/shop\/\"},{\"@type\":\"ListItem\",\"position\":3,\"name\":\"Microsoft Windows 10 Professional + Microsoft Project 2024 Professional License for 3 PC\"}]},{\"@type\":\"WebSite\",\"@id\":\"https:\/\/arturo.winandoffice.com\/es\/#website\",\"url\":\"https:\/\/arturo.winandoffice.com\/es\/\",\"name\":\"Arturo Card Shop\",\"description\":\"Buy your office\",\"publisher\":{\"@id\":\"https:\/\/arturo.winandoffice.com\/es\/#organization\"},\"potentialAction\":[{\"@type\":\"SearchAction\",\"target\":{\"@type\":\"EntryPoint\",\"urlTemplate\":\"https:\/\/arturo.winandoffice.com\/es\/?s={search_term_string}\"},\"query-input\":{\"@type\":\"PropertyValueSpecification\",\"valueRequired\":true,\"valueName\":\"search_term_string\"}}],\"inLanguage\":\"nb-NO\"},{\"@type\":\"Organization\",\"@id\":\"https:\/\/arturo.winandoffice.com\/es\/#organization\",\"name\":\"Arturo Card Shop\",\"url\":\"https:\/\/arturo.winandoffice.com\/es\/\",\"logo\":{\"@type\":\"ImageObject\",\"inLanguage\":\"nb-NO\",\"@id\":\"https:\/\/arturo.winandoffice.com\/es\/#\/schema\/logo\/image\/\",\"url\":\"https:\/\/arturo.winandoffice.com\/wp-content\/uploads\/2022\/10\/logo.png\",\"contentUrl\":\"https:\/\/arturo.winandoffice.com\/wp-content\/uploads\/2022\/10\/logo.png\",\"width\":1710,\"height\":175,\"caption\":\"Arturo Card Shop\"},\"image\":{\"@id\":\"https:\/\/arturo.winandoffice.com\/es\/#\/schema\/logo\/image\/\"},\"sameAs\":[\"https:\/\/www.facebook.com\/Gamecardshopdotcom\",\"https:\/\/x.com\/gamecardshop_\",\"https:\/\/www.youtube.com\/@gamecardshop\",\"https:\/\/www.youtube.com\/@arturo.winandoffice.com_\",\"https:\/\/de.trustpilot.com\/review\/arturo.winandoffice.com\",\"https:\/\/www.provenexpert.com\/game-card-shop\/\",\"https:\/\/www.tiktok.com\/@arturo.winandoffice.com\",\"https:\/\/www.shopauskunft.de\/review\/arturo.winandoffice.com\",\"https:\/\/www.ausgezeichnet.org\/bewertungen-arturo.winandoffice.com-HNVDH\",\"https:\/\/www.trustedshops.eu\/buyerrating\/info_X93C3F0168B7533F969FC6C787543C130.html\"]}]}<\/script>\n<!-- \/ Yoast SEO plugin. -->","yoast_head_json":{"title":"Microsoft Windows 10 Professional + Microsoft Project 2024 Professional License for 3 PC - Arturo Card Shop","robots":{"index":"index","follow":"follow","max-snippet":"max-snippet:-1","max-image-preview":"max-image-preview:large","max-video-preview":"max-video-preview:-1"},"canonical":"https:\/\/arturo.winandoffice.com\/nb\/produkt\/microsoft-windows-10-professional-microsoft-project-2024-professional-license-for-3-devices\/","og_locale":"nb_NO","og_type":"article","og_title":"Microsoft Windows 10 Professional + Microsoft Project 2024 Professional License for 3 PC - Arturo Card Shop","og_description":"Microsoft Windows 10 Professional license for 3 devices  Microsoft Project 2024 Professional license for 3 devices  With this license, the software can be activated on 3 different devices, e.g. home PC, notebook and work PC.  Version for 32 and 64 bit systems, full unlimited versions of software  Delivery by email: product key, instructions, download links, invoice  Instant download!  No time limit, no subscription  Free support 24\/7 for issues with installation and activation  No delivery on data storage (USB, CD, etc.)  Activation online and by phone  Languages: English, Spanish, Italian, German, French   This product is compatible with Microsoft Windows.  NOT compatible with Apple macOS\u2122, Apple Processors, Parallels for Mac, Android devices and Chromebooks.","og_url":"https:\/\/arturo.winandoffice.com\/nb\/produkt\/microsoft-windows-10-professional-microsoft-project-2024-professional-license-for-3-devices\/","og_site_name":"Arturo Card Shop","article_publisher":"https:\/\/www.facebook.com\/Gamecardshopdotcom","article_modified_time":"2025-09-03T20:39:47+00:00","twitter_card":"summary_large_image","twitter_site":"@gamecardshop_","twitter_misc":{"Ansl. lesetid":"2 minutter"},"schema":{"@context":"https:\/\/schema.org","@graph":[{"@type":"WebPage","@id":"https:\/\/arturo.winandoffice.com\/produkt\/microsoft-windows-10-professional-microsoft-project-2024-professional-license-for-3-devices\/","url":"https:\/\/arturo.winandoffice.com\/produkt\/microsoft-windows-10-professional-microsoft-project-2024-professional-license-for-3-devices\/","name":"Microsoft Windows 10 Professional + Microsoft Project 2024 Professional License for 3 PC - Arturo Card Shop","isPartOf":{"@id":"https:\/\/arturo.winandoffice.com\/es\/#website"},"primaryImageOfPage":{"@id":"https:\/\/arturo.winandoffice.com\/produkt\/microsoft-windows-10-professional-microsoft-project-2024-professional-license-for-3-devices\/#primaryimage"},"image":{"@id":"https:\/\/arturo.winandoffice.com\/produkt\/microsoft-windows-10-professional-microsoft-project-2024-professional-license-for-3-devices\/#primaryimage"},"thumbnailUrl":"https:\/\/arturo.winandoffice.com\/wp-content\/uploads\/2024\/11\/W10PP24P.jpg","datePublished":"2024-11-03T16:02:21+00:00","dateModified":"2025-09-03T20:39:47+00:00","breadcrumb":{"@id":"https:\/\/arturo.winandoffice.com\/produkt\/microsoft-windows-10-professional-microsoft-project-2024-professional-license-for-3-devices\/#breadcrumb"},"inLanguage":"nb-NO","potentialAction":[{"@type":"ReadAction","target":["https:\/\/arturo.winandoffice.com\/produkt\/microsoft-windows-10-professional-microsoft-project-2024-professional-license-for-3-devices\/"]}]},{"@type":"ImageObject","inLanguage":"nb-NO","@id":"https:\/\/arturo.winandoffice.com\/produkt\/microsoft-windows-10-professional-microsoft-project-2024-professional-license-for-3-devices\/#primaryimage","url":"https:\/\/arturo.winandoffice.com\/wp-content\/uploads\/2024\/11\/W10PP24P.jpg","contentUrl":"https:\/\/arturo.winandoffice.com\/wp-content\/uploads\/2024\/11\/W10PP24P.jpg"},{"@type":"BreadcrumbList","@id":"https:\/\/arturo.winandoffice.com\/produkt\/microsoft-windows-10-professional-microsoft-project-2024-professional-license-for-3-devices\/#breadcrumb","itemListElement":[{"@type":"ListItem","position":1,"name":"Home","item":"https:\/\/arturo.winandoffice.com\/"},{"@type":"ListItem","position":2,"name":"Shop","item":"https:\/\/arturo.winandoffice.com\/shop\/"},{"@type":"ListItem","position":3,"name":"Microsoft Windows 10 Professional + Microsoft Project 2024 Professional License for 3 PC"}]},{"@type":"WebSite","@id":"https:\/\/arturo.winandoffice.com\/es\/#website","url":"https:\/\/arturo.winandoffice.com\/es\/","name":"Arturo Card Shop","description":"Kj\u00f8p ditt kontor","publisher":{"@id":"https:\/\/arturo.winandoffice.com\/es\/#organization"},"potentialAction":[{"@type":"SearchAction","target":{"@type":"EntryPoint","urlTemplate":"https:\/\/arturo.winandoffice.com\/es\/?s={search_term_string}"},"query-input":{"@type":"PropertyValueSpecification","valueRequired":true,"valueName":"search_term_string"}}],"inLanguage":"nb-NO"},{"@type":"Organization","@id":"https:\/\/arturo.winandoffice.com\/es\/#organization","name":"Arturo Card Shop","url":"https:\/\/arturo.winandoffice.com\/es\/","logo":{"@type":"ImageObject","inLanguage":"nb-NO","@id":"https:\/\/arturo.winandoffice.com\/es\/#\/schema\/logo\/image\/","url":"https:\/\/arturo.winandoffice.com\/wp-content\/uploads\/2022\/10\/logo.png","contentUrl":"https:\/\/arturo.winandoffice.com\/wp-content\/uploads\/2022\/10\/logo.png","width":1710,"height":175,"caption":"Arturo Card Shop"},"image":{"@id":"https:\/\/arturo.winandoffice.com\/es\/#\/schema\/logo\/image\/"},"sameAs":["https:\/\/www.facebook.com\/Gamecardshopdotcom","https:\/\/x.com\/gamecardshop_","https:\/\/www.youtube.com\/@gamecardshop","https:\/\/www.youtube.com\/@arturo.winandoffice.com_","https:\/\/de.trustpilot.com\/review\/arturo.winandoffice.com","https:\/\/www.provenexpert.com\/game-card-shop\/","https:\/\/www.tiktok.com\/@arturo.winandoffice.com","https:\/\/www.shopauskunft.de\/review\/arturo.winandoffice.com","https:\/\/www.ausgezeichnet.org\/bewertungen-arturo.winandoffice.com-HNVDH","https:\/\/www.trustedshops.eu\/buyerrating\/info_X93C3F0168B7533F969FC6C787543C130.html"]}]}},"acf":[],"_links":{"self":[{"href":"https:\/\/arturo.winandoffice.com\/nb\/wp-json\/wp\/v2\/product\/119788","targetHints":{"allow":["GET"]}}],"collection":[{"href":"https:\/\/arturo.winandoffice.com\/nb\/wp-json\/wp\/v2\/product"}],"about":[{"href":"https:\/\/arturo.winandoffice.com\/nb\/wp-json\/wp\/v2\/types\/product"}],"replies":[{"embeddable":true,"href":"https:\/\/arturo.winandoffice.com\/nb\/wp-json\/wp\/v2\/comments?post=119788"}],"wp:featuredmedia":[{"embeddable":true,"href":"https:\/\/arturo.winandoffice.com\/nb\/wp-json\/"}],"wp:attachment":[{"href":"https:\/\/arturo.winandoffice.com\/nb\/wp-json\/wp\/v2\/media?parent=119788"}],"wp:term":[{"taxonomy":"product_brand","embeddable":true,"href":"https:\/\/arturo.winandoffice.com\/nb\/wp-json\/wp\/v2\/product_brand?post=119788"},{"taxonomy":"product_cat","embeddable":true,"href":"https:\/\/arturo.winandoffice.com\/nb\/wp-json\/wp\/v2\/product_cat?post=119788"},{"taxonomy":"product_tag","embeddable":true,"href":"https:\/\/arturo.winandoffice.com\/nb\/wp-json\/wp\/v2\/product_tag?post=119788"}],"curies":[{"name":"wp","href":"https:\/\/api.w.org\/{rel}","templated":true}]}}