{"id":115975,"date":"2024-06-25T17:22:26","date_gmt":"2024-06-25T16:22:26","guid":{"rendered":"https:\/\/arturo.winandoffice.com\/?post_type=product&#038;p=115975"},"modified":"2025-09-03T21:54:17","modified_gmt":"2025-09-03T20:54:17","slug":"microsoft-office-2024-pro-plus-windows-11-pro","status":"publish","type":"product","link":"https:\/\/arturo.winandoffice.com\/nb\/produkt\/microsoft-office-2024-pro-plus-windows-11-pro\/","title":{"rendered":"Microsoft Office 2024 Professional Plus + Microsoft Windows 11 Professional License for 3 PC"},"content":{"rendered":"<div class=\"wpb-content-wrapper\"><div class=\"vc_row wpb_row vc_row-fluid\" style=\"background-position: None!important;  \"><div class=\"wpb_column vc_column_container vc_col-sm-12\"><div class=\"vc_column-inner\"><div class=\"wpb_wrapper\">\n\t<div class=\"wpb_text_column wpb_content_element\" >\n\t\t<div class=\"wpb_wrapper\">\n\t\t\t<h3>Microsoft Office 2024 Professional Plus<\/h3>\n<div style=\"margin-bottom: 15px;\"><strong>Med denne lisensen kan programvaren aktiveres p\u00e5 3 forskjellige enheter, f.eks. hjemme-pc, b\u00e6rbar PC og arbeids-pc.<\/strong><\/div>\n<div style=\"margin-bottom: 15px;\">Microsoft Office-brukere som bruker hele spekteret av applikasjoner hjemme eller p\u00e5 kontoret, er godt tjent med Microsoft Office 2024 Professional Plus Edition. Alle viktige programmer er inkludert: Word, Excel, Outlook, PowerPoint og Access (Publisher er ikke lenger inkludert, da det vil bli pensjonert i 2026). OneNote kan n\u00e5 lastes ned fra Microsoft Windows Store, slik at du raskt kan ta notater og gj\u00f8re dem tilgjengelige p\u00e5 alle enheter via nettskyen. P\u00e5 grunn av det brede spekteret av forskjellige programmer er Professional Plus-versjonen f\u00f8rst og fremst rettet mot personer som jobber hjemme, p\u00e5 hjemmekontoret eller som leter etter en kraftig, p\u00e5litelig l\u00f8sning p\u00e5 et kontor for \u00e5 organisere dokumenter, tabeller osv.<\/div>\n<ul>\n<li><strong>Ord<\/strong>: Opprett tekstdokumenter av profesjonell kvalitet p\u00e5 kort tid.<\/li>\n<li><strong>Excel<\/strong>: Intelligent regneark for informasjonsforvaltning.<\/li>\n<li><strong>PowerPoint<\/strong>: Lag imponerende dynamiske presentasjoner.<\/li>\n<li><strong>OneNote<\/strong>: Din digitale notatbok.<\/li>\n<li><strong>Utsikter<\/strong>: Kommunikasjon gjort enkelt.<\/li>\n<li><strong>Tilgang<\/strong>: Databaseprogrammering for nettleserbaserte apper<\/li>\n<\/ul>\n<p><strong>Important note:<\/strong> This version of Office does <strong>NOT<\/strong> include <strong>Teams!<\/strong><\/p>\n<div>\n<p><strong>Krav til operativsystem: Microsoft Windows 10 eller 11<\/strong><\/p>\n<\/div>\n<hr>\n<h3><strong>Microsoft Windows 11 Professional<\/strong><\/h3>\n<p>Opplev det ypperste innen moderne databehandling med Microsoft Windows 11 Professional. Dette operativsystemet kombinerer elegant design med kraftig ytelse, noe som gir et s\u00f8ml\u00f8st og sikkert milj\u00f8 for arbeid og lek. Microsoft Windows 11 Professional er utviklet for \u00e5 hjelpe deg med \u00e5 oppn\u00e5 mer, med nye funksjoner og forbedringer som \u00f8ker produktiviteten og tilkoblingsmulighetene.<\/p>\n<p><strong>Viktige funksjoner i Microsoft Windows 11 Professional:<\/strong><\/p>\n<ul>\n<li><strong>Intuitivt grensesnitt:<\/strong> Et friskt og rent design som \u00f8ker produktiviteten din.<\/li>\n<li><strong>Forbedret ytelse:<\/strong> Raskere oppstartstider, effektiv ressursstyring og forbedret sikkerhet.<\/li>\n<li><strong>Virtuelle skrivebord:<\/strong> Organiser arbeidsomr\u00e5det ditt p\u00e5 en enkel m\u00e5te med flere skrivebord.<\/li>\n<li><strong>Snap layouter og grupper:<\/strong> Organiser og administrer \u00e5pne vinduer p\u00e5 en enkel m\u00e5te, slik at du kan multitaske.<\/li>\n<li><strong>Integrering med Microsoft Teams:<\/strong> Hold kontakten med innebygde verkt\u00f8y for chat og videokonferanser.<\/li>\n<li><strong>Avansert sikkerhet:<\/strong> Beskytt dataene dine med toppmoderne sikkerhetsfunksjoner.<\/li>\n<\/ul>\n<p>With an upgrade to&nbsp; Microsoft Windows 11 Professional, you can unlock the full potential of your PC, whether you&#8217;re working at home, in the office, or on the go.<\/p>\n<hr>\n<p>Med denne eksklusive kombinasjonen f\u00e5r du den ultimate produktivitetspakken og det mest avanserte operativsystemet. Nyt de toppmoderne funksjonene og nyvinningene i Microsoft Office 2024 Professional Plus sammen med den slanke designen og den kraftige ytelsen til Microsoft Windows 11 Professional. Ikke g\u00e5 glipp av muligheten til \u00e5 oppgradere og maksimere produktiviteten din!<\/p>\n<p><strong>Hjelp og st\u00f8tte:<\/strong><\/p>\n<p>Hvis du har sp\u00f8rsm\u00e5l, er du velkommen til \u00e5 kontakte oss <a href=\"mailto:support@arturo.winandoffice.com\" target=\"_blank\" rel=\"noopener\">via e-post<\/a>.&nbsp;Our customer service and support is available 7 days a week, 24 hours a day.<\/p>\n\n\t\t<\/div>\n\t<\/div>\n<\/div><\/div><\/div><\/div>\n<\/div>","protected":false},"excerpt":{"rendered":"<ul>\n<li>Microsoft Office 2024 Professional Plus-lisens for 3 enheter<\/li>\n<li>Microsoft Windows 11 Professional-lisens for 3 enheter<\/li>\n<li><strong>Med denne lisensen kan programvaren aktiveres p\u00e5 3 forskjellige enheter, f.eks. hjemme-pc, b\u00e6rbar PC og arbeids-pc.<\/strong><\/li>\n<li>Versjon for 32- og 64-biters systemer, ubegrenset antall versjoner av programvaren <strong>fra sertifisert Microsoft Gold Partner<\/strong><\/li>\n<li><strong>Livstidsgaranti for utskifting!<\/strong><\/li>\n<li>Levering via e-post: produktn\u00f8kkel, instruksjoner, nedlastingslenker, faktura<\/li>\n<li>\u00d8yeblikkelig nedlasting!<\/li>\n<li>Ingen tidsbegrensning, ingen abonnement<\/li>\n<li>Gratis support 24\/7 for problemer med installasjon og aktivering<\/li>\n<li>Ingen levering p\u00e5 datalagring (USB, CD osv.)<\/li>\n<li>Aktivering p\u00e5 nett og via telefon<\/li>\n<li>Spr\u00e5k: Engelsk, spansk, italiensk, tysk, fransk<\/li>\n<li><strong><span style=\"color: #008000;\"> Dette produktet er kompatibelt med Microsoft Windows.<\/span><\/strong><\/li>\n<li><strong><span style=\"color: #ff0000;\">NOT compatible with Apple macOS\u2122, Apple Processors, Parallels for Mac, Android devices and Chromebooks.<\/span><\/strong><\/li>\n<\/ul>","protected":false},"featured_media":100000116570,"comment_status":"closed","ping_status":"closed","template":"","meta":{"_acf_changed":false},"product_brand":[],"product_cat":[154,280],"product_tag":[281,158],"class_list":{"0":"post-115975","1":"product","2":"type-product","3":"status-publish","4":"has-post-thumbnail","6":"product_cat-microsoft-office","7":"product_cat-280","8":"product_tag-281","9":"product_tag-ms-office","11":"first","12":"instock","13":"featured","14":"virtual","15":"taxable","16":"purchasable","17":"product-type-simple"},"yoast_head":"<!-- This site is optimized with the Yoast SEO plugin v26.7 - https:\/\/yoast.com\/wordpress\/plugins\/seo\/ -->\n<title>Microsoft Office 2024 Professional Plus + Microsoft Windows 11 Professional License for 3 PC - Arturo Card Shop<\/title>\n<meta name=\"robots\" content=\"index, follow, max-snippet:-1, max-image-preview:large, max-video-preview:-1\" \/>\n<link rel=\"canonical\" href=\"https:\/\/arturo.winandoffice.com\/nb\/produkt\/microsoft-office-2024-pro-plus-windows-11-pro\/\" \/>\n<meta property=\"og:locale\" content=\"nb_NO\" \/>\n<meta property=\"og:type\" content=\"article\" \/>\n<meta property=\"og:title\" content=\"Microsoft Office 2024 Professional Plus + Microsoft Windows 11 Professional License for 3 PC - Arturo Card Shop\" \/>\n<meta property=\"og:description\" content=\"Microsoft Office 2024 Professional Plus license for 3 devices  Microsoft Windows 11 Professional license for 3 devices  With this license the software can be activated on 3 different devices, e.g. home PC, notebook and work PC.  Version for 32 and 64 bit systems, full unlimited versions of software from certified Microsoft Gold Partner  Lifetime Replacement Warranty!  Delivery by email: product key, instructions, download links, invoice  Instant download!  No time limit, no subscription  Free support 24\/7 for issues with installation and activation  No delivery on data storage (USB, CD, etc.)  Activation online and by phone  Languages: English, Spanish, Italian, German, French   This product is compatible with Microsoft Windows.  NOT compatible with Apple macOS\u2122, Apple Processors, Parallels for Mac, Android devices and Chromebooks.\" \/>\n<meta property=\"og:url\" content=\"https:\/\/arturo.winandoffice.com\/nb\/produkt\/microsoft-office-2024-pro-plus-windows-11-pro\/\" \/>\n<meta property=\"og:site_name\" content=\"Arturo Card Shop\" \/>\n<meta property=\"article:publisher\" content=\"https:\/\/www.facebook.com\/Gamecardshopdotcom\" \/>\n<meta property=\"article:modified_time\" content=\"2025-09-03T20:54:17+00:00\" \/>\n<meta name=\"twitter:card\" content=\"summary_large_image\" \/>\n<meta name=\"twitter:site\" content=\"@gamecardshop_\" \/>\n<meta name=\"twitter:label1\" content=\"Ansl. lesetid\" \/>\n\t<meta name=\"twitter:data1\" content=\"3 minutter\" \/>\n<script type=\"application\/ld+json\" class=\"yoast-schema-graph\">{\"@context\":\"https:\/\/schema.org\",\"@graph\":[{\"@type\":\"WebPage\",\"@id\":\"https:\/\/arturo.winandoffice.com\/produkt\/microsoft-office-2024-pro-plus-windows-11-pro\/\",\"url\":\"https:\/\/arturo.winandoffice.com\/produkt\/microsoft-office-2024-pro-plus-windows-11-pro\/\",\"name\":\"Microsoft Office 2024 Professional Plus + Microsoft Windows 11 Professional License for 3 PC - Arturo Card Shop\",\"isPartOf\":{\"@id\":\"https:\/\/arturo.winandoffice.com\/es\/#website\"},\"primaryImageOfPage\":{\"@id\":\"https:\/\/arturo.winandoffice.com\/produkt\/microsoft-office-2024-pro-plus-windows-11-pro\/#primaryimage\"},\"image\":{\"@id\":\"https:\/\/arturo.winandoffice.com\/produkt\/microsoft-office-2024-pro-plus-windows-11-pro\/#primaryimage\"},\"thumbnailUrl\":\"https:\/\/arturo.winandoffice.com\/wp-content\/uploads\/2024\/06\/W11PO24PP.jpg\",\"datePublished\":\"2024-06-25T16:22:26+00:00\",\"dateModified\":\"2025-09-03T20:54:17+00:00\",\"breadcrumb\":{\"@id\":\"https:\/\/arturo.winandoffice.com\/produkt\/microsoft-office-2024-pro-plus-windows-11-pro\/#breadcrumb\"},\"inLanguage\":\"nb-NO\",\"potentialAction\":[{\"@type\":\"ReadAction\",\"target\":[\"https:\/\/arturo.winandoffice.com\/produkt\/microsoft-office-2024-pro-plus-windows-11-pro\/\"]}]},{\"@type\":\"ImageObject\",\"inLanguage\":\"nb-NO\",\"@id\":\"https:\/\/arturo.winandoffice.com\/produkt\/microsoft-office-2024-pro-plus-windows-11-pro\/#primaryimage\",\"url\":\"https:\/\/arturo.winandoffice.com\/wp-content\/uploads\/2024\/06\/W11PO24PP.jpg\",\"contentUrl\":\"https:\/\/arturo.winandoffice.com\/wp-content\/uploads\/2024\/06\/W11PO24PP.jpg\"},{\"@type\":\"BreadcrumbList\",\"@id\":\"https:\/\/arturo.winandoffice.com\/produkt\/microsoft-office-2024-pro-plus-windows-11-pro\/#breadcrumb\",\"itemListElement\":[{\"@type\":\"ListItem\",\"position\":1,\"name\":\"Home\",\"item\":\"https:\/\/arturo.winandoffice.com\/\"},{\"@type\":\"ListItem\",\"position\":2,\"name\":\"Shop\",\"item\":\"https:\/\/arturo.winandoffice.com\/shop\/\"},{\"@type\":\"ListItem\",\"position\":3,\"name\":\"Microsoft Office 2024 Professional Plus + Microsoft Windows 11 Professional License for 3 PC\"}]},{\"@type\":\"WebSite\",\"@id\":\"https:\/\/arturo.winandoffice.com\/es\/#website\",\"url\":\"https:\/\/arturo.winandoffice.com\/es\/\",\"name\":\"Arturo Card Shop\",\"description\":\"Buy your office\",\"publisher\":{\"@id\":\"https:\/\/arturo.winandoffice.com\/es\/#organization\"},\"potentialAction\":[{\"@type\":\"SearchAction\",\"target\":{\"@type\":\"EntryPoint\",\"urlTemplate\":\"https:\/\/arturo.winandoffice.com\/es\/?s={search_term_string}\"},\"query-input\":{\"@type\":\"PropertyValueSpecification\",\"valueRequired\":true,\"valueName\":\"search_term_string\"}}],\"inLanguage\":\"nb-NO\"},{\"@type\":\"Organization\",\"@id\":\"https:\/\/arturo.winandoffice.com\/es\/#organization\",\"name\":\"Arturo Card Shop\",\"url\":\"https:\/\/arturo.winandoffice.com\/es\/\",\"logo\":{\"@type\":\"ImageObject\",\"inLanguage\":\"nb-NO\",\"@id\":\"https:\/\/arturo.winandoffice.com\/es\/#\/schema\/logo\/image\/\",\"url\":\"https:\/\/arturo.winandoffice.com\/wp-content\/uploads\/2022\/10\/logo.png\",\"contentUrl\":\"https:\/\/arturo.winandoffice.com\/wp-content\/uploads\/2022\/10\/logo.png\",\"width\":1710,\"height\":175,\"caption\":\"Arturo Card Shop\"},\"image\":{\"@id\":\"https:\/\/arturo.winandoffice.com\/es\/#\/schema\/logo\/image\/\"},\"sameAs\":[\"https:\/\/www.facebook.com\/Gamecardshopdotcom\",\"https:\/\/x.com\/gamecardshop_\",\"https:\/\/www.youtube.com\/@gamecardshop\",\"https:\/\/www.youtube.com\/@arturo.winandoffice.com_\",\"https:\/\/de.trustpilot.com\/review\/arturo.winandoffice.com\",\"https:\/\/www.provenexpert.com\/game-card-shop\/\",\"https:\/\/www.tiktok.com\/@arturo.winandoffice.com\",\"https:\/\/www.shopauskunft.de\/review\/arturo.winandoffice.com\",\"https:\/\/www.ausgezeichnet.org\/bewertungen-arturo.winandoffice.com-HNVDH\",\"https:\/\/www.trustedshops.eu\/buyerrating\/info_X93C3F0168B7533F969FC6C787543C130.html\"]}]}<\/script>\n<!-- \/ Yoast SEO plugin. -->","yoast_head_json":{"title":"Microsoft Office 2024 Professional Plus + Microsoft Windows 11 Professional License for 3 PC - Arturo Card Shop","robots":{"index":"index","follow":"follow","max-snippet":"max-snippet:-1","max-image-preview":"max-image-preview:large","max-video-preview":"max-video-preview:-1"},"canonical":"https:\/\/arturo.winandoffice.com\/nb\/produkt\/microsoft-office-2024-pro-plus-windows-11-pro\/","og_locale":"nb_NO","og_type":"article","og_title":"Microsoft Office 2024 Professional Plus + Microsoft Windows 11 Professional License for 3 PC - Arturo Card Shop","og_description":"Microsoft Office 2024 Professional Plus license for 3 devices  Microsoft Windows 11 Professional license for 3 devices  With this license the software can be activated on 3 different devices, e.g. home PC, notebook and work PC.  Version for 32 and 64 bit systems, full unlimited versions of software from certified Microsoft Gold Partner  Lifetime Replacement Warranty!  Delivery by email: product key, instructions, download links, invoice  Instant download!  No time limit, no subscription  Free support 24\/7 for issues with installation and activation  No delivery on data storage (USB, CD, etc.)  Activation online and by phone  Languages: English, Spanish, Italian, German, French   This product is compatible with Microsoft Windows.  NOT compatible with Apple macOS\u2122, Apple Processors, Parallels for Mac, Android devices and Chromebooks.","og_url":"https:\/\/arturo.winandoffice.com\/nb\/produkt\/microsoft-office-2024-pro-plus-windows-11-pro\/","og_site_name":"Arturo Card Shop","article_publisher":"https:\/\/www.facebook.com\/Gamecardshopdotcom","article_modified_time":"2025-09-03T20:54:17+00:00","twitter_card":"summary_large_image","twitter_site":"@gamecardshop_","twitter_misc":{"Ansl. lesetid":"3 minutter"},"schema":{"@context":"https:\/\/schema.org","@graph":[{"@type":"WebPage","@id":"https:\/\/arturo.winandoffice.com\/produkt\/microsoft-office-2024-pro-plus-windows-11-pro\/","url":"https:\/\/arturo.winandoffice.com\/produkt\/microsoft-office-2024-pro-plus-windows-11-pro\/","name":"Microsoft Office 2024 Professional Plus + Microsoft Windows 11 Professional License for 3 PC - Arturo Card Shop","isPartOf":{"@id":"https:\/\/arturo.winandoffice.com\/es\/#website"},"primaryImageOfPage":{"@id":"https:\/\/arturo.winandoffice.com\/produkt\/microsoft-office-2024-pro-plus-windows-11-pro\/#primaryimage"},"image":{"@id":"https:\/\/arturo.winandoffice.com\/produkt\/microsoft-office-2024-pro-plus-windows-11-pro\/#primaryimage"},"thumbnailUrl":"https:\/\/arturo.winandoffice.com\/wp-content\/uploads\/2024\/06\/W11PO24PP.jpg","datePublished":"2024-06-25T16:22:26+00:00","dateModified":"2025-09-03T20:54:17+00:00","breadcrumb":{"@id":"https:\/\/arturo.winandoffice.com\/produkt\/microsoft-office-2024-pro-plus-windows-11-pro\/#breadcrumb"},"inLanguage":"nb-NO","potentialAction":[{"@type":"ReadAction","target":["https:\/\/arturo.winandoffice.com\/produkt\/microsoft-office-2024-pro-plus-windows-11-pro\/"]}]},{"@type":"ImageObject","inLanguage":"nb-NO","@id":"https:\/\/arturo.winandoffice.com\/produkt\/microsoft-office-2024-pro-plus-windows-11-pro\/#primaryimage","url":"https:\/\/arturo.winandoffice.com\/wp-content\/uploads\/2024\/06\/W11PO24PP.jpg","contentUrl":"https:\/\/arturo.winandoffice.com\/wp-content\/uploads\/2024\/06\/W11PO24PP.jpg"},{"@type":"BreadcrumbList","@id":"https:\/\/arturo.winandoffice.com\/produkt\/microsoft-office-2024-pro-plus-windows-11-pro\/#breadcrumb","itemListElement":[{"@type":"ListItem","position":1,"name":"Home","item":"https:\/\/arturo.winandoffice.com\/"},{"@type":"ListItem","position":2,"name":"Shop","item":"https:\/\/arturo.winandoffice.com\/shop\/"},{"@type":"ListItem","position":3,"name":"Microsoft Office 2024 Professional Plus + Microsoft Windows 11 Professional License for 3 PC"}]},{"@type":"WebSite","@id":"https:\/\/arturo.winandoffice.com\/es\/#website","url":"https:\/\/arturo.winandoffice.com\/es\/","name":"Arturo Card Shop","description":"Kj\u00f8p ditt kontor","publisher":{"@id":"https:\/\/arturo.winandoffice.com\/es\/#organization"},"potentialAction":[{"@type":"SearchAction","target":{"@type":"EntryPoint","urlTemplate":"https:\/\/arturo.winandoffice.com\/es\/?s={search_term_string}"},"query-input":{"@type":"PropertyValueSpecification","valueRequired":true,"valueName":"search_term_string"}}],"inLanguage":"nb-NO"},{"@type":"Organization","@id":"https:\/\/arturo.winandoffice.com\/es\/#organization","name":"Arturo Card Shop","url":"https:\/\/arturo.winandoffice.com\/es\/","logo":{"@type":"ImageObject","inLanguage":"nb-NO","@id":"https:\/\/arturo.winandoffice.com\/es\/#\/schema\/logo\/image\/","url":"https:\/\/arturo.winandoffice.com\/wp-content\/uploads\/2022\/10\/logo.png","contentUrl":"https:\/\/arturo.winandoffice.com\/wp-content\/uploads\/2022\/10\/logo.png","width":1710,"height":175,"caption":"Arturo Card Shop"},"image":{"@id":"https:\/\/arturo.winandoffice.com\/es\/#\/schema\/logo\/image\/"},"sameAs":["https:\/\/www.facebook.com\/Gamecardshopdotcom","https:\/\/x.com\/gamecardshop_","https:\/\/www.youtube.com\/@gamecardshop","https:\/\/www.youtube.com\/@arturo.winandoffice.com_","https:\/\/de.trustpilot.com\/review\/arturo.winandoffice.com","https:\/\/www.provenexpert.com\/game-card-shop\/","https:\/\/www.tiktok.com\/@arturo.winandoffice.com","https:\/\/www.shopauskunft.de\/review\/arturo.winandoffice.com","https:\/\/www.ausgezeichnet.org\/bewertungen-arturo.winandoffice.com-HNVDH","https:\/\/www.trustedshops.eu\/buyerrating\/info_X93C3F0168B7533F969FC6C787543C130.html"]}]}},"acf":[],"_links":{"self":[{"href":"https:\/\/arturo.winandoffice.com\/nb\/wp-json\/wp\/v2\/product\/115975","targetHints":{"allow":["GET"]}}],"collection":[{"href":"https:\/\/arturo.winandoffice.com\/nb\/wp-json\/wp\/v2\/product"}],"about":[{"href":"https:\/\/arturo.winandoffice.com\/nb\/wp-json\/wp\/v2\/types\/product"}],"replies":[{"embeddable":true,"href":"https:\/\/arturo.winandoffice.com\/nb\/wp-json\/wp\/v2\/comments?post=115975"}],"wp:featuredmedia":[{"embeddable":true,"href":"https:\/\/arturo.winandoffice.com\/nb\/wp-json\/"}],"wp:attachment":[{"href":"https:\/\/arturo.winandoffice.com\/nb\/wp-json\/wp\/v2\/media?parent=115975"}],"wp:term":[{"taxonomy":"product_brand","embeddable":true,"href":"https:\/\/arturo.winandoffice.com\/nb\/wp-json\/wp\/v2\/product_brand?post=115975"},{"taxonomy":"product_cat","embeddable":true,"href":"https:\/\/arturo.winandoffice.com\/nb\/wp-json\/wp\/v2\/product_cat?post=115975"},{"taxonomy":"product_tag","embeddable":true,"href":"https:\/\/arturo.winandoffice.com\/nb\/wp-json\/wp\/v2\/product_tag?post=115975"}],"curies":[{"name":"wp","href":"https:\/\/api.w.org\/{rel}","templated":true}]}}