{"id":2096,"date":"2020-12-16T16:19:20","date_gmt":"2020-12-16T16:19:20","guid":{"rendered":"https:\/\/shop.winandoffice.com\/?page_id=1163"},"modified":"2025-10-08T21:10:35","modified_gmt":"2025-10-08T20:10:35","slug":"terms-and-conditions","status":"publish","type":"page","link":"https:\/\/arturo.winandoffice.com\/nb\/terms-and-conditions\/","title":{"rendered":"Vilk\u00e5r og betingelser"},"content":{"rendered":"<div class=\"wpb-content-wrapper\"><div class=\"vc_row wpb_row vc_row-fluid\" style=\"background-position: None!important;  \"><div class=\"wpb_column vc_column_container vc_col-sm-12\"><div class=\"vc_column-inner\"><div class=\"wpb_wrapper\">\n\t<div class=\"wpb_text_column wpb_content_element\" >\n\t\t<div class=\"wpb_wrapper\">\n\t\t\t<article id=\"page-1163\" class=\"post-1163 page type-page status-publish hentry\">\n<div class=\"entry-content\">\n<p><strong>1.  Grunnleggende bestemmelser<\/strong><\/p>\n<p>1.1. Tech Solutions-leveranser, -tjenester og -tilbud. transaksjoner med <strong>Gamecardshop<\/strong> (heretter kalt \"selger\") gj\u00f8res utelukkende p\u00e5 grunnlag av disse vilk\u00e5rene og betingelsene (heretter kalt \"GTC\"). Derfor gjelder de ogs\u00e5 for alle fremtidige forretningsforhold, selv om de ikke er uttrykkelig avtalt p\u00e5 nytt. Kj\u00f8perens (heretter kalt \"kunden\") henvisninger til sine egne vilk\u00e5r og betingelser er motstridende.<\/p>\n<p>1.2. Disse vilk\u00e5rene gjelder b\u00e5de for forbrukere (\u00a7 13 BGB) og n\u00e6ringsdrivende (\u00a7 14 BGB). Hvis f\u00f8lgende vilk\u00e5r og betingelser ikke inneholder en egen merknad, gjelder alle vilk\u00e5r likt for kontrakter med entrepren\u00f8rer og forbrukere.<\/p>\n<p>1.3. Tillegg eller endringer av vilk\u00e5rene krever skriftlig bekreftelse fra transportselskapet. Originalen av innkj\u00f8psordren er avgj\u00f8rende for innholdet i kontrakten.<\/p>\n<p>1.4.  Vi kan gj\u00f8re endringer i design og form p\u00e5 varene, forutsatt at disse endringene ikke er av grunnleggende art og at kontraktens form\u00e5l ikke begrenses vesentlig.<\/p>\n<p>1.5 Ved \u00e5 plassere bestillingen i samsvar med punkt 2.2 aksepterer kunden disse vilk\u00e5rene.<\/p>\n<p><strong>2. Inng\u00e5else av kontrakten<\/strong><\/p>\n<p>2.1. Kontraktens gjenstand er salg av nedlastbare produkter (digitalt innhold som ikke leveres p\u00e5 en fysisk datab\u00e6rer, for eksempel digitalt tilgjengelige produktn\u00f8kler, tilgangskoder eller annen digitalt tilgjengelig informasjon) inkludert tilh\u00f8rende lisenser. Ved \u00e5 plassere det respektive nedlastingsproduktet p\u00e5 nettstedet v\u00e5rt, gir vi kunden et bindende tilbud om \u00e5 inng\u00e5 en kontrakt p\u00e5 de betingelsene som er angitt i varebeskrivelsen.<\/p>\n<p>2.2. I tilfelle en kontrakt for levering av digitale varer, i tilfelle en kontrakt for levering av programvare (heretter: \"programvarekj\u00f8p\"), skylder selgeren den permanente overf\u00f8ringen av programvaren som er spesifisert i lisenssertifikatet i objektkoden. Selgeren er ansvarlig for \u00e5 p\u00e5peke muligheten for \u00e5 laste ned programvaren og levere en trykt eller nedlastbar versjon av den tilh\u00f8rende brukerdokumentasjonen. F\u00f8r full betaling av kj\u00f8pesummen i samsvar med punkt 8 er den leverte brukerdokumentasjonen underlagt selgerens eiendomsforbehold. Beskrivelsen av det respektive produktet i den respektive nettbutikken eller markedsplassen til selgeren er avgj\u00f8rende for programvarens art. Selgeren m\u00e5 ogs\u00e5 innvilge rettigheter i henhold til punkt 4.8.<\/p>\n<p>2.3. Kontrakten inng\u00e5s via det elektroniske handlekurv-systemet: kunden legger de valgte produktene i den virtuelle handlekurven og gjennomf\u00f8rer den elektroniske bestillingsprosessen. Ved \u00e5 klikke p\u00e5 knappen for \u00e5 fullf\u00f8re bestillingsprosessen, inng\u00e5r kunden et juridisk bindende kontraktstilbud om produktene i handlekurven. Kunden kan ogs\u00e5 sende tilbudet til selgeren via e-post.<\/p>\n<p>2.4. Selgeren kan akseptere kundens tilbud innen fem dager ved \u00e5 be kunden om \u00e5 betale etter bestillingen. Dette inkluderer ogs\u00e5 valg av betalingsm\u00e5te i bestillingsprosessen, der betaling skjer f\u00f8r de bestilte produktene sendes. Perioden for aksept av tilbudet begynner dagen etter at tilbudet er sendt av kunden og slutter p\u00e5 slutten av den femte dagen etter at tilbudet er sendt. Hvis selgeren ikke aksepterer kundens tilbud innen den nevnte perioden, vil det bli ansett som en avvisning av tilbudet med det resultat at kunden ikke lenger vil v\u00e6re bundet av sin intensjonserkl\u00e6ring.<\/p>\n<p>2.5. Behandlingen av bestillingen og overf\u00f8ringen av all informasjon som kreves i forbindelse med kontraktsinng\u00e5elsen utf\u00f8res via e-post, i likhet med levering av nedlastbare produkter. Kunden m\u00e5 derfor s\u00f8rge for at e-postadressen som er oppgitt til oss, er korrekt og at SPAM-filtre ikke hindrer mottak av e-post.<\/p>\n<p><strong>3. Angrerett<\/strong><\/p>\n<p>3.1. Forbrukere har generelt angrerett.<\/p>\n<p>3.2. Du finner mer informasjon om angreretten i selgerens angrerettvilk\u00e5r.<\/p>\n<p>3.3. Du har rett til \u00e5 trekke tilbake denne kontrakten innen en levetid fra dagen for kontraktsinng\u00e5elsen uten \u00e5 oppgi noen grunn, men ikke f\u00f8r mottak av varene og avbestillingsreglene i tekstform via e-post.<\/p>\n<p data-start=\"4595\" data-end=\"4612\"><strong data-start=\"4595\" data-end=\"4610\">4. Garanti<\/strong><\/p>\n<p data-start=\"4614\" data-end=\"4653\">4.1. Lovbestemte garantirettigheter gjelder.<\/p>\n<p data-start=\"4655\" data-end=\"4904\">4.2. The customer is asked to verify the integrity and obvious defects in the item immediately after delivery and to report any complaints to us as soon as possible. If the customer does not comply, this has no effect on his legal warranty claims.<\/p>\n<p data-start=\"4906\" data-end=\"5114\">4.3. N\u00e5r det gjelder varens kvalitet, skal bare v\u00e5r egen informasjon og produsentens produktbeskrivelse anses som avtalt, men ikke andre annonser, offentlige kampanjer og produsentens uttalelser.<\/p>\n<p data-start=\"5116\" data-end=\"5219\">4.4. Garantiperioden er ett \u00e5r fra levering av varene. Den reduserte perioden gjelder ikke:<\/p>\n<ul data-start=\"5220\" data-end=\"5602\">\n<li data-start=\"5220\" data-end=\"5377\">\n<p data-start=\"5222\" data-end=\"5377\">Skader som urettmessig kan tilskrives oss som f\u00f8lge av skade p\u00e5 liv, kropp eller helse og andre skader for\u00e5rsaket forsettlig eller ved grov uaktsomhet;<\/p>\n<\/li>\n<li data-start=\"5378\" data-end=\"5501\">\n<p data-start=\"5380\" data-end=\"5501\">To the extent that we have fraudulently concealed the defect or have assumed a guarantee for the condition of the item;<\/p>\n<\/li>\n<li data-start=\"5502\" data-end=\"5602\">\n<p data-start=\"5504\" data-end=\"5602\">In the event of statutory rights of recourse you have against us in relation to warranty rights.<\/p>\n<\/li>\n<\/ul>\n<p data-start=\"5604\" data-end=\"5931\">4.5. Hvis kunden nekter selgerens levering av en annen grunn enn en vesentlig mangel som alvorlig begrenser bruken eller gj\u00f8r den umulig, selv om selgeren har erkl\u00e6rt seg villig til \u00e5 oppfylle, er kunden i mislighold av aksept. Godkjennelse av levering kan ikke nektes p\u00e5 grunn av ubetydelige mangler.<\/p>\n<p data-start=\"5933\" data-end=\"6581\">4.6. Garantien dekker ikke feil som skyldes feil bruk, systemkomponenter som er endret i strid med kontraktsgrunnlaget, bruk av utilstrekkelige organisatoriske midler, bruk i et maskinvare- eller programvaremilj\u00f8 som ikke oppfyller kravene i lisenssertifikatet, uvanlige driftsforhold eller inngrep i systemet fra kunder eller tredjeparter. Hvis varene brukes i forbindelse med tredjepartsenheter, eksisterer en garanti for funksjons- og ytelsesfeil bare hvis slike feil ogs\u00e5 oppst\u00e5r uten slik tilkobling, eller hvis kompatibilitet med disse elementene er en del av den kontraktsmessig avtalte kvaliteten.<\/p>\n<p data-start=\"6583\" data-end=\"7143\">4.7. Hvis en leveranse er mangelfull, kan selgeren velge \u00e5 avhjelpe mangelen (retting) eller levere en mangelfri vare (omlevering). I sistnevnte tilfelle er kunden forpliktet til \u00e5 returnere den mangelfulle varen p\u00e5 foresp\u00f8rsel fra selgeren i samsvar med lovbestemmelsene. Hvis kunden er en forbruker, gjelder forrige setning med det forbehold at bruken ikke m\u00e5 overf\u00f8res eller erstattes for verdien. Kunden m\u00e5 gi selgeren tid og mulighet til ytterligere ytelse, spesielt for utbedring.<\/p>\n<p data-start=\"7145\" data-end=\"8023\">4.8. <strong data-start=\"7150\" data-end=\"7200\">Grant of Rights in Software Delivery Contracts<\/strong><br data-start=\"7200\" data-end=\"7203\" \/>Upon full payment of the purchase price, the customer is granted a non-exclusive, unlimited right to use the software to the extent set forth in the contract. The seller may, at its discretion, provisionally authorize use of the software prior to receipt of full payment.<br data-start=\"7474\" data-end=\"7477\" \/>The software may only be used simultaneously by a maximum number of natural persons corresponding to the number of licenses purchased by the customer. Permitted use includes installing the software, loading it into main memory, and using it in accordance with its intended purpose.<br data-start=\"7758\" data-end=\"7761\" \/>In no event shall the customer have the right to rent, sublicense, publicly reproduce, make available by cable or wireless means, or otherwise provide the software to third parties, whether for consideration or free of charge. Clause 4.9(c) remains unaffected.<\/p>\n<p data-start=\"8025\" data-end=\"8747\">4.9. <strong data-start=\"8030\" data-end=\"8055\">Further Rights of Use<\/strong><br data-start=\"8055\" data-end=\"8058\" \/>a) The customer is entitled to create a backup copy of the software if necessary to ensure its future use.<br data-start=\"8164\" data-end=\"8167\" \/>b) The customer may permanently transfer the purchased copy of the software, including the accompanying documentation, to a third party. In such case, the customer shall completely cease using the software, delete all installed copies from its systems, and delete or deliver to the seller any copies stored on other data carriers, unless retention is legally required.<br data-start=\"8535\" data-end=\"8538\" \/>c) The customer shall ensure that the third party expressly agrees to comply with the scope of the granted rights in accordance with this Section 4.9. Splitting purchased volume packs is strictly prohibited.<\/p>\n<p><strong>5. Priser og betalingsbetingelser<\/strong><\/p>\n<p>5.1. Med mindre annet er angitt i selgerens produktbeskrivelse, er de oppgitte prisene totalpriser inkludert lovbestemt merverdiavgift. Eventuelle ekstra leverings- og fraktkostnader er spesifisert separat i beskrivelsen av det respektive produktet.<\/p>\n<p>5.2. For forsendelser til land utenfor Den europeiske union kan det i enkelte tilfeller oppst\u00e5 tilleggskostnader som selgeren ikke er ansvarlig for, og som b\u00e6res av kunden. Dette omfatter for eksempel kostnader for pengeoverf\u00f8ringer fra banker (f.eks. overf\u00f8ringsgebyrer, vekslingsgebyrer) eller importavgifter eller skatter (f.eks. toll). Slike kostnader kan ogs\u00e5 p\u00e5l\u00f8pe i forbindelse med pengeoverf\u00f8ringen dersom leveransen ikke skjer til et land utenfor EU, men kunden betaler fra et land utenfor EU.<\/p>\n<p>5.3. Betalingsm\u00e5ten(e) vil bli kommunisert til kunden i selgerens nettbutikk eller p\u00e5 den respektive markedsplassen.<\/p>\n<p>5.4. Dersom det er avtalt forskuddsbetaling ved bankoverf\u00f8ring, forfaller betalingen umiddelbart etter kontraktsinng\u00e5elsen, med mindre partene har avtalt en senere forfallsdato.<\/p>\n<p>5.5. Ved betaling med en betalingsmetode som tilbys av betalingstjenesteleverand\u00f8ren PayPal (Europe) S.\u00e0 rl et Cie, SCA, 22-24 Boulevard Royal, L-2449 Luxembourg (heretter: \"PayPal\"), behandles betalingen via PayPal, underlagt PayPals vilk\u00e5r for bruk, tilgjengelig p\u00e5 https:\/\/www.paypal.com\/de\/webapps\/mpp\/ua\/useragreement-full eller, hvis kunden ikke har en PayPal-konto, i henhold til vilk\u00e5rene for betalinger uten PayPal-konto, tilgjengelig p\u00e5 https:\/\/www.paypal.com\/de\/webapps\/mpp\/ua\/privacywax-full.<\/p>\n<p>5.6. Hvis kunden er i mislighold, har vi rett til \u00e5 kreve renter i henhold til den satsen forretningsbankene krever for \u00e5pne kassakreditter, men minst 4% over Bundesbanks diskonto, pluss gjeldende lovbestemt merverdiavgift. Renter forfaller til betaling umiddelbart.<\/p>\n<p><strong>6. Leverings- og leveringsbetingelser<\/strong><\/p>\n<p>6.1. Det digitale innholdet gj\u00f8res tilgjengelig for kunden i elektronisk form i form av en nedlastingslenke. Produktn\u00f8kler sendes til kunden via e-post.<\/p>\n<p><strong>7. Retention of title<\/strong><\/p>\n<p>7.1. Vi forbeholder oss eiendomsretten til varene inntil alle krav vi har krav p\u00e5 fra forretningsforbindelser med kunden er betalt i sin helhet.<\/p>\n<p>7.2. Bekreftelsen av eiendomsforbeholdet utgj\u00f8r ikke en tilbaketrekking fra kontrakten. Vi har imidlertid rett til \u00e5 avhende varene som det ble gjort krav p\u00e5 eiendomsforbehold for p\u00e5 annen m\u00e5te etter en rimelig periode og levere de samme eller tilsvarende varene til kunden etter full betaling av kj\u00f8pesummen.<\/p>\n<p><strong>8. Avsluttende bestemmelser<\/strong><\/p>\n<p>8.1. Kontraktspartneren har bare rett til \u00e5 overdra rettigheter og krav fra kontraktsforholdet til tredjeparter med forutg\u00e5ende skriftlig samtykke fra selgeren. \u00a7 354a HGB p\u00e5virkes ikke; \u00a7 354a HGB gjelder ikke for forbrukere.<\/p>\n<p>8.2. Ved starten av forretningsforholdet vil kundeopplysninger, som ogs\u00e5 kan v\u00e6re personopplysninger, bli lagret og, i den grad det er n\u00f8dvendig for utf\u00f8relsen av bestillingen, behandlet og overf\u00f8rt.<\/p>\n<p>8.3. Det er utelukkende tysk rett som gjelder, med unntak av FNs kj\u00f8psrett og henvisninger til internasjonal prosess- og privatrett. For forbrukere gjelder dette lovvalget bare i den utstrekning ufravikelige bestemmelser i loven i den staten der forbrukeren har sitt vanlige bosted, gir bredere beskyttelse.<\/p>\n<p>8.4. Det eksklusive vernetinget for alle tvister som oppst\u00e5r som f\u00f8lge av og i forbindelse med kontraktene som disse vilk\u00e5rene gjelder for, er selgerens hovedkontor; selgeren har imidlertid rett til \u00e5 saks\u00f8ke kunden ved ethvert lovlig tillatt verneting. Denne bestemmelsen gjelder ikke for forbrukere<\/p>\n<\/div>\n<\/article>\n\n\t\t<\/div>\n\t<\/div>\n<\/div><\/div><\/div><\/div>\n<\/div>","protected":false},"excerpt":{"rendered":"1.\u00a0 Basic provisions 1.1. Tech Solutions Deliveries, Services and Offerings. transactions with Gamecardshop (hereinafter \"seller\") are made exclusively on the basis of these terms and conditions (hereinafter \"GTC\"). Therefore, they also apply to all future business relationships, even if they are not expressly agreed upon again. The buyer's (hereinafter, the \"customer\") references to its terms [...]","protected":false},"author":1,"featured_media":0,"parent":0,"menu_order":0,"comment_status":"closed","ping_status":"closed","template":"","meta":{"_acf_changed":false,"footnotes":""},"class_list":["post-2096","page","type-page","status-publish","hentry"],"yoast_head":"<!-- This site is optimized with the Yoast SEO plugin v26.7 - https:\/\/yoast.com\/wordpress\/plugins\/seo\/ -->\n<title>Terms and conditions - Arturo Card Shop<\/title>\n<meta name=\"robots\" content=\"index, follow, max-snippet:-1, max-image-preview:large, max-video-preview:-1\" \/>\n<link rel=\"canonical\" href=\"https:\/\/arturo.winandoffice.com\/nb\/terms-and-conditions\/\" \/>\n<meta property=\"og:locale\" content=\"nb_NO\" \/>\n<meta property=\"og:type\" content=\"article\" \/>\n<meta property=\"og:title\" content=\"Terms and conditions - Arturo Card Shop\" \/>\n<meta property=\"og:url\" content=\"https:\/\/arturo.winandoffice.com\/nb\/terms-and-conditions\/\" \/>\n<meta property=\"og:site_name\" content=\"Arturo Card Shop\" \/>\n<meta property=\"article:publisher\" content=\"https:\/\/www.facebook.com\/Gamecardshopdotcom\" \/>\n<meta property=\"article:modified_time\" content=\"2025-10-08T20:10:35+00:00\" \/>\n<meta name=\"twitter:card\" content=\"summary_large_image\" \/>\n<meta name=\"twitter:site\" content=\"@gamecardshop_\" \/>\n<meta name=\"twitter:label1\" content=\"Ansl. lesetid\" \/>\n\t<meta name=\"twitter:data1\" content=\"9 minutter\" \/>\n<script type=\"application\/ld+json\" class=\"yoast-schema-graph\">{\"@context\":\"https:\/\/schema.org\",\"@graph\":[{\"@type\":\"WebPage\",\"@id\":\"https:\/\/arturo.winandoffice.com\/terms-and-conditions\/\",\"url\":\"https:\/\/arturo.winandoffice.com\/terms-and-conditions\/\",\"name\":\"Terms and conditions - Arturo Card Shop\",\"isPartOf\":{\"@id\":\"https:\/\/arturo.winandoffice.com\/es\/#website\"},\"datePublished\":\"2020-12-16T16:19:20+00:00\",\"dateModified\":\"2025-10-08T20:10:35+00:00\",\"breadcrumb\":{\"@id\":\"https:\/\/arturo.winandoffice.com\/terms-and-conditions\/#breadcrumb\"},\"inLanguage\":\"nb-NO\",\"potentialAction\":[{\"@type\":\"ReadAction\",\"target\":[\"https:\/\/arturo.winandoffice.com\/terms-and-conditions\/\"]}]},{\"@type\":\"BreadcrumbList\",\"@id\":\"https:\/\/arturo.winandoffice.com\/terms-and-conditions\/#breadcrumb\",\"itemListElement\":[{\"@type\":\"ListItem\",\"position\":1,\"name\":\"Home\",\"item\":\"https:\/\/arturo.winandoffice.com\/\"},{\"@type\":\"ListItem\",\"position\":2,\"name\":\"Terms and conditions\"}]},{\"@type\":\"WebSite\",\"@id\":\"https:\/\/arturo.winandoffice.com\/es\/#website\",\"url\":\"https:\/\/arturo.winandoffice.com\/es\/\",\"name\":\"Arturo Card Shop\",\"description\":\"Buy your office\",\"publisher\":{\"@id\":\"https:\/\/arturo.winandoffice.com\/es\/#organization\"},\"potentialAction\":[{\"@type\":\"SearchAction\",\"target\":{\"@type\":\"EntryPoint\",\"urlTemplate\":\"https:\/\/arturo.winandoffice.com\/es\/?s={search_term_string}\"},\"query-input\":{\"@type\":\"PropertyValueSpecification\",\"valueRequired\":true,\"valueName\":\"search_term_string\"}}],\"inLanguage\":\"nb-NO\"},{\"@type\":\"Organization\",\"@id\":\"https:\/\/arturo.winandoffice.com\/es\/#organization\",\"name\":\"Arturo Card Shop\",\"url\":\"https:\/\/arturo.winandoffice.com\/es\/\",\"logo\":{\"@type\":\"ImageObject\",\"inLanguage\":\"nb-NO\",\"@id\":\"https:\/\/arturo.winandoffice.com\/es\/#\/schema\/logo\/image\/\",\"url\":\"https:\/\/arturo.winandoffice.com\/wp-content\/uploads\/2022\/10\/logo.png\",\"contentUrl\":\"https:\/\/arturo.winandoffice.com\/wp-content\/uploads\/2022\/10\/logo.png\",\"width\":1710,\"height\":175,\"caption\":\"Arturo Card Shop\"},\"image\":{\"@id\":\"https:\/\/arturo.winandoffice.com\/es\/#\/schema\/logo\/image\/\"},\"sameAs\":[\"https:\/\/www.facebook.com\/Gamecardshopdotcom\",\"https:\/\/x.com\/gamecardshop_\",\"https:\/\/www.youtube.com\/@gamecardshop\",\"https:\/\/www.youtube.com\/@arturo.winandoffice.com_\",\"https:\/\/de.trustpilot.com\/review\/arturo.winandoffice.com\",\"https:\/\/www.provenexpert.com\/game-card-shop\/\",\"https:\/\/www.tiktok.com\/@arturo.winandoffice.com\",\"https:\/\/www.shopauskunft.de\/review\/arturo.winandoffice.com\",\"https:\/\/www.ausgezeichnet.org\/bewertungen-arturo.winandoffice.com-HNVDH\",\"https:\/\/www.trustedshops.eu\/buyerrating\/info_X93C3F0168B7533F969FC6C787543C130.html\"]}]}<\/script>\n<!-- \/ Yoast SEO plugin. -->","yoast_head_json":{"title":"Terms and conditions - Arturo Card Shop","robots":{"index":"index","follow":"follow","max-snippet":"max-snippet:-1","max-image-preview":"max-image-preview:large","max-video-preview":"max-video-preview:-1"},"canonical":"https:\/\/arturo.winandoffice.com\/nb\/terms-and-conditions\/","og_locale":"nb_NO","og_type":"article","og_title":"Terms and conditions - Arturo Card Shop","og_url":"https:\/\/arturo.winandoffice.com\/nb\/terms-and-conditions\/","og_site_name":"Arturo Card Shop","article_publisher":"https:\/\/www.facebook.com\/Gamecardshopdotcom","article_modified_time":"2025-10-08T20:10:35+00:00","twitter_card":"summary_large_image","twitter_site":"@gamecardshop_","twitter_misc":{"Ansl. lesetid":"9 minutter"},"schema":{"@context":"https:\/\/schema.org","@graph":[{"@type":"WebPage","@id":"https:\/\/arturo.winandoffice.com\/terms-and-conditions\/","url":"https:\/\/arturo.winandoffice.com\/terms-and-conditions\/","name":"Terms and conditions - Arturo Card Shop","isPartOf":{"@id":"https:\/\/arturo.winandoffice.com\/es\/#website"},"datePublished":"2020-12-16T16:19:20+00:00","dateModified":"2025-10-08T20:10:35+00:00","breadcrumb":{"@id":"https:\/\/arturo.winandoffice.com\/terms-and-conditions\/#breadcrumb"},"inLanguage":"nb-NO","potentialAction":[{"@type":"ReadAction","target":["https:\/\/arturo.winandoffice.com\/terms-and-conditions\/"]}]},{"@type":"BreadcrumbList","@id":"https:\/\/arturo.winandoffice.com\/terms-and-conditions\/#breadcrumb","itemListElement":[{"@type":"ListItem","position":1,"name":"Home","item":"https:\/\/arturo.winandoffice.com\/"},{"@type":"ListItem","position":2,"name":"Terms and conditions"}]},{"@type":"WebSite","@id":"https:\/\/arturo.winandoffice.com\/es\/#website","url":"https:\/\/arturo.winandoffice.com\/es\/","name":"Arturo Card Shop","description":"Kj\u00f8p ditt kontor","publisher":{"@id":"https:\/\/arturo.winandoffice.com\/es\/#organization"},"potentialAction":[{"@type":"SearchAction","target":{"@type":"EntryPoint","urlTemplate":"https:\/\/arturo.winandoffice.com\/es\/?s={search_term_string}"},"query-input":{"@type":"PropertyValueSpecification","valueRequired":true,"valueName":"search_term_string"}}],"inLanguage":"nb-NO"},{"@type":"Organization","@id":"https:\/\/arturo.winandoffice.com\/es\/#organization","name":"Arturo Card Shop","url":"https:\/\/arturo.winandoffice.com\/es\/","logo":{"@type":"ImageObject","inLanguage":"nb-NO","@id":"https:\/\/arturo.winandoffice.com\/es\/#\/schema\/logo\/image\/","url":"https:\/\/arturo.winandoffice.com\/wp-content\/uploads\/2022\/10\/logo.png","contentUrl":"https:\/\/arturo.winandoffice.com\/wp-content\/uploads\/2022\/10\/logo.png","width":1710,"height":175,"caption":"Arturo Card Shop"},"image":{"@id":"https:\/\/arturo.winandoffice.com\/es\/#\/schema\/logo\/image\/"},"sameAs":["https:\/\/www.facebook.com\/Gamecardshopdotcom","https:\/\/x.com\/gamecardshop_","https:\/\/www.youtube.com\/@gamecardshop","https:\/\/www.youtube.com\/@arturo.winandoffice.com_","https:\/\/de.trustpilot.com\/review\/arturo.winandoffice.com","https:\/\/www.provenexpert.com\/game-card-shop\/","https:\/\/www.tiktok.com\/@arturo.winandoffice.com","https:\/\/www.shopauskunft.de\/review\/arturo.winandoffice.com","https:\/\/www.ausgezeichnet.org\/bewertungen-arturo.winandoffice.com-HNVDH","https:\/\/www.trustedshops.eu\/buyerrating\/info_X93C3F0168B7533F969FC6C787543C130.html"]}]}},"acf":[],"_links":{"self":[{"href":"https:\/\/arturo.winandoffice.com\/nb\/wp-json\/wp\/v2\/pages\/2096","targetHints":{"allow":["GET"]}}],"collection":[{"href":"https:\/\/arturo.winandoffice.com\/nb\/wp-json\/wp\/v2\/pages"}],"about":[{"href":"https:\/\/arturo.winandoffice.com\/nb\/wp-json\/wp\/v2\/types\/page"}],"author":[{"embeddable":true,"href":"https:\/\/arturo.winandoffice.com\/nb\/wp-json\/wp\/v2\/users\/1"}],"replies":[{"embeddable":true,"href":"https:\/\/arturo.winandoffice.com\/nb\/wp-json\/wp\/v2\/comments?post=2096"}],"version-history":[{"count":0,"href":"https:\/\/arturo.winandoffice.com\/nb\/wp-json\/wp\/v2\/pages\/2096\/revisions"}],"wp:attachment":[{"href":"https:\/\/arturo.winandoffice.com\/nb\/wp-json\/wp\/v2\/media?parent=2096"}],"curies":[{"name":"wp","href":"https:\/\/api.w.org\/{rel}","templated":true}]}}