{"id":1116,"date":"2017-10-12T13:44:07","date_gmt":"2017-10-12T13:44:07","guid":{"rendered":"https:\/\/arturo.winandoffice.com\/london\/?page_id=1116"},"modified":"2017-10-12T13:44:07","modified_gmt":"2017-10-12T13:44:07","slug":"services","status":"publish","type":"page","link":"https:\/\/arturo.winandoffice.com\/nb\/services\/","title":{"rendered":"Tjenester"},"content":{"rendered":"<div class=\"wpb-content-wrapper\"><div data-vc-full-width=\"true\" data-vc-full-width-init=\"false\" data-vc-stretch-content=\"true\" class=\"vc_row wpb_row vc_row-fluid vc_row-o-equal-height vc_row-o-content-middle vc_row-flex\" style=\"background-position: None!important;  \"><div class=\"container\"><div class=\"row\"><div class=\"wpb_animate_when_almost_visible wpb_fadeInLeft fadeInLeft wpb_column vc_column_container vc_col-sm-5\"><div class=\"vc_column-inner vc_custom_1507897601212\"><div class=\"wpb_wrapper\"><div class=\"heading-decor-s tal heading-decor-69fd9c9085e1c\"><h4 style=\"text-align: left\" class=\"h vc_custom_heading\" ><span>Funksjoner ved Softa Agency<\/span><\/h4><\/div><div class=\"vc_tta-container\" data-vc-action=\"collapse\" id=\"block-69fd9c90861c5\"><div class=\"vc_general vc_tta vc_tta-accordion vc_tta-color-white vc_tta-style-classic vc_tta-shape-round vc_tta-spacing-15 vc_tta-controls-align-left\"><div class=\"vc_tta-panels-container\"><div class=\"vc_tta-panels\"><div class=\"vc_tta-panel vc_active\" id=\"1507113723942-163b0da1-dc54c777-2ac8\" data-vc-content=\".vc_tta-panel-body\"><div class=\"vc_tta-panel-heading\"><h4 class=\"vc_tta-panel-title\"><a href=\"#1507113723942-163b0da1-dc54c777-2ac8\" data-vc-accordion data-vc-container=\".vc_tta-container\"><i class=\"vc_tta-icon web-element-icon-disk\"><\/i><span class=\"vc_tta-title-text\">Se de beste karakterene<\/span><\/a><\/h4><\/div><div class=\"vc_tta-panel-body\">\n\t<div class=\"wpb_text_column wpb_content_element\" >\n\t\t<div class=\"wpb_wrapper\">\n\t\t\t<p><em>Jeg er tekstblokk. Klikk p\u00e5 rediger-knappen for \u00e5 endre denne teksten. Lorem ipsum dolor sit amet, consectetur adipiscing elit. Ut elit tellus, luctus nec ullamcorper mattis, pulvinar dapibus leo.<\/em><\/p>\n\n\t\t<\/div>\n\t<\/div>\n<\/div><\/div><div class=\"vc_tta-panel\" id=\"1507113723981-07145727-aa97c777-2ac8\" data-vc-content=\".vc_tta-panel-body\"><div class=\"vc_tta-panel-heading\"><h4 class=\"vc_tta-panel-title\"><a href=\"#1507113723981-07145727-aa97c777-2ac8\" data-vc-accordion data-vc-container=\".vc_tta-container\"><i class=\"vc_tta-icon web-element-icon-heart\"><\/i><span class=\"vc_tta-title-text\">Flytt filmer til favorittlisten din<\/span><\/a><\/h4><\/div><div class=\"vc_tta-panel-body\">\n\t<div class=\"wpb_text_column wpb_content_element\" >\n\t\t<div class=\"wpb_wrapper\">\n\t\t\t<p><em>Jeg er tekstblokk. Klikk p\u00e5 rediger-knappen for \u00e5 endre denne teksten. Lorem ipsum dolor sit amet, consectetur adipiscing elit. Ut elit tellus, luctus nec ullamcorper mattis, pulvinar dapibus leo.<\/em><\/p>\n\n\t\t<\/div>\n\t<\/div>\n<\/div><\/div><div class=\"vc_tta-panel\" id=\"1507114301759-e0ceeb5e-b0a2c777-2ac8\" data-vc-content=\".vc_tta-panel-body\"><div class=\"vc_tta-panel-heading\"><h4 class=\"vc_tta-panel-title\"><a href=\"#1507114301759-e0ceeb5e-b0a2c777-2ac8\" data-vc-accordion data-vc-container=\".vc_tta-container\"><i class=\"vc_tta-icon web-element-icon-clock\"><\/i><span class=\"vc_tta-title-text\">Se p\u00e5 n\u00e5r du vil<\/span><\/a><\/h4><\/div><div class=\"vc_tta-panel-body\">\n\t<div class=\"wpb_text_column wpb_content_element\" >\n\t\t<div class=\"wpb_wrapper\">\n\t\t\t<p><em>Jeg er tekstblokk. Klikk p\u00e5 rediger-knappen for \u00e5 endre denne teksten. Lorem ipsum dolor sit amet, consectetur adipiscing elit. Ut elit tellus, luctus nec ullamcorper mattis, pulvinar dapibus leo.<\/em><\/p>\n\n\t\t<\/div>\n\t<\/div>\n<\/div><\/div><div class=\"vc_tta-panel\" id=\"1507114372451-11603a3f-24dac777-2ac8\" data-vc-content=\".vc_tta-panel-body\"><div class=\"vc_tta-panel-heading\"><h4 class=\"vc_tta-panel-title\"><a href=\"#1507114372451-11603a3f-24dac777-2ac8\" data-vc-accordion data-vc-container=\".vc_tta-container\"><i class=\"vc_tta-icon web-element-icon-cogwheel\"><\/i><span class=\"vc_tta-title-text\">Angi dine egne innstillinger<\/span><\/a><\/h4><\/div><div class=\"vc_tta-panel-body\">\n\t<div class=\"wpb_text_column wpb_content_element\" >\n\t\t<div class=\"wpb_wrapper\">\n\t\t\t<p><em>Jeg er tekstblokk. Klikk p\u00e5 rediger-knappen for \u00e5 endre denne teksten. Lorem ipsum dolor sit amet, consectetur adipiscing elit. Ut elit tellus, luctus nec ullamcorper mattis, pulvinar dapibus leo.<\/em><\/p>\n\n\t\t<\/div>\n\t<\/div>\n<\/div><\/div><\/div><\/div><\/div><\/div><\/div><\/div><\/div><div class=\"wpb_animate_when_almost_visible wpb_fadeInRight fadeInRight wpb_column vc_column_container vc_col-sm-7\"><div class=\"vc_column-inner vc_custom_1508137764009\"><div class=\"wpb_wrapper\">\n\t<div class=\"wpb_text_column wpb_content_element\" >\n\t\t<div class=\"wpb_wrapper\">\n\t\t\t<p><img loading=\"lazy\" decoding=\"async\" class=\"size-full wp-image-2090 aligncenter\" src=\"https:\/\/arturo.winandoffice.com\/london\/wp-content\/uploads\/sites\/15\/2022\/10\/W10P-P19P.png\" alt=\"\" width=\"400\" height=\"600\" \/><\/p>\n\n\t\t<\/div>\n\t<\/div>\n<\/div><\/div><\/div><\/div><\/div><\/div><div class=\"vc_row-full-width vc_clearfix\"><\/div><div class=\"vc_row wpb_row vc_row-fluid wpb_animate_when_almost_visible wpb_zoomIn zoomIn\" style=\"background-position: None!important;  \"><div class=\"wpb_column vc_column_container vc_col-sm-12\"><div class=\"vc_column-inner\"><div class=\"wpb_wrapper\"><div class=\"heading-decor-s tac heading-decor-69fd9c9087f4a\"><h4 style=\"text-align: center\" class=\"h vc_custom_heading\" ><span>Funksjoner av softa Saas<\/span><\/h4><\/div><\/div><\/div><\/div><div class=\"wpb_animate_when_almost_visible wpb_fadeInLeft fadeInLeft wpb_column vc_column_container vc_col-sm-4\"><div class=\"vc_column-inner\"><div class=\"wpb_wrapper\"><div \tclass=\"vc_icon_element vc_icon_element-outer vc_icon_element-align-center\">\n\t<div class=\"vc_icon_element-inner vc_icon_element-color-custom vc_icon_element-size-xl vc_icon_element-style- vc_icon_element-background-color-grey\">\n\t\t\t\t<span class=\"vc_icon_element-icon miscellaneous-icon-monitor\" style=\"color:#907dcb !important\"><\/span><\/div>\n<\/div>\n\n\t<div class=\"wpb_text_column wpb_content_element\" >\n\t\t<div class=\"wpb_wrapper\">\n\t\t\t<p style=\"text-align: center;margin-bottom: 5px\"><span style=\"font-weight: 500;text-transform: uppercase;font-size: 14px\">Rapportene gir<\/span><\/p>\n<p style=\"text-align: center;margin-top: 5px\"><span style=\"font-size: 12px\"><em><span style=\"font-weight: 300\">Brukervennlige nettbaserte og mobile applikasjoner str\u00f8mlinjeformer AP-prosesser, fra autorisasjon p\u00e5 farten til leverand\u00f8rbetaling.<\/span><\/em><\/span><\/p>\n\n\t\t<\/div>\n\t<\/div>\n<\/div><\/div><\/div><div class=\"wpb_animate_when_almost_visible wpb_zoomIn zoomIn wpb_column vc_column_container vc_col-sm-4\"><div class=\"vc_column-inner\"><div class=\"wpb_wrapper\"><div \tclass=\"vc_icon_element vc_icon_element-outer vc_icon_element-align-center\">\n\t<div class=\"vc_icon_element-inner vc_icon_element-color-custom vc_icon_element-size-xl vc_icon_element-style- vc_icon_element-background-color-grey\">\n\t\t\t\t<span class=\"vc_icon_element-icon miscellaneous-icon-credit-card\" style=\"color:#907dcb !important\"><\/span><\/div>\n<\/div>\n\n\t<div class=\"wpb_text_column wpb_content_element\" >\n\t\t<div class=\"wpb_wrapper\">\n\t\t\t<p style=\"text-align: center;margin-bottom: 5px\"><span style=\"font-weight: 500;text-transform: uppercase;font-size: 14px\">Redusere data<\/span><\/p>\n<p style=\"text-align: center;margin-top: 5px\"><span style=\"font-size: 12px\"><em><span style=\"font-weight: 300\">Brukervennlige nettbaserte og mobile applikasjoner str\u00f8mlinjeformer AP-prosesser, fra autorisasjon p\u00e5 farten til leverand\u00f8rbetaling.<\/span><\/em><\/span><\/p>\n\n\t\t<\/div>\n\t<\/div>\n<\/div><\/div><\/div><div class=\"wpb_animate_when_almost_visible wpb_fadeInRight fadeInRight wpb_column vc_column_container vc_col-sm-4\"><div class=\"vc_column-inner\"><div class=\"wpb_wrapper\"><div \tclass=\"vc_icon_element vc_icon_element-outer vc_icon_element-align-center\">\n\t<div class=\"vc_icon_element-inner vc_icon_element-color-custom vc_icon_element-size-xl vc_icon_element-style- vc_icon_element-background-color-grey\">\n\t\t\t\t<span class=\"vc_icon_element-icon miscellaneous-icon-bar-chart\" style=\"color:#907dcb !important\"><\/span><\/div>\n<\/div>\n\n\t<div class=\"wpb_text_column wpb_content_element\" >\n\t\t<div class=\"wpb_wrapper\">\n\t\t\t<p style=\"text-align: center;margin-bottom: 5px\"><span style=\"font-weight: 500;text-transform: uppercase;font-size: 14px\">Behandle fakturaer<\/span><\/p>\n<p style=\"text-align: center;margin-top: 5px\"><span style=\"font-size: 12px\"><em><span style=\"font-weight: 300\">Brukervennlige nettbaserte og mobile applikasjoner str\u00f8mlinjeformer AP-prosesser, fra autorisasjon p\u00e5 farten til leverand\u00f8rbetaling.<\/span><\/em><\/span><\/p>\n\n\t\t<\/div>\n\t<\/div>\n<\/div><\/div><\/div><\/div><div data-vc-full-width=\"true\" data-vc-full-width-init=\"false\" data-vc-stretch-content=\"true\" class=\"vc_row wpb_row vc_row-fluid vc_custom_1507028978097 vc_row-has-fill vc_row-no-padding vc_row-o-equal-height vc_row-flex\" style=\"background-position: None!important;  \"><div class=\"wpb_animate_when_almost_visible wpb_fadeInLeft fadeInLeft wpb_column vc_column_container vc_col-sm-4 vc_col-has-fill\"><div class=\"vc_column-inner vc_custom_1507897668690\"><div class=\"wpb_wrapper\"><div \tclass=\"vc_icon_element vc_icon_element-outer vc_icon_element-align-center\">\n\t<div class=\"vc_icon_element-inner vc_icon_element-color-black vc_icon_element-size-xl vc_icon_element-style- vc_icon_element-background-color-grey\">\n\t\t\t\t<span class=\"vc_icon_element-icon miscellaneous-icon-shopping-cart\" ><\/span><\/div>\n<\/div>\n\n\t<div class=\"wpb_text_column wpb_content_element\" >\n\t\t<div class=\"wpb_wrapper\">\n\t\t\t<h6 style=\"text-align: center\"><span style=\"text-transform: uppercase;font-weight: 500\">F\u00e5 det n\u00e5<\/span><\/h6>\n<p style=\"text-align: center\"><span style=\"font-size: 12px;font-weight: 300\">Registrer deg med din egen e-postadresse for \u00e5 f\u00e5<br \/>\nstartet akkurat n\u00e5. <\/span><\/p>\n\n\t\t<\/div>\n\t<\/div>\n<div class=\"button-area tac\"><a class=\"button-style2 button-69fd9c908980a\" href=\"#\" target=\"_blank\" title=\"\" rel=\"\">kj\u00f8p<\/a><\/div><\/div><\/div><\/div><div class=\"wpb_animate_when_almost_visible wpb_fadeInUp fadeInUp wpb_column vc_column_container vc_col-sm-4 vc_col-has-fill\"><div class=\"vc_column-inner vc_custom_1507897674148\"><div class=\"wpb_wrapper\"><div \tclass=\"vc_icon_element vc_icon_element-outer vc_icon_element-align-center\">\n\t<div class=\"vc_icon_element-inner vc_icon_element-color-black vc_icon_element-size-xl vc_icon_element-style- vc_icon_element-background-color-grey\">\n\t\t\t\t<span class=\"vc_icon_element-icon miscellaneous-icon-phone-call\" ><\/span><\/div>\n<\/div>\n\n\t<div class=\"wpb_text_column wpb_content_element\" >\n\t\t<div class=\"wpb_wrapper\">\n\t\t\t<h6 style=\"text-align: center\"><span style=\"text-transform: uppercase;font-weight: 500\">Ring oss<\/span><\/h6>\n<p style=\"text-align: center\"><span style=\"font-size: 12px;font-weight: 300\">Ring for \u00e5 f\u00e5 vite mer om oss. Tilgjengelig M-F<br \/>\n8:00 til 20:00 PT.<\/span><\/p>\n\n\t\t<\/div>\n\t<\/div>\n\n\t<div class=\"wpb_text_column wpb_content_element vc_custom_1507029333277\" >\n\t\t<div class=\"wpb_wrapper\">\n\t\t\t<p style=\"text-align: center\"><span style=\"font-size: 18px;font-weight: 500\">1-853-332-2789<\/span><\/p>\n\n\t\t<\/div>\n\t<\/div>\n<\/div><\/div><\/div><div class=\"wpb_animate_when_almost_visible wpb_fadeInRight fadeInRight wpb_column vc_column_container vc_col-sm-4 vc_col-has-fill\"><div class=\"vc_column-inner vc_custom_1507897678674\"><div class=\"wpb_wrapper\"><div \tclass=\"vc_icon_element vc_icon_element-outer vc_icon_element-align-center\">\n\t<div class=\"vc_icon_element-inner vc_icon_element-color-black vc_icon_element-size-xl vc_icon_element-style- vc_icon_element-background-color-grey\">\n\t\t\t\t<span class=\"vc_icon_element-icon miscellaneous-icon-chat\" ><\/span><\/div>\n<\/div>\n\n\t<div class=\"wpb_text_column wpb_content_element\" >\n\t\t<div class=\"wpb_wrapper\">\n\t\t\t<h6 style=\"text-align: center\"><span style=\"text-transform: uppercase;font-weight: 500\">Chat med oss<\/span><\/h6>\n<p style=\"text-align: center\"><span style=\"font-size: 12px;font-weight: 300\">Chat for \u00e5 l\u00e6re mer om oss. Tilgjengelig M-F<br \/>\n8:00 til 20:00 PT.<\/span><\/p>\n\n\t\t<\/div>\n\t<\/div>\n<div class=\"button-area tac\"><a class=\"button-style2 button-69fd9c908a4e1\" href=\"#\" target=\"_blank\" title=\"\" rel=\"\">chatte n\u00e5<\/a><\/div><\/div><\/div><\/div><\/div><div class=\"vc_row-full-width vc_clearfix\"><\/div>\n<\/div>","protected":false},"excerpt":{"rendered":"Funksjoner av Softa AgencySe tekstblokken Best Marks I am. Klikk p\u00e5 redigeringsknappen for \u00e5 endre denne teksten. Lorem ipsum dolor sit amet, consectetur adipiscing elit. Ut elit tellus, luctus nec ullamcorper mattis, pulvinar dapibus leo. Flytt filmer til favorittlisten din Jeg er tekstblokk. Klikk p\u00e5 redigeringsknappen for \u00e5 endre denne teksten. Lorem ipsum [...]","protected":false},"author":1,"featured_media":0,"parent":0,"menu_order":0,"comment_status":"closed","ping_status":"closed","template":"template-landing.php","meta":{"_acf_changed":false,"footnotes":""},"class_list":["post-1116","page","type-page","status-publish","hentry"],"yoast_head":"<!-- This site is optimized with the Yoast SEO plugin v26.7 - https:\/\/yoast.com\/wordpress\/plugins\/seo\/ -->\n<title>Services - Arturo Card Shop<\/title>\n<meta name=\"robots\" content=\"index, follow, max-snippet:-1, max-image-preview:large, max-video-preview:-1\" \/>\n<link rel=\"canonical\" href=\"https:\/\/arturo.winandoffice.com\/nb\/services\/\" \/>\n<meta property=\"og:locale\" content=\"nb_NO\" \/>\n<meta property=\"og:type\" content=\"article\" \/>\n<meta property=\"og:title\" content=\"Services - Arturo Card Shop\" \/>\n<meta property=\"og:url\" content=\"https:\/\/arturo.winandoffice.com\/nb\/services\/\" \/>\n<meta property=\"og:site_name\" content=\"Arturo Card Shop\" \/>\n<meta property=\"article:publisher\" content=\"https:\/\/www.facebook.com\/Gamecardshopdotcom\" \/>\n<meta property=\"og:image\" content=\"https:\/\/arturo.winandoffice.com\/london\/wp-content\/uploads\/sites\/15\/2022\/10\/W10P-P19P.png\" \/>\n<meta name=\"twitter:card\" content=\"summary_large_image\" \/>\n<meta name=\"twitter:site\" content=\"@gamecardshop_\" \/>\n<meta name=\"twitter:label1\" content=\"Ansl. lesetid\" \/>\n\t<meta name=\"twitter:data1\" content=\"6 minutter\" \/>\n<script type=\"application\/ld+json\" class=\"yoast-schema-graph\">{\"@context\":\"https:\/\/schema.org\",\"@graph\":[{\"@type\":\"WebPage\",\"@id\":\"https:\/\/arturo.winandoffice.com\/services\/\",\"url\":\"https:\/\/arturo.winandoffice.com\/services\/\",\"name\":\"Services - Arturo Card Shop\",\"isPartOf\":{\"@id\":\"https:\/\/arturo.winandoffice.com\/es\/#website\"},\"primaryImageOfPage\":{\"@id\":\"https:\/\/arturo.winandoffice.com\/services\/#primaryimage\"},\"image\":{\"@id\":\"https:\/\/arturo.winandoffice.com\/services\/#primaryimage\"},\"thumbnailUrl\":\"https:\/\/arturo.winandoffice.com\/london\/wp-content\/uploads\/sites\/15\/2022\/10\/W10P-P19P.png\",\"datePublished\":\"2017-10-12T13:44:07+00:00\",\"breadcrumb\":{\"@id\":\"https:\/\/arturo.winandoffice.com\/services\/#breadcrumb\"},\"inLanguage\":\"nb-NO\",\"potentialAction\":[{\"@type\":\"ReadAction\",\"target\":[\"https:\/\/arturo.winandoffice.com\/services\/\"]}]},{\"@type\":\"ImageObject\",\"inLanguage\":\"nb-NO\",\"@id\":\"https:\/\/arturo.winandoffice.com\/services\/#primaryimage\",\"url\":\"https:\/\/arturo.winandoffice.com\/london\/wp-content\/uploads\/sites\/15\/2022\/10\/W10P-P19P.png\",\"contentUrl\":\"https:\/\/arturo.winandoffice.com\/london\/wp-content\/uploads\/sites\/15\/2022\/10\/W10P-P19P.png\"},{\"@type\":\"BreadcrumbList\",\"@id\":\"https:\/\/arturo.winandoffice.com\/services\/#breadcrumb\",\"itemListElement\":[{\"@type\":\"ListItem\",\"position\":1,\"name\":\"Home\",\"item\":\"https:\/\/arturo.winandoffice.com\/\"},{\"@type\":\"ListItem\",\"position\":2,\"name\":\"Services\"}]},{\"@type\":\"WebSite\",\"@id\":\"https:\/\/arturo.winandoffice.com\/es\/#website\",\"url\":\"https:\/\/arturo.winandoffice.com\/es\/\",\"name\":\"Arturo Card Shop\",\"description\":\"Buy your office\",\"publisher\":{\"@id\":\"https:\/\/arturo.winandoffice.com\/es\/#organization\"},\"potentialAction\":[{\"@type\":\"SearchAction\",\"target\":{\"@type\":\"EntryPoint\",\"urlTemplate\":\"https:\/\/arturo.winandoffice.com\/es\/?s={search_term_string}\"},\"query-input\":{\"@type\":\"PropertyValueSpecification\",\"valueRequired\":true,\"valueName\":\"search_term_string\"}}],\"inLanguage\":\"nb-NO\"},{\"@type\":\"Organization\",\"@id\":\"https:\/\/arturo.winandoffice.com\/es\/#organization\",\"name\":\"Arturo Card Shop\",\"url\":\"https:\/\/arturo.winandoffice.com\/es\/\",\"logo\":{\"@type\":\"ImageObject\",\"inLanguage\":\"nb-NO\",\"@id\":\"https:\/\/arturo.winandoffice.com\/es\/#\/schema\/logo\/image\/\",\"url\":\"https:\/\/arturo.winandoffice.com\/wp-content\/uploads\/2022\/10\/logo.png\",\"contentUrl\":\"https:\/\/arturo.winandoffice.com\/wp-content\/uploads\/2022\/10\/logo.png\",\"width\":1710,\"height\":175,\"caption\":\"Arturo Card Shop\"},\"image\":{\"@id\":\"https:\/\/arturo.winandoffice.com\/es\/#\/schema\/logo\/image\/\"},\"sameAs\":[\"https:\/\/www.facebook.com\/Gamecardshopdotcom\",\"https:\/\/x.com\/gamecardshop_\",\"https:\/\/www.youtube.com\/@gamecardshop\",\"https:\/\/www.youtube.com\/@arturo.winandoffice.com_\",\"https:\/\/de.trustpilot.com\/review\/arturo.winandoffice.com\",\"https:\/\/www.provenexpert.com\/game-card-shop\/\",\"https:\/\/www.tiktok.com\/@arturo.winandoffice.com\",\"https:\/\/www.shopauskunft.de\/review\/arturo.winandoffice.com\",\"https:\/\/www.ausgezeichnet.org\/bewertungen-arturo.winandoffice.com-HNVDH\",\"https:\/\/www.trustedshops.eu\/buyerrating\/info_X93C3F0168B7533F969FC6C787543C130.html\"]}]}<\/script>\n<!-- \/ Yoast SEO plugin. -->","yoast_head_json":{"title":"Services - Arturo Card Shop","robots":{"index":"index","follow":"follow","max-snippet":"max-snippet:-1","max-image-preview":"max-image-preview:large","max-video-preview":"max-video-preview:-1"},"canonical":"https:\/\/arturo.winandoffice.com\/nb\/services\/","og_locale":"nb_NO","og_type":"article","og_title":"Services - Arturo Card Shop","og_url":"https:\/\/arturo.winandoffice.com\/nb\/services\/","og_site_name":"Arturo Card Shop","article_publisher":"https:\/\/www.facebook.com\/Gamecardshopdotcom","og_image":[{"url":"https:\/\/arturo.winandoffice.com\/london\/wp-content\/uploads\/sites\/15\/2022\/10\/W10P-P19P.png","type":"","width":"","height":""}],"twitter_card":"summary_large_image","twitter_site":"@gamecardshop_","twitter_misc":{"Ansl. lesetid":"6 minutter"},"schema":{"@context":"https:\/\/schema.org","@graph":[{"@type":"WebPage","@id":"https:\/\/arturo.winandoffice.com\/services\/","url":"https:\/\/arturo.winandoffice.com\/services\/","name":"Services - Arturo Card Shop","isPartOf":{"@id":"https:\/\/arturo.winandoffice.com\/es\/#website"},"primaryImageOfPage":{"@id":"https:\/\/arturo.winandoffice.com\/services\/#primaryimage"},"image":{"@id":"https:\/\/arturo.winandoffice.com\/services\/#primaryimage"},"thumbnailUrl":"https:\/\/arturo.winandoffice.com\/london\/wp-content\/uploads\/sites\/15\/2022\/10\/W10P-P19P.png","datePublished":"2017-10-12T13:44:07+00:00","breadcrumb":{"@id":"https:\/\/arturo.winandoffice.com\/services\/#breadcrumb"},"inLanguage":"nb-NO","potentialAction":[{"@type":"ReadAction","target":["https:\/\/arturo.winandoffice.com\/services\/"]}]},{"@type":"ImageObject","inLanguage":"nb-NO","@id":"https:\/\/arturo.winandoffice.com\/services\/#primaryimage","url":"https:\/\/arturo.winandoffice.com\/london\/wp-content\/uploads\/sites\/15\/2022\/10\/W10P-P19P.png","contentUrl":"https:\/\/arturo.winandoffice.com\/london\/wp-content\/uploads\/sites\/15\/2022\/10\/W10P-P19P.png"},{"@type":"BreadcrumbList","@id":"https:\/\/arturo.winandoffice.com\/services\/#breadcrumb","itemListElement":[{"@type":"ListItem","position":1,"name":"Home","item":"https:\/\/arturo.winandoffice.com\/"},{"@type":"ListItem","position":2,"name":"Services"}]},{"@type":"WebSite","@id":"https:\/\/arturo.winandoffice.com\/es\/#website","url":"https:\/\/arturo.winandoffice.com\/es\/","name":"Arturo Card Shop","description":"Kj\u00f8p ditt kontor","publisher":{"@id":"https:\/\/arturo.winandoffice.com\/es\/#organization"},"potentialAction":[{"@type":"SearchAction","target":{"@type":"EntryPoint","urlTemplate":"https:\/\/arturo.winandoffice.com\/es\/?s={search_term_string}"},"query-input":{"@type":"PropertyValueSpecification","valueRequired":true,"valueName":"search_term_string"}}],"inLanguage":"nb-NO"},{"@type":"Organization","@id":"https:\/\/arturo.winandoffice.com\/es\/#organization","name":"Arturo Card Shop","url":"https:\/\/arturo.winandoffice.com\/es\/","logo":{"@type":"ImageObject","inLanguage":"nb-NO","@id":"https:\/\/arturo.winandoffice.com\/es\/#\/schema\/logo\/image\/","url":"https:\/\/arturo.winandoffice.com\/wp-content\/uploads\/2022\/10\/logo.png","contentUrl":"https:\/\/arturo.winandoffice.com\/wp-content\/uploads\/2022\/10\/logo.png","width":1710,"height":175,"caption":"Arturo Card Shop"},"image":{"@id":"https:\/\/arturo.winandoffice.com\/es\/#\/schema\/logo\/image\/"},"sameAs":["https:\/\/www.facebook.com\/Gamecardshopdotcom","https:\/\/x.com\/gamecardshop_","https:\/\/www.youtube.com\/@gamecardshop","https:\/\/www.youtube.com\/@arturo.winandoffice.com_","https:\/\/de.trustpilot.com\/review\/arturo.winandoffice.com","https:\/\/www.provenexpert.com\/game-card-shop\/","https:\/\/www.tiktok.com\/@arturo.winandoffice.com","https:\/\/www.shopauskunft.de\/review\/arturo.winandoffice.com","https:\/\/www.ausgezeichnet.org\/bewertungen-arturo.winandoffice.com-HNVDH","https:\/\/www.trustedshops.eu\/buyerrating\/info_X93C3F0168B7533F969FC6C787543C130.html"]}]}},"acf":[],"_links":{"self":[{"href":"https:\/\/arturo.winandoffice.com\/nb\/wp-json\/wp\/v2\/pages\/1116","targetHints":{"allow":["GET"]}}],"collection":[{"href":"https:\/\/arturo.winandoffice.com\/nb\/wp-json\/wp\/v2\/pages"}],"about":[{"href":"https:\/\/arturo.winandoffice.com\/nb\/wp-json\/wp\/v2\/types\/page"}],"author":[{"embeddable":true,"href":"https:\/\/arturo.winandoffice.com\/nb\/wp-json\/wp\/v2\/users\/1"}],"replies":[{"embeddable":true,"href":"https:\/\/arturo.winandoffice.com\/nb\/wp-json\/wp\/v2\/comments?post=1116"}],"version-history":[{"count":0,"href":"https:\/\/arturo.winandoffice.com\/nb\/wp-json\/wp\/v2\/pages\/1116\/revisions"}],"wp:attachment":[{"href":"https:\/\/arturo.winandoffice.com\/nb\/wp-json\/wp\/v2\/media?parent=1116"}],"curies":[{"name":"wp","href":"https:\/\/api.w.org\/{rel}","templated":true}]}}