{"id":11056,"date":"2021-03-03T15:10:06","date_gmt":"2021-03-03T14:10:06","guid":{"rendered":"https:\/\/shop.winandoffice.com\/?page_id=11056"},"modified":"2021-03-03T15:10:06","modified_gmt":"2021-03-03T14:10:06","slug":"legal-basis","status":"publish","type":"page","link":"https:\/\/arturo.winandoffice.com\/nb\/legal-basis\/","title":{"rendered":"Rettslig grunnlag"},"content":{"rendered":"<p><span style=\"font-size: 20px\"><strong>Distribusjonslovgivning<\/strong><\/span><\/p>\n<p>Programvareprodusenter som Microsoft eller Corel tillater sertifiserte salgspartnere (forhandlere) \u00e5 selge produkter til forbrukere. Det gis s\u00e5kalte forhandlerrettigheter. Bare autoriserte partnere har rett til \u00e5 selge programvarelisenser og er obligatoriske medlemmer av produsentens partnerprogram. Videreselgere gis ikke-eksklusiv rett til aktivt \u00e5 markedsf\u00f8re og distribuere lisensiert programvare innenfor EU\/EFTA. Salgspartnere kan imidlertid ogs\u00e5 v\u00e6re aktive i andre regioner, dette krever en skriftlig avtale.<\/p>\n<p>Distribut\u00f8ren er forpliktet til \u00e5 tilby programvareproduktene under den respektive produsentens produktnavn. Eiendomsrettigheter og relevante merknader om opphavsrett m\u00e5 overholdes eller f\u00f8lges. Alle varemerker og registrerte varemerker tilh\u00f8rer de respektive produsentene. Den tekniske informasjonen m\u00e5 alltid samsvare med produsentens informasjon. Bilder, ikoner og logoer brukes for \u00e5 identifisere varene. De solgte varene forblir forhandlerens eiendom inntil full betaling har funnet sted.<\/p>\n<p><span style=\"font-size: 20px\"><strong>Lov om lisensiering<\/strong><\/span><\/p>\n<p>I henhold til gjeldende rettspraksis fra Bundesgerichtshof (BGH, dom av 17. juli 2013 - I ZR 129\/08) er spesialforhandlere forpliktet til \u00e5 dokumentere lovligheten og lovligheten av programvaren som tilbys. Programvarelisenser kan bare settes i oml\u00f8p med samtykke fra rettighetshaveren. Lisensen gis i bytte mot en betaling som gj\u00f8r det mulig \u00e5 oppn\u00e5 en avgift som tilsvarer programvarens \u00f8konomiske verdi. Rettighetshaveren forplikter distribut\u00f8ren til \u00e5 selge programvaren permanent, uten tidsbegrensning for bruken. Forbrukeren informeres om at programvaren er underlagt programvareprodusentens lisensvilk\u00e5r og produktbruksrettigheter.<\/p>\n<p>Kj\u00f8peren har en enkel og ubegrenset rett til \u00e5 bruke programvaren. Han har ikke lov til \u00e5 kopiere eller la andre bruke dem. Flerbruksrettigheter krever en egen avtale.<\/p>\n<div id=\"gtx-trans\">\n<div class=\"gtx-trans-icon\"><\/div>\n<\/div>","protected":false},"excerpt":{"rendered":"<p>Distribution Law Software manufacturers like Microsoft or Corel allow certified sales partners (resellers) to sell products to consumers. So-called reseller rights are granted. Only authorized partners are entitled to sell software licenses and are mandatory members of the manufacturer&#8217;s partner program. Resellers are given the non-exclusive right to actively market and distribute licensed software within [&hellip;]<\/p>","protected":false},"author":1,"featured_media":0,"parent":0,"menu_order":0,"comment_status":"closed","ping_status":"closed","template":"","meta":{"_acf_changed":false,"footnotes":""},"class_list":["post-11056","page","type-page","status-publish","hentry"],"yoast_head":"<!-- This site is optimized with the Yoast SEO plugin v26.7 - https:\/\/yoast.com\/wordpress\/plugins\/seo\/ -->\n<title>Legal Basis - Arturo Card Shop<\/title>\n<meta name=\"robots\" content=\"index, follow, max-snippet:-1, max-image-preview:large, max-video-preview:-1\" \/>\n<link rel=\"canonical\" href=\"https:\/\/arturo.winandoffice.com\/nb\/legal-basis\/\" \/>\n<meta property=\"og:locale\" content=\"nb_NO\" \/>\n<meta property=\"og:type\" content=\"article\" \/>\n<meta property=\"og:title\" content=\"Legal Basis - Arturo Card Shop\" \/>\n<meta property=\"og:description\" content=\"Distribution Law Software manufacturers like Microsoft or Corel allow certified sales partners (resellers) to sell products to consumers. So-called reseller rights are granted. Only authorized partners are entitled to sell software licenses and are mandatory members of the manufacturer&#8217;s partner program. Resellers are given the non-exclusive right to actively market and distribute licensed software within [&hellip;]\" \/>\n<meta property=\"og:url\" content=\"https:\/\/arturo.winandoffice.com\/nb\/legal-basis\/\" \/>\n<meta property=\"og:site_name\" content=\"Arturo Card Shop\" \/>\n<meta property=\"article:publisher\" content=\"https:\/\/www.facebook.com\/Gamecardshopdotcom\" \/>\n<meta name=\"twitter:card\" content=\"summary_large_image\" \/>\n<meta name=\"twitter:site\" content=\"@gamecardshop_\" \/>\n<meta name=\"twitter:label1\" content=\"Ansl. lesetid\" \/>\n\t<meta name=\"twitter:data1\" content=\"2 minutter\" \/>\n<script type=\"application\/ld+json\" class=\"yoast-schema-graph\">{\"@context\":\"https:\/\/schema.org\",\"@graph\":[{\"@type\":\"WebPage\",\"@id\":\"https:\/\/arturo.winandoffice.com\/legal-basis\/\",\"url\":\"https:\/\/arturo.winandoffice.com\/legal-basis\/\",\"name\":\"Legal Basis - Arturo Card Shop\",\"isPartOf\":{\"@id\":\"https:\/\/arturo.winandoffice.com\/es\/#website\"},\"datePublished\":\"2021-03-03T14:10:06+00:00\",\"breadcrumb\":{\"@id\":\"https:\/\/arturo.winandoffice.com\/legal-basis\/#breadcrumb\"},\"inLanguage\":\"nb-NO\",\"potentialAction\":[{\"@type\":\"ReadAction\",\"target\":[\"https:\/\/arturo.winandoffice.com\/legal-basis\/\"]}]},{\"@type\":\"BreadcrumbList\",\"@id\":\"https:\/\/arturo.winandoffice.com\/legal-basis\/#breadcrumb\",\"itemListElement\":[{\"@type\":\"ListItem\",\"position\":1,\"name\":\"Home\",\"item\":\"https:\/\/arturo.winandoffice.com\/\"},{\"@type\":\"ListItem\",\"position\":2,\"name\":\"Legal Basis\"}]},{\"@type\":\"WebSite\",\"@id\":\"https:\/\/arturo.winandoffice.com\/es\/#website\",\"url\":\"https:\/\/arturo.winandoffice.com\/es\/\",\"name\":\"Arturo Card Shop\",\"description\":\"Buy your office\",\"publisher\":{\"@id\":\"https:\/\/arturo.winandoffice.com\/es\/#organization\"},\"potentialAction\":[{\"@type\":\"SearchAction\",\"target\":{\"@type\":\"EntryPoint\",\"urlTemplate\":\"https:\/\/arturo.winandoffice.com\/es\/?s={search_term_string}\"},\"query-input\":{\"@type\":\"PropertyValueSpecification\",\"valueRequired\":true,\"valueName\":\"search_term_string\"}}],\"inLanguage\":\"nb-NO\"},{\"@type\":\"Organization\",\"@id\":\"https:\/\/arturo.winandoffice.com\/es\/#organization\",\"name\":\"Arturo Card Shop\",\"url\":\"https:\/\/arturo.winandoffice.com\/es\/\",\"logo\":{\"@type\":\"ImageObject\",\"inLanguage\":\"nb-NO\",\"@id\":\"https:\/\/arturo.winandoffice.com\/es\/#\/schema\/logo\/image\/\",\"url\":\"https:\/\/arturo.winandoffice.com\/wp-content\/uploads\/2022\/10\/logo.png\",\"contentUrl\":\"https:\/\/arturo.winandoffice.com\/wp-content\/uploads\/2022\/10\/logo.png\",\"width\":1710,\"height\":175,\"caption\":\"Arturo Card Shop\"},\"image\":{\"@id\":\"https:\/\/arturo.winandoffice.com\/es\/#\/schema\/logo\/image\/\"},\"sameAs\":[\"https:\/\/www.facebook.com\/Gamecardshopdotcom\",\"https:\/\/x.com\/gamecardshop_\",\"https:\/\/www.youtube.com\/@gamecardshop\",\"https:\/\/www.youtube.com\/@arturo.winandoffice.com_\",\"https:\/\/de.trustpilot.com\/review\/arturo.winandoffice.com\",\"https:\/\/www.provenexpert.com\/game-card-shop\/\",\"https:\/\/www.tiktok.com\/@arturo.winandoffice.com\",\"https:\/\/www.shopauskunft.de\/review\/arturo.winandoffice.com\",\"https:\/\/www.ausgezeichnet.org\/bewertungen-arturo.winandoffice.com-HNVDH\",\"https:\/\/www.trustedshops.eu\/buyerrating\/info_X93C3F0168B7533F969FC6C787543C130.html\"]}]}<\/script>\n<!-- \/ Yoast SEO plugin. -->","yoast_head_json":{"title":"Legal Basis - Arturo Card Shop","robots":{"index":"index","follow":"follow","max-snippet":"max-snippet:-1","max-image-preview":"max-image-preview:large","max-video-preview":"max-video-preview:-1"},"canonical":"https:\/\/arturo.winandoffice.com\/nb\/legal-basis\/","og_locale":"nb_NO","og_type":"article","og_title":"Legal Basis - Arturo Card Shop","og_description":"Distribution Law Software manufacturers like Microsoft or Corel allow certified sales partners (resellers) to sell products to consumers. So-called reseller rights are granted. Only authorized partners are entitled to sell software licenses and are mandatory members of the manufacturer&#8217;s partner program. Resellers are given the non-exclusive right to actively market and distribute licensed software within [&hellip;]","og_url":"https:\/\/arturo.winandoffice.com\/nb\/legal-basis\/","og_site_name":"Arturo Card Shop","article_publisher":"https:\/\/www.facebook.com\/Gamecardshopdotcom","twitter_card":"summary_large_image","twitter_site":"@gamecardshop_","twitter_misc":{"Ansl. lesetid":"2 minutter"},"schema":{"@context":"https:\/\/schema.org","@graph":[{"@type":"WebPage","@id":"https:\/\/arturo.winandoffice.com\/legal-basis\/","url":"https:\/\/arturo.winandoffice.com\/legal-basis\/","name":"Legal Basis - Arturo Card Shop","isPartOf":{"@id":"https:\/\/arturo.winandoffice.com\/es\/#website"},"datePublished":"2021-03-03T14:10:06+00:00","breadcrumb":{"@id":"https:\/\/arturo.winandoffice.com\/legal-basis\/#breadcrumb"},"inLanguage":"nb-NO","potentialAction":[{"@type":"ReadAction","target":["https:\/\/arturo.winandoffice.com\/legal-basis\/"]}]},{"@type":"BreadcrumbList","@id":"https:\/\/arturo.winandoffice.com\/legal-basis\/#breadcrumb","itemListElement":[{"@type":"ListItem","position":1,"name":"Home","item":"https:\/\/arturo.winandoffice.com\/"},{"@type":"ListItem","position":2,"name":"Legal Basis"}]},{"@type":"WebSite","@id":"https:\/\/arturo.winandoffice.com\/es\/#website","url":"https:\/\/arturo.winandoffice.com\/es\/","name":"Arturo Card Shop","description":"Kj\u00f8p ditt kontor","publisher":{"@id":"https:\/\/arturo.winandoffice.com\/es\/#organization"},"potentialAction":[{"@type":"SearchAction","target":{"@type":"EntryPoint","urlTemplate":"https:\/\/arturo.winandoffice.com\/es\/?s={search_term_string}"},"query-input":{"@type":"PropertyValueSpecification","valueRequired":true,"valueName":"search_term_string"}}],"inLanguage":"nb-NO"},{"@type":"Organization","@id":"https:\/\/arturo.winandoffice.com\/es\/#organization","name":"Arturo Card Shop","url":"https:\/\/arturo.winandoffice.com\/es\/","logo":{"@type":"ImageObject","inLanguage":"nb-NO","@id":"https:\/\/arturo.winandoffice.com\/es\/#\/schema\/logo\/image\/","url":"https:\/\/arturo.winandoffice.com\/wp-content\/uploads\/2022\/10\/logo.png","contentUrl":"https:\/\/arturo.winandoffice.com\/wp-content\/uploads\/2022\/10\/logo.png","width":1710,"height":175,"caption":"Arturo Card Shop"},"image":{"@id":"https:\/\/arturo.winandoffice.com\/es\/#\/schema\/logo\/image\/"},"sameAs":["https:\/\/www.facebook.com\/Gamecardshopdotcom","https:\/\/x.com\/gamecardshop_","https:\/\/www.youtube.com\/@gamecardshop","https:\/\/www.youtube.com\/@arturo.winandoffice.com_","https:\/\/de.trustpilot.com\/review\/arturo.winandoffice.com","https:\/\/www.provenexpert.com\/game-card-shop\/","https:\/\/www.tiktok.com\/@arturo.winandoffice.com","https:\/\/www.shopauskunft.de\/review\/arturo.winandoffice.com","https:\/\/www.ausgezeichnet.org\/bewertungen-arturo.winandoffice.com-HNVDH","https:\/\/www.trustedshops.eu\/buyerrating\/info_X93C3F0168B7533F969FC6C787543C130.html"]}]}},"acf":[],"_links":{"self":[{"href":"https:\/\/arturo.winandoffice.com\/nb\/wp-json\/wp\/v2\/pages\/11056","targetHints":{"allow":["GET"]}}],"collection":[{"href":"https:\/\/arturo.winandoffice.com\/nb\/wp-json\/wp\/v2\/pages"}],"about":[{"href":"https:\/\/arturo.winandoffice.com\/nb\/wp-json\/wp\/v2\/types\/page"}],"author":[{"embeddable":true,"href":"https:\/\/arturo.winandoffice.com\/nb\/wp-json\/wp\/v2\/users\/1"}],"replies":[{"embeddable":true,"href":"https:\/\/arturo.winandoffice.com\/nb\/wp-json\/wp\/v2\/comments?post=11056"}],"version-history":[{"count":0,"href":"https:\/\/arturo.winandoffice.com\/nb\/wp-json\/wp\/v2\/pages\/11056\/revisions"}],"wp:attachment":[{"href":"https:\/\/arturo.winandoffice.com\/nb\/wp-json\/wp\/v2\/media?parent=11056"}],"curies":[{"name":"wp","href":"https:\/\/api.w.org\/{rel}","templated":true}]}}