{"id":42951,"date":"2024-02-03T23:54:44","date_gmt":"2024-02-03T22:54:44","guid":{"rendered":"https:\/\/arturo.winandoffice.com\/?post_type=product&#038;p=42951"},"modified":"2025-09-03T22:01:37","modified_gmt":"2025-09-03T21:01:37","slug":"microsoft-visio-2019-professional-fur-3-pc","status":"publish","type":"product","link":"https:\/\/arturo.winandoffice.com\/fr\/produkt\/microsoft-visio-2019-professional-fur-3-pc\/","title":{"rendered":"Microsoft Visio 2019 Professional License for 3 PC"},"content":{"rendered":"<div class=\"wpb-content-wrapper\"><div class=\"vc_row wpb_row vc_row-fluid\" style=\"background-position: None!important;  \"><div class=\"wpb_column vc_column_container vc_col-sm-12\"><div class=\"vc_column-inner\"><div class=\"wpb_wrapper\">\n\t<div class=\"wpb_text_column wpb_content_element\" >\n\t\t<div class=\"wpb_wrapper\">\n\t\t\t<h3><strong>Microsoft Visio 2019 Professional<\/strong><\/h3>\n<p>M\u00eame dans l'\u00e9dition Professional 2019, Microsoft Visio reste le meilleur outil pour concevoir des diagrammes dans les entreprises et s'appuie sur les normes industrielles courantes telles que l'IEEE. En outre, Microsoft a apport\u00e9 des milliers d'am\u00e9liorations d\u00e9taill\u00e9es et introduit de nouvelles fonctionnalit\u00e9s, notamment pour faciliter le travail sur des projets au sein d'\u00e9quipes plus importantes. Le logiciel est donc explicitement destin\u00e9 aux utilisateurs professionnels. N\u00e9anmoins, l'entr\u00e9e famili\u00e8re et facile dans le programme est maintenue, principalement gr\u00e2ce \u00e0 d'innombrables mod\u00e8les et \u00e0 l'interface \u00e9prouv\u00e9e de Office. Chaque acheteur continue de b\u00e9n\u00e9ficier de 2 Go d'espace de stockage gratuit avec OneDrive, la solution cloud de Microsoft.<\/p>\n<p>La g\u00e9n\u00e9ration de diagrammes est possible dans Microsoft Visio Professional 2019 imm\u00e9diatement apr\u00e8s le d\u00e9marrage du programme : des centaines de mod\u00e8les bas\u00e9s sur une s\u00e9lection de plus de 250 000 formes le garantissent. Comme l'application de bureau se met constamment \u00e0 jour, de nouveaux mod\u00e8les sont ajout\u00e9s r\u00e9guli\u00e8rement. Les utilisateurs peuvent ensuite partager les diagrammes termin\u00e9s non seulement sous forme de jeux de donn\u00e9es Visio, mais aussi sur Internet : Visio Professional 2019 prend en charge les repr\u00e9sentations de diagrammes sur le web ou la sortie sous forme de fichier PDF pour les utilisateurs qui n'utilisent pas Visio sur leur appareil. Les commentaires que d'autres utilisateurs laissent ensuite dans le diagramme sont \u00e9galement imm\u00e9diatement visibles pour le cr\u00e9ateur du projet et re\u00e7oivent ainsi un retour d'information.<\/p>\n<p>Sp\u00e9cifiquement pour Visio Professional 2019 et Windows 10, Microsoft a \u00e9galement am\u00e9lior\u00e9 la prise en charge de la saisie tactile et des stylos tels que le Surface Pen Microsoft. Cela vous permet d'affiner les diagrammes \u00e0 l'aide de m\u00e9thodes de saisie naturelles, en utilisant l'encre virtuelle ou vos doigts pour colorer, d\u00e9placer les formes et r\u00e9organiser les diagrammes. Cela facilite \u00e9galement l'utilisation du programme sur une tablette telle que l'iPad Pro, pour lequel une application distincte est disponible dans l'Apple Store officiel. Pour mieux collaborer avec d'autres personnes, les fonctions d'annotation ont \u00e9t\u00e9 am\u00e9lior\u00e9es et l'int\u00e9gration de Skype for Business dans l'interface du programme a \u00e9t\u00e9 \u00e9tendue.<\/p>\n<p>Les nouvelles donn\u00e9es sont import\u00e9es directement dans Microsoft Visio Professional 2019 \u00e0 partir d'autres programmes populaires tels qu'Excel. Cela permet de gagner du temps lors de l'\u00e9dition des diagrammes, car les saisies manuelles deviennent moins fr\u00e9quentes. Pour enrichir ensuite les diagrammes de vie et afficher m\u00eame de grandes quantit\u00e9s d'informations, d'innombrables couleurs, formes et graphiques sont disponibles pour se concentrer sur les donn\u00e9es importantes pour l'observateur. En outre, le programme prend en charge l'int\u00e9gration des dessins cr\u00e9\u00e9s dans le c\u00e9l\u00e8bre logiciel AutoCAD. L'\u00e9ventail des fonctions s'en trouve consid\u00e9rablement \u00e9largi, puisqu'il est possible de cr\u00e9er des formes complexes.<\/p>\n<p>En outre, d\u00e8s que des donn\u00e9es de toute nature pr\u00e9c\u00e9demment int\u00e9gr\u00e9es au diagramme changent, Microsoft Visio Professional 2019 modifie imm\u00e9diatement l'apparence du projet. Pour ce faire, le programme analyse en permanence les donn\u00e9es int\u00e9gr\u00e9es - quelle que soit leur provenance et qu'elles soient disponibles localement ou sur le r\u00e9seau - puis r\u00e9percute imm\u00e9diatement les modifications sur le diagramme actuel. Cela signifie que toutes les personnes travaillant sur ce projet ont toujours une vue d'ensemble et travaillent ensemble sur une seule version de ce diagramme. Le fait d'\u00e9viter les mises \u00e0 jour manuelles facilite \u00e9galement le processus de travail et permet de gagner beaucoup de temps \u00e0 long terme.<\/p>\n<p>Microsoft a d\u00e9velopp\u00e9 Visio Professional 2019 de mani\u00e8re \u00e0 ce qu'il soit uniquement compatible avec l'une des \u00e9ditions de Windows 10 et Windows 10S. Il n'est pas possible d'ex\u00e9cuter le logiciel sur une version plus ancienne de Windows. De plus, cette offre est une cl\u00e9 de produit pour un PC de bureau ou un ordinateur portable. Il n'y a pas de frais d'abonnement suppl\u00e9mentaires. Microsoft garantit de fournir ce logiciel avec des mises \u00e0 jour pendant au moins cinq ans.<\/p>\n<ul>\n<li>Exigences du syst\u00e8me :<\/li>\n<li>Windows 10, Windows Server 2019<\/li>\n<li>Processeur double c\u0153ur de 1,6 GHz ou plus rapide<\/li>\n<li>2 Go de m\u00e9moire de travail (32 bits) ; 4 Go de RAM (64 bits)<\/li>\n<li>4 Go d'espace disponible sur le disque dur<\/li>\n<li>L'acc\u00e9l\u00e9ration graphique n\u00e9cessite une carte graphique compatible DirectX 9. Avec WDDM 2.0 ou une version ult\u00e9rieure pour Windows 10 (ou WDDM 1.3 pour Windows 10 Fall Creators Update).<\/li>\n<\/ul>\n<p><strong>Assistance et soutien :<\/strong><\/p>\n<p>Pour toute question, n'h\u00e9sitez pas \u00e0 nous contacter <a href=\"mailto:support@arturo.winandoffice.com\" target=\"_blank\" rel=\"noopener\">par courrier \u00e9lectronique<\/a>.&nbsp;Our customer service and support is available 7 days a week, 24 hours a day.<\/p>\n\n\t\t<\/div>\n\t<\/div>\n<\/div><\/div><\/div><\/div>\n<\/div>","protected":false},"excerpt":{"rendered":"<ul>\n<li>Microsoft Visio 2019 Standard pour 3 PC<\/li>\n<li><strong>Avec cette licence, le logiciel peut \u00eatre activ\u00e9 sur 3 appareils diff\u00e9rents, par ex. PC domestique, ordinateur portable et PC de travail.Garantie de remboursement \u00e0 vie !!!<\/strong><\/li>\n<li>Version pour syst\u00e8mes 32 et 64 bits, versions compl\u00e8tes et illimit\u00e9es du logiciel <strong>par un partenaire certifi\u00e9 Microsoft Gold<\/strong><\/li>\n<li><strong>Garantie de remplacement \u00e0 vie !<\/strong><\/li>\n<li>Livraison par courrier \u00e9lectronique : cl\u00e9 de produit, instructions, liens de t\u00e9l\u00e9chargement, facture<\/li>\n<li>T\u00e9l\u00e9chargement instantan\u00e9 !<\/li>\n<li>Pas de limite de temps, pas d'abonnement<\/li>\n<li>Assistance gratuite 24\/7 pour les probl\u00e8mes d'installation et d'activation<\/li>\n<li>Pas de livraison sur le stockage des donn\u00e9es (USB, CD, etc.)<\/li>\n<li>Activation en ligne et par t\u00e9l\u00e9phone<\/li>\n<li>Langues : anglais, espagnol, italien, allemand, fran\u00e7ais<\/li>\n<li><strong><span style=\"color: #008000;\"> Ce produit est compatible avec Microsoft Windows.<\/span><\/strong><\/li>\n<li><strong><span style=\"color: #ff0000;\">NOT compatible with Apple macOS\u2122, Apple Processors, Parallels for Mac, Android devices and Chromebooks.<\/span><\/strong><\/li>\n<\/ul>","protected":false},"featured_media":100000116581,"comment_status":"closed","ping_status":"closed","template":"","meta":{"_acf_changed":false},"product_brand":[],"product_cat":[154],"product_tag":[],"class_list":{"0":"post-42951","1":"product","2":"type-product","3":"status-publish","4":"has-post-thumbnail","6":"product_cat-microsoft-office","8":"first","9":"instock","10":"sale","11":"featured","12":"virtual","13":"taxable","14":"purchasable","15":"product-type-simple"},"yoast_head":"<!-- This site is optimized with the Yoast SEO plugin v26.7 - https:\/\/yoast.com\/wordpress\/plugins\/seo\/ -->\n<title>Microsoft Visio 2019 Professional License for 3 PC - Arturo Card Shop<\/title>\n<meta name=\"robots\" content=\"index, follow, max-snippet:-1, max-image-preview:large, max-video-preview:-1\" \/>\n<link rel=\"canonical\" href=\"https:\/\/arturo.winandoffice.com\/fr\/produkt\/microsoft-visio-2019-professional-fur-3-pc\/\" \/>\n<meta property=\"og:locale\" content=\"fr_FR\" \/>\n<meta property=\"og:type\" content=\"article\" \/>\n<meta property=\"og:title\" content=\"Microsoft Visio 2019 Professional License for 3 PC - Arturo Card Shop\" \/>\n<meta property=\"og:description\" content=\"Microsoft Visio 2019 Standard for 3 PC  With this license the software can be activated on 3 different devices, e.g. home PC, notebook and work PC.  Version for 32 and 64 bit systems, full unlimited versions of software from certified Microsoft Gold Partner  Lifetime Replacement Warranty!  Delivery by email: product key, instructions, download links, invoice  Instant download!  No time limit, no subscription  Free support 24\/7 for issues with installation and activation  No delivery on data storage (USB, CD, etc.)  Activation online and by phone  Languages: English, Spanish, Italian, German, French   This product is compatible with Microsoft Windows.  NOT compatible with Apple macOS\u2122, Apple Processors, Parallels for Mac, Android devices and Chromebooks.\" \/>\n<meta property=\"og:url\" content=\"https:\/\/arturo.winandoffice.com\/fr\/produkt\/microsoft-visio-2019-professional-fur-3-pc\/\" \/>\n<meta property=\"og:site_name\" content=\"Arturo Card Shop\" \/>\n<meta property=\"article:publisher\" content=\"https:\/\/www.facebook.com\/Gamecardshopdotcom\" \/>\n<meta property=\"article:modified_time\" content=\"2025-09-03T21:01:37+00:00\" \/>\n<meta name=\"twitter:card\" content=\"summary_large_image\" \/>\n<meta name=\"twitter:site\" content=\"@gamecardshop_\" \/>\n<meta name=\"twitter:label1\" content=\"Dur\u00e9e de lecture estim\u00e9e\" \/>\n\t<meta name=\"twitter:data1\" content=\"4 minutes\" \/>\n<script type=\"application\/ld+json\" class=\"yoast-schema-graph\">{\"@context\":\"https:\/\/schema.org\",\"@graph\":[{\"@type\":\"WebPage\",\"@id\":\"https:\/\/arturo.winandoffice.com\/produkt\/microsoft-visio-2019-professional-fur-3-pc\/\",\"url\":\"https:\/\/arturo.winandoffice.com\/produkt\/microsoft-visio-2019-professional-fur-3-pc\/\",\"name\":\"Microsoft Visio 2019 Professional License for 3 PC - Arturo Card Shop\",\"isPartOf\":{\"@id\":\"https:\/\/arturo.winandoffice.com\/es\/#website\"},\"primaryImageOfPage\":{\"@id\":\"https:\/\/arturo.winandoffice.com\/produkt\/microsoft-visio-2019-professional-fur-3-pc\/#primaryimage\"},\"image\":{\"@id\":\"https:\/\/arturo.winandoffice.com\/produkt\/microsoft-visio-2019-professional-fur-3-pc\/#primaryimage\"},\"thumbnailUrl\":\"https:\/\/arturo.winandoffice.com\/wp-content\/uploads\/2024\/02\/V19P.jpg\",\"datePublished\":\"2024-02-03T22:54:44+00:00\",\"dateModified\":\"2025-09-03T21:01:37+00:00\",\"breadcrumb\":{\"@id\":\"https:\/\/arturo.winandoffice.com\/produkt\/microsoft-visio-2019-professional-fur-3-pc\/#breadcrumb\"},\"inLanguage\":\"fr-FR\",\"potentialAction\":[{\"@type\":\"ReadAction\",\"target\":[\"https:\/\/arturo.winandoffice.com\/produkt\/microsoft-visio-2019-professional-fur-3-pc\/\"]}]},{\"@type\":\"ImageObject\",\"inLanguage\":\"fr-FR\",\"@id\":\"https:\/\/arturo.winandoffice.com\/produkt\/microsoft-visio-2019-professional-fur-3-pc\/#primaryimage\",\"url\":\"https:\/\/arturo.winandoffice.com\/wp-content\/uploads\/2024\/02\/V19P.jpg\",\"contentUrl\":\"https:\/\/arturo.winandoffice.com\/wp-content\/uploads\/2024\/02\/V19P.jpg\"},{\"@type\":\"BreadcrumbList\",\"@id\":\"https:\/\/arturo.winandoffice.com\/produkt\/microsoft-visio-2019-professional-fur-3-pc\/#breadcrumb\",\"itemListElement\":[{\"@type\":\"ListItem\",\"position\":1,\"name\":\"Home\",\"item\":\"https:\/\/arturo.winandoffice.com\/\"},{\"@type\":\"ListItem\",\"position\":2,\"name\":\"Shop\",\"item\":\"https:\/\/arturo.winandoffice.com\/shop\/\"},{\"@type\":\"ListItem\",\"position\":3,\"name\":\"Microsoft Visio 2019 Professional License for 3 PC\"}]},{\"@type\":\"WebSite\",\"@id\":\"https:\/\/arturo.winandoffice.com\/es\/#website\",\"url\":\"https:\/\/arturo.winandoffice.com\/es\/\",\"name\":\"Arturo Card Shop\",\"description\":\"Buy your office\",\"publisher\":{\"@id\":\"https:\/\/arturo.winandoffice.com\/es\/#organization\"},\"potentialAction\":[{\"@type\":\"SearchAction\",\"target\":{\"@type\":\"EntryPoint\",\"urlTemplate\":\"https:\/\/arturo.winandoffice.com\/es\/?s={search_term_string}\"},\"query-input\":{\"@type\":\"PropertyValueSpecification\",\"valueRequired\":true,\"valueName\":\"search_term_string\"}}],\"inLanguage\":\"fr-FR\"},{\"@type\":\"Organization\",\"@id\":\"https:\/\/arturo.winandoffice.com\/es\/#organization\",\"name\":\"Arturo Card Shop\",\"url\":\"https:\/\/arturo.winandoffice.com\/es\/\",\"logo\":{\"@type\":\"ImageObject\",\"inLanguage\":\"fr-FR\",\"@id\":\"https:\/\/arturo.winandoffice.com\/es\/#\/schema\/logo\/image\/\",\"url\":\"https:\/\/arturo.winandoffice.com\/wp-content\/uploads\/2022\/10\/logo.png\",\"contentUrl\":\"https:\/\/arturo.winandoffice.com\/wp-content\/uploads\/2022\/10\/logo.png\",\"width\":1710,\"height\":175,\"caption\":\"Arturo Card Shop\"},\"image\":{\"@id\":\"https:\/\/arturo.winandoffice.com\/es\/#\/schema\/logo\/image\/\"},\"sameAs\":[\"https:\/\/www.facebook.com\/Gamecardshopdotcom\",\"https:\/\/x.com\/gamecardshop_\",\"https:\/\/www.youtube.com\/@gamecardshop\",\"https:\/\/www.youtube.com\/@arturo.winandoffice.com_\",\"https:\/\/de.trustpilot.com\/review\/arturo.winandoffice.com\",\"https:\/\/www.provenexpert.com\/game-card-shop\/\",\"https:\/\/www.tiktok.com\/@arturo.winandoffice.com\",\"https:\/\/www.shopauskunft.de\/review\/arturo.winandoffice.com\",\"https:\/\/www.ausgezeichnet.org\/bewertungen-arturo.winandoffice.com-HNVDH\",\"https:\/\/www.trustedshops.eu\/buyerrating\/info_X93C3F0168B7533F969FC6C787543C130.html\"]}]}<\/script>\n<!-- \/ Yoast SEO plugin. -->","yoast_head_json":{"title":"Microsoft Visio 2019 Professional License for 3 PC - Arturo Card Shop","robots":{"index":"index","follow":"follow","max-snippet":"max-snippet:-1","max-image-preview":"max-image-preview:large","max-video-preview":"max-video-preview:-1"},"canonical":"https:\/\/arturo.winandoffice.com\/fr\/produkt\/microsoft-visio-2019-professional-fur-3-pc\/","og_locale":"fr_FR","og_type":"article","og_title":"Microsoft Visio 2019 Professional License for 3 PC - Arturo Card Shop","og_description":"Microsoft Visio 2019 Standard for 3 PC  With this license the software can be activated on 3 different devices, e.g. home PC, notebook and work PC.  Version for 32 and 64 bit systems, full unlimited versions of software from certified Microsoft Gold Partner  Lifetime Replacement Warranty!  Delivery by email: product key, instructions, download links, invoice  Instant download!  No time limit, no subscription  Free support 24\/7 for issues with installation and activation  No delivery on data storage (USB, CD, etc.)  Activation online and by phone  Languages: English, Spanish, Italian, German, French   This product is compatible with Microsoft Windows.  NOT compatible with Apple macOS\u2122, Apple Processors, Parallels for Mac, Android devices and Chromebooks.","og_url":"https:\/\/arturo.winandoffice.com\/fr\/produkt\/microsoft-visio-2019-professional-fur-3-pc\/","og_site_name":"Arturo Card Shop","article_publisher":"https:\/\/www.facebook.com\/Gamecardshopdotcom","article_modified_time":"2025-09-03T21:01:37+00:00","twitter_card":"summary_large_image","twitter_site":"@gamecardshop_","twitter_misc":{"Dur\u00e9e de lecture estim\u00e9e":"4 minutes"},"schema":{"@context":"https:\/\/schema.org","@graph":[{"@type":"WebPage","@id":"https:\/\/arturo.winandoffice.com\/produkt\/microsoft-visio-2019-professional-fur-3-pc\/","url":"https:\/\/arturo.winandoffice.com\/produkt\/microsoft-visio-2019-professional-fur-3-pc\/","name":"Microsoft Visio 2019 Professional License for 3 PC - Arturo Card Shop","isPartOf":{"@id":"https:\/\/arturo.winandoffice.com\/es\/#website"},"primaryImageOfPage":{"@id":"https:\/\/arturo.winandoffice.com\/produkt\/microsoft-visio-2019-professional-fur-3-pc\/#primaryimage"},"image":{"@id":"https:\/\/arturo.winandoffice.com\/produkt\/microsoft-visio-2019-professional-fur-3-pc\/#primaryimage"},"thumbnailUrl":"https:\/\/arturo.winandoffice.com\/wp-content\/uploads\/2024\/02\/V19P.jpg","datePublished":"2024-02-03T22:54:44+00:00","dateModified":"2025-09-03T21:01:37+00:00","breadcrumb":{"@id":"https:\/\/arturo.winandoffice.com\/produkt\/microsoft-visio-2019-professional-fur-3-pc\/#breadcrumb"},"inLanguage":"fr-FR","potentialAction":[{"@type":"ReadAction","target":["https:\/\/arturo.winandoffice.com\/produkt\/microsoft-visio-2019-professional-fur-3-pc\/"]}]},{"@type":"ImageObject","inLanguage":"fr-FR","@id":"https:\/\/arturo.winandoffice.com\/produkt\/microsoft-visio-2019-professional-fur-3-pc\/#primaryimage","url":"https:\/\/arturo.winandoffice.com\/wp-content\/uploads\/2024\/02\/V19P.jpg","contentUrl":"https:\/\/arturo.winandoffice.com\/wp-content\/uploads\/2024\/02\/V19P.jpg"},{"@type":"BreadcrumbList","@id":"https:\/\/arturo.winandoffice.com\/produkt\/microsoft-visio-2019-professional-fur-3-pc\/#breadcrumb","itemListElement":[{"@type":"ListItem","position":1,"name":"Home","item":"https:\/\/arturo.winandoffice.com\/"},{"@type":"ListItem","position":2,"name":"Shop","item":"https:\/\/arturo.winandoffice.com\/shop\/"},{"@type":"ListItem","position":3,"name":"Microsoft Visio 2019 Professional License for 3 PC"}]},{"@type":"WebSite","@id":"https:\/\/arturo.winandoffice.com\/es\/#website","url":"https:\/\/arturo.winandoffice.com\/es\/","name":"Arturo Card Shop","description":"Acheter votre bureau","publisher":{"@id":"https:\/\/arturo.winandoffice.com\/es\/#organization"},"potentialAction":[{"@type":"SearchAction","target":{"@type":"EntryPoint","urlTemplate":"https:\/\/arturo.winandoffice.com\/es\/?s={search_term_string}"},"query-input":{"@type":"PropertyValueSpecification","valueRequired":true,"valueName":"search_term_string"}}],"inLanguage":"fr-FR"},{"@type":"Organization","@id":"https:\/\/arturo.winandoffice.com\/es\/#organization","name":"Arturo Card Shop","url":"https:\/\/arturo.winandoffice.com\/es\/","logo":{"@type":"ImageObject","inLanguage":"fr-FR","@id":"https:\/\/arturo.winandoffice.com\/es\/#\/schema\/logo\/image\/","url":"https:\/\/arturo.winandoffice.com\/wp-content\/uploads\/2022\/10\/logo.png","contentUrl":"https:\/\/arturo.winandoffice.com\/wp-content\/uploads\/2022\/10\/logo.png","width":1710,"height":175,"caption":"Arturo Card Shop"},"image":{"@id":"https:\/\/arturo.winandoffice.com\/es\/#\/schema\/logo\/image\/"},"sameAs":["https:\/\/www.facebook.com\/Gamecardshopdotcom","https:\/\/x.com\/gamecardshop_","https:\/\/www.youtube.com\/@gamecardshop","https:\/\/www.youtube.com\/@arturo.winandoffice.com_","https:\/\/de.trustpilot.com\/review\/arturo.winandoffice.com","https:\/\/www.provenexpert.com\/game-card-shop\/","https:\/\/www.tiktok.com\/@arturo.winandoffice.com","https:\/\/www.shopauskunft.de\/review\/arturo.winandoffice.com","https:\/\/www.ausgezeichnet.org\/bewertungen-arturo.winandoffice.com-HNVDH","https:\/\/www.trustedshops.eu\/buyerrating\/info_X93C3F0168B7533F969FC6C787543C130.html"]}]}},"acf":[],"_links":{"self":[{"href":"https:\/\/arturo.winandoffice.com\/fr\/wp-json\/wp\/v2\/product\/42951","targetHints":{"allow":["GET"]}}],"collection":[{"href":"https:\/\/arturo.winandoffice.com\/fr\/wp-json\/wp\/v2\/product"}],"about":[{"href":"https:\/\/arturo.winandoffice.com\/fr\/wp-json\/wp\/v2\/types\/product"}],"replies":[{"embeddable":true,"href":"https:\/\/arturo.winandoffice.com\/fr\/wp-json\/wp\/v2\/comments?post=42951"}],"wp:featuredmedia":[{"embeddable":true,"href":"https:\/\/arturo.winandoffice.com\/fr\/wp-json\/"}],"wp:attachment":[{"href":"https:\/\/arturo.winandoffice.com\/fr\/wp-json\/wp\/v2\/media?parent=42951"}],"wp:term":[{"taxonomy":"product_brand","embeddable":true,"href":"https:\/\/arturo.winandoffice.com\/fr\/wp-json\/wp\/v2\/product_brand?post=42951"},{"taxonomy":"product_cat","embeddable":true,"href":"https:\/\/arturo.winandoffice.com\/fr\/wp-json\/wp\/v2\/product_cat?post=42951"},{"taxonomy":"product_tag","embeddable":true,"href":"https:\/\/arturo.winandoffice.com\/fr\/wp-json\/wp\/v2\/product_tag?post=42951"}],"curies":[{"name":"wp","href":"https:\/\/api.w.org\/{rel}","templated":true}]}}