{"id":38216,"date":"2023-08-11T17:16:05","date_gmt":"2023-08-11T15:16:05","guid":{"rendered":"https:\/\/arturo.winandoffice.com\/?post_type=product&#038;p=38216"},"modified":"2025-11-29T21:21:30","modified_gmt":"2025-11-29T20:21:30","slug":"office-2010-professional-plus","status":"publish","type":"product","link":"https:\/\/arturo.winandoffice.com\/fr\/produkt\/office-2010-professional-plus\/","title":{"rendered":"Microsoft Office 2010 Professional Plus License for 3 PC"},"content":{"rendered":"<p>Microsoft Office 2010 Professional marque le d\u00e9but d'une nouvelle \u00e8re pour Microsoft, la r\u00e9f\u00e9rence mondiale en mati\u00e8re d'applications Microsoft Office. Il y a les versions classiques des applications les plus connues, mais aussi de nouvelles versions web de Microsoft Word, Microsoft Excel, etc. Elles vous permettent assur\u00e9ment d'\u00eatre productif depuis presque n'importe o\u00f9.<\/p>\n<p>Une autre nouveaut\u00e9 est la prise en charge compl\u00e8te du format de fichier Open XML certifi\u00e9 par l'ISO. Il dispose d'un menu de type ruban. Vous aurez donc l'impression que votre suite Microsoft Office ressemble \u00e0 Windows 7 et le bouton Office b\u00e9n\u00e9ficie \u00e9galement de nouvelles fonctionnalit\u00e9s.<\/p>\n<p>Microsoft Office 2010 Professional Plus contient ces applications :<\/p>\n<ul>\n<li><strong>Microsoft Word 2010<\/strong> - cr\u00e9er des documents fascinants<\/li>\n<li><strong>Microsoft Excel 2010<\/strong> - pour des analyses importantes<\/li>\n<li><strong>Microsoft Power Point 2010<\/strong> - pour des pr\u00e9sentations attrayantes<\/li>\n<li><strong>Microsoft Outlook 2010<\/strong> - g\u00e9rer vos courriels, vos contacts, vos horaires et vos t\u00e2ches<\/li>\n<li><strong>Microsoft OneNote 2010<\/strong> - pour vos notes<\/li>\n<li><strong>Microsoft Publisher 2010<\/strong> - cr\u00e9er une publicit\u00e9 professionnelle<\/li>\n<li><strong>Microsoft Access 2010<\/strong> - pour les applications bas\u00e9es sur un navigateur<\/li>\n<li><strong>Microsoft Applications Web<\/strong> (Word, Excel, PowerPoint, OneNote)<\/li>\n<li><strong>Microsoft InfoPath<\/strong> - pour concevoir, distribuer, remplir et soumettre des formulaires \u00e9lectroniques contenant des donn\u00e9es structur\u00e9es.<\/li>\n<li><strong>Microsoft Communicateur<\/strong> - rester en contact avec les clients et les coll\u00e8gues<\/li>\n<li><strong>Microsoft Espace de travail SharePoint<\/strong> - pour collaborer dans le monde entier<\/li>\n<\/ul>\n<p><strong>Exigences du syst\u00e8me :<\/strong><\/p>\n<ul>\n<li>Processeur : 500 m\u00e9gahertz (MHz) ou plus ; 1 gigahertz (GHz) requis pour Outlook avec Business Contact Manager.<\/li>\n<li>RAM : 512 m\u00e9gaoctets (Mo) de RAM ou plus (l'exigence est certainement tr\u00e8s faible).<\/li>\n<li>Espace disque disponible : 3,5 gigaoctets (Go)<\/li>\n<li>Pour l'\u00e9dition 32 bits de Office 2010 : Windows XP avec Service Pack (SP) 3, Windows Server 2003 SP2, MSXML 6.0<\/li>\n<li>Pour les \u00e9ditions 32 bits ou 64 bits de Office 2010 : Windows Vista avec SP1, Windows Server 2008, Windows 7, Terminal Server, Windows on Windows (WOW)<\/li>\n<\/ul>\n<p><strong>Assistance et soutien :<\/strong><\/p>\n<p>Pour toute question, n'h\u00e9sitez pas \u00e0 nous contacter <a href=\"mailto:support@arturo.winandoffice.com\" target=\"_blank\" rel=\"noopener\">par courrier \u00e9lectronique<\/a>.\u00a0Our customer service and support is available 7 days a week, 24 hours a day.<\/p>\n<p>&nbsp;<\/p>\n<p>&nbsp;<\/p>","protected":false},"excerpt":{"rendered":"<ul>\n<li>Microsoft Office Licence 2010 Professional Plus pour 3 PCs<\/li>\n<li>Version pour syst\u00e8mes 32 et 64 bits, versions compl\u00e8tes et illimit\u00e9es du logiciel <strong>par un partenaire certifi\u00e9 Microsoft Gold<\/strong><\/li>\n<li>Livraison par e-mail : cl\u00e9 du produit, instructions, liens de t\u00e9l\u00e9chargement, facture.<\/li>\n<li>T\u00e9l\u00e9chargement instantan\u00e9 !<\/li>\n<li>Pas de limite de temps, pas d'abonnement<\/li>\n<li>Assistance gratuite pendant l'installation et l'activation<\/li>\n<li>Non disponible sur support physique (USB, CD, etc.)<\/li>\n<li>Activation en ligne et par t\u00e9l\u00e9phone<\/li>\n<li><strong><span style=\"color: #008000;\"> Ce produit est compatible avec Microsoft Windows.<\/span><\/strong><\/li>\n<li><strong><span style=\"color: #ff0000;\">NOT compatible with Apple macOS\u2122, Apple Processors, Parallels for Mac, Android devices and Chromebooks.<\/span><\/strong><\/li>\n<\/ul>","protected":false},"featured_media":100000116571,"comment_status":"closed","ping_status":"closed","template":"","meta":{"_acf_changed":false},"product_brand":[],"product_cat":[154],"product_tag":[239,238,158,193],"class_list":{"0":"post-38216","1":"product","2":"type-product","3":"status-publish","4":"has-post-thumbnail","6":"product_cat-microsoft-office","7":"product_tag-microsoft-office-2010-professional-plus","8":"product_tag-microsoft-office-2010-professional-plus-license-for-3-pcs","9":"product_tag-ms-office","10":"product_tag-ms-office-2010","12":"first","13":"instock","14":"sale","15":"virtual","16":"taxable","17":"purchasable","18":"product-type-simple"},"yoast_head":"<!-- This site is optimized with the Yoast SEO plugin v26.7 - https:\/\/yoast.com\/wordpress\/plugins\/seo\/ -->\n<title>Microsoft Office 2010 Professional Plus license for 3 PCs<\/title>\n<meta name=\"description\" content=\"With this license the software can be activated on 3 different devices, e.g. home PC, notebook and work PC. Lifetime Replacement Warranty!!!\" \/>\n<meta name=\"robots\" content=\"index, follow, max-snippet:-1, max-image-preview:large, max-video-preview:-1\" \/>\n<link rel=\"canonical\" href=\"https:\/\/arturo.winandoffice.com\/fr\/produkt\/office-2010-professional-plus\/\" \/>\n<meta property=\"og:locale\" content=\"fr_FR\" \/>\n<meta property=\"og:type\" content=\"article\" \/>\n<meta property=\"og:title\" content=\"Microsoft Office 2010 Professional Plus license for 3 PCs\" \/>\n<meta property=\"og:description\" content=\"With this license the software can be activated on 3 different devices, e.g. home PC, notebook and work PC. Lifetime Replacement Warranty!!!\" \/>\n<meta property=\"og:url\" content=\"https:\/\/arturo.winandoffice.com\/fr\/produkt\/office-2010-professional-plus\/\" \/>\n<meta property=\"og:site_name\" content=\"Arturo Card Shop\" \/>\n<meta property=\"article:publisher\" content=\"https:\/\/www.facebook.com\/Gamecardshopdotcom\" \/>\n<meta property=\"article:modified_time\" content=\"2025-11-29T20:21:30+00:00\" \/>\n<meta name=\"twitter:card\" content=\"summary_large_image\" \/>\n<meta name=\"twitter:site\" content=\"@gamecardshop_\" \/>\n<meta name=\"twitter:label1\" content=\"Dur\u00e9e de lecture estim\u00e9e\" \/>\n\t<meta name=\"twitter:data1\" content=\"2 minutes\" \/>\n<script type=\"application\/ld+json\" class=\"yoast-schema-graph\">{\"@context\":\"https:\/\/schema.org\",\"@graph\":[{\"@type\":\"WebPage\",\"@id\":\"https:\/\/arturo.winandoffice.com\/produkt\/office-2010-professional-plus\/\",\"url\":\"https:\/\/arturo.winandoffice.com\/produkt\/office-2010-professional-plus\/\",\"name\":\"Microsoft Office 2010 Professional Plus license for 3 PCs\",\"isPartOf\":{\"@id\":\"https:\/\/arturo.winandoffice.com\/es\/#website\"},\"primaryImageOfPage\":{\"@id\":\"https:\/\/arturo.winandoffice.com\/produkt\/office-2010-professional-plus\/#primaryimage\"},\"image\":{\"@id\":\"https:\/\/arturo.winandoffice.com\/produkt\/office-2010-professional-plus\/#primaryimage\"},\"thumbnailUrl\":\"https:\/\/arturo.winandoffice.com\/wp-content\/uploads\/2023\/08\/O10PP.jpg\",\"datePublished\":\"2023-08-11T15:16:05+00:00\",\"dateModified\":\"2025-11-29T20:21:30+00:00\",\"description\":\"With this license the software can be activated on 3 different devices, e.g. home PC, notebook and work PC. Lifetime Replacement Warranty!!!\",\"breadcrumb\":{\"@id\":\"https:\/\/arturo.winandoffice.com\/produkt\/office-2010-professional-plus\/#breadcrumb\"},\"inLanguage\":\"fr-FR\",\"potentialAction\":[{\"@type\":\"ReadAction\",\"target\":[\"https:\/\/arturo.winandoffice.com\/produkt\/office-2010-professional-plus\/\"]}]},{\"@type\":\"ImageObject\",\"inLanguage\":\"fr-FR\",\"@id\":\"https:\/\/arturo.winandoffice.com\/produkt\/office-2010-professional-plus\/#primaryimage\",\"url\":\"https:\/\/arturo.winandoffice.com\/wp-content\/uploads\/2023\/08\/O10PP.jpg\",\"contentUrl\":\"https:\/\/arturo.winandoffice.com\/wp-content\/uploads\/2023\/08\/O10PP.jpg\"},{\"@type\":\"BreadcrumbList\",\"@id\":\"https:\/\/arturo.winandoffice.com\/produkt\/office-2010-professional-plus\/#breadcrumb\",\"itemListElement\":[{\"@type\":\"ListItem\",\"position\":1,\"name\":\"Home\",\"item\":\"https:\/\/arturo.winandoffice.com\/\"},{\"@type\":\"ListItem\",\"position\":2,\"name\":\"Shop\",\"item\":\"https:\/\/arturo.winandoffice.com\/shop\/\"},{\"@type\":\"ListItem\",\"position\":3,\"name\":\"Microsoft Office 2010 Professional Plus License for 3 PC\"}]},{\"@type\":\"WebSite\",\"@id\":\"https:\/\/arturo.winandoffice.com\/es\/#website\",\"url\":\"https:\/\/arturo.winandoffice.com\/es\/\",\"name\":\"Arturo Card Shop\",\"description\":\"Buy your office\",\"publisher\":{\"@id\":\"https:\/\/arturo.winandoffice.com\/es\/#organization\"},\"potentialAction\":[{\"@type\":\"SearchAction\",\"target\":{\"@type\":\"EntryPoint\",\"urlTemplate\":\"https:\/\/arturo.winandoffice.com\/es\/?s={search_term_string}\"},\"query-input\":{\"@type\":\"PropertyValueSpecification\",\"valueRequired\":true,\"valueName\":\"search_term_string\"}}],\"inLanguage\":\"fr-FR\"},{\"@type\":\"Organization\",\"@id\":\"https:\/\/arturo.winandoffice.com\/es\/#organization\",\"name\":\"Arturo Card Shop\",\"url\":\"https:\/\/arturo.winandoffice.com\/es\/\",\"logo\":{\"@type\":\"ImageObject\",\"inLanguage\":\"fr-FR\",\"@id\":\"https:\/\/arturo.winandoffice.com\/es\/#\/schema\/logo\/image\/\",\"url\":\"https:\/\/arturo.winandoffice.com\/wp-content\/uploads\/2022\/10\/logo.png\",\"contentUrl\":\"https:\/\/arturo.winandoffice.com\/wp-content\/uploads\/2022\/10\/logo.png\",\"width\":1710,\"height\":175,\"caption\":\"Arturo Card Shop\"},\"image\":{\"@id\":\"https:\/\/arturo.winandoffice.com\/es\/#\/schema\/logo\/image\/\"},\"sameAs\":[\"https:\/\/www.facebook.com\/Gamecardshopdotcom\",\"https:\/\/x.com\/gamecardshop_\",\"https:\/\/www.youtube.com\/@gamecardshop\",\"https:\/\/www.youtube.com\/@arturo.winandoffice.com_\",\"https:\/\/de.trustpilot.com\/review\/arturo.winandoffice.com\",\"https:\/\/www.provenexpert.com\/game-card-shop\/\",\"https:\/\/www.tiktok.com\/@arturo.winandoffice.com\",\"https:\/\/www.shopauskunft.de\/review\/arturo.winandoffice.com\",\"https:\/\/www.ausgezeichnet.org\/bewertungen-arturo.winandoffice.com-HNVDH\",\"https:\/\/www.trustedshops.eu\/buyerrating\/info_X93C3F0168B7533F969FC6C787543C130.html\"]}]}<\/script>\n<!-- \/ Yoast SEO plugin. -->","yoast_head_json":{"title":"Microsoft Office Licence 2010 Professional Plus pour 3 PCs","description":"Avec cette licence, le logiciel peut \u00eatre activ\u00e9 sur 3 appareils diff\u00e9rents, par exemple l'ordinateur personnel, l'ordinateur portable et l'ordinateur professionnel. Garantie de remboursement \u00e0 vie !!!","robots":{"index":"index","follow":"follow","max-snippet":"max-snippet:-1","max-image-preview":"max-image-preview:large","max-video-preview":"max-video-preview:-1"},"canonical":"https:\/\/arturo.winandoffice.com\/fr\/produkt\/office-2010-professional-plus\/","og_locale":"fr_FR","og_type":"article","og_title":"Microsoft Office 2010 Professional Plus license for 3 PCs","og_description":"With this license the software can be activated on 3 different devices, e.g. home PC, notebook and work PC. Lifetime Replacement Warranty!!!","og_url":"https:\/\/arturo.winandoffice.com\/fr\/produkt\/office-2010-professional-plus\/","og_site_name":"Arturo Card Shop","article_publisher":"https:\/\/www.facebook.com\/Gamecardshopdotcom","article_modified_time":"2025-11-29T20:21:30+00:00","twitter_card":"summary_large_image","twitter_site":"@gamecardshop_","twitter_misc":{"Dur\u00e9e de lecture estim\u00e9e":"2 minutes"},"schema":{"@context":"https:\/\/schema.org","@graph":[{"@type":"WebPage","@id":"https:\/\/arturo.winandoffice.com\/produkt\/office-2010-professional-plus\/","url":"https:\/\/arturo.winandoffice.com\/produkt\/office-2010-professional-plus\/","name":"Microsoft Office Licence 2010 Professional Plus pour 3 PCs","isPartOf":{"@id":"https:\/\/arturo.winandoffice.com\/es\/#website"},"primaryImageOfPage":{"@id":"https:\/\/arturo.winandoffice.com\/produkt\/office-2010-professional-plus\/#primaryimage"},"image":{"@id":"https:\/\/arturo.winandoffice.com\/produkt\/office-2010-professional-plus\/#primaryimage"},"thumbnailUrl":"https:\/\/arturo.winandoffice.com\/wp-content\/uploads\/2023\/08\/O10PP.jpg","datePublished":"2023-08-11T15:16:05+00:00","dateModified":"2025-11-29T20:21:30+00:00","description":"Avec cette licence, le logiciel peut \u00eatre activ\u00e9 sur 3 appareils diff\u00e9rents, par exemple l'ordinateur personnel, l'ordinateur portable et l'ordinateur professionnel. Garantie de remboursement \u00e0 vie !!!","breadcrumb":{"@id":"https:\/\/arturo.winandoffice.com\/produkt\/office-2010-professional-plus\/#breadcrumb"},"inLanguage":"fr-FR","potentialAction":[{"@type":"ReadAction","target":["https:\/\/arturo.winandoffice.com\/produkt\/office-2010-professional-plus\/"]}]},{"@type":"ImageObject","inLanguage":"fr-FR","@id":"https:\/\/arturo.winandoffice.com\/produkt\/office-2010-professional-plus\/#primaryimage","url":"https:\/\/arturo.winandoffice.com\/wp-content\/uploads\/2023\/08\/O10PP.jpg","contentUrl":"https:\/\/arturo.winandoffice.com\/wp-content\/uploads\/2023\/08\/O10PP.jpg"},{"@type":"BreadcrumbList","@id":"https:\/\/arturo.winandoffice.com\/produkt\/office-2010-professional-plus\/#breadcrumb","itemListElement":[{"@type":"ListItem","position":1,"name":"Home","item":"https:\/\/arturo.winandoffice.com\/"},{"@type":"ListItem","position":2,"name":"Shop","item":"https:\/\/arturo.winandoffice.com\/shop\/"},{"@type":"ListItem","position":3,"name":"Microsoft Office 2010 Professional Plus License for 3 PC"}]},{"@type":"WebSite","@id":"https:\/\/arturo.winandoffice.com\/es\/#website","url":"https:\/\/arturo.winandoffice.com\/es\/","name":"Arturo Card Shop","description":"Acheter votre bureau","publisher":{"@id":"https:\/\/arturo.winandoffice.com\/es\/#organization"},"potentialAction":[{"@type":"SearchAction","target":{"@type":"EntryPoint","urlTemplate":"https:\/\/arturo.winandoffice.com\/es\/?s={search_term_string}"},"query-input":{"@type":"PropertyValueSpecification","valueRequired":true,"valueName":"search_term_string"}}],"inLanguage":"fr-FR"},{"@type":"Organization","@id":"https:\/\/arturo.winandoffice.com\/es\/#organization","name":"Arturo Card Shop","url":"https:\/\/arturo.winandoffice.com\/es\/","logo":{"@type":"ImageObject","inLanguage":"fr-FR","@id":"https:\/\/arturo.winandoffice.com\/es\/#\/schema\/logo\/image\/","url":"https:\/\/arturo.winandoffice.com\/wp-content\/uploads\/2022\/10\/logo.png","contentUrl":"https:\/\/arturo.winandoffice.com\/wp-content\/uploads\/2022\/10\/logo.png","width":1710,"height":175,"caption":"Arturo Card Shop"},"image":{"@id":"https:\/\/arturo.winandoffice.com\/es\/#\/schema\/logo\/image\/"},"sameAs":["https:\/\/www.facebook.com\/Gamecardshopdotcom","https:\/\/x.com\/gamecardshop_","https:\/\/www.youtube.com\/@gamecardshop","https:\/\/www.youtube.com\/@arturo.winandoffice.com_","https:\/\/de.trustpilot.com\/review\/arturo.winandoffice.com","https:\/\/www.provenexpert.com\/game-card-shop\/","https:\/\/www.tiktok.com\/@arturo.winandoffice.com","https:\/\/www.shopauskunft.de\/review\/arturo.winandoffice.com","https:\/\/www.ausgezeichnet.org\/bewertungen-arturo.winandoffice.com-HNVDH","https:\/\/www.trustedshops.eu\/buyerrating\/info_X93C3F0168B7533F969FC6C787543C130.html"]}]}},"acf":[],"_links":{"self":[{"href":"https:\/\/arturo.winandoffice.com\/fr\/wp-json\/wp\/v2\/product\/38216","targetHints":{"allow":["GET"]}}],"collection":[{"href":"https:\/\/arturo.winandoffice.com\/fr\/wp-json\/wp\/v2\/product"}],"about":[{"href":"https:\/\/arturo.winandoffice.com\/fr\/wp-json\/wp\/v2\/types\/product"}],"replies":[{"embeddable":true,"href":"https:\/\/arturo.winandoffice.com\/fr\/wp-json\/wp\/v2\/comments?post=38216"}],"wp:featuredmedia":[{"embeddable":true,"href":"https:\/\/arturo.winandoffice.com\/fr\/wp-json\/"}],"wp:attachment":[{"href":"https:\/\/arturo.winandoffice.com\/fr\/wp-json\/wp\/v2\/media?parent=38216"}],"wp:term":[{"taxonomy":"product_brand","embeddable":true,"href":"https:\/\/arturo.winandoffice.com\/fr\/wp-json\/wp\/v2\/product_brand?post=38216"},{"taxonomy":"product_cat","embeddable":true,"href":"https:\/\/arturo.winandoffice.com\/fr\/wp-json\/wp\/v2\/product_cat?post=38216"},{"taxonomy":"product_tag","embeddable":true,"href":"https:\/\/arturo.winandoffice.com\/fr\/wp-json\/wp\/v2\/product_tag?post=38216"}],"curies":[{"name":"wp","href":"https:\/\/api.w.org\/{rel}","templated":true}]}}