{"id":38214,"date":"2023-08-11T17:16:05","date_gmt":"2023-08-11T15:16:05","guid":{"rendered":"https:\/\/arturo.winandoffice.com\/?post_type=product&#038;p=38214"},"modified":"2025-09-03T22:07:20","modified_gmt":"2025-09-03T21:07:20","slug":"office-2016-professional-plus","status":"publish","type":"product","link":"https:\/\/arturo.winandoffice.com\/fr\/produkt\/office-2016-professional-plus\/","title":{"rendered":"Microsoft Office 2016 Professional Plus License for 3 PC"},"content":{"rendered":"<div class=\"wpb-content-wrapper\"><div class=\"vc_row wpb_row vc_row-fluid\" style=\"background-position: None!important;  \"><div class=\"wpb_column vc_column_container vc_col-sm-12\"><div class=\"vc_column-inner\"><div class=\"wpb_wrapper\">\n\t<div class=\"wpb_text_column wpb_content_element\" >\n\t\t<div class=\"wpb_wrapper\">\n\t\t\t<p>Gr\u00e2ce aux programmes inclus, Microsoft Office 2016 Professional Plus r\u00e9pond \u00e0 toutes les exigences impos\u00e9es \u00e0 un logiciel de bureautique complet. Ainsi, qu'il s'agisse de cr\u00e9er des lettres types, de g\u00e9rer des chiffres d'affaires et des feuilles de calcul, de concevoir des pr\u00e9sentations. Avec les applications bureautiques, vous pouvez cr\u00e9er des bases de donn\u00e9es ou organiser tous les courriels pour les entreprises et les projets priv\u00e9s. Tout cela peut \u00eatre fait en un rien de temps !<\/p>\n<h4><strong>Quels sont les programmes inclus dans Microsoft Office 2016 Professional Plus ?<\/strong><\/h4>\n<ul>\n<li><strong>Microsoft Word 2016. <\/strong>Pour la cr\u00e9ation et l'\u00e9dition de vos textes et documents<\/li>\n<li><strong>Microsoft Excel 2016.<\/strong> Pour le traitement des enregistrements de donn\u00e9es sous forme de tableaux<\/li>\n<li><strong>Microsoft PowerPoint 2016.&nbsp; <\/strong>Pour la cr\u00e9ation de pr\u00e9sentations inspirantes<\/li>\n<li><strong>Microsoft Outlook 2016.<\/strong>&nbsp; Pour g\u00e9rer vos courriels, vos contacts, vos horaires et vos t\u00e2ches<\/li>\n<li><strong>Microsoft OneNote 2016.<\/strong> Pour cr\u00e9er et g\u00e9rer vos notes<\/li>\n<li><strong>Microsoft \u00c9diteur 2016.<\/strong>&nbsp; Pour cr\u00e9er facilement des publications de qualit\u00e9 professionnelle<\/li>\n<li><strong>Microsoft Acc\u00e8s 2016.<\/strong>&nbsp; Pour la cr\u00e9ation de bases de donn\u00e9es avec acc\u00e8s \u00e0 l'internet<\/li>\n<li><strong>Skype pour les entreprises.&nbsp; <\/strong>Pour augmenter la productivit\u00e9 gr\u00e2ce \u00e0 la messagerie instantan\u00e9e et \u00e0 la facilit\u00e9 de communication<\/li>\n<\/ul>\n<h4><strong>Nouvelles fonctionnalit\u00e9s de Microsoft Office 2016 Professional Plus<\/strong><\/h4>\n<ul>\n<li>Recherche \"Insights\" directement \u00e0 partir de vos documents. Vous pouvez ainsi obtenir des informations pertinentes sur internet et les int\u00e9grer dans vos documents ou pr\u00e9sentations. Un lien vers Bing permet d'obtenir des r\u00e9sultats de recherche rapides<\/li>\n<li>&nbsp;Assistant de recherche \"Tell Me\". Vous constaterez alors que chaque programme fonctionne plus rapidement.<\/li>\n<li>Microsoft Excel, dot\u00e9 d'une fonction de remplissage automatique, d\u00e9tecte le mod\u00e8le et remplit automatiquement vos donn\u00e9es. Vous pouvez \u00e9galement pr\u00e9voir facilement des s\u00e9ries de donn\u00e9es et des formes pour les tendances futures.<\/li>\n<li>Utilisez l'option d'impression photo en ligne int\u00e9gr\u00e9e au Microsoft Publisher. Vous gagnez ainsi du temps et obtenez des r\u00e9sultats professionnels.<\/li>\n<li>Microsoft Power Point offre la possibilit\u00e9 de partager des pr\u00e9sentations via le web. Vous n'avez pas besoin d'installer Microsoft PowerPoint pour pouvoir les voir.<\/li>\n<li>Activez les fonds d'\u00e9cran \"Black Theme\". Vous obtiendrez ainsi un travail agr\u00e9able \u00e0 l'\u0153il.<\/li>\n<li>Utilisez \u00e9galement One Drive avec 5 Go de stockage gratuit dans le nuage. Vous pouvez donc travailler en \u00e9quipe avec des r\u00e9seaux en temps r\u00e9el via.<\/li>\n<\/ul>\n<p>&nbsp;<\/p>\n<h3><strong>Points importants concernant cette version de Microsoft Office<\/strong><\/h3>\n<p>En d'autres termes, l'interface utilisateur intuitive de Microsoft Office Professional Plus 2016 permet une navigation rapide dans les programmes. Ainsi, le ruban r\u00e9vis\u00e9 permet de trouver rapidement les nouvelles fonctions. Mais si jamais vous d\u00e9cidez de redescendre, l'assistant de recherche \"Tell Me\" vous aidera \u00e0 localiser la fonction souhait\u00e9e et \u00e0 les utiliser efficacement. Vous vous habituerez rapidement aux diff\u00e9rents programmes et les utiliserez de mani\u00e8re optimale pour votre travail.<\/p>\n<p>En conclusion, en int\u00e9grant Skype for Business, vous et vos employ\u00e9s et coll\u00e8gues restez toujours en contact. Microsoft Office Professional Plus 2016 offre de nouvelles opportunit\u00e9s dans le domaine de la messagerie instantan\u00e9e, de la vid\u00e9oconf\u00e9rence et de la t\u00e9l\u00e9phonie sur IP. \u00c9changez des informations, clarifiez et posez des questions sur les projets. En utilisant le service cloud OneDrive, il vous permet de simplifier l'\u00e9change de donn\u00e9es. Travaillez ensemble pour le succ\u00e8s de votre entreprise et restez flexible. Votre lieu de travail se trouve d\u00e9sormais \u00e0 n'importe quel endroit. Le design et l'interface utilisateur de Microsoft Office 2016 Professional Plus sont bas\u00e9s sur Microsoft Windows 10. Les deux programmes sont parfaitement adapt\u00e9s l'un \u00e0 l'autre. Optimis\u00e9s pour les appareils tactiles, vous pouvez travailler de mani\u00e8re flexible. Soyez cr\u00e9atif partout avec Microsoft Office Professional Plus 2016 et augmentez la productivit\u00e9 de votre entreprise ou de vos projets.<\/p>\n<h5><strong>Exigences du syst\u00e8me :<\/strong><\/h5>\n<ul>\n<li>Processeur \u00e0 deux c\u0153urs de 1,4 GHz<\/li>\n<li>Windows 7 SP1, Windows 8, Windows 10<\/li>\n<li>1 Go (32bit), 2 Go (64bit) RAM<\/li>\n<li>3 Go d'espace disque disponible<\/li>\n<li>Carte graphique DirectX 9 pour l'utilisation de l'acc\u00e9l\u00e9ration mat\u00e9rielle des graphiques<\/li>\n<\/ul>\n<p><strong>Assistance et soutien :<\/strong><\/p>\n<p>Pour toute question, n'h\u00e9sitez pas \u00e0 nous contacter <a href=\"mailto:support@arturo.winandoffice.com\" target=\"_blank\" rel=\"noopener\">par courrier \u00e9lectronique<\/a>.&nbsp;Our customer service and support is available 7 days a week, 24 hours a day.<\/p>\n\n\t\t<\/div>\n\t<\/div>\n<\/div><\/div><\/div><\/div>\n<\/div>","protected":false},"excerpt":{"rendered":"<ul>\n<li>Microsoft Office 2016 Professional Plus licence pour 3 PCs<\/li>\n<li><strong>Avec cette licence, le logiciel peut \u00eatre activ\u00e9 sur 3 appareils diff\u00e9rents, par ex. PC domestique, ordinateur portable et PC de travail.Garantie de remboursement \u00e0 vie !!!<\/strong><\/li>\n<li>Version pour syst\u00e8mes 32 et 64 bits, versions compl\u00e8tes et illimit\u00e9es du logiciel <strong>par un partenaire certifi\u00e9 Microsoft Gold<\/strong><\/li>\n<li><strong>Garantie de remplacement \u00e0 vie !<\/strong><\/li>\n<li>Livraison par courrier \u00e9lectronique : cl\u00e9 de produit, instructions, liens de t\u00e9l\u00e9chargement, facture<\/li>\n<li>T\u00e9l\u00e9chargement instantan\u00e9 !<\/li>\n<li>Pas de limite de temps, pas d'abonnement<\/li>\n<li>Assistance gratuite 24\/7 pour les probl\u00e8mes d'installation et d'activation<\/li>\n<li>Pas de livraison sur le stockage des donn\u00e9es (USB, CD, etc.)<\/li>\n<li>Activation en ligne et par t\u00e9l\u00e9phone<\/li>\n<li>Langues : anglais, espagnol, italien, allemand, fran\u00e7ais<\/li>\n<li><strong><span style=\"color: #008000;\"> Ce produit est compatible avec Microsoft Windows.<\/span><\/strong><\/li>\n<li><strong><span style=\"color: #ff0000;\">NOT compatible with Apple macOS\u2122, Apple Processors, Parallels for Mac, Android devices and Chromebooks.<\/span><\/strong><\/li>\n<\/ul>","protected":false},"featured_media":100000116574,"comment_status":"closed","ping_status":"closed","template":"","meta":{"_acf_changed":false},"product_brand":[],"product_cat":[154],"product_tag":[243,242,158,198],"class_list":{"0":"post-38214","1":"product","2":"type-product","3":"status-publish","4":"has-post-thumbnail","6":"product_cat-microsoft-office","7":"product_tag-microsoft-office-2016-professional-plus","8":"product_tag-microsoft-office-2016-professional-plus-license-for-3-pcs","9":"product_tag-ms-office","10":"product_tag-ms-office-2016","12":"first","13":"instock","14":"sale","15":"virtual","16":"taxable","17":"purchasable","18":"product-type-simple"},"yoast_head":"<!-- This site is optimized with the Yoast SEO plugin v26.7 - https:\/\/yoast.com\/wordpress\/plugins\/seo\/ -->\n<title>Microsoft Office 2016 Professional Plus license for 3 PCs<\/title>\n<meta name=\"description\" content=\"With this license the software can be activated on 3 different devices, e.g. home PC, notebook and work PC. Lifetime Replacement Warranty!!!\" \/>\n<meta name=\"robots\" content=\"index, follow, max-snippet:-1, max-image-preview:large, max-video-preview:-1\" \/>\n<link rel=\"canonical\" href=\"https:\/\/arturo.winandoffice.com\/fr\/produkt\/office-2016-professional-plus\/\" \/>\n<meta property=\"og:locale\" content=\"fr_FR\" \/>\n<meta property=\"og:type\" content=\"article\" \/>\n<meta property=\"og:title\" content=\"Microsoft Office 2016 Professional Plus license for 3 PCs\" \/>\n<meta property=\"og:description\" content=\"With this license the software can be activated on 3 different devices, e.g. home PC, notebook and work PC. Lifetime Replacement Warranty!!!\" \/>\n<meta property=\"og:url\" content=\"https:\/\/arturo.winandoffice.com\/fr\/produkt\/office-2016-professional-plus\/\" \/>\n<meta property=\"og:site_name\" content=\"Arturo Card Shop\" \/>\n<meta property=\"article:publisher\" content=\"https:\/\/www.facebook.com\/Gamecardshopdotcom\" \/>\n<meta property=\"article:modified_time\" content=\"2025-09-03T21:07:20+00:00\" \/>\n<meta name=\"twitter:card\" content=\"summary_large_image\" \/>\n<meta name=\"twitter:site\" content=\"@gamecardshop_\" \/>\n<meta name=\"twitter:label1\" content=\"Dur\u00e9e de lecture estim\u00e9e\" \/>\n\t<meta name=\"twitter:data1\" content=\"3 minutes\" \/>\n<script type=\"application\/ld+json\" class=\"yoast-schema-graph\">{\"@context\":\"https:\/\/schema.org\",\"@graph\":[{\"@type\":\"WebPage\",\"@id\":\"https:\/\/arturo.winandoffice.com\/produkt\/office-2016-professional-plus\/\",\"url\":\"https:\/\/arturo.winandoffice.com\/produkt\/office-2016-professional-plus\/\",\"name\":\"Microsoft Office 2016 Professional Plus license for 3 PCs\",\"isPartOf\":{\"@id\":\"https:\/\/arturo.winandoffice.com\/es\/#website\"},\"primaryImageOfPage\":{\"@id\":\"https:\/\/arturo.winandoffice.com\/produkt\/office-2016-professional-plus\/#primaryimage\"},\"image\":{\"@id\":\"https:\/\/arturo.winandoffice.com\/produkt\/office-2016-professional-plus\/#primaryimage\"},\"thumbnailUrl\":\"https:\/\/arturo.winandoffice.com\/wp-content\/uploads\/2023\/08\/O16PP.jpg\",\"datePublished\":\"2023-08-11T15:16:05+00:00\",\"dateModified\":\"2025-09-03T21:07:20+00:00\",\"description\":\"With this license the software can be activated on 3 different devices, e.g. home PC, notebook and work PC. Lifetime Replacement Warranty!!!\",\"breadcrumb\":{\"@id\":\"https:\/\/arturo.winandoffice.com\/produkt\/office-2016-professional-plus\/#breadcrumb\"},\"inLanguage\":\"fr-FR\",\"potentialAction\":[{\"@type\":\"ReadAction\",\"target\":[\"https:\/\/arturo.winandoffice.com\/produkt\/office-2016-professional-plus\/\"]}]},{\"@type\":\"ImageObject\",\"inLanguage\":\"fr-FR\",\"@id\":\"https:\/\/arturo.winandoffice.com\/produkt\/office-2016-professional-plus\/#primaryimage\",\"url\":\"https:\/\/arturo.winandoffice.com\/wp-content\/uploads\/2023\/08\/O16PP.jpg\",\"contentUrl\":\"https:\/\/arturo.winandoffice.com\/wp-content\/uploads\/2023\/08\/O16PP.jpg\"},{\"@type\":\"BreadcrumbList\",\"@id\":\"https:\/\/arturo.winandoffice.com\/produkt\/office-2016-professional-plus\/#breadcrumb\",\"itemListElement\":[{\"@type\":\"ListItem\",\"position\":1,\"name\":\"Home\",\"item\":\"https:\/\/arturo.winandoffice.com\/\"},{\"@type\":\"ListItem\",\"position\":2,\"name\":\"Shop\",\"item\":\"https:\/\/arturo.winandoffice.com\/shop\/\"},{\"@type\":\"ListItem\",\"position\":3,\"name\":\"Microsoft Office 2016 Professional Plus License for 3 PC\"}]},{\"@type\":\"WebSite\",\"@id\":\"https:\/\/arturo.winandoffice.com\/es\/#website\",\"url\":\"https:\/\/arturo.winandoffice.com\/es\/\",\"name\":\"Arturo Card Shop\",\"description\":\"Buy your office\",\"publisher\":{\"@id\":\"https:\/\/arturo.winandoffice.com\/es\/#organization\"},\"potentialAction\":[{\"@type\":\"SearchAction\",\"target\":{\"@type\":\"EntryPoint\",\"urlTemplate\":\"https:\/\/arturo.winandoffice.com\/es\/?s={search_term_string}\"},\"query-input\":{\"@type\":\"PropertyValueSpecification\",\"valueRequired\":true,\"valueName\":\"search_term_string\"}}],\"inLanguage\":\"fr-FR\"},{\"@type\":\"Organization\",\"@id\":\"https:\/\/arturo.winandoffice.com\/es\/#organization\",\"name\":\"Arturo Card Shop\",\"url\":\"https:\/\/arturo.winandoffice.com\/es\/\",\"logo\":{\"@type\":\"ImageObject\",\"inLanguage\":\"fr-FR\",\"@id\":\"https:\/\/arturo.winandoffice.com\/es\/#\/schema\/logo\/image\/\",\"url\":\"https:\/\/arturo.winandoffice.com\/wp-content\/uploads\/2022\/10\/logo.png\",\"contentUrl\":\"https:\/\/arturo.winandoffice.com\/wp-content\/uploads\/2022\/10\/logo.png\",\"width\":1710,\"height\":175,\"caption\":\"Arturo Card Shop\"},\"image\":{\"@id\":\"https:\/\/arturo.winandoffice.com\/es\/#\/schema\/logo\/image\/\"},\"sameAs\":[\"https:\/\/www.facebook.com\/Gamecardshopdotcom\",\"https:\/\/x.com\/gamecardshop_\",\"https:\/\/www.youtube.com\/@gamecardshop\",\"https:\/\/www.youtube.com\/@arturo.winandoffice.com_\",\"https:\/\/de.trustpilot.com\/review\/arturo.winandoffice.com\",\"https:\/\/www.provenexpert.com\/game-card-shop\/\",\"https:\/\/www.tiktok.com\/@arturo.winandoffice.com\",\"https:\/\/www.shopauskunft.de\/review\/arturo.winandoffice.com\",\"https:\/\/www.ausgezeichnet.org\/bewertungen-arturo.winandoffice.com-HNVDH\",\"https:\/\/www.trustedshops.eu\/buyerrating\/info_X93C3F0168B7533F969FC6C787543C130.html\"]}]}<\/script>\n<!-- \/ Yoast SEO plugin. -->","yoast_head_json":{"title":"Microsoft Office 2016 Professional Plus licence pour 3 PCs","description":"Avec cette licence, le logiciel peut \u00eatre activ\u00e9 sur 3 appareils diff\u00e9rents, par exemple l'ordinateur personnel, l'ordinateur portable et l'ordinateur professionnel. Garantie de remboursement \u00e0 vie !!!","robots":{"index":"index","follow":"follow","max-snippet":"max-snippet:-1","max-image-preview":"max-image-preview:large","max-video-preview":"max-video-preview:-1"},"canonical":"https:\/\/arturo.winandoffice.com\/fr\/produkt\/office-2016-professional-plus\/","og_locale":"fr_FR","og_type":"article","og_title":"Microsoft Office 2016 Professional Plus license for 3 PCs","og_description":"With this license the software can be activated on 3 different devices, e.g. home PC, notebook and work PC. Lifetime Replacement Warranty!!!","og_url":"https:\/\/arturo.winandoffice.com\/fr\/produkt\/office-2016-professional-plus\/","og_site_name":"Arturo Card Shop","article_publisher":"https:\/\/www.facebook.com\/Gamecardshopdotcom","article_modified_time":"2025-09-03T21:07:20+00:00","twitter_card":"summary_large_image","twitter_site":"@gamecardshop_","twitter_misc":{"Dur\u00e9e de lecture estim\u00e9e":"3 minutes"},"schema":{"@context":"https:\/\/schema.org","@graph":[{"@type":"WebPage","@id":"https:\/\/arturo.winandoffice.com\/produkt\/office-2016-professional-plus\/","url":"https:\/\/arturo.winandoffice.com\/produkt\/office-2016-professional-plus\/","name":"Microsoft Office 2016 Professional Plus licence pour 3 PCs","isPartOf":{"@id":"https:\/\/arturo.winandoffice.com\/es\/#website"},"primaryImageOfPage":{"@id":"https:\/\/arturo.winandoffice.com\/produkt\/office-2016-professional-plus\/#primaryimage"},"image":{"@id":"https:\/\/arturo.winandoffice.com\/produkt\/office-2016-professional-plus\/#primaryimage"},"thumbnailUrl":"https:\/\/arturo.winandoffice.com\/wp-content\/uploads\/2023\/08\/O16PP.jpg","datePublished":"2023-08-11T15:16:05+00:00","dateModified":"2025-09-03T21:07:20+00:00","description":"Avec cette licence, le logiciel peut \u00eatre activ\u00e9 sur 3 appareils diff\u00e9rents, par exemple l'ordinateur personnel, l'ordinateur portable et l'ordinateur professionnel. Garantie de remboursement \u00e0 vie !!!","breadcrumb":{"@id":"https:\/\/arturo.winandoffice.com\/produkt\/office-2016-professional-plus\/#breadcrumb"},"inLanguage":"fr-FR","potentialAction":[{"@type":"ReadAction","target":["https:\/\/arturo.winandoffice.com\/produkt\/office-2016-professional-plus\/"]}]},{"@type":"ImageObject","inLanguage":"fr-FR","@id":"https:\/\/arturo.winandoffice.com\/produkt\/office-2016-professional-plus\/#primaryimage","url":"https:\/\/arturo.winandoffice.com\/wp-content\/uploads\/2023\/08\/O16PP.jpg","contentUrl":"https:\/\/arturo.winandoffice.com\/wp-content\/uploads\/2023\/08\/O16PP.jpg"},{"@type":"BreadcrumbList","@id":"https:\/\/arturo.winandoffice.com\/produkt\/office-2016-professional-plus\/#breadcrumb","itemListElement":[{"@type":"ListItem","position":1,"name":"Home","item":"https:\/\/arturo.winandoffice.com\/"},{"@type":"ListItem","position":2,"name":"Shop","item":"https:\/\/arturo.winandoffice.com\/shop\/"},{"@type":"ListItem","position":3,"name":"Microsoft Office 2016 Professional Plus License for 3 PC"}]},{"@type":"WebSite","@id":"https:\/\/arturo.winandoffice.com\/es\/#website","url":"https:\/\/arturo.winandoffice.com\/es\/","name":"Arturo Card Shop","description":"Acheter votre bureau","publisher":{"@id":"https:\/\/arturo.winandoffice.com\/es\/#organization"},"potentialAction":[{"@type":"SearchAction","target":{"@type":"EntryPoint","urlTemplate":"https:\/\/arturo.winandoffice.com\/es\/?s={search_term_string}"},"query-input":{"@type":"PropertyValueSpecification","valueRequired":true,"valueName":"search_term_string"}}],"inLanguage":"fr-FR"},{"@type":"Organization","@id":"https:\/\/arturo.winandoffice.com\/es\/#organization","name":"Arturo Card Shop","url":"https:\/\/arturo.winandoffice.com\/es\/","logo":{"@type":"ImageObject","inLanguage":"fr-FR","@id":"https:\/\/arturo.winandoffice.com\/es\/#\/schema\/logo\/image\/","url":"https:\/\/arturo.winandoffice.com\/wp-content\/uploads\/2022\/10\/logo.png","contentUrl":"https:\/\/arturo.winandoffice.com\/wp-content\/uploads\/2022\/10\/logo.png","width":1710,"height":175,"caption":"Arturo Card Shop"},"image":{"@id":"https:\/\/arturo.winandoffice.com\/es\/#\/schema\/logo\/image\/"},"sameAs":["https:\/\/www.facebook.com\/Gamecardshopdotcom","https:\/\/x.com\/gamecardshop_","https:\/\/www.youtube.com\/@gamecardshop","https:\/\/www.youtube.com\/@arturo.winandoffice.com_","https:\/\/de.trustpilot.com\/review\/arturo.winandoffice.com","https:\/\/www.provenexpert.com\/game-card-shop\/","https:\/\/www.tiktok.com\/@arturo.winandoffice.com","https:\/\/www.shopauskunft.de\/review\/arturo.winandoffice.com","https:\/\/www.ausgezeichnet.org\/bewertungen-arturo.winandoffice.com-HNVDH","https:\/\/www.trustedshops.eu\/buyerrating\/info_X93C3F0168B7533F969FC6C787543C130.html"]}]}},"acf":[],"_links":{"self":[{"href":"https:\/\/arturo.winandoffice.com\/fr\/wp-json\/wp\/v2\/product\/38214","targetHints":{"allow":["GET"]}}],"collection":[{"href":"https:\/\/arturo.winandoffice.com\/fr\/wp-json\/wp\/v2\/product"}],"about":[{"href":"https:\/\/arturo.winandoffice.com\/fr\/wp-json\/wp\/v2\/types\/product"}],"replies":[{"embeddable":true,"href":"https:\/\/arturo.winandoffice.com\/fr\/wp-json\/wp\/v2\/comments?post=38214"}],"wp:featuredmedia":[{"embeddable":true,"href":"https:\/\/arturo.winandoffice.com\/fr\/wp-json\/"}],"wp:attachment":[{"href":"https:\/\/arturo.winandoffice.com\/fr\/wp-json\/wp\/v2\/media?parent=38214"}],"wp:term":[{"taxonomy":"product_brand","embeddable":true,"href":"https:\/\/arturo.winandoffice.com\/fr\/wp-json\/wp\/v2\/product_brand?post=38214"},{"taxonomy":"product_cat","embeddable":true,"href":"https:\/\/arturo.winandoffice.com\/fr\/wp-json\/wp\/v2\/product_cat?post=38214"},{"taxonomy":"product_tag","embeddable":true,"href":"https:\/\/arturo.winandoffice.com\/fr\/wp-json\/wp\/v2\/product_tag?post=38214"}],"curies":[{"name":"wp","href":"https:\/\/api.w.org\/{rel}","templated":true}]}}