{"id":38212,"date":"2023-08-11T17:16:05","date_gmt":"2023-08-11T15:16:05","guid":{"rendered":"https:\/\/arturo.winandoffice.com\/?post_type=product&#038;p=38212"},"modified":"2025-08-14T23:14:48","modified_gmt":"2025-08-14T22:14:48","slug":"microsoft-office-home-business-2019-mac","status":"publish","type":"product","link":"https:\/\/arturo.winandoffice.com\/fr\/produkt\/microsoft-office-home-business-2019-mac\/","title":{"rendered":"Microsoft Office Home &amp; Business 2019 MAC"},"content":{"rendered":"<div class=\"wpb-content-wrapper\"><div class=\"vc_row wpb_row vc_row-fluid\" style=\"background-position: None!important;  \"><div class=\"wpb_column vc_column_container vc_col-sm-12\"><div class=\"vc_column-inner\"><div class=\"wpb_wrapper\">\n\t<div class=\"wpb_text_column wpb_content_element\" >\n\t\t<div class=\"wpb_wrapper\">\n\t\t\t<div>\n<h4>Microsoft Office Home &amp; Business 2019 MAC (version compl\u00e8te et illimit\u00e9e d'un partenaire certifi\u00e9 Microsoft Gold Partner)<\/h4>\n<p><strong>Garantie de remboursement \u00e0 vie !!!<\/strong><\/p>\n<p>Faites tout ce que vous avez \u00e0 faire avec Microsoft Office 2019 Home and Business pour Mac. Faites passer votre productivit\u00e9 au niveau sup\u00e9rieur avec la derni\u00e8re version des applications classiques Microsoft Office et de la messagerie \u00e9lectronique. Microsoft Office 2019 pour Mac est livr\u00e9 avec de nouveaux outils d'encre, types de donn\u00e9es, fonctions, outils de traduction et d'\u00e9dition, animations graphiques et autres moyens innovants de travailler efficacement !<\/p>\n<p>Microsoft Office 2019, comme ses pr\u00e9d\u00e9cesseurs, est disponible en diff\u00e9rents packages, chacun adapt\u00e9 \u00e0 des besoins diff\u00e9rents. Que vous souhaitiez utiliser Microsoft Office \u00e0 des fins personnelles ou professionnelles, Microsoft a le forfait qu'il vous faut.<\/p>\n<p><strong>Assistance et soutien :<\/strong><\/p>\n<p>Pour toute question, n'h\u00e9sitez pas \u00e0 nous contacter <a href=\"mailto:support@arturo.winandoffice.com\" target=\"_blank\" rel=\"noopener\">par courrier \u00e9lectronique<\/a>.&nbsp;Our customer service and support is available 7 days a week, 24 hours a day.<\/p>\n<p>&nbsp;<\/p>\n<\/div>\n\n\t\t<\/div>\n\t<\/div>\n<\/div><\/div><\/div><\/div>\n<\/div>","protected":false},"excerpt":{"rendered":"<ul>\n<li>Microsoft Office Home &amp; Business 2019 MAC<\/li>\n<li>Version pour syst\u00e8mes 32 et 64 bits, versions compl\u00e8tes et illimit\u00e9es du logiciel <strong>par un partenaire certifi\u00e9 Microsoft Gold<\/strong><\/li>\n<li><strong>Garantie de remplacement \u00e0 vie !<\/strong><\/li>\n<li>Livraison par courrier \u00e9lectronique : cl\u00e9 de produit, instructions, liens de t\u00e9l\u00e9chargement, facture<\/li>\n<li>T\u00e9l\u00e9chargement instantan\u00e9 !<\/li>\n<li>Pas de limite de temps, pas d'abonnement<\/li>\n<li>Assistance gratuite 24\/7 pour les probl\u00e8mes d'installation et d'activation<\/li>\n<li>Pas de livraison sur le stockage des donn\u00e9es (USB, CD, etc.)<\/li>\n<li>Activation en ligne et par t\u00e9l\u00e9phone<\/li>\n<li>Langues : anglais, espagnol, italien, allemand, fran\u00e7ais<\/li>\n<li><strong><span style=\"color: #ff0000;\">NOT compatible with Apple macOS\u2122, Apple Processors, Parallels for Mac, Android devices and Chromebooks.<\/span><\/strong><\/li>\n<\/ul>","protected":false},"featured_media":100000116575,"comment_status":"closed","ping_status":"closed","template":"","meta":{"_acf_changed":false},"product_brand":[],"product_cat":[192],"product_tag":[245],"class_list":{"0":"post-38212","1":"product","2":"type-product","3":"status-publish","4":"has-post-thumbnail","6":"product_cat-mac","7":"product_tag-microsoft-office-home-business-2019-mac","9":"first","10":"instock","11":"virtual","12":"taxable","13":"purchasable","14":"product-type-simple"},"yoast_head":"<!-- This site is optimized with the Yoast SEO plugin v26.7 - https:\/\/yoast.com\/wordpress\/plugins\/seo\/ -->\n<title>Microsoft Office Home &amp; Business 2019 MAC<\/title>\n<meta name=\"description\" content=\"Microsoft Office Home &amp; Business 2019 MAC\" \/>\n<meta name=\"robots\" content=\"index, follow, max-snippet:-1, max-image-preview:large, max-video-preview:-1\" \/>\n<link rel=\"canonical\" href=\"https:\/\/arturo.winandoffice.com\/fr\/produkt\/microsoft-office-home-business-2019-mac\/\" \/>\n<meta property=\"og:locale\" content=\"fr_FR\" \/>\n<meta property=\"og:type\" content=\"article\" \/>\n<meta property=\"og:title\" content=\"Microsoft Office Home &amp; Business 2019 MAC\" \/>\n<meta property=\"og:description\" content=\"Microsoft Office Home &amp; Business 2019 MAC\" \/>\n<meta property=\"og:url\" content=\"https:\/\/arturo.winandoffice.com\/fr\/produkt\/microsoft-office-home-business-2019-mac\/\" \/>\n<meta property=\"og:site_name\" content=\"Arturo Card Shop\" \/>\n<meta property=\"article:publisher\" content=\"https:\/\/www.facebook.com\/Gamecardshopdotcom\" \/>\n<meta property=\"article:modified_time\" content=\"2025-08-14T22:14:48+00:00\" \/>\n<meta name=\"twitter:card\" content=\"summary_large_image\" \/>\n<meta name=\"twitter:site\" content=\"@gamecardshop_\" \/>\n<meta name=\"twitter:label1\" content=\"Dur\u00e9e de lecture estim\u00e9e\" \/>\n\t<meta name=\"twitter:data1\" content=\"1 minute\" \/>\n<script type=\"application\/ld+json\" class=\"yoast-schema-graph\">{\"@context\":\"https:\/\/schema.org\",\"@graph\":[{\"@type\":\"WebPage\",\"@id\":\"https:\/\/arturo.winandoffice.com\/produkt\/microsoft-office-home-business-2019-mac\/\",\"url\":\"https:\/\/arturo.winandoffice.com\/produkt\/microsoft-office-home-business-2019-mac\/\",\"name\":\"Microsoft Office Home & Business 2019 MAC\",\"isPartOf\":{\"@id\":\"https:\/\/arturo.winandoffice.com\/es\/#website\"},\"primaryImageOfPage\":{\"@id\":\"https:\/\/arturo.winandoffice.com\/produkt\/microsoft-office-home-business-2019-mac\/#primaryimage\"},\"image\":{\"@id\":\"https:\/\/arturo.winandoffice.com\/produkt\/microsoft-office-home-business-2019-mac\/#primaryimage\"},\"thumbnailUrl\":\"https:\/\/arturo.winandoffice.com\/wp-content\/uploads\/2023\/08\/O19HBMAC.jpg\",\"datePublished\":\"2023-08-11T15:16:05+00:00\",\"dateModified\":\"2025-08-14T22:14:48+00:00\",\"description\":\"Microsoft Office Home & Business 2019 MAC\",\"breadcrumb\":{\"@id\":\"https:\/\/arturo.winandoffice.com\/produkt\/microsoft-office-home-business-2019-mac\/#breadcrumb\"},\"inLanguage\":\"fr-FR\",\"potentialAction\":[{\"@type\":\"ReadAction\",\"target\":[\"https:\/\/arturo.winandoffice.com\/produkt\/microsoft-office-home-business-2019-mac\/\"]}]},{\"@type\":\"ImageObject\",\"inLanguage\":\"fr-FR\",\"@id\":\"https:\/\/arturo.winandoffice.com\/produkt\/microsoft-office-home-business-2019-mac\/#primaryimage\",\"url\":\"https:\/\/arturo.winandoffice.com\/wp-content\/uploads\/2023\/08\/O19HBMAC.jpg\",\"contentUrl\":\"https:\/\/arturo.winandoffice.com\/wp-content\/uploads\/2023\/08\/O19HBMAC.jpg\"},{\"@type\":\"BreadcrumbList\",\"@id\":\"https:\/\/arturo.winandoffice.com\/produkt\/microsoft-office-home-business-2019-mac\/#breadcrumb\",\"itemListElement\":[{\"@type\":\"ListItem\",\"position\":1,\"name\":\"Home\",\"item\":\"https:\/\/arturo.winandoffice.com\/\"},{\"@type\":\"ListItem\",\"position\":2,\"name\":\"Shop\",\"item\":\"https:\/\/arturo.winandoffice.com\/shop\/\"},{\"@type\":\"ListItem\",\"position\":3,\"name\":\"Microsoft Office Home &amp; Business 2019 MAC\"}]},{\"@type\":\"WebSite\",\"@id\":\"https:\/\/arturo.winandoffice.com\/es\/#website\",\"url\":\"https:\/\/arturo.winandoffice.com\/es\/\",\"name\":\"Arturo Card Shop\",\"description\":\"Buy your office\",\"publisher\":{\"@id\":\"https:\/\/arturo.winandoffice.com\/es\/#organization\"},\"potentialAction\":[{\"@type\":\"SearchAction\",\"target\":{\"@type\":\"EntryPoint\",\"urlTemplate\":\"https:\/\/arturo.winandoffice.com\/es\/?s={search_term_string}\"},\"query-input\":{\"@type\":\"PropertyValueSpecification\",\"valueRequired\":true,\"valueName\":\"search_term_string\"}}],\"inLanguage\":\"fr-FR\"},{\"@type\":\"Organization\",\"@id\":\"https:\/\/arturo.winandoffice.com\/es\/#organization\",\"name\":\"Arturo Card Shop\",\"url\":\"https:\/\/arturo.winandoffice.com\/es\/\",\"logo\":{\"@type\":\"ImageObject\",\"inLanguage\":\"fr-FR\",\"@id\":\"https:\/\/arturo.winandoffice.com\/es\/#\/schema\/logo\/image\/\",\"url\":\"https:\/\/arturo.winandoffice.com\/wp-content\/uploads\/2022\/10\/logo.png\",\"contentUrl\":\"https:\/\/arturo.winandoffice.com\/wp-content\/uploads\/2022\/10\/logo.png\",\"width\":1710,\"height\":175,\"caption\":\"Arturo Card Shop\"},\"image\":{\"@id\":\"https:\/\/arturo.winandoffice.com\/es\/#\/schema\/logo\/image\/\"},\"sameAs\":[\"https:\/\/www.facebook.com\/Gamecardshopdotcom\",\"https:\/\/x.com\/gamecardshop_\",\"https:\/\/www.youtube.com\/@gamecardshop\",\"https:\/\/www.youtube.com\/@arturo.winandoffice.com_\",\"https:\/\/de.trustpilot.com\/review\/arturo.winandoffice.com\",\"https:\/\/www.provenexpert.com\/game-card-shop\/\",\"https:\/\/www.tiktok.com\/@arturo.winandoffice.com\",\"https:\/\/www.shopauskunft.de\/review\/arturo.winandoffice.com\",\"https:\/\/www.ausgezeichnet.org\/bewertungen-arturo.winandoffice.com-HNVDH\",\"https:\/\/www.trustedshops.eu\/buyerrating\/info_X93C3F0168B7533F969FC6C787543C130.html\"]}]}<\/script>\n<!-- \/ Yoast SEO plugin. -->","yoast_head_json":{"title":"Microsoft Office Home & Business 2019 MAC","description":"Microsoft Office Home & Business 2019 MAC","robots":{"index":"index","follow":"follow","max-snippet":"max-snippet:-1","max-image-preview":"max-image-preview:large","max-video-preview":"max-video-preview:-1"},"canonical":"https:\/\/arturo.winandoffice.com\/fr\/produkt\/microsoft-office-home-business-2019-mac\/","og_locale":"fr_FR","og_type":"article","og_title":"Microsoft Office Home & Business 2019 MAC","og_description":"Microsoft Office Home & Business 2019 MAC","og_url":"https:\/\/arturo.winandoffice.com\/fr\/produkt\/microsoft-office-home-business-2019-mac\/","og_site_name":"Arturo Card Shop","article_publisher":"https:\/\/www.facebook.com\/Gamecardshopdotcom","article_modified_time":"2025-08-14T22:14:48+00:00","twitter_card":"summary_large_image","twitter_site":"@gamecardshop_","twitter_misc":{"Dur\u00e9e de lecture estim\u00e9e":"1 minute"},"schema":{"@context":"https:\/\/schema.org","@graph":[{"@type":"WebPage","@id":"https:\/\/arturo.winandoffice.com\/produkt\/microsoft-office-home-business-2019-mac\/","url":"https:\/\/arturo.winandoffice.com\/produkt\/microsoft-office-home-business-2019-mac\/","name":"Microsoft Office Home & Business 2019 MAC","isPartOf":{"@id":"https:\/\/arturo.winandoffice.com\/es\/#website"},"primaryImageOfPage":{"@id":"https:\/\/arturo.winandoffice.com\/produkt\/microsoft-office-home-business-2019-mac\/#primaryimage"},"image":{"@id":"https:\/\/arturo.winandoffice.com\/produkt\/microsoft-office-home-business-2019-mac\/#primaryimage"},"thumbnailUrl":"https:\/\/arturo.winandoffice.com\/wp-content\/uploads\/2023\/08\/O19HBMAC.jpg","datePublished":"2023-08-11T15:16:05+00:00","dateModified":"2025-08-14T22:14:48+00:00","description":"Microsoft Office Home & Business 2019 MAC","breadcrumb":{"@id":"https:\/\/arturo.winandoffice.com\/produkt\/microsoft-office-home-business-2019-mac\/#breadcrumb"},"inLanguage":"fr-FR","potentialAction":[{"@type":"ReadAction","target":["https:\/\/arturo.winandoffice.com\/produkt\/microsoft-office-home-business-2019-mac\/"]}]},{"@type":"ImageObject","inLanguage":"fr-FR","@id":"https:\/\/arturo.winandoffice.com\/produkt\/microsoft-office-home-business-2019-mac\/#primaryimage","url":"https:\/\/arturo.winandoffice.com\/wp-content\/uploads\/2023\/08\/O19HBMAC.jpg","contentUrl":"https:\/\/arturo.winandoffice.com\/wp-content\/uploads\/2023\/08\/O19HBMAC.jpg"},{"@type":"BreadcrumbList","@id":"https:\/\/arturo.winandoffice.com\/produkt\/microsoft-office-home-business-2019-mac\/#breadcrumb","itemListElement":[{"@type":"ListItem","position":1,"name":"Home","item":"https:\/\/arturo.winandoffice.com\/"},{"@type":"ListItem","position":2,"name":"Shop","item":"https:\/\/arturo.winandoffice.com\/shop\/"},{"@type":"ListItem","position":3,"name":"Microsoft Office Home &amp; Business 2019 MAC"}]},{"@type":"WebSite","@id":"https:\/\/arturo.winandoffice.com\/es\/#website","url":"https:\/\/arturo.winandoffice.com\/es\/","name":"Arturo Card Shop","description":"Acheter votre bureau","publisher":{"@id":"https:\/\/arturo.winandoffice.com\/es\/#organization"},"potentialAction":[{"@type":"SearchAction","target":{"@type":"EntryPoint","urlTemplate":"https:\/\/arturo.winandoffice.com\/es\/?s={search_term_string}"},"query-input":{"@type":"PropertyValueSpecification","valueRequired":true,"valueName":"search_term_string"}}],"inLanguage":"fr-FR"},{"@type":"Organization","@id":"https:\/\/arturo.winandoffice.com\/es\/#organization","name":"Arturo Card Shop","url":"https:\/\/arturo.winandoffice.com\/es\/","logo":{"@type":"ImageObject","inLanguage":"fr-FR","@id":"https:\/\/arturo.winandoffice.com\/es\/#\/schema\/logo\/image\/","url":"https:\/\/arturo.winandoffice.com\/wp-content\/uploads\/2022\/10\/logo.png","contentUrl":"https:\/\/arturo.winandoffice.com\/wp-content\/uploads\/2022\/10\/logo.png","width":1710,"height":175,"caption":"Arturo Card Shop"},"image":{"@id":"https:\/\/arturo.winandoffice.com\/es\/#\/schema\/logo\/image\/"},"sameAs":["https:\/\/www.facebook.com\/Gamecardshopdotcom","https:\/\/x.com\/gamecardshop_","https:\/\/www.youtube.com\/@gamecardshop","https:\/\/www.youtube.com\/@arturo.winandoffice.com_","https:\/\/de.trustpilot.com\/review\/arturo.winandoffice.com","https:\/\/www.provenexpert.com\/game-card-shop\/","https:\/\/www.tiktok.com\/@arturo.winandoffice.com","https:\/\/www.shopauskunft.de\/review\/arturo.winandoffice.com","https:\/\/www.ausgezeichnet.org\/bewertungen-arturo.winandoffice.com-HNVDH","https:\/\/www.trustedshops.eu\/buyerrating\/info_X93C3F0168B7533F969FC6C787543C130.html"]}]}},"acf":[],"_links":{"self":[{"href":"https:\/\/arturo.winandoffice.com\/fr\/wp-json\/wp\/v2\/product\/38212","targetHints":{"allow":["GET"]}}],"collection":[{"href":"https:\/\/arturo.winandoffice.com\/fr\/wp-json\/wp\/v2\/product"}],"about":[{"href":"https:\/\/arturo.winandoffice.com\/fr\/wp-json\/wp\/v2\/types\/product"}],"replies":[{"embeddable":true,"href":"https:\/\/arturo.winandoffice.com\/fr\/wp-json\/wp\/v2\/comments?post=38212"}],"wp:featuredmedia":[{"embeddable":true,"href":"https:\/\/arturo.winandoffice.com\/fr\/wp-json\/"}],"wp:attachment":[{"href":"https:\/\/arturo.winandoffice.com\/fr\/wp-json\/wp\/v2\/media?parent=38212"}],"wp:term":[{"taxonomy":"product_brand","embeddable":true,"href":"https:\/\/arturo.winandoffice.com\/fr\/wp-json\/wp\/v2\/product_brand?post=38212"},{"taxonomy":"product_cat","embeddable":true,"href":"https:\/\/arturo.winandoffice.com\/fr\/wp-json\/wp\/v2\/product_cat?post=38212"},{"taxonomy":"product_tag","embeddable":true,"href":"https:\/\/arturo.winandoffice.com\/fr\/wp-json\/wp\/v2\/product_tag?post=38212"}],"curies":[{"name":"wp","href":"https:\/\/api.w.org\/{rel}","templated":true}]}}