{"id":34997,"date":"2023-03-20T13:12:10","date_gmt":"2023-03-20T12:12:10","guid":{"rendered":"https:\/\/arturo.winandoffice.com\/?post_type=product&#038;p=34997"},"modified":"2025-09-03T22:14:06","modified_gmt":"2025-09-03T21:14:06","slug":"microsoft-windows-10-professional-microsoft-office-2019-standard","status":"publish","type":"product","link":"https:\/\/arturo.winandoffice.com\/fr\/produkt\/microsoft-windows-10-professional-microsoft-office-2019-standard\/","title":{"rendered":"Microsoft Windows 10 Professional + Microsoft Office 2019 Standard License for 3 PC"},"content":{"rendered":"<div class=\"wpb-content-wrapper\"><div class=\"vc_row wpb_row vc_row-fluid\" style=\"background-position: None!important;  \"><div class=\"wpb_column vc_column_container vc_col-sm-12\"><div class=\"vc_column-inner\"><div class=\"wpb_wrapper\">\n\t<div class=\"wpb_text_column wpb_content_element\" >\n\t\t<div class=\"wpb_wrapper\">\n\t\t\t<h3><span style=\"font-size: 24pt;\"><strong>Microsoft Licence Windows 10 Professionnel pour 3 PC (version compl\u00e8te et illimit\u00e9e d'un partenaire certifi\u00e9 Microsoft Gold Partner)<\/strong><\/span><\/h3>\n<p><strong>Avec cette licence, le logiciel peut \u00eatre activ\u00e9 sur 3 appareils diff\u00e9rents, par exemple un ordinateur personnel, un ordinateur portable et un ordinateur professionnel.<\/strong><\/p>\n<p><strong>Garantie de remboursement \u00e0 vie !!!<\/strong><\/p>\n<p>Avec la nouvelle version de Microsoft Windows 10, Microsoft offre aux particuliers exigeants et aux entreprises en particulier un syst\u00e8me d'exploitation moderne et intuitif. Microsoft Windows 10 offre notamment des fonctions de s\u00e9curit\u00e9 am\u00e9lior\u00e9es, un acc\u00e8s \u00e0 distance au bureau, le chiffrement BitLocker et l'assistant virtuel personnel Cortana. Le syst\u00e8me s'adapte \u00e0 tous les appareils gr\u00e2ce \u00e0 ses fonctionnalit\u00e9s avanc\u00e9es et pr\u00e9sente l'avantage que la configuration requise n'a pratiquement pas chang\u00e9 par rapport \u00e0 ses pr\u00e9d\u00e9cesseurs. Cela signifie que vous n'avez pas besoin d'investir dans du nouveau mat\u00e9riel pour profiter de Microsoft Windows 10 Professional.<\/p>\n<p><strong>Configuration minimale requise<\/strong><\/p>\n<p>CPU 1 GHz ou plus rapide<\/p>\n<p>1 Go de RAM pour 32 bits ou 2 Go de RAM pour 64 bits.<\/p>\n<p>16 Go d'espace disponible sur le disque dur pour un syst\u00e8me d'exploitation 32 bits ou 20 Go pour un syst\u00e8me d'exploitation 64 bits.<\/p>\n<div id=\"primaryR2\" data-grid=\"container\" data-region-key=\"primaryr2\" data-m=\"{&quot;cN&quot;:&quot;primaryR2 1&quot;,&quot;cT&quot;:&quot;Region_coreui-region&quot;,&quot;id&quot;:&quot;r2a2&quot;,&quot;sN&quot;:2,&quot;aN&quot;:&quot;a2&quot;}\">\n<div id=\"coreui-banner-l03vzh8\" data-m=\"{&quot;cN&quot;:&quot;R2Banner 1&quot;,&quot;cT&quot;:&quot;Module_coreui-banner&quot;,&quot;id&quot;:&quot;m1r2a2&quot;,&quot;sN&quot;:1,&quot;aN&quot;:&quot;r2a2&quot;}\" data-module-id=\"WDG-Windows|primaryR2|coreui-region|coreui-banner-l03vzh8|coreui-banner\"><\/div>\n<\/div>\n<h3><strong>Microsoft <\/strong><strong>Office 2019 Licence standard pour 3 PC (version compl\u00e8te et illimit\u00e9e d'un partenaire certifi\u00e9 Microsoft Gold)<\/strong><\/h3>\n<p><strong>Avec cette licence, le logiciel peut \u00eatre activ\u00e9 sur 3 appareils diff\u00e9rents, par exemple un ordinateur personnel, un ordinateur portable et un ordinateur professionnel.<\/strong><\/p>\n<p><strong>Garantie de remboursement \u00e0 vie !!!<\/strong><\/p>\n<p>Microsoft Office 2019 Standard edition est destin\u00e9 aux utilisateurs priv\u00e9s ou aux petites entreprises. Elle comprend les applications classiques Microsoft Word, Microsoft Excel, Microsoft Power Point, Microsoft Outlook et Microsoft Publisher en version bureau et web. Microsoft One Drive est un service de stockage dans le nuage comprenant un espace de stockage disponible pour stocker des donn\u00e9es accessibles de n'importe o\u00f9 ou pour les partager avec d'autres utilisateurs. OneNote de Microsoft n'est plus inclus dans Microsoft Office 2019. Si vous souhaitez continuer \u00e0 utiliser OneNote, vous pouvez le faire via l'application universelle Windows int\u00e9gr\u00e9e \u00e0 Microsoft Windows 10.<\/p>\n<p><strong>Configuration minimale requise<\/strong><\/p>\n<p>CPU double c\u0153ur 1,6 GHz ou plus rapide<\/p>\n<p>2 Go de RAM pour 32 bits ou 4 Go de RAM pour 64 bits.<\/p>\n<p>4 Go d'espace disponible sur le disque dur<\/p>\n<p><strong>Assistance et soutien :<\/strong><\/p>\n<p>Pour toute question, n'h\u00e9sitez pas \u00e0 nous contacter <a href=\"mailto:support@arturo.winandoffice.com\" target=\"_blank\" rel=\"noopener\">par courrier \u00e9lectronique<\/a>.&nbsp;Our customer service and support is available 7 days a week, 24 hours a day.<\/p>\n\n\t\t<\/div>\n\t<\/div>\n<\/div><\/div><\/div><\/div>\n<\/div>","protected":false},"excerpt":{"rendered":"<ul>\n<li>Microsoft Licence Windows 10 Professionnel pour 3 PCs<\/li>\n<li>Microsoft Office 2019 Licence standard pour 3 PC<\/li>\n<li><strong>Avec cette licence, le logiciel peut \u00eatre activ\u00e9 sur 3 appareils diff\u00e9rents, par ex. PC domestique, ordinateur portable et PC de travail.Garantie de remboursement \u00e0 vie !!!<\/strong><\/li>\n<li>Version pour syst\u00e8mes 32 et 64 bits, versions compl\u00e8tes et illimit\u00e9es du logiciel <strong>par un partenaire certifi\u00e9 Microsoft Gold<\/strong><\/li>\n<li><strong>Garantie de remplacement \u00e0 vie !<\/strong><\/li>\n<li>Livraison par courrier \u00e9lectronique : cl\u00e9 de produit, instructions, liens de t\u00e9l\u00e9chargement, facture<\/li>\n<li>T\u00e9l\u00e9chargement instantan\u00e9 !<\/li>\n<li>Pas de limite de temps, pas d'abonnement<\/li>\n<li>Assistance gratuite 24\/7 pour les probl\u00e8mes d'installation et d'activation<\/li>\n<li>Pas de livraison sur le stockage des donn\u00e9es (USB, CD, etc.)<\/li>\n<li>Activation en ligne et par t\u00e9l\u00e9phone<\/li>\n<li>Langues : anglais, espagnol, italien, allemand, fran\u00e7ais<\/li>\n<li><strong><span style=\"color: #008000;\"> Ce produit est compatible avec Microsoft Windows.<\/span><\/strong><\/li>\n<li><strong><span style=\"color: #ff0000;\">NOT compatible with Apple macOS\u2122, Apple Processors, Parallels for Mac, Android devices and Chromebooks.<\/span><\/strong><\/li>\n<\/ul>","protected":false},"featured_media":100000116592,"comment_status":"closed","ping_status":"closed","template":"","meta":{"_acf_changed":false},"product_brand":[],"product_cat":[154,161,155,156,166],"product_tag":[234,233],"class_list":{"0":"post-34997","1":"product","2":"type-product","3":"status-publish","4":"has-post-thumbnail","6":"product_cat-microsoft-office","7":"product_cat-microsoft-windows","8":"product_cat-office-2019","9":"product_cat-popular","10":"product_cat-windows-10","11":"product_tag-microsoft-windows-10-professional-microsoft-office-2019-standard","12":"product_tag-microsoft-windows-10-professional-microsoft-office-2019-standard-license-for-3-pcs","14":"first","15":"instock","16":"sale","17":"virtual","18":"taxable","19":"purchasable","20":"product-type-simple"},"yoast_head":"<!-- This site is optimized with the Yoast SEO plugin v26.7 - https:\/\/yoast.com\/wordpress\/plugins\/seo\/ -->\n<title>Microsoft Windows 10 Professional + Microsoft Office 2019 Standard license for 3 PCs<\/title>\n<meta name=\"description\" content=\"With this license the software can be activated on 3 different devices, e.g. home PC, notebook and work PC. Lifetime Replacement Warranty!!!\" \/>\n<meta name=\"robots\" content=\"index, follow, max-snippet:-1, max-image-preview:large, max-video-preview:-1\" \/>\n<link rel=\"canonical\" href=\"https:\/\/arturo.winandoffice.com\/fr\/produkt\/microsoft-windows-10-professional-microsoft-office-2019-standard\/\" \/>\n<meta property=\"og:locale\" content=\"fr_FR\" \/>\n<meta property=\"og:type\" content=\"article\" \/>\n<meta property=\"og:title\" content=\"Microsoft Windows 10 Professional + Microsoft Office 2019 Standard license for 3 PCs\" \/>\n<meta property=\"og:description\" content=\"With this license the software can be activated on 3 different devices, e.g. home PC, notebook and work PC. Lifetime Replacement Warranty!!!\" \/>\n<meta property=\"og:url\" content=\"https:\/\/arturo.winandoffice.com\/fr\/produkt\/microsoft-windows-10-professional-microsoft-office-2019-standard\/\" \/>\n<meta property=\"og:site_name\" content=\"Arturo Card Shop\" \/>\n<meta property=\"article:publisher\" content=\"https:\/\/www.facebook.com\/Gamecardshopdotcom\" \/>\n<meta property=\"article:modified_time\" content=\"2025-09-03T21:14:06+00:00\" \/>\n<meta name=\"twitter:card\" content=\"summary_large_image\" \/>\n<meta name=\"twitter:site\" content=\"@gamecardshop_\" \/>\n<meta name=\"twitter:label1\" content=\"Dur\u00e9e de lecture estim\u00e9e\" \/>\n\t<meta name=\"twitter:data1\" content=\"2 minutes\" \/>\n<script type=\"application\/ld+json\" class=\"yoast-schema-graph\">{\"@context\":\"https:\/\/schema.org\",\"@graph\":[{\"@type\":\"WebPage\",\"@id\":\"https:\/\/arturo.winandoffice.com\/produkt\/microsoft-windows-10-professional-microsoft-office-2019-standard\/\",\"url\":\"https:\/\/arturo.winandoffice.com\/produkt\/microsoft-windows-10-professional-microsoft-office-2019-standard\/\",\"name\":\"Microsoft Windows 10 Professional + Microsoft Office 2019 Standard license for 3 PCs\",\"isPartOf\":{\"@id\":\"https:\/\/arturo.winandoffice.com\/es\/#website\"},\"primaryImageOfPage\":{\"@id\":\"https:\/\/arturo.winandoffice.com\/produkt\/microsoft-windows-10-professional-microsoft-office-2019-standard\/#primaryimage\"},\"image\":{\"@id\":\"https:\/\/arturo.winandoffice.com\/produkt\/microsoft-windows-10-professional-microsoft-office-2019-standard\/#primaryimage\"},\"thumbnailUrl\":\"https:\/\/arturo.winandoffice.com\/wp-content\/uploads\/2023\/03\/W10PO19S.jpg\",\"datePublished\":\"2023-03-20T12:12:10+00:00\",\"dateModified\":\"2025-09-03T21:14:06+00:00\",\"description\":\"With this license the software can be activated on 3 different devices, e.g. home PC, notebook and work PC. Lifetime Replacement Warranty!!!\",\"breadcrumb\":{\"@id\":\"https:\/\/arturo.winandoffice.com\/produkt\/microsoft-windows-10-professional-microsoft-office-2019-standard\/#breadcrumb\"},\"inLanguage\":\"fr-FR\",\"potentialAction\":[{\"@type\":\"ReadAction\",\"target\":[\"https:\/\/arturo.winandoffice.com\/produkt\/microsoft-windows-10-professional-microsoft-office-2019-standard\/\"]}]},{\"@type\":\"ImageObject\",\"inLanguage\":\"fr-FR\",\"@id\":\"https:\/\/arturo.winandoffice.com\/produkt\/microsoft-windows-10-professional-microsoft-office-2019-standard\/#primaryimage\",\"url\":\"https:\/\/arturo.winandoffice.com\/wp-content\/uploads\/2023\/03\/W10PO19S.jpg\",\"contentUrl\":\"https:\/\/arturo.winandoffice.com\/wp-content\/uploads\/2023\/03\/W10PO19S.jpg\"},{\"@type\":\"BreadcrumbList\",\"@id\":\"https:\/\/arturo.winandoffice.com\/produkt\/microsoft-windows-10-professional-microsoft-office-2019-standard\/#breadcrumb\",\"itemListElement\":[{\"@type\":\"ListItem\",\"position\":1,\"name\":\"Home\",\"item\":\"https:\/\/arturo.winandoffice.com\/\"},{\"@type\":\"ListItem\",\"position\":2,\"name\":\"Shop\",\"item\":\"https:\/\/arturo.winandoffice.com\/shop\/\"},{\"@type\":\"ListItem\",\"position\":3,\"name\":\"Microsoft Windows 10 Professional + Microsoft Office 2019 Standard License for 3 PC\"}]},{\"@type\":\"WebSite\",\"@id\":\"https:\/\/arturo.winandoffice.com\/es\/#website\",\"url\":\"https:\/\/arturo.winandoffice.com\/es\/\",\"name\":\"Arturo Card Shop\",\"description\":\"Buy your office\",\"publisher\":{\"@id\":\"https:\/\/arturo.winandoffice.com\/es\/#organization\"},\"potentialAction\":[{\"@type\":\"SearchAction\",\"target\":{\"@type\":\"EntryPoint\",\"urlTemplate\":\"https:\/\/arturo.winandoffice.com\/es\/?s={search_term_string}\"},\"query-input\":{\"@type\":\"PropertyValueSpecification\",\"valueRequired\":true,\"valueName\":\"search_term_string\"}}],\"inLanguage\":\"fr-FR\"},{\"@type\":\"Organization\",\"@id\":\"https:\/\/arturo.winandoffice.com\/es\/#organization\",\"name\":\"Arturo Card Shop\",\"url\":\"https:\/\/arturo.winandoffice.com\/es\/\",\"logo\":{\"@type\":\"ImageObject\",\"inLanguage\":\"fr-FR\",\"@id\":\"https:\/\/arturo.winandoffice.com\/es\/#\/schema\/logo\/image\/\",\"url\":\"https:\/\/arturo.winandoffice.com\/wp-content\/uploads\/2022\/10\/logo.png\",\"contentUrl\":\"https:\/\/arturo.winandoffice.com\/wp-content\/uploads\/2022\/10\/logo.png\",\"width\":1710,\"height\":175,\"caption\":\"Arturo Card Shop\"},\"image\":{\"@id\":\"https:\/\/arturo.winandoffice.com\/es\/#\/schema\/logo\/image\/\"},\"sameAs\":[\"https:\/\/www.facebook.com\/Gamecardshopdotcom\",\"https:\/\/x.com\/gamecardshop_\",\"https:\/\/www.youtube.com\/@gamecardshop\",\"https:\/\/www.youtube.com\/@arturo.winandoffice.com_\",\"https:\/\/de.trustpilot.com\/review\/arturo.winandoffice.com\",\"https:\/\/www.provenexpert.com\/game-card-shop\/\",\"https:\/\/www.tiktok.com\/@arturo.winandoffice.com\",\"https:\/\/www.shopauskunft.de\/review\/arturo.winandoffice.com\",\"https:\/\/www.ausgezeichnet.org\/bewertungen-arturo.winandoffice.com-HNVDH\",\"https:\/\/www.trustedshops.eu\/buyerrating\/info_X93C3F0168B7533F969FC6C787543C130.html\"]}]}<\/script>\n<!-- \/ Yoast SEO plugin. -->","yoast_head_json":{"title":"Microsoft Windows 10 Professionnel + Microsoft Office 2019 Licence Standard pour 3 PCs","description":"Avec cette licence, le logiciel peut \u00eatre activ\u00e9 sur 3 appareils diff\u00e9rents, par exemple l'ordinateur personnel, l'ordinateur portable et l'ordinateur professionnel. Garantie de remboursement \u00e0 vie !!!","robots":{"index":"index","follow":"follow","max-snippet":"max-snippet:-1","max-image-preview":"max-image-preview:large","max-video-preview":"max-video-preview:-1"},"canonical":"https:\/\/arturo.winandoffice.com\/fr\/produkt\/microsoft-windows-10-professional-microsoft-office-2019-standard\/","og_locale":"fr_FR","og_type":"article","og_title":"Microsoft Windows 10 Professional + Microsoft Office 2019 Standard license for 3 PCs","og_description":"With this license the software can be activated on 3 different devices, e.g. home PC, notebook and work PC. Lifetime Replacement Warranty!!!","og_url":"https:\/\/arturo.winandoffice.com\/fr\/produkt\/microsoft-windows-10-professional-microsoft-office-2019-standard\/","og_site_name":"Arturo Card Shop","article_publisher":"https:\/\/www.facebook.com\/Gamecardshopdotcom","article_modified_time":"2025-09-03T21:14:06+00:00","twitter_card":"summary_large_image","twitter_site":"@gamecardshop_","twitter_misc":{"Dur\u00e9e de lecture estim\u00e9e":"2 minutes"},"schema":{"@context":"https:\/\/schema.org","@graph":[{"@type":"WebPage","@id":"https:\/\/arturo.winandoffice.com\/produkt\/microsoft-windows-10-professional-microsoft-office-2019-standard\/","url":"https:\/\/arturo.winandoffice.com\/produkt\/microsoft-windows-10-professional-microsoft-office-2019-standard\/","name":"Microsoft Windows 10 Professionnel + Microsoft Office 2019 Licence Standard pour 3 PCs","isPartOf":{"@id":"https:\/\/arturo.winandoffice.com\/es\/#website"},"primaryImageOfPage":{"@id":"https:\/\/arturo.winandoffice.com\/produkt\/microsoft-windows-10-professional-microsoft-office-2019-standard\/#primaryimage"},"image":{"@id":"https:\/\/arturo.winandoffice.com\/produkt\/microsoft-windows-10-professional-microsoft-office-2019-standard\/#primaryimage"},"thumbnailUrl":"https:\/\/arturo.winandoffice.com\/wp-content\/uploads\/2023\/03\/W10PO19S.jpg","datePublished":"2023-03-20T12:12:10+00:00","dateModified":"2025-09-03T21:14:06+00:00","description":"Avec cette licence, le logiciel peut \u00eatre activ\u00e9 sur 3 appareils diff\u00e9rents, par exemple l'ordinateur personnel, l'ordinateur portable et l'ordinateur professionnel. Garantie de remboursement \u00e0 vie !!!","breadcrumb":{"@id":"https:\/\/arturo.winandoffice.com\/produkt\/microsoft-windows-10-professional-microsoft-office-2019-standard\/#breadcrumb"},"inLanguage":"fr-FR","potentialAction":[{"@type":"ReadAction","target":["https:\/\/arturo.winandoffice.com\/produkt\/microsoft-windows-10-professional-microsoft-office-2019-standard\/"]}]},{"@type":"ImageObject","inLanguage":"fr-FR","@id":"https:\/\/arturo.winandoffice.com\/produkt\/microsoft-windows-10-professional-microsoft-office-2019-standard\/#primaryimage","url":"https:\/\/arturo.winandoffice.com\/wp-content\/uploads\/2023\/03\/W10PO19S.jpg","contentUrl":"https:\/\/arturo.winandoffice.com\/wp-content\/uploads\/2023\/03\/W10PO19S.jpg"},{"@type":"BreadcrumbList","@id":"https:\/\/arturo.winandoffice.com\/produkt\/microsoft-windows-10-professional-microsoft-office-2019-standard\/#breadcrumb","itemListElement":[{"@type":"ListItem","position":1,"name":"Home","item":"https:\/\/arturo.winandoffice.com\/"},{"@type":"ListItem","position":2,"name":"Shop","item":"https:\/\/arturo.winandoffice.com\/shop\/"},{"@type":"ListItem","position":3,"name":"Microsoft Windows 10 Professional + Microsoft Office 2019 Standard License for 3 PC"}]},{"@type":"WebSite","@id":"https:\/\/arturo.winandoffice.com\/es\/#website","url":"https:\/\/arturo.winandoffice.com\/es\/","name":"Arturo Card Shop","description":"Acheter votre bureau","publisher":{"@id":"https:\/\/arturo.winandoffice.com\/es\/#organization"},"potentialAction":[{"@type":"SearchAction","target":{"@type":"EntryPoint","urlTemplate":"https:\/\/arturo.winandoffice.com\/es\/?s={search_term_string}"},"query-input":{"@type":"PropertyValueSpecification","valueRequired":true,"valueName":"search_term_string"}}],"inLanguage":"fr-FR"},{"@type":"Organization","@id":"https:\/\/arturo.winandoffice.com\/es\/#organization","name":"Arturo Card Shop","url":"https:\/\/arturo.winandoffice.com\/es\/","logo":{"@type":"ImageObject","inLanguage":"fr-FR","@id":"https:\/\/arturo.winandoffice.com\/es\/#\/schema\/logo\/image\/","url":"https:\/\/arturo.winandoffice.com\/wp-content\/uploads\/2022\/10\/logo.png","contentUrl":"https:\/\/arturo.winandoffice.com\/wp-content\/uploads\/2022\/10\/logo.png","width":1710,"height":175,"caption":"Arturo Card Shop"},"image":{"@id":"https:\/\/arturo.winandoffice.com\/es\/#\/schema\/logo\/image\/"},"sameAs":["https:\/\/www.facebook.com\/Gamecardshopdotcom","https:\/\/x.com\/gamecardshop_","https:\/\/www.youtube.com\/@gamecardshop","https:\/\/www.youtube.com\/@arturo.winandoffice.com_","https:\/\/de.trustpilot.com\/review\/arturo.winandoffice.com","https:\/\/www.provenexpert.com\/game-card-shop\/","https:\/\/www.tiktok.com\/@arturo.winandoffice.com","https:\/\/www.shopauskunft.de\/review\/arturo.winandoffice.com","https:\/\/www.ausgezeichnet.org\/bewertungen-arturo.winandoffice.com-HNVDH","https:\/\/www.trustedshops.eu\/buyerrating\/info_X93C3F0168B7533F969FC6C787543C130.html"]}]}},"acf":[],"_links":{"self":[{"href":"https:\/\/arturo.winandoffice.com\/fr\/wp-json\/wp\/v2\/product\/34997","targetHints":{"allow":["GET"]}}],"collection":[{"href":"https:\/\/arturo.winandoffice.com\/fr\/wp-json\/wp\/v2\/product"}],"about":[{"href":"https:\/\/arturo.winandoffice.com\/fr\/wp-json\/wp\/v2\/types\/product"}],"replies":[{"embeddable":true,"href":"https:\/\/arturo.winandoffice.com\/fr\/wp-json\/wp\/v2\/comments?post=34997"}],"wp:featuredmedia":[{"embeddable":true,"href":"https:\/\/arturo.winandoffice.com\/fr\/wp-json\/"}],"wp:attachment":[{"href":"https:\/\/arturo.winandoffice.com\/fr\/wp-json\/wp\/v2\/media?parent=34997"}],"wp:term":[{"taxonomy":"product_brand","embeddable":true,"href":"https:\/\/arturo.winandoffice.com\/fr\/wp-json\/wp\/v2\/product_brand?post=34997"},{"taxonomy":"product_cat","embeddable":true,"href":"https:\/\/arturo.winandoffice.com\/fr\/wp-json\/wp\/v2\/product_cat?post=34997"},{"taxonomy":"product_tag","embeddable":true,"href":"https:\/\/arturo.winandoffice.com\/fr\/wp-json\/wp\/v2\/product_tag?post=34997"}],"curies":[{"name":"wp","href":"https:\/\/api.w.org\/{rel}","templated":true}]}}