{"id":34939,"date":"2023-03-20T13:12:03","date_gmt":"2023-03-20T12:12:03","guid":{"rendered":"https:\/\/arturo.winandoffice.com\/?post_type=product&#038;p=34939"},"modified":"2025-09-03T22:14:46","modified_gmt":"2025-09-03T21:14:46","slug":"microsoft-windows-11-professional","status":"publish","type":"product","link":"https:\/\/arturo.winandoffice.com\/fr\/produkt\/microsoft-windows-11-professional\/","title":{"rendered":"Microsoft Windows 11 Professional License for 3 PC"},"content":{"rendered":"<div class=\"wpb-content-wrapper\"><div class=\"vc_row wpb_row vc_row-fluid\" style=\"background-position: None!important;  \"><div class=\"wpb_column vc_column_container vc_col-sm-12\"><div class=\"vc_column-inner\"><div class=\"wpb_wrapper\">\n\t<div class=\"wpb_text_column wpb_content_element\" >\n\t\t<div class=\"wpb_wrapper\">\n\t\t\t<div id=\"primaryR2\" data-grid=\"container\" data-region-key=\"primaryr2\" data-m=\"{&quot;cN&quot;:&quot;primaryR2 1&quot;,&quot;cT&quot;:&quot;Region_coreui-region&quot;,&quot;id&quot;:&quot;r2a2&quot;,&quot;sN&quot;:2,&quot;aN&quot;:&quot;a2&quot;}\">\n<div id=\"coreui-banner-l03vzh8\" data-m=\"{&quot;cN&quot;:&quot;R2Banner 1&quot;,&quot;cT&quot;:&quot;Module_coreui-banner&quot;,&quot;id&quot;:&quot;m1r2a2&quot;,&quot;sN&quot;:1,&quot;aN&quot;:&quot;r2a2&quot;}\" data-module-id=\"WDG-Windows|primaryR2|coreui-region|coreui-banner-l03vzh8|coreui-banner\">\n<div class=\"m-banner f-align-left\" data-grid=\"col-12\">\n<h2><strong><span style=\"font-size: 32px;\">Microsoft Licence Windows 11 Professionnel pour 3 PC (version compl\u00e8te et illimit\u00e9e d'un partenaire certifi\u00e9 Microsoft Gold Partner)<\/span><\/strong><\/h2>\n<p><strong>Avec cette licence, le logiciel peut \u00eatre activ\u00e9 sur 3 appareils diff\u00e9rents, par exemple un ordinateur personnel, un ordinateur portable et un ordinateur professionnel.<\/strong><\/p>\n<p><strong>Garantie de remboursement \u00e0 vie !!!<\/strong><\/p>\n<p class=\"c-heading-3\">\n<\/div>\n<\/div>\n<div id=\"coreui-divider-f6wmnt9\" data-m=\"{&quot;cN&quot;:&quot;R2Divider 1&quot;,&quot;cT&quot;:&quot;Module_coreui-divider&quot;,&quot;id&quot;:&quot;m2r2a2&quot;,&quot;sN&quot;:2,&quot;aN&quot;:&quot;r2a2&quot;}\" data-module-id=\"WDG-Windows|primaryR2|coreui-region|coreui-divider-f6wmnt9|coreui-divider\">\n<hr class=\"c-divider f-pad-top-3x\" data-grid=\"col-12\">\n<\/div>\n<div id=\"coreui-contentrichblock-o5iouct\" data-m=\"{&quot;cN&quot;:&quot;R2ContentRichBlock 1&quot;,&quot;cT&quot;:&quot;Module_coreui-contentrichblock&quot;,&quot;id&quot;:&quot;m3r2a2&quot;,&quot;sN&quot;:3,&quot;aN&quot;:&quot;r2a2&quot;}\" data-module-id=\"WDG-Windows|primaryR2|coreui-region|coreui-contentrichblock-o5iouct|coreui-contentrichblock\">\n<div class=\"m-rich-content-block context-ucx\" data-grid=\"col-12\">\n<p>Exigences du syst\u00e8me<\/p>\n<\/div>\n<\/div>\n<div id=\"coreui-tablev2-62jrfm3\" data-m=\"{&quot;cN&quot;:&quot;R2TableV2 1&quot;,&quot;cT&quot;:&quot;Module_coreui-tablev2&quot;,&quot;id&quot;:&quot;m4r2a2&quot;,&quot;sN&quot;:4,&quot;aN&quot;:&quot;r2a2&quot;}\" data-module-id=\"WDG-Windows|primaryR2|coreui-region|coreui-tablev2-62jrfm3|coreui-tablev2\">\n<div class=\"m-table\">\n<div class=\"c-table\" data-f-loc-ascending=\"Sorted by {0} - ascending\" data-f-loc-descending=\"Sorted by {0} - descending\">\n<table style=\"width: 100%;\">\n<tbody>\n<tr>\n<td class=\"f-divided\" style=\"width: 22.3273%;\"><strong>Processeur :<\/strong><\/td>\n<td class=\"f-divided\" style=\"width: 77.6%;\">1 gigahertz (GHz) ou plus rapide avec 2 c\u0153urs ou plus sur une <a href=\"https:\/\/docs.microsoft.com\/en-us\/windows-hardware\/design\/minimum\/windows-processor-requirements\">processeur 64 bits compatible<\/a> ou Syst\u00e8me sur puce (SoC)<\/td>\n<\/tr>\n<tr>\n<td class=\"f-divided\" style=\"width: 22.3273%;\"><strong>RAM :<\/strong><\/td>\n<td class=\"f-divided\" style=\"width: 77.6%;\">4 gigaoctets (Go)<\/td>\n<\/tr>\n<tr>\n<td class=\"f-divided\" style=\"width: 22.3273%;\"><strong>Stockage :<\/strong><\/td>\n<td class=\"f-divided\" style=\"width: 77.6%;\">\n<p>Dispositif de stockage de 64 Go ou plus<\/p>\n<p>Note : Pour plus de d\u00e9tails, voir ci-dessous la rubrique \"Plus d'informations sur l'espace de stockage pour maintenir Windows 11 \u00e0 jour\".<\/td>\n<\/tr>\n<tr>\n<td class=\"f-divided\" style=\"width: 22.3273%;\"><strong>Firmware du syst\u00e8me :<\/strong><\/td>\n<td class=\"f-divided\" style=\"width: 77.6%;\">UEFI, possibilit\u00e9 de d\u00e9marrage s\u00e9curis\u00e9<\/td>\n<\/tr>\n<tr>\n<td class=\"f-divided\" style=\"width: 22.3273%;\"><strong>TPM :<\/strong><\/td>\n<td class=\"f-divided\" style=\"width: 77.6%;\">Module de plate-forme de confiance (TPM) version 2.0<\/td>\n<\/tr>\n<tr>\n<td class=\"f-divided\" style=\"width: 22.3273%;\"><strong>Carte graphique :<\/strong><\/td>\n<td class=\"f-divided\" style=\"width: 77.6%;\">Compatible avec DirectX 12 ou sup\u00e9rieur avec le pilote WDDM 2.0<\/td>\n<\/tr>\n<tr>\n<td class=\"f-divided\" style=\"width: 22.3273%;\"><strong>Affichez :<\/strong><\/td>\n<td class=\"f-divided\" style=\"width: 77.6%;\">\u00c9cran haute d\u00e9finition (720p) dont la diagonale est sup\u00e9rieure \u00e0 9 pouces, 8 bits par canal de couleur<\/td>\n<\/tr>\n<tr>\n<td class=\"f-divided\" style=\"width: 22.3273%;\"><strong>Connexion Internet et comptes Microsoft :&nbsp;<\/strong><\/td>\n<td class=\"f-divided\" style=\"width: 77.6%;\">\n<p>Microsoft Windows 11 \u00e9dition professionnelle n\u00e9cessite une connectivit\u00e9 internet et un compte Microsoft pour terminer la configuration de l'appareil lors de la premi\u00e8re utilisation.<\/p>\n<p>La sortie d'un appareil de Microsoft Windows 11 Home en mode S n\u00e9cessite \u00e9galement une connectivit\u00e9 internet.<\/p>\n<p>Pour toutes les \u00e9ditions Microsoft de Windows 11, un acc\u00e8s \u00e0 Internet est n\u00e9cessaire pour effectuer les mises \u00e0 jour, t\u00e9l\u00e9charger et profiter de certaines fonctionnalit\u00e9s. Un compte Microsoft est n\u00e9cessaire pour certaines fonctionnalit\u00e9s.<\/td>\n<\/tr>\n<\/tbody>\n<\/table>\n<\/div>\n<\/div>\n<\/div>\n<div id=\"coreui-contentrichblock-wqm7a2a\" data-m=\"{&quot;cN&quot;:&quot;R2ContentRichBlock 2&quot;,&quot;cT&quot;:&quot;Module_coreui-contentrichblock&quot;,&quot;id&quot;:&quot;m5r2a2&quot;,&quot;sN&quot;:5,&quot;aN&quot;:&quot;r2a2&quot;}\" data-module-id=\"WDG-Windows|primaryR2|coreui-region|coreui-contentrichblock-wqm7a2a|coreui-contentrichblock\">\n<div class=\"m-rich-content-block context-ucx\" data-grid=\"col-12\">\n<p>Il peut y avoir des exigences suppl\u00e9mentaires au fil du temps pour les mises \u00e0 jour et les exigences pour activer des fonctionnalit\u00e9s sp\u00e9cifiques dans l'OS.<\/p>\n<p>Certaines fonctionnalit\u00e9s de Microsoft Windows 11 Professional ont des exigences plus \u00e9lev\u00e9es que celles \u00e9num\u00e9r\u00e9es ci-dessus dans la section des exigences minimales. Vous trouverez ci-dessous des d\u00e9tails suppl\u00e9mentaires concernant les exigences pour les fonctionnalit\u00e9s cl\u00e9s :<\/p>\n<\/div>\n<\/div>\n<\/div>\n<div id=\"primaryR3\" data-grid=\"container\" data-region-key=\"primaryr3\" data-m=\"{&quot;cN&quot;:&quot;primaryR3 1&quot;,&quot;cT&quot;:&quot;Region_coreui-region&quot;,&quot;id&quot;:&quot;r3a2&quot;,&quot;sN&quot;:3,&quot;aN&quot;:&quot;a2&quot;}\">\n<div id=\"coreui-contentrichblock-rhi1sei\" data-m=\"{&quot;cN&quot;:&quot;R2ContentRichBlock 1&quot;,&quot;cT&quot;:&quot;Module_coreui-contentrichblock&quot;,&quot;id&quot;:&quot;m3r3a2&quot;,&quot;sN&quot;:3,&quot;aN&quot;:&quot;r3a2&quot;}\" data-module-id=\"WDG-Windows|primaryR3|coreui-region|coreui-contentrichblock-rhi1sei|coreui-contentrichblock\">\n<div class=\"m-rich-content-block context-ucx\" data-grid=\"col-12\">\n<div>\n<ul class=\"c-list\">\n<li><strong>Support 5G<\/strong> n\u00e9cessite un modem compatible 5G.<\/li>\n<li><strong>Auto HDR<\/strong> n\u00e9cessite un moniteur HDR.<\/li>\n<li><strong>BitLocker to Go<\/strong> n\u00e9cessite un lecteur flash USB (disponible dans les \u00e9ditions Windows Pro et sup\u00e9rieures).<\/li>\n<li><strong>Client Hyper-V<\/strong> requiert un processeur dot\u00e9 de capacit\u00e9s de traduction d'adresses de second niveau (SLAT) (disponible dans les \u00e9ditions Windows Pro et sup\u00e9rieures).<\/li>\n<li><strong>Cortana<\/strong> n\u00e9cessite un microphone et un haut-parleur et est actuellement disponible sur Windows 11 pour les pays suivants : Australie, Br\u00e9sil, Canada, Chine, France, Allemagne, Inde, Italie, Japon, Mexique, Espagne, Royaume-Uni et \u00c9tats-Unis.<\/li>\n<li><strong>DirectStorage<\/strong> n\u00e9cessite un SSD NVMe pour stocker et ex\u00e9cuter les jeux qui utilisent le pilote \"Standard NVM Express Controller\" et un GPU DirectX12 avec prise en charge du Shader Model 6.0.<\/li>\n<li><strong>DirectX 12 Ultimate<\/strong> est disponible avec les jeux et les puces graphiques pris en charge.<\/li>\n<li><strong>Pr\u00e9sence<\/strong> n\u00e9cessite un capteur capable de d\u00e9tecter la distance entre l'homme et l'appareil ou l'intention d'interagir avec l'appareil.<\/li>\n<li><strong>Vid\u00e9o-conf\u00e9rence intelligente<\/strong> n\u00e9cessite une cam\u00e9ra vid\u00e9o, un microphone et un haut-parleur (sortie audio).<\/li>\n<li><strong>Assistant vocal multiple (AVM)<\/strong> n\u00e9cessite un microphone et un haut-parleur.<\/li>\n<li><strong>Snap<\/strong> Les mises en page \u00e0 trois colonnes n\u00e9cessitent un \u00e9cran d'une largeur de 1920 pixels effectifs ou plus.<\/li>\n<li><strong>Coupure\/r\u00e9tablissement du son \u00e0 partir de la barre des t\u00e2ches<\/strong> n\u00e9cessite une cam\u00e9ra vid\u00e9o, un microphone et un haut-parleur (sortie audio). L'application doit \u00eatre compatible avec la fonction pour activer la mise en sourdine\/le d\u00e9blocage global.<\/li>\n<li><strong>Son spatial<\/strong> n\u00e9cessite du mat\u00e9riel et des logiciels de soutien.<\/li>\n<li><strong>\u00c9quipes<\/strong> n\u00e9cessite une cam\u00e9ra vid\u00e9o, un microphone et un haut-parleur (sortie audio).<\/li>\n<li><strong>Touch<\/strong> n\u00e9cessite un \u00e9cran ou un moniteur qui supporte le multitouch.<\/li>\n<li><strong>Authentification \u00e0 deux facteurs<\/strong> n\u00e9cessite l'utilisation d'un code PIN, d'un dispositif biom\u00e9trique (lecteur d'empreintes digitales ou cam\u00e9ra infrarouge \u00e9clair\u00e9e) ou d'un t\u00e9l\u00e9phone dot\u00e9 de capacit\u00e9s Wi-Fi ou Bluetooth.<\/li>\n<li><strong>Dactylographie vocale<\/strong> n\u00e9cessite un PC avec un microphone.<\/li>\n<li><strong>R\u00e9veil sur la voix<\/strong> n\u00e9cessite un mod\u00e8le d'alimentation et un microphone Modern Standby.<\/li>\n<li><strong>Wi-Fi 6E<\/strong> n\u00e9cessite un nouveau mat\u00e9riel et un nouveau pilote WLAN IHV et un AP\/routeur compatible Wi-Fi 6E.<\/li>\n<li><strong>Windows Hello<\/strong> n\u00e9cessite une cam\u00e9ra configur\u00e9e pour l'imagerie infrarouge proche (IR) ou un lecteur d'empreintes digitales pour l'authentification biom\u00e9trique. Les appareils sans capteur biom\u00e9trique peuvent utiliser Windows Hello avec un code PIN ou une cl\u00e9 de s\u00e9curit\u00e9 portable compatible avec Microsoft.<\/li>\n<li><strong>Projection de fen\u00eatres<\/strong> requiert un adaptateur d'affichage prenant en charge le pilote d'affichage Windows (WDDM) 2.0 et un adaptateur Wi-Fi prenant en charge Wi-Fi Direct.<\/li>\n<li><strong>Xbox (application)<\/strong> n\u00e9cessite un compte Xbox Live, qui n'est pas disponible dans toutes les r\u00e9gions. Consultez la section Pays et r\u00e9gions Xbox Live pour obtenir les informations les plus r\u00e9centes sur la disponibilit\u00e9. Certaines fonctionnalit\u00e9s de l'application Xbox n\u00e9cessitent un abonnement actif au Xbox Game Pass. En savoir plus sur le pass.<\/li>\n<\/ul>\n<p><strong>Assistance et soutien :<\/strong><\/p>\n<p>Pour toute question, n'h\u00e9sitez pas \u00e0 nous contacter <a href=\"mailto:support@arturo.winandoffice.com\" target=\"_blank\" rel=\"noopener\">par courrier \u00e9lectronique<\/a>.&nbsp;Our customer service and support is available 7 days a week, 24 hours a day.<\/p>\n<\/div>\n<\/div>\n<\/div>\n<\/div>\n\n\t\t<\/div>\n\t<\/div>\n<\/div><\/div><\/div><\/div>\n<\/div>","protected":false},"excerpt":{"rendered":"<ul>\n<li>Microsoft Licence Windows 11 Professionnel pour 3 PCs<\/li>\n<li><strong>Avec cette licence, le logiciel peut \u00eatre activ\u00e9 sur 3 appareils diff\u00e9rents, par ex. PC domestique, ordinateur portable et PC de travail.Garantie de remboursement \u00e0 vie !!!<\/strong><\/li>\n<li>Version pour syst\u00e8mes 32 et 64 bits, versions compl\u00e8tes et illimit\u00e9es du logiciel <strong>par un partenaire certifi\u00e9 Microsoft Gold<\/strong><\/li>\n<li><strong>Garantie de remplacement \u00e0 vie !<\/strong><\/li>\n<li>Livraison par courrier \u00e9lectronique : cl\u00e9 de produit, instructions, liens de t\u00e9l\u00e9chargement, facture<\/li>\n<li>T\u00e9l\u00e9chargement instantan\u00e9 !<\/li>\n<li>Pas de limite de temps, pas d'abonnement<\/li>\n<li>Assistance gratuite 24\/7 pour les probl\u00e8mes d'installation et d'activation<\/li>\n<li>Pas de livraison sur le stockage des donn\u00e9es (USB, CD, etc.)<\/li>\n<li>Activation en ligne et par t\u00e9l\u00e9phone<\/li>\n<li>Langues : anglais, espagnol, italien, allemand, fran\u00e7ais<\/li>\n<li><strong><span style=\"color: #008000;\"> Ce produit est compatible avec Microsoft Windows.<\/span><\/strong><\/li>\n<li><strong><span style=\"color: #ff0000;\">NOT compatible with Apple macOS\u2122, Apple Processors, Parallels for Mac, Android devices and Chromebooks.<\/span><\/strong><\/li>\n<\/ul>","protected":false},"featured_media":100000116602,"comment_status":"closed","ping_status":"closed","template":"","meta":{"_acf_changed":false},"product_brand":[],"product_cat":[161,168],"product_tag":[205,204],"class_list":{"0":"post-34939","1":"product","2":"type-product","3":"status-publish","4":"has-post-thumbnail","6":"product_cat-microsoft-windows","7":"product_cat-windows-11","8":"product_tag-microsoft-windows-11-professional","9":"product_tag-microsoft-windows-11-professional-license-for-3-pcs","11":"first","12":"instock","13":"sale","14":"featured","15":"virtual","16":"taxable","17":"purchasable","18":"product-type-simple"},"yoast_head":"<!-- This site is optimized with the Yoast SEO plugin v26.7 - https:\/\/yoast.com\/wordpress\/plugins\/seo\/ -->\n<title>Microsoft Windows 11 Professional license for 3 PCs<\/title>\n<meta name=\"description\" content=\"With this license the software can be activated on 3 different devices, e.g. home PC, notebook and work PC. Lifetime Replacement Warranty!!!\" \/>\n<meta name=\"robots\" content=\"index, follow, max-snippet:-1, max-image-preview:large, max-video-preview:-1\" \/>\n<link rel=\"canonical\" href=\"https:\/\/arturo.winandoffice.com\/fr\/produkt\/microsoft-windows-11-professional\/\" \/>\n<meta property=\"og:locale\" content=\"fr_FR\" \/>\n<meta property=\"og:type\" content=\"article\" \/>\n<meta property=\"og:title\" content=\"Microsoft Windows 11 Professional license for 3 PCs\" \/>\n<meta property=\"og:description\" content=\"With this license the software can be activated on 3 different devices, e.g. home PC, notebook and work PC. Lifetime Replacement Warranty!!!\" \/>\n<meta property=\"og:url\" content=\"https:\/\/arturo.winandoffice.com\/fr\/produkt\/microsoft-windows-11-professional\/\" \/>\n<meta property=\"og:site_name\" content=\"Arturo Card Shop\" \/>\n<meta property=\"article:publisher\" content=\"https:\/\/www.facebook.com\/Gamecardshopdotcom\" \/>\n<meta property=\"article:modified_time\" content=\"2025-09-03T21:14:46+00:00\" \/>\n<meta name=\"twitter:card\" content=\"summary_large_image\" \/>\n<meta name=\"twitter:site\" content=\"@gamecardshop_\" \/>\n<meta name=\"twitter:label1\" content=\"Dur\u00e9e de lecture estim\u00e9e\" \/>\n\t<meta name=\"twitter:data1\" content=\"4 minutes\" \/>\n<script type=\"application\/ld+json\" class=\"yoast-schema-graph\">{\"@context\":\"https:\/\/schema.org\",\"@graph\":[{\"@type\":\"WebPage\",\"@id\":\"https:\/\/arturo.winandoffice.com\/produkt\/microsoft-windows-11-professional\/\",\"url\":\"https:\/\/arturo.winandoffice.com\/produkt\/microsoft-windows-11-professional\/\",\"name\":\"Microsoft Windows 11 Professional license for 3 PCs\",\"isPartOf\":{\"@id\":\"https:\/\/arturo.winandoffice.com\/es\/#website\"},\"primaryImageOfPage\":{\"@id\":\"https:\/\/arturo.winandoffice.com\/produkt\/microsoft-windows-11-professional\/#primaryimage\"},\"image\":{\"@id\":\"https:\/\/arturo.winandoffice.com\/produkt\/microsoft-windows-11-professional\/#primaryimage\"},\"thumbnailUrl\":\"https:\/\/arturo.winandoffice.com\/wp-content\/uploads\/2023\/03\/W11P.jpg\",\"datePublished\":\"2023-03-20T12:12:03+00:00\",\"dateModified\":\"2025-09-03T21:14:46+00:00\",\"description\":\"With this license the software can be activated on 3 different devices, e.g. home PC, notebook and work PC. Lifetime Replacement Warranty!!!\",\"breadcrumb\":{\"@id\":\"https:\/\/arturo.winandoffice.com\/produkt\/microsoft-windows-11-professional\/#breadcrumb\"},\"inLanguage\":\"fr-FR\",\"potentialAction\":[{\"@type\":\"ReadAction\",\"target\":[\"https:\/\/arturo.winandoffice.com\/produkt\/microsoft-windows-11-professional\/\"]}]},{\"@type\":\"ImageObject\",\"inLanguage\":\"fr-FR\",\"@id\":\"https:\/\/arturo.winandoffice.com\/produkt\/microsoft-windows-11-professional\/#primaryimage\",\"url\":\"https:\/\/arturo.winandoffice.com\/wp-content\/uploads\/2023\/03\/W11P.jpg\",\"contentUrl\":\"https:\/\/arturo.winandoffice.com\/wp-content\/uploads\/2023\/03\/W11P.jpg\"},{\"@type\":\"BreadcrumbList\",\"@id\":\"https:\/\/arturo.winandoffice.com\/produkt\/microsoft-windows-11-professional\/#breadcrumb\",\"itemListElement\":[{\"@type\":\"ListItem\",\"position\":1,\"name\":\"Home\",\"item\":\"https:\/\/arturo.winandoffice.com\/\"},{\"@type\":\"ListItem\",\"position\":2,\"name\":\"Shop\",\"item\":\"https:\/\/arturo.winandoffice.com\/shop\/\"},{\"@type\":\"ListItem\",\"position\":3,\"name\":\"Microsoft Windows 11 Professional License for 3 PC\"}]},{\"@type\":\"WebSite\",\"@id\":\"https:\/\/arturo.winandoffice.com\/es\/#website\",\"url\":\"https:\/\/arturo.winandoffice.com\/es\/\",\"name\":\"Arturo Card Shop\",\"description\":\"Buy your office\",\"publisher\":{\"@id\":\"https:\/\/arturo.winandoffice.com\/es\/#organization\"},\"potentialAction\":[{\"@type\":\"SearchAction\",\"target\":{\"@type\":\"EntryPoint\",\"urlTemplate\":\"https:\/\/arturo.winandoffice.com\/es\/?s={search_term_string}\"},\"query-input\":{\"@type\":\"PropertyValueSpecification\",\"valueRequired\":true,\"valueName\":\"search_term_string\"}}],\"inLanguage\":\"fr-FR\"},{\"@type\":\"Organization\",\"@id\":\"https:\/\/arturo.winandoffice.com\/es\/#organization\",\"name\":\"Arturo Card Shop\",\"url\":\"https:\/\/arturo.winandoffice.com\/es\/\",\"logo\":{\"@type\":\"ImageObject\",\"inLanguage\":\"fr-FR\",\"@id\":\"https:\/\/arturo.winandoffice.com\/es\/#\/schema\/logo\/image\/\",\"url\":\"https:\/\/arturo.winandoffice.com\/wp-content\/uploads\/2022\/10\/logo.png\",\"contentUrl\":\"https:\/\/arturo.winandoffice.com\/wp-content\/uploads\/2022\/10\/logo.png\",\"width\":1710,\"height\":175,\"caption\":\"Arturo Card Shop\"},\"image\":{\"@id\":\"https:\/\/arturo.winandoffice.com\/es\/#\/schema\/logo\/image\/\"},\"sameAs\":[\"https:\/\/www.facebook.com\/Gamecardshopdotcom\",\"https:\/\/x.com\/gamecardshop_\",\"https:\/\/www.youtube.com\/@gamecardshop\",\"https:\/\/www.youtube.com\/@arturo.winandoffice.com_\",\"https:\/\/de.trustpilot.com\/review\/arturo.winandoffice.com\",\"https:\/\/www.provenexpert.com\/game-card-shop\/\",\"https:\/\/www.tiktok.com\/@arturo.winandoffice.com\",\"https:\/\/www.shopauskunft.de\/review\/arturo.winandoffice.com\",\"https:\/\/www.ausgezeichnet.org\/bewertungen-arturo.winandoffice.com-HNVDH\",\"https:\/\/www.trustedshops.eu\/buyerrating\/info_X93C3F0168B7533F969FC6C787543C130.html\"]}]}<\/script>\n<!-- \/ Yoast SEO plugin. -->","yoast_head_json":{"title":"Microsoft Licence Windows 11 Professionnel pour 3 PCs","description":"Avec cette licence, le logiciel peut \u00eatre activ\u00e9 sur 3 appareils diff\u00e9rents, par exemple l'ordinateur personnel, l'ordinateur portable et l'ordinateur professionnel. Garantie de remboursement \u00e0 vie !!!","robots":{"index":"index","follow":"follow","max-snippet":"max-snippet:-1","max-image-preview":"max-image-preview:large","max-video-preview":"max-video-preview:-1"},"canonical":"https:\/\/arturo.winandoffice.com\/fr\/produkt\/microsoft-windows-11-professional\/","og_locale":"fr_FR","og_type":"article","og_title":"Microsoft Windows 11 Professional license for 3 PCs","og_description":"With this license the software can be activated on 3 different devices, e.g. home PC, notebook and work PC. Lifetime Replacement Warranty!!!","og_url":"https:\/\/arturo.winandoffice.com\/fr\/produkt\/microsoft-windows-11-professional\/","og_site_name":"Arturo Card Shop","article_publisher":"https:\/\/www.facebook.com\/Gamecardshopdotcom","article_modified_time":"2025-09-03T21:14:46+00:00","twitter_card":"summary_large_image","twitter_site":"@gamecardshop_","twitter_misc":{"Dur\u00e9e de lecture estim\u00e9e":"4 minutes"},"schema":{"@context":"https:\/\/schema.org","@graph":[{"@type":"WebPage","@id":"https:\/\/arturo.winandoffice.com\/produkt\/microsoft-windows-11-professional\/","url":"https:\/\/arturo.winandoffice.com\/produkt\/microsoft-windows-11-professional\/","name":"Microsoft Licence Windows 11 Professionnel pour 3 PCs","isPartOf":{"@id":"https:\/\/arturo.winandoffice.com\/es\/#website"},"primaryImageOfPage":{"@id":"https:\/\/arturo.winandoffice.com\/produkt\/microsoft-windows-11-professional\/#primaryimage"},"image":{"@id":"https:\/\/arturo.winandoffice.com\/produkt\/microsoft-windows-11-professional\/#primaryimage"},"thumbnailUrl":"https:\/\/arturo.winandoffice.com\/wp-content\/uploads\/2023\/03\/W11P.jpg","datePublished":"2023-03-20T12:12:03+00:00","dateModified":"2025-09-03T21:14:46+00:00","description":"Avec cette licence, le logiciel peut \u00eatre activ\u00e9 sur 3 appareils diff\u00e9rents, par exemple l'ordinateur personnel, l'ordinateur portable et l'ordinateur professionnel. Garantie de remboursement \u00e0 vie !!!","breadcrumb":{"@id":"https:\/\/arturo.winandoffice.com\/produkt\/microsoft-windows-11-professional\/#breadcrumb"},"inLanguage":"fr-FR","potentialAction":[{"@type":"ReadAction","target":["https:\/\/arturo.winandoffice.com\/produkt\/microsoft-windows-11-professional\/"]}]},{"@type":"ImageObject","inLanguage":"fr-FR","@id":"https:\/\/arturo.winandoffice.com\/produkt\/microsoft-windows-11-professional\/#primaryimage","url":"https:\/\/arturo.winandoffice.com\/wp-content\/uploads\/2023\/03\/W11P.jpg","contentUrl":"https:\/\/arturo.winandoffice.com\/wp-content\/uploads\/2023\/03\/W11P.jpg"},{"@type":"BreadcrumbList","@id":"https:\/\/arturo.winandoffice.com\/produkt\/microsoft-windows-11-professional\/#breadcrumb","itemListElement":[{"@type":"ListItem","position":1,"name":"Home","item":"https:\/\/arturo.winandoffice.com\/"},{"@type":"ListItem","position":2,"name":"Shop","item":"https:\/\/arturo.winandoffice.com\/shop\/"},{"@type":"ListItem","position":3,"name":"Microsoft Windows 11 Professional License for 3 PC"}]},{"@type":"WebSite","@id":"https:\/\/arturo.winandoffice.com\/es\/#website","url":"https:\/\/arturo.winandoffice.com\/es\/","name":"Arturo Card Shop","description":"Acheter votre bureau","publisher":{"@id":"https:\/\/arturo.winandoffice.com\/es\/#organization"},"potentialAction":[{"@type":"SearchAction","target":{"@type":"EntryPoint","urlTemplate":"https:\/\/arturo.winandoffice.com\/es\/?s={search_term_string}"},"query-input":{"@type":"PropertyValueSpecification","valueRequired":true,"valueName":"search_term_string"}}],"inLanguage":"fr-FR"},{"@type":"Organization","@id":"https:\/\/arturo.winandoffice.com\/es\/#organization","name":"Arturo Card Shop","url":"https:\/\/arturo.winandoffice.com\/es\/","logo":{"@type":"ImageObject","inLanguage":"fr-FR","@id":"https:\/\/arturo.winandoffice.com\/es\/#\/schema\/logo\/image\/","url":"https:\/\/arturo.winandoffice.com\/wp-content\/uploads\/2022\/10\/logo.png","contentUrl":"https:\/\/arturo.winandoffice.com\/wp-content\/uploads\/2022\/10\/logo.png","width":1710,"height":175,"caption":"Arturo Card Shop"},"image":{"@id":"https:\/\/arturo.winandoffice.com\/es\/#\/schema\/logo\/image\/"},"sameAs":["https:\/\/www.facebook.com\/Gamecardshopdotcom","https:\/\/x.com\/gamecardshop_","https:\/\/www.youtube.com\/@gamecardshop","https:\/\/www.youtube.com\/@arturo.winandoffice.com_","https:\/\/de.trustpilot.com\/review\/arturo.winandoffice.com","https:\/\/www.provenexpert.com\/game-card-shop\/","https:\/\/www.tiktok.com\/@arturo.winandoffice.com","https:\/\/www.shopauskunft.de\/review\/arturo.winandoffice.com","https:\/\/www.ausgezeichnet.org\/bewertungen-arturo.winandoffice.com-HNVDH","https:\/\/www.trustedshops.eu\/buyerrating\/info_X93C3F0168B7533F969FC6C787543C130.html"]}]}},"acf":[],"_links":{"self":[{"href":"https:\/\/arturo.winandoffice.com\/fr\/wp-json\/wp\/v2\/product\/34939","targetHints":{"allow":["GET"]}}],"collection":[{"href":"https:\/\/arturo.winandoffice.com\/fr\/wp-json\/wp\/v2\/product"}],"about":[{"href":"https:\/\/arturo.winandoffice.com\/fr\/wp-json\/wp\/v2\/types\/product"}],"replies":[{"embeddable":true,"href":"https:\/\/arturo.winandoffice.com\/fr\/wp-json\/wp\/v2\/comments?post=34939"}],"wp:featuredmedia":[{"embeddable":true,"href":"https:\/\/arturo.winandoffice.com\/fr\/wp-json\/"}],"wp:attachment":[{"href":"https:\/\/arturo.winandoffice.com\/fr\/wp-json\/wp\/v2\/media?parent=34939"}],"wp:term":[{"taxonomy":"product_brand","embeddable":true,"href":"https:\/\/arturo.winandoffice.com\/fr\/wp-json\/wp\/v2\/product_brand?post=34939"},{"taxonomy":"product_cat","embeddable":true,"href":"https:\/\/arturo.winandoffice.com\/fr\/wp-json\/wp\/v2\/product_cat?post=34939"},{"taxonomy":"product_tag","embeddable":true,"href":"https:\/\/arturo.winandoffice.com\/fr\/wp-json\/wp\/v2\/product_tag?post=34939"}],"curies":[{"name":"wp","href":"https:\/\/api.w.org\/{rel}","templated":true}]}}