{"id":34938,"date":"2023-03-20T13:12:03","date_gmt":"2023-03-20T12:12:03","guid":{"rendered":"https:\/\/arturo.winandoffice.com\/?post_type=product&#038;p=34938"},"modified":"2025-09-03T22:14:35","modified_gmt":"2025-09-03T21:14:35","slug":"microsoft-windows-10-professional","status":"publish","type":"product","link":"https:\/\/arturo.winandoffice.com\/fr\/produkt\/microsoft-windows-10-professional\/","title":{"rendered":"Microsoft Windows 10 Professional License for 3 PC"},"content":{"rendered":"<div class=\"wpb-content-wrapper\"><div class=\"vc_row wpb_row vc_row-fluid\" style=\"background-position: None!important;  \"><div class=\"wpb_column vc_column_container vc_col-sm-12\"><div class=\"vc_column-inner\"><div class=\"wpb_wrapper\">\n\t<div class=\"wpb_text_column wpb_content_element\" >\n\t\t<div class=\"wpb_wrapper\">\n\t\t\t<h1><span style=\"font-size: 32px;\"><strong>Microsoft Windows 10 Professional (version compl\u00e8te et illimit\u00e9e d'un partenaire certifi\u00e9 Microsoft Gold Partner)<\/strong><\/span><\/h1>\n<p><strong>Avec cette licence, le logiciel peut \u00eatre activ\u00e9 sur 3 appareils diff\u00e9rents, par exemple un ordinateur personnel, un ordinateur portable et un ordinateur professionnel.<\/strong><\/p>\n<p><strong>Garantie de remboursement \u00e0 vie !!!<\/strong><\/p>\n<hr class=\"c-divider f-pad-top-3x\" data-grid=\"col-12\">\n<p>Avec la nouvelle version de Microsoft Windows 10 Professionnel, Microsoft propose aux particuliers exigeants et aux entreprises en particulier un syst\u00e8me d'exploitation moderne et intuitif. Microsoft Windows 10 Professionnel offre notamment des fonctions de s\u00e9curit\u00e9 am\u00e9lior\u00e9es, l'acc\u00e8s \u00e0 distance au bureau, le chiffrement BitLocker et l'assistant virtuel personnel Cortana. Le syst\u00e8me s'adapte \u00e0 tous les appareils gr\u00e2ce \u00e0 ses fonctionnalit\u00e9s avanc\u00e9es et pr\u00e9sente l'avantage que la configuration requise n'a pratiquement pas chang\u00e9 par rapport \u00e0 ses pr\u00e9d\u00e9cesseurs. Cela signifie que vous n'avez pas besoin d'investir dans du nouveau mat\u00e9riel pour profiter de Microsoft Windows 10 Professional.<\/p>\n<h3><strong>Configuration minimale requise<\/strong><\/h3>\n<p>CPU 1 GHz ou plus rapide<\/p>\n<p>1 Go de RAM pour 32 bits ou 2 Go de RAM pour 64 bits.<\/p>\n<p>16 Go d'espace disponible sur le disque dur pour un syst\u00e8me d'exploitation 32 bits ou 20 Go pour un syst\u00e8me d'exploitation 64 bits.<\/p>\n<p>Microsoft Windows 10 a plusieurs \u00e9ditions, toutes avec des ensembles de fonctionnalit\u00e9s, des cas d'utilisation ou des appareils pr\u00e9vus diff\u00e9rents. Certaines \u00e9ditions ne sont distribu\u00e9es que sur des appareils provenant directement d'un fabricant d'\u00e9quipement d'origine (OEM), tandis que des \u00e9ditions telles que Enterprise et Education ne sont disponibles que par le biais de canaux de licences en volume. Microsoft met \u00e9galement des \u00e9ditions de Microsoft Windows 10 \u00e0 la disposition des fabricants d'appareils pour une utilisation sur des classes sp\u00e9cifiques d'appareils, y compris les appareils IoT et Microsoft Windows 10 Mobile pour les smartphones pr\u00e9c\u00e9demment commercialis\u00e9s.<\/p>\n<p>Ces \u00e9ditions ajoutent des fonctionnalit\u00e9s qui facilitent le contr\u00f4le centralis\u00e9 de nombreuses installations du syst\u00e8me d'exploitation au sein d'une organisation. Le principal moyen de les acqu\u00e9rir est un contrat de licence en volume avec Microsoft.<\/p>\n<p>L'\u00e9ducation<br \/>\nMicrosoft Windows 10 Education est distribu\u00e9 par le biais de licences en volume pour les universit\u00e9s. Elle est bas\u00e9e sur Windows 10 Enterprise et a \u00e9t\u00e9 initialement d\u00e9clar\u00e9e comme ayant le m\u00eame ensemble de fonctionnalit\u00e9s. \u00c0 partir de la version 1709, cependant, cette \u00e9dition a moins de fonctionnalit\u00e9s. Voir le tableau de comparaison pour plus de d\u00e9tails.<br \/>\n\u00c9ducation professionnelle<br \/>\nCette \u00e9dition a \u00e9t\u00e9 introduite en juillet 2016 pour les partenaires mat\u00e9riels sur les nouveaux appareils achet\u00e9s avec la licence acad\u00e9mique K-12 \u00e0 prix r\u00e9duit. Elle \u00e9tait bas\u00e9e sur l'\u00e9dition Pro de Microsoft Windows 10 et contient principalement les m\u00eames fonctionnalit\u00e9s que Microsoft Windows 10 Pro avec diff\u00e9rentes options d\u00e9sactiv\u00e9es par d\u00e9faut, et ajoute des options pour la configuration et le d\u00e9ploiement dans un environnement \u00e9ducatif. Elle comporte \u00e9galement une application \"Set Up School PCs\" qui permet le provisionnement des param\u00e8tres \u00e0 l'aide d'une cl\u00e9 USB, et n'inclut pas Cortana, les suggestions du Microsoft Store, Windows Sandbox, ou Windows Spotlight.<\/p>\n<p>Nous avons plusieurs <a href=\"https:\/\/arturo.winandoffice.com\/fr\/categorie-produit\/microsoft-windows\/\">produits<\/a> qui peuvent vous int\u00e9resser<\/p>\n<h5>visitez le site <a href=\"https:\/\/www.microsoft.com\/\">microsoft<\/a> site pour plus de d\u00e9tails<\/h5>\n<p><strong>Assistance et soutien :<\/strong><\/p>\n<p>Pour toute question, n'h\u00e9sitez pas \u00e0 nous contacter <a href=\"mailto:support@arturo.winandoffice.com\" target=\"_blank\" rel=\"noopener\">par courrier \u00e9lectronique<\/a>.&nbsp;Our customer service and support is available 7 days a week, 24 hours a day.<\/p>\n\n\t\t<\/div>\n\t<\/div>\n<\/div><\/div><\/div><\/div>\n<\/div>","protected":false},"excerpt":{"rendered":"<ul>\n<li><strong>Licence : <\/strong>Avec cette licence, le logiciel peut \u00eatre activ\u00e9 sur 3 appareils diff\u00e9rents, par exemple l'ordinateur personnel, l'ordinateur portable et l'ordinateur professionnel. Garantie de remboursement \u00e0 vie !!!<\/li>\n<li><strong>Livraison :\u00a0<\/strong>Download link, product key and instructions delivered instantly by e-mail\u00e7<\/li>\n<li><strong>Version :\u00a0<\/strong>Version compl\u00e8te et illimit\u00e9e d'un partenaire certifi\u00e9 Microsoft Gold Partner<\/li>\n<li><strong>Langues : <\/strong>Anglais, espagnol, italien, allemand, fran\u00e7ais<\/li>\n<li><strong>Soutien : <\/strong>24\/7<\/li>\n<li><strong><span style=\"color: #008000;\">Ce produit est compatible avec Windows.<\/span><\/strong><\/li>\n<li><strong><span style=\"color: #ff0000;\">NOT compatible with Apple macOS\u2122, Apple Processors, Parallels for Mac, Android devices and Chromebooks.<\/span><\/strong><\/li>\n<\/ul>","protected":false},"featured_media":100000116586,"comment_status":"closed","ping_status":"closed","template":"","meta":{"_acf_changed":false},"product_brand":[],"product_cat":[161,166],"product_tag":[230,229],"class_list":{"0":"post-34938","1":"product","2":"type-product","3":"status-publish","4":"has-post-thumbnail","6":"product_cat-microsoft-windows","7":"product_cat-windows-10","8":"product_tag-microsoft-windows-10-professional","9":"product_tag-microsoft-windows-10-professional-license-for-3-pcs","11":"first","12":"instock","13":"sale","14":"virtual","15":"taxable","16":"purchasable","17":"product-type-simple"},"yoast_head":"<!-- This site is optimized with the Yoast SEO plugin v26.7 - https:\/\/yoast.com\/wordpress\/plugins\/seo\/ -->\n<title>Microsoft Windows 10 Professional license for 3 PCs<\/title>\n<meta name=\"description\" content=\"With this license the software can be activated on 3 different devices, e.g. home PC, notebook and work PCLifetime Replacement Warranty!!!\" \/>\n<meta name=\"robots\" content=\"index, follow, max-snippet:-1, max-image-preview:large, max-video-preview:-1\" \/>\n<link rel=\"canonical\" href=\"https:\/\/arturo.winandoffice.com\/fr\/produkt\/microsoft-windows-10-professional\/\" \/>\n<meta property=\"og:locale\" content=\"fr_FR\" \/>\n<meta property=\"og:type\" content=\"article\" \/>\n<meta property=\"og:title\" content=\"Microsoft Windows 10 Professional license for 3 PCs\" \/>\n<meta property=\"og:description\" content=\"With this license the software can be activated on 3 different devices, e.g. home PC, notebook and work PCLifetime Replacement Warranty!!!\" \/>\n<meta property=\"og:url\" content=\"https:\/\/arturo.winandoffice.com\/fr\/produkt\/microsoft-windows-10-professional\/\" \/>\n<meta property=\"og:site_name\" content=\"Arturo Card Shop\" \/>\n<meta property=\"article:publisher\" content=\"https:\/\/www.facebook.com\/Gamecardshopdotcom\" \/>\n<meta property=\"article:modified_time\" content=\"2025-09-03T21:14:35+00:00\" \/>\n<meta name=\"twitter:card\" content=\"summary_large_image\" \/>\n<meta name=\"twitter:site\" content=\"@gamecardshop_\" \/>\n<meta name=\"twitter:label1\" content=\"Dur\u00e9e de lecture estim\u00e9e\" \/>\n\t<meta name=\"twitter:data1\" content=\"3 minutes\" \/>\n<script type=\"application\/ld+json\" class=\"yoast-schema-graph\">{\"@context\":\"https:\/\/schema.org\",\"@graph\":[{\"@type\":\"WebPage\",\"@id\":\"https:\/\/arturo.winandoffice.com\/produkt\/microsoft-windows-10-professional\/\",\"url\":\"https:\/\/arturo.winandoffice.com\/produkt\/microsoft-windows-10-professional\/\",\"name\":\"Microsoft Windows 10 Professional license for 3 PCs\",\"isPartOf\":{\"@id\":\"https:\/\/arturo.winandoffice.com\/es\/#website\"},\"primaryImageOfPage\":{\"@id\":\"https:\/\/arturo.winandoffice.com\/produkt\/microsoft-windows-10-professional\/#primaryimage\"},\"image\":{\"@id\":\"https:\/\/arturo.winandoffice.com\/produkt\/microsoft-windows-10-professional\/#primaryimage\"},\"thumbnailUrl\":\"https:\/\/arturo.winandoffice.com\/wp-content\/uploads\/2023\/03\/W10P.jpg\",\"datePublished\":\"2023-03-20T12:12:03+00:00\",\"dateModified\":\"2025-09-03T21:14:35+00:00\",\"description\":\"With this license the software can be activated on 3 different devices, e.g. home PC, notebook and work PCLifetime Replacement Warranty!!!\",\"breadcrumb\":{\"@id\":\"https:\/\/arturo.winandoffice.com\/produkt\/microsoft-windows-10-professional\/#breadcrumb\"},\"inLanguage\":\"fr-FR\",\"potentialAction\":[{\"@type\":\"ReadAction\",\"target\":[\"https:\/\/arturo.winandoffice.com\/produkt\/microsoft-windows-10-professional\/\"]}]},{\"@type\":\"ImageObject\",\"inLanguage\":\"fr-FR\",\"@id\":\"https:\/\/arturo.winandoffice.com\/produkt\/microsoft-windows-10-professional\/#primaryimage\",\"url\":\"https:\/\/arturo.winandoffice.com\/wp-content\/uploads\/2023\/03\/W10P.jpg\",\"contentUrl\":\"https:\/\/arturo.winandoffice.com\/wp-content\/uploads\/2023\/03\/W10P.jpg\"},{\"@type\":\"BreadcrumbList\",\"@id\":\"https:\/\/arturo.winandoffice.com\/produkt\/microsoft-windows-10-professional\/#breadcrumb\",\"itemListElement\":[{\"@type\":\"ListItem\",\"position\":1,\"name\":\"Home\",\"item\":\"https:\/\/arturo.winandoffice.com\/\"},{\"@type\":\"ListItem\",\"position\":2,\"name\":\"Shop\",\"item\":\"https:\/\/arturo.winandoffice.com\/shop\/\"},{\"@type\":\"ListItem\",\"position\":3,\"name\":\"Microsoft Windows 10 Professional License for 3 PC\"}]},{\"@type\":\"WebSite\",\"@id\":\"https:\/\/arturo.winandoffice.com\/es\/#website\",\"url\":\"https:\/\/arturo.winandoffice.com\/es\/\",\"name\":\"Arturo Card Shop\",\"description\":\"Buy your office\",\"publisher\":{\"@id\":\"https:\/\/arturo.winandoffice.com\/es\/#organization\"},\"potentialAction\":[{\"@type\":\"SearchAction\",\"target\":{\"@type\":\"EntryPoint\",\"urlTemplate\":\"https:\/\/arturo.winandoffice.com\/es\/?s={search_term_string}\"},\"query-input\":{\"@type\":\"PropertyValueSpecification\",\"valueRequired\":true,\"valueName\":\"search_term_string\"}}],\"inLanguage\":\"fr-FR\"},{\"@type\":\"Organization\",\"@id\":\"https:\/\/arturo.winandoffice.com\/es\/#organization\",\"name\":\"Arturo Card Shop\",\"url\":\"https:\/\/arturo.winandoffice.com\/es\/\",\"logo\":{\"@type\":\"ImageObject\",\"inLanguage\":\"fr-FR\",\"@id\":\"https:\/\/arturo.winandoffice.com\/es\/#\/schema\/logo\/image\/\",\"url\":\"https:\/\/arturo.winandoffice.com\/wp-content\/uploads\/2022\/10\/logo.png\",\"contentUrl\":\"https:\/\/arturo.winandoffice.com\/wp-content\/uploads\/2022\/10\/logo.png\",\"width\":1710,\"height\":175,\"caption\":\"Arturo Card Shop\"},\"image\":{\"@id\":\"https:\/\/arturo.winandoffice.com\/es\/#\/schema\/logo\/image\/\"},\"sameAs\":[\"https:\/\/www.facebook.com\/Gamecardshopdotcom\",\"https:\/\/x.com\/gamecardshop_\",\"https:\/\/www.youtube.com\/@gamecardshop\",\"https:\/\/www.youtube.com\/@arturo.winandoffice.com_\",\"https:\/\/de.trustpilot.com\/review\/arturo.winandoffice.com\",\"https:\/\/www.provenexpert.com\/game-card-shop\/\",\"https:\/\/www.tiktok.com\/@arturo.winandoffice.com\",\"https:\/\/www.shopauskunft.de\/review\/arturo.winandoffice.com\",\"https:\/\/www.ausgezeichnet.org\/bewertungen-arturo.winandoffice.com-HNVDH\",\"https:\/\/www.trustedshops.eu\/buyerrating\/info_X93C3F0168B7533F969FC6C787543C130.html\"]}]}<\/script>\n<!-- \/ Yoast SEO plugin. -->","yoast_head_json":{"title":"Microsoft Licence Windows 10 Professionnel pour 3 PCs","description":"Avec cette licence, le logiciel peut \u00eatre activ\u00e9 sur 3 appareils diff\u00e9rents, par exemple le PC domestique, l'ordinateur portable et le PC de travail Garantie de remplacement \u00e0 vie !","robots":{"index":"index","follow":"follow","max-snippet":"max-snippet:-1","max-image-preview":"max-image-preview:large","max-video-preview":"max-video-preview:-1"},"canonical":"https:\/\/arturo.winandoffice.com\/fr\/produkt\/microsoft-windows-10-professional\/","og_locale":"fr_FR","og_type":"article","og_title":"Microsoft Windows 10 Professional license for 3 PCs","og_description":"With this license the software can be activated on 3 different devices, e.g. home PC, notebook and work PCLifetime Replacement Warranty!!!","og_url":"https:\/\/arturo.winandoffice.com\/fr\/produkt\/microsoft-windows-10-professional\/","og_site_name":"Arturo Card Shop","article_publisher":"https:\/\/www.facebook.com\/Gamecardshopdotcom","article_modified_time":"2025-09-03T21:14:35+00:00","twitter_card":"summary_large_image","twitter_site":"@gamecardshop_","twitter_misc":{"Dur\u00e9e de lecture estim\u00e9e":"3 minutes"},"schema":{"@context":"https:\/\/schema.org","@graph":[{"@type":"WebPage","@id":"https:\/\/arturo.winandoffice.com\/produkt\/microsoft-windows-10-professional\/","url":"https:\/\/arturo.winandoffice.com\/produkt\/microsoft-windows-10-professional\/","name":"Microsoft Licence Windows 10 Professionnel pour 3 PCs","isPartOf":{"@id":"https:\/\/arturo.winandoffice.com\/es\/#website"},"primaryImageOfPage":{"@id":"https:\/\/arturo.winandoffice.com\/produkt\/microsoft-windows-10-professional\/#primaryimage"},"image":{"@id":"https:\/\/arturo.winandoffice.com\/produkt\/microsoft-windows-10-professional\/#primaryimage"},"thumbnailUrl":"https:\/\/arturo.winandoffice.com\/wp-content\/uploads\/2023\/03\/W10P.jpg","datePublished":"2023-03-20T12:12:03+00:00","dateModified":"2025-09-03T21:14:35+00:00","description":"Avec cette licence, le logiciel peut \u00eatre activ\u00e9 sur 3 appareils diff\u00e9rents, par exemple le PC domestique, l'ordinateur portable et le PC de travail Garantie de remplacement \u00e0 vie !","breadcrumb":{"@id":"https:\/\/arturo.winandoffice.com\/produkt\/microsoft-windows-10-professional\/#breadcrumb"},"inLanguage":"fr-FR","potentialAction":[{"@type":"ReadAction","target":["https:\/\/arturo.winandoffice.com\/produkt\/microsoft-windows-10-professional\/"]}]},{"@type":"ImageObject","inLanguage":"fr-FR","@id":"https:\/\/arturo.winandoffice.com\/produkt\/microsoft-windows-10-professional\/#primaryimage","url":"https:\/\/arturo.winandoffice.com\/wp-content\/uploads\/2023\/03\/W10P.jpg","contentUrl":"https:\/\/arturo.winandoffice.com\/wp-content\/uploads\/2023\/03\/W10P.jpg"},{"@type":"BreadcrumbList","@id":"https:\/\/arturo.winandoffice.com\/produkt\/microsoft-windows-10-professional\/#breadcrumb","itemListElement":[{"@type":"ListItem","position":1,"name":"Home","item":"https:\/\/arturo.winandoffice.com\/"},{"@type":"ListItem","position":2,"name":"Shop","item":"https:\/\/arturo.winandoffice.com\/shop\/"},{"@type":"ListItem","position":3,"name":"Microsoft Windows 10 Professional License for 3 PC"}]},{"@type":"WebSite","@id":"https:\/\/arturo.winandoffice.com\/es\/#website","url":"https:\/\/arturo.winandoffice.com\/es\/","name":"Arturo Card Shop","description":"Acheter votre bureau","publisher":{"@id":"https:\/\/arturo.winandoffice.com\/es\/#organization"},"potentialAction":[{"@type":"SearchAction","target":{"@type":"EntryPoint","urlTemplate":"https:\/\/arturo.winandoffice.com\/es\/?s={search_term_string}"},"query-input":{"@type":"PropertyValueSpecification","valueRequired":true,"valueName":"search_term_string"}}],"inLanguage":"fr-FR"},{"@type":"Organization","@id":"https:\/\/arturo.winandoffice.com\/es\/#organization","name":"Arturo Card Shop","url":"https:\/\/arturo.winandoffice.com\/es\/","logo":{"@type":"ImageObject","inLanguage":"fr-FR","@id":"https:\/\/arturo.winandoffice.com\/es\/#\/schema\/logo\/image\/","url":"https:\/\/arturo.winandoffice.com\/wp-content\/uploads\/2022\/10\/logo.png","contentUrl":"https:\/\/arturo.winandoffice.com\/wp-content\/uploads\/2022\/10\/logo.png","width":1710,"height":175,"caption":"Arturo Card Shop"},"image":{"@id":"https:\/\/arturo.winandoffice.com\/es\/#\/schema\/logo\/image\/"},"sameAs":["https:\/\/www.facebook.com\/Gamecardshopdotcom","https:\/\/x.com\/gamecardshop_","https:\/\/www.youtube.com\/@gamecardshop","https:\/\/www.youtube.com\/@arturo.winandoffice.com_","https:\/\/de.trustpilot.com\/review\/arturo.winandoffice.com","https:\/\/www.provenexpert.com\/game-card-shop\/","https:\/\/www.tiktok.com\/@arturo.winandoffice.com","https:\/\/www.shopauskunft.de\/review\/arturo.winandoffice.com","https:\/\/www.ausgezeichnet.org\/bewertungen-arturo.winandoffice.com-HNVDH","https:\/\/www.trustedshops.eu\/buyerrating\/info_X93C3F0168B7533F969FC6C787543C130.html"]}]}},"acf":[],"_links":{"self":[{"href":"https:\/\/arturo.winandoffice.com\/fr\/wp-json\/wp\/v2\/product\/34938","targetHints":{"allow":["GET"]}}],"collection":[{"href":"https:\/\/arturo.winandoffice.com\/fr\/wp-json\/wp\/v2\/product"}],"about":[{"href":"https:\/\/arturo.winandoffice.com\/fr\/wp-json\/wp\/v2\/types\/product"}],"replies":[{"embeddable":true,"href":"https:\/\/arturo.winandoffice.com\/fr\/wp-json\/wp\/v2\/comments?post=34938"}],"wp:featuredmedia":[{"embeddable":true,"href":"https:\/\/arturo.winandoffice.com\/fr\/wp-json\/"}],"wp:attachment":[{"href":"https:\/\/arturo.winandoffice.com\/fr\/wp-json\/wp\/v2\/media?parent=34938"}],"wp:term":[{"taxonomy":"product_brand","embeddable":true,"href":"https:\/\/arturo.winandoffice.com\/fr\/wp-json\/wp\/v2\/product_brand?post=34938"},{"taxonomy":"product_cat","embeddable":true,"href":"https:\/\/arturo.winandoffice.com\/fr\/wp-json\/wp\/v2\/product_cat?post=34938"},{"taxonomy":"product_tag","embeddable":true,"href":"https:\/\/arturo.winandoffice.com\/fr\/wp-json\/wp\/v2\/product_tag?post=34938"}],"curies":[{"name":"wp","href":"https:\/\/api.w.org\/{rel}","templated":true}]}}