{"id":844,"date":"2017-10-03T13:23:02","date_gmt":"2017-10-03T12:23:02","guid":{"rendered":"https:\/\/arturo.winandoffice.com\/london\/?page_id=844"},"modified":"2025-09-19T21:24:01","modified_gmt":"2025-09-19T20:24:01","slug":"contact-us","status":"publish","type":"page","link":"https:\/\/arturo.winandoffice.com\/fr\/contact-us\/","title":{"rendered":"Nous contacter"},"content":{"rendered":"<div class=\"wpb-content-wrapper\"><div class=\"vc_row wpb_row vc_row-fluid\" style=\"background-position: None!important;  \"><div class=\"wpb_column vc_column_container vc_col-sm-12\"><div class=\"vc_column-inner\"><div class=\"wpb_wrapper\">\n\t<div class=\"wpb_text_column wpb_content_element\" >\n\t\t<div class=\"wpb_wrapper\">\n\t\t\t<div class=\"heading-decor\">\n<h1 class=\"h2\">Nous contacter<\/h1>\n<\/div>\n\n\t\t<\/div>\n\t<\/div>\n<\/div><\/div><\/div><\/div><div class=\"vc_row wpb_row vc_row-fluid vc_custom_1507814644316\" style=\"background-position: None!important;  \"><div class=\"wpb_column vc_column_container vc_col-sm-12\"><div class=\"vc_column-inner\"><div class=\"wpb_wrapper\"><div  class=\"vc_wp_text wpb_content_element\"><div class=\"widget widget_text\">\t\t\t<div class=\"textwidget\"><p><script>\n  function initFreshChat() {\n    window.fcWidget.init({\n      \t token: \"0b0ab2bd-7272-4bb2-b88f-7388c41cbccc\",\n\t host: \"https:\/\/gamecardshop-help.freshchat.com\",\n\t widgetUuid: \"a189dcd3-71dc-42fc-a684-c5ea56fca52d\"\n    });\n  }\n  function initialize(i,t){var e;i.getElementById(t)?\n  initFreshChat():((e=i.createElement(\"script\")).id=t,e.async=!0,\n  e.src=\"https:\/\/gamecardshop-help.freshchat.com\/js\/widget.js\",e.onload=initFreshChat,i.head.appendChild(e))}\n  function initiateCall(){initialize(document,\"Freshchat-js-sdk\")}\n  window.addEventListener?window.addEventListener(\"load\",initiateCall,!1):\n  window.attachEvent(\"load\",initiateCall,!1);\n<\/script><\/p>\n<\/div>\n\t\t<\/div><\/div><\/div><\/div><\/div><div class=\"wpb_column vc_column_container vc_col-sm-5\"><div class=\"vc_column-inner\"><div class=\"wpb_wrapper\">\n\t<div class=\"wpb_text_column wpb_content_element\" >\n\t\t<div class=\"wpb_wrapper\">\n\t\t\t<p><span style=\"font-weight: 300;\">Si vous avez des questions, veuillez remplir le court formulaire ci-dessous pour nous envoyer un courriel et nous promettons de vous r\u00e9pondre \u00e0 la vitesse de l'\u00e9clair.<\/span><\/p>\n\n<div class=\"wpcf7 no-js\" id=\"wpcf7-f1106-o1\" lang=\"en-US\" dir=\"ltr\" data-wpcf7-id=\"1106\">\n<div class=\"screen-reader-response\"><p role=\"status\" aria-live=\"polite\" aria-atomic=\"true\"><\/p> <ul><\/ul><\/div>\n<form action=\"\/fr\/wp-json\/wp\/v2\/pages\/844#wpcf7-f1106-o1\" method=\"post\" class=\"wpcf7-form init\" aria-label=\"Formulaire de contact\" novalidate=\"novalidate\" data-status=\"init\" data-trp-original-action=\"\/fr\/wp-json\/wp\/v2\/pages\/844#wpcf7-f1106-o1\">\n<fieldset class=\"hidden-fields-container\"><input type=\"hidden\" name=\"_wpcf7\" value=\"1106\" \/><input type=\"hidden\" name=\"_wpcf7_version\" value=\"6.1.5\" \/><input type=\"hidden\" name=\"_wpcf7_locale\" value=\"en_US\" \/><input type=\"hidden\" name=\"_wpcf7_unit_tag\" value=\"wpcf7-f1106-o1\" \/><input type=\"hidden\" name=\"_wpcf7_container_post\" value=\"0\" \/><input type=\"hidden\" name=\"_wpcf7_posted_data_hash\" value=\"\" \/>\n<\/fieldset>\n<p><span class=\"wpcf7-form-control-wrap\" data-name=\"your-name\"><input size=\"40\" maxlength=\"400\" class=\"wpcf7-form-control wpcf7-text wpcf7-validates-as-required style1\" aria-required=\"true\" aria-invalid=\"false\" placeholder=\"Entrez votre nom\" value=\"\" type=\"text\" name=\"your-name\" \/><\/span><br \/>\n<span class=\"wpcf7-form-control-wrap\" data-name=\"your-email\"><input size=\"40\" maxlength=\"400\" class=\"wpcf7-form-control wpcf7-email wpcf7-validates-as-required wpcf7-text wpcf7-validates-as-email style1\" aria-required=\"true\" aria-invalid=\"false\" placeholder=\"Entrez votre e-mail\" value=\"\" type=\"email\" name=\"your-email\" \/><\/span><br \/>\n<span class=\"wpcf7-form-control-wrap\" data-name=\"your-subject\"><input size=\"40\" maxlength=\"400\" class=\"wpcf7-form-control wpcf7-text style1\" aria-invalid=\"false\" placeholder=\"Enter your Subject\" value=\"\" type=\"text\" name=\"your-subject\" \/><\/span><br \/>\n<span class=\"wpcf7-form-control-wrap\" data-name=\"your-message\"><textarea cols=\"40\" rows=\"4\" maxlength=\"2000\" class=\"wpcf7-form-control wpcf7-textarea style1\" aria-invalid=\"false\" placeholder=\"Entrez votre message\" name=\"your-message\"><\/textarea><\/span><br \/>\n<br \/>\n<input class=\"wpcf7-form-control wpcf7-submit has-spinner button-style2\" type=\"submit\" value=\"envoyer\" \/>\n<\/p><div class=\"wpcf7-response-output\" aria-hidden=\"true\"><\/div>\n<input type=\"hidden\" name=\"trp-form-language\" value=\"fr\"\/><\/form>\n<\/div>\n\n\n\t\t<\/div>\n\t<\/div>\n<\/div><\/div><\/div><div class=\"wpb_column vc_column_container vc_col-sm-7\"><div class=\"vc_column-inner vc_custom_1507814940679\"><div class=\"wpb_wrapper\">\n\t<div class=\"wpb_text_column wpb_content_element vc_custom_1715613956233\" >\n\t\t<div class=\"wpb_wrapper\">\n\t\t\t<h4>Game Card Shop<\/h4>\n<p><strong>Nom :<\/strong> RUDOLF HAHN<\/p>\n<p><strong>Adresse : <\/strong>Flight Forum 40, 5657DB, Eindhoven, Brabant du Nord, Pays-Bas<\/p>\n<p><strong>Succursale Allemagne\u00a0: <\/strong>Saturnweg 27A, 22391 Hamburg, Deutschland<\/p>\n<p><strong>BTW :<\/strong> NL002084071A85<\/p>\n<p><strong>KVK : <\/strong>37149714<\/p>\n<p><strong>T\u00e9l\u00e9phone :<\/strong> (+31) 0800 0222475<\/p>\n<p><strong>E-Mail :<\/strong> <a href=\"mailto:&lt;a href=&#039;mailto:support@arturo.winandoffice.com&#039;&gt;support@arturo.winandoffice.com&lt;\/a&gt;\"><a href='mailto:support@arturo.winandoffice.com'>support@arturo.winandoffice.com<\/a><\/a><\/p>\n\n\t\t<\/div>\n\t<\/div>\n<\/div><\/div><\/div><\/div><div data-vc-full-width=\"true\" data-vc-full-width-init=\"false\" data-vc-stretch-content=\"true\" class=\"vc_row wpb_row vc_row-fluid vc_custom_1507028978097 vc_row-has-fill vc_row-no-padding vc_row-o-equal-height vc_row-flex\" style=\"background-position: None!important;  \"><div class=\"wpb_column vc_column_container vc_col-sm-4 vc_col-has-fill\"><div class=\"vc_column-inner vc_custom_1507029394221\"><div class=\"wpb_wrapper\"><div \tclass=\"vc_icon_element vc_icon_element-outer vc_icon_element-align-center\">\n\t<div class=\"vc_icon_element-inner vc_icon_element-color-black vc_icon_element-size-xl vc_icon_element-style- vc_icon_element-background-color-grey\">\n\t\t\t\t<span class=\"vc_icon_element-icon fas fa-cart-arrow-down\" ><\/span><\/div>\n<\/div>\n\n\t<div class=\"wpb_text_column wpb_content_element vc_custom_1674482140698\" >\n\t\t<div class=\"wpb_wrapper\">\n\t\t\t<h6 style=\"text-align: center;\"><span style=\"text-transform: uppercase; font-weight: 500;\">Achetez-le maintenant<\/span><\/h6>\n<p style=\"text-align: center;\"><span style=\"font-size: 12px; font-weight: 300;\">Livraison garantie dans les 2 minutes<br \/>\napr\u00e8s l'achat. <\/span><\/p>\n\n\t\t<\/div>\n\t<\/div>\n<div class=\"button-area tac\"><a class=\"button-style2 button-6a004fcd9ce92\" href=\"https:\/\/arturo.winandoffice.com\/fr\/ny\/shop\/\" target=\"_self\" title=\"Nous contacter\" rel=\"\">Achat<\/a><\/div><\/div><\/div><\/div><div class=\"wpb_column vc_column_container vc_col-sm-4 vc_col-has-fill\"><div class=\"vc_column-inner vc_custom_1507029434768\"><div class=\"wpb_wrapper\"><div \tclass=\"vc_icon_element vc_icon_element-outer vc_icon_element-align-center\">\n\t<div class=\"vc_icon_element-inner vc_icon_element-color-black vc_icon_element-size-xl vc_icon_element-style- vc_icon_element-background-color-grey\">\n\t\t\t\t<span class=\"vc_icon_element-icon miscellaneous-icon-phone-call\" ><\/span><\/div>\n<\/div>\n\n\t<div class=\"wpb_text_column wpb_content_element\" >\n\t\t<div class=\"wpb_wrapper\">\n\t\t\t<h6 style=\"text-align: center;\"><span style=\"text-transform: uppercase; font-weight: 500;\">Appelez-nous<\/span><\/h6>\n<p style=\"text-align: center;\"><span style=\"font-size: 12px; font-weight: 300;\">Appelez-nous pour r\u00e9soudre vos questions ou vos probl\u00e8mes.<br \/>\n24 heures par jour, 7 jours par semaine<br \/>\n<\/span><\/p>\n\n\t\t<\/div>\n\t<\/div>\n\n\t<div class=\"wpb_text_column wpb_content_element\" >\n\t\t<div class=\"wpb_wrapper\">\n\t\t\t<p style=\"text-align: center;\"><span style=\"font-size: 18px; font-weight: 500;\"><a href=\"https:\/\/shop.winandoffice.com\/america\/\">(+31) 0800 0222475<\/a><br \/>\n<\/span><\/p>\n\n\t\t<\/div>\n\t<\/div>\n<\/div><\/div><\/div><div class=\"wpb_column vc_column_container vc_col-sm-4 vc_col-has-fill\"><div class=\"vc_column-inner vc_custom_1507029418290\"><div class=\"wpb_wrapper\"><div \tclass=\"vc_icon_element vc_icon_element-outer vc_icon_element-align-center\">\n\t<div class=\"vc_icon_element-inner vc_icon_element-color-black vc_icon_element-size-xl vc_icon_element-style- vc_icon_element-background-color-grey\">\n\t\t\t\t<span class=\"vc_icon_element-icon fas fa-check\" ><\/span><\/div>\n<\/div>\n\n\t<div class=\"wpb_text_column wpb_content_element\" >\n\t\t<div class=\"wpb_wrapper\">\n\t\t\t<h6 style=\"text-align: center;\"><span style=\"text-transform: uppercase; font-weight: 500;\">nous faire confiance<br \/>\n<a href=\"https:\/\/www.provenexpert.com\/game-card-shop\/\" target=\"_blank\" rel=\"noopener\"><img loading=\"lazy\" decoding=\"async\" class=\"alignnone wp-image-13457\" src=\"https:\/\/arturo.winandoffice.com\/london\/wp-content\/uploads\/2023\/01\/provonexpert2ok.png\" alt=\"\" width=\"114\" height=\"114\" srcset=\"https:\/\/arturo.winandoffice.com\/wp-content\/uploads\/2023\/01\/provonexpert2ok.png 130w, https:\/\/arturo.winandoffice.com\/wp-content\/uploads\/2023\/01\/provonexpert2ok-100x100.png 100w, https:\/\/arturo.winandoffice.com\/wp-content\/uploads\/2023\/01\/provonexpert2ok-12x12.png 12w\" sizes=\"auto, (max-width: 114px) 100vw, 114px\" \/><\/a> \u00a0 <a href=\"https:\/\/www.trustpilot.com\/review\/arturo.winandoffice.com\" target=\"_blank\" rel=\"noopener\"><img loading=\"lazy\" decoding=\"async\" class=\"alignnone wp-image-13454\" src=\"https:\/\/arturo.winandoffice.com\/london\/wp-content\/uploads\/2023\/01\/trustpilook.png\" alt=\"\" width=\"114\" height=\"114\" srcset=\"https:\/\/arturo.winandoffice.com\/wp-content\/uploads\/2023\/01\/trustpilook.png 130w, https:\/\/arturo.winandoffice.com\/wp-content\/uploads\/2023\/01\/trustpilook-100x100.png 100w, https:\/\/arturo.winandoffice.com\/wp-content\/uploads\/2023\/01\/trustpilook-12x12.png 12w\" sizes=\"auto, (max-width: 114px) 100vw, 114px\" \/><\/a> <a href=\"https:\/\/www.trustami.com\/review\/gamecardshop-com-rating\" target=\"_blank\" rel=\"noopener\"><img loading=\"lazy\" decoding=\"async\" class=\"alignnone wp-image-13458\" src=\"https:\/\/arturo.winandoffice.com\/london\/wp-content\/uploads\/2023\/01\/trust2.png\" alt=\"\" width=\"109\" height=\"109\" srcset=\"https:\/\/arturo.winandoffice.com\/wp-content\/uploads\/2023\/01\/trust2.png 130w, https:\/\/arturo.winandoffice.com\/wp-content\/uploads\/2023\/01\/trust2-100x100.png 100w, https:\/\/arturo.winandoffice.com\/wp-content\/uploads\/2023\/01\/trust2-12x12.png 12w\" sizes=\"auto, (max-width: 109px) 100vw, 109px\" \/><\/a><br \/>\n<\/span><\/h6>\n\n\t\t<\/div>\n\t<\/div>\n<\/div><\/div><\/div><\/div><div class=\"vc_row-full-width vc_clearfix\"><\/div>\n<\/div>","protected":false},"excerpt":{"rendered":"Contact Us If you\u2019ve got any questions, please fill out the short form below to drop us an email and we promise to get back to you in lightening speed. Game Card Shop Name: RUDOLF HAHN Address: Flight Forum 40, 5657DB, Eindhoven, North Brabant, Netherlands Branch Germany: Saturnweg 27A, 22391 Hamburg, Deutschland BTW: NL002084071A85 KVK: [...]","protected":false},"author":1,"featured_media":0,"parent":0,"menu_order":0,"comment_status":"closed","ping_status":"closed","template":"template-landing.php","meta":{"_acf_changed":false,"footnotes":""},"class_list":["post-844","page","type-page","status-publish","hentry"],"yoast_head":"<!-- This site is optimized with the Yoast SEO plugin v26.7 - https:\/\/yoast.com\/wordpress\/plugins\/seo\/ -->\n<title>Contact Us - Arturo Card Shop<\/title>\n<meta name=\"robots\" content=\"index, follow, max-snippet:-1, max-image-preview:large, max-video-preview:-1\" \/>\n<link rel=\"canonical\" href=\"https:\/\/arturo.winandoffice.com\/fr\/contact-us\/\" \/>\n<meta property=\"og:locale\" content=\"fr_FR\" \/>\n<meta property=\"og:type\" content=\"article\" \/>\n<meta property=\"og:title\" content=\"Contact Us - Arturo Card Shop\" \/>\n<meta property=\"og:url\" content=\"https:\/\/arturo.winandoffice.com\/fr\/contact-us\/\" \/>\n<meta property=\"og:site_name\" content=\"Arturo Card Shop\" \/>\n<meta property=\"article:publisher\" content=\"https:\/\/www.facebook.com\/Gamecardshopdotcom\" \/>\n<meta property=\"article:modified_time\" content=\"2025-09-19T20:24:01+00:00\" \/>\n<meta property=\"og:image\" content=\"https:\/\/arturo.winandoffice.com\/wp-content\/uploads\/2023\/01\/provonexpert2ok.png\" \/>\n\t<meta property=\"og:image:width\" content=\"130\" \/>\n\t<meta property=\"og:image:height\" content=\"130\" \/>\n\t<meta property=\"og:image:type\" content=\"image\/png\" \/>\n<meta name=\"twitter:card\" content=\"summary_large_image\" \/>\n<meta name=\"twitter:site\" content=\"@gamecardshop_\" \/>\n<meta name=\"twitter:label1\" content=\"Dur\u00e9e de lecture estim\u00e9e\" \/>\n\t<meta name=\"twitter:data1\" content=\"2 minutes\" \/>\n<script type=\"application\/ld+json\" class=\"yoast-schema-graph\">{\"@context\":\"https:\/\/schema.org\",\"@graph\":[{\"@type\":\"WebPage\",\"@id\":\"https:\/\/arturo.winandoffice.com\/contact-us\/\",\"url\":\"https:\/\/arturo.winandoffice.com\/contact-us\/\",\"name\":\"Contact Us - Arturo Card Shop\",\"isPartOf\":{\"@id\":\"https:\/\/arturo.winandoffice.com\/es\/#website\"},\"primaryImageOfPage\":{\"@id\":\"https:\/\/arturo.winandoffice.com\/contact-us\/#primaryimage\"},\"image\":{\"@id\":\"https:\/\/arturo.winandoffice.com\/contact-us\/#primaryimage\"},\"thumbnailUrl\":\"https:\/\/arturo.winandoffice.com\/london\/wp-content\/uploads\/2023\/01\/provonexpert2ok.png\",\"datePublished\":\"2017-10-03T12:23:02+00:00\",\"dateModified\":\"2025-09-19T20:24:01+00:00\",\"breadcrumb\":{\"@id\":\"https:\/\/arturo.winandoffice.com\/contact-us\/#breadcrumb\"},\"inLanguage\":\"fr-FR\",\"potentialAction\":[{\"@type\":\"ReadAction\",\"target\":[\"https:\/\/arturo.winandoffice.com\/contact-us\/\"]}]},{\"@type\":\"ImageObject\",\"inLanguage\":\"fr-FR\",\"@id\":\"https:\/\/arturo.winandoffice.com\/contact-us\/#primaryimage\",\"url\":\"https:\/\/arturo.winandoffice.com\/london\/wp-content\/uploads\/2023\/01\/provonexpert2ok.png\",\"contentUrl\":\"https:\/\/arturo.winandoffice.com\/london\/wp-content\/uploads\/2023\/01\/provonexpert2ok.png\"},{\"@type\":\"BreadcrumbList\",\"@id\":\"https:\/\/arturo.winandoffice.com\/contact-us\/#breadcrumb\",\"itemListElement\":[{\"@type\":\"ListItem\",\"position\":1,\"name\":\"Home\",\"item\":\"https:\/\/arturo.winandoffice.com\/\"},{\"@type\":\"ListItem\",\"position\":2,\"name\":\"Contact Us\"}]},{\"@type\":\"WebSite\",\"@id\":\"https:\/\/arturo.winandoffice.com\/es\/#website\",\"url\":\"https:\/\/arturo.winandoffice.com\/es\/\",\"name\":\"Arturo Card Shop\",\"description\":\"Buy your office\",\"publisher\":{\"@id\":\"https:\/\/arturo.winandoffice.com\/es\/#organization\"},\"potentialAction\":[{\"@type\":\"SearchAction\",\"target\":{\"@type\":\"EntryPoint\",\"urlTemplate\":\"https:\/\/arturo.winandoffice.com\/es\/?s={search_term_string}\"},\"query-input\":{\"@type\":\"PropertyValueSpecification\",\"valueRequired\":true,\"valueName\":\"search_term_string\"}}],\"inLanguage\":\"fr-FR\"},{\"@type\":\"Organization\",\"@id\":\"https:\/\/arturo.winandoffice.com\/es\/#organization\",\"name\":\"Arturo Card Shop\",\"url\":\"https:\/\/arturo.winandoffice.com\/es\/\",\"logo\":{\"@type\":\"ImageObject\",\"inLanguage\":\"fr-FR\",\"@id\":\"https:\/\/arturo.winandoffice.com\/es\/#\/schema\/logo\/image\/\",\"url\":\"https:\/\/arturo.winandoffice.com\/wp-content\/uploads\/2022\/10\/logo.png\",\"contentUrl\":\"https:\/\/arturo.winandoffice.com\/wp-content\/uploads\/2022\/10\/logo.png\",\"width\":1710,\"height\":175,\"caption\":\"Arturo Card Shop\"},\"image\":{\"@id\":\"https:\/\/arturo.winandoffice.com\/es\/#\/schema\/logo\/image\/\"},\"sameAs\":[\"https:\/\/www.facebook.com\/Gamecardshopdotcom\",\"https:\/\/x.com\/gamecardshop_\",\"https:\/\/www.youtube.com\/@gamecardshop\",\"https:\/\/www.youtube.com\/@arturo.winandoffice.com_\",\"https:\/\/de.trustpilot.com\/review\/arturo.winandoffice.com\",\"https:\/\/www.provenexpert.com\/game-card-shop\/\",\"https:\/\/www.tiktok.com\/@arturo.winandoffice.com\",\"https:\/\/www.shopauskunft.de\/review\/arturo.winandoffice.com\",\"https:\/\/www.ausgezeichnet.org\/bewertungen-arturo.winandoffice.com-HNVDH\",\"https:\/\/www.trustedshops.eu\/buyerrating\/info_X93C3F0168B7533F969FC6C787543C130.html\"]}]}<\/script>\n<!-- \/ Yoast SEO plugin. -->","yoast_head_json":{"title":"Contact Us - Arturo Card Shop","robots":{"index":"index","follow":"follow","max-snippet":"max-snippet:-1","max-image-preview":"max-image-preview:large","max-video-preview":"max-video-preview:-1"},"canonical":"https:\/\/arturo.winandoffice.com\/fr\/contact-us\/","og_locale":"fr_FR","og_type":"article","og_title":"Contact Us - Arturo Card Shop","og_url":"https:\/\/arturo.winandoffice.com\/fr\/contact-us\/","og_site_name":"Arturo Card Shop","article_publisher":"https:\/\/www.facebook.com\/Gamecardshopdotcom","article_modified_time":"2025-09-19T20:24:01+00:00","og_image":[{"width":130,"height":130,"url":"https:\/\/arturo.winandoffice.com\/wp-content\/uploads\/2023\/01\/provonexpert2ok.png","type":"image\/png"}],"twitter_card":"summary_large_image","twitter_site":"@gamecardshop_","twitter_misc":{"Dur\u00e9e de lecture estim\u00e9e":"2 minutes"},"schema":{"@context":"https:\/\/schema.org","@graph":[{"@type":"WebPage","@id":"https:\/\/arturo.winandoffice.com\/contact-us\/","url":"https:\/\/arturo.winandoffice.com\/contact-us\/","name":"Contact Us - Arturo Card Shop","isPartOf":{"@id":"https:\/\/arturo.winandoffice.com\/es\/#website"},"primaryImageOfPage":{"@id":"https:\/\/arturo.winandoffice.com\/contact-us\/#primaryimage"},"image":{"@id":"https:\/\/arturo.winandoffice.com\/contact-us\/#primaryimage"},"thumbnailUrl":"https:\/\/arturo.winandoffice.com\/london\/wp-content\/uploads\/2023\/01\/provonexpert2ok.png","datePublished":"2017-10-03T12:23:02+00:00","dateModified":"2025-09-19T20:24:01+00:00","breadcrumb":{"@id":"https:\/\/arturo.winandoffice.com\/contact-us\/#breadcrumb"},"inLanguage":"fr-FR","potentialAction":[{"@type":"ReadAction","target":["https:\/\/arturo.winandoffice.com\/contact-us\/"]}]},{"@type":"ImageObject","inLanguage":"fr-FR","@id":"https:\/\/arturo.winandoffice.com\/contact-us\/#primaryimage","url":"https:\/\/arturo.winandoffice.com\/london\/wp-content\/uploads\/2023\/01\/provonexpert2ok.png","contentUrl":"https:\/\/arturo.winandoffice.com\/london\/wp-content\/uploads\/2023\/01\/provonexpert2ok.png"},{"@type":"BreadcrumbList","@id":"https:\/\/arturo.winandoffice.com\/contact-us\/#breadcrumb","itemListElement":[{"@type":"ListItem","position":1,"name":"Home","item":"https:\/\/arturo.winandoffice.com\/"},{"@type":"ListItem","position":2,"name":"Contact Us"}]},{"@type":"WebSite","@id":"https:\/\/arturo.winandoffice.com\/es\/#website","url":"https:\/\/arturo.winandoffice.com\/es\/","name":"Arturo Card Shop","description":"Acheter votre bureau","publisher":{"@id":"https:\/\/arturo.winandoffice.com\/es\/#organization"},"potentialAction":[{"@type":"SearchAction","target":{"@type":"EntryPoint","urlTemplate":"https:\/\/arturo.winandoffice.com\/es\/?s={search_term_string}"},"query-input":{"@type":"PropertyValueSpecification","valueRequired":true,"valueName":"search_term_string"}}],"inLanguage":"fr-FR"},{"@type":"Organization","@id":"https:\/\/arturo.winandoffice.com\/es\/#organization","name":"Arturo Card Shop","url":"https:\/\/arturo.winandoffice.com\/es\/","logo":{"@type":"ImageObject","inLanguage":"fr-FR","@id":"https:\/\/arturo.winandoffice.com\/es\/#\/schema\/logo\/image\/","url":"https:\/\/arturo.winandoffice.com\/wp-content\/uploads\/2022\/10\/logo.png","contentUrl":"https:\/\/arturo.winandoffice.com\/wp-content\/uploads\/2022\/10\/logo.png","width":1710,"height":175,"caption":"Arturo Card Shop"},"image":{"@id":"https:\/\/arturo.winandoffice.com\/es\/#\/schema\/logo\/image\/"},"sameAs":["https:\/\/www.facebook.com\/Gamecardshopdotcom","https:\/\/x.com\/gamecardshop_","https:\/\/www.youtube.com\/@gamecardshop","https:\/\/www.youtube.com\/@arturo.winandoffice.com_","https:\/\/de.trustpilot.com\/review\/arturo.winandoffice.com","https:\/\/www.provenexpert.com\/game-card-shop\/","https:\/\/www.tiktok.com\/@arturo.winandoffice.com","https:\/\/www.shopauskunft.de\/review\/arturo.winandoffice.com","https:\/\/www.ausgezeichnet.org\/bewertungen-arturo.winandoffice.com-HNVDH","https:\/\/www.trustedshops.eu\/buyerrating\/info_X93C3F0168B7533F969FC6C787543C130.html"]}]}},"acf":[],"_links":{"self":[{"href":"https:\/\/arturo.winandoffice.com\/fr\/wp-json\/wp\/v2\/pages\/844","targetHints":{"allow":["GET"]}}],"collection":[{"href":"https:\/\/arturo.winandoffice.com\/fr\/wp-json\/wp\/v2\/pages"}],"about":[{"href":"https:\/\/arturo.winandoffice.com\/fr\/wp-json\/wp\/v2\/types\/page"}],"author":[{"embeddable":true,"href":"https:\/\/arturo.winandoffice.com\/fr\/wp-json\/wp\/v2\/users\/1"}],"replies":[{"embeddable":true,"href":"https:\/\/arturo.winandoffice.com\/fr\/wp-json\/wp\/v2\/comments?post=844"}],"version-history":[{"count":0,"href":"https:\/\/arturo.winandoffice.com\/fr\/wp-json\/wp\/v2\/pages\/844\/revisions"}],"wp:attachment":[{"href":"https:\/\/arturo.winandoffice.com\/fr\/wp-json\/wp\/v2\/media?parent=844"}],"curies":[{"name":"wp","href":"https:\/\/api.w.org\/{rel}","templated":true}]}}