{"id":1150,"date":"2020-12-16T15:58:31","date_gmt":"2020-12-16T15:58:31","guid":{"rendered":"https:\/\/shop.winandoffice.com\/?page_id=1150"},"modified":"2020-12-16T15:58:31","modified_gmt":"2020-12-16T15:58:31","slug":"payment-and-delivery","status":"publish","type":"page","link":"https:\/\/arturo.winandoffice.com\/fr\/payment-and-delivery\/","title":{"rendered":"Paiement et livraison"},"content":{"rendered":"<p><span style=\"font-size: 20px\"><strong>Exp\u00e9dition<\/strong><\/span><\/p>\n<p>Nos produits sont exp\u00e9di\u00e9s sous forme num\u00e9rique. D\u00e8s que nous aurons confirm\u00e9 la r\u00e9ception de votre paiement, vous recevrez un courriel contenant toutes les informations n\u00e9cessaires au t\u00e9l\u00e9chargement, \u00e0 l'installation et \u00e0 l'activation.<\/p>\n<p>Pour garantir la livraison des produits, vous devez vous assurer que vous saisissez correctement votre adresse \u00e9lectronique lors de la commande !<\/p>\n<p>Il n'y a pas de frais d'exp\u00e9dition pour l'envoi par courrier \u00e9lectronique.<\/p>\n<p><span style=\"font-size: 20px\"><strong>Options et conditions de paiement<\/strong><\/span><\/p>\n<p><strong>PayPal<\/strong><\/p>\n<p>Payez rapidement et commod\u00e9ment avec PayPal. C'est le moyen le plus rapide pour recevoir votre commande, g\u00e9n\u00e9ralement dans les 15 minutes.<\/p>\n<p><strong>Carte de cr\u00e9dit<\/strong><\/p>\n<p>Vous pouvez \u00e9galement payer par carte de cr\u00e9dit via le syst\u00e8me PayPal. Comme avec le paiement PayPal, le paiement sera confirm\u00e9 dans notre syst\u00e8me en quelques minutes et la commande sera envoy\u00e9e peu apr\u00e8s.<\/p>\n<p><strong>Virement bancaire<\/strong><\/p>\n<p>Une fois la commande termin\u00e9e, vous recevrez des informations sur le virement sur notre compte bancaire. L'exp\u00e9dition sera effectu\u00e9e d\u00e8s que nous pourrons confirmer la r\u00e9ception du paiement. Si vous nous envoyez un re\u00e7u pour votre virement, la commande sera exp\u00e9di\u00e9e le jour m\u00eame.<\/p>","protected":false},"excerpt":{"rendered":"<p>Exp\u00e9dition Nos produits sont exp\u00e9di\u00e9s sous forme num\u00e9rique. D\u00e8s que nous aurons confirm\u00e9 la r\u00e9ception de votre paiement, vous recevrez un e-mail contenant toutes les informations n\u00e9cessaires concernant le t\u00e9l\u00e9chargement, l'installation et l'activation. Pour garantir la livraison des produits, vous devez veiller \u00e0 saisir correctement votre adresse \u00e9lectronique lors de la commande ! Il n'y a pas de frais d'exp\u00e9dition [...]<\/p>","protected":false},"author":1,"featured_media":0,"parent":0,"menu_order":0,"comment_status":"closed","ping_status":"closed","template":"","meta":{"_acf_changed":false,"footnotes":""},"class_list":["post-1150","page","type-page","status-publish","hentry"],"yoast_head":"<!-- This site is optimized with the Yoast SEO plugin v26.7 - https:\/\/yoast.com\/wordpress\/plugins\/seo\/ -->\n<title>Payment and delivery - Arturo Card Shop<\/title>\n<meta name=\"robots\" content=\"index, follow, max-snippet:-1, max-image-preview:large, max-video-preview:-1\" \/>\n<link rel=\"canonical\" href=\"https:\/\/arturo.winandoffice.com\/fr\/payment-and-delivery\/\" \/>\n<meta property=\"og:locale\" content=\"fr_FR\" \/>\n<meta property=\"og:type\" content=\"article\" \/>\n<meta property=\"og:title\" content=\"Payment and delivery - Arturo Card Shop\" \/>\n<meta property=\"og:description\" content=\"Shipping Our products are shipped digitally. As soon as we have confirmed receipt of your payment, you will receive an email with all the necessary information about download, installation and activation. To guarantee the delivery of the products, you must ensure that you enter your email address correctly when ordering! There are no shipping costs [&hellip;]\" \/>\n<meta property=\"og:url\" content=\"https:\/\/arturo.winandoffice.com\/fr\/payment-and-delivery\/\" \/>\n<meta property=\"og:site_name\" content=\"Arturo Card Shop\" \/>\n<meta property=\"article:publisher\" content=\"https:\/\/www.facebook.com\/Gamecardshopdotcom\" \/>\n<meta name=\"twitter:card\" content=\"summary_large_image\" \/>\n<meta name=\"twitter:site\" content=\"@gamecardshop_\" \/>\n<meta name=\"twitter:label1\" content=\"Dur\u00e9e de lecture estim\u00e9e\" \/>\n\t<meta name=\"twitter:data1\" content=\"1 minute\" \/>\n<script type=\"application\/ld+json\" class=\"yoast-schema-graph\">{\"@context\":\"https:\/\/schema.org\",\"@graph\":[{\"@type\":\"WebPage\",\"@id\":\"https:\/\/arturo.winandoffice.com\/payment-and-delivery\/\",\"url\":\"https:\/\/arturo.winandoffice.com\/payment-and-delivery\/\",\"name\":\"Payment and delivery - Arturo Card Shop\",\"isPartOf\":{\"@id\":\"https:\/\/arturo.winandoffice.com\/es\/#website\"},\"datePublished\":\"2020-12-16T15:58:31+00:00\",\"breadcrumb\":{\"@id\":\"https:\/\/arturo.winandoffice.com\/payment-and-delivery\/#breadcrumb\"},\"inLanguage\":\"fr-FR\",\"potentialAction\":[{\"@type\":\"ReadAction\",\"target\":[\"https:\/\/arturo.winandoffice.com\/payment-and-delivery\/\"]}]},{\"@type\":\"BreadcrumbList\",\"@id\":\"https:\/\/arturo.winandoffice.com\/payment-and-delivery\/#breadcrumb\",\"itemListElement\":[{\"@type\":\"ListItem\",\"position\":1,\"name\":\"Home\",\"item\":\"https:\/\/arturo.winandoffice.com\/\"},{\"@type\":\"ListItem\",\"position\":2,\"name\":\"Payment and delivery\"}]},{\"@type\":\"WebSite\",\"@id\":\"https:\/\/arturo.winandoffice.com\/es\/#website\",\"url\":\"https:\/\/arturo.winandoffice.com\/es\/\",\"name\":\"Arturo Card Shop\",\"description\":\"Buy your office\",\"publisher\":{\"@id\":\"https:\/\/arturo.winandoffice.com\/es\/#organization\"},\"potentialAction\":[{\"@type\":\"SearchAction\",\"target\":{\"@type\":\"EntryPoint\",\"urlTemplate\":\"https:\/\/arturo.winandoffice.com\/es\/?s={search_term_string}\"},\"query-input\":{\"@type\":\"PropertyValueSpecification\",\"valueRequired\":true,\"valueName\":\"search_term_string\"}}],\"inLanguage\":\"fr-FR\"},{\"@type\":\"Organization\",\"@id\":\"https:\/\/arturo.winandoffice.com\/es\/#organization\",\"name\":\"Arturo Card Shop\",\"url\":\"https:\/\/arturo.winandoffice.com\/es\/\",\"logo\":{\"@type\":\"ImageObject\",\"inLanguage\":\"fr-FR\",\"@id\":\"https:\/\/arturo.winandoffice.com\/es\/#\/schema\/logo\/image\/\",\"url\":\"https:\/\/arturo.winandoffice.com\/wp-content\/uploads\/2022\/10\/logo.png\",\"contentUrl\":\"https:\/\/arturo.winandoffice.com\/wp-content\/uploads\/2022\/10\/logo.png\",\"width\":1710,\"height\":175,\"caption\":\"Arturo Card Shop\"},\"image\":{\"@id\":\"https:\/\/arturo.winandoffice.com\/es\/#\/schema\/logo\/image\/\"},\"sameAs\":[\"https:\/\/www.facebook.com\/Gamecardshopdotcom\",\"https:\/\/x.com\/gamecardshop_\",\"https:\/\/www.youtube.com\/@gamecardshop\",\"https:\/\/www.youtube.com\/@arturo.winandoffice.com_\",\"https:\/\/de.trustpilot.com\/review\/arturo.winandoffice.com\",\"https:\/\/www.provenexpert.com\/game-card-shop\/\",\"https:\/\/www.tiktok.com\/@arturo.winandoffice.com\",\"https:\/\/www.shopauskunft.de\/review\/arturo.winandoffice.com\",\"https:\/\/www.ausgezeichnet.org\/bewertungen-arturo.winandoffice.com-HNVDH\",\"https:\/\/www.trustedshops.eu\/buyerrating\/info_X93C3F0168B7533F969FC6C787543C130.html\"]}]}<\/script>\n<!-- \/ Yoast SEO plugin. -->","yoast_head_json":{"title":"Payment and delivery - Arturo Card Shop","robots":{"index":"index","follow":"follow","max-snippet":"max-snippet:-1","max-image-preview":"max-image-preview:large","max-video-preview":"max-video-preview:-1"},"canonical":"https:\/\/arturo.winandoffice.com\/fr\/payment-and-delivery\/","og_locale":"fr_FR","og_type":"article","og_title":"Payment and delivery - Arturo Card Shop","og_description":"Shipping Our products are shipped digitally. As soon as we have confirmed receipt of your payment, you will receive an email with all the necessary information about download, installation and activation. To guarantee the delivery of the products, you must ensure that you enter your email address correctly when ordering! There are no shipping costs [&hellip;]","og_url":"https:\/\/arturo.winandoffice.com\/fr\/payment-and-delivery\/","og_site_name":"Arturo Card Shop","article_publisher":"https:\/\/www.facebook.com\/Gamecardshopdotcom","twitter_card":"summary_large_image","twitter_site":"@gamecardshop_","twitter_misc":{"Dur\u00e9e de lecture estim\u00e9e":"1 minute"},"schema":{"@context":"https:\/\/schema.org","@graph":[{"@type":"WebPage","@id":"https:\/\/arturo.winandoffice.com\/payment-and-delivery\/","url":"https:\/\/arturo.winandoffice.com\/payment-and-delivery\/","name":"Payment and delivery - Arturo Card Shop","isPartOf":{"@id":"https:\/\/arturo.winandoffice.com\/es\/#website"},"datePublished":"2020-12-16T15:58:31+00:00","breadcrumb":{"@id":"https:\/\/arturo.winandoffice.com\/payment-and-delivery\/#breadcrumb"},"inLanguage":"fr-FR","potentialAction":[{"@type":"ReadAction","target":["https:\/\/arturo.winandoffice.com\/payment-and-delivery\/"]}]},{"@type":"BreadcrumbList","@id":"https:\/\/arturo.winandoffice.com\/payment-and-delivery\/#breadcrumb","itemListElement":[{"@type":"ListItem","position":1,"name":"Home","item":"https:\/\/arturo.winandoffice.com\/"},{"@type":"ListItem","position":2,"name":"Payment and delivery"}]},{"@type":"WebSite","@id":"https:\/\/arturo.winandoffice.com\/es\/#website","url":"https:\/\/arturo.winandoffice.com\/es\/","name":"Arturo Card Shop","description":"Acheter votre bureau","publisher":{"@id":"https:\/\/arturo.winandoffice.com\/es\/#organization"},"potentialAction":[{"@type":"SearchAction","target":{"@type":"EntryPoint","urlTemplate":"https:\/\/arturo.winandoffice.com\/es\/?s={search_term_string}"},"query-input":{"@type":"PropertyValueSpecification","valueRequired":true,"valueName":"search_term_string"}}],"inLanguage":"fr-FR"},{"@type":"Organization","@id":"https:\/\/arturo.winandoffice.com\/es\/#organization","name":"Arturo Card Shop","url":"https:\/\/arturo.winandoffice.com\/es\/","logo":{"@type":"ImageObject","inLanguage":"fr-FR","@id":"https:\/\/arturo.winandoffice.com\/es\/#\/schema\/logo\/image\/","url":"https:\/\/arturo.winandoffice.com\/wp-content\/uploads\/2022\/10\/logo.png","contentUrl":"https:\/\/arturo.winandoffice.com\/wp-content\/uploads\/2022\/10\/logo.png","width":1710,"height":175,"caption":"Arturo Card Shop"},"image":{"@id":"https:\/\/arturo.winandoffice.com\/es\/#\/schema\/logo\/image\/"},"sameAs":["https:\/\/www.facebook.com\/Gamecardshopdotcom","https:\/\/x.com\/gamecardshop_","https:\/\/www.youtube.com\/@gamecardshop","https:\/\/www.youtube.com\/@arturo.winandoffice.com_","https:\/\/de.trustpilot.com\/review\/arturo.winandoffice.com","https:\/\/www.provenexpert.com\/game-card-shop\/","https:\/\/www.tiktok.com\/@arturo.winandoffice.com","https:\/\/www.shopauskunft.de\/review\/arturo.winandoffice.com","https:\/\/www.ausgezeichnet.org\/bewertungen-arturo.winandoffice.com-HNVDH","https:\/\/www.trustedshops.eu\/buyerrating\/info_X93C3F0168B7533F969FC6C787543C130.html"]}]}},"acf":[],"_links":{"self":[{"href":"https:\/\/arturo.winandoffice.com\/fr\/wp-json\/wp\/v2\/pages\/1150","targetHints":{"allow":["GET"]}}],"collection":[{"href":"https:\/\/arturo.winandoffice.com\/fr\/wp-json\/wp\/v2\/pages"}],"about":[{"href":"https:\/\/arturo.winandoffice.com\/fr\/wp-json\/wp\/v2\/types\/page"}],"author":[{"embeddable":true,"href":"https:\/\/arturo.winandoffice.com\/fr\/wp-json\/wp\/v2\/users\/1"}],"replies":[{"embeddable":true,"href":"https:\/\/arturo.winandoffice.com\/fr\/wp-json\/wp\/v2\/comments?post=1150"}],"version-history":[{"count":0,"href":"https:\/\/arturo.winandoffice.com\/fr\/wp-json\/wp\/v2\/pages\/1150\/revisions"}],"wp:attachment":[{"href":"https:\/\/arturo.winandoffice.com\/fr\/wp-json\/wp\/v2\/media?parent=1150"}],"curies":[{"name":"wp","href":"https:\/\/api.w.org\/{rel}","templated":true}]}}