{"id":11056,"date":"2021-03-03T15:10:06","date_gmt":"2021-03-03T14:10:06","guid":{"rendered":"https:\/\/shop.winandoffice.com\/?page_id=11056"},"modified":"2021-03-03T15:10:06","modified_gmt":"2021-03-03T14:10:06","slug":"legal-basis","status":"publish","type":"page","link":"https:\/\/arturo.winandoffice.com\/fr\/legal-basis\/","title":{"rendered":"Base juridique"},"content":{"rendered":"<p><span style=\"font-size: 20px\"><strong>Droit de la distribution<\/strong><\/span><\/p>\n<p>Les fabricants de logiciels comme Microsoft ou Corel autorisent les partenaires commerciaux certifi\u00e9s (revendeurs) \u00e0 vendre des produits aux consommateurs. Il s'agit de ce que l'on appelle des droits de revendeur. Seuls les partenaires agr\u00e9\u00e9s sont autoris\u00e9s \u00e0 vendre des licences de logiciels et sont obligatoirement membres du programme de partenariat du fabricant. Les revendeurs ont le droit non exclusif de commercialiser et de distribuer activement les logiciels sous licence au sein de l'UE\/AELE. Toutefois, les partenaires commerciaux peuvent \u00e9galement \u00eatre actifs dans d'autres r\u00e9gions, ce qui n\u00e9cessite un accord \u00e9crit.<\/p>\n<p>Le distributeur est tenu de proposer les produits logiciels sous les noms de produits des fabricants respectifs. Les droits de propri\u00e9t\u00e9 et les avis de copyright pertinents doivent \u00eatre observ\u00e9s ou suivis. Toutes les marques et marques d\u00e9pos\u00e9es sont la propri\u00e9t\u00e9 de leurs fabricants respectifs. Les informations techniques doivent toujours correspondre aux informations du fabricant. Les images, ic\u00f4nes et logos sont utilis\u00e9s pour identifier les articles. Les marchandises vendues restent la propri\u00e9t\u00e9 du d\u00e9taillant jusqu'\u00e0 ce que le paiement int\u00e9gral ait \u00e9t\u00e9 effectu\u00e9.<\/p>\n<p><span style=\"font-size: 20px\"><strong>Droit des licences<\/strong><\/span><\/p>\n<p>Selon la jurisprudence actuelle de la Cour f\u00e9d\u00e9rale de justice (BGH, arr\u00eat du 17 juillet 2013 - I ZR 129\/08), les commer\u00e7ants sp\u00e9cialis\u00e9s sont tenus de documenter la l\u00e9galit\u00e9 et la r\u00e9gularit\u00e9 des logiciels propos\u00e9s. Les licences de logiciels ne peuvent \u00eatre mises en circulation qu'avec l'accord du titulaire des droits. La licence est accord\u00e9e en \u00e9change d'un paiement qui permet de r\u00e9aliser une redevance correspondant \u00e0 la valeur \u00e9conomique du logiciel. Le titulaire des droits oblige le distributeur \u00e0 vendre le logiciel de mani\u00e8re permanente, sans limite de temps pour son utilisation. Le consommateur est inform\u00e9 que le logiciel est soumis aux conditions de la licence et aux droits d'utilisation du produit du fabricant du logiciel.<\/p>\n<p>L'acheteur a un droit simple et illimit\u00e9 d'utiliser les logiciels. Il n'est pas autoris\u00e9 \u00e0 les copier ou \u00e0 permettre \u00e0 d'autres de les utiliser. Les droits d'utilisation multiple n\u00e9cessitent un accord s\u00e9par\u00e9.<\/p>\n<div id=\"gtx-trans\">\n<div class=\"gtx-trans-icon\"><\/div>\n<\/div>","protected":false},"excerpt":{"rendered":"<p>Droit de distribution Les fabricants de logiciels comme Microsoft ou Corel autorisent les partenaires commerciaux certifi\u00e9s (revendeurs) \u00e0 vendre des produits aux consommateurs. Il s'agit de ce que l'on appelle des droits de revendeur. Seuls les partenaires autoris\u00e9s sont habilit\u00e9s \u00e0 vendre des licences de logiciels et sont obligatoirement membres du programme de partenariat du fabricant. Les revendeurs ont le droit non exclusif de commercialiser et de distribuer activement les logiciels sous licence dans [...]<\/p>","protected":false},"author":1,"featured_media":0,"parent":0,"menu_order":0,"comment_status":"closed","ping_status":"closed","template":"","meta":{"_acf_changed":false,"footnotes":""},"class_list":["post-11056","page","type-page","status-publish","hentry"],"yoast_head":"<!-- This site is optimized with the Yoast SEO plugin v26.7 - https:\/\/yoast.com\/wordpress\/plugins\/seo\/ -->\n<title>Legal Basis - Arturo Card Shop<\/title>\n<meta name=\"robots\" content=\"index, follow, max-snippet:-1, max-image-preview:large, max-video-preview:-1\" \/>\n<link rel=\"canonical\" href=\"https:\/\/arturo.winandoffice.com\/fr\/legal-basis\/\" \/>\n<meta property=\"og:locale\" content=\"fr_FR\" \/>\n<meta property=\"og:type\" content=\"article\" \/>\n<meta property=\"og:title\" content=\"Legal Basis - Arturo Card Shop\" \/>\n<meta property=\"og:description\" content=\"Distribution Law Software manufacturers like Microsoft or Corel allow certified sales partners (resellers) to sell products to consumers. So-called reseller rights are granted. Only authorized partners are entitled to sell software licenses and are mandatory members of the manufacturer&#8217;s partner program. Resellers are given the non-exclusive right to actively market and distribute licensed software within [&hellip;]\" \/>\n<meta property=\"og:url\" content=\"https:\/\/arturo.winandoffice.com\/fr\/legal-basis\/\" \/>\n<meta property=\"og:site_name\" content=\"Arturo Card Shop\" \/>\n<meta property=\"article:publisher\" content=\"https:\/\/www.facebook.com\/Gamecardshopdotcom\" \/>\n<meta name=\"twitter:card\" content=\"summary_large_image\" \/>\n<meta name=\"twitter:site\" content=\"@gamecardshop_\" \/>\n<meta name=\"twitter:label1\" content=\"Dur\u00e9e de lecture estim\u00e9e\" \/>\n\t<meta name=\"twitter:data1\" content=\"2 minutes\" \/>\n<script type=\"application\/ld+json\" class=\"yoast-schema-graph\">{\"@context\":\"https:\/\/schema.org\",\"@graph\":[{\"@type\":\"WebPage\",\"@id\":\"https:\/\/arturo.winandoffice.com\/legal-basis\/\",\"url\":\"https:\/\/arturo.winandoffice.com\/legal-basis\/\",\"name\":\"Legal Basis - Arturo Card Shop\",\"isPartOf\":{\"@id\":\"https:\/\/arturo.winandoffice.com\/es\/#website\"},\"datePublished\":\"2021-03-03T14:10:06+00:00\",\"breadcrumb\":{\"@id\":\"https:\/\/arturo.winandoffice.com\/legal-basis\/#breadcrumb\"},\"inLanguage\":\"fr-FR\",\"potentialAction\":[{\"@type\":\"ReadAction\",\"target\":[\"https:\/\/arturo.winandoffice.com\/legal-basis\/\"]}]},{\"@type\":\"BreadcrumbList\",\"@id\":\"https:\/\/arturo.winandoffice.com\/legal-basis\/#breadcrumb\",\"itemListElement\":[{\"@type\":\"ListItem\",\"position\":1,\"name\":\"Home\",\"item\":\"https:\/\/arturo.winandoffice.com\/\"},{\"@type\":\"ListItem\",\"position\":2,\"name\":\"Legal Basis\"}]},{\"@type\":\"WebSite\",\"@id\":\"https:\/\/arturo.winandoffice.com\/es\/#website\",\"url\":\"https:\/\/arturo.winandoffice.com\/es\/\",\"name\":\"Arturo Card Shop\",\"description\":\"Buy your office\",\"publisher\":{\"@id\":\"https:\/\/arturo.winandoffice.com\/es\/#organization\"},\"potentialAction\":[{\"@type\":\"SearchAction\",\"target\":{\"@type\":\"EntryPoint\",\"urlTemplate\":\"https:\/\/arturo.winandoffice.com\/es\/?s={search_term_string}\"},\"query-input\":{\"@type\":\"PropertyValueSpecification\",\"valueRequired\":true,\"valueName\":\"search_term_string\"}}],\"inLanguage\":\"fr-FR\"},{\"@type\":\"Organization\",\"@id\":\"https:\/\/arturo.winandoffice.com\/es\/#organization\",\"name\":\"Arturo Card Shop\",\"url\":\"https:\/\/arturo.winandoffice.com\/es\/\",\"logo\":{\"@type\":\"ImageObject\",\"inLanguage\":\"fr-FR\",\"@id\":\"https:\/\/arturo.winandoffice.com\/es\/#\/schema\/logo\/image\/\",\"url\":\"https:\/\/arturo.winandoffice.com\/wp-content\/uploads\/2022\/10\/logo.png\",\"contentUrl\":\"https:\/\/arturo.winandoffice.com\/wp-content\/uploads\/2022\/10\/logo.png\",\"width\":1710,\"height\":175,\"caption\":\"Arturo Card Shop\"},\"image\":{\"@id\":\"https:\/\/arturo.winandoffice.com\/es\/#\/schema\/logo\/image\/\"},\"sameAs\":[\"https:\/\/www.facebook.com\/Gamecardshopdotcom\",\"https:\/\/x.com\/gamecardshop_\",\"https:\/\/www.youtube.com\/@gamecardshop\",\"https:\/\/www.youtube.com\/@arturo.winandoffice.com_\",\"https:\/\/de.trustpilot.com\/review\/arturo.winandoffice.com\",\"https:\/\/www.provenexpert.com\/game-card-shop\/\",\"https:\/\/www.tiktok.com\/@arturo.winandoffice.com\",\"https:\/\/www.shopauskunft.de\/review\/arturo.winandoffice.com\",\"https:\/\/www.ausgezeichnet.org\/bewertungen-arturo.winandoffice.com-HNVDH\",\"https:\/\/www.trustedshops.eu\/buyerrating\/info_X93C3F0168B7533F969FC6C787543C130.html\"]}]}<\/script>\n<!-- \/ Yoast SEO plugin. -->","yoast_head_json":{"title":"Legal Basis - Arturo Card Shop","robots":{"index":"index","follow":"follow","max-snippet":"max-snippet:-1","max-image-preview":"max-image-preview:large","max-video-preview":"max-video-preview:-1"},"canonical":"https:\/\/arturo.winandoffice.com\/fr\/legal-basis\/","og_locale":"fr_FR","og_type":"article","og_title":"Legal Basis - Arturo Card Shop","og_description":"Distribution Law Software manufacturers like Microsoft or Corel allow certified sales partners (resellers) to sell products to consumers. So-called reseller rights are granted. Only authorized partners are entitled to sell software licenses and are mandatory members of the manufacturer&#8217;s partner program. Resellers are given the non-exclusive right to actively market and distribute licensed software within [&hellip;]","og_url":"https:\/\/arturo.winandoffice.com\/fr\/legal-basis\/","og_site_name":"Arturo Card Shop","article_publisher":"https:\/\/www.facebook.com\/Gamecardshopdotcom","twitter_card":"summary_large_image","twitter_site":"@gamecardshop_","twitter_misc":{"Dur\u00e9e de lecture estim\u00e9e":"2 minutes"},"schema":{"@context":"https:\/\/schema.org","@graph":[{"@type":"WebPage","@id":"https:\/\/arturo.winandoffice.com\/legal-basis\/","url":"https:\/\/arturo.winandoffice.com\/legal-basis\/","name":"Legal Basis - Arturo Card Shop","isPartOf":{"@id":"https:\/\/arturo.winandoffice.com\/es\/#website"},"datePublished":"2021-03-03T14:10:06+00:00","breadcrumb":{"@id":"https:\/\/arturo.winandoffice.com\/legal-basis\/#breadcrumb"},"inLanguage":"fr-FR","potentialAction":[{"@type":"ReadAction","target":["https:\/\/arturo.winandoffice.com\/legal-basis\/"]}]},{"@type":"BreadcrumbList","@id":"https:\/\/arturo.winandoffice.com\/legal-basis\/#breadcrumb","itemListElement":[{"@type":"ListItem","position":1,"name":"Home","item":"https:\/\/arturo.winandoffice.com\/"},{"@type":"ListItem","position":2,"name":"Legal Basis"}]},{"@type":"WebSite","@id":"https:\/\/arturo.winandoffice.com\/es\/#website","url":"https:\/\/arturo.winandoffice.com\/es\/","name":"Arturo Card Shop","description":"Acheter votre bureau","publisher":{"@id":"https:\/\/arturo.winandoffice.com\/es\/#organization"},"potentialAction":[{"@type":"SearchAction","target":{"@type":"EntryPoint","urlTemplate":"https:\/\/arturo.winandoffice.com\/es\/?s={search_term_string}"},"query-input":{"@type":"PropertyValueSpecification","valueRequired":true,"valueName":"search_term_string"}}],"inLanguage":"fr-FR"},{"@type":"Organization","@id":"https:\/\/arturo.winandoffice.com\/es\/#organization","name":"Arturo Card Shop","url":"https:\/\/arturo.winandoffice.com\/es\/","logo":{"@type":"ImageObject","inLanguage":"fr-FR","@id":"https:\/\/arturo.winandoffice.com\/es\/#\/schema\/logo\/image\/","url":"https:\/\/arturo.winandoffice.com\/wp-content\/uploads\/2022\/10\/logo.png","contentUrl":"https:\/\/arturo.winandoffice.com\/wp-content\/uploads\/2022\/10\/logo.png","width":1710,"height":175,"caption":"Arturo Card Shop"},"image":{"@id":"https:\/\/arturo.winandoffice.com\/es\/#\/schema\/logo\/image\/"},"sameAs":["https:\/\/www.facebook.com\/Gamecardshopdotcom","https:\/\/x.com\/gamecardshop_","https:\/\/www.youtube.com\/@gamecardshop","https:\/\/www.youtube.com\/@arturo.winandoffice.com_","https:\/\/de.trustpilot.com\/review\/arturo.winandoffice.com","https:\/\/www.provenexpert.com\/game-card-shop\/","https:\/\/www.tiktok.com\/@arturo.winandoffice.com","https:\/\/www.shopauskunft.de\/review\/arturo.winandoffice.com","https:\/\/www.ausgezeichnet.org\/bewertungen-arturo.winandoffice.com-HNVDH","https:\/\/www.trustedshops.eu\/buyerrating\/info_X93C3F0168B7533F969FC6C787543C130.html"]}]}},"acf":[],"_links":{"self":[{"href":"https:\/\/arturo.winandoffice.com\/fr\/wp-json\/wp\/v2\/pages\/11056","targetHints":{"allow":["GET"]}}],"collection":[{"href":"https:\/\/arturo.winandoffice.com\/fr\/wp-json\/wp\/v2\/pages"}],"about":[{"href":"https:\/\/arturo.winandoffice.com\/fr\/wp-json\/wp\/v2\/types\/page"}],"author":[{"embeddable":true,"href":"https:\/\/arturo.winandoffice.com\/fr\/wp-json\/wp\/v2\/users\/1"}],"replies":[{"embeddable":true,"href":"https:\/\/arturo.winandoffice.com\/fr\/wp-json\/wp\/v2\/comments?post=11056"}],"version-history":[{"count":0,"href":"https:\/\/arturo.winandoffice.com\/fr\/wp-json\/wp\/v2\/pages\/11056\/revisions"}],"wp:attachment":[{"href":"https:\/\/arturo.winandoffice.com\/fr\/wp-json\/wp\/v2\/media?parent=11056"}],"curies":[{"name":"wp","href":"https:\/\/api.w.org\/{rel}","templated":true}]}}