{"id":42954,"date":"2024-02-03T23:54:44","date_gmt":"2024-02-03T22:54:44","guid":{"rendered":"https:\/\/arturo.winandoffice.com\/?post_type=product&#038;p=42954"},"modified":"2025-09-03T22:01:15","modified_gmt":"2025-09-03T21:01:15","slug":"microsoft-visio-2021-standard-fur-3-pc","status":"publish","type":"product","link":"https:\/\/arturo.winandoffice.com\/fi\/produkt\/microsoft-visio-2021-standard-fur-3-pc\/","title":{"rendered":"Microsoft Visio 2021 Standard License for 3 PC"},"content":{"rendered":"<div class=\"wpb-content-wrapper\"><div class=\"vc_row wpb_row vc_row-fluid\" style=\"background-position: None!important;  \"><div class=\"wpb_column vc_column_container vc_col-sm-12\"><div class=\"vc_column-inner\"><div class=\"wpb_wrapper\">\n\t<div class=\"wpb_text_column wpb_content_element\" >\n\t\t<div class=\"wpb_wrapper\">\n\t\t\t<h3><strong>Microsoft Visio 2021 Standard<\/strong><\/h3>\n<p>Microsoft Visio on my\u00f6s Standard 2021 -versiossa edelleen paras ty\u00f6kalu yritysten kaavioiden suunnitteluun ja perustuu yleisiin teollisuusstandardeihin, kuten IEEE:hen. Lis\u00e4ksi Microsoft on tehnyt tuhansia yksityiskohtaisia parannuksia ja ottanut k\u00e4ytt\u00f6\u00f6n uusia ominaisuuksia, jotka helpottavat erityisesti projektity\u00f6skentely\u00e4 suuremmissa tiimeiss\u00e4. Ohjelmisto on siis nimenomaan suunnattu ammattik\u00e4ytt\u00e4jille. Tuttu, helppo sis\u00e4\u00e4np\u00e4\u00e4sy ohjelmaan on kuitenkin s\u00e4ilynyt, mik\u00e4 saavutetaan ensisijaisesti lukemattomien mallien ja hyv\u00e4ksi havaitun Office-k\u00e4ytt\u00f6liittym\u00e4n avulla. Jokainen ostaja saa edelleen 2 Gt ilmaista tallennustilaa Microsoft:n omassa pilviratkaisussa OneDrivessa.<\/p>\n<p>Kaavioiden luominen on mahdollista Microsoft Visio Standard 2021 -ohjelmassa heti ohjelman k\u00e4ynnist\u00e4misen j\u00e4lkeen: satoja malleja, jotka perustuvat yli 250 000 muodon valikoimaan, varmistavat t\u00e4m\u00e4n. Koska ty\u00f6p\u00f6yt\u00e4sovellus p\u00e4ivittyy jatkuvasti, uusia malleja lis\u00e4t\u00e4\u00e4n s\u00e4\u00e4nn\u00f6llisesti. K\u00e4ytt\u00e4j\u00e4t jakavat sitten valmiita kaavioita paitsi Visio-tietueina my\u00f6s Internetin kautta: Visio Standard 2021 tukee kaavioiden web-pohjaisia esityksi\u00e4 tai tulostusta PDF-tiedostona k\u00e4ytt\u00e4jille, jotka eiv\u00e4t k\u00e4yt\u00e4 Visio-ohjelmaa laitteellaan. Kommentit, joita muut k\u00e4ytt\u00e4j\u00e4t sitten j\u00e4tt\u00e4v\u00e4t kaavioon, n\u00e4kyv\u00e4t v\u00e4litt\u00f6m\u00e4sti my\u00f6s projektin luojalle, ja n\u00e4in h\u00e4n saa palautetta.<\/p>\n<p>Erityisesti Visio Standard 2021:t\u00e4 ja Windows 10:t\u00e4 tai 11:t\u00e4 varten Microsoft on my\u00f6s parantanut tukea kosketussy\u00f6t\u00f6lle ja kynille, kuten Microsoft Surface Pen -kyn\u00e4lle. N\u00e4in voit tarkentaa kaavioita luonnollisilla sy\u00f6tt\u00f6menetelmill\u00e4 k\u00e4ytt\u00e4m\u00e4ll\u00e4 virtuaalista mustetta tai sormiasi v\u00e4ritt\u00e4miseen, muotojen siirt\u00e4miseen ja kaavioiden uudelleenj\u00e4rjestelyyn. T\u00e4m\u00e4 helpottaa my\u00f6s ohjelman k\u00e4ytt\u00f6\u00e4 tabletilla, kuten iPad Prolla, jolle on saatavilla erillinen sovellus virallisessa Apple Storessa. Jotta yhteisty\u00f6 muiden ihmisten kanssa olisi parempaa, merkint\u00e4ominaisuuksia on parannettu ja Skype for Businessin integrointia ohjelman k\u00e4ytt\u00f6liittym\u00e4\u00e4n on laajennettu.<\/p>\n<p>Uudet tiedot tuodaan suoraan Microsoft Visio Standard 2021:een suosituista muista ohjelmista, kuten Excelist\u00e4. T\u00e4m\u00e4 s\u00e4\u00e4st\u00e4\u00e4 aikaa kaavioita muokattaessa, kun manuaalisia merkint\u00f6j\u00e4 tehd\u00e4\u00e4n harvemmin. Jotta kaaviot saisivat eloa ja jotta suuretkin tietom\u00e4\u00e4r\u00e4t voitaisiin esitt\u00e4\u00e4 selke\u00e4sti, k\u00e4ytett\u00e4viss\u00e4 on lukemattomia v\u00e4rej\u00e4, muotoja ja grafiikkaa, joiden avulla voidaan keskitty\u00e4 katsojalle todella t\u00e4rkeisiin tietoihin. Lis\u00e4ksi ohjelma tukee suositulla AutoCAD-ohjelmistolla luotujen piirustusten integrointia. T\u00e4m\u00e4 laajentaa my\u00f6s toimintojen kirjoa huomattavasti, sill\u00e4 monimutkaisetkin muodot ovat mahdollisia.<\/p>\n<p>Lis\u00e4ksi Microsoft Visio Standard 2021 muuttaa v\u00e4litt\u00f6m\u00e4sti projektin ulkoasua heti, kun aiemmin kaavioon integroitu tieto muuttuu. T\u00e4t\u00e4 varten ohjelma skannaa jatkuvasti integroidut tiedot - riippumatta siit\u00e4, mist\u00e4 ne ovat per\u00e4isin ja ovatko ne saatavilla paikallisesti vai verkossa - ja siirt\u00e4\u00e4 muutokset v\u00e4litt\u00f6m\u00e4sti nykyiseen kaavioon. T\u00e4m\u00e4 tarkoittaa, ett\u00e4 kaikilla projektin parissa ty\u00f6skentelevill\u00e4 on aina yleiskuva ja he ty\u00f6skentelev\u00e4t yhdess\u00e4 t\u00e4m\u00e4n kaavion yhden version parissa. Manuaalisten p\u00e4ivitysten v\u00e4ltt\u00e4minen helpottaa my\u00f6s ty\u00f6prosessia ja s\u00e4\u00e4st\u00e4\u00e4 pitk\u00e4ll\u00e4 aikav\u00e4lill\u00e4 paljon aikaa.<\/p>\n<p>Microsoft on kehitt\u00e4nyt Visio Standard 2021:n niin, ett\u00e4 se on yhteensopiva vain jonkin Windows 10:n tai 11:n ja Windows 10S:n kanssa. Ohjelmistoa ei ole mahdollista k\u00e4ytt\u00e4\u00e4 vanhemmassa Windows-versiossa. Lis\u00e4ksi t\u00e4m\u00e4 tarjous on tuoteavain p\u00f6yt\u00e4tietokoneelle tai kannettavalle tietokoneelle. Lis\u00e4tilauskuluja ei ole. Microsoft takaa, ett\u00e4 ohjelmistoon toimitetaan p\u00e4ivityksi\u00e4 v\u00e4hint\u00e4\u00e4n viiden vuoden ajan.<\/p>\n<h5>J\u00e4rjestelm\u00e4vaatimukset:<\/h5>\n<ul>\n<li>Windows 10 tai 11, Windows Server 2019 tai 2021<\/li>\n<li>1,6 GHz, kaksiytiminen prosessori tai nopeampi<\/li>\n<li>2 Gt ty\u00f6muistia (32-bittinen); 4 Gt RAM-muistia (64-bittinen).<\/li>\n<li>4 Gt vapaata kiintolevytilaa<\/li>\n<li>Grafiikkakiihdytys edellytt\u00e4\u00e4 DirectX 9 -yhteensopivaa n\u00e4yt\u00f6nohjainta. WDDM 2.0 tai uudempi Windows 10:ss\u00e4 (tai WDDM 1.3 Windows 10 Fall Creators Update -versiossa).<\/li>\n<\/ul>\n<p><strong>Apu ja tuki:<\/strong><\/p>\n<p>Jos sinulla on kysytt\u00e4v\u00e4\u00e4, ota rohkeasti yhteytt\u00e4 meihin. <a href=\"mailto:support@arturo.winandoffice.com\" target=\"_blank\" rel=\"noopener\">s\u00e4hk\u00f6postitse<\/a>.&nbsp;Our customer service and support is available 7 days a week, 24 hours a day.<\/p>\n\n\t\t<\/div>\n\t<\/div>\n<\/div><\/div><\/div><\/div>\n<\/div>","protected":false},"excerpt":{"rendered":"<ul>\n<li>Microsoft Visio 2021 Standard 3 PC:lle<\/li>\n<li><strong>T\u00e4ll\u00e4 lisenssill\u00e4 ohjelmisto voidaan aktivoida kolmessa eri laitteessa, esim. kotitietokoneessa, kannettavassa tietokoneessa ja ty\u00f6tietokoneessa.<\/strong><\/li>\n<li>Versio 32- ja 64-bittisille j\u00e4rjestelmille, t\u00e4ydet rajoittamattomat versiot ohjelmistosta. <strong>sertifioidulta Microsoft Gold Partnerilta<\/strong><\/li>\n<li><strong>Elinik\u00e4inen vaihtotakuu!<\/strong><\/li>\n<li>Toimitus s\u00e4hk\u00f6postitse: tuoteavain, ohjeet, latauslinkit, lasku.<\/li>\n<li>Pikalataus!<\/li>\n<li>Ei aikarajoitusta, ei tilausta<\/li>\n<li>Ilmainen tuki 24\/7 asennukseen ja aktivointiin liittyviss\u00e4 kysymyksiss\u00e4<\/li>\n<li>Ei toimitusta tietovarastossa (USB, CD jne.).<\/li>\n<li>Aktivointi verkossa ja puhelimitse<\/li>\n<li>Kielet: Englanti, espanja, italia, saksa, ranska<\/li>\n<li><strong><span style=\"color: #008000;\"> T\u00e4m\u00e4 tuote on yhteensopiva Microsoft Windowsin kanssa.<\/span><\/strong><\/li>\n<li><strong><span style=\"color: #ff0000;\">NOT compatible with Apple macOS\u2122, Apple Processors, Parallels for Mac, Android devices and Chromebooks.<\/span><\/strong><\/li>\n<\/ul>","protected":false},"featured_media":100000116582,"comment_status":"closed","ping_status":"closed","template":"","meta":{"_acf_changed":false},"product_brand":[],"product_cat":[154],"product_tag":[],"class_list":{"0":"post-42954","1":"product","2":"type-product","3":"status-publish","4":"has-post-thumbnail","6":"product_cat-microsoft-office","8":"first","9":"instock","10":"sale","11":"virtual","12":"taxable","13":"purchasable","14":"product-type-simple"},"yoast_head":"<!-- This site is optimized with the Yoast SEO plugin v26.7 - https:\/\/yoast.com\/wordpress\/plugins\/seo\/ -->\n<title>Microsoft Visio 2021 Standard License for 3 PC - Arturo Card Shop<\/title>\n<meta name=\"robots\" content=\"index, follow, max-snippet:-1, max-image-preview:large, max-video-preview:-1\" \/>\n<link rel=\"canonical\" href=\"https:\/\/arturo.winandoffice.com\/fi\/produkt\/microsoft-visio-2021-standard-fur-3-pc\/\" \/>\n<meta property=\"og:locale\" content=\"fi_FI\" \/>\n<meta property=\"og:type\" content=\"article\" \/>\n<meta property=\"og:title\" content=\"Microsoft Visio 2021 Standard License for 3 PC - Arturo Card Shop\" \/>\n<meta property=\"og:description\" content=\"Microsoft Visio 2021 Standard for 3 PC  With this license the software can be activated on 3 different devices, e.g. home PC, notebook and work PC.  Version for 32 and 64 bit systems, full unlimited versions of software from certified Microsoft Gold Partner  Lifetime Replacement Warranty!  Delivery by email: product key, instructions, download links, invoice  Instant download!  No time limit, no subscription  Free support 24\/7 for issues with installation and activation  No delivery on data storage (USB, CD, etc.)  Activation online and by phone  Languages: English, Spanish, Italian, German, French   This product is compatible with Microsoft Windows.  NOT compatible with Apple macOS\u2122, Apple Processors, Parallels for Mac, Android devices and Chromebooks.\" \/>\n<meta property=\"og:url\" content=\"https:\/\/arturo.winandoffice.com\/fi\/produkt\/microsoft-visio-2021-standard-fur-3-pc\/\" \/>\n<meta property=\"og:site_name\" content=\"Arturo Card Shop\" \/>\n<meta property=\"article:publisher\" content=\"https:\/\/www.facebook.com\/Gamecardshopdotcom\" \/>\n<meta property=\"article:modified_time\" content=\"2025-09-03T21:01:15+00:00\" \/>\n<meta name=\"twitter:card\" content=\"summary_large_image\" \/>\n<meta name=\"twitter:site\" content=\"@gamecardshop_\" \/>\n<meta name=\"twitter:label1\" content=\"Arvioitu lukuaika\" \/>\n\t<meta name=\"twitter:data1\" content=\"4 minuuttia\" \/>\n<script type=\"application\/ld+json\" class=\"yoast-schema-graph\">{\"@context\":\"https:\/\/schema.org\",\"@graph\":[{\"@type\":\"WebPage\",\"@id\":\"https:\/\/arturo.winandoffice.com\/produkt\/microsoft-visio-2021-standard-fur-3-pc\/\",\"url\":\"https:\/\/arturo.winandoffice.com\/produkt\/microsoft-visio-2021-standard-fur-3-pc\/\",\"name\":\"Microsoft Visio 2021 Standard License for 3 PC - Arturo Card Shop\",\"isPartOf\":{\"@id\":\"https:\/\/arturo.winandoffice.com\/es\/#website\"},\"primaryImageOfPage\":{\"@id\":\"https:\/\/arturo.winandoffice.com\/produkt\/microsoft-visio-2021-standard-fur-3-pc\/#primaryimage\"},\"image\":{\"@id\":\"https:\/\/arturo.winandoffice.com\/produkt\/microsoft-visio-2021-standard-fur-3-pc\/#primaryimage\"},\"thumbnailUrl\":\"https:\/\/arturo.winandoffice.com\/wp-content\/uploads\/2024\/02\/V21S.jpg\",\"datePublished\":\"2024-02-03T22:54:44+00:00\",\"dateModified\":\"2025-09-03T21:01:15+00:00\",\"breadcrumb\":{\"@id\":\"https:\/\/arturo.winandoffice.com\/produkt\/microsoft-visio-2021-standard-fur-3-pc\/#breadcrumb\"},\"inLanguage\":\"fi\",\"potentialAction\":[{\"@type\":\"ReadAction\",\"target\":[\"https:\/\/arturo.winandoffice.com\/produkt\/microsoft-visio-2021-standard-fur-3-pc\/\"]}]},{\"@type\":\"ImageObject\",\"inLanguage\":\"fi\",\"@id\":\"https:\/\/arturo.winandoffice.com\/produkt\/microsoft-visio-2021-standard-fur-3-pc\/#primaryimage\",\"url\":\"https:\/\/arturo.winandoffice.com\/wp-content\/uploads\/2024\/02\/V21S.jpg\",\"contentUrl\":\"https:\/\/arturo.winandoffice.com\/wp-content\/uploads\/2024\/02\/V21S.jpg\"},{\"@type\":\"BreadcrumbList\",\"@id\":\"https:\/\/arturo.winandoffice.com\/produkt\/microsoft-visio-2021-standard-fur-3-pc\/#breadcrumb\",\"itemListElement\":[{\"@type\":\"ListItem\",\"position\":1,\"name\":\"Home\",\"item\":\"https:\/\/arturo.winandoffice.com\/\"},{\"@type\":\"ListItem\",\"position\":2,\"name\":\"Shop\",\"item\":\"https:\/\/arturo.winandoffice.com\/shop\/\"},{\"@type\":\"ListItem\",\"position\":3,\"name\":\"Microsoft Visio 2021 Standard License for 3 PC\"}]},{\"@type\":\"WebSite\",\"@id\":\"https:\/\/arturo.winandoffice.com\/es\/#website\",\"url\":\"https:\/\/arturo.winandoffice.com\/es\/\",\"name\":\"Arturo Card Shop\",\"description\":\"Buy your office\",\"publisher\":{\"@id\":\"https:\/\/arturo.winandoffice.com\/es\/#organization\"},\"potentialAction\":[{\"@type\":\"SearchAction\",\"target\":{\"@type\":\"EntryPoint\",\"urlTemplate\":\"https:\/\/arturo.winandoffice.com\/es\/?s={search_term_string}\"},\"query-input\":{\"@type\":\"PropertyValueSpecification\",\"valueRequired\":true,\"valueName\":\"search_term_string\"}}],\"inLanguage\":\"fi\"},{\"@type\":\"Organization\",\"@id\":\"https:\/\/arturo.winandoffice.com\/es\/#organization\",\"name\":\"Arturo Card Shop\",\"url\":\"https:\/\/arturo.winandoffice.com\/es\/\",\"logo\":{\"@type\":\"ImageObject\",\"inLanguage\":\"fi\",\"@id\":\"https:\/\/arturo.winandoffice.com\/es\/#\/schema\/logo\/image\/\",\"url\":\"https:\/\/arturo.winandoffice.com\/wp-content\/uploads\/2022\/10\/logo.png\",\"contentUrl\":\"https:\/\/arturo.winandoffice.com\/wp-content\/uploads\/2022\/10\/logo.png\",\"width\":1710,\"height\":175,\"caption\":\"Arturo Card Shop\"},\"image\":{\"@id\":\"https:\/\/arturo.winandoffice.com\/es\/#\/schema\/logo\/image\/\"},\"sameAs\":[\"https:\/\/www.facebook.com\/Gamecardshopdotcom\",\"https:\/\/x.com\/gamecardshop_\",\"https:\/\/www.youtube.com\/@gamecardshop\",\"https:\/\/www.youtube.com\/@arturo.winandoffice.com_\",\"https:\/\/de.trustpilot.com\/review\/arturo.winandoffice.com\",\"https:\/\/www.provenexpert.com\/game-card-shop\/\",\"https:\/\/www.tiktok.com\/@arturo.winandoffice.com\",\"https:\/\/www.shopauskunft.de\/review\/arturo.winandoffice.com\",\"https:\/\/www.ausgezeichnet.org\/bewertungen-arturo.winandoffice.com-HNVDH\",\"https:\/\/www.trustedshops.eu\/buyerrating\/info_X93C3F0168B7533F969FC6C787543C130.html\"]}]}<\/script>\n<!-- \/ Yoast SEO plugin. -->","yoast_head_json":{"title":"Microsoft Visio 2021 Standard License for 3 PC - Arturo Card Shop","robots":{"index":"index","follow":"follow","max-snippet":"max-snippet:-1","max-image-preview":"max-image-preview:large","max-video-preview":"max-video-preview:-1"},"canonical":"https:\/\/arturo.winandoffice.com\/fi\/produkt\/microsoft-visio-2021-standard-fur-3-pc\/","og_locale":"fi_FI","og_type":"article","og_title":"Microsoft Visio 2021 Standard License for 3 PC - Arturo Card Shop","og_description":"Microsoft Visio 2021 Standard for 3 PC  With this license the software can be activated on 3 different devices, e.g. home PC, notebook and work PC.  Version for 32 and 64 bit systems, full unlimited versions of software from certified Microsoft Gold Partner  Lifetime Replacement Warranty!  Delivery by email: product key, instructions, download links, invoice  Instant download!  No time limit, no subscription  Free support 24\/7 for issues with installation and activation  No delivery on data storage (USB, CD, etc.)  Activation online and by phone  Languages: English, Spanish, Italian, German, French   This product is compatible with Microsoft Windows.  NOT compatible with Apple macOS\u2122, Apple Processors, Parallels for Mac, Android devices and Chromebooks.","og_url":"https:\/\/arturo.winandoffice.com\/fi\/produkt\/microsoft-visio-2021-standard-fur-3-pc\/","og_site_name":"Arturo Card Shop","article_publisher":"https:\/\/www.facebook.com\/Gamecardshopdotcom","article_modified_time":"2025-09-03T21:01:15+00:00","twitter_card":"summary_large_image","twitter_site":"@gamecardshop_","twitter_misc":{"Arvioitu lukuaika":"4 minuuttia"},"schema":{"@context":"https:\/\/schema.org","@graph":[{"@type":"WebPage","@id":"https:\/\/arturo.winandoffice.com\/produkt\/microsoft-visio-2021-standard-fur-3-pc\/","url":"https:\/\/arturo.winandoffice.com\/produkt\/microsoft-visio-2021-standard-fur-3-pc\/","name":"Microsoft Visio 2021 Standard License for 3 PC - Arturo Card Shop","isPartOf":{"@id":"https:\/\/arturo.winandoffice.com\/es\/#website"},"primaryImageOfPage":{"@id":"https:\/\/arturo.winandoffice.com\/produkt\/microsoft-visio-2021-standard-fur-3-pc\/#primaryimage"},"image":{"@id":"https:\/\/arturo.winandoffice.com\/produkt\/microsoft-visio-2021-standard-fur-3-pc\/#primaryimage"},"thumbnailUrl":"https:\/\/arturo.winandoffice.com\/wp-content\/uploads\/2024\/02\/V21S.jpg","datePublished":"2024-02-03T22:54:44+00:00","dateModified":"2025-09-03T21:01:15+00:00","breadcrumb":{"@id":"https:\/\/arturo.winandoffice.com\/produkt\/microsoft-visio-2021-standard-fur-3-pc\/#breadcrumb"},"inLanguage":"fi","potentialAction":[{"@type":"ReadAction","target":["https:\/\/arturo.winandoffice.com\/produkt\/microsoft-visio-2021-standard-fur-3-pc\/"]}]},{"@type":"ImageObject","inLanguage":"fi","@id":"https:\/\/arturo.winandoffice.com\/produkt\/microsoft-visio-2021-standard-fur-3-pc\/#primaryimage","url":"https:\/\/arturo.winandoffice.com\/wp-content\/uploads\/2024\/02\/V21S.jpg","contentUrl":"https:\/\/arturo.winandoffice.com\/wp-content\/uploads\/2024\/02\/V21S.jpg"},{"@type":"BreadcrumbList","@id":"https:\/\/arturo.winandoffice.com\/produkt\/microsoft-visio-2021-standard-fur-3-pc\/#breadcrumb","itemListElement":[{"@type":"ListItem","position":1,"name":"Home","item":"https:\/\/arturo.winandoffice.com\/"},{"@type":"ListItem","position":2,"name":"Shop","item":"https:\/\/arturo.winandoffice.com\/shop\/"},{"@type":"ListItem","position":3,"name":"Microsoft Visio 2021 Standard License for 3 PC"}]},{"@type":"WebSite","@id":"https:\/\/arturo.winandoffice.com\/es\/#website","url":"https:\/\/arturo.winandoffice.com\/es\/","name":"Arturo Card Shop","description":"Osta toimistosi","publisher":{"@id":"https:\/\/arturo.winandoffice.com\/es\/#organization"},"potentialAction":[{"@type":"SearchAction","target":{"@type":"EntryPoint","urlTemplate":"https:\/\/arturo.winandoffice.com\/es\/?s={search_term_string}"},"query-input":{"@type":"PropertyValueSpecification","valueRequired":true,"valueName":"search_term_string"}}],"inLanguage":"fi"},{"@type":"Organization","@id":"https:\/\/arturo.winandoffice.com\/es\/#organization","name":"Arturo Card Shop","url":"https:\/\/arturo.winandoffice.com\/es\/","logo":{"@type":"ImageObject","inLanguage":"fi","@id":"https:\/\/arturo.winandoffice.com\/es\/#\/schema\/logo\/image\/","url":"https:\/\/arturo.winandoffice.com\/wp-content\/uploads\/2022\/10\/logo.png","contentUrl":"https:\/\/arturo.winandoffice.com\/wp-content\/uploads\/2022\/10\/logo.png","width":1710,"height":175,"caption":"Arturo Card Shop"},"image":{"@id":"https:\/\/arturo.winandoffice.com\/es\/#\/schema\/logo\/image\/"},"sameAs":["https:\/\/www.facebook.com\/Gamecardshopdotcom","https:\/\/x.com\/gamecardshop_","https:\/\/www.youtube.com\/@gamecardshop","https:\/\/www.youtube.com\/@arturo.winandoffice.com_","https:\/\/de.trustpilot.com\/review\/arturo.winandoffice.com","https:\/\/www.provenexpert.com\/game-card-shop\/","https:\/\/www.tiktok.com\/@arturo.winandoffice.com","https:\/\/www.shopauskunft.de\/review\/arturo.winandoffice.com","https:\/\/www.ausgezeichnet.org\/bewertungen-arturo.winandoffice.com-HNVDH","https:\/\/www.trustedshops.eu\/buyerrating\/info_X93C3F0168B7533F969FC6C787543C130.html"]}]}},"acf":[],"_links":{"self":[{"href":"https:\/\/arturo.winandoffice.com\/fi\/wp-json\/wp\/v2\/product\/42954","targetHints":{"allow":["GET"]}}],"collection":[{"href":"https:\/\/arturo.winandoffice.com\/fi\/wp-json\/wp\/v2\/product"}],"about":[{"href":"https:\/\/arturo.winandoffice.com\/fi\/wp-json\/wp\/v2\/types\/product"}],"replies":[{"embeddable":true,"href":"https:\/\/arturo.winandoffice.com\/fi\/wp-json\/wp\/v2\/comments?post=42954"}],"wp:featuredmedia":[{"embeddable":true,"href":"https:\/\/arturo.winandoffice.com\/fi\/wp-json\/"}],"wp:attachment":[{"href":"https:\/\/arturo.winandoffice.com\/fi\/wp-json\/wp\/v2\/media?parent=42954"}],"wp:term":[{"taxonomy":"product_brand","embeddable":true,"href":"https:\/\/arturo.winandoffice.com\/fi\/wp-json\/wp\/v2\/product_brand?post=42954"},{"taxonomy":"product_cat","embeddable":true,"href":"https:\/\/arturo.winandoffice.com\/fi\/wp-json\/wp\/v2\/product_cat?post=42954"},{"taxonomy":"product_tag","embeddable":true,"href":"https:\/\/arturo.winandoffice.com\/fi\/wp-json\/wp\/v2\/product_tag?post=42954"}],"curies":[{"name":"wp","href":"https:\/\/api.w.org\/{rel}","templated":true}]}}