{"id":38214,"date":"2023-08-11T17:16:05","date_gmt":"2023-08-11T15:16:05","guid":{"rendered":"https:\/\/arturo.winandoffice.com\/?post_type=product&#038;p=38214"},"modified":"2025-09-03T22:07:20","modified_gmt":"2025-09-03T21:07:20","slug":"office-2016-professional-plus","status":"publish","type":"product","link":"https:\/\/arturo.winandoffice.com\/fi\/produkt\/office-2016-professional-plus\/","title":{"rendered":"Microsoft Office 2016 Professional Plus License for 3 PC"},"content":{"rendered":"<div class=\"wpb-content-wrapper\"><div class=\"vc_row wpb_row vc_row-fluid\" style=\"background-position: None!important;  \"><div class=\"wpb_column vc_column_container vc_col-sm-12\"><div class=\"vc_column-inner\"><div class=\"wpb_wrapper\">\n\t<div class=\"wpb_text_column wpb_content_element\" >\n\t\t<div class=\"wpb_wrapper\">\n\t\t\t<p>Mukana tulevien ohjelmien avulla Microsoft Office 2016 Professional Plus t\u00e4ytt\u00e4\u00e4 kaikki laajoille toimisto-ohjelmistoille asetetut vaatimukset. Olipa kyse siis lomakekirjeiden luomisesta, liikelukujen ja taulukkolaskentataulukoiden hallinnasta, esitysten suunnittelusta. Toimistosovellusten avulla voit luoda tietokantoja tai j\u00e4rjest\u00e4\u00e4 kaikki s\u00e4hk\u00f6postit yrityksille ja yksityisille projekteille. Se kaikki onnistuu hetkess\u00e4!<\/p>\n<h4><strong>Mitk\u00e4 ohjelmat sis\u00e4ltyv\u00e4t Microsoft Office 2016 Professional Plus -ohjelmaan?<\/strong><\/h4>\n<ul>\n<li><strong>Microsoft Word 2016. <\/strong>Tekstien ja asiakirjojen luomiseen ja muokkaamiseen.<\/li>\n<li><strong>Microsoft Excel 2016.<\/strong> Taulukkomuotoisten tietueiden k\u00e4sittelyyn<\/li>\n<li><strong>Microsoft PowerPoint 2016.&nbsp; <\/strong>Inspiroivien esitysten luomiseen<\/li>\n<li><strong>Microsoft Outlook 2016.<\/strong>&nbsp; S\u00e4hk\u00f6postien, yhteystietojen, aikataulujen ja teht\u00e4vien hallintaan.<\/li>\n<li><strong>Microsoft OneNote 2016.<\/strong> Muistiinpanojen luomiseen ja hallintaan<\/li>\n<li><strong>Microsoft Publisher 2016.<\/strong>&nbsp; Ammattimaisen n\u00e4k\u00f6isten julkaisujen luomiseen helposti<\/li>\n<li><strong>Microsoft Access 2016.<\/strong>&nbsp; Tietokannan luominen Internet-yhteydell\u00e4<\/li>\n<li><strong>Skype for Business.&nbsp; <\/strong>Tuottavuuden lis\u00e4\u00e4minen pikaviestien ja helpon viestinn\u00e4n avulla<\/li>\n<\/ul>\n<h4><strong>Microsoft Office 2016 Professional Plus -ohjelman uudet ominaisuudet<\/strong><\/h4>\n<ul>\n<li>\"Insights\"-haku suoraan asiakirjoistasi. Voit siis hakea internetist\u00e4 asiaankuuluvaa tietoa ja sis\u00e4llytt\u00e4\u00e4 sen asiakirjoihisi tai esityksiisi. Linkki Bingiin mahdollistaa nopeat hakutulokset<\/li>\n<li>&nbsp;\"Kerro minulle\" hakuavustaja. Sitten l\u00f6yd\u00e4t jokaisen ohjelman toiminnot nopeammin.<\/li>\n<li>Microsoft Excel, jossa on automaattinen t\u00e4ytt\u00f6toiminto, tunnistaa kuvion ja t\u00e4ytt\u00e4\u00e4 tiedot automaattisesti. Voit my\u00f6s helposti ennustaa tietosarjoja ja muotoja tulevia trendej\u00e4 varten.<\/li>\n<li>K\u00e4yt\u00e4 Microsoft Publisherin sis\u00e4\u00e4nrakennettua online-valokuvatulostusvaihtoehtoa. N\u00e4in s\u00e4\u00e4st\u00e4t aikaa ja varmistat ammattimaiset tulokset.<\/li>\n<li>Microsoft Power Point tarjoaa mahdollisuuden jakaa esityksi\u00e4 verkon kautta. Sinun ei tarvitse asentaa Microsoft Power Pointia voidaksesi n\u00e4hd\u00e4 ne.<\/li>\n<li>Aktivoi n\u00e4yt\u00f6n taustat \"Musta teema\". T\u00e4m\u00e4n seurauksena mahdollistetaan silm\u00e4yst\u00e4v\u00e4llinen ty\u00f6skentely.<\/li>\n<li>K\u00e4yt\u00e4 my\u00f6s One Drivea, jossa on 5 Gt ilmaista pilvitallennustilaa. Siksi voit ty\u00f6skennell\u00e4 tiimiss\u00e4 reaaliaikaisilla verkoilla kautta.<\/li>\n<\/ul>\n<p>&nbsp;<\/p>\n<h3><strong>T\u00e4rkeit\u00e4 asioita t\u00e4st\u00e4 Microsoft Office-versiosta Microsoft Office<\/strong><\/h3>\n<p>Toisin sanoen Microsoft Office Professional Plus 2016:n intuitiivinen k\u00e4ytt\u00f6liittym\u00e4 mahdollistaa nopean navigoinnin ohjelmissa. Niinp\u00e4 uudistettu Ribbon, mahdollistaa nopean l\u00f6yt\u00e4misen uusien toimintojen sis\u00e4ll\u00e4. Mutta jos joskus p\u00e4\u00e4t\u00e4t tulla alas, \"Kerro minulle\" -hakuvihje auttaa sinua l\u00f6yt\u00e4m\u00e4\u00e4n haluamasi toiminnon ja k\u00e4ytt\u00e4m\u00e4\u00e4n niit\u00e4 tehokkaasti. Totut nopeasti eri ohjelmiin ja k\u00e4yt\u00e4t niit\u00e4 parhaalla mahdollisella tavalla ty\u00f6si kannalta.<\/p>\n<p>Yhteenvetona voidaan todeta, ett\u00e4 integroimalla Skype for Business -palvelun sin\u00e4, ty\u00f6ntekij\u00e4si ja kollegasi pysytte aina yhteydess\u00e4 toisiinne. Microsoft Office Professional Plus 2016 tarjoaa uusia mahdollisuuksia pikaviestien, videoneuvottelujen ja IP-puheluiden alalla. Vaihda tietoja, selvit\u00e4 ja kysy kysymyksi\u00e4 projekteista. K\u00e4ytt\u00e4m\u00e4ll\u00e4 pilvipalvelu OneDrivea voit yksinkertaistaa tietojen vaihtoa. Ty\u00f6skentele yhdess\u00e4 yrityksesi menestyksen hyv\u00e4ksi ja pysy joustavana. Ty\u00f6paikkasi on nyt joka paikassa. Microsoft Office 2016 Professional Plus -ohjelman ulkoasu ja k\u00e4ytt\u00f6liittym\u00e4 perustuvat Microsoft Windows 10:een. N\u00e4m\u00e4 kaksi ohjelmaa sopivat t\u00e4ydellisesti yhteen. Kosketuslaitteille optimoitu, voit ty\u00f6skennell\u00e4 joustavasti. Ole luova miss\u00e4 tahansa Microsoft Office Professional Plus 2016 -ohjelmalla ja lis\u00e4\u00e4 yrityksesi tai projektisi tuottavuutta.<\/p>\n<h5><strong>J\u00e4rjestelm\u00e4vaatimukset:<\/strong><\/h5>\n<ul>\n<li>1,4 GHz, 2-ytiminen prosessori<\/li>\n<li>Windows 7 SP1, Windows 8, Windows 10<\/li>\n<li>1 Gt (32-bittinen), 2 Gt (64-bittinen) RAM-muistia<\/li>\n<li>3 Gt k\u00e4ytett\u00e4viss\u00e4 olevaa kiintolevytilaa<\/li>\n<li>DirectX 9 -n\u00e4yt\u00f6nohjain grafiikkalaitteiston kiihdytyksen k\u00e4ytt\u00f6\u00e4 varten.<\/li>\n<\/ul>\n<p><strong>Apu ja tuki:<\/strong><\/p>\n<p>Jos sinulla on kysytt\u00e4v\u00e4\u00e4, ota rohkeasti yhteytt\u00e4 meihin. <a href=\"mailto:support@arturo.winandoffice.com\" target=\"_blank\" rel=\"noopener\">s\u00e4hk\u00f6postitse<\/a>.&nbsp;Our customer service and support is available 7 days a week, 24 hours a day.<\/p>\n\n\t\t<\/div>\n\t<\/div>\n<\/div><\/div><\/div><\/div>\n<\/div>","protected":false},"excerpt":{"rendered":"<ul>\n<li>Microsoft Office 2016 Professional Plus -lisenssi 3 PC:t\u00e4 varten<\/li>\n<li><strong>T\u00e4ll\u00e4 lisenssill\u00e4 ohjelmisto voidaan aktivoida kolmessa eri laitteessa, esim. kotitietokoneessa, kannettavassa tietokoneessa ja ty\u00f6tietokoneessa.<\/strong><\/li>\n<li>Versio 32- ja 64-bittisille j\u00e4rjestelmille, t\u00e4ydet rajoittamattomat versiot ohjelmistosta. <strong>sertifioidulta Microsoft Gold Partnerilta<\/strong><\/li>\n<li><strong>Elinik\u00e4inen vaihtotakuu!<\/strong><\/li>\n<li>Toimitus s\u00e4hk\u00f6postitse: tuoteavain, ohjeet, latauslinkit, lasku.<\/li>\n<li>Pikalataus!<\/li>\n<li>Ei aikarajoitusta, ei tilausta<\/li>\n<li>Ilmainen tuki 24\/7 asennukseen ja aktivointiin liittyviss\u00e4 kysymyksiss\u00e4<\/li>\n<li>Ei toimitusta tietovarastossa (USB, CD jne.).<\/li>\n<li>Aktivointi verkossa ja puhelimitse<\/li>\n<li>Kielet: Englanti, espanja, italia, saksa, ranska<\/li>\n<li><strong><span style=\"color: #008000;\"> T\u00e4m\u00e4 tuote on yhteensopiva Microsoft Windowsin kanssa.<\/span><\/strong><\/li>\n<li><strong><span style=\"color: #ff0000;\">NOT compatible with Apple macOS\u2122, Apple Processors, Parallels for Mac, Android devices and Chromebooks.<\/span><\/strong><\/li>\n<\/ul>","protected":false},"featured_media":100000116574,"comment_status":"closed","ping_status":"closed","template":"","meta":{"_acf_changed":false},"product_brand":[],"product_cat":[154],"product_tag":[243,242,158,198],"class_list":{"0":"post-38214","1":"product","2":"type-product","3":"status-publish","4":"has-post-thumbnail","6":"product_cat-microsoft-office","7":"product_tag-microsoft-office-2016-professional-plus","8":"product_tag-microsoft-office-2016-professional-plus-license-for-3-pcs","9":"product_tag-ms-office","10":"product_tag-ms-office-2016","12":"first","13":"instock","14":"sale","15":"virtual","16":"taxable","17":"purchasable","18":"product-type-simple"},"yoast_head":"<!-- This site is optimized with the Yoast SEO plugin v26.7 - https:\/\/yoast.com\/wordpress\/plugins\/seo\/ -->\n<title>Microsoft Office 2016 Professional Plus license for 3 PCs<\/title>\n<meta name=\"description\" content=\"With this license the software can be activated on 3 different devices, e.g. home PC, notebook and work PC. Lifetime Replacement Warranty!!!\" \/>\n<meta name=\"robots\" content=\"index, follow, max-snippet:-1, max-image-preview:large, max-video-preview:-1\" \/>\n<link rel=\"canonical\" href=\"https:\/\/arturo.winandoffice.com\/fi\/produkt\/office-2016-professional-plus\/\" \/>\n<meta property=\"og:locale\" content=\"fi_FI\" \/>\n<meta property=\"og:type\" content=\"article\" \/>\n<meta property=\"og:title\" content=\"Microsoft Office 2016 Professional Plus license for 3 PCs\" \/>\n<meta property=\"og:description\" content=\"With this license the software can be activated on 3 different devices, e.g. home PC, notebook and work PC. Lifetime Replacement Warranty!!!\" \/>\n<meta property=\"og:url\" content=\"https:\/\/arturo.winandoffice.com\/fi\/produkt\/office-2016-professional-plus\/\" \/>\n<meta property=\"og:site_name\" content=\"Arturo Card Shop\" \/>\n<meta property=\"article:publisher\" content=\"https:\/\/www.facebook.com\/Gamecardshopdotcom\" \/>\n<meta property=\"article:modified_time\" content=\"2025-09-03T21:07:20+00:00\" \/>\n<meta name=\"twitter:card\" content=\"summary_large_image\" \/>\n<meta name=\"twitter:site\" content=\"@gamecardshop_\" \/>\n<meta name=\"twitter:label1\" content=\"Arvioitu lukuaika\" \/>\n\t<meta name=\"twitter:data1\" content=\"3 minuuttia\" \/>\n<script type=\"application\/ld+json\" class=\"yoast-schema-graph\">{\"@context\":\"https:\/\/schema.org\",\"@graph\":[{\"@type\":\"WebPage\",\"@id\":\"https:\/\/arturo.winandoffice.com\/produkt\/office-2016-professional-plus\/\",\"url\":\"https:\/\/arturo.winandoffice.com\/produkt\/office-2016-professional-plus\/\",\"name\":\"Microsoft Office 2016 Professional Plus license for 3 PCs\",\"isPartOf\":{\"@id\":\"https:\/\/arturo.winandoffice.com\/es\/#website\"},\"primaryImageOfPage\":{\"@id\":\"https:\/\/arturo.winandoffice.com\/produkt\/office-2016-professional-plus\/#primaryimage\"},\"image\":{\"@id\":\"https:\/\/arturo.winandoffice.com\/produkt\/office-2016-professional-plus\/#primaryimage\"},\"thumbnailUrl\":\"https:\/\/arturo.winandoffice.com\/wp-content\/uploads\/2023\/08\/O16PP.jpg\",\"datePublished\":\"2023-08-11T15:16:05+00:00\",\"dateModified\":\"2025-09-03T21:07:20+00:00\",\"description\":\"With this license the software can be activated on 3 different devices, e.g. home PC, notebook and work PC. Lifetime Replacement Warranty!!!\",\"breadcrumb\":{\"@id\":\"https:\/\/arturo.winandoffice.com\/produkt\/office-2016-professional-plus\/#breadcrumb\"},\"inLanguage\":\"fi\",\"potentialAction\":[{\"@type\":\"ReadAction\",\"target\":[\"https:\/\/arturo.winandoffice.com\/produkt\/office-2016-professional-plus\/\"]}]},{\"@type\":\"ImageObject\",\"inLanguage\":\"fi\",\"@id\":\"https:\/\/arturo.winandoffice.com\/produkt\/office-2016-professional-plus\/#primaryimage\",\"url\":\"https:\/\/arturo.winandoffice.com\/wp-content\/uploads\/2023\/08\/O16PP.jpg\",\"contentUrl\":\"https:\/\/arturo.winandoffice.com\/wp-content\/uploads\/2023\/08\/O16PP.jpg\"},{\"@type\":\"BreadcrumbList\",\"@id\":\"https:\/\/arturo.winandoffice.com\/produkt\/office-2016-professional-plus\/#breadcrumb\",\"itemListElement\":[{\"@type\":\"ListItem\",\"position\":1,\"name\":\"Home\",\"item\":\"https:\/\/arturo.winandoffice.com\/\"},{\"@type\":\"ListItem\",\"position\":2,\"name\":\"Shop\",\"item\":\"https:\/\/arturo.winandoffice.com\/shop\/\"},{\"@type\":\"ListItem\",\"position\":3,\"name\":\"Microsoft Office 2016 Professional Plus License for 3 PC\"}]},{\"@type\":\"WebSite\",\"@id\":\"https:\/\/arturo.winandoffice.com\/es\/#website\",\"url\":\"https:\/\/arturo.winandoffice.com\/es\/\",\"name\":\"Arturo Card Shop\",\"description\":\"Buy your office\",\"publisher\":{\"@id\":\"https:\/\/arturo.winandoffice.com\/es\/#organization\"},\"potentialAction\":[{\"@type\":\"SearchAction\",\"target\":{\"@type\":\"EntryPoint\",\"urlTemplate\":\"https:\/\/arturo.winandoffice.com\/es\/?s={search_term_string}\"},\"query-input\":{\"@type\":\"PropertyValueSpecification\",\"valueRequired\":true,\"valueName\":\"search_term_string\"}}],\"inLanguage\":\"fi\"},{\"@type\":\"Organization\",\"@id\":\"https:\/\/arturo.winandoffice.com\/es\/#organization\",\"name\":\"Arturo Card Shop\",\"url\":\"https:\/\/arturo.winandoffice.com\/es\/\",\"logo\":{\"@type\":\"ImageObject\",\"inLanguage\":\"fi\",\"@id\":\"https:\/\/arturo.winandoffice.com\/es\/#\/schema\/logo\/image\/\",\"url\":\"https:\/\/arturo.winandoffice.com\/wp-content\/uploads\/2022\/10\/logo.png\",\"contentUrl\":\"https:\/\/arturo.winandoffice.com\/wp-content\/uploads\/2022\/10\/logo.png\",\"width\":1710,\"height\":175,\"caption\":\"Arturo Card Shop\"},\"image\":{\"@id\":\"https:\/\/arturo.winandoffice.com\/es\/#\/schema\/logo\/image\/\"},\"sameAs\":[\"https:\/\/www.facebook.com\/Gamecardshopdotcom\",\"https:\/\/x.com\/gamecardshop_\",\"https:\/\/www.youtube.com\/@gamecardshop\",\"https:\/\/www.youtube.com\/@arturo.winandoffice.com_\",\"https:\/\/de.trustpilot.com\/review\/arturo.winandoffice.com\",\"https:\/\/www.provenexpert.com\/game-card-shop\/\",\"https:\/\/www.tiktok.com\/@arturo.winandoffice.com\",\"https:\/\/www.shopauskunft.de\/review\/arturo.winandoffice.com\",\"https:\/\/www.ausgezeichnet.org\/bewertungen-arturo.winandoffice.com-HNVDH\",\"https:\/\/www.trustedshops.eu\/buyerrating\/info_X93C3F0168B7533F969FC6C787543C130.html\"]}]}<\/script>\n<!-- \/ Yoast SEO plugin. -->","yoast_head_json":{"title":"Microsoft Office 2016 Professional Plus -lisenssi 3 PC:t\u00e4 varten","description":"T\u00e4ll\u00e4 lisenssill\u00e4 ohjelmisto voidaan aktivoida kolmessa eri laitteessa, esim. kotitietokoneessa, kannettavassa tietokoneessa ja ty\u00f6tietokoneessa. Elinik\u00e4inen korvaustakuu!!!!","robots":{"index":"index","follow":"follow","max-snippet":"max-snippet:-1","max-image-preview":"max-image-preview:large","max-video-preview":"max-video-preview:-1"},"canonical":"https:\/\/arturo.winandoffice.com\/fi\/produkt\/office-2016-professional-plus\/","og_locale":"fi_FI","og_type":"article","og_title":"Microsoft Office 2016 Professional Plus license for 3 PCs","og_description":"With this license the software can be activated on 3 different devices, e.g. home PC, notebook and work PC. Lifetime Replacement Warranty!!!","og_url":"https:\/\/arturo.winandoffice.com\/fi\/produkt\/office-2016-professional-plus\/","og_site_name":"Arturo Card Shop","article_publisher":"https:\/\/www.facebook.com\/Gamecardshopdotcom","article_modified_time":"2025-09-03T21:07:20+00:00","twitter_card":"summary_large_image","twitter_site":"@gamecardshop_","twitter_misc":{"Arvioitu lukuaika":"3 minuuttia"},"schema":{"@context":"https:\/\/schema.org","@graph":[{"@type":"WebPage","@id":"https:\/\/arturo.winandoffice.com\/produkt\/office-2016-professional-plus\/","url":"https:\/\/arturo.winandoffice.com\/produkt\/office-2016-professional-plus\/","name":"Microsoft Office 2016 Professional Plus -lisenssi 3 PC:t\u00e4 varten","isPartOf":{"@id":"https:\/\/arturo.winandoffice.com\/es\/#website"},"primaryImageOfPage":{"@id":"https:\/\/arturo.winandoffice.com\/produkt\/office-2016-professional-plus\/#primaryimage"},"image":{"@id":"https:\/\/arturo.winandoffice.com\/produkt\/office-2016-professional-plus\/#primaryimage"},"thumbnailUrl":"https:\/\/arturo.winandoffice.com\/wp-content\/uploads\/2023\/08\/O16PP.jpg","datePublished":"2023-08-11T15:16:05+00:00","dateModified":"2025-09-03T21:07:20+00:00","description":"T\u00e4ll\u00e4 lisenssill\u00e4 ohjelmisto voidaan aktivoida kolmessa eri laitteessa, esim. kotitietokoneessa, kannettavassa tietokoneessa ja ty\u00f6tietokoneessa. Elinik\u00e4inen korvaustakuu!!!!","breadcrumb":{"@id":"https:\/\/arturo.winandoffice.com\/produkt\/office-2016-professional-plus\/#breadcrumb"},"inLanguage":"fi","potentialAction":[{"@type":"ReadAction","target":["https:\/\/arturo.winandoffice.com\/produkt\/office-2016-professional-plus\/"]}]},{"@type":"ImageObject","inLanguage":"fi","@id":"https:\/\/arturo.winandoffice.com\/produkt\/office-2016-professional-plus\/#primaryimage","url":"https:\/\/arturo.winandoffice.com\/wp-content\/uploads\/2023\/08\/O16PP.jpg","contentUrl":"https:\/\/arturo.winandoffice.com\/wp-content\/uploads\/2023\/08\/O16PP.jpg"},{"@type":"BreadcrumbList","@id":"https:\/\/arturo.winandoffice.com\/produkt\/office-2016-professional-plus\/#breadcrumb","itemListElement":[{"@type":"ListItem","position":1,"name":"Home","item":"https:\/\/arturo.winandoffice.com\/"},{"@type":"ListItem","position":2,"name":"Shop","item":"https:\/\/arturo.winandoffice.com\/shop\/"},{"@type":"ListItem","position":3,"name":"Microsoft Office 2016 Professional Plus License for 3 PC"}]},{"@type":"WebSite","@id":"https:\/\/arturo.winandoffice.com\/es\/#website","url":"https:\/\/arturo.winandoffice.com\/es\/","name":"Arturo Card Shop","description":"Osta toimistosi","publisher":{"@id":"https:\/\/arturo.winandoffice.com\/es\/#organization"},"potentialAction":[{"@type":"SearchAction","target":{"@type":"EntryPoint","urlTemplate":"https:\/\/arturo.winandoffice.com\/es\/?s={search_term_string}"},"query-input":{"@type":"PropertyValueSpecification","valueRequired":true,"valueName":"search_term_string"}}],"inLanguage":"fi"},{"@type":"Organization","@id":"https:\/\/arturo.winandoffice.com\/es\/#organization","name":"Arturo Card Shop","url":"https:\/\/arturo.winandoffice.com\/es\/","logo":{"@type":"ImageObject","inLanguage":"fi","@id":"https:\/\/arturo.winandoffice.com\/es\/#\/schema\/logo\/image\/","url":"https:\/\/arturo.winandoffice.com\/wp-content\/uploads\/2022\/10\/logo.png","contentUrl":"https:\/\/arturo.winandoffice.com\/wp-content\/uploads\/2022\/10\/logo.png","width":1710,"height":175,"caption":"Arturo Card Shop"},"image":{"@id":"https:\/\/arturo.winandoffice.com\/es\/#\/schema\/logo\/image\/"},"sameAs":["https:\/\/www.facebook.com\/Gamecardshopdotcom","https:\/\/x.com\/gamecardshop_","https:\/\/www.youtube.com\/@gamecardshop","https:\/\/www.youtube.com\/@arturo.winandoffice.com_","https:\/\/de.trustpilot.com\/review\/arturo.winandoffice.com","https:\/\/www.provenexpert.com\/game-card-shop\/","https:\/\/www.tiktok.com\/@arturo.winandoffice.com","https:\/\/www.shopauskunft.de\/review\/arturo.winandoffice.com","https:\/\/www.ausgezeichnet.org\/bewertungen-arturo.winandoffice.com-HNVDH","https:\/\/www.trustedshops.eu\/buyerrating\/info_X93C3F0168B7533F969FC6C787543C130.html"]}]}},"acf":[],"_links":{"self":[{"href":"https:\/\/arturo.winandoffice.com\/fi\/wp-json\/wp\/v2\/product\/38214","targetHints":{"allow":["GET"]}}],"collection":[{"href":"https:\/\/arturo.winandoffice.com\/fi\/wp-json\/wp\/v2\/product"}],"about":[{"href":"https:\/\/arturo.winandoffice.com\/fi\/wp-json\/wp\/v2\/types\/product"}],"replies":[{"embeddable":true,"href":"https:\/\/arturo.winandoffice.com\/fi\/wp-json\/wp\/v2\/comments?post=38214"}],"wp:featuredmedia":[{"embeddable":true,"href":"https:\/\/arturo.winandoffice.com\/fi\/wp-json\/"}],"wp:attachment":[{"href":"https:\/\/arturo.winandoffice.com\/fi\/wp-json\/wp\/v2\/media?parent=38214"}],"wp:term":[{"taxonomy":"product_brand","embeddable":true,"href":"https:\/\/arturo.winandoffice.com\/fi\/wp-json\/wp\/v2\/product_brand?post=38214"},{"taxonomy":"product_cat","embeddable":true,"href":"https:\/\/arturo.winandoffice.com\/fi\/wp-json\/wp\/v2\/product_cat?post=38214"},{"taxonomy":"product_tag","embeddable":true,"href":"https:\/\/arturo.winandoffice.com\/fi\/wp-json\/wp\/v2\/product_tag?post=38214"}],"curies":[{"name":"wp","href":"https:\/\/api.w.org\/{rel}","templated":true}]}}