{"id":34997,"date":"2023-03-20T13:12:10","date_gmt":"2023-03-20T12:12:10","guid":{"rendered":"https:\/\/arturo.winandoffice.com\/?post_type=product&#038;p=34997"},"modified":"2025-09-03T22:14:06","modified_gmt":"2025-09-03T21:14:06","slug":"microsoft-windows-10-professional-microsoft-office-2019-standard","status":"publish","type":"product","link":"https:\/\/arturo.winandoffice.com\/fi\/produkt\/microsoft-windows-10-professional-microsoft-office-2019-standard\/","title":{"rendered":"Microsoft Windows 10 Professional + Microsoft Office 2019 Standard License for 3 PC"},"content":{"rendered":"<div class=\"wpb-content-wrapper\"><div class=\"vc_row wpb_row vc_row-fluid\" style=\"background-position: None!important;  \"><div class=\"wpb_column vc_column_container vc_col-sm-12\"><div class=\"vc_column-inner\"><div class=\"wpb_wrapper\">\n\t<div class=\"wpb_text_column wpb_content_element\" >\n\t\t<div class=\"wpb_wrapper\">\n\t\t\t<h3><span style=\"font-size: 24pt;\"><strong>Microsoft Windows 10 Professional -lisenssi 3 tietokoneelle (t\u00e4ysi rajoittamaton versio sertifioidulta Microsoft Gold Partnerilta).<\/strong><\/span><\/h3>\n<p><strong>T\u00e4ll\u00e4 lisenssill\u00e4 ohjelmisto voidaan aktivoida kolmessa eri laitteessa, esim. kotitietokoneessa, kannettavassa tietokoneessa ja ty\u00f6tietokoneessa.<\/strong><\/p>\n<p><strong>Elinik\u00e4inen rahat takaisin -takuu!!!<\/strong><\/p>\n<p>Uuden Microsoft Windows 10 -version my\u00f6t\u00e4 Microsoft tarjoaa vaativille kotik\u00e4ytt\u00e4jille ja erityisesti yrityksille modernin ja intuitiivisen k\u00e4ytt\u00f6j\u00e4rjestelm\u00e4n. Microsoft Windows 10 tarjoaa muun muassa parannetut tietoturvaominaisuudet, et\u00e4ty\u00f6p\u00f6yd\u00e4n k\u00e4yt\u00f6n, BitLocker-salauksen ja henkil\u00f6kohtaisen virtuaaliavustaja Cortanan. J\u00e4rjestelm\u00e4 mukautuu kehittyneiden ominaisuuksiensa ansiosta mihin tahansa laitteeseen, ja sen etuna on, ett\u00e4 j\u00e4rjestelm\u00e4vaatimukset eiv\u00e4t ole juurikaan muuttuneet edelt\u00e4jiins\u00e4 verrattuna. T\u00e4m\u00e4 tarkoittaa, ett\u00e4 sinun ei tarvitse investoida uuteen laitteistoon voidaksesi hy\u00f6dynt\u00e4\u00e4 Microsoft Windows 10 Professional -k\u00e4ytt\u00f6j\u00e4rjestelm\u00e4\u00e4.<\/p>\n<p><strong>V\u00e4himm\u00e4isj\u00e4rjestelm\u00e4vaatimukset<\/strong><\/p>\n<p>1 GHz tai nopeampi suoritin<\/p>\n<p>1 Gt RAM-muistia 32-bittiselle tai 2 Gt RAM-muistia 64-bittiselle.<\/p>\n<p>16 Gt k\u00e4ytett\u00e4viss\u00e4 olevaa kiintolevytilaa 32-bittiselle k\u00e4ytt\u00f6j\u00e4rjestelm\u00e4lle tai 20 Gt 64-bittiselle k\u00e4ytt\u00f6j\u00e4rjestelm\u00e4lle.<\/p>\n<div id=\"primaryR2\" data-grid=\"container\" data-region-key=\"primaryr2\" data-m=\"{&quot;cN&quot;:&quot;primaryR2 1&quot;,&quot;cT&quot;:&quot;Region_coreui-region&quot;,&quot;id&quot;:&quot;r2a2&quot;,&quot;sN&quot;:2,&quot;aN&quot;:&quot;a2&quot;}\">\n<div id=\"coreui-banner-l03vzh8\" data-m=\"{&quot;cN&quot;:&quot;R2Banner 1&quot;,&quot;cT&quot;:&quot;Module_coreui-banner&quot;,&quot;id&quot;:&quot;m1r2a2&quot;,&quot;sN&quot;:1,&quot;aN&quot;:&quot;r2a2&quot;}\" data-module-id=\"WDG-Windows|primaryR2|coreui-region|coreui-banner-l03vzh8|coreui-banner\"><\/div>\n<\/div>\n<h3><strong>Microsoft <\/strong><strong>Office 2019 Standard-lisenssi 3 PC:lle (t\u00e4ysi rajoittamaton versio sertifioidulta Microsoft Gold Partnerilta).<\/strong><\/h3>\n<p><strong>T\u00e4ll\u00e4 lisenssill\u00e4 ohjelmisto voidaan aktivoida kolmessa eri laitteessa, esim. kotitietokoneessa, kannettavassa tietokoneessa ja ty\u00f6tietokoneessa.<\/strong><\/p>\n<p><strong>Elinik\u00e4inen rahat takaisin -takuu!!!<\/strong><\/p>\n<p>Microsoft Office 2019 Standard edition on tarkoitettu yksityisille k\u00e4ytt\u00e4jille tai pienille yrityksille. Se sis\u00e4lt\u00e4\u00e4 klassiset sovellukset Microsoft Word, Microsoft Excel, Microsoft Power Point, Microsoft Outlook ja Microsoft Publisher ty\u00f6p\u00f6yt\u00e4- ja verkkoversioina. Microsoft One Drive -pilvitallennustila tallennustilaa sis\u00e4lt\u00e4v\u00e4 Microsoft One Drive -pilvitallennustila on k\u00e4ytett\u00e4viss\u00e4 tietojen tallentamiseen, jotta niit\u00e4 voidaan k\u00e4ytt\u00e4\u00e4 mist\u00e4 tahansa tai jakaa muiden k\u00e4ytt\u00e4jien kanssa. Microsoft:n OneNote ei en\u00e4\u00e4 sis\u00e4lly Microsoft Office 2019:\u00e4\u00e4n. Jos haluat jatkaa OneNoten k\u00e4ytt\u00f6\u00e4, voit tehd\u00e4 sen Microsoft Windows 10:een integroidun Universal Windows -sovelluksen kautta.<\/p>\n<p><strong>V\u00e4himm\u00e4isj\u00e4rjestelm\u00e4vaatimukset<\/strong><\/p>\n<p>1,6 GHz tai nopeampi kaksiytiminen suoritin<\/p>\n<p>2 Gt RAM-muistia 32-bittiselle tai 4 Gt RAM-muistia 64-bittiselle.<\/p>\n<p>4 Gt k\u00e4ytett\u00e4viss\u00e4 olevaa kiintolevytilaa<\/p>\n<p><strong>Apu ja tuki:<\/strong><\/p>\n<p>Jos sinulla on kysytt\u00e4v\u00e4\u00e4, ota rohkeasti yhteytt\u00e4 meihin. <a href=\"mailto:support@arturo.winandoffice.com\" target=\"_blank\" rel=\"noopener\">s\u00e4hk\u00f6postitse<\/a>.&nbsp;Our customer service and support is available 7 days a week, 24 hours a day.<\/p>\n\n\t\t<\/div>\n\t<\/div>\n<\/div><\/div><\/div><\/div>\n<\/div>","protected":false},"excerpt":{"rendered":"<ul>\n<li>Microsoft Windows 10 Professional -lisenssi 3 PC:lle<\/li>\n<li>Microsoft Office 2019 Standard-lisenssi 3 tietokoneelle<\/li>\n<li><strong>T\u00e4ll\u00e4 lisenssill\u00e4 ohjelmisto voidaan aktivoida kolmessa eri laitteessa, esim. kotitietokoneessa, kannettavassa tietokoneessa ja ty\u00f6tietokoneessa.<\/strong><\/li>\n<li>Versio 32- ja 64-bittisille j\u00e4rjestelmille, t\u00e4ydet rajoittamattomat versiot ohjelmistosta. <strong>sertifioidulta Microsoft Gold Partnerilta<\/strong><\/li>\n<li><strong>Elinik\u00e4inen vaihtotakuu!<\/strong><\/li>\n<li>Toimitus s\u00e4hk\u00f6postitse: tuoteavain, ohjeet, latauslinkit, lasku.<\/li>\n<li>Pikalataus!<\/li>\n<li>Ei aikarajoitusta, ei tilausta<\/li>\n<li>Ilmainen tuki 24\/7 asennukseen ja aktivointiin liittyviss\u00e4 kysymyksiss\u00e4<\/li>\n<li>Ei toimitusta tietovarastossa (USB, CD jne.).<\/li>\n<li>Aktivointi verkossa ja puhelimitse<\/li>\n<li>Kielet: Englanti, espanja, italia, saksa, ranska<\/li>\n<li><strong><span style=\"color: #008000;\"> T\u00e4m\u00e4 tuote on yhteensopiva Microsoft Windowsin kanssa.<\/span><\/strong><\/li>\n<li><strong><span style=\"color: #ff0000;\">NOT compatible with Apple macOS\u2122, Apple Processors, Parallels for Mac, Android devices and Chromebooks.<\/span><\/strong><\/li>\n<\/ul>","protected":false},"featured_media":100000116592,"comment_status":"closed","ping_status":"closed","template":"","meta":{"_acf_changed":false},"product_brand":[],"product_cat":[154,161,155,156,166],"product_tag":[234,233],"class_list":{"0":"post-34997","1":"product","2":"type-product","3":"status-publish","4":"has-post-thumbnail","6":"product_cat-microsoft-office","7":"product_cat-microsoft-windows","8":"product_cat-office-2019","9":"product_cat-popular","10":"product_cat-windows-10","11":"product_tag-microsoft-windows-10-professional-microsoft-office-2019-standard","12":"product_tag-microsoft-windows-10-professional-microsoft-office-2019-standard-license-for-3-pcs","14":"first","15":"instock","16":"sale","17":"virtual","18":"taxable","19":"purchasable","20":"product-type-simple"},"yoast_head":"<!-- This site is optimized with the Yoast SEO plugin v26.7 - https:\/\/yoast.com\/wordpress\/plugins\/seo\/ -->\n<title>Microsoft Windows 10 Professional + Microsoft Office 2019 Standard license for 3 PCs<\/title>\n<meta name=\"description\" content=\"With this license the software can be activated on 3 different devices, e.g. home PC, notebook and work PC. Lifetime Replacement Warranty!!!\" \/>\n<meta name=\"robots\" content=\"index, follow, max-snippet:-1, max-image-preview:large, max-video-preview:-1\" \/>\n<link rel=\"canonical\" href=\"https:\/\/arturo.winandoffice.com\/fi\/produkt\/microsoft-windows-10-professional-microsoft-office-2019-standard\/\" \/>\n<meta property=\"og:locale\" content=\"fi_FI\" \/>\n<meta property=\"og:type\" content=\"article\" \/>\n<meta property=\"og:title\" content=\"Microsoft Windows 10 Professional + Microsoft Office 2019 Standard license for 3 PCs\" \/>\n<meta property=\"og:description\" content=\"With this license the software can be activated on 3 different devices, e.g. home PC, notebook and work PC. Lifetime Replacement Warranty!!!\" \/>\n<meta property=\"og:url\" content=\"https:\/\/arturo.winandoffice.com\/fi\/produkt\/microsoft-windows-10-professional-microsoft-office-2019-standard\/\" \/>\n<meta property=\"og:site_name\" content=\"Arturo Card Shop\" \/>\n<meta property=\"article:publisher\" content=\"https:\/\/www.facebook.com\/Gamecardshopdotcom\" \/>\n<meta property=\"article:modified_time\" content=\"2025-09-03T21:14:06+00:00\" \/>\n<meta name=\"twitter:card\" content=\"summary_large_image\" \/>\n<meta name=\"twitter:site\" content=\"@gamecardshop_\" \/>\n<meta name=\"twitter:label1\" content=\"Arvioitu lukuaika\" \/>\n\t<meta name=\"twitter:data1\" content=\"2 minuuttia\" \/>\n<script type=\"application\/ld+json\" class=\"yoast-schema-graph\">{\"@context\":\"https:\/\/schema.org\",\"@graph\":[{\"@type\":\"WebPage\",\"@id\":\"https:\/\/arturo.winandoffice.com\/produkt\/microsoft-windows-10-professional-microsoft-office-2019-standard\/\",\"url\":\"https:\/\/arturo.winandoffice.com\/produkt\/microsoft-windows-10-professional-microsoft-office-2019-standard\/\",\"name\":\"Microsoft Windows 10 Professional + Microsoft Office 2019 Standard license for 3 PCs\",\"isPartOf\":{\"@id\":\"https:\/\/arturo.winandoffice.com\/es\/#website\"},\"primaryImageOfPage\":{\"@id\":\"https:\/\/arturo.winandoffice.com\/produkt\/microsoft-windows-10-professional-microsoft-office-2019-standard\/#primaryimage\"},\"image\":{\"@id\":\"https:\/\/arturo.winandoffice.com\/produkt\/microsoft-windows-10-professional-microsoft-office-2019-standard\/#primaryimage\"},\"thumbnailUrl\":\"https:\/\/arturo.winandoffice.com\/wp-content\/uploads\/2023\/03\/W10PO19S.jpg\",\"datePublished\":\"2023-03-20T12:12:10+00:00\",\"dateModified\":\"2025-09-03T21:14:06+00:00\",\"description\":\"With this license the software can be activated on 3 different devices, e.g. home PC, notebook and work PC. Lifetime Replacement Warranty!!!\",\"breadcrumb\":{\"@id\":\"https:\/\/arturo.winandoffice.com\/produkt\/microsoft-windows-10-professional-microsoft-office-2019-standard\/#breadcrumb\"},\"inLanguage\":\"fi\",\"potentialAction\":[{\"@type\":\"ReadAction\",\"target\":[\"https:\/\/arturo.winandoffice.com\/produkt\/microsoft-windows-10-professional-microsoft-office-2019-standard\/\"]}]},{\"@type\":\"ImageObject\",\"inLanguage\":\"fi\",\"@id\":\"https:\/\/arturo.winandoffice.com\/produkt\/microsoft-windows-10-professional-microsoft-office-2019-standard\/#primaryimage\",\"url\":\"https:\/\/arturo.winandoffice.com\/wp-content\/uploads\/2023\/03\/W10PO19S.jpg\",\"contentUrl\":\"https:\/\/arturo.winandoffice.com\/wp-content\/uploads\/2023\/03\/W10PO19S.jpg\"},{\"@type\":\"BreadcrumbList\",\"@id\":\"https:\/\/arturo.winandoffice.com\/produkt\/microsoft-windows-10-professional-microsoft-office-2019-standard\/#breadcrumb\",\"itemListElement\":[{\"@type\":\"ListItem\",\"position\":1,\"name\":\"Home\",\"item\":\"https:\/\/arturo.winandoffice.com\/\"},{\"@type\":\"ListItem\",\"position\":2,\"name\":\"Shop\",\"item\":\"https:\/\/arturo.winandoffice.com\/shop\/\"},{\"@type\":\"ListItem\",\"position\":3,\"name\":\"Microsoft Windows 10 Professional + Microsoft Office 2019 Standard License for 3 PC\"}]},{\"@type\":\"WebSite\",\"@id\":\"https:\/\/arturo.winandoffice.com\/es\/#website\",\"url\":\"https:\/\/arturo.winandoffice.com\/es\/\",\"name\":\"Arturo Card Shop\",\"description\":\"Buy your office\",\"publisher\":{\"@id\":\"https:\/\/arturo.winandoffice.com\/es\/#organization\"},\"potentialAction\":[{\"@type\":\"SearchAction\",\"target\":{\"@type\":\"EntryPoint\",\"urlTemplate\":\"https:\/\/arturo.winandoffice.com\/es\/?s={search_term_string}\"},\"query-input\":{\"@type\":\"PropertyValueSpecification\",\"valueRequired\":true,\"valueName\":\"search_term_string\"}}],\"inLanguage\":\"fi\"},{\"@type\":\"Organization\",\"@id\":\"https:\/\/arturo.winandoffice.com\/es\/#organization\",\"name\":\"Arturo Card Shop\",\"url\":\"https:\/\/arturo.winandoffice.com\/es\/\",\"logo\":{\"@type\":\"ImageObject\",\"inLanguage\":\"fi\",\"@id\":\"https:\/\/arturo.winandoffice.com\/es\/#\/schema\/logo\/image\/\",\"url\":\"https:\/\/arturo.winandoffice.com\/wp-content\/uploads\/2022\/10\/logo.png\",\"contentUrl\":\"https:\/\/arturo.winandoffice.com\/wp-content\/uploads\/2022\/10\/logo.png\",\"width\":1710,\"height\":175,\"caption\":\"Arturo Card Shop\"},\"image\":{\"@id\":\"https:\/\/arturo.winandoffice.com\/es\/#\/schema\/logo\/image\/\"},\"sameAs\":[\"https:\/\/www.facebook.com\/Gamecardshopdotcom\",\"https:\/\/x.com\/gamecardshop_\",\"https:\/\/www.youtube.com\/@gamecardshop\",\"https:\/\/www.youtube.com\/@arturo.winandoffice.com_\",\"https:\/\/de.trustpilot.com\/review\/arturo.winandoffice.com\",\"https:\/\/www.provenexpert.com\/game-card-shop\/\",\"https:\/\/www.tiktok.com\/@arturo.winandoffice.com\",\"https:\/\/www.shopauskunft.de\/review\/arturo.winandoffice.com\",\"https:\/\/www.ausgezeichnet.org\/bewertungen-arturo.winandoffice.com-HNVDH\",\"https:\/\/www.trustedshops.eu\/buyerrating\/info_X93C3F0168B7533F969FC6C787543C130.html\"]}]}<\/script>\n<!-- \/ Yoast SEO plugin. -->","yoast_head_json":{"title":"Microsoft Windows 10 Professional + Microsoft Office 2019 Standard -lisenssi 3 tietokoneelle","description":"T\u00e4ll\u00e4 lisenssill\u00e4 ohjelmisto voidaan aktivoida kolmessa eri laitteessa, esim. kotitietokoneessa, kannettavassa tietokoneessa ja ty\u00f6tietokoneessa. Elinik\u00e4inen korvaustakuu!!!!","robots":{"index":"index","follow":"follow","max-snippet":"max-snippet:-1","max-image-preview":"max-image-preview:large","max-video-preview":"max-video-preview:-1"},"canonical":"https:\/\/arturo.winandoffice.com\/fi\/produkt\/microsoft-windows-10-professional-microsoft-office-2019-standard\/","og_locale":"fi_FI","og_type":"article","og_title":"Microsoft Windows 10 Professional + Microsoft Office 2019 Standard license for 3 PCs","og_description":"With this license the software can be activated on 3 different devices, e.g. home PC, notebook and work PC. Lifetime Replacement Warranty!!!","og_url":"https:\/\/arturo.winandoffice.com\/fi\/produkt\/microsoft-windows-10-professional-microsoft-office-2019-standard\/","og_site_name":"Arturo Card Shop","article_publisher":"https:\/\/www.facebook.com\/Gamecardshopdotcom","article_modified_time":"2025-09-03T21:14:06+00:00","twitter_card":"summary_large_image","twitter_site":"@gamecardshop_","twitter_misc":{"Arvioitu lukuaika":"2 minuuttia"},"schema":{"@context":"https:\/\/schema.org","@graph":[{"@type":"WebPage","@id":"https:\/\/arturo.winandoffice.com\/produkt\/microsoft-windows-10-professional-microsoft-office-2019-standard\/","url":"https:\/\/arturo.winandoffice.com\/produkt\/microsoft-windows-10-professional-microsoft-office-2019-standard\/","name":"Microsoft Windows 10 Professional + Microsoft Office 2019 Standard -lisenssi 3 tietokoneelle","isPartOf":{"@id":"https:\/\/arturo.winandoffice.com\/es\/#website"},"primaryImageOfPage":{"@id":"https:\/\/arturo.winandoffice.com\/produkt\/microsoft-windows-10-professional-microsoft-office-2019-standard\/#primaryimage"},"image":{"@id":"https:\/\/arturo.winandoffice.com\/produkt\/microsoft-windows-10-professional-microsoft-office-2019-standard\/#primaryimage"},"thumbnailUrl":"https:\/\/arturo.winandoffice.com\/wp-content\/uploads\/2023\/03\/W10PO19S.jpg","datePublished":"2023-03-20T12:12:10+00:00","dateModified":"2025-09-03T21:14:06+00:00","description":"T\u00e4ll\u00e4 lisenssill\u00e4 ohjelmisto voidaan aktivoida kolmessa eri laitteessa, esim. kotitietokoneessa, kannettavassa tietokoneessa ja ty\u00f6tietokoneessa. Elinik\u00e4inen korvaustakuu!!!!","breadcrumb":{"@id":"https:\/\/arturo.winandoffice.com\/produkt\/microsoft-windows-10-professional-microsoft-office-2019-standard\/#breadcrumb"},"inLanguage":"fi","potentialAction":[{"@type":"ReadAction","target":["https:\/\/arturo.winandoffice.com\/produkt\/microsoft-windows-10-professional-microsoft-office-2019-standard\/"]}]},{"@type":"ImageObject","inLanguage":"fi","@id":"https:\/\/arturo.winandoffice.com\/produkt\/microsoft-windows-10-professional-microsoft-office-2019-standard\/#primaryimage","url":"https:\/\/arturo.winandoffice.com\/wp-content\/uploads\/2023\/03\/W10PO19S.jpg","contentUrl":"https:\/\/arturo.winandoffice.com\/wp-content\/uploads\/2023\/03\/W10PO19S.jpg"},{"@type":"BreadcrumbList","@id":"https:\/\/arturo.winandoffice.com\/produkt\/microsoft-windows-10-professional-microsoft-office-2019-standard\/#breadcrumb","itemListElement":[{"@type":"ListItem","position":1,"name":"Home","item":"https:\/\/arturo.winandoffice.com\/"},{"@type":"ListItem","position":2,"name":"Shop","item":"https:\/\/arturo.winandoffice.com\/shop\/"},{"@type":"ListItem","position":3,"name":"Microsoft Windows 10 Professional + Microsoft Office 2019 Standard License for 3 PC"}]},{"@type":"WebSite","@id":"https:\/\/arturo.winandoffice.com\/es\/#website","url":"https:\/\/arturo.winandoffice.com\/es\/","name":"Arturo Card Shop","description":"Osta toimistosi","publisher":{"@id":"https:\/\/arturo.winandoffice.com\/es\/#organization"},"potentialAction":[{"@type":"SearchAction","target":{"@type":"EntryPoint","urlTemplate":"https:\/\/arturo.winandoffice.com\/es\/?s={search_term_string}"},"query-input":{"@type":"PropertyValueSpecification","valueRequired":true,"valueName":"search_term_string"}}],"inLanguage":"fi"},{"@type":"Organization","@id":"https:\/\/arturo.winandoffice.com\/es\/#organization","name":"Arturo Card Shop","url":"https:\/\/arturo.winandoffice.com\/es\/","logo":{"@type":"ImageObject","inLanguage":"fi","@id":"https:\/\/arturo.winandoffice.com\/es\/#\/schema\/logo\/image\/","url":"https:\/\/arturo.winandoffice.com\/wp-content\/uploads\/2022\/10\/logo.png","contentUrl":"https:\/\/arturo.winandoffice.com\/wp-content\/uploads\/2022\/10\/logo.png","width":1710,"height":175,"caption":"Arturo Card Shop"},"image":{"@id":"https:\/\/arturo.winandoffice.com\/es\/#\/schema\/logo\/image\/"},"sameAs":["https:\/\/www.facebook.com\/Gamecardshopdotcom","https:\/\/x.com\/gamecardshop_","https:\/\/www.youtube.com\/@gamecardshop","https:\/\/www.youtube.com\/@arturo.winandoffice.com_","https:\/\/de.trustpilot.com\/review\/arturo.winandoffice.com","https:\/\/www.provenexpert.com\/game-card-shop\/","https:\/\/www.tiktok.com\/@arturo.winandoffice.com","https:\/\/www.shopauskunft.de\/review\/arturo.winandoffice.com","https:\/\/www.ausgezeichnet.org\/bewertungen-arturo.winandoffice.com-HNVDH","https:\/\/www.trustedshops.eu\/buyerrating\/info_X93C3F0168B7533F969FC6C787543C130.html"]}]}},"acf":[],"_links":{"self":[{"href":"https:\/\/arturo.winandoffice.com\/fi\/wp-json\/wp\/v2\/product\/34997","targetHints":{"allow":["GET"]}}],"collection":[{"href":"https:\/\/arturo.winandoffice.com\/fi\/wp-json\/wp\/v2\/product"}],"about":[{"href":"https:\/\/arturo.winandoffice.com\/fi\/wp-json\/wp\/v2\/types\/product"}],"replies":[{"embeddable":true,"href":"https:\/\/arturo.winandoffice.com\/fi\/wp-json\/wp\/v2\/comments?post=34997"}],"wp:featuredmedia":[{"embeddable":true,"href":"https:\/\/arturo.winandoffice.com\/fi\/wp-json\/"}],"wp:attachment":[{"href":"https:\/\/arturo.winandoffice.com\/fi\/wp-json\/wp\/v2\/media?parent=34997"}],"wp:term":[{"taxonomy":"product_brand","embeddable":true,"href":"https:\/\/arturo.winandoffice.com\/fi\/wp-json\/wp\/v2\/product_brand?post=34997"},{"taxonomy":"product_cat","embeddable":true,"href":"https:\/\/arturo.winandoffice.com\/fi\/wp-json\/wp\/v2\/product_cat?post=34997"},{"taxonomy":"product_tag","embeddable":true,"href":"https:\/\/arturo.winandoffice.com\/fi\/wp-json\/wp\/v2\/product_tag?post=34997"}],"curies":[{"name":"wp","href":"https:\/\/api.w.org\/{rel}","templated":true}]}}