{"id":34940,"date":"2023-03-20T13:12:03","date_gmt":"2023-03-20T12:12:03","guid":{"rendered":"https:\/\/arturo.winandoffice.com\/?post_type=product&#038;p=34940"},"modified":"2025-10-06T02:14:59","modified_gmt":"2025-10-06T01:14:59","slug":"microsoft-windows-11-home","status":"publish","type":"product","link":"https:\/\/arturo.winandoffice.com\/fi\/produkt\/microsoft-windows-11-home\/","title":{"rendered":"Microsoft Windows 11 Home"},"content":{"rendered":"<div class=\"wpb-content-wrapper\"><div class=\"vc_row wpb_row vc_row-fluid\" style=\"background-position: None!important;  \"><div class=\"wpb_column vc_column_container vc_col-sm-12\"><div class=\"vc_column-inner\"><div class=\"wpb_wrapper\">\n\t<div class=\"wpb_text_column wpb_content_element\" >\n\t\t<div class=\"wpb_wrapper\">\n\t\t\t<div id=\"primaryR2\" data-grid=\"container\" data-region-key=\"primaryr2\" data-m=\"{&quot;cN&quot;:&quot;primaryR2 1&quot;,&quot;cT&quot;:&quot;Region_coreui-region&quot;,&quot;id&quot;:&quot;r2a2&quot;,&quot;sN&quot;:2,&quot;aN&quot;:&quot;a2&quot;}\">\n<div id=\"coreui-banner-l03vzh8\" data-m=\"{&quot;cN&quot;:&quot;R2Banner 1&quot;,&quot;cT&quot;:&quot;Module_coreui-banner&quot;,&quot;id&quot;:&quot;m1r2a2&quot;,&quot;sN&quot;:1,&quot;aN&quot;:&quot;r2a2&quot;}\" data-module-id=\"WDG-Windows|primaryR2|coreui-region|coreui-banner-l03vzh8|coreui-banner\">\n<div class=\"m-banner f-align-left\" data-grid=\"col-12\">\n<p><strong><span style=\"font-size: 32px;\">Microsoft Windows 11 Home (t\u00e4ysi rajoittamaton versio sertifioidulta Microsoft Gold Partnerilta)<\/span><\/strong><\/p>\n<p class=\"c-heading-3\">\n<\/div>\n<\/div>\n<div id=\"coreui-contentrichblock-o5iouct\" data-m=\"{&quot;cN&quot;:&quot;R2ContentRichBlock 1&quot;,&quot;cT&quot;:&quot;Module_coreui-contentrichblock&quot;,&quot;id&quot;:&quot;m3r2a2&quot;,&quot;sN&quot;:3,&quot;aN&quot;:&quot;r2a2&quot;}\" data-module-id=\"WDG-Windows|primaryR2|coreui-region|coreui-contentrichblock-o5iouct|coreui-contentrichblock\">\n<div class=\"m-rich-content-block context-ucx\" data-grid=\"col-12\">\n<p>&nbsp;<\/p>\n<\/div>\n<\/div>\n<div id=\"coreui-tablev2-62jrfm3\" data-m=\"{&quot;cN&quot;:&quot;R2TableV2 1&quot;,&quot;cT&quot;:&quot;Module_coreui-tablev2&quot;,&quot;id&quot;:&quot;m4r2a2&quot;,&quot;sN&quot;:4,&quot;aN&quot;:&quot;r2a2&quot;}\" data-module-id=\"WDG-Windows|primaryR2|coreui-region|coreui-tablev2-62jrfm3|coreui-tablev2\">\n<div class=\"m-table\">\n<div class=\"c-table\" data-f-loc-ascending=\"Sorted by {0} - ascending\" data-f-loc-descending=\"Sorted by {0} - descending\">\n<table>\n<tbody>\n<tr>\n<td class=\"f-divided\"><strong>Prosessori:<\/strong><\/td>\n<td class=\"f-divided\">1 gigahertsin (GHz) tai nopeampi, 2 tai useamman ytimen taajuudella <a href=\"https:\/\/docs.microsoft.com\/en-us\/windows-hardware\/design\/minimum\/windows-processor-requirements\">yhteensopiva 64-bittinen prosessori<\/a> tai System on a Chip (SoC)<\/td>\n<\/tr>\n<tr>\n<td class=\"f-divided\"><strong>RAM:<\/strong><\/td>\n<td class=\"f-divided\">4 gigatavua (GB)<\/td>\n<\/tr>\n<tr>\n<td class=\"f-divided\"><strong>Varastointi:<\/strong><\/td>\n<td class=\"f-divided\">\n<p>64 Gt tai suurempi tallennuslaite<\/p>\n<p>Huomautus: Katso lis\u00e4tietoja j\u00e4ljemp\u00e4n\u00e4 kohdasta \"Lis\u00e4tietoja tallennustilasta Windows 11:n pit\u00e4miseksi ajan tasalla\".<\/td>\n<\/tr>\n<tr>\n<td class=\"f-divided\"><strong>J\u00e4rjestelm\u00e4n laiteohjelmisto:&nbsp;<\/strong><\/td>\n<td class=\"f-divided\">UEFI, Secure Boot -yhteensopiva TPM<\/td>\n<\/tr>\n<tr>\n<td class=\"f-divided\"><strong>TPM:<\/strong><\/td>\n<td class=\"f-divided\">Luotettavan alustamoduulin (TPM) versio 2.0<\/td>\n<\/tr>\n<tr>\n<td class=\"f-divided\"><strong>N\u00e4yt\u00f6nohjain:&nbsp;<\/strong><\/td>\n<td class=\"f-divided\">Yhteensopiva DirectX 12:n tai uudemman kanssa WDDM 2.0 -ajurin n\u00e4yt\u00f6ll\u00e4.<\/td>\n<\/tr>\n<tr>\n<td class=\"f-divided\"><strong>N\u00e4ytt\u00f6:&nbsp;<\/strong><\/td>\n<td class=\"f-divided\">Ter\u00e4v\u00e4piirton\u00e4ytt\u00f6 (720p), jonka l\u00e4pimitta on yli 9 tuumaa, 8 bitti\u00e4 v\u00e4rikanavaa kohti internetiss\u00e4.<\/td>\n<\/tr>\n<tr>\n<td class=\"f-divided\"><strong>Internet-yhteys ja Microsoft-tilit:&nbsp;<\/strong><\/td>\n<td class=\"f-divided\">\n<p>Microsoft Windows 11 Home -versio edellytt\u00e4\u00e4 internet-yhteytt\u00e4 ja Microsoft-tili\u00e4, jotta laitteen asennus voidaan suorittaa loppuun ensimm\u00e4isell\u00e4 k\u00e4ytt\u00f6kerralla.<\/p>\n<p>Switching a device out of&nbsp; MS Windows 11 Home in S mode also requires internet connectivity.<\/p>\n<p>Kaikissa Microsoft Windows 11 -versioissa tarvitaan internetyhteys p\u00e4ivitysten tekemiseen sek\u00e4 joidenkin ominaisuuksien lataamiseen ja hy\u00f6dynt\u00e4miseen. Joitakin ominaisuuksia varten tarvitaan Microsoft-tili.<\/td>\n<\/tr>\n<\/tbody>\n<\/table>\n<\/div>\n<\/div>\n<\/div>\n<div id=\"coreui-contentrichblock-wqm7a2a\" data-m=\"{&quot;cN&quot;:&quot;R2ContentRichBlock 2&quot;,&quot;cT&quot;:&quot;Module_coreui-contentrichblock&quot;,&quot;id&quot;:&quot;m5r2a2&quot;,&quot;sN&quot;:5,&quot;aN&quot;:&quot;r2a2&quot;}\" data-module-id=\"WDG-Windows|primaryR2|coreui-region|coreui-contentrichblock-wqm7a2a|coreui-contentrichblock\">\n<div class=\"m-rich-content-block context-ucx\" data-grid=\"col-12\">\n<p>Ajan mittaan saattaa tulla lis\u00e4vaatimuksia p\u00e4ivityksi\u00e4 ja k\u00e4ytt\u00f6j\u00e4rjestelm\u00e4n tiettyjen ominaisuuksien k\u00e4ytt\u00f6\u00f6nottoa varten.<\/p>\n<\/div>\n<\/div>\n<\/div>\n<p>&nbsp;<\/p>\n<div id=\"primaryR3\" data-grid=\"container\" data-region-key=\"primaryr3\" data-m=\"{&quot;cN&quot;:&quot;primaryR3 1&quot;,&quot;cT&quot;:&quot;Region_coreui-region&quot;,&quot;id&quot;:&quot;r3a2&quot;,&quot;sN&quot;:3,&quot;aN&quot;:&quot;a2&quot;}\">\n<div id=\"coreui-divider-xjbne9z\" data-m=\"{&quot;cN&quot;:&quot;R2Divider 1&quot;,&quot;cT&quot;:&quot;Module_coreui-divider&quot;,&quot;id&quot;:&quot;m2r3a2&quot;,&quot;sN&quot;:2,&quot;aN&quot;:&quot;r3a2&quot;}\" data-module-id=\"WDG-Windows|primaryR3|coreui-region|coreui-divider-xjbne9z|coreui-divider\">\n<p>&nbsp;<\/p>\n<hr class=\"c-divider f-pad-top-3x\" data-grid=\"col-12\">\n<\/div>\n<div id=\"coreui-contentrichblock-rhi1sei\" data-m=\"{&quot;cN&quot;:&quot;R2ContentRichBlock 1&quot;,&quot;cT&quot;:&quot;Module_coreui-contentrichblock&quot;,&quot;id&quot;:&quot;m3r3a2&quot;,&quot;sN&quot;:3,&quot;aN&quot;:&quot;r3a2&quot;}\" data-module-id=\"WDG-Windows|primaryR3|coreui-region|coreui-contentrichblock-rhi1sei|coreui-contentrichblock\">\n<div class=\"m-rich-content-block context-ucx\" data-grid=\"col-12\">\n<p><span style=\"font-size: 18pt;\"><strong>Microsoft Windows 11 Home:n edut<\/strong><\/span><\/p>\n<p>Joillakin Microsoft Windows 11:n ominaisuuksilla on suurempia vaatimuksia kuin edell\u00e4 v\u00e4himm\u00e4isvaatimuksia k\u00e4sittelev\u00e4ss\u00e4 osiossa on lueteltu. Alla on lis\u00e4tietoja t\u00e4rkeimpien ominaisuuksien vaatimuksista:<\/p>\n<div>\n<ul class=\"c-list\">\n<li><strong>5G-tuki<\/strong> vaatii 5G-kykyisen modeemin.<\/li>\n<li><strong>Automaattinen HDR<\/strong> vaatii HDR-monitorin.<\/li>\n<li><strong>BitLocker To Go<\/strong> vaatii USB-muistitikun (saatavilla Windows Pro- ja sit\u00e4 uudemmissa versioissa).<\/li>\n<li><strong>Hyper-V-asiakas<\/strong> vaatii prosessorin, jossa on SLAT-ominaisuudet (SLAT, Second Level Address Translation) (saatavilla Windows Pro -versioissa ja sit\u00e4 uudemmissa versioissa).<\/li>\n<li><strong>Cortana<\/strong> vaatii mikrofonin ja kaiuttimen, ja se on t\u00e4ll\u00e4 hetkell\u00e4 saatavilla Windows 11 -k\u00e4ytt\u00f6j\u00e4rjestelm\u00e4ss\u00e4 Australiassa, Brasiliassa, Kanadassa, Kiinassa, Ranskassa, Saksassa, Intiassa, Italiassa, Japanissa, Meksikossa, Espanjassa, Yhdistyneess\u00e4 kuningaskunnassa ja Yhdysvalloissa.<\/li>\n<li><strong>DirectStorage<\/strong> vaatii NVMe SSD-levyn sellaisten pelien tallentamiseen ja suorittamiseen, jotka k\u00e4ytt\u00e4v\u00e4t \"Standard NVM Express Controller\" -ohjainta, sek\u00e4 DirectX12-n\u00e4yt\u00f6nohjaimen, jossa on Shader Model 6.0 -tuki.<\/li>\n<li><strong>DirectX 12 Ultimate<\/strong> on saatavilla tuettujen pelien ja grafiikkapiirien kanssa.<\/li>\n<li><strong>L\u00e4sn\u00e4olo<\/strong> edellytt\u00e4\u00e4 anturia, joka havaitsee ihmisen et\u00e4isyyden laitteeseen tai aikomuksen olla vuorovaikutuksessa laitteen kanssa.<\/li>\n<li><strong>\u00c4lyk\u00e4s videoneuvottelu<\/strong> vaatii videokameran, mikrofonin ja kaiuttimen (\u00e4\u00e4nil\u00e4ht\u00f6).<\/li>\n<li><strong>Moni\u00e4\u00e4niavustaja (MVA)<\/strong> vaatii mikrofonin ja kaiuttimen.<\/li>\n<li><strong>Snap<\/strong> kolmisarakkeiset asettelut edellytt\u00e4v\u00e4t v\u00e4hint\u00e4\u00e4n 1920 pikseli\u00e4 leve\u00e4\u00e4 n\u00e4ytt\u00f6\u00e4.<\/li>\n<li><strong>Mykist\u00e4minen\/ mykist\u00e4misen poistaminen teht\u00e4v\u00e4palkista<\/strong> vaatii videokameran, mikrofonin ja kaiuttimen (\u00e4\u00e4nil\u00e4ht\u00f6). Sovelluksen on oltava yhteensopiva ominaisuuksien kanssa, jotta globaali mykist\u00e4minen\/ mykistyksen poistaminen voidaan ottaa k\u00e4ytt\u00f6\u00f6n.<\/li>\n<li><strong>Spatial Sound<\/strong> edellytt\u00e4\u00e4 tukevaa laitteistoa ja ohjelmistoa.<\/li>\n<li><strong>Joukkueet<\/strong> vaativat videokameran, mikrofonin ja kaiuttimen (\u00e4\u00e4nil\u00e4ht\u00f6).<\/li>\n<li><strong>Kosketa<\/strong> edellytt\u00e4\u00e4 n\u00e4ytt\u00f6\u00e4 tai monitoria, joka tukee monikosketusn\u00e4ytt\u00f6\u00e4.<\/li>\n<li><strong>Kahden tekij\u00e4n todennus<\/strong> edellytt\u00e4\u00e4 PIN-koodin, biometrisen tunnisteen (sormenj\u00e4lkilukija tai valaistu infrapunakamera) tai Wi-Fi- tai Bluetooth-ominaisuuksilla varustetun puhelimen k\u00e4ytt\u00f6\u00e4.<\/li>\n<li><strong>Puheella kirjoittaminen<\/strong> vaatii tietokoneen, jossa on mikrofoni.<\/li>\n<li><strong>Wake on Voice<\/strong> vaatii Modern Standby -virtamallin ja mikrofonin.<\/li>\n<li><strong>Wi-Fi 6E<\/strong> vaatii uuden WLAN IHV -laitteiston ja -ajurin sek\u00e4 Wi-Fi 6E -yhteensopivan AP\/reitittimen.<\/li>\n<li><strong>Windows Hello<\/strong> vaatii kameran, joka on konfiguroitu l\u00e4hi-infrapunakuvaukseen (IR), tai sormenj\u00e4lkilukijan biometrist\u00e4 tunnistusta varten. Laitteet, joissa ei ole biometrisi\u00e4 tunnistimia, voivat k\u00e4ytt\u00e4\u00e4 Windows Hello -j\u00e4rjestelm\u00e4\u00e4 PIN-koodin tai kannettavan Microsoft-yhteensopivan suojausavaimen avulla.<\/li>\n<li><strong>Windows-projektio<\/strong> vaatii n\u00e4yt\u00f6nohjaimen, joka tukee Windows Display Driver Model (WDDM) 2.0 -mallia, ja Wi-Fi Directi\u00e4 tukevan Wi-Fi-sovittimen.<\/li>\n<li><strong>Xbox (sovellus)<\/strong> vaatii Xbox Live -tilin, joka ei ole saatavilla kaikilla alueilla. Ajantasaisimmat tiedot saatavuudesta l\u00f6yd\u00e4t kohdasta Xbox Live -maat ja -alueet. Jotkin Xbox-sovelluksen ominaisuudet edellytt\u00e4v\u00e4t aktiivista Xbox Game Pass -tilausta. Lis\u00e4tietoja passista.<\/li>\n<\/ul>\n<p><strong>Apu ja tuki:<\/strong><\/p>\n<p>Jos sinulla on kysytt\u00e4v\u00e4\u00e4, ota rohkeasti yhteytt\u00e4 meihin. <a href=\"mailto:support@arturo.winandoffice.com\" target=\"_blank\" rel=\"noopener\">s\u00e4hk\u00f6postitse<\/a>.&nbsp;Our customer service and support is available 7 days a week, 24 hours a day.<\/p>\n<p>&nbsp;<\/p>\n<\/div>\n<\/div>\n<\/div>\n<\/div>\n<p>&nbsp;<\/p>\n\n\t\t<\/div>\n\t<\/div>\n<\/div><\/div><\/div><\/div>\n<\/div>","protected":false},"excerpt":{"rendered":"<ul>\n<li>Microsoft Windows 11 Home license for activation on 1 PC<\/li>\n<li>Versio 32- ja 64-bittisille j\u00e4rjestelmille, t\u00e4ydet rajoittamattomat versiot ohjelmistosta. <strong>sertifioidulta Microsoft Gold Partnerilta<\/strong><\/li>\n<li><strong>Elinik\u00e4inen vaihtotakuu!<\/strong><\/li>\n<li>Toimitus s\u00e4hk\u00f6postitse: tuoteavain, ohjeet, latauslinkit, lasku.<\/li>\n<li>Pikalataus!<\/li>\n<li>Ei aikarajoitusta, ei tilausta<\/li>\n<li>Ilmainen tuki 24\/7 asennukseen ja aktivointiin liittyviss\u00e4 kysymyksiss\u00e4<\/li>\n<li>Ei toimitusta tietovarastossa (USB, CD jne.).<\/li>\n<li>Aktivointi verkossa ja puhelimitse<\/li>\n<li>Kielet: Englanti, espanja, italia, saksa, ranska<\/li>\n<li><strong><span style=\"color: #008000;\"> T\u00e4m\u00e4 tuote on yhteensopiva Microsoft Windowsin kanssa.<\/span><\/strong><\/li>\n<li><strong><span style=\"color: #ff0000;\">NOT compatible with Apple macOS\u2122, Apple Processors, Parallels for Mac, Android devices and Chromebooks.<\/span><\/strong><\/li>\n<\/ul>","protected":false},"featured_media":100000116597,"comment_status":"closed","ping_status":"closed","template":"","meta":{"_acf_changed":false},"product_brand":[],"product_cat":[161,168],"product_tag":[228],"class_list":{"0":"post-34940","1":"product","2":"type-product","3":"status-publish","4":"has-post-thumbnail","6":"product_cat-microsoft-windows","7":"product_cat-windows-11","8":"product_tag-microsoft-windows-11-home","10":"first","11":"instock","12":"sale","13":"virtual","14":"taxable","15":"purchasable","16":"product-type-simple"},"yoast_head":"<!-- This site is optimized with the Yoast SEO plugin v26.7 - https:\/\/yoast.com\/wordpress\/plugins\/seo\/ -->\n<title>Microsoft Windows 11 Home<\/title>\n<meta name=\"description\" content=\"Microsoft Windows 11 Home\" \/>\n<meta name=\"robots\" content=\"index, follow, max-snippet:-1, max-image-preview:large, max-video-preview:-1\" \/>\n<link rel=\"canonical\" href=\"https:\/\/arturo.winandoffice.com\/fi\/produkt\/microsoft-windows-11-home\/\" \/>\n<meta property=\"og:locale\" content=\"fi_FI\" \/>\n<meta property=\"og:type\" content=\"article\" \/>\n<meta property=\"og:title\" content=\"Microsoft Windows 11 Home\" \/>\n<meta property=\"og:description\" content=\"Microsoft Windows 11 Home\" \/>\n<meta property=\"og:url\" content=\"https:\/\/arturo.winandoffice.com\/fi\/produkt\/microsoft-windows-11-home\/\" \/>\n<meta property=\"og:site_name\" content=\"Arturo Card Shop\" \/>\n<meta property=\"article:publisher\" content=\"https:\/\/www.facebook.com\/Gamecardshopdotcom\" \/>\n<meta property=\"article:modified_time\" content=\"2025-10-06T01:14:59+00:00\" \/>\n<meta name=\"twitter:card\" content=\"summary_large_image\" \/>\n<meta name=\"twitter:site\" content=\"@gamecardshop_\" \/>\n<meta name=\"twitter:label1\" content=\"Arvioitu lukuaika\" \/>\n\t<meta name=\"twitter:data1\" content=\"4 minuuttia\" \/>\n<script type=\"application\/ld+json\" class=\"yoast-schema-graph\">{\"@context\":\"https:\/\/schema.org\",\"@graph\":[{\"@type\":\"WebPage\",\"@id\":\"https:\/\/arturo.winandoffice.com\/produkt\/microsoft-windows-11-home\/\",\"url\":\"https:\/\/arturo.winandoffice.com\/produkt\/microsoft-windows-11-home\/\",\"name\":\"Microsoft Windows 11 Home\",\"isPartOf\":{\"@id\":\"https:\/\/arturo.winandoffice.com\/es\/#website\"},\"primaryImageOfPage\":{\"@id\":\"https:\/\/arturo.winandoffice.com\/produkt\/microsoft-windows-11-home\/#primaryimage\"},\"image\":{\"@id\":\"https:\/\/arturo.winandoffice.com\/produkt\/microsoft-windows-11-home\/#primaryimage\"},\"thumbnailUrl\":\"https:\/\/arturo.winandoffice.com\/wp-content\/uploads\/2023\/03\/W11H.jpg\",\"datePublished\":\"2023-03-20T12:12:03+00:00\",\"dateModified\":\"2025-10-06T01:14:59+00:00\",\"description\":\"Microsoft Windows 11 Home\",\"breadcrumb\":{\"@id\":\"https:\/\/arturo.winandoffice.com\/produkt\/microsoft-windows-11-home\/#breadcrumb\"},\"inLanguage\":\"fi\",\"potentialAction\":[{\"@type\":\"ReadAction\",\"target\":[\"https:\/\/arturo.winandoffice.com\/produkt\/microsoft-windows-11-home\/\"]}]},{\"@type\":\"ImageObject\",\"inLanguage\":\"fi\",\"@id\":\"https:\/\/arturo.winandoffice.com\/produkt\/microsoft-windows-11-home\/#primaryimage\",\"url\":\"https:\/\/arturo.winandoffice.com\/wp-content\/uploads\/2023\/03\/W11H.jpg\",\"contentUrl\":\"https:\/\/arturo.winandoffice.com\/wp-content\/uploads\/2023\/03\/W11H.jpg\"},{\"@type\":\"BreadcrumbList\",\"@id\":\"https:\/\/arturo.winandoffice.com\/produkt\/microsoft-windows-11-home\/#breadcrumb\",\"itemListElement\":[{\"@type\":\"ListItem\",\"position\":1,\"name\":\"Home\",\"item\":\"https:\/\/arturo.winandoffice.com\/\"},{\"@type\":\"ListItem\",\"position\":2,\"name\":\"Shop\",\"item\":\"https:\/\/arturo.winandoffice.com\/shop\/\"},{\"@type\":\"ListItem\",\"position\":3,\"name\":\"Microsoft Windows 11 Home\"}]},{\"@type\":\"WebSite\",\"@id\":\"https:\/\/arturo.winandoffice.com\/es\/#website\",\"url\":\"https:\/\/arturo.winandoffice.com\/es\/\",\"name\":\"Arturo Card Shop\",\"description\":\"Buy your office\",\"publisher\":{\"@id\":\"https:\/\/arturo.winandoffice.com\/es\/#organization\"},\"potentialAction\":[{\"@type\":\"SearchAction\",\"target\":{\"@type\":\"EntryPoint\",\"urlTemplate\":\"https:\/\/arturo.winandoffice.com\/es\/?s={search_term_string}\"},\"query-input\":{\"@type\":\"PropertyValueSpecification\",\"valueRequired\":true,\"valueName\":\"search_term_string\"}}],\"inLanguage\":\"fi\"},{\"@type\":\"Organization\",\"@id\":\"https:\/\/arturo.winandoffice.com\/es\/#organization\",\"name\":\"Arturo Card Shop\",\"url\":\"https:\/\/arturo.winandoffice.com\/es\/\",\"logo\":{\"@type\":\"ImageObject\",\"inLanguage\":\"fi\",\"@id\":\"https:\/\/arturo.winandoffice.com\/es\/#\/schema\/logo\/image\/\",\"url\":\"https:\/\/arturo.winandoffice.com\/wp-content\/uploads\/2022\/10\/logo.png\",\"contentUrl\":\"https:\/\/arturo.winandoffice.com\/wp-content\/uploads\/2022\/10\/logo.png\",\"width\":1710,\"height\":175,\"caption\":\"Arturo Card Shop\"},\"image\":{\"@id\":\"https:\/\/arturo.winandoffice.com\/es\/#\/schema\/logo\/image\/\"},\"sameAs\":[\"https:\/\/www.facebook.com\/Gamecardshopdotcom\",\"https:\/\/x.com\/gamecardshop_\",\"https:\/\/www.youtube.com\/@gamecardshop\",\"https:\/\/www.youtube.com\/@arturo.winandoffice.com_\",\"https:\/\/de.trustpilot.com\/review\/arturo.winandoffice.com\",\"https:\/\/www.provenexpert.com\/game-card-shop\/\",\"https:\/\/www.tiktok.com\/@arturo.winandoffice.com\",\"https:\/\/www.shopauskunft.de\/review\/arturo.winandoffice.com\",\"https:\/\/www.ausgezeichnet.org\/bewertungen-arturo.winandoffice.com-HNVDH\",\"https:\/\/www.trustedshops.eu\/buyerrating\/info_X93C3F0168B7533F969FC6C787543C130.html\"]}]}<\/script>\n<!-- \/ Yoast SEO plugin. -->","yoast_head_json":{"title":"Microsoft Windows 11 Home","description":"Microsoft Windows 11 Home","robots":{"index":"index","follow":"follow","max-snippet":"max-snippet:-1","max-image-preview":"max-image-preview:large","max-video-preview":"max-video-preview:-1"},"canonical":"https:\/\/arturo.winandoffice.com\/fi\/produkt\/microsoft-windows-11-home\/","og_locale":"fi_FI","og_type":"article","og_title":"Microsoft Windows 11 Home","og_description":"Microsoft Windows 11 Home","og_url":"https:\/\/arturo.winandoffice.com\/fi\/produkt\/microsoft-windows-11-home\/","og_site_name":"Arturo Card Shop","article_publisher":"https:\/\/www.facebook.com\/Gamecardshopdotcom","article_modified_time":"2025-10-06T01:14:59+00:00","twitter_card":"summary_large_image","twitter_site":"@gamecardshop_","twitter_misc":{"Arvioitu lukuaika":"4 minuuttia"},"schema":{"@context":"https:\/\/schema.org","@graph":[{"@type":"WebPage","@id":"https:\/\/arturo.winandoffice.com\/produkt\/microsoft-windows-11-home\/","url":"https:\/\/arturo.winandoffice.com\/produkt\/microsoft-windows-11-home\/","name":"Microsoft Windows 11 Home","isPartOf":{"@id":"https:\/\/arturo.winandoffice.com\/es\/#website"},"primaryImageOfPage":{"@id":"https:\/\/arturo.winandoffice.com\/produkt\/microsoft-windows-11-home\/#primaryimage"},"image":{"@id":"https:\/\/arturo.winandoffice.com\/produkt\/microsoft-windows-11-home\/#primaryimage"},"thumbnailUrl":"https:\/\/arturo.winandoffice.com\/wp-content\/uploads\/2023\/03\/W11H.jpg","datePublished":"2023-03-20T12:12:03+00:00","dateModified":"2025-10-06T01:14:59+00:00","description":"Microsoft Windows 11 Home","breadcrumb":{"@id":"https:\/\/arturo.winandoffice.com\/produkt\/microsoft-windows-11-home\/#breadcrumb"},"inLanguage":"fi","potentialAction":[{"@type":"ReadAction","target":["https:\/\/arturo.winandoffice.com\/produkt\/microsoft-windows-11-home\/"]}]},{"@type":"ImageObject","inLanguage":"fi","@id":"https:\/\/arturo.winandoffice.com\/produkt\/microsoft-windows-11-home\/#primaryimage","url":"https:\/\/arturo.winandoffice.com\/wp-content\/uploads\/2023\/03\/W11H.jpg","contentUrl":"https:\/\/arturo.winandoffice.com\/wp-content\/uploads\/2023\/03\/W11H.jpg"},{"@type":"BreadcrumbList","@id":"https:\/\/arturo.winandoffice.com\/produkt\/microsoft-windows-11-home\/#breadcrumb","itemListElement":[{"@type":"ListItem","position":1,"name":"Home","item":"https:\/\/arturo.winandoffice.com\/"},{"@type":"ListItem","position":2,"name":"Shop","item":"https:\/\/arturo.winandoffice.com\/shop\/"},{"@type":"ListItem","position":3,"name":"Microsoft Windows 11 Home"}]},{"@type":"WebSite","@id":"https:\/\/arturo.winandoffice.com\/es\/#website","url":"https:\/\/arturo.winandoffice.com\/es\/","name":"Arturo Card Shop","description":"Osta toimistosi","publisher":{"@id":"https:\/\/arturo.winandoffice.com\/es\/#organization"},"potentialAction":[{"@type":"SearchAction","target":{"@type":"EntryPoint","urlTemplate":"https:\/\/arturo.winandoffice.com\/es\/?s={search_term_string}"},"query-input":{"@type":"PropertyValueSpecification","valueRequired":true,"valueName":"search_term_string"}}],"inLanguage":"fi"},{"@type":"Organization","@id":"https:\/\/arturo.winandoffice.com\/es\/#organization","name":"Arturo Card Shop","url":"https:\/\/arturo.winandoffice.com\/es\/","logo":{"@type":"ImageObject","inLanguage":"fi","@id":"https:\/\/arturo.winandoffice.com\/es\/#\/schema\/logo\/image\/","url":"https:\/\/arturo.winandoffice.com\/wp-content\/uploads\/2022\/10\/logo.png","contentUrl":"https:\/\/arturo.winandoffice.com\/wp-content\/uploads\/2022\/10\/logo.png","width":1710,"height":175,"caption":"Arturo Card Shop"},"image":{"@id":"https:\/\/arturo.winandoffice.com\/es\/#\/schema\/logo\/image\/"},"sameAs":["https:\/\/www.facebook.com\/Gamecardshopdotcom","https:\/\/x.com\/gamecardshop_","https:\/\/www.youtube.com\/@gamecardshop","https:\/\/www.youtube.com\/@arturo.winandoffice.com_","https:\/\/de.trustpilot.com\/review\/arturo.winandoffice.com","https:\/\/www.provenexpert.com\/game-card-shop\/","https:\/\/www.tiktok.com\/@arturo.winandoffice.com","https:\/\/www.shopauskunft.de\/review\/arturo.winandoffice.com","https:\/\/www.ausgezeichnet.org\/bewertungen-arturo.winandoffice.com-HNVDH","https:\/\/www.trustedshops.eu\/buyerrating\/info_X93C3F0168B7533F969FC6C787543C130.html"]}]}},"acf":[],"_links":{"self":[{"href":"https:\/\/arturo.winandoffice.com\/fi\/wp-json\/wp\/v2\/product\/34940","targetHints":{"allow":["GET"]}}],"collection":[{"href":"https:\/\/arturo.winandoffice.com\/fi\/wp-json\/wp\/v2\/product"}],"about":[{"href":"https:\/\/arturo.winandoffice.com\/fi\/wp-json\/wp\/v2\/types\/product"}],"replies":[{"embeddable":true,"href":"https:\/\/arturo.winandoffice.com\/fi\/wp-json\/wp\/v2\/comments?post=34940"}],"wp:featuredmedia":[{"embeddable":true,"href":"https:\/\/arturo.winandoffice.com\/fi\/wp-json\/"}],"wp:attachment":[{"href":"https:\/\/arturo.winandoffice.com\/fi\/wp-json\/wp\/v2\/media?parent=34940"}],"wp:term":[{"taxonomy":"product_brand","embeddable":true,"href":"https:\/\/arturo.winandoffice.com\/fi\/wp-json\/wp\/v2\/product_brand?post=34940"},{"taxonomy":"product_cat","embeddable":true,"href":"https:\/\/arturo.winandoffice.com\/fi\/wp-json\/wp\/v2\/product_cat?post=34940"},{"taxonomy":"product_tag","embeddable":true,"href":"https:\/\/arturo.winandoffice.com\/fi\/wp-json\/wp\/v2\/product_tag?post=34940"}],"curies":[{"name":"wp","href":"https:\/\/api.w.org\/{rel}","templated":true}]}}