{"id":34938,"date":"2023-03-20T13:12:03","date_gmt":"2023-03-20T12:12:03","guid":{"rendered":"https:\/\/arturo.winandoffice.com\/?post_type=product&#038;p=34938"},"modified":"2025-09-03T22:14:35","modified_gmt":"2025-09-03T21:14:35","slug":"microsoft-windows-10-professional","status":"publish","type":"product","link":"https:\/\/arturo.winandoffice.com\/fi\/produkt\/microsoft-windows-10-professional\/","title":{"rendered":"Microsoft Windows 10 Professional License for 3 PC"},"content":{"rendered":"<div class=\"wpb-content-wrapper\"><div class=\"vc_row wpb_row vc_row-fluid\" style=\"background-position: None!important;  \"><div class=\"wpb_column vc_column_container vc_col-sm-12\"><div class=\"vc_column-inner\"><div class=\"wpb_wrapper\">\n\t<div class=\"wpb_text_column wpb_content_element\" >\n\t\t<div class=\"wpb_wrapper\">\n\t\t\t<h1><span style=\"font-size: 32px;\"><strong>Microsoft Windows 10 Professional (t\u00e4ysi rajoittamaton versio sertifioidulta Microsoft Gold Partner -kumppanilta)<\/strong><\/span><\/h1>\n<p><strong>T\u00e4ll\u00e4 lisenssill\u00e4 ohjelmisto voidaan aktivoida kolmessa eri laitteessa, esim. kotitietokoneessa, kannettavassa tietokoneessa ja ty\u00f6tietokoneessa.<\/strong><\/p>\n<p><strong>Elinik\u00e4inen rahat takaisin -takuu!!!<\/strong><\/p>\n<hr class=\"c-divider f-pad-top-3x\" data-grid=\"col-12\">\n<p>Uuden Microsoft Windows 10 Professional -version my\u00f6t\u00e4 Microsoft tarjoaa vaativille kotik\u00e4ytt\u00e4jille ja erityisesti yrityksille modernin ja intuitiivisen k\u00e4ytt\u00f6j\u00e4rjestelm\u00e4n. Microsoft Windows 10 Professional tarjoaa muun muassa parannetut tietoturvaominaisuudet, et\u00e4ty\u00f6p\u00f6yd\u00e4n k\u00e4yt\u00f6n, BitLocker-salauksen ja henkil\u00f6kohtaisen virtuaaliavustaja Cortanan. J\u00e4rjestelm\u00e4 mukautuu kehittyneiden ominaisuuksiensa ansiosta mihin tahansa laitteeseen, ja sen etuna on, ett\u00e4 j\u00e4rjestelm\u00e4vaatimukset eiv\u00e4t ole juurikaan muuttuneet edelt\u00e4jiins\u00e4 verrattuna. T\u00e4m\u00e4 tarkoittaa, ett\u00e4 sinun ei tarvitse investoida uuteen laitteistoon voidaksesi hy\u00f6dynt\u00e4\u00e4 Microsoft Windows 10 Professional -k\u00e4ytt\u00f6j\u00e4rjestelm\u00e4\u00e4.<\/p>\n<h3><strong>V\u00e4himm\u00e4isj\u00e4rjestelm\u00e4vaatimukset<\/strong><\/h3>\n<p>1 GHz tai nopeampi suoritin<\/p>\n<p>1 Gt RAM-muistia 32-bittiselle tai 2 Gt RAM-muistia 64-bittiselle.<\/p>\n<p>16 Gt k\u00e4ytett\u00e4viss\u00e4 olevaa kiintolevytilaa 32-bittiselle k\u00e4ytt\u00f6j\u00e4rjestelm\u00e4lle tai 20 Gt 64-bittiselle k\u00e4ytt\u00f6j\u00e4rjestelm\u00e4lle.<\/p>\n<p>Microsoft Windows 10:st\u00e4 on useita eri versioita, joissa kaikissa on erilaisia ominaisuuksia, k\u00e4ytt\u00f6tarkoituksia tai tarkoitettuja laitteita. Tietyt versiot ovat saatavilla vain laitteissa, jotka ovat suoraan alkuper\u00e4isen laitevalmistajan (OEM) toimittamia, kun taas versiot, kuten Enterprise ja Education, ovat saatavilla vain volyymilisenssikanavien kautta. Microsoft tarjoaa Microsoft Windows 10 -versioita my\u00f6s laitevalmistajille k\u00e4ytett\u00e4v\u00e4ksi tietyiss\u00e4 laiteluokissa, kuten IoT-laitteissa ja aiemmin markkinoidussa Microsoft Windows 10 Mobile -\u00e4lypuhelimissa.<\/p>\n<p>N\u00e4m\u00e4 versiot lis\u00e4\u00e4v\u00e4t ominaisuuksia, jotka helpottavat useiden k\u00e4ytt\u00f6j\u00e4rjestelm\u00e4asennusten keskitetty\u00e4 hallintaa organisaatiossa. T\u00e4rkein tapa hankkia ne on Microsoft:n kanssa tehty volyymilisenssisopimus.<\/p>\n<p>Koulutus<br \/>\nMicrosoft Windows 10 Education jaetaan Academic Volume Licensing -lisensoinnin kautta. Se perustui Windows 10 Enterpriseen, ja alun perin siin\u00e4 kerrottiin olevan samat ominaisuudet. Versiosta 1709 l\u00e4htien t\u00e4ss\u00e4 versiossa on kuitenkin v\u00e4hemm\u00e4n ominaisuuksia. Katso lis\u00e4tietoja vertailutaulukosta.<br \/>\nPro Education<br \/>\nT\u00e4m\u00e4 versio otettiin k\u00e4ytt\u00f6\u00f6n hein\u00e4kuussa 2016 laitteistokumppaneille uusissa laitteissa, jotka on ostettu alennetulla K-12-akatemialisenssill\u00e4. Se perustui Microsoft Windows 10:n Pro-versioon, ja se sis\u00e4lt\u00e4\u00e4 enimm\u00e4kseen samat ominaisuudet kuin Microsoft Windows 10 Pro, mutta eri vaihtoehdot on poistettu oletusarvoisesti k\u00e4yt\u00f6st\u00e4, ja siihen on lis\u00e4tty vaihtoehtoja asennusta ja k\u00e4ytt\u00f6\u00f6nottoa varten oppilaitosymp\u00e4rist\u00f6ss\u00e4. Se sis\u00e4lt\u00e4\u00e4 my\u00f6s \"Set Up School PCs\" -sovelluksen, joka mahdollistaa asetusten k\u00e4ytt\u00f6\u00f6noton USB-muistitikulla, eik\u00e4 sis\u00e4ll\u00e4 Cortanaa, Microsoft Store -ehdotuksia, Windows Sandboxia tai Windows Spotlightia.<\/p>\n<p>Meill\u00e4 on useita <a href=\"https:\/\/arturo.winandoffice.com\/fi\/tuote-osasto\/microsoft-windows\/\">tuotteet<\/a> jotka saattavat kiinnostaa sinua<\/p>\n<h5>k\u00e4y <a href=\"https:\/\/www.microsoft.com\/\">microsoft<\/a> sivuston lis\u00e4tietoja<\/h5>\n<p><strong>Apu ja tuki:<\/strong><\/p>\n<p>Jos sinulla on kysytt\u00e4v\u00e4\u00e4, ota rohkeasti yhteytt\u00e4 meihin. <a href=\"mailto:support@arturo.winandoffice.com\" target=\"_blank\" rel=\"noopener\">s\u00e4hk\u00f6postitse<\/a>.&nbsp;Our customer service and support is available 7 days a week, 24 hours a day.<\/p>\n\n\t\t<\/div>\n\t<\/div>\n<\/div><\/div><\/div><\/div>\n<\/div>","protected":false},"excerpt":{"rendered":"<ul>\n<li><strong>Lisenssi: <\/strong>T\u00e4ll\u00e4 lisenssill\u00e4 ohjelmisto voidaan aktivoida kolmessa eri laitteessa, esim. kotitietokoneessa, kannettavassa tietokoneessa ja ty\u00f6tietokoneessa. Elinik\u00e4inen korvaustakuu!!!!<\/li>\n<li><strong>Toimitus:\u00a0<\/strong>Download link, product key and instructions delivered instantly by e-mail\u00e7<\/li>\n<li><strong>Versio:\u00a0<\/strong>T\u00e4ysi rajoittamaton versio sertifioidulta Microsoft Gold Partnerilta<\/li>\n<li><strong>Kielet: <\/strong>englanti, espanja, italia, saksa, ranska<\/li>\n<li><strong>Tuki: <\/strong>24\/7<\/li>\n<li><strong><span style=\"color: #008000;\">T\u00e4m\u00e4 tuote on yhteensopiva Windowsin kanssa.<\/span><\/strong><\/li>\n<li><strong><span style=\"color: #ff0000;\">NOT compatible with Apple macOS\u2122, Apple Processors, Parallels for Mac, Android devices and Chromebooks.<\/span><\/strong><\/li>\n<\/ul>","protected":false},"featured_media":100000116586,"comment_status":"closed","ping_status":"closed","template":"","meta":{"_acf_changed":false},"product_brand":[],"product_cat":[161,166],"product_tag":[230,229],"class_list":{"0":"post-34938","1":"product","2":"type-product","3":"status-publish","4":"has-post-thumbnail","6":"product_cat-microsoft-windows","7":"product_cat-windows-10","8":"product_tag-microsoft-windows-10-professional","9":"product_tag-microsoft-windows-10-professional-license-for-3-pcs","11":"first","12":"instock","13":"sale","14":"virtual","15":"taxable","16":"purchasable","17":"product-type-simple"},"yoast_head":"<!-- This site is optimized with the Yoast SEO plugin v26.7 - https:\/\/yoast.com\/wordpress\/plugins\/seo\/ -->\n<title>Microsoft Windows 10 Professional license for 3 PCs<\/title>\n<meta name=\"description\" content=\"With this license the software can be activated on 3 different devices, e.g. home PC, notebook and work PCLifetime Replacement Warranty!!!\" \/>\n<meta name=\"robots\" content=\"index, follow, max-snippet:-1, max-image-preview:large, max-video-preview:-1\" \/>\n<link rel=\"canonical\" href=\"https:\/\/arturo.winandoffice.com\/fi\/produkt\/microsoft-windows-10-professional\/\" \/>\n<meta property=\"og:locale\" content=\"fi_FI\" \/>\n<meta property=\"og:type\" content=\"article\" \/>\n<meta property=\"og:title\" content=\"Microsoft Windows 10 Professional license for 3 PCs\" \/>\n<meta property=\"og:description\" content=\"With this license the software can be activated on 3 different devices, e.g. home PC, notebook and work PCLifetime Replacement Warranty!!!\" \/>\n<meta property=\"og:url\" content=\"https:\/\/arturo.winandoffice.com\/fi\/produkt\/microsoft-windows-10-professional\/\" \/>\n<meta property=\"og:site_name\" content=\"Arturo Card Shop\" \/>\n<meta property=\"article:publisher\" content=\"https:\/\/www.facebook.com\/Gamecardshopdotcom\" \/>\n<meta property=\"article:modified_time\" content=\"2025-09-03T21:14:35+00:00\" \/>\n<meta name=\"twitter:card\" content=\"summary_large_image\" \/>\n<meta name=\"twitter:site\" content=\"@gamecardshop_\" \/>\n<meta name=\"twitter:label1\" content=\"Arvioitu lukuaika\" \/>\n\t<meta name=\"twitter:data1\" content=\"3 minuuttia\" \/>\n<script type=\"application\/ld+json\" class=\"yoast-schema-graph\">{\"@context\":\"https:\/\/schema.org\",\"@graph\":[{\"@type\":\"WebPage\",\"@id\":\"https:\/\/arturo.winandoffice.com\/produkt\/microsoft-windows-10-professional\/\",\"url\":\"https:\/\/arturo.winandoffice.com\/produkt\/microsoft-windows-10-professional\/\",\"name\":\"Microsoft Windows 10 Professional license for 3 PCs\",\"isPartOf\":{\"@id\":\"https:\/\/arturo.winandoffice.com\/es\/#website\"},\"primaryImageOfPage\":{\"@id\":\"https:\/\/arturo.winandoffice.com\/produkt\/microsoft-windows-10-professional\/#primaryimage\"},\"image\":{\"@id\":\"https:\/\/arturo.winandoffice.com\/produkt\/microsoft-windows-10-professional\/#primaryimage\"},\"thumbnailUrl\":\"https:\/\/arturo.winandoffice.com\/wp-content\/uploads\/2023\/03\/W10P.jpg\",\"datePublished\":\"2023-03-20T12:12:03+00:00\",\"dateModified\":\"2025-09-03T21:14:35+00:00\",\"description\":\"With this license the software can be activated on 3 different devices, e.g. home PC, notebook and work PCLifetime Replacement Warranty!!!\",\"breadcrumb\":{\"@id\":\"https:\/\/arturo.winandoffice.com\/produkt\/microsoft-windows-10-professional\/#breadcrumb\"},\"inLanguage\":\"fi\",\"potentialAction\":[{\"@type\":\"ReadAction\",\"target\":[\"https:\/\/arturo.winandoffice.com\/produkt\/microsoft-windows-10-professional\/\"]}]},{\"@type\":\"ImageObject\",\"inLanguage\":\"fi\",\"@id\":\"https:\/\/arturo.winandoffice.com\/produkt\/microsoft-windows-10-professional\/#primaryimage\",\"url\":\"https:\/\/arturo.winandoffice.com\/wp-content\/uploads\/2023\/03\/W10P.jpg\",\"contentUrl\":\"https:\/\/arturo.winandoffice.com\/wp-content\/uploads\/2023\/03\/W10P.jpg\"},{\"@type\":\"BreadcrumbList\",\"@id\":\"https:\/\/arturo.winandoffice.com\/produkt\/microsoft-windows-10-professional\/#breadcrumb\",\"itemListElement\":[{\"@type\":\"ListItem\",\"position\":1,\"name\":\"Home\",\"item\":\"https:\/\/arturo.winandoffice.com\/\"},{\"@type\":\"ListItem\",\"position\":2,\"name\":\"Shop\",\"item\":\"https:\/\/arturo.winandoffice.com\/shop\/\"},{\"@type\":\"ListItem\",\"position\":3,\"name\":\"Microsoft Windows 10 Professional License for 3 PC\"}]},{\"@type\":\"WebSite\",\"@id\":\"https:\/\/arturo.winandoffice.com\/es\/#website\",\"url\":\"https:\/\/arturo.winandoffice.com\/es\/\",\"name\":\"Arturo Card Shop\",\"description\":\"Buy your office\",\"publisher\":{\"@id\":\"https:\/\/arturo.winandoffice.com\/es\/#organization\"},\"potentialAction\":[{\"@type\":\"SearchAction\",\"target\":{\"@type\":\"EntryPoint\",\"urlTemplate\":\"https:\/\/arturo.winandoffice.com\/es\/?s={search_term_string}\"},\"query-input\":{\"@type\":\"PropertyValueSpecification\",\"valueRequired\":true,\"valueName\":\"search_term_string\"}}],\"inLanguage\":\"fi\"},{\"@type\":\"Organization\",\"@id\":\"https:\/\/arturo.winandoffice.com\/es\/#organization\",\"name\":\"Arturo Card Shop\",\"url\":\"https:\/\/arturo.winandoffice.com\/es\/\",\"logo\":{\"@type\":\"ImageObject\",\"inLanguage\":\"fi\",\"@id\":\"https:\/\/arturo.winandoffice.com\/es\/#\/schema\/logo\/image\/\",\"url\":\"https:\/\/arturo.winandoffice.com\/wp-content\/uploads\/2022\/10\/logo.png\",\"contentUrl\":\"https:\/\/arturo.winandoffice.com\/wp-content\/uploads\/2022\/10\/logo.png\",\"width\":1710,\"height\":175,\"caption\":\"Arturo Card Shop\"},\"image\":{\"@id\":\"https:\/\/arturo.winandoffice.com\/es\/#\/schema\/logo\/image\/\"},\"sameAs\":[\"https:\/\/www.facebook.com\/Gamecardshopdotcom\",\"https:\/\/x.com\/gamecardshop_\",\"https:\/\/www.youtube.com\/@gamecardshop\",\"https:\/\/www.youtube.com\/@arturo.winandoffice.com_\",\"https:\/\/de.trustpilot.com\/review\/arturo.winandoffice.com\",\"https:\/\/www.provenexpert.com\/game-card-shop\/\",\"https:\/\/www.tiktok.com\/@arturo.winandoffice.com\",\"https:\/\/www.shopauskunft.de\/review\/arturo.winandoffice.com\",\"https:\/\/www.ausgezeichnet.org\/bewertungen-arturo.winandoffice.com-HNVDH\",\"https:\/\/www.trustedshops.eu\/buyerrating\/info_X93C3F0168B7533F969FC6C787543C130.html\"]}]}<\/script>\n<!-- \/ Yoast SEO plugin. -->","yoast_head_json":{"title":"Microsoft Windows 10 Professional -lisenssi 3 PC:lle","description":"T\u00e4ll\u00e4 lisenssill\u00e4 ohjelmisto voidaan aktivoida 3 eri laitteessa, esim. kotitietokone, kannettava tietokone ja ty\u00f6tietokoneElinik\u00e4inen korvaustakuu!!!!","robots":{"index":"index","follow":"follow","max-snippet":"max-snippet:-1","max-image-preview":"max-image-preview:large","max-video-preview":"max-video-preview:-1"},"canonical":"https:\/\/arturo.winandoffice.com\/fi\/produkt\/microsoft-windows-10-professional\/","og_locale":"fi_FI","og_type":"article","og_title":"Microsoft Windows 10 Professional license for 3 PCs","og_description":"With this license the software can be activated on 3 different devices, e.g. home PC, notebook and work PCLifetime Replacement Warranty!!!","og_url":"https:\/\/arturo.winandoffice.com\/fi\/produkt\/microsoft-windows-10-professional\/","og_site_name":"Arturo Card Shop","article_publisher":"https:\/\/www.facebook.com\/Gamecardshopdotcom","article_modified_time":"2025-09-03T21:14:35+00:00","twitter_card":"summary_large_image","twitter_site":"@gamecardshop_","twitter_misc":{"Arvioitu lukuaika":"3 minuuttia"},"schema":{"@context":"https:\/\/schema.org","@graph":[{"@type":"WebPage","@id":"https:\/\/arturo.winandoffice.com\/produkt\/microsoft-windows-10-professional\/","url":"https:\/\/arturo.winandoffice.com\/produkt\/microsoft-windows-10-professional\/","name":"Microsoft Windows 10 Professional -lisenssi 3 PC:lle","isPartOf":{"@id":"https:\/\/arturo.winandoffice.com\/es\/#website"},"primaryImageOfPage":{"@id":"https:\/\/arturo.winandoffice.com\/produkt\/microsoft-windows-10-professional\/#primaryimage"},"image":{"@id":"https:\/\/arturo.winandoffice.com\/produkt\/microsoft-windows-10-professional\/#primaryimage"},"thumbnailUrl":"https:\/\/arturo.winandoffice.com\/wp-content\/uploads\/2023\/03\/W10P.jpg","datePublished":"2023-03-20T12:12:03+00:00","dateModified":"2025-09-03T21:14:35+00:00","description":"T\u00e4ll\u00e4 lisenssill\u00e4 ohjelmisto voidaan aktivoida 3 eri laitteessa, esim. kotitietokone, kannettava tietokone ja ty\u00f6tietokoneElinik\u00e4inen korvaustakuu!!!!","breadcrumb":{"@id":"https:\/\/arturo.winandoffice.com\/produkt\/microsoft-windows-10-professional\/#breadcrumb"},"inLanguage":"fi","potentialAction":[{"@type":"ReadAction","target":["https:\/\/arturo.winandoffice.com\/produkt\/microsoft-windows-10-professional\/"]}]},{"@type":"ImageObject","inLanguage":"fi","@id":"https:\/\/arturo.winandoffice.com\/produkt\/microsoft-windows-10-professional\/#primaryimage","url":"https:\/\/arturo.winandoffice.com\/wp-content\/uploads\/2023\/03\/W10P.jpg","contentUrl":"https:\/\/arturo.winandoffice.com\/wp-content\/uploads\/2023\/03\/W10P.jpg"},{"@type":"BreadcrumbList","@id":"https:\/\/arturo.winandoffice.com\/produkt\/microsoft-windows-10-professional\/#breadcrumb","itemListElement":[{"@type":"ListItem","position":1,"name":"Home","item":"https:\/\/arturo.winandoffice.com\/"},{"@type":"ListItem","position":2,"name":"Shop","item":"https:\/\/arturo.winandoffice.com\/shop\/"},{"@type":"ListItem","position":3,"name":"Microsoft Windows 10 Professional License for 3 PC"}]},{"@type":"WebSite","@id":"https:\/\/arturo.winandoffice.com\/es\/#website","url":"https:\/\/arturo.winandoffice.com\/es\/","name":"Arturo Card Shop","description":"Osta toimistosi","publisher":{"@id":"https:\/\/arturo.winandoffice.com\/es\/#organization"},"potentialAction":[{"@type":"SearchAction","target":{"@type":"EntryPoint","urlTemplate":"https:\/\/arturo.winandoffice.com\/es\/?s={search_term_string}"},"query-input":{"@type":"PropertyValueSpecification","valueRequired":true,"valueName":"search_term_string"}}],"inLanguage":"fi"},{"@type":"Organization","@id":"https:\/\/arturo.winandoffice.com\/es\/#organization","name":"Arturo Card Shop","url":"https:\/\/arturo.winandoffice.com\/es\/","logo":{"@type":"ImageObject","inLanguage":"fi","@id":"https:\/\/arturo.winandoffice.com\/es\/#\/schema\/logo\/image\/","url":"https:\/\/arturo.winandoffice.com\/wp-content\/uploads\/2022\/10\/logo.png","contentUrl":"https:\/\/arturo.winandoffice.com\/wp-content\/uploads\/2022\/10\/logo.png","width":1710,"height":175,"caption":"Arturo Card Shop"},"image":{"@id":"https:\/\/arturo.winandoffice.com\/es\/#\/schema\/logo\/image\/"},"sameAs":["https:\/\/www.facebook.com\/Gamecardshopdotcom","https:\/\/x.com\/gamecardshop_","https:\/\/www.youtube.com\/@gamecardshop","https:\/\/www.youtube.com\/@arturo.winandoffice.com_","https:\/\/de.trustpilot.com\/review\/arturo.winandoffice.com","https:\/\/www.provenexpert.com\/game-card-shop\/","https:\/\/www.tiktok.com\/@arturo.winandoffice.com","https:\/\/www.shopauskunft.de\/review\/arturo.winandoffice.com","https:\/\/www.ausgezeichnet.org\/bewertungen-arturo.winandoffice.com-HNVDH","https:\/\/www.trustedshops.eu\/buyerrating\/info_X93C3F0168B7533F969FC6C787543C130.html"]}]}},"acf":[],"_links":{"self":[{"href":"https:\/\/arturo.winandoffice.com\/fi\/wp-json\/wp\/v2\/product\/34938","targetHints":{"allow":["GET"]}}],"collection":[{"href":"https:\/\/arturo.winandoffice.com\/fi\/wp-json\/wp\/v2\/product"}],"about":[{"href":"https:\/\/arturo.winandoffice.com\/fi\/wp-json\/wp\/v2\/types\/product"}],"replies":[{"embeddable":true,"href":"https:\/\/arturo.winandoffice.com\/fi\/wp-json\/wp\/v2\/comments?post=34938"}],"wp:featuredmedia":[{"embeddable":true,"href":"https:\/\/arturo.winandoffice.com\/fi\/wp-json\/"}],"wp:attachment":[{"href":"https:\/\/arturo.winandoffice.com\/fi\/wp-json\/wp\/v2\/media?parent=34938"}],"wp:term":[{"taxonomy":"product_brand","embeddable":true,"href":"https:\/\/arturo.winandoffice.com\/fi\/wp-json\/wp\/v2\/product_brand?post=34938"},{"taxonomy":"product_cat","embeddable":true,"href":"https:\/\/arturo.winandoffice.com\/fi\/wp-json\/wp\/v2\/product_cat?post=34938"},{"taxonomy":"product_tag","embeddable":true,"href":"https:\/\/arturo.winandoffice.com\/fi\/wp-json\/wp\/v2\/product_tag?post=34938"}],"curies":[{"name":"wp","href":"https:\/\/api.w.org\/{rel}","templated":true}]}}