{"id":34918,"date":"2023-03-20T13:12:00","date_gmt":"2023-03-20T12:12:00","guid":{"rendered":"https:\/\/arturo.winandoffice.com\/?post_type=product&#038;p=34918"},"modified":"2025-09-03T22:17:49","modified_gmt":"2025-09-03T21:17:49","slug":"windows-10-professional-visio-2019-professional-project-2019-professional-office-2019-professional-plus","status":"publish","type":"product","link":"https:\/\/arturo.winandoffice.com\/fi\/produkt\/windows-10-professional-visio-2019-professional-project-2019-professional-office-2019-professional-plus\/","title":{"rendered":"Microsoft Windows 10 Pro + Microsoft Visio 2019 Pro + Microsoft Project 2019 Pro + Microsoft Office 2019 Pro Plus License for 3 PC"},"content":{"rendered":"<div class=\"wpb-content-wrapper\"><div class=\"vc_row wpb_row vc_row-fluid\" style=\"background-position: None!important;  \"><div class=\"wpb_column vc_column_container vc_col-sm-12\"><div class=\"vc_column-inner\"><div class=\"wpb_wrapper\">\n\t<div class=\"wpb_text_column wpb_content_element\" >\n\t\t<div class=\"wpb_wrapper\">\n\t\t\t<p><span style=\"font-size: 32px;\"><strong>Microsoft Windows 10 Professional -lisenssi 3 tietokoneelle (t\u00e4ysi rajoittamaton versio sertifioidulta Microsoft Gold Partnerilta).<\/strong><\/span><\/p>\n<p><strong>T\u00e4ll\u00e4 lisenssill\u00e4 ohjelmisto voidaan aktivoida kolmessa eri laitteessa, esim. kotitietokoneessa, kannettavassa tietokoneessa ja ty\u00f6tietokoneessa.<\/strong><\/p>\n<p><strong>Elinik\u00e4inen rahat takaisin -takuu!!!<\/strong><\/p>\n<p>Microsoft Windows 10 Professional -k\u00e4ytt\u00f6j\u00e4rjestelm\u00e4n avulla saat laitteeseesi luotettavan k\u00e4ytt\u00f6j\u00e4rjestelm\u00e4n. Voit hy\u00f6ty\u00e4 nopeammista j\u00e4rjestelm\u00e4n k\u00e4ynnistyksist\u00e4, tutusta mutta parannetusta k\u00e4ynnistysvalikosta ja uusista tavoista saattaa asiat nopeasti p\u00e4\u00e4t\u00f6kseen. Saat my\u00f6s uusia ominaisuuksia, kuten upouuden selaimen, joka auttaa sinua surffaamaan verkossa, ja henkil\u00f6kohtainen digitaalinen avustajasi Cortana seuraa sinua kaikissa Microsoft Windows 10 -laitteissasi ja auttaa sinua tekem\u00e4\u00e4n asioita. Cortana oppii sinusta ajan my\u00f6t\u00e4 enemm\u00e4n ja voi tukea sinua paremmin joka p\u00e4iv\u00e4. Microsoft Windows 10 Professional tukee sinua optimaalisesti kaikessa, mit\u00e4 teet.<\/p>\n<p><span style=\"font-size: 32px;\"><strong>Microsoft Office 2019 Professional Plus -lisenssi 3 PC:lle (sertifioidulta Microsoft Gold Partnerilta saatava rajoittamaton t\u00e4ysversio).<\/strong><\/span><\/p>\n<p><strong>T\u00e4ll\u00e4 lisenssill\u00e4 ohjelmisto voidaan aktivoida kolmessa eri laitteessa, esim. kotitietokoneessa, kannettavassa tietokoneessa ja ty\u00f6tietokoneessa.<\/strong><\/p>\n<p><strong>Elinik\u00e4inen rahat takaisin -takuu!!!<\/strong><\/p>\n<p>Valitse Microsoft Office 2019 Professional Plus jo t\u00e4n\u00e4\u00e4n, niin saat Microsoft:n uusimman ja nykyaikaisimman toimistoratkaisun. Perinteisten sovellusten lis\u00e4ksi saat automaattisesti k\u00e4ytt\u00f6\u00f6si selainpohjaiset sovellukset ja Skype for Businessin. Yksinkertaistetun viestinn\u00e4n ansiosta voit ty\u00f6skennell\u00e4 tehokkaammin muiden kanssa.<\/p>\n<p>Kaikki tarvitsemasi yhdell\u00e4 silm\u00e4yksell\u00e4<\/p>\n<ul>\n<li><strong>Microsoft Word 2019 <\/strong>- tekstien ja asiakirjojen luomiseen ja muokkaamiseen.<\/li>\n<li><strong>Microsoft Excel 2019 <\/strong>- taulukkomuotoisten tietueiden k\u00e4sittelyyn.<\/li>\n<li><strong>Microsoft PowerPoint 2019 <\/strong>- inspiroivien esitysten luomiseen.<\/li>\n<li><strong>Microsoft N\u00e4kym\u00e4t 2019<\/strong> - s\u00e4hk\u00f6postien, yhteystietojen, aikataulujen ja teht\u00e4vien hallintaan.<\/li>\n<li><strong>Microsoft Julkaisija 2019<\/strong> - ammattimaisen n\u00e4k\u00f6isten julkaisujen luomiseen helposti.<\/li>\n<li><strong>Microsoft Access 2019<\/strong> - tietokannan luomiseen Internet-yhteydell\u00e4.<\/li>\n<li><strong>Microsoft Lync 2019<\/strong> (Skype for Business) - tuottavuuden lis\u00e4\u00e4minen pikaviestien avulla ja helppo viestint\u00e4 ja yhteisty\u00f6 HD-videoneuvottelujen avulla.<\/li>\n<li><strong>Web-sovellukset<\/strong> Word, Excel, PowerPoint.<\/li>\n<\/ul>\n<p>Microsoft OneNote ei ole en\u00e4\u00e4 osa Office-pakettia, vaan se sis\u00e4ltyy nyt Microsoft Windows 10 -k\u00e4ytt\u00f6j\u00e4rjestelm\u00e4\u00e4n, jota tarvitaan Microsoft Office 2019 -ohjelman k\u00e4ytt\u00e4miseen. <strong>Vanhempia Windows-versioita ei tueta.<\/strong><\/p>\n<p><span style=\"font-size: 32px;\"><strong>Microsoft Visio 2019 Professional -lisenssi 3 PC:lle (t\u00e4ysi rajoittamaton versio sertifioidulta Microsoft Gold Partnerilta).<\/strong><\/span><\/p>\n<p><strong>T\u00e4ll\u00e4 lisenssill\u00e4 ohjelmisto voidaan aktivoida kolmessa eri laitteessa, esim. kotitietokoneessa, kannettavassa tietokoneessa ja ty\u00f6tietokoneessa.<\/strong><\/p>\n<p><strong>Elinik\u00e4inen rahat takaisin -takuu!!!<\/strong><\/p>\n<p>Microsoft Visio 2019 on tehokas kaaviointisovellus, jonka avulla voit ty\u00f6skennell\u00e4 visuaalisesti ja luoda kaikenlaisia kaavioita, ja se on alan johtava sovellus, jolla on yli 12 miljoonaa k\u00e4ytt\u00e4j\u00e4\u00e4. Microsoft Visio 2019 helpottaa liiketoimintaprosessien m\u00e4\u00e4rittely\u00e4, parhaiden k\u00e4yt\u00e4nt\u00f6jen dokumentointia, transformatiivisten aloitteiden tulevan tilan visualisointia ja yrityksesi operatiivisten oivallusten hallintaa.<\/p>\n<p><span style=\"font-size: 32px;\"><strong>Microsoft Project 2019 Professional -lisenssi 3 PC:lle (t\u00e4ysi rajoittamaton versio sertifioidulta Microsoft Gold Partnerilta).<\/strong><\/span><\/p>\n<p><strong>T\u00e4ll\u00e4 lisenssill\u00e4 ohjelmisto voidaan aktivoida kolmessa eri laitteessa, esim. kotitietokoneessa, kannettavassa tietokoneessa ja ty\u00f6tietokoneessa.<\/strong><\/p>\n<p><strong>Elinik\u00e4inen rahat takaisin -takuu!!!<\/strong><\/p>\n<p>Aloitat ja toteutat onnistuneita hankkeita yhdess\u00e4 muiden kanssa hetkess\u00e4. Sis\u00e4lt\u00e4\u00e4 kaikki Microsoft Project Standardin ominaisuudet sek\u00e4 yhteisty\u00f6n resurssienhallinnassa, SharePoint-teht\u00e4vien synkronoinnin, ty\u00f6aikataulujen toimittamisen ja paljon muuta. Microsoft Project Professional 2019 tarjoaa joustavia ominaisuuksia, joiden avulla voit suunnitella projekteja, seurata niiden tilaa ja tehd\u00e4 yhteisty\u00f6t\u00e4 muiden kanssa l\u00e4hes mist\u00e4 tahansa. Sovellus tarjoaa reaaliaikaista viestint\u00e4\u00e4 ja pikaviestint\u00e4\u00e4, joka aktivoituu suoraan projektisuunnitelmaan Skype for Businessin kautta, ja yhdist\u00e4\u00e4 kaikki mahdolliset projektiresurssit yhteen n\u00e4kym\u00e4\u00e4n.<\/p>\n<p><strong>Apu ja tuki:<\/strong><\/p>\n<p>Jos sinulla on kysytt\u00e4v\u00e4\u00e4, ota rohkeasti yhteytt\u00e4 meihin. <a href=\"mailto:support@arturo.winandoffice.com\" target=\"_blank\" rel=\"noopener\">s\u00e4hk\u00f6postitse<\/a>.&nbsp;Our customer service and support is available 7 days a week, 24 hours a day.<\/p>\n\n\t\t<\/div>\n\t<\/div>\n<\/div><\/div><\/div><\/div>\n<\/div>","protected":false},"excerpt":{"rendered":"<ul>\n<li>Microsoft Windows 10 Professional &amp; Microsoft Office 2019 Professional Plus &amp; Microsoft Visio 2019 Professional &amp; Microsoft Project 2019 Professional -lisenssi 3 PC:t\u00e4 varten.<\/li>\n<li>T\u00e4ll\u00e4 lisenssill\u00e4 ohjelmisto voidaan aktivoida kolmessa eri laitteessa, esim. kotitietokoneessa, kannettavassa tietokoneessa ja ty\u00f6tietokoneessa.<\/li>\n<li>Elinik\u00e4inen rahat takaisin -takuu!!!<\/li>\n<li>T\u00e4ysi rajoittamaton versio sertifioidulta Microsoft Gold Partnerilta<\/li>\n<li>Saatavana versiot 32- ja 64-bittisille j\u00e4rjestelmille<\/li>\n<li>Toimitus s\u00e4hk\u00f6postitse: tuoteavain, ohjeet, latauslinkit, lasku.<\/li>\n<li>Pikalataus!<\/li>\n<li>Ei aikarajoitusta, ei tilausta<\/li>\n<li>Ilmainen tuki asennuksen ja aktivoinnin aikana<\/li>\n<li>Ei saatavilla fyysisill\u00e4 v\u00e4lineill\u00e4 (USB, CD jne.).<\/li>\n<li><strong><span style=\"color: #008000\"> T\u00e4m\u00e4 tuote on yhteensopiva Windowsin kanssa.<\/span><\/strong><\/li>\n<li><strong><span style=\"color: #ff0000\">NOT compatible with Apple macOS\u2122, Apple Processors, Parallels for Mac, Android devices and Chromebooks.<\/span><\/strong><\/li>\n<\/ul>","protected":false},"featured_media":100000116591,"comment_status":"closed","ping_status":"closed","template":"","meta":{"_acf_changed":false},"product_brand":[],"product_cat":[160,154,161,155],"product_tag":[222,221],"class_list":{"0":"post-34918","1":"product","2":"type-product","3":"status-publish","4":"has-post-thumbnail","6":"product_cat-combo","7":"product_cat-microsoft-office","8":"product_cat-microsoft-windows","9":"product_cat-office-2019","10":"product_tag-microsoft-windows-10-pro-visio-2019-pro-project-2019-pro-office-2019-pro-plus","11":"product_tag-microsoft-windows-10-pro-visio-2019-pro-project-2019-pro-office-2019-pro-plus-license-for-3-pcs","13":"first","14":"instock","15":"sale","16":"virtual","17":"taxable","18":"purchasable","19":"product-type-simple"},"yoast_head":"<!-- This site is optimized with the Yoast SEO plugin v26.7 - https:\/\/yoast.com\/wordpress\/plugins\/seo\/ -->\n<title>Microsoft Windows 10 Pro + Visio 2019 Pro + Project 2019 Pro + Office 2019 Pro Plus license for 3 PCs<\/title>\n<meta name=\"description\" content=\"With this license the software can be activated on 3 different devices, e.g. home PC, notebook and work PC. Lifetime Replacement Warranty!!!\" \/>\n<meta name=\"robots\" content=\"index, follow, max-snippet:-1, max-image-preview:large, max-video-preview:-1\" \/>\n<link rel=\"canonical\" href=\"https:\/\/arturo.winandoffice.com\/fi\/produkt\/windows-10-professional-visio-2019-professional-project-2019-professional-office-2019-professional-plus\/\" \/>\n<meta property=\"og:locale\" content=\"fi_FI\" \/>\n<meta property=\"og:type\" content=\"article\" \/>\n<meta property=\"og:title\" content=\"Microsoft Windows 10 Pro + Visio 2019 Pro + Project 2019 Pro + Office 2019 Pro Plus license for 3 PCs\" \/>\n<meta property=\"og:description\" content=\"With this license the software can be activated on 3 different devices, e.g. home PC, notebook and work PC. Lifetime Replacement Warranty!!!\" \/>\n<meta property=\"og:url\" content=\"https:\/\/arturo.winandoffice.com\/fi\/produkt\/windows-10-professional-visio-2019-professional-project-2019-professional-office-2019-professional-plus\/\" \/>\n<meta property=\"og:site_name\" content=\"Arturo Card Shop\" \/>\n<meta property=\"article:publisher\" content=\"https:\/\/www.facebook.com\/Gamecardshopdotcom\" \/>\n<meta property=\"article:modified_time\" content=\"2025-09-03T21:17:49+00:00\" \/>\n<meta name=\"twitter:card\" content=\"summary_large_image\" \/>\n<meta name=\"twitter:site\" content=\"@gamecardshop_\" \/>\n<meta name=\"twitter:label1\" content=\"Arvioitu lukuaika\" \/>\n\t<meta name=\"twitter:data1\" content=\"3 minuuttia\" \/>\n<script type=\"application\/ld+json\" class=\"yoast-schema-graph\">{\"@context\":\"https:\/\/schema.org\",\"@graph\":[{\"@type\":\"WebPage\",\"@id\":\"https:\/\/arturo.winandoffice.com\/produkt\/windows-10-professional-visio-2019-professional-project-2019-professional-office-2019-professional-plus\/\",\"url\":\"https:\/\/arturo.winandoffice.com\/produkt\/windows-10-professional-visio-2019-professional-project-2019-professional-office-2019-professional-plus\/\",\"name\":\"Microsoft Windows 10 Pro + Visio 2019 Pro + Project 2019 Pro + Office 2019 Pro Plus license for 3 PCs\",\"isPartOf\":{\"@id\":\"https:\/\/arturo.winandoffice.com\/es\/#website\"},\"primaryImageOfPage\":{\"@id\":\"https:\/\/arturo.winandoffice.com\/produkt\/windows-10-professional-visio-2019-professional-project-2019-professional-office-2019-professional-plus\/#primaryimage\"},\"image\":{\"@id\":\"https:\/\/arturo.winandoffice.com\/produkt\/windows-10-professional-visio-2019-professional-project-2019-professional-office-2019-professional-plus\/#primaryimage\"},\"thumbnailUrl\":\"https:\/\/arturo.winandoffice.com\/wp-content\/uploads\/2023\/03\/W10PO19PPP19PV19P.jpg\",\"datePublished\":\"2023-03-20T12:12:00+00:00\",\"dateModified\":\"2025-09-03T21:17:49+00:00\",\"description\":\"With this license the software can be activated on 3 different devices, e.g. home PC, notebook and work PC. Lifetime Replacement Warranty!!!\",\"breadcrumb\":{\"@id\":\"https:\/\/arturo.winandoffice.com\/produkt\/windows-10-professional-visio-2019-professional-project-2019-professional-office-2019-professional-plus\/#breadcrumb\"},\"inLanguage\":\"fi\",\"potentialAction\":[{\"@type\":\"ReadAction\",\"target\":[\"https:\/\/arturo.winandoffice.com\/produkt\/windows-10-professional-visio-2019-professional-project-2019-professional-office-2019-professional-plus\/\"]}]},{\"@type\":\"ImageObject\",\"inLanguage\":\"fi\",\"@id\":\"https:\/\/arturo.winandoffice.com\/produkt\/windows-10-professional-visio-2019-professional-project-2019-professional-office-2019-professional-plus\/#primaryimage\",\"url\":\"https:\/\/arturo.winandoffice.com\/wp-content\/uploads\/2023\/03\/W10PO19PPP19PV19P.jpg\",\"contentUrl\":\"https:\/\/arturo.winandoffice.com\/wp-content\/uploads\/2023\/03\/W10PO19PPP19PV19P.jpg\"},{\"@type\":\"BreadcrumbList\",\"@id\":\"https:\/\/arturo.winandoffice.com\/produkt\/windows-10-professional-visio-2019-professional-project-2019-professional-office-2019-professional-plus\/#breadcrumb\",\"itemListElement\":[{\"@type\":\"ListItem\",\"position\":1,\"name\":\"Home\",\"item\":\"https:\/\/arturo.winandoffice.com\/\"},{\"@type\":\"ListItem\",\"position\":2,\"name\":\"Shop\",\"item\":\"https:\/\/arturo.winandoffice.com\/shop\/\"},{\"@type\":\"ListItem\",\"position\":3,\"name\":\"Microsoft Windows 10 Pro + Microsoft Visio 2019 Pro + Microsoft Project 2019 Pro + Microsoft Office 2019 Pro Plus License for 3 PC\"}]},{\"@type\":\"WebSite\",\"@id\":\"https:\/\/arturo.winandoffice.com\/es\/#website\",\"url\":\"https:\/\/arturo.winandoffice.com\/es\/\",\"name\":\"Arturo Card Shop\",\"description\":\"Buy your office\",\"publisher\":{\"@id\":\"https:\/\/arturo.winandoffice.com\/es\/#organization\"},\"potentialAction\":[{\"@type\":\"SearchAction\",\"target\":{\"@type\":\"EntryPoint\",\"urlTemplate\":\"https:\/\/arturo.winandoffice.com\/es\/?s={search_term_string}\"},\"query-input\":{\"@type\":\"PropertyValueSpecification\",\"valueRequired\":true,\"valueName\":\"search_term_string\"}}],\"inLanguage\":\"fi\"},{\"@type\":\"Organization\",\"@id\":\"https:\/\/arturo.winandoffice.com\/es\/#organization\",\"name\":\"Arturo Card Shop\",\"url\":\"https:\/\/arturo.winandoffice.com\/es\/\",\"logo\":{\"@type\":\"ImageObject\",\"inLanguage\":\"fi\",\"@id\":\"https:\/\/arturo.winandoffice.com\/es\/#\/schema\/logo\/image\/\",\"url\":\"https:\/\/arturo.winandoffice.com\/wp-content\/uploads\/2022\/10\/logo.png\",\"contentUrl\":\"https:\/\/arturo.winandoffice.com\/wp-content\/uploads\/2022\/10\/logo.png\",\"width\":1710,\"height\":175,\"caption\":\"Arturo Card Shop\"},\"image\":{\"@id\":\"https:\/\/arturo.winandoffice.com\/es\/#\/schema\/logo\/image\/\"},\"sameAs\":[\"https:\/\/www.facebook.com\/Gamecardshopdotcom\",\"https:\/\/x.com\/gamecardshop_\",\"https:\/\/www.youtube.com\/@gamecardshop\",\"https:\/\/www.youtube.com\/@arturo.winandoffice.com_\",\"https:\/\/de.trustpilot.com\/review\/arturo.winandoffice.com\",\"https:\/\/www.provenexpert.com\/game-card-shop\/\",\"https:\/\/www.tiktok.com\/@arturo.winandoffice.com\",\"https:\/\/www.shopauskunft.de\/review\/arturo.winandoffice.com\",\"https:\/\/www.ausgezeichnet.org\/bewertungen-arturo.winandoffice.com-HNVDH\",\"https:\/\/www.trustedshops.eu\/buyerrating\/info_X93C3F0168B7533F969FC6C787543C130.html\"]}]}<\/script>\n<!-- \/ Yoast SEO plugin. -->","yoast_head_json":{"title":"Microsoft Windows 10 Pro + Visio 2019 Pro + Project 2019 Pro + Office 2019 Pro Plus license for 3 PCs","description":"T\u00e4ll\u00e4 lisenssill\u00e4 ohjelmisto voidaan aktivoida kolmessa eri laitteessa, esim. kotitietokoneessa, kannettavassa tietokoneessa ja ty\u00f6tietokoneessa. Elinik\u00e4inen korvaustakuu!!!!","robots":{"index":"index","follow":"follow","max-snippet":"max-snippet:-1","max-image-preview":"max-image-preview:large","max-video-preview":"max-video-preview:-1"},"canonical":"https:\/\/arturo.winandoffice.com\/fi\/produkt\/windows-10-professional-visio-2019-professional-project-2019-professional-office-2019-professional-plus\/","og_locale":"fi_FI","og_type":"article","og_title":"Microsoft Windows 10 Pro + Visio 2019 Pro + Project 2019 Pro + Office 2019 Pro Plus license for 3 PCs","og_description":"With this license the software can be activated on 3 different devices, e.g. home PC, notebook and work PC. Lifetime Replacement Warranty!!!","og_url":"https:\/\/arturo.winandoffice.com\/fi\/produkt\/windows-10-professional-visio-2019-professional-project-2019-professional-office-2019-professional-plus\/","og_site_name":"Arturo Card Shop","article_publisher":"https:\/\/www.facebook.com\/Gamecardshopdotcom","article_modified_time":"2025-09-03T21:17:49+00:00","twitter_card":"summary_large_image","twitter_site":"@gamecardshop_","twitter_misc":{"Arvioitu lukuaika":"3 minuuttia"},"schema":{"@context":"https:\/\/schema.org","@graph":[{"@type":"WebPage","@id":"https:\/\/arturo.winandoffice.com\/produkt\/windows-10-professional-visio-2019-professional-project-2019-professional-office-2019-professional-plus\/","url":"https:\/\/arturo.winandoffice.com\/produkt\/windows-10-professional-visio-2019-professional-project-2019-professional-office-2019-professional-plus\/","name":"Microsoft Windows 10 Pro + Visio 2019 Pro + Project 2019 Pro + Office 2019 Pro Plus license for 3 PCs","isPartOf":{"@id":"https:\/\/arturo.winandoffice.com\/es\/#website"},"primaryImageOfPage":{"@id":"https:\/\/arturo.winandoffice.com\/produkt\/windows-10-professional-visio-2019-professional-project-2019-professional-office-2019-professional-plus\/#primaryimage"},"image":{"@id":"https:\/\/arturo.winandoffice.com\/produkt\/windows-10-professional-visio-2019-professional-project-2019-professional-office-2019-professional-plus\/#primaryimage"},"thumbnailUrl":"https:\/\/arturo.winandoffice.com\/wp-content\/uploads\/2023\/03\/W10PO19PPP19PV19P.jpg","datePublished":"2023-03-20T12:12:00+00:00","dateModified":"2025-09-03T21:17:49+00:00","description":"T\u00e4ll\u00e4 lisenssill\u00e4 ohjelmisto voidaan aktivoida kolmessa eri laitteessa, esim. kotitietokoneessa, kannettavassa tietokoneessa ja ty\u00f6tietokoneessa. Elinik\u00e4inen korvaustakuu!!!!","breadcrumb":{"@id":"https:\/\/arturo.winandoffice.com\/produkt\/windows-10-professional-visio-2019-professional-project-2019-professional-office-2019-professional-plus\/#breadcrumb"},"inLanguage":"fi","potentialAction":[{"@type":"ReadAction","target":["https:\/\/arturo.winandoffice.com\/produkt\/windows-10-professional-visio-2019-professional-project-2019-professional-office-2019-professional-plus\/"]}]},{"@type":"ImageObject","inLanguage":"fi","@id":"https:\/\/arturo.winandoffice.com\/produkt\/windows-10-professional-visio-2019-professional-project-2019-professional-office-2019-professional-plus\/#primaryimage","url":"https:\/\/arturo.winandoffice.com\/wp-content\/uploads\/2023\/03\/W10PO19PPP19PV19P.jpg","contentUrl":"https:\/\/arturo.winandoffice.com\/wp-content\/uploads\/2023\/03\/W10PO19PPP19PV19P.jpg"},{"@type":"BreadcrumbList","@id":"https:\/\/arturo.winandoffice.com\/produkt\/windows-10-professional-visio-2019-professional-project-2019-professional-office-2019-professional-plus\/#breadcrumb","itemListElement":[{"@type":"ListItem","position":1,"name":"Home","item":"https:\/\/arturo.winandoffice.com\/"},{"@type":"ListItem","position":2,"name":"Shop","item":"https:\/\/arturo.winandoffice.com\/shop\/"},{"@type":"ListItem","position":3,"name":"Microsoft Windows 10 Pro + Microsoft Visio 2019 Pro + Microsoft Project 2019 Pro + Microsoft Office 2019 Pro Plus License for 3 PC"}]},{"@type":"WebSite","@id":"https:\/\/arturo.winandoffice.com\/es\/#website","url":"https:\/\/arturo.winandoffice.com\/es\/","name":"Arturo Card Shop","description":"Osta toimistosi","publisher":{"@id":"https:\/\/arturo.winandoffice.com\/es\/#organization"},"potentialAction":[{"@type":"SearchAction","target":{"@type":"EntryPoint","urlTemplate":"https:\/\/arturo.winandoffice.com\/es\/?s={search_term_string}"},"query-input":{"@type":"PropertyValueSpecification","valueRequired":true,"valueName":"search_term_string"}}],"inLanguage":"fi"},{"@type":"Organization","@id":"https:\/\/arturo.winandoffice.com\/es\/#organization","name":"Arturo Card Shop","url":"https:\/\/arturo.winandoffice.com\/es\/","logo":{"@type":"ImageObject","inLanguage":"fi","@id":"https:\/\/arturo.winandoffice.com\/es\/#\/schema\/logo\/image\/","url":"https:\/\/arturo.winandoffice.com\/wp-content\/uploads\/2022\/10\/logo.png","contentUrl":"https:\/\/arturo.winandoffice.com\/wp-content\/uploads\/2022\/10\/logo.png","width":1710,"height":175,"caption":"Arturo Card Shop"},"image":{"@id":"https:\/\/arturo.winandoffice.com\/es\/#\/schema\/logo\/image\/"},"sameAs":["https:\/\/www.facebook.com\/Gamecardshopdotcom","https:\/\/x.com\/gamecardshop_","https:\/\/www.youtube.com\/@gamecardshop","https:\/\/www.youtube.com\/@arturo.winandoffice.com_","https:\/\/de.trustpilot.com\/review\/arturo.winandoffice.com","https:\/\/www.provenexpert.com\/game-card-shop\/","https:\/\/www.tiktok.com\/@arturo.winandoffice.com","https:\/\/www.shopauskunft.de\/review\/arturo.winandoffice.com","https:\/\/www.ausgezeichnet.org\/bewertungen-arturo.winandoffice.com-HNVDH","https:\/\/www.trustedshops.eu\/buyerrating\/info_X93C3F0168B7533F969FC6C787543C130.html"]}]}},"acf":[],"_links":{"self":[{"href":"https:\/\/arturo.winandoffice.com\/fi\/wp-json\/wp\/v2\/product\/34918","targetHints":{"allow":["GET"]}}],"collection":[{"href":"https:\/\/arturo.winandoffice.com\/fi\/wp-json\/wp\/v2\/product"}],"about":[{"href":"https:\/\/arturo.winandoffice.com\/fi\/wp-json\/wp\/v2\/types\/product"}],"replies":[{"embeddable":true,"href":"https:\/\/arturo.winandoffice.com\/fi\/wp-json\/wp\/v2\/comments?post=34918"}],"wp:featuredmedia":[{"embeddable":true,"href":"https:\/\/arturo.winandoffice.com\/fi\/wp-json\/"}],"wp:attachment":[{"href":"https:\/\/arturo.winandoffice.com\/fi\/wp-json\/wp\/v2\/media?parent=34918"}],"wp:term":[{"taxonomy":"product_brand","embeddable":true,"href":"https:\/\/arturo.winandoffice.com\/fi\/wp-json\/wp\/v2\/product_brand?post=34918"},{"taxonomy":"product_cat","embeddable":true,"href":"https:\/\/arturo.winandoffice.com\/fi\/wp-json\/wp\/v2\/product_cat?post=34918"},{"taxonomy":"product_tag","embeddable":true,"href":"https:\/\/arturo.winandoffice.com\/fi\/wp-json\/wp\/v2\/product_tag?post=34918"}],"curies":[{"name":"wp","href":"https:\/\/api.w.org\/{rel}","templated":true}]}}