{"id":34894,"date":"2023-03-20T13:11:59","date_gmt":"2023-03-20T11:11:59","guid":{"rendered":"https:\/\/arturo.winandoffice.com\/?post_type=product&#038;p=34894"},"modified":"2025-09-03T22:16:01","modified_gmt":"2025-09-03T21:16:01","slug":"microsoft-windows-10-professional-microsoft-office-2021-professional-plus","status":"publish","type":"product","link":"https:\/\/arturo.winandoffice.com\/fi\/produkt\/microsoft-windows-10-professional-microsoft-office-2021-professional-plus\/","title":{"rendered":"Microsoft Windows 10 Professional + Microsoft Office 2021 Professional Plus License for 3 PC"},"content":{"rendered":"<div class=\"wpb-content-wrapper\"><div class=\"vc_row wpb_row vc_row-fluid\" style=\"background-position: None!important;  \"><div class=\"wpb_column vc_column_container vc_col-sm-12\"><div class=\"vc_column-inner\"><div class=\"wpb_wrapper\">\n\t<div class=\"wpb_text_column wpb_content_element\" >\n\t\t<div class=\"wpb_wrapper\">\n\t\t\t<p><span style=\"font-size: 24pt;\"><strong>Microsoft Windows 10 Professional -lisenssi 3 tietokoneelle (t\u00e4ysi rajoittamaton versio sertifioidulta Microsoft Gold Partnerilta).<\/strong><\/span><\/p>\n<p><strong>T\u00e4ll\u00e4 lisenssill\u00e4 ohjelmisto voidaan aktivoida kolmessa eri laitteessa, esim. kotitietokoneessa, kannettavassa tietokoneessa ja ty\u00f6tietokoneessa.<\/strong><\/p>\n<p><strong>Elinik\u00e4inen rahat takaisin -takuu!!!<\/strong><\/p>\n<p>Uuden Windows 10 -version my\u00f6t\u00e4 Microsoft tarjoaa vaativille kotik\u00e4ytt\u00e4jille ja erityisesti yrityksille nykyaikaisen ja intuitiivisen k\u00e4ytt\u00f6j\u00e4rjestelm\u00e4n. Microsoft Windows 10 tarjoaa muun muassa parannetut tietoturvaominaisuudet, et\u00e4ty\u00f6p\u00f6yd\u00e4n k\u00e4yt\u00f6n, BitLocker-salauksen ja henkil\u00f6kohtaisen virtuaaliavustaja Cortanan. J\u00e4rjestelm\u00e4 mukautuu kehittyneiden ominaisuuksiensa ansiosta mihin tahansa laitteeseen, ja sen etuna on, ett\u00e4 j\u00e4rjestelm\u00e4vaatimukset eiv\u00e4t ole juurikaan muuttuneet edelt\u00e4jiins\u00e4 verrattuna. T\u00e4m\u00e4 tarkoittaa, ett\u00e4 sinun ei tarvitse investoida uuteen laitteistoon voidaksesi hy\u00f6dynt\u00e4\u00e4 Microsoft Windows 10 Professional -k\u00e4ytt\u00f6j\u00e4rjestelm\u00e4\u00e4.<\/p>\n<p><strong>V\u00e4himm\u00e4isj\u00e4rjestelm\u00e4vaatimukset<\/strong><\/p>\n<p>1 GHz tai nopeampi suoritin<\/p>\n<p>1 Gt RAM-muistia 32-bittiselle tai 2 Gt RAM-muistia 64-bittiselle.<\/p>\n<p>16 Gt k\u00e4ytett\u00e4viss\u00e4 olevaa kiintolevytilaa 32-bittiselle k\u00e4ytt\u00f6j\u00e4rjestelm\u00e4lle tai 20 Gt 64-bittiselle k\u00e4ytt\u00f6j\u00e4rjestelm\u00e4lle.<\/p>\n<p>&nbsp;<\/p>\n<div id=\"primaryR2\" data-grid=\"container\" data-region-key=\"primaryr2\" data-m=\"{&quot;cN&quot;:&quot;primaryR2 1&quot;,&quot;cT&quot;:&quot;Region_coreui-region&quot;,&quot;id&quot;:&quot;r2a2&quot;,&quot;sN&quot;:2,&quot;aN&quot;:&quot;a2&quot;}\">\n<div id=\"coreui-banner-l03vzh8\" data-m=\"{&quot;cN&quot;:&quot;R2Banner 1&quot;,&quot;cT&quot;:&quot;Module_coreui-banner&quot;,&quot;id&quot;:&quot;m1r2a2&quot;,&quot;sN&quot;:1,&quot;aN&quot;:&quot;r2a2&quot;}\" data-module-id=\"WDG-Windows|primaryR2|coreui-region|coreui-banner-l03vzh8|coreui-banner\">\n<div class=\"m-banner f-align-left\" data-grid=\"col-12\"><span style=\"font-size: 24pt;\"><strong>Microsoft Office 2021 Professional Plus -lisenssi 3 PC:lle (sertifioidulta Microsoft Gold Partnerilta saatava rajoittamaton t\u00e4ysversio).<\/strong><\/span><\/div>\n<div data-grid=\"col-12\"><\/div>\n<div data-grid=\"col-12\">\n<p><strong>T\u00e4ll\u00e4 lisenssill\u00e4 ohjelmisto voidaan aktivoida kolmessa eri laitteessa, esim. kotitietokoneessa, kannettavassa tietokoneessa ja ty\u00f6tietokoneessa.<\/strong><strong>Elinik\u00e4inen rahat takaisin -takuu!!!<\/strong><\/p>\n<\/div>\n<\/div>\n<\/div>\n<div id=\"primaryR3\" data-grid=\"container\" data-region-key=\"primaryr3\" data-m=\"{&quot;cN&quot;:&quot;primaryR3 1&quot;,&quot;cT&quot;:&quot;Region_coreui-region&quot;,&quot;id&quot;:&quot;r3a2&quot;,&quot;sN&quot;:3,&quot;aN&quot;:&quot;a2&quot;}\">\n<div id=\"coreui-contentrichblock-rhi1sei\" data-m=\"{&quot;cN&quot;:&quot;R2ContentRichBlock 1&quot;,&quot;cT&quot;:&quot;Module_coreui-contentrichblock&quot;,&quot;id&quot;:&quot;m3r3a2&quot;,&quot;sN&quot;:3,&quot;aN&quot;:&quot;r3a2&quot;}\" data-module-id=\"WDG-Windows|primaryR3|coreui-region|coreui-contentrichblock-rhi1sei|coreui-contentrichblock\">\n<div class=\"m-rich-content-block context-ucx\" data-grid=\"col-12\">\n<div class=\"dePhmb\">\n<div class=\"eyKpYb\" data-language=\"en\" data-original-language=\"de\" data-result-index=\"0\">\n<div class=\"J0lOec\">\n<p>Microsoft Office-k\u00e4ytt\u00e4j\u00e4t, jotka k\u00e4ytt\u00e4v\u00e4t kaikkia sovelluksia kotona tai toimistossa, ovat hyvin neuvoteltuja Microsoft Office 2021 Professional Plus Editionin kanssa. Kaikki t\u00e4rke\u00e4t ohjelmat ovat mukana: Microsoft Word, Microsoft Excel, Microsoft Outlook, Microsoft Power Point, Microsoft Publisher ja Microsoft Access. Microsoft OneNote on nyt ladattavissa Windows Storesta, jotta voit tehd\u00e4 muistiinpanoja nopeasti ja asettaa ne saataville kaikkiin laitteisiin pilven kautta. Erilaisten ohjelmien laajasta valikoimasta johtuen Professional Plus -versio on suunnattu ensisijaisesti henkil\u00f6ille, jotka ty\u00f6skentelev\u00e4t kotona, kotitoimistossa tai jotka etsiv\u00e4t toimistosta tehokasta ja luotettavaa ratkaisua asiakirjojen, taulukoiden jne. j\u00e4rjest\u00e4miseen.<\/p>\n<\/div>\n<ul>\n<li class=\"J0lOec\"><span class=\"VIiyi\" lang=\"en\"><span class=\"JLqJ4b ChMk0b\" data-language-for-alternatives=\"en\" data-language-to-translate-into=\"de\" data-phrase-index=\"9\" data-number-of-phrases=\"18\"><strong>Microsoft Sana<\/strong>: Luo ammattilaatuisia tekstiasiakirjoja hetkess\u00e4.<\/span><\/span><\/li>\n<li class=\"J0lOec\"><span class=\"VIiyi\" lang=\"en\"><span class=\"JLqJ4b ChMk0b\" data-language-for-alternatives=\"en\" data-language-to-translate-into=\"de\" data-phrase-index=\"11\" data-number-of-phrases=\"18\"><strong>Microsoft Excel<\/strong>: \u00c4lyk\u00e4s taulukkolaskentaohjelma tiedonhallintaa varten.<\/span><\/span><\/li>\n<li class=\"J0lOec\"><span class=\"VIiyi\" lang=\"en\"><span class=\"JLqJ4b ChMk0b\" data-language-for-alternatives=\"en\" data-language-to-translate-into=\"de\" data-phrase-index=\"13\" data-number-of-phrases=\"18\"><strong>Microsoft Tehopiste<\/strong>: Luo vaikuttavia, dynaamisia esityksi\u00e4.<\/span><\/span><\/li>\n<li class=\"J0lOec\"><span class=\"VIiyi\" lang=\"en\"><span class=\"JLqJ4b ChMk0b\" data-language-for-alternatives=\"en\" data-language-to-translate-into=\"de\" data-phrase-index=\"15\" data-number-of-phrases=\"18\"><strong>Microsoft OneNote<\/strong>: Digitaalinen muistikirjasi.<\/span><\/span><\/li>\n<li class=\"J0lOec\"><span class=\"VIiyi\" lang=\"en\"><span class=\"JLqJ4b ChMk0b\" data-language-for-alternatives=\"en\" data-language-to-translate-into=\"de\" data-phrase-index=\"17\" data-number-of-phrases=\"18\"><strong>Microsoft N\u00e4kym\u00e4t<\/strong>: Viestint\u00e4 on tehty helpoksi.<\/span><\/span><\/li>\n<li><strong>Microsoft Kustantaja<\/strong>: Asettelun luominen ammattijulkaisuja varten.<\/li>\n<li><strong>Microsoft P\u00e4\u00e4sy<\/strong>: Tietokantaohjelmointi selainpohjaisia sovelluksia varten.<\/li>\n<li><strong>Microsoft Teams<\/strong>: Lis\u00e4\u00e4 tuottavuutta pikaviestien ja HD-videokonferenssien avulla. (saatavana erillisen\u00e4 latauksena)<\/li>\n<\/ul>\n<p>HUOMAUTUS: Microsoft ei en\u00e4\u00e4 niputa Teams-lisenssi\u00e4 Office-tuotteiden kanssa, koska <a href=\"https:\/\/blogs.microsoft.com\/eupolicy\/2023\/08\/31\/european-competition-teams-office-microsoft-365\/\" target=\"_blank\" rel=\"noopener\">Euroopan komission tutkimus<\/a>. Voit <a href=\"https:\/\/www.microsoft.com\/en-us\/microsoft-teams\/download-app\" target=\"_blank\" rel=\"noopener\">lataa Joukkueet<\/a> k\u00e4ytett\u00e4v\u00e4ksi ilmaisella tai maksullisella lisenssill\u00e4 (erillinen osto) tarpeidesi mukaan.<\/p>\n<p><strong>Apu ja tuki:<\/strong><\/p>\n<p>Jos sinulla on kysytt\u00e4v\u00e4\u00e4, ota rohkeasti yhteytt\u00e4 meihin. <a href=\"mailto:support@arturo.winandoffice.com\" target=\"_blank\" rel=\"noopener\">s\u00e4hk\u00f6postitse<\/a>.&nbsp;Our customer service and support is available 7 days a week, 24 hours a day.<\/p>\n<p>&nbsp;<\/p>\n<\/div>\n<\/div>\n<\/div>\n<\/div>\n<\/div>\n<p>&nbsp;<\/p>\n\n\t\t<\/div>\n\t<\/div>\n<\/div><\/div><\/div><\/div>\n<\/div>","protected":false},"excerpt":{"rendered":"<ul>\n<li>Microsoft Windows 10 Professional -lisenssi 3 PC:lle<\/li>\n<li>Microsoft Office 2021 Professional Plus -lisenssi 3 PC:t\u00e4 varten<\/li>\n<li><strong>T\u00e4ll\u00e4 lisenssill\u00e4 ohjelmisto voidaan aktivoida kolmessa eri laitteessa, esim. kotitietokoneessa, kannettavassa tietokoneessa ja ty\u00f6tietokoneessa.<\/strong><\/li>\n<li>Versio 32- ja 64-bittisille j\u00e4rjestelmille, t\u00e4ydet rajoittamattomat versiot ohjelmistosta. <strong>sertifioidulta Microsoft Gold Partnerilta<\/strong><\/li>\n<li><strong>Elinik\u00e4inen vaihtotakuu!<\/strong><\/li>\n<li>Toimitus s\u00e4hk\u00f6postitse: tuoteavain, ohjeet, latauslinkit, lasku.<\/li>\n<li>Pikalataus!<\/li>\n<li>Ei aikarajoitusta, ei tilausta<\/li>\n<li>Ilmainen tuki 24\/7 asennukseen ja aktivointiin liittyviss\u00e4 kysymyksiss\u00e4<\/li>\n<li>Ei toimitusta tietovarastossa (USB, CD jne.).<\/li>\n<li>Aktivointi verkossa ja puhelimitse<\/li>\n<li>Kielet: Englanti, espanja, italia, saksa, ranska<\/li>\n<li><strong><span style=\"color: #008000;\"> T\u00e4m\u00e4 tuote on yhteensopiva Microsoft Windowsin kanssa.<\/span><\/strong><\/li>\n<li><strong><span style=\"color: #ff0000;\">NOT compatible with Apple macOS\u2122, Apple Processors, Parallels for Mac, Android devices and Chromebooks.<\/span><\/strong><\/li>\n<\/ul>","protected":false},"featured_media":100000116593,"comment_status":"closed","ping_status":"closed","template":"","meta":{"_acf_changed":false},"product_brand":[],"product_cat":[154,161,162,156],"product_tag":[217,216],"class_list":{"0":"post-34894","1":"product","2":"type-product","3":"status-publish","4":"has-post-thumbnail","6":"product_cat-microsoft-office","7":"product_cat-microsoft-windows","8":"product_cat-office-2021","9":"product_cat-popular","10":"product_tag-microsoft-windows-10-professional-microsoft-office-2021-professional-plus","11":"product_tag-microsoft-windows-10-professional-microsoft-office-2021-professional-plus-license-for-3-pcs","13":"first","14":"instock","15":"sale","16":"virtual","17":"taxable","18":"purchasable","19":"product-type-simple"},"yoast_head":"<!-- This site is optimized with the Yoast SEO plugin v26.7 - https:\/\/yoast.com\/wordpress\/plugins\/seo\/ -->\n<title>Microsoft Windows 10 Professional + Microsoft Office 2021 Professional Plus license for 3 PCs<\/title>\n<meta name=\"description\" content=\"With this license the software can be activated on 3 different devices, e.g. home PC, notebook and work PC. Lifetime Replacement Warranty!!!\" \/>\n<meta name=\"robots\" content=\"index, follow, max-snippet:-1, max-image-preview:large, max-video-preview:-1\" \/>\n<link rel=\"canonical\" href=\"https:\/\/arturo.winandoffice.com\/fi\/produkt\/microsoft-windows-10-professional-microsoft-office-2021-professional-plus\/\" \/>\n<meta property=\"og:locale\" content=\"fi_FI\" \/>\n<meta property=\"og:type\" content=\"article\" \/>\n<meta property=\"og:title\" content=\"Microsoft Windows 10 Professional + Microsoft Office 2021 Professional Plus license for 3 PCs\" \/>\n<meta property=\"og:description\" content=\"With this license the software can be activated on 3 different devices, e.g. home PC, notebook and work PC. Lifetime Replacement Warranty!!!\" \/>\n<meta property=\"og:url\" content=\"https:\/\/arturo.winandoffice.com\/fi\/produkt\/microsoft-windows-10-professional-microsoft-office-2021-professional-plus\/\" \/>\n<meta property=\"og:site_name\" content=\"Arturo Card Shop\" \/>\n<meta property=\"article:publisher\" content=\"https:\/\/www.facebook.com\/Gamecardshopdotcom\" \/>\n<meta property=\"article:modified_time\" content=\"2025-09-03T21:16:01+00:00\" \/>\n<meta name=\"twitter:card\" content=\"summary_large_image\" \/>\n<meta name=\"twitter:site\" content=\"@gamecardshop_\" \/>\n<meta name=\"twitter:label1\" content=\"Arvioitu lukuaika\" \/>\n\t<meta name=\"twitter:data1\" content=\"3 minuuttia\" \/>\n<script type=\"application\/ld+json\" class=\"yoast-schema-graph\">{\"@context\":\"https:\/\/schema.org\",\"@graph\":[{\"@type\":\"WebPage\",\"@id\":\"https:\/\/arturo.winandoffice.com\/produkt\/microsoft-windows-10-professional-microsoft-office-2021-professional-plus\/\",\"url\":\"https:\/\/arturo.winandoffice.com\/produkt\/microsoft-windows-10-professional-microsoft-office-2021-professional-plus\/\",\"name\":\"Microsoft Windows 10 Professional + Microsoft Office 2021 Professional Plus license for 3 PCs\",\"isPartOf\":{\"@id\":\"https:\/\/arturo.winandoffice.com\/es\/#website\"},\"primaryImageOfPage\":{\"@id\":\"https:\/\/arturo.winandoffice.com\/produkt\/microsoft-windows-10-professional-microsoft-office-2021-professional-plus\/#primaryimage\"},\"image\":{\"@id\":\"https:\/\/arturo.winandoffice.com\/produkt\/microsoft-windows-10-professional-microsoft-office-2021-professional-plus\/#primaryimage\"},\"thumbnailUrl\":\"https:\/\/arturo.winandoffice.com\/wp-content\/uploads\/2023\/03\/W10PO21PP.jpg\",\"datePublished\":\"2023-03-20T11:11:59+00:00\",\"dateModified\":\"2025-09-03T21:16:01+00:00\",\"description\":\"With this license the software can be activated on 3 different devices, e.g. home PC, notebook and work PC. Lifetime Replacement Warranty!!!\",\"breadcrumb\":{\"@id\":\"https:\/\/arturo.winandoffice.com\/produkt\/microsoft-windows-10-professional-microsoft-office-2021-professional-plus\/#breadcrumb\"},\"inLanguage\":\"fi\",\"potentialAction\":[{\"@type\":\"ReadAction\",\"target\":[\"https:\/\/arturo.winandoffice.com\/produkt\/microsoft-windows-10-professional-microsoft-office-2021-professional-plus\/\"]}]},{\"@type\":\"ImageObject\",\"inLanguage\":\"fi\",\"@id\":\"https:\/\/arturo.winandoffice.com\/produkt\/microsoft-windows-10-professional-microsoft-office-2021-professional-plus\/#primaryimage\",\"url\":\"https:\/\/arturo.winandoffice.com\/wp-content\/uploads\/2023\/03\/W10PO21PP.jpg\",\"contentUrl\":\"https:\/\/arturo.winandoffice.com\/wp-content\/uploads\/2023\/03\/W10PO21PP.jpg\"},{\"@type\":\"BreadcrumbList\",\"@id\":\"https:\/\/arturo.winandoffice.com\/produkt\/microsoft-windows-10-professional-microsoft-office-2021-professional-plus\/#breadcrumb\",\"itemListElement\":[{\"@type\":\"ListItem\",\"position\":1,\"name\":\"Home\",\"item\":\"https:\/\/arturo.winandoffice.com\/\"},{\"@type\":\"ListItem\",\"position\":2,\"name\":\"Shop\",\"item\":\"https:\/\/arturo.winandoffice.com\/shop\/\"},{\"@type\":\"ListItem\",\"position\":3,\"name\":\"Microsoft Windows 10 Professional + Microsoft Office 2021 Professional Plus License for 3 PC\"}]},{\"@type\":\"WebSite\",\"@id\":\"https:\/\/arturo.winandoffice.com\/es\/#website\",\"url\":\"https:\/\/arturo.winandoffice.com\/es\/\",\"name\":\"Arturo Card Shop\",\"description\":\"Buy your office\",\"publisher\":{\"@id\":\"https:\/\/arturo.winandoffice.com\/es\/#organization\"},\"potentialAction\":[{\"@type\":\"SearchAction\",\"target\":{\"@type\":\"EntryPoint\",\"urlTemplate\":\"https:\/\/arturo.winandoffice.com\/es\/?s={search_term_string}\"},\"query-input\":{\"@type\":\"PropertyValueSpecification\",\"valueRequired\":true,\"valueName\":\"search_term_string\"}}],\"inLanguage\":\"fi\"},{\"@type\":\"Organization\",\"@id\":\"https:\/\/arturo.winandoffice.com\/es\/#organization\",\"name\":\"Arturo Card Shop\",\"url\":\"https:\/\/arturo.winandoffice.com\/es\/\",\"logo\":{\"@type\":\"ImageObject\",\"inLanguage\":\"fi\",\"@id\":\"https:\/\/arturo.winandoffice.com\/es\/#\/schema\/logo\/image\/\",\"url\":\"https:\/\/arturo.winandoffice.com\/wp-content\/uploads\/2022\/10\/logo.png\",\"contentUrl\":\"https:\/\/arturo.winandoffice.com\/wp-content\/uploads\/2022\/10\/logo.png\",\"width\":1710,\"height\":175,\"caption\":\"Arturo Card Shop\"},\"image\":{\"@id\":\"https:\/\/arturo.winandoffice.com\/es\/#\/schema\/logo\/image\/\"},\"sameAs\":[\"https:\/\/www.facebook.com\/Gamecardshopdotcom\",\"https:\/\/x.com\/gamecardshop_\",\"https:\/\/www.youtube.com\/@gamecardshop\",\"https:\/\/www.youtube.com\/@arturo.winandoffice.com_\",\"https:\/\/de.trustpilot.com\/review\/arturo.winandoffice.com\",\"https:\/\/www.provenexpert.com\/game-card-shop\/\",\"https:\/\/www.tiktok.com\/@arturo.winandoffice.com\",\"https:\/\/www.shopauskunft.de\/review\/arturo.winandoffice.com\",\"https:\/\/www.ausgezeichnet.org\/bewertungen-arturo.winandoffice.com-HNVDH\",\"https:\/\/www.trustedshops.eu\/buyerrating\/info_X93C3F0168B7533F969FC6C787543C130.html\"]}]}<\/script>\n<!-- \/ Yoast SEO plugin. -->","yoast_head_json":{"title":"Microsoft Windows 10 Professional + Microsoft Office 2021 Professional Plus -lisenssi 3 tietokoneelle","description":"T\u00e4ll\u00e4 lisenssill\u00e4 ohjelmisto voidaan aktivoida kolmessa eri laitteessa, esim. kotitietokoneessa, kannettavassa tietokoneessa ja ty\u00f6tietokoneessa. Elinik\u00e4inen korvaustakuu!!!!","robots":{"index":"index","follow":"follow","max-snippet":"max-snippet:-1","max-image-preview":"max-image-preview:large","max-video-preview":"max-video-preview:-1"},"canonical":"https:\/\/arturo.winandoffice.com\/fi\/produkt\/microsoft-windows-10-professional-microsoft-office-2021-professional-plus\/","og_locale":"fi_FI","og_type":"article","og_title":"Microsoft Windows 10 Professional + Microsoft Office 2021 Professional Plus license for 3 PCs","og_description":"With this license the software can be activated on 3 different devices, e.g. home PC, notebook and work PC. Lifetime Replacement Warranty!!!","og_url":"https:\/\/arturo.winandoffice.com\/fi\/produkt\/microsoft-windows-10-professional-microsoft-office-2021-professional-plus\/","og_site_name":"Arturo Card Shop","article_publisher":"https:\/\/www.facebook.com\/Gamecardshopdotcom","article_modified_time":"2025-09-03T21:16:01+00:00","twitter_card":"summary_large_image","twitter_site":"@gamecardshop_","twitter_misc":{"Arvioitu lukuaika":"3 minuuttia"},"schema":{"@context":"https:\/\/schema.org","@graph":[{"@type":"WebPage","@id":"https:\/\/arturo.winandoffice.com\/produkt\/microsoft-windows-10-professional-microsoft-office-2021-professional-plus\/","url":"https:\/\/arturo.winandoffice.com\/produkt\/microsoft-windows-10-professional-microsoft-office-2021-professional-plus\/","name":"Microsoft Windows 10 Professional + Microsoft Office 2021 Professional Plus -lisenssi 3 tietokoneelle","isPartOf":{"@id":"https:\/\/arturo.winandoffice.com\/es\/#website"},"primaryImageOfPage":{"@id":"https:\/\/arturo.winandoffice.com\/produkt\/microsoft-windows-10-professional-microsoft-office-2021-professional-plus\/#primaryimage"},"image":{"@id":"https:\/\/arturo.winandoffice.com\/produkt\/microsoft-windows-10-professional-microsoft-office-2021-professional-plus\/#primaryimage"},"thumbnailUrl":"https:\/\/arturo.winandoffice.com\/wp-content\/uploads\/2023\/03\/W10PO21PP.jpg","datePublished":"2023-03-20T11:11:59+00:00","dateModified":"2025-09-03T21:16:01+00:00","description":"T\u00e4ll\u00e4 lisenssill\u00e4 ohjelmisto voidaan aktivoida kolmessa eri laitteessa, esim. kotitietokoneessa, kannettavassa tietokoneessa ja ty\u00f6tietokoneessa. Elinik\u00e4inen korvaustakuu!!!!","breadcrumb":{"@id":"https:\/\/arturo.winandoffice.com\/produkt\/microsoft-windows-10-professional-microsoft-office-2021-professional-plus\/#breadcrumb"},"inLanguage":"fi","potentialAction":[{"@type":"ReadAction","target":["https:\/\/arturo.winandoffice.com\/produkt\/microsoft-windows-10-professional-microsoft-office-2021-professional-plus\/"]}]},{"@type":"ImageObject","inLanguage":"fi","@id":"https:\/\/arturo.winandoffice.com\/produkt\/microsoft-windows-10-professional-microsoft-office-2021-professional-plus\/#primaryimage","url":"https:\/\/arturo.winandoffice.com\/wp-content\/uploads\/2023\/03\/W10PO21PP.jpg","contentUrl":"https:\/\/arturo.winandoffice.com\/wp-content\/uploads\/2023\/03\/W10PO21PP.jpg"},{"@type":"BreadcrumbList","@id":"https:\/\/arturo.winandoffice.com\/produkt\/microsoft-windows-10-professional-microsoft-office-2021-professional-plus\/#breadcrumb","itemListElement":[{"@type":"ListItem","position":1,"name":"Home","item":"https:\/\/arturo.winandoffice.com\/"},{"@type":"ListItem","position":2,"name":"Shop","item":"https:\/\/arturo.winandoffice.com\/shop\/"},{"@type":"ListItem","position":3,"name":"Microsoft Windows 10 Professional + Microsoft Office 2021 Professional Plus License for 3 PC"}]},{"@type":"WebSite","@id":"https:\/\/arturo.winandoffice.com\/es\/#website","url":"https:\/\/arturo.winandoffice.com\/es\/","name":"Arturo Card Shop","description":"Osta toimistosi","publisher":{"@id":"https:\/\/arturo.winandoffice.com\/es\/#organization"},"potentialAction":[{"@type":"SearchAction","target":{"@type":"EntryPoint","urlTemplate":"https:\/\/arturo.winandoffice.com\/es\/?s={search_term_string}"},"query-input":{"@type":"PropertyValueSpecification","valueRequired":true,"valueName":"search_term_string"}}],"inLanguage":"fi"},{"@type":"Organization","@id":"https:\/\/arturo.winandoffice.com\/es\/#organization","name":"Arturo Card Shop","url":"https:\/\/arturo.winandoffice.com\/es\/","logo":{"@type":"ImageObject","inLanguage":"fi","@id":"https:\/\/arturo.winandoffice.com\/es\/#\/schema\/logo\/image\/","url":"https:\/\/arturo.winandoffice.com\/wp-content\/uploads\/2022\/10\/logo.png","contentUrl":"https:\/\/arturo.winandoffice.com\/wp-content\/uploads\/2022\/10\/logo.png","width":1710,"height":175,"caption":"Arturo Card Shop"},"image":{"@id":"https:\/\/arturo.winandoffice.com\/es\/#\/schema\/logo\/image\/"},"sameAs":["https:\/\/www.facebook.com\/Gamecardshopdotcom","https:\/\/x.com\/gamecardshop_","https:\/\/www.youtube.com\/@gamecardshop","https:\/\/www.youtube.com\/@arturo.winandoffice.com_","https:\/\/de.trustpilot.com\/review\/arturo.winandoffice.com","https:\/\/www.provenexpert.com\/game-card-shop\/","https:\/\/www.tiktok.com\/@arturo.winandoffice.com","https:\/\/www.shopauskunft.de\/review\/arturo.winandoffice.com","https:\/\/www.ausgezeichnet.org\/bewertungen-arturo.winandoffice.com-HNVDH","https:\/\/www.trustedshops.eu\/buyerrating\/info_X93C3F0168B7533F969FC6C787543C130.html"]}]}},"acf":[],"_links":{"self":[{"href":"https:\/\/arturo.winandoffice.com\/fi\/wp-json\/wp\/v2\/product\/34894","targetHints":{"allow":["GET"]}}],"collection":[{"href":"https:\/\/arturo.winandoffice.com\/fi\/wp-json\/wp\/v2\/product"}],"about":[{"href":"https:\/\/arturo.winandoffice.com\/fi\/wp-json\/wp\/v2\/types\/product"}],"replies":[{"embeddable":true,"href":"https:\/\/arturo.winandoffice.com\/fi\/wp-json\/wp\/v2\/comments?post=34894"}],"wp:featuredmedia":[{"embeddable":true,"href":"https:\/\/arturo.winandoffice.com\/fi\/wp-json\/"}],"wp:attachment":[{"href":"https:\/\/arturo.winandoffice.com\/fi\/wp-json\/wp\/v2\/media?parent=34894"}],"wp:term":[{"taxonomy":"product_brand","embeddable":true,"href":"https:\/\/arturo.winandoffice.com\/fi\/wp-json\/wp\/v2\/product_brand?post=34894"},{"taxonomy":"product_cat","embeddable":true,"href":"https:\/\/arturo.winandoffice.com\/fi\/wp-json\/wp\/v2\/product_cat?post=34894"},{"taxonomy":"product_tag","embeddable":true,"href":"https:\/\/arturo.winandoffice.com\/fi\/wp-json\/wp\/v2\/product_tag?post=34894"}],"curies":[{"name":"wp","href":"https:\/\/api.w.org\/{rel}","templated":true}]}}