{"id":34889,"date":"2023-03-20T13:11:58","date_gmt":"2023-03-20T12:11:58","guid":{"rendered":"https:\/\/arturo.winandoffice.com\/?post_type=product&#038;p=34889"},"modified":"2025-09-03T22:16:50","modified_gmt":"2025-09-03T21:16:50","slug":"microsoft-office-2019-standard","status":"publish","type":"product","link":"https:\/\/arturo.winandoffice.com\/fi\/produkt\/microsoft-office-2019-standard\/","title":{"rendered":"Microsoft Office 2019 Standard License for 3 PC"},"content":{"rendered":"<div class=\"wpb-content-wrapper\"><div class=\"vc_row wpb_row vc_row-fluid\" style=\"background-position: None!important;  \"><div class=\"wpb_column vc_column_container vc_col-sm-12\"><div class=\"vc_column-inner\"><div class=\"wpb_wrapper\">\n\t<div class=\"wpb_text_column wpb_content_element\" >\n\t\t<div class=\"wpb_wrapper\">\n\t\t\t<p><strong><span style=\"font-size: 18pt;\">Microsoft Office 2019 Standard-lisenssi 3 PC:lle (t\u00e4ysi rajoittamaton versio sertifioidulta Microsoft Gold Partnerilta).<\/span><\/strong><\/p>\n<p><strong>T\u00e4ll\u00e4 lisenssill\u00e4 ohjelmisto voidaan aktivoida kolmessa eri laitteessa, esim. kotitietokoneessa, kannettavassa tietokoneessa ja ty\u00f6tietokoneessa.<\/strong><\/p>\n<p><strong>Elinik\u00e4inen rahat takaisin -takuu!!!<\/strong><\/p>\n<hr class=\"c-divider f-pad-top-3x\" data-grid=\"col-12\">\n<p>Microsoft Office 2019 Standard edition on tarkoitettu yksityisille k\u00e4ytt\u00e4jille tai pienille yrityksille. Se sis\u00e4lt\u00e4\u00e4 klassiset sovellukset Microsoft Word, Microsoft Excel, Microsoft PowerPoint, Microsoft Outlook ja Microsoft Publisher ty\u00f6p\u00f6yt\u00e4- ja verkkoversioina. Microsoft OneDrive -pilvitallennustila tallennustilaa sis\u00e4lt\u00e4v\u00e4 Microsoft OneDrive on k\u00e4ytett\u00e4viss\u00e4 tietojen tallentamiseen, jotta niit\u00e4 voidaan k\u00e4ytt\u00e4\u00e4 mist\u00e4 tahansa tai jakaa muiden k\u00e4ytt\u00e4jien kanssa. Microsoft:n OneNote ei en\u00e4\u00e4 sis\u00e4lly Microsoft Office 2019:\u00e4\u00e4n. Jos haluat jatkaa Microsoft OneNoten k\u00e4ytt\u00f6\u00e4, voit tehd\u00e4 sen Microsoft Windows 10:een integroidun Universal Windows -sovelluksen kautta.<\/p>\n<p><strong>V\u00e4himm\u00e4isj\u00e4rjestelm\u00e4vaatimukset<\/strong><\/p>\n<p>1,6 GHz tai nopeampi kaksiytiminen suoritin<\/p>\n<p>2 Gt RAM-muistia 32-bittiselle tai 4 Gt RAM-muistia 64-bittiselle.<\/p>\n<p>4 Gt k\u00e4ytett\u00e4viss\u00e4 olevaa kiintolevytilaa<\/p>\n<p><strong>Apu ja tuki:<\/strong><\/p>\n<p>Jos sinulla on kysytt\u00e4v\u00e4\u00e4, ota rohkeasti yhteytt\u00e4 meihin. <a href=\"mailto:support@arturo.winandoffice.com\" target=\"_blank\" rel=\"noopener\">s\u00e4hk\u00f6postitse<\/a>.&nbsp;Our customer service and support is available 7 days a week, 24 hours a day.<\/p>\n<p>&nbsp;<\/p>\n<p>&nbsp;<\/p>\n\n\t\t<\/div>\n\t<\/div>\n<\/div><\/div><\/div><\/div>\n<\/div>","protected":false},"excerpt":{"rendered":"<ul>\n<li>Microsoft Office 2019 Standard-lisenssi 3 tietokoneelle<\/li>\n<li><strong>T\u00e4ll\u00e4 lisenssill\u00e4 ohjelmisto voidaan aktivoida kolmessa eri laitteessa, esim. kotitietokoneessa, kannettavassa tietokoneessa ja ty\u00f6tietokoneessa.<\/strong><\/li>\n<li>Versio 32- ja 64-bittisille j\u00e4rjestelmille, t\u00e4ydet rajoittamattomat versiot ohjelmistosta. <strong>sertifioidulta Microsoft Gold Partnerilta<\/strong><\/li>\n<li><strong>Elinik\u00e4inen vaihtotakuu!<\/strong><\/li>\n<li>Toimitus s\u00e4hk\u00f6postitse: tuoteavain, ohjeet, latauslinkit, lasku.<\/li>\n<li>Pikalataus!<\/li>\n<li>Ei aikarajoitusta, ei tilausta<\/li>\n<li>Ilmainen tuki 24\/7 asennukseen ja aktivointiin liittyviss\u00e4 kysymyksiss\u00e4<\/li>\n<li>Ei toimitusta tietovarastossa (USB, CD jne.).<\/li>\n<li>Aktivointi verkossa ja puhelimitse<\/li>\n<li>Kielet: Englanti, espanja, italia, saksa, ranska<\/li>\n<li><strong><span style=\"color: #008000;\"> T\u00e4m\u00e4 tuote on yhteensopiva Microsoft Windowsin kanssa.<\/span><\/strong><\/li>\n<li><strong><span style=\"color: #ff0000;\">NOT compatible with Apple macOS\u2122, Apple Processors, Parallels for Mac, Android devices and Chromebooks.<\/span><\/strong><\/li>\n<\/ul>","protected":false},"featured_media":14053,"comment_status":"closed","ping_status":"closed","template":"","meta":{"_acf_changed":false},"product_brand":[],"product_cat":[154,155],"product_tag":[209,208,158],"class_list":{"0":"post-34889","1":"product","2":"type-product","3":"status-publish","4":"has-post-thumbnail","6":"product_cat-microsoft-office","7":"product_cat-office-2019","8":"product_tag-microsoft-office-2019-standard","9":"product_tag-microsoft-office-2019-standard-license-for-3-pcs","10":"product_tag-ms-office","12":"first","13":"instock","14":"sale","15":"virtual","16":"taxable","17":"purchasable","18":"product-type-simple"},"yoast_head":"<!-- This site is optimized with the Yoast SEO plugin v26.7 - https:\/\/yoast.com\/wordpress\/plugins\/seo\/ -->\n<title>Microsoft Office 2019 Standard license for 3 PCs<\/title>\n<meta name=\"description\" content=\"With this license the software can be activated on 3 different devices, e.g. home PC, notebook and work PC. Lifetime Replacement Warranty!!!\" \/>\n<meta name=\"robots\" content=\"index, follow, max-snippet:-1, max-image-preview:large, max-video-preview:-1\" \/>\n<link rel=\"canonical\" href=\"https:\/\/arturo.winandoffice.com\/fi\/produkt\/microsoft-office-2019-standard\/\" \/>\n<meta property=\"og:locale\" content=\"fi_FI\" \/>\n<meta property=\"og:type\" content=\"article\" \/>\n<meta property=\"og:title\" content=\"Microsoft Office 2019 Standard license for 3 PCs\" \/>\n<meta property=\"og:description\" content=\"With this license the software can be activated on 3 different devices, e.g. home PC, notebook and work PC. Lifetime Replacement Warranty!!!\" \/>\n<meta property=\"og:url\" content=\"https:\/\/arturo.winandoffice.com\/fi\/produkt\/microsoft-office-2019-standard\/\" \/>\n<meta property=\"og:site_name\" content=\"Arturo Card Shop\" \/>\n<meta property=\"article:publisher\" content=\"https:\/\/www.facebook.com\/Gamecardshopdotcom\" \/>\n<meta property=\"article:modified_time\" content=\"2025-09-03T21:16:50+00:00\" \/>\n<meta property=\"og:image\" content=\"https:\/\/arturo.winandoffice.com\/wp-content\/uploads\/2023\/03\/O19S.jpg\" \/>\n\t<meta property=\"og:image:width\" content=\"1000\" \/>\n\t<meta property=\"og:image:height\" content=\"1500\" \/>\n\t<meta property=\"og:image:type\" content=\"image\/jpeg\" \/>\n<meta name=\"twitter:card\" content=\"summary_large_image\" \/>\n<meta name=\"twitter:site\" content=\"@gamecardshop_\" \/>\n<meta name=\"twitter:label1\" content=\"Arvioitu lukuaika\" \/>\n\t<meta name=\"twitter:data1\" content=\"2 minuuttia\" \/>\n<script type=\"application\/ld+json\" class=\"yoast-schema-graph\">{\"@context\":\"https:\/\/schema.org\",\"@graph\":[{\"@type\":\"WebPage\",\"@id\":\"https:\/\/arturo.winandoffice.com\/produkt\/microsoft-office-2019-standard\/\",\"url\":\"https:\/\/arturo.winandoffice.com\/produkt\/microsoft-office-2019-standard\/\",\"name\":\"Microsoft Office 2019 Standard license for 3 PCs\",\"isPartOf\":{\"@id\":\"https:\/\/arturo.winandoffice.com\/es\/#website\"},\"primaryImageOfPage\":{\"@id\":\"https:\/\/arturo.winandoffice.com\/produkt\/microsoft-office-2019-standard\/#primaryimage\"},\"image\":{\"@id\":\"https:\/\/arturo.winandoffice.com\/produkt\/microsoft-office-2019-standard\/#primaryimage\"},\"thumbnailUrl\":\"https:\/\/arturo.winandoffice.com\/wp-content\/uploads\/2023\/03\/O19S.jpg\",\"datePublished\":\"2023-03-20T12:11:58+00:00\",\"dateModified\":\"2025-09-03T21:16:50+00:00\",\"description\":\"With this license the software can be activated on 3 different devices, e.g. home PC, notebook and work PC. Lifetime Replacement Warranty!!!\",\"breadcrumb\":{\"@id\":\"https:\/\/arturo.winandoffice.com\/produkt\/microsoft-office-2019-standard\/#breadcrumb\"},\"inLanguage\":\"fi\",\"potentialAction\":[{\"@type\":\"ReadAction\",\"target\":[\"https:\/\/arturo.winandoffice.com\/produkt\/microsoft-office-2019-standard\/\"]}]},{\"@type\":\"ImageObject\",\"inLanguage\":\"fi\",\"@id\":\"https:\/\/arturo.winandoffice.com\/produkt\/microsoft-office-2019-standard\/#primaryimage\",\"url\":\"https:\/\/arturo.winandoffice.com\/wp-content\/uploads\/2023\/03\/O19S.jpg\",\"contentUrl\":\"https:\/\/arturo.winandoffice.com\/wp-content\/uploads\/2023\/03\/O19S.jpg\",\"width\":1000,\"height\":1500},{\"@type\":\"BreadcrumbList\",\"@id\":\"https:\/\/arturo.winandoffice.com\/produkt\/microsoft-office-2019-standard\/#breadcrumb\",\"itemListElement\":[{\"@type\":\"ListItem\",\"position\":1,\"name\":\"Home\",\"item\":\"https:\/\/arturo.winandoffice.com\/\"},{\"@type\":\"ListItem\",\"position\":2,\"name\":\"Shop\",\"item\":\"https:\/\/arturo.winandoffice.com\/shop\/\"},{\"@type\":\"ListItem\",\"position\":3,\"name\":\"Microsoft Office 2019 Standard License for 3 PC\"}]},{\"@type\":\"WebSite\",\"@id\":\"https:\/\/arturo.winandoffice.com\/es\/#website\",\"url\":\"https:\/\/arturo.winandoffice.com\/es\/\",\"name\":\"Arturo Card Shop\",\"description\":\"Buy your office\",\"publisher\":{\"@id\":\"https:\/\/arturo.winandoffice.com\/es\/#organization\"},\"potentialAction\":[{\"@type\":\"SearchAction\",\"target\":{\"@type\":\"EntryPoint\",\"urlTemplate\":\"https:\/\/arturo.winandoffice.com\/es\/?s={search_term_string}\"},\"query-input\":{\"@type\":\"PropertyValueSpecification\",\"valueRequired\":true,\"valueName\":\"search_term_string\"}}],\"inLanguage\":\"fi\"},{\"@type\":\"Organization\",\"@id\":\"https:\/\/arturo.winandoffice.com\/es\/#organization\",\"name\":\"Arturo Card Shop\",\"url\":\"https:\/\/arturo.winandoffice.com\/es\/\",\"logo\":{\"@type\":\"ImageObject\",\"inLanguage\":\"fi\",\"@id\":\"https:\/\/arturo.winandoffice.com\/es\/#\/schema\/logo\/image\/\",\"url\":\"https:\/\/arturo.winandoffice.com\/wp-content\/uploads\/2022\/10\/logo.png\",\"contentUrl\":\"https:\/\/arturo.winandoffice.com\/wp-content\/uploads\/2022\/10\/logo.png\",\"width\":1710,\"height\":175,\"caption\":\"Arturo Card Shop\"},\"image\":{\"@id\":\"https:\/\/arturo.winandoffice.com\/es\/#\/schema\/logo\/image\/\"},\"sameAs\":[\"https:\/\/www.facebook.com\/Gamecardshopdotcom\",\"https:\/\/x.com\/gamecardshop_\",\"https:\/\/www.youtube.com\/@gamecardshop\",\"https:\/\/www.youtube.com\/@arturo.winandoffice.com_\",\"https:\/\/de.trustpilot.com\/review\/arturo.winandoffice.com\",\"https:\/\/www.provenexpert.com\/game-card-shop\/\",\"https:\/\/www.tiktok.com\/@arturo.winandoffice.com\",\"https:\/\/www.shopauskunft.de\/review\/arturo.winandoffice.com\",\"https:\/\/www.ausgezeichnet.org\/bewertungen-arturo.winandoffice.com-HNVDH\",\"https:\/\/www.trustedshops.eu\/buyerrating\/info_X93C3F0168B7533F969FC6C787543C130.html\"]}]}<\/script>\n<!-- \/ Yoast SEO plugin. -->","yoast_head_json":{"title":"Microsoft Office 2019 Standard-lisenssi 3 tietokoneelle","description":"T\u00e4ll\u00e4 lisenssill\u00e4 ohjelmisto voidaan aktivoida kolmessa eri laitteessa, esim. kotitietokoneessa, kannettavassa tietokoneessa ja ty\u00f6tietokoneessa. Elinik\u00e4inen korvaustakuu!!!!","robots":{"index":"index","follow":"follow","max-snippet":"max-snippet:-1","max-image-preview":"max-image-preview:large","max-video-preview":"max-video-preview:-1"},"canonical":"https:\/\/arturo.winandoffice.com\/fi\/produkt\/microsoft-office-2019-standard\/","og_locale":"fi_FI","og_type":"article","og_title":"Microsoft Office 2019 Standard license for 3 PCs","og_description":"With this license the software can be activated on 3 different devices, e.g. home PC, notebook and work PC. Lifetime Replacement Warranty!!!","og_url":"https:\/\/arturo.winandoffice.com\/fi\/produkt\/microsoft-office-2019-standard\/","og_site_name":"Arturo Card Shop","article_publisher":"https:\/\/www.facebook.com\/Gamecardshopdotcom","article_modified_time":"2025-09-03T21:16:50+00:00","og_image":[{"width":1000,"height":1500,"url":"https:\/\/arturo.winandoffice.com\/wp-content\/uploads\/2023\/03\/O19S.jpg","type":"image\/jpeg"}],"twitter_card":"summary_large_image","twitter_site":"@gamecardshop_","twitter_misc":{"Arvioitu lukuaika":"2 minuuttia"},"schema":{"@context":"https:\/\/schema.org","@graph":[{"@type":"WebPage","@id":"https:\/\/arturo.winandoffice.com\/produkt\/microsoft-office-2019-standard\/","url":"https:\/\/arturo.winandoffice.com\/produkt\/microsoft-office-2019-standard\/","name":"Microsoft Office 2019 Standard-lisenssi 3 tietokoneelle","isPartOf":{"@id":"https:\/\/arturo.winandoffice.com\/es\/#website"},"primaryImageOfPage":{"@id":"https:\/\/arturo.winandoffice.com\/produkt\/microsoft-office-2019-standard\/#primaryimage"},"image":{"@id":"https:\/\/arturo.winandoffice.com\/produkt\/microsoft-office-2019-standard\/#primaryimage"},"thumbnailUrl":"https:\/\/arturo.winandoffice.com\/wp-content\/uploads\/2023\/03\/O19S.jpg","datePublished":"2023-03-20T12:11:58+00:00","dateModified":"2025-09-03T21:16:50+00:00","description":"T\u00e4ll\u00e4 lisenssill\u00e4 ohjelmisto voidaan aktivoida kolmessa eri laitteessa, esim. kotitietokoneessa, kannettavassa tietokoneessa ja ty\u00f6tietokoneessa. Elinik\u00e4inen korvaustakuu!!!!","breadcrumb":{"@id":"https:\/\/arturo.winandoffice.com\/produkt\/microsoft-office-2019-standard\/#breadcrumb"},"inLanguage":"fi","potentialAction":[{"@type":"ReadAction","target":["https:\/\/arturo.winandoffice.com\/produkt\/microsoft-office-2019-standard\/"]}]},{"@type":"ImageObject","inLanguage":"fi","@id":"https:\/\/arturo.winandoffice.com\/produkt\/microsoft-office-2019-standard\/#primaryimage","url":"https:\/\/arturo.winandoffice.com\/wp-content\/uploads\/2023\/03\/O19S.jpg","contentUrl":"https:\/\/arturo.winandoffice.com\/wp-content\/uploads\/2023\/03\/O19S.jpg","width":1000,"height":1500},{"@type":"BreadcrumbList","@id":"https:\/\/arturo.winandoffice.com\/produkt\/microsoft-office-2019-standard\/#breadcrumb","itemListElement":[{"@type":"ListItem","position":1,"name":"Home","item":"https:\/\/arturo.winandoffice.com\/"},{"@type":"ListItem","position":2,"name":"Shop","item":"https:\/\/arturo.winandoffice.com\/shop\/"},{"@type":"ListItem","position":3,"name":"Microsoft Office 2019 Standard License for 3 PC"}]},{"@type":"WebSite","@id":"https:\/\/arturo.winandoffice.com\/es\/#website","url":"https:\/\/arturo.winandoffice.com\/es\/","name":"Arturo Card Shop","description":"Osta toimistosi","publisher":{"@id":"https:\/\/arturo.winandoffice.com\/es\/#organization"},"potentialAction":[{"@type":"SearchAction","target":{"@type":"EntryPoint","urlTemplate":"https:\/\/arturo.winandoffice.com\/es\/?s={search_term_string}"},"query-input":{"@type":"PropertyValueSpecification","valueRequired":true,"valueName":"search_term_string"}}],"inLanguage":"fi"},{"@type":"Organization","@id":"https:\/\/arturo.winandoffice.com\/es\/#organization","name":"Arturo Card Shop","url":"https:\/\/arturo.winandoffice.com\/es\/","logo":{"@type":"ImageObject","inLanguage":"fi","@id":"https:\/\/arturo.winandoffice.com\/es\/#\/schema\/logo\/image\/","url":"https:\/\/arturo.winandoffice.com\/wp-content\/uploads\/2022\/10\/logo.png","contentUrl":"https:\/\/arturo.winandoffice.com\/wp-content\/uploads\/2022\/10\/logo.png","width":1710,"height":175,"caption":"Arturo Card Shop"},"image":{"@id":"https:\/\/arturo.winandoffice.com\/es\/#\/schema\/logo\/image\/"},"sameAs":["https:\/\/www.facebook.com\/Gamecardshopdotcom","https:\/\/x.com\/gamecardshop_","https:\/\/www.youtube.com\/@gamecardshop","https:\/\/www.youtube.com\/@arturo.winandoffice.com_","https:\/\/de.trustpilot.com\/review\/arturo.winandoffice.com","https:\/\/www.provenexpert.com\/game-card-shop\/","https:\/\/www.tiktok.com\/@arturo.winandoffice.com","https:\/\/www.shopauskunft.de\/review\/arturo.winandoffice.com","https:\/\/www.ausgezeichnet.org\/bewertungen-arturo.winandoffice.com-HNVDH","https:\/\/www.trustedshops.eu\/buyerrating\/info_X93C3F0168B7533F969FC6C787543C130.html"]}]}},"acf":[],"_links":{"self":[{"href":"https:\/\/arturo.winandoffice.com\/fi\/wp-json\/wp\/v2\/product\/34889","targetHints":{"allow":["GET"]}}],"collection":[{"href":"https:\/\/arturo.winandoffice.com\/fi\/wp-json\/wp\/v2\/product"}],"about":[{"href":"https:\/\/arturo.winandoffice.com\/fi\/wp-json\/wp\/v2\/types\/product"}],"replies":[{"embeddable":true,"href":"https:\/\/arturo.winandoffice.com\/fi\/wp-json\/wp\/v2\/comments?post=34889"}],"wp:featuredmedia":[{"embeddable":true,"href":"https:\/\/arturo.winandoffice.com\/fi\/wp-json\/wp\/v2\/media\/14053"}],"wp:attachment":[{"href":"https:\/\/arturo.winandoffice.com\/fi\/wp-json\/wp\/v2\/media?parent=34889"}],"wp:term":[{"taxonomy":"product_brand","embeddable":true,"href":"https:\/\/arturo.winandoffice.com\/fi\/wp-json\/wp\/v2\/product_brand?post=34889"},{"taxonomy":"product_cat","embeddable":true,"href":"https:\/\/arturo.winandoffice.com\/fi\/wp-json\/wp\/v2\/product_cat?post=34889"},{"taxonomy":"product_tag","embeddable":true,"href":"https:\/\/arturo.winandoffice.com\/fi\/wp-json\/wp\/v2\/product_tag?post=34889"}],"curies":[{"name":"wp","href":"https:\/\/api.w.org\/{rel}","templated":true}]}}