{"id":119789,"date":"2024-11-03T17:02:21","date_gmt":"2024-11-03T16:02:21","guid":{"rendered":"https:\/\/arturo.winandoffice.com\/?post_type=product&#038;p=119789"},"modified":"2025-09-03T21:39:31","modified_gmt":"2025-09-03T20:39:31","slug":"microsoft-office-2021-professional-plus-microsoft-visio-2024-professional-license-for-3-devices","status":"publish","type":"product","link":"https:\/\/arturo.winandoffice.com\/fi\/produkt\/microsoft-office-2021-professional-plus-microsoft-visio-2024-professional-license-for-3-devices\/","title":{"rendered":"Microsoft Office 2021 Professional Plus + Microsoft Visio 2024 Professional License for 3 PC"},"content":{"rendered":"<p><strong style=\"font-size: 24pt\">Microsoft Office 2021 Professional Plus<\/strong><\/p>\n<div id=\"primaryR3\" data-grid=\"container\" data-region-key=\"primaryr3\" data-m=\"{&quot;cN&quot;:&quot;primaryR3 1&quot;,&quot;cT&quot;:&quot;Region_coreui-region&quot;,&quot;id&quot;:&quot;r3a2&quot;,&quot;sN&quot;:3,&quot;aN&quot;:&quot;a2&quot;}\">\n<div id=\"coreui-contentrichblock-rhi1sei\" data-m=\"{&quot;cN&quot;:&quot;R2ContentRichBlock 1&quot;,&quot;cT&quot;:&quot;Module_coreui-contentrichblock&quot;,&quot;id&quot;:&quot;m3r3a2&quot;,&quot;sN&quot;:3,&quot;aN&quot;:&quot;r3a2&quot;}\" data-module-id=\"WDG-Microsoft Windows|primaryR3|coreui-region|coreui-contentrichblock-rhi1sei|coreui-contentrichblock\">\n<div class=\"m-rich-content-block context-ucx\" data-grid=\"col-12\">\n<div class=\"dePhmb\">\n<div class=\"eyKpYb\" data-language=\"en\" data-original-language=\"de\" data-result-index=\"0\">\n<div class=\"J0lOec\">\n<p>Microsoft Office-k\u00e4ytt\u00e4j\u00e4t, jotka k\u00e4ytt\u00e4v\u00e4t kaikkia sovelluksia kotona tai toimistossa, ovat hyvin neuvoteltuja Microsoft Office 2021 Professional Plus Editionin kanssa. Kaikki t\u00e4rke\u00e4t ohjelmat ovat mukana: Word, Excel, Outlook, PowerPoint, Publisher ja Access. OneNote on nyt ladattavissa Microsoft Windows Storesta, joten voit tehd\u00e4 muistiinpanoja nopeasti ja asettaa ne saataville kaikkiin laitteisiin pilven kautta. Laajan ohjelmavalikoiman vuoksi Professional Plus -versio on suunnattu ensisijaisesti henkil\u00f6ille, jotka ty\u00f6skentelev\u00e4t kotona, kotitoimistossa tai jotka etsiv\u00e4t toimistosta tehokasta ja luotettavaa ratkaisua asiakirjojen, taulukoiden jne. j\u00e4rjest\u00e4miseen.<\/p>\n<\/div>\n<ul>\n<li class=\"J0lOec\"><span class=\"VIiyi\" lang=\"en\"><span class=\"JLqJ4b ChMk0b\" data-language-for-alternatives=\"en\" data-language-to-translate-into=\"de\" data-phrase-index=\"9\" data-number-of-phrases=\"18\"><strong>Sana<\/strong>: Luo ammattilaatuisia tekstiasiakirjoja hetkess\u00e4.<\/span><\/span><\/li>\n<li class=\"J0lOec\"><span class=\"VIiyi\" lang=\"en\"><span class=\"JLqJ4b ChMk0b\" data-language-for-alternatives=\"en\" data-language-to-translate-into=\"de\" data-phrase-index=\"11\" data-number-of-phrases=\"18\"><strong>Excel<\/strong>: \u00c4lyk\u00e4s taulukkolaskentaohjelma tiedonhallintaa varten.<\/span><\/span><\/li>\n<li class=\"J0lOec\"><span class=\"VIiyi\" lang=\"en\"><span class=\"JLqJ4b ChMk0b\" data-language-for-alternatives=\"en\" data-language-to-translate-into=\"de\" data-phrase-index=\"13\" data-number-of-phrases=\"18\"><strong>PowerPoint<\/strong>: Luo vaikuttavia dynaamisia esityksi\u00e4.<\/span><\/span><\/li>\n<li class=\"J0lOec\"><span class=\"VIiyi\" lang=\"en\"><span class=\"JLqJ4b ChMk0b\" data-language-for-alternatives=\"en\" data-language-to-translate-into=\"de\" data-phrase-index=\"15\" data-number-of-phrases=\"18\"><strong>OneNote<\/strong>: Digitaalinen muistikirjasi.<\/span><\/span><\/li>\n<li class=\"J0lOec\"><span class=\"VIiyi\" lang=\"en\"><span class=\"JLqJ4b ChMk0b\" data-language-for-alternatives=\"en\" data-language-to-translate-into=\"de\" data-phrase-index=\"17\" data-number-of-phrases=\"18\"><strong>Outlook<\/strong>: Viestint\u00e4 on tehty helpoksi.<\/span><\/span><\/li>\n<li><strong>Julkaisija<\/strong>: Asettelun luominen ammattijulkaisuja varten<\/li>\n<li><strong>P\u00e4\u00e4sy<\/strong>: Tietokantaohjelmointi selainpohjaisia sovelluksia varten<\/li>\n<li><strong>Microsoft Teams<\/strong>: Lis\u00e4\u00e4 tuottavuutta pikaviestien ja HD-videoneuvottelujen avulla (saatavana erillisen\u00e4 latauksena).<\/li>\n<\/ul>\n<p>HUOMAUTUS: Microsoft ei en\u00e4\u00e4 niputa Teams-lisenssi\u00e4 Office-tuotteiden kanssa, koska <a href=\"https:\/\/blogs.microsoft.com\/eupolicy\/2023\/08\/31\/european-competition-teams-office-microsoft-365\/\" target=\"_blank\">Euroopan komission tutkimus<\/a>. Voit <a href=\"https:\/\/www.microsoft.com\/en-us\/microsoft-teams\/download-app\" target=\"_blank\">lataa Joukkueet<\/a> k\u00e4ytett\u00e4v\u00e4ksi ilmaisella tai maksullisella lisenssill\u00e4 (erillinen osto) tarpeidesi mukaan.<br \/>\n<strong style=\"font-size: 24pt\">Microsoft Visio 2024 Professional<\/strong><\/p>\n<p>With Microsoft Visio 2024, it&#8217;s easier than ever for individuals and teams to create and share professional and versatile diagrams for all needs. It includes updated shapes, templates, and styles, as well as a new intuitive search bar and an updated look and feel that offers a familiar user experience aligned with other Office applications.<\/p>\n<p>In Microsoft Visio 2024, you&#8217;ll still find all the features you&#8217;re used to, and you&#8217;ll get some new ones:<\/p>\n<ul>\n<li>Microsoft Visio 2024 has even more shapes, stencils, and templates to help you create your diagrams in less time.<\/li>\n<li>An updated look with a modern transparency effect applied behind the canvas and menus gives Visio 2024 a more modern and sleek look.<\/li>\n<li>Visio 2024 features the new new theme and color scheme of Office 2024, including Dark Mode, a customizable interface and enhancements for accessibility.<\/li>\n<li>Search in Visio is now available in the title bar, making it more accessible.<\/li>\n<li>Enhanced Process Analysis Tools such as Dynamic Blocks for analyzing business processes and visualizing data flows<\/li>\n<\/ul>\n<p><strong>Apu ja tuki:<\/strong><\/p>\n<p>Jos sinulla on kysytt\u00e4v\u00e4\u00e4, ota rohkeasti yhteytt\u00e4 meihin. <a href=\"mailto:support@arturo.winandoffice.com\" target=\"_blank\" rel=\"noopener\">s\u00e4hk\u00f6postitse<\/a>\u00a0Asiakaspalvelumme ja tukemme on k\u00e4ytett\u00e4viss\u00e4 7 p\u00e4iv\u00e4\u00e4 viikossa, 24 tuntia vuorokaudessa.<\/p>\n<\/div>\n<\/div>\n<\/div>\n<\/div>\n<\/div>","protected":false},"excerpt":{"rendered":"<ul>\n<li>Microsoft Office 2021 Professional Plus -lisenssi 3 laitteelle<\/li>\n<li>Microsoft Visio 2024 Professional license for 3 devices<\/li>\n<li><strong>T\u00e4ll\u00e4 lisenssill\u00e4 ohjelmisto voidaan aktivoida kolmessa eri laitteessa, esim. kotitietokoneessa, kannettavassa tietokoneessa ja ty\u00f6tietokoneessa.<\/strong><\/li>\n<li>Versio 32- ja 64-bittisille j\u00e4rjestelmille, t\u00e4ydet rajoittamattomat versiot ohjelmistosta.<\/li>\n<li>Toimitus s\u00e4hk\u00f6postitse: tuoteavain, ohjeet, latauslinkit, lasku.<\/li>\n<li>Pikalataus!<\/li>\n<li>Ei aikarajoitusta, ei tilausta<\/li>\n<li>Ilmainen tuki 24\/7 asennukseen ja aktivointiin liittyviss\u00e4 kysymyksiss\u00e4<\/li>\n<li>Ei toimitusta tietovarastossa (USB, CD jne.).<\/li>\n<li>Aktivointi verkossa ja puhelimitse<\/li>\n<li>Kielet: <strong>Englanti<\/strong>, espanja, italia, saksa, ranska<\/li>\n<li><strong><span style=\"color: #008000\"> T\u00e4m\u00e4 tuote on yhteensopiva Microsoft Windowsin kanssa.<\/span><\/strong><\/li>\n<li><strong><span style=\"color: #ff0000\">NOT compatible with Apple macOS\u2122, Apple Processors, Parallels for Mac, Android devices and Chromebooks.<\/span><\/strong><\/li>\n<\/ul>","protected":false},"featured_media":100000119725,"comment_status":"closed","ping_status":"closed","template":"","meta":{"_acf_changed":false},"product_brand":[],"product_cat":[154,156,289],"product_tag":[281,158],"class_list":{"0":"post-119789","1":"product","2":"type-product","3":"status-publish","4":"has-post-thumbnail","6":"product_cat-microsoft-office","7":"product_cat-popular","8":"product_cat-visio","9":"product_tag-281","10":"product_tag-ms-office","12":"first","13":"instock","14":"sale","15":"featured","16":"virtual","17":"taxable","18":"purchasable","19":"product-type-simple"},"yoast_head":"<!-- This site is optimized with the Yoast SEO plugin v26.7 - https:\/\/yoast.com\/wordpress\/plugins\/seo\/ -->\n<title>Microsoft Office 2021 Professional Plus + Microsoft Visio 2024 Professional License for 3 PC - Arturo Card Shop<\/title>\n<meta name=\"robots\" content=\"index, follow, max-snippet:-1, max-image-preview:large, max-video-preview:-1\" \/>\n<link rel=\"canonical\" href=\"https:\/\/arturo.winandoffice.com\/fi\/produkt\/microsoft-office-2021-professional-plus-microsoft-visio-2024-professional-license-for-3-devices\/\" \/>\n<meta property=\"og:locale\" content=\"fi_FI\" \/>\n<meta property=\"og:type\" content=\"article\" \/>\n<meta property=\"og:title\" content=\"Microsoft Office 2021 Professional Plus + Microsoft Visio 2024 Professional License for 3 PC - Arturo Card Shop\" \/>\n<meta property=\"og:description\" content=\"Microsoft Office 2021 Professional Plus license for 3 devices  Microsoft Visio 2024 Professional license for 3 devices  With this license, the software can be activated on 3 different devices, e.g. home PC, notebook and work PC.  Version for 32 and 64 bit systems, full unlimited versions of software  Delivery by email: product key, instructions, download links, invoice  Instant download!  No time limit, no subscription  Free support 24\/7 for issues with installation and activation  No delivery on data storage (USB, CD, etc.)  Activation online and by phone  Languages: English, Spanish, Italian, German, French   This product is compatible with Microsoft Windows.  NOT compatible with Apple macOS\u2122, Apple Processors, Parallels for Mac, Android devices and Chromebooks.\" \/>\n<meta property=\"og:url\" content=\"https:\/\/arturo.winandoffice.com\/fi\/produkt\/microsoft-office-2021-professional-plus-microsoft-visio-2024-professional-license-for-3-devices\/\" \/>\n<meta property=\"og:site_name\" content=\"Arturo Card Shop\" \/>\n<meta property=\"article:publisher\" content=\"https:\/\/www.facebook.com\/Gamecardshopdotcom\" \/>\n<meta property=\"article:modified_time\" content=\"2025-09-03T20:39:31+00:00\" \/>\n<meta name=\"twitter:card\" content=\"summary_large_image\" \/>\n<meta name=\"twitter:site\" content=\"@gamecardshop_\" \/>\n<meta name=\"twitter:label1\" content=\"Arvioitu lukuaika\" \/>\n\t<meta name=\"twitter:data1\" content=\"2 minuuttia\" \/>\n<script type=\"application\/ld+json\" class=\"yoast-schema-graph\">{\"@context\":\"https:\/\/schema.org\",\"@graph\":[{\"@type\":\"WebPage\",\"@id\":\"https:\/\/arturo.winandoffice.com\/produkt\/microsoft-office-2021-professional-plus-microsoft-visio-2024-professional-license-for-3-devices\/\",\"url\":\"https:\/\/arturo.winandoffice.com\/produkt\/microsoft-office-2021-professional-plus-microsoft-visio-2024-professional-license-for-3-devices\/\",\"name\":\"Microsoft Office 2021 Professional Plus + Microsoft Visio 2024 Professional License for 3 PC - Arturo Card Shop\",\"isPartOf\":{\"@id\":\"https:\/\/arturo.winandoffice.com\/es\/#website\"},\"primaryImageOfPage\":{\"@id\":\"https:\/\/arturo.winandoffice.com\/produkt\/microsoft-office-2021-professional-plus-microsoft-visio-2024-professional-license-for-3-devices\/#primaryimage\"},\"image\":{\"@id\":\"https:\/\/arturo.winandoffice.com\/produkt\/microsoft-office-2021-professional-plus-microsoft-visio-2024-professional-license-for-3-devices\/#primaryimage\"},\"thumbnailUrl\":\"https:\/\/arturo.winandoffice.com\/wp-content\/uploads\/2024\/11\/O21PPV24P.jpg\",\"datePublished\":\"2024-11-03T16:02:21+00:00\",\"dateModified\":\"2025-09-03T20:39:31+00:00\",\"breadcrumb\":{\"@id\":\"https:\/\/arturo.winandoffice.com\/produkt\/microsoft-office-2021-professional-plus-microsoft-visio-2024-professional-license-for-3-devices\/#breadcrumb\"},\"inLanguage\":\"fi\",\"potentialAction\":[{\"@type\":\"ReadAction\",\"target\":[\"https:\/\/arturo.winandoffice.com\/produkt\/microsoft-office-2021-professional-plus-microsoft-visio-2024-professional-license-for-3-devices\/\"]}]},{\"@type\":\"ImageObject\",\"inLanguage\":\"fi\",\"@id\":\"https:\/\/arturo.winandoffice.com\/produkt\/microsoft-office-2021-professional-plus-microsoft-visio-2024-professional-license-for-3-devices\/#primaryimage\",\"url\":\"https:\/\/arturo.winandoffice.com\/wp-content\/uploads\/2024\/11\/O21PPV24P.jpg\",\"contentUrl\":\"https:\/\/arturo.winandoffice.com\/wp-content\/uploads\/2024\/11\/O21PPV24P.jpg\"},{\"@type\":\"BreadcrumbList\",\"@id\":\"https:\/\/arturo.winandoffice.com\/produkt\/microsoft-office-2021-professional-plus-microsoft-visio-2024-professional-license-for-3-devices\/#breadcrumb\",\"itemListElement\":[{\"@type\":\"ListItem\",\"position\":1,\"name\":\"Home\",\"item\":\"https:\/\/arturo.winandoffice.com\/\"},{\"@type\":\"ListItem\",\"position\":2,\"name\":\"Shop\",\"item\":\"https:\/\/arturo.winandoffice.com\/shop\/\"},{\"@type\":\"ListItem\",\"position\":3,\"name\":\"Microsoft Office 2021 Professional Plus + Microsoft Visio 2024 Professional License for 3 PC\"}]},{\"@type\":\"WebSite\",\"@id\":\"https:\/\/arturo.winandoffice.com\/es\/#website\",\"url\":\"https:\/\/arturo.winandoffice.com\/es\/\",\"name\":\"Arturo Card Shop\",\"description\":\"Buy your office\",\"publisher\":{\"@id\":\"https:\/\/arturo.winandoffice.com\/es\/#organization\"},\"potentialAction\":[{\"@type\":\"SearchAction\",\"target\":{\"@type\":\"EntryPoint\",\"urlTemplate\":\"https:\/\/arturo.winandoffice.com\/es\/?s={search_term_string}\"},\"query-input\":{\"@type\":\"PropertyValueSpecification\",\"valueRequired\":true,\"valueName\":\"search_term_string\"}}],\"inLanguage\":\"fi\"},{\"@type\":\"Organization\",\"@id\":\"https:\/\/arturo.winandoffice.com\/es\/#organization\",\"name\":\"Arturo Card Shop\",\"url\":\"https:\/\/arturo.winandoffice.com\/es\/\",\"logo\":{\"@type\":\"ImageObject\",\"inLanguage\":\"fi\",\"@id\":\"https:\/\/arturo.winandoffice.com\/es\/#\/schema\/logo\/image\/\",\"url\":\"https:\/\/arturo.winandoffice.com\/wp-content\/uploads\/2022\/10\/logo.png\",\"contentUrl\":\"https:\/\/arturo.winandoffice.com\/wp-content\/uploads\/2022\/10\/logo.png\",\"width\":1710,\"height\":175,\"caption\":\"Arturo Card Shop\"},\"image\":{\"@id\":\"https:\/\/arturo.winandoffice.com\/es\/#\/schema\/logo\/image\/\"},\"sameAs\":[\"https:\/\/www.facebook.com\/Gamecardshopdotcom\",\"https:\/\/x.com\/gamecardshop_\",\"https:\/\/www.youtube.com\/@gamecardshop\",\"https:\/\/www.youtube.com\/@arturo.winandoffice.com_\",\"https:\/\/de.trustpilot.com\/review\/arturo.winandoffice.com\",\"https:\/\/www.provenexpert.com\/game-card-shop\/\",\"https:\/\/www.tiktok.com\/@arturo.winandoffice.com\",\"https:\/\/www.shopauskunft.de\/review\/arturo.winandoffice.com\",\"https:\/\/www.ausgezeichnet.org\/bewertungen-arturo.winandoffice.com-HNVDH\",\"https:\/\/www.trustedshops.eu\/buyerrating\/info_X93C3F0168B7533F969FC6C787543C130.html\"]}]}<\/script>\n<!-- \/ Yoast SEO plugin. -->","yoast_head_json":{"title":"Microsoft Office 2021 Professional Plus + Microsoft Visio 2024 Professional License for 3 PC - Arturo Card Shop","robots":{"index":"index","follow":"follow","max-snippet":"max-snippet:-1","max-image-preview":"max-image-preview:large","max-video-preview":"max-video-preview:-1"},"canonical":"https:\/\/arturo.winandoffice.com\/fi\/produkt\/microsoft-office-2021-professional-plus-microsoft-visio-2024-professional-license-for-3-devices\/","og_locale":"fi_FI","og_type":"article","og_title":"Microsoft Office 2021 Professional Plus + Microsoft Visio 2024 Professional License for 3 PC - Arturo Card Shop","og_description":"Microsoft Office 2021 Professional Plus license for 3 devices  Microsoft Visio 2024 Professional license for 3 devices  With this license, the software can be activated on 3 different devices, e.g. home PC, notebook and work PC.  Version for 32 and 64 bit systems, full unlimited versions of software  Delivery by email: product key, instructions, download links, invoice  Instant download!  No time limit, no subscription  Free support 24\/7 for issues with installation and activation  No delivery on data storage (USB, CD, etc.)  Activation online and by phone  Languages: English, Spanish, Italian, German, French   This product is compatible with Microsoft Windows.  NOT compatible with Apple macOS\u2122, Apple Processors, Parallels for Mac, Android devices and Chromebooks.","og_url":"https:\/\/arturo.winandoffice.com\/fi\/produkt\/microsoft-office-2021-professional-plus-microsoft-visio-2024-professional-license-for-3-devices\/","og_site_name":"Arturo Card Shop","article_publisher":"https:\/\/www.facebook.com\/Gamecardshopdotcom","article_modified_time":"2025-09-03T20:39:31+00:00","twitter_card":"summary_large_image","twitter_site":"@gamecardshop_","twitter_misc":{"Arvioitu lukuaika":"2 minuuttia"},"schema":{"@context":"https:\/\/schema.org","@graph":[{"@type":"WebPage","@id":"https:\/\/arturo.winandoffice.com\/produkt\/microsoft-office-2021-professional-plus-microsoft-visio-2024-professional-license-for-3-devices\/","url":"https:\/\/arturo.winandoffice.com\/produkt\/microsoft-office-2021-professional-plus-microsoft-visio-2024-professional-license-for-3-devices\/","name":"Microsoft Office 2021 Professional Plus + Microsoft Visio 2024 Professional License for 3 PC - Arturo Card Shop","isPartOf":{"@id":"https:\/\/arturo.winandoffice.com\/es\/#website"},"primaryImageOfPage":{"@id":"https:\/\/arturo.winandoffice.com\/produkt\/microsoft-office-2021-professional-plus-microsoft-visio-2024-professional-license-for-3-devices\/#primaryimage"},"image":{"@id":"https:\/\/arturo.winandoffice.com\/produkt\/microsoft-office-2021-professional-plus-microsoft-visio-2024-professional-license-for-3-devices\/#primaryimage"},"thumbnailUrl":"https:\/\/arturo.winandoffice.com\/wp-content\/uploads\/2024\/11\/O21PPV24P.jpg","datePublished":"2024-11-03T16:02:21+00:00","dateModified":"2025-09-03T20:39:31+00:00","breadcrumb":{"@id":"https:\/\/arturo.winandoffice.com\/produkt\/microsoft-office-2021-professional-plus-microsoft-visio-2024-professional-license-for-3-devices\/#breadcrumb"},"inLanguage":"fi","potentialAction":[{"@type":"ReadAction","target":["https:\/\/arturo.winandoffice.com\/produkt\/microsoft-office-2021-professional-plus-microsoft-visio-2024-professional-license-for-3-devices\/"]}]},{"@type":"ImageObject","inLanguage":"fi","@id":"https:\/\/arturo.winandoffice.com\/produkt\/microsoft-office-2021-professional-plus-microsoft-visio-2024-professional-license-for-3-devices\/#primaryimage","url":"https:\/\/arturo.winandoffice.com\/wp-content\/uploads\/2024\/11\/O21PPV24P.jpg","contentUrl":"https:\/\/arturo.winandoffice.com\/wp-content\/uploads\/2024\/11\/O21PPV24P.jpg"},{"@type":"BreadcrumbList","@id":"https:\/\/arturo.winandoffice.com\/produkt\/microsoft-office-2021-professional-plus-microsoft-visio-2024-professional-license-for-3-devices\/#breadcrumb","itemListElement":[{"@type":"ListItem","position":1,"name":"Home","item":"https:\/\/arturo.winandoffice.com\/"},{"@type":"ListItem","position":2,"name":"Shop","item":"https:\/\/arturo.winandoffice.com\/shop\/"},{"@type":"ListItem","position":3,"name":"Microsoft Office 2021 Professional Plus + Microsoft Visio 2024 Professional License for 3 PC"}]},{"@type":"WebSite","@id":"https:\/\/arturo.winandoffice.com\/es\/#website","url":"https:\/\/arturo.winandoffice.com\/es\/","name":"Arturo Card Shop","description":"Osta toimistosi","publisher":{"@id":"https:\/\/arturo.winandoffice.com\/es\/#organization"},"potentialAction":[{"@type":"SearchAction","target":{"@type":"EntryPoint","urlTemplate":"https:\/\/arturo.winandoffice.com\/es\/?s={search_term_string}"},"query-input":{"@type":"PropertyValueSpecification","valueRequired":true,"valueName":"search_term_string"}}],"inLanguage":"fi"},{"@type":"Organization","@id":"https:\/\/arturo.winandoffice.com\/es\/#organization","name":"Arturo Card Shop","url":"https:\/\/arturo.winandoffice.com\/es\/","logo":{"@type":"ImageObject","inLanguage":"fi","@id":"https:\/\/arturo.winandoffice.com\/es\/#\/schema\/logo\/image\/","url":"https:\/\/arturo.winandoffice.com\/wp-content\/uploads\/2022\/10\/logo.png","contentUrl":"https:\/\/arturo.winandoffice.com\/wp-content\/uploads\/2022\/10\/logo.png","width":1710,"height":175,"caption":"Arturo Card Shop"},"image":{"@id":"https:\/\/arturo.winandoffice.com\/es\/#\/schema\/logo\/image\/"},"sameAs":["https:\/\/www.facebook.com\/Gamecardshopdotcom","https:\/\/x.com\/gamecardshop_","https:\/\/www.youtube.com\/@gamecardshop","https:\/\/www.youtube.com\/@arturo.winandoffice.com_","https:\/\/de.trustpilot.com\/review\/arturo.winandoffice.com","https:\/\/www.provenexpert.com\/game-card-shop\/","https:\/\/www.tiktok.com\/@arturo.winandoffice.com","https:\/\/www.shopauskunft.de\/review\/arturo.winandoffice.com","https:\/\/www.ausgezeichnet.org\/bewertungen-arturo.winandoffice.com-HNVDH","https:\/\/www.trustedshops.eu\/buyerrating\/info_X93C3F0168B7533F969FC6C787543C130.html"]}]}},"acf":[],"_links":{"self":[{"href":"https:\/\/arturo.winandoffice.com\/fi\/wp-json\/wp\/v2\/product\/119789","targetHints":{"allow":["GET"]}}],"collection":[{"href":"https:\/\/arturo.winandoffice.com\/fi\/wp-json\/wp\/v2\/product"}],"about":[{"href":"https:\/\/arturo.winandoffice.com\/fi\/wp-json\/wp\/v2\/types\/product"}],"replies":[{"embeddable":true,"href":"https:\/\/arturo.winandoffice.com\/fi\/wp-json\/wp\/v2\/comments?post=119789"}],"wp:featuredmedia":[{"embeddable":true,"href":"https:\/\/arturo.winandoffice.com\/fi\/wp-json\/"}],"wp:attachment":[{"href":"https:\/\/arturo.winandoffice.com\/fi\/wp-json\/wp\/v2\/media?parent=119789"}],"wp:term":[{"taxonomy":"product_brand","embeddable":true,"href":"https:\/\/arturo.winandoffice.com\/fi\/wp-json\/wp\/v2\/product_brand?post=119789"},{"taxonomy":"product_cat","embeddable":true,"href":"https:\/\/arturo.winandoffice.com\/fi\/wp-json\/wp\/v2\/product_cat?post=119789"},{"taxonomy":"product_tag","embeddable":true,"href":"https:\/\/arturo.winandoffice.com\/fi\/wp-json\/wp\/v2\/product_tag?post=119789"}],"curies":[{"name":"wp","href":"https:\/\/api.w.org\/{rel}","templated":true}]}}