{"id":115975,"date":"2024-06-25T17:22:26","date_gmt":"2024-06-25T16:22:26","guid":{"rendered":"https:\/\/arturo.winandoffice.com\/?post_type=product&#038;p=115975"},"modified":"2025-09-03T21:54:17","modified_gmt":"2025-09-03T20:54:17","slug":"microsoft-office-2024-pro-plus-windows-11-pro","status":"publish","type":"product","link":"https:\/\/arturo.winandoffice.com\/fi\/produkt\/microsoft-office-2024-pro-plus-windows-11-pro\/","title":{"rendered":"Microsoft Office 2024 Professional Plus + Microsoft Windows 11 Professional License for 3 PC"},"content":{"rendered":"<div class=\"wpb-content-wrapper\"><div class=\"vc_row wpb_row vc_row-fluid\" style=\"background-position: None!important;  \"><div class=\"wpb_column vc_column_container vc_col-sm-12\"><div class=\"vc_column-inner\"><div class=\"wpb_wrapper\">\n\t<div class=\"wpb_text_column wpb_content_element\" >\n\t\t<div class=\"wpb_wrapper\">\n\t\t\t<h3>Microsoft Office Office 2024 Professional Plus<\/h3>\n<div style=\"margin-bottom: 15px;\"><strong>T\u00e4ll\u00e4 lisenssill\u00e4 ohjelmisto voidaan aktivoida kolmessa eri laitteessa, esim. kotitietokoneessa, kannettavassa tietokoneessa ja ty\u00f6tietokoneessa.<\/strong><\/div>\n<div style=\"margin-bottom: 15px;\">Microsoft Office-k\u00e4ytt\u00e4j\u00e4t, jotka k\u00e4ytt\u00e4v\u00e4t kaikkia sovelluksia kotona tai toimistossa, ovat hyvin neuvoteltuja Microsoft Office 2024 Professional Plus Editionin kanssa. Kaikki t\u00e4rke\u00e4t ohjelmat ovat mukana: (Publisher ei en\u00e4\u00e4 sis\u00e4lly, koska se poistuu k\u00e4yt\u00f6st\u00e4 vuonna 2026). OneNote on nyt ladattavissa Microsoft Windows Storesta, joten voit tehd\u00e4 muistiinpanoja nopeasti ja asettaa ne saataville kaikkiin laitteisiin pilven kautta. Erilaisten ohjelmien laajan valikoiman vuoksi Professional Plus -versio on suunnattu ensisijaisesti henkil\u00f6ille, jotka ty\u00f6skentelev\u00e4t kotona, kotitoimistossa tai jotka etsiv\u00e4t toimistosta tehokasta ja luotettavaa ratkaisua asiakirjojen, taulukoiden jne. j\u00e4rjest\u00e4miseen.<\/div>\n<ul>\n<li><strong>Sana<\/strong>: Luo ammattilaatuisia tekstiasiakirjoja hetkess\u00e4.<\/li>\n<li><strong>Excel<\/strong>: \u00c4lyk\u00e4s taulukkolaskentaohjelma tiedonhallintaa varten.<\/li>\n<li><strong>PowerPoint<\/strong>: Luo vaikuttavia dynaamisia esityksi\u00e4.<\/li>\n<li><strong>OneNote<\/strong>: Digitaalinen muistikirjasi.<\/li>\n<li><strong>Outlook<\/strong>: Viestint\u00e4 on tehty helpoksi.<\/li>\n<li><strong>P\u00e4\u00e4sy<\/strong>: Tietokantaohjelmointi selainpohjaisia sovelluksia varten<\/li>\n<\/ul>\n<p><strong>Important note:<\/strong> This version of Office does <strong>NOT<\/strong> include <strong>Teams!<\/strong><\/p>\n<div>\n<p><strong>K\u00e4ytt\u00f6j\u00e4rjestelm\u00e4vaatimus: Microsoft Windows 10 tai 11<\/strong><\/p>\n<\/div>\n<hr>\n<h3><strong>Microsoft Windows 11 Professional<\/strong><\/h3>\n<p>Koe nykyaikaisen tietotekniikan huippu Microsoft Windows 11 Professionalin avulla. T\u00e4ss\u00e4 k\u00e4ytt\u00f6j\u00e4rjestelm\u00e4ss\u00e4 yhdistyv\u00e4t tyylik\u00e4s muotoilu ja tehokas suorituskyky, mik\u00e4 tarjoaa saumattoman ja turvallisen ty\u00f6- ja leikkiymp\u00e4rist\u00f6n. Microsoft Windows 11 Professional on suunniteltu auttamaan sinua saavuttamaan enemm\u00e4n uusilla ominaisuuksilla ja parannuksilla, jotka lis\u00e4\u00e4v\u00e4t tuottavuutta ja liitett\u00e4vyytt\u00e4.<\/p>\n<p><strong>Microsoft Windows 11 Professionalin t\u00e4rkeimm\u00e4t ominaisuudet:<\/strong><\/p>\n<ul>\n<li><strong>Intuitiivinen k\u00e4ytt\u00f6liittym\u00e4:<\/strong> Raikas ja selke\u00e4 muotoilu, joka lis\u00e4\u00e4 tuottavuuttasi.<\/li>\n<li><strong>Parempi suorituskyky:<\/strong> Nopeammat k\u00e4ynnistymisajat, tehokas resurssienhallinta ja parempi tietoturva.<\/li>\n<li><strong>Virtuaaliset ty\u00f6p\u00f6yd\u00e4t:<\/strong> J\u00e4rjest\u00e4 ty\u00f6tilasi helposti useilla ty\u00f6p\u00f6ydill\u00e4.<\/li>\n<li><strong>Snap-asettelut ja ryhm\u00e4t:<\/strong> J\u00e4rjest\u00e4 ja hallitse helposti avoimia ikkunoita monitoimity\u00f6t\u00e4 varten.<\/li>\n<li><strong>Integrointi Microsoft-tiimien kanssa:<\/strong> Pid\u00e4 yhteytt\u00e4 sis\u00e4\u00e4nrakennettujen chat- ja videoneuvotteluty\u00f6kalujen avulla.<\/li>\n<li><strong>Kehittynyt turvallisuus:<\/strong> Suojaa tietosi uusimmilla tietoturvaominaisuuksilla.<\/li>\n<\/ul>\n<p>With an upgrade to&nbsp; Microsoft Windows 11 Professional, you can unlock the full potential of your PC, whether you&#8217;re working at home, in the office, or on the go.<\/p>\n<hr>\n<p>T\u00e4ll\u00e4 ainutlaatuisella yhdistelm\u00e4ll\u00e4 saat t\u00e4ydellisen tuottavuuspaketin ja edistyksellisimm\u00e4n k\u00e4ytt\u00f6j\u00e4rjestelm\u00e4n. Nauti Microsoft Office 2024 Professional Plus -tietokoneen huipputason ominaisuuksista ja innovaatioista yhdistettyn\u00e4 Microsoft Windows 11 Professionalin ohueen muotoiluun ja tehokkaaseen suorituskykyyn. \u00c4l\u00e4 missaa tilaisuutta p\u00e4ivitt\u00e4\u00e4 ja maksimoida tuottavuutesi!<\/p>\n<p><strong>Apu ja tuki:<\/strong><\/p>\n<p>Jos sinulla on kysytt\u00e4v\u00e4\u00e4, ota rohkeasti yhteytt\u00e4 meihin. <a href=\"mailto:support@arturo.winandoffice.com\" target=\"_blank\" rel=\"noopener\">s\u00e4hk\u00f6postitse<\/a>.&nbsp;Our customer service and support is available 7 days a week, 24 hours a day.<\/p>\n\n\t\t<\/div>\n\t<\/div>\n<\/div><\/div><\/div><\/div>\n<\/div>","protected":false},"excerpt":{"rendered":"<ul>\n<li>Microsoft Office 2024 Professional Plus -lisenssi 3 laitteelle.<\/li>\n<li>Microsoft Windows 11 Professional -lisenssi 3 laitteelle<\/li>\n<li><strong>T\u00e4ll\u00e4 lisenssill\u00e4 ohjelmisto voidaan aktivoida kolmessa eri laitteessa, esim. kotitietokoneessa, kannettavassa tietokoneessa ja ty\u00f6tietokoneessa.<\/strong><\/li>\n<li>Versio 32- ja 64-bittisille j\u00e4rjestelmille, t\u00e4ydet rajoittamattomat versiot ohjelmistosta. <strong>sertifioidulta Microsoft Gold Partnerilta<\/strong><\/li>\n<li><strong>Elinik\u00e4inen vaihtotakuu!<\/strong><\/li>\n<li>Toimitus s\u00e4hk\u00f6postitse: tuoteavain, ohjeet, latauslinkit, lasku.<\/li>\n<li>Pikalataus!<\/li>\n<li>Ei aikarajoitusta, ei tilausta<\/li>\n<li>Ilmainen tuki 24\/7 asennukseen ja aktivointiin liittyviss\u00e4 kysymyksiss\u00e4<\/li>\n<li>Ei toimitusta tietovarastossa (USB, CD jne.).<\/li>\n<li>Aktivointi verkossa ja puhelimitse<\/li>\n<li>Kielet: Englanti, espanja, italia, saksa, ranska<\/li>\n<li><strong><span style=\"color: #008000;\"> T\u00e4m\u00e4 tuote on yhteensopiva Microsoft Windowsin kanssa.<\/span><\/strong><\/li>\n<li><strong><span style=\"color: #ff0000;\">NOT compatible with Apple macOS\u2122, Apple Processors, Parallels for Mac, Android devices and Chromebooks.<\/span><\/strong><\/li>\n<\/ul>","protected":false},"featured_media":100000116570,"comment_status":"closed","ping_status":"closed","template":"","meta":{"_acf_changed":false},"product_brand":[],"product_cat":[154,280],"product_tag":[281,158],"class_list":{"0":"post-115975","1":"product","2":"type-product","3":"status-publish","4":"has-post-thumbnail","6":"product_cat-microsoft-office","7":"product_cat-280","8":"product_tag-281","9":"product_tag-ms-office","11":"first","12":"instock","13":"featured","14":"virtual","15":"taxable","16":"purchasable","17":"product-type-simple"},"yoast_head":"<!-- This site is optimized with the Yoast SEO plugin v26.7 - https:\/\/yoast.com\/wordpress\/plugins\/seo\/ -->\n<title>Microsoft Office 2024 Professional Plus + Microsoft Windows 11 Professional License for 3 PC - Arturo Card Shop<\/title>\n<meta name=\"robots\" content=\"index, follow, max-snippet:-1, max-image-preview:large, max-video-preview:-1\" \/>\n<link rel=\"canonical\" href=\"https:\/\/arturo.winandoffice.com\/fi\/produkt\/microsoft-office-2024-pro-plus-windows-11-pro\/\" \/>\n<meta property=\"og:locale\" content=\"fi_FI\" \/>\n<meta property=\"og:type\" content=\"article\" \/>\n<meta property=\"og:title\" content=\"Microsoft Office 2024 Professional Plus + Microsoft Windows 11 Professional License for 3 PC - Arturo Card Shop\" \/>\n<meta property=\"og:description\" content=\"Microsoft Office 2024 Professional Plus license for 3 devices  Microsoft Windows 11 Professional license for 3 devices  With this license the software can be activated on 3 different devices, e.g. home PC, notebook and work PC.  Version for 32 and 64 bit systems, full unlimited versions of software from certified Microsoft Gold Partner  Lifetime Replacement Warranty!  Delivery by email: product key, instructions, download links, invoice  Instant download!  No time limit, no subscription  Free support 24\/7 for issues with installation and activation  No delivery on data storage (USB, CD, etc.)  Activation online and by phone  Languages: English, Spanish, Italian, German, French   This product is compatible with Microsoft Windows.  NOT compatible with Apple macOS\u2122, Apple Processors, Parallels for Mac, Android devices and Chromebooks.\" \/>\n<meta property=\"og:url\" content=\"https:\/\/arturo.winandoffice.com\/fi\/produkt\/microsoft-office-2024-pro-plus-windows-11-pro\/\" \/>\n<meta property=\"og:site_name\" content=\"Arturo Card Shop\" \/>\n<meta property=\"article:publisher\" content=\"https:\/\/www.facebook.com\/Gamecardshopdotcom\" \/>\n<meta property=\"article:modified_time\" content=\"2025-09-03T20:54:17+00:00\" \/>\n<meta name=\"twitter:card\" content=\"summary_large_image\" \/>\n<meta name=\"twitter:site\" content=\"@gamecardshop_\" \/>\n<meta name=\"twitter:label1\" content=\"Arvioitu lukuaika\" \/>\n\t<meta name=\"twitter:data1\" content=\"3 minuuttia\" \/>\n<script type=\"application\/ld+json\" class=\"yoast-schema-graph\">{\"@context\":\"https:\/\/schema.org\",\"@graph\":[{\"@type\":\"WebPage\",\"@id\":\"https:\/\/arturo.winandoffice.com\/produkt\/microsoft-office-2024-pro-plus-windows-11-pro\/\",\"url\":\"https:\/\/arturo.winandoffice.com\/produkt\/microsoft-office-2024-pro-plus-windows-11-pro\/\",\"name\":\"Microsoft Office 2024 Professional Plus + Microsoft Windows 11 Professional License for 3 PC - Arturo Card Shop\",\"isPartOf\":{\"@id\":\"https:\/\/arturo.winandoffice.com\/es\/#website\"},\"primaryImageOfPage\":{\"@id\":\"https:\/\/arturo.winandoffice.com\/produkt\/microsoft-office-2024-pro-plus-windows-11-pro\/#primaryimage\"},\"image\":{\"@id\":\"https:\/\/arturo.winandoffice.com\/produkt\/microsoft-office-2024-pro-plus-windows-11-pro\/#primaryimage\"},\"thumbnailUrl\":\"https:\/\/arturo.winandoffice.com\/wp-content\/uploads\/2024\/06\/W11PO24PP.jpg\",\"datePublished\":\"2024-06-25T16:22:26+00:00\",\"dateModified\":\"2025-09-03T20:54:17+00:00\",\"breadcrumb\":{\"@id\":\"https:\/\/arturo.winandoffice.com\/produkt\/microsoft-office-2024-pro-plus-windows-11-pro\/#breadcrumb\"},\"inLanguage\":\"fi\",\"potentialAction\":[{\"@type\":\"ReadAction\",\"target\":[\"https:\/\/arturo.winandoffice.com\/produkt\/microsoft-office-2024-pro-plus-windows-11-pro\/\"]}]},{\"@type\":\"ImageObject\",\"inLanguage\":\"fi\",\"@id\":\"https:\/\/arturo.winandoffice.com\/produkt\/microsoft-office-2024-pro-plus-windows-11-pro\/#primaryimage\",\"url\":\"https:\/\/arturo.winandoffice.com\/wp-content\/uploads\/2024\/06\/W11PO24PP.jpg\",\"contentUrl\":\"https:\/\/arturo.winandoffice.com\/wp-content\/uploads\/2024\/06\/W11PO24PP.jpg\"},{\"@type\":\"BreadcrumbList\",\"@id\":\"https:\/\/arturo.winandoffice.com\/produkt\/microsoft-office-2024-pro-plus-windows-11-pro\/#breadcrumb\",\"itemListElement\":[{\"@type\":\"ListItem\",\"position\":1,\"name\":\"Home\",\"item\":\"https:\/\/arturo.winandoffice.com\/\"},{\"@type\":\"ListItem\",\"position\":2,\"name\":\"Shop\",\"item\":\"https:\/\/arturo.winandoffice.com\/shop\/\"},{\"@type\":\"ListItem\",\"position\":3,\"name\":\"Microsoft Office 2024 Professional Plus + Microsoft Windows 11 Professional License for 3 PC\"}]},{\"@type\":\"WebSite\",\"@id\":\"https:\/\/arturo.winandoffice.com\/es\/#website\",\"url\":\"https:\/\/arturo.winandoffice.com\/es\/\",\"name\":\"Arturo Card Shop\",\"description\":\"Buy your office\",\"publisher\":{\"@id\":\"https:\/\/arturo.winandoffice.com\/es\/#organization\"},\"potentialAction\":[{\"@type\":\"SearchAction\",\"target\":{\"@type\":\"EntryPoint\",\"urlTemplate\":\"https:\/\/arturo.winandoffice.com\/es\/?s={search_term_string}\"},\"query-input\":{\"@type\":\"PropertyValueSpecification\",\"valueRequired\":true,\"valueName\":\"search_term_string\"}}],\"inLanguage\":\"fi\"},{\"@type\":\"Organization\",\"@id\":\"https:\/\/arturo.winandoffice.com\/es\/#organization\",\"name\":\"Arturo Card Shop\",\"url\":\"https:\/\/arturo.winandoffice.com\/es\/\",\"logo\":{\"@type\":\"ImageObject\",\"inLanguage\":\"fi\",\"@id\":\"https:\/\/arturo.winandoffice.com\/es\/#\/schema\/logo\/image\/\",\"url\":\"https:\/\/arturo.winandoffice.com\/wp-content\/uploads\/2022\/10\/logo.png\",\"contentUrl\":\"https:\/\/arturo.winandoffice.com\/wp-content\/uploads\/2022\/10\/logo.png\",\"width\":1710,\"height\":175,\"caption\":\"Arturo Card Shop\"},\"image\":{\"@id\":\"https:\/\/arturo.winandoffice.com\/es\/#\/schema\/logo\/image\/\"},\"sameAs\":[\"https:\/\/www.facebook.com\/Gamecardshopdotcom\",\"https:\/\/x.com\/gamecardshop_\",\"https:\/\/www.youtube.com\/@gamecardshop\",\"https:\/\/www.youtube.com\/@arturo.winandoffice.com_\",\"https:\/\/de.trustpilot.com\/review\/arturo.winandoffice.com\",\"https:\/\/www.provenexpert.com\/game-card-shop\/\",\"https:\/\/www.tiktok.com\/@arturo.winandoffice.com\",\"https:\/\/www.shopauskunft.de\/review\/arturo.winandoffice.com\",\"https:\/\/www.ausgezeichnet.org\/bewertungen-arturo.winandoffice.com-HNVDH\",\"https:\/\/www.trustedshops.eu\/buyerrating\/info_X93C3F0168B7533F969FC6C787543C130.html\"]}]}<\/script>\n<!-- \/ Yoast SEO plugin. -->","yoast_head_json":{"title":"Microsoft Office 2024 Professional Plus + Microsoft Windows 11 Professional License for 3 PC - Arturo Card Shop","robots":{"index":"index","follow":"follow","max-snippet":"max-snippet:-1","max-image-preview":"max-image-preview:large","max-video-preview":"max-video-preview:-1"},"canonical":"https:\/\/arturo.winandoffice.com\/fi\/produkt\/microsoft-office-2024-pro-plus-windows-11-pro\/","og_locale":"fi_FI","og_type":"article","og_title":"Microsoft Office 2024 Professional Plus + Microsoft Windows 11 Professional License for 3 PC - Arturo Card Shop","og_description":"Microsoft Office 2024 Professional Plus license for 3 devices  Microsoft Windows 11 Professional license for 3 devices  With this license the software can be activated on 3 different devices, e.g. home PC, notebook and work PC.  Version for 32 and 64 bit systems, full unlimited versions of software from certified Microsoft Gold Partner  Lifetime Replacement Warranty!  Delivery by email: product key, instructions, download links, invoice  Instant download!  No time limit, no subscription  Free support 24\/7 for issues with installation and activation  No delivery on data storage (USB, CD, etc.)  Activation online and by phone  Languages: English, Spanish, Italian, German, French   This product is compatible with Microsoft Windows.  NOT compatible with Apple macOS\u2122, Apple Processors, Parallels for Mac, Android devices and Chromebooks.","og_url":"https:\/\/arturo.winandoffice.com\/fi\/produkt\/microsoft-office-2024-pro-plus-windows-11-pro\/","og_site_name":"Arturo Card Shop","article_publisher":"https:\/\/www.facebook.com\/Gamecardshopdotcom","article_modified_time":"2025-09-03T20:54:17+00:00","twitter_card":"summary_large_image","twitter_site":"@gamecardshop_","twitter_misc":{"Arvioitu lukuaika":"3 minuuttia"},"schema":{"@context":"https:\/\/schema.org","@graph":[{"@type":"WebPage","@id":"https:\/\/arturo.winandoffice.com\/produkt\/microsoft-office-2024-pro-plus-windows-11-pro\/","url":"https:\/\/arturo.winandoffice.com\/produkt\/microsoft-office-2024-pro-plus-windows-11-pro\/","name":"Microsoft Office 2024 Professional Plus + Microsoft Windows 11 Professional License for 3 PC - Arturo Card Shop","isPartOf":{"@id":"https:\/\/arturo.winandoffice.com\/es\/#website"},"primaryImageOfPage":{"@id":"https:\/\/arturo.winandoffice.com\/produkt\/microsoft-office-2024-pro-plus-windows-11-pro\/#primaryimage"},"image":{"@id":"https:\/\/arturo.winandoffice.com\/produkt\/microsoft-office-2024-pro-plus-windows-11-pro\/#primaryimage"},"thumbnailUrl":"https:\/\/arturo.winandoffice.com\/wp-content\/uploads\/2024\/06\/W11PO24PP.jpg","datePublished":"2024-06-25T16:22:26+00:00","dateModified":"2025-09-03T20:54:17+00:00","breadcrumb":{"@id":"https:\/\/arturo.winandoffice.com\/produkt\/microsoft-office-2024-pro-plus-windows-11-pro\/#breadcrumb"},"inLanguage":"fi","potentialAction":[{"@type":"ReadAction","target":["https:\/\/arturo.winandoffice.com\/produkt\/microsoft-office-2024-pro-plus-windows-11-pro\/"]}]},{"@type":"ImageObject","inLanguage":"fi","@id":"https:\/\/arturo.winandoffice.com\/produkt\/microsoft-office-2024-pro-plus-windows-11-pro\/#primaryimage","url":"https:\/\/arturo.winandoffice.com\/wp-content\/uploads\/2024\/06\/W11PO24PP.jpg","contentUrl":"https:\/\/arturo.winandoffice.com\/wp-content\/uploads\/2024\/06\/W11PO24PP.jpg"},{"@type":"BreadcrumbList","@id":"https:\/\/arturo.winandoffice.com\/produkt\/microsoft-office-2024-pro-plus-windows-11-pro\/#breadcrumb","itemListElement":[{"@type":"ListItem","position":1,"name":"Home","item":"https:\/\/arturo.winandoffice.com\/"},{"@type":"ListItem","position":2,"name":"Shop","item":"https:\/\/arturo.winandoffice.com\/shop\/"},{"@type":"ListItem","position":3,"name":"Microsoft Office 2024 Professional Plus + Microsoft Windows 11 Professional License for 3 PC"}]},{"@type":"WebSite","@id":"https:\/\/arturo.winandoffice.com\/es\/#website","url":"https:\/\/arturo.winandoffice.com\/es\/","name":"Arturo Card Shop","description":"Osta toimistosi","publisher":{"@id":"https:\/\/arturo.winandoffice.com\/es\/#organization"},"potentialAction":[{"@type":"SearchAction","target":{"@type":"EntryPoint","urlTemplate":"https:\/\/arturo.winandoffice.com\/es\/?s={search_term_string}"},"query-input":{"@type":"PropertyValueSpecification","valueRequired":true,"valueName":"search_term_string"}}],"inLanguage":"fi"},{"@type":"Organization","@id":"https:\/\/arturo.winandoffice.com\/es\/#organization","name":"Arturo Card Shop","url":"https:\/\/arturo.winandoffice.com\/es\/","logo":{"@type":"ImageObject","inLanguage":"fi","@id":"https:\/\/arturo.winandoffice.com\/es\/#\/schema\/logo\/image\/","url":"https:\/\/arturo.winandoffice.com\/wp-content\/uploads\/2022\/10\/logo.png","contentUrl":"https:\/\/arturo.winandoffice.com\/wp-content\/uploads\/2022\/10\/logo.png","width":1710,"height":175,"caption":"Arturo Card Shop"},"image":{"@id":"https:\/\/arturo.winandoffice.com\/es\/#\/schema\/logo\/image\/"},"sameAs":["https:\/\/www.facebook.com\/Gamecardshopdotcom","https:\/\/x.com\/gamecardshop_","https:\/\/www.youtube.com\/@gamecardshop","https:\/\/www.youtube.com\/@arturo.winandoffice.com_","https:\/\/de.trustpilot.com\/review\/arturo.winandoffice.com","https:\/\/www.provenexpert.com\/game-card-shop\/","https:\/\/www.tiktok.com\/@arturo.winandoffice.com","https:\/\/www.shopauskunft.de\/review\/arturo.winandoffice.com","https:\/\/www.ausgezeichnet.org\/bewertungen-arturo.winandoffice.com-HNVDH","https:\/\/www.trustedshops.eu\/buyerrating\/info_X93C3F0168B7533F969FC6C787543C130.html"]}]}},"acf":[],"_links":{"self":[{"href":"https:\/\/arturo.winandoffice.com\/fi\/wp-json\/wp\/v2\/product\/115975","targetHints":{"allow":["GET"]}}],"collection":[{"href":"https:\/\/arturo.winandoffice.com\/fi\/wp-json\/wp\/v2\/product"}],"about":[{"href":"https:\/\/arturo.winandoffice.com\/fi\/wp-json\/wp\/v2\/types\/product"}],"replies":[{"embeddable":true,"href":"https:\/\/arturo.winandoffice.com\/fi\/wp-json\/wp\/v2\/comments?post=115975"}],"wp:featuredmedia":[{"embeddable":true,"href":"https:\/\/arturo.winandoffice.com\/fi\/wp-json\/"}],"wp:attachment":[{"href":"https:\/\/arturo.winandoffice.com\/fi\/wp-json\/wp\/v2\/media?parent=115975"}],"wp:term":[{"taxonomy":"product_brand","embeddable":true,"href":"https:\/\/arturo.winandoffice.com\/fi\/wp-json\/wp\/v2\/product_brand?post=115975"},{"taxonomy":"product_cat","embeddable":true,"href":"https:\/\/arturo.winandoffice.com\/fi\/wp-json\/wp\/v2\/product_cat?post=115975"},{"taxonomy":"product_tag","embeddable":true,"href":"https:\/\/arturo.winandoffice.com\/fi\/wp-json\/wp\/v2\/product_tag?post=115975"}],"curies":[{"name":"wp","href":"https:\/\/api.w.org\/{rel}","templated":true}]}}