{"id":257,"date":"2020-09-14T13:27:07","date_gmt":"2020-09-14T12:27:07","guid":{"rendered":"http:\/\/localhost\/shopingcart\/?page_id=257"},"modified":"2024-10-10T17:36:11","modified_gmt":"2024-10-10T16:36:11","slug":"about-us","status":"publish","type":"page","link":"https:\/\/arturo.winandoffice.com\/fi\/about-us\/","title":{"rendered":"Tietoa meist\u00e4"},"content":{"rendered":"<p><a href=\"https:\/\/arturo.winandoffice.com\/london\/wp-content\/uploads\/sites\/15\/2023\/01\/logo.png\"><img loading=\"lazy\" decoding=\"async\" class=\"alignnone size-full wp-image-12801\" src=\"https:\/\/arturo.winandoffice.com\/london\/wp-content\/uploads\/sites\/15\/2023\/01\/logo.png\" alt=\"\" width=\"1710\" height=\"175\" \/><\/a><\/p>\r\n<h5><strong>Pelikorttikauppa: Laatua ja luotettavuutta tarjoava ohjelmistoalustasi<\/strong><\/h5>\r\n<p>Luotettuna Microsoft-kumppanina tarjoamme sinulle laajan valikoiman ohjelmistoratkaisuja Microsoft Office:st\u00e4 palvelink\u00e4ytt\u00f6j\u00e4rjestelmiin. Meilt\u00e4 l\u00f6yd\u00e4t vain tunnettujen ohjelmistovalmistajien tuotteita, jotka takaavat laadun ja tehokkuuden.<\/p>\r\n<p><strong>K\u00e4ytt\u00f6j\u00e4rjestelm\u00e4t: PC:n syd\u00e4n<\/strong><\/p>\r\n<p>Tietokone ilman k\u00e4ytt\u00f6j\u00e4rjestelm\u00e4\u00e4 on kuin auto ilman moottoria. Se ohjaa laitteistoa, jakaa resursseja ja tarjoaa intuitiivisen k\u00e4ytt\u00f6liittym\u00e4n. Tietokoneen maksimaalisen suorituskyvyn saavuttamiseksi luotamme markkinoiden johtaviin j\u00e4rjestelmiin, kuten Windows 11:een, joka tunnetaan tehokkuudestaan ja k\u00e4ytt\u00e4j\u00e4yst\u00e4v\u00e4llisyydest\u00e4\u00e4n. Kaikki OEM-lisenssimme ovat aitoja ja tulevat suoraan meilt\u00e4.<\/p>\r\n<p><strong>Palvelinten k\u00e4ytt\u00f6j\u00e4rjestelm\u00e4t: Power for Your Business<\/strong><\/p>\r\n<p>Palvelimet edellytt\u00e4v\u00e4t erikoistuneita k\u00e4ytt\u00f6j\u00e4rjestelmi\u00e4. Me Gamecardshopissa tarjoamme sinulle Microsoft:n tehokkaat Windows Server -j\u00e4rjestelm\u00e4t. Lis\u00e4ksi l\u00f6yd\u00e4t muita palvelinratkaisuja, kuten SQL Server, Exchange Server ja SharePoint Server.<\/p>\r\n<p><strong>Microsoft Office: Maksimaalinen tuottavuus Office:ss\u00e4 <br \/><br \/><\/strong>Microsoft Office:n avulla toimistoty\u00f6skentelyst\u00e4 tulee helppoa. Olipa kyse tekstink\u00e4sittelyst\u00e4, taulukkolaskennasta tai esitysten luomisesta - meill\u00e4 on sinulle sopiva painos. Gamecardshopista l\u00f6yd\u00e4t Microsoft Office:n kaikkiin tarpeisiin, niin henkil\u00f6kohtaisiin kuin liiketaloudellisiinkin.<\/p>\r\n<p><strong>CAD-ohjelmisto: Tarkkuus edulliseen hintaan <\/strong><\/p>\r\n<p>Arkkitehdeille ja insin\u00f6\u00f6reille tarjoamme suorituskykyisi\u00e4 CAD-ohjelmia. Toteuta projektisi tehokkaasti ja kustannustehokkaasti tarjoustemme avulla.<\/p>\r\n<p><strong>Pelikorttikauppa: Laatua parhaaseen hintaan ja ensiluokkaista palvelua. <\/strong><\/p>\r\n<p>Gamecardshopista et l\u00f6yd\u00e4 vain houkuttelevia hintoja, vaan my\u00f6s ly\u00f6m\u00e4t\u00f6nt\u00e4 palvelua. Monikielinen asiakaspalvelutiimimme on k\u00e4ytett\u00e4viss\u00e4 24\/7 live-chatin tai s\u00e4hk\u00f6postin v\u00e4lityksell\u00e4. Asiantuntijamme auttavat mielell\u00e4\u00e4n ohjelmistosi asennuksessa ja k\u00e4ytt\u00f6\u00f6notossa. Luota kokemukseemme ja asiantuntemukseemme. Jokaisen ostoksen mukana tulee lasku, jossa on alv-tunnuksemme, selke\u00e4 palautusoikeus ja elinik\u00e4inen takuu turvallisuutesi ja tyytyv\u00e4isyytesi takaamiseksi.<\/p>\r\n\r\n<p>&nbsp;<\/p>","protected":false},"excerpt":{"rendered":"<p>Gamecardshop: Your Software Platform for Quality and Reliability As a trusted Microsoft partner, we offer you a wide range of software solutions, from Microsoft Office to server operating systems. With us, you&#8217;ll find only products from renowned software manufacturers, guaranteeing quality and efficiency. Operating Systems: The Heart of Your PC A computer without an operating [&hellip;]<\/p>","protected":false},"author":1,"featured_media":0,"parent":0,"menu_order":0,"comment_status":"closed","ping_status":"closed","template":"","meta":{"_acf_changed":false,"footnotes":""},"class_list":["post-257","page","type-page","status-publish","hentry"],"yoast_head":"<!-- This site is optimized with the Yoast SEO plugin v26.7 - https:\/\/yoast.com\/wordpress\/plugins\/seo\/ -->\n<title>About Us - Arturo Card Shop<\/title>\n<meta name=\"robots\" content=\"index, follow, max-snippet:-1, max-image-preview:large, max-video-preview:-1\" \/>\n<link rel=\"canonical\" href=\"https:\/\/arturo.winandoffice.com\/fi\/about-us\/\" \/>\n<meta property=\"og:locale\" content=\"fi_FI\" \/>\n<meta property=\"og:type\" content=\"article\" \/>\n<meta property=\"og:title\" content=\"About Us - Arturo Card Shop\" \/>\n<meta property=\"og:description\" content=\"Gamecardshop: Your Software Platform for Quality and Reliability As a trusted Microsoft partner, we offer you a wide range of software solutions, from Microsoft Office to server operating systems. With us, you&#8217;ll find only products from renowned software manufacturers, guaranteeing quality and efficiency. Operating Systems: The Heart of Your PC A computer without an operating [&hellip;]\" \/>\n<meta property=\"og:url\" content=\"https:\/\/arturo.winandoffice.com\/fi\/about-us\/\" \/>\n<meta property=\"og:site_name\" content=\"Arturo Card Shop\" \/>\n<meta property=\"article:publisher\" content=\"https:\/\/www.facebook.com\/Gamecardshopdotcom\" \/>\n<meta property=\"article:modified_time\" content=\"2024-10-10T16:36:11+00:00\" \/>\n<meta property=\"og:image\" content=\"https:\/\/arturo.winandoffice.com\/london\/wp-content\/uploads\/sites\/15\/2023\/01\/logo.png\" \/>\n<meta name=\"twitter:card\" content=\"summary_large_image\" \/>\n<meta name=\"twitter:site\" content=\"@gamecardshop_\" \/>\n<meta name=\"twitter:label1\" content=\"Arvioitu lukuaika\" \/>\n\t<meta name=\"twitter:data1\" content=\"2 minuuttia\" \/>\n<script type=\"application\/ld+json\" class=\"yoast-schema-graph\">{\"@context\":\"https:\/\/schema.org\",\"@graph\":[{\"@type\":\"WebPage\",\"@id\":\"https:\/\/arturo.winandoffice.com\/about-us\/\",\"url\":\"https:\/\/arturo.winandoffice.com\/about-us\/\",\"name\":\"About Us - Arturo Card Shop\",\"isPartOf\":{\"@id\":\"https:\/\/arturo.winandoffice.com\/es\/#website\"},\"primaryImageOfPage\":{\"@id\":\"https:\/\/arturo.winandoffice.com\/about-us\/#primaryimage\"},\"image\":{\"@id\":\"https:\/\/arturo.winandoffice.com\/about-us\/#primaryimage\"},\"thumbnailUrl\":\"https:\/\/arturo.winandoffice.com\/london\/wp-content\/uploads\/sites\/15\/2023\/01\/logo.png\",\"datePublished\":\"2020-09-14T12:27:07+00:00\",\"dateModified\":\"2024-10-10T16:36:11+00:00\",\"breadcrumb\":{\"@id\":\"https:\/\/arturo.winandoffice.com\/about-us\/#breadcrumb\"},\"inLanguage\":\"fi\",\"potentialAction\":[{\"@type\":\"ReadAction\",\"target\":[\"https:\/\/arturo.winandoffice.com\/about-us\/\"]}]},{\"@type\":\"ImageObject\",\"inLanguage\":\"fi\",\"@id\":\"https:\/\/arturo.winandoffice.com\/about-us\/#primaryimage\",\"url\":\"https:\/\/arturo.winandoffice.com\/london\/wp-content\/uploads\/sites\/15\/2023\/01\/logo.png\",\"contentUrl\":\"https:\/\/arturo.winandoffice.com\/london\/wp-content\/uploads\/sites\/15\/2023\/01\/logo.png\"},{\"@type\":\"BreadcrumbList\",\"@id\":\"https:\/\/arturo.winandoffice.com\/about-us\/#breadcrumb\",\"itemListElement\":[{\"@type\":\"ListItem\",\"position\":1,\"name\":\"Home\",\"item\":\"https:\/\/arturo.winandoffice.com\/\"},{\"@type\":\"ListItem\",\"position\":2,\"name\":\"About Us\"}]},{\"@type\":\"WebSite\",\"@id\":\"https:\/\/arturo.winandoffice.com\/es\/#website\",\"url\":\"https:\/\/arturo.winandoffice.com\/es\/\",\"name\":\"Arturo Card Shop\",\"description\":\"Buy your office\",\"publisher\":{\"@id\":\"https:\/\/arturo.winandoffice.com\/es\/#organization\"},\"potentialAction\":[{\"@type\":\"SearchAction\",\"target\":{\"@type\":\"EntryPoint\",\"urlTemplate\":\"https:\/\/arturo.winandoffice.com\/es\/?s={search_term_string}\"},\"query-input\":{\"@type\":\"PropertyValueSpecification\",\"valueRequired\":true,\"valueName\":\"search_term_string\"}}],\"inLanguage\":\"fi\"},{\"@type\":\"Organization\",\"@id\":\"https:\/\/arturo.winandoffice.com\/es\/#organization\",\"name\":\"Arturo Card Shop\",\"url\":\"https:\/\/arturo.winandoffice.com\/es\/\",\"logo\":{\"@type\":\"ImageObject\",\"inLanguage\":\"fi\",\"@id\":\"https:\/\/arturo.winandoffice.com\/es\/#\/schema\/logo\/image\/\",\"url\":\"https:\/\/arturo.winandoffice.com\/wp-content\/uploads\/2022\/10\/logo.png\",\"contentUrl\":\"https:\/\/arturo.winandoffice.com\/wp-content\/uploads\/2022\/10\/logo.png\",\"width\":1710,\"height\":175,\"caption\":\"Arturo Card Shop\"},\"image\":{\"@id\":\"https:\/\/arturo.winandoffice.com\/es\/#\/schema\/logo\/image\/\"},\"sameAs\":[\"https:\/\/www.facebook.com\/Gamecardshopdotcom\",\"https:\/\/x.com\/gamecardshop_\",\"https:\/\/www.youtube.com\/@gamecardshop\",\"https:\/\/www.youtube.com\/@arturo.winandoffice.com_\",\"https:\/\/de.trustpilot.com\/review\/arturo.winandoffice.com\",\"https:\/\/www.provenexpert.com\/game-card-shop\/\",\"https:\/\/www.tiktok.com\/@arturo.winandoffice.com\",\"https:\/\/www.shopauskunft.de\/review\/arturo.winandoffice.com\",\"https:\/\/www.ausgezeichnet.org\/bewertungen-arturo.winandoffice.com-HNVDH\",\"https:\/\/www.trustedshops.eu\/buyerrating\/info_X93C3F0168B7533F969FC6C787543C130.html\"]}]}<\/script>\n<!-- \/ Yoast SEO plugin. -->","yoast_head_json":{"title":"About Us - Arturo Card Shop","robots":{"index":"index","follow":"follow","max-snippet":"max-snippet:-1","max-image-preview":"max-image-preview:large","max-video-preview":"max-video-preview:-1"},"canonical":"https:\/\/arturo.winandoffice.com\/fi\/about-us\/","og_locale":"fi_FI","og_type":"article","og_title":"About Us - Arturo Card Shop","og_description":"Gamecardshop: Your Software Platform for Quality and Reliability As a trusted Microsoft partner, we offer you a wide range of software solutions, from Microsoft Office to server operating systems. With us, you&#8217;ll find only products from renowned software manufacturers, guaranteeing quality and efficiency. Operating Systems: The Heart of Your PC A computer without an operating [&hellip;]","og_url":"https:\/\/arturo.winandoffice.com\/fi\/about-us\/","og_site_name":"Arturo Card Shop","article_publisher":"https:\/\/www.facebook.com\/Gamecardshopdotcom","article_modified_time":"2024-10-10T16:36:11+00:00","og_image":[{"url":"https:\/\/arturo.winandoffice.com\/london\/wp-content\/uploads\/sites\/15\/2023\/01\/logo.png","type":"","width":"","height":""}],"twitter_card":"summary_large_image","twitter_site":"@gamecardshop_","twitter_misc":{"Arvioitu lukuaika":"2 minuuttia"},"schema":{"@context":"https:\/\/schema.org","@graph":[{"@type":"WebPage","@id":"https:\/\/arturo.winandoffice.com\/about-us\/","url":"https:\/\/arturo.winandoffice.com\/about-us\/","name":"About Us - Arturo Card Shop","isPartOf":{"@id":"https:\/\/arturo.winandoffice.com\/es\/#website"},"primaryImageOfPage":{"@id":"https:\/\/arturo.winandoffice.com\/about-us\/#primaryimage"},"image":{"@id":"https:\/\/arturo.winandoffice.com\/about-us\/#primaryimage"},"thumbnailUrl":"https:\/\/arturo.winandoffice.com\/london\/wp-content\/uploads\/sites\/15\/2023\/01\/logo.png","datePublished":"2020-09-14T12:27:07+00:00","dateModified":"2024-10-10T16:36:11+00:00","breadcrumb":{"@id":"https:\/\/arturo.winandoffice.com\/about-us\/#breadcrumb"},"inLanguage":"fi","potentialAction":[{"@type":"ReadAction","target":["https:\/\/arturo.winandoffice.com\/about-us\/"]}]},{"@type":"ImageObject","inLanguage":"fi","@id":"https:\/\/arturo.winandoffice.com\/about-us\/#primaryimage","url":"https:\/\/arturo.winandoffice.com\/london\/wp-content\/uploads\/sites\/15\/2023\/01\/logo.png","contentUrl":"https:\/\/arturo.winandoffice.com\/london\/wp-content\/uploads\/sites\/15\/2023\/01\/logo.png"},{"@type":"BreadcrumbList","@id":"https:\/\/arturo.winandoffice.com\/about-us\/#breadcrumb","itemListElement":[{"@type":"ListItem","position":1,"name":"Home","item":"https:\/\/arturo.winandoffice.com\/"},{"@type":"ListItem","position":2,"name":"About Us"}]},{"@type":"WebSite","@id":"https:\/\/arturo.winandoffice.com\/es\/#website","url":"https:\/\/arturo.winandoffice.com\/es\/","name":"Arturo Card Shop","description":"Osta toimistosi","publisher":{"@id":"https:\/\/arturo.winandoffice.com\/es\/#organization"},"potentialAction":[{"@type":"SearchAction","target":{"@type":"EntryPoint","urlTemplate":"https:\/\/arturo.winandoffice.com\/es\/?s={search_term_string}"},"query-input":{"@type":"PropertyValueSpecification","valueRequired":true,"valueName":"search_term_string"}}],"inLanguage":"fi"},{"@type":"Organization","@id":"https:\/\/arturo.winandoffice.com\/es\/#organization","name":"Arturo Card Shop","url":"https:\/\/arturo.winandoffice.com\/es\/","logo":{"@type":"ImageObject","inLanguage":"fi","@id":"https:\/\/arturo.winandoffice.com\/es\/#\/schema\/logo\/image\/","url":"https:\/\/arturo.winandoffice.com\/wp-content\/uploads\/2022\/10\/logo.png","contentUrl":"https:\/\/arturo.winandoffice.com\/wp-content\/uploads\/2022\/10\/logo.png","width":1710,"height":175,"caption":"Arturo Card Shop"},"image":{"@id":"https:\/\/arturo.winandoffice.com\/es\/#\/schema\/logo\/image\/"},"sameAs":["https:\/\/www.facebook.com\/Gamecardshopdotcom","https:\/\/x.com\/gamecardshop_","https:\/\/www.youtube.com\/@gamecardshop","https:\/\/www.youtube.com\/@arturo.winandoffice.com_","https:\/\/de.trustpilot.com\/review\/arturo.winandoffice.com","https:\/\/www.provenexpert.com\/game-card-shop\/","https:\/\/www.tiktok.com\/@arturo.winandoffice.com","https:\/\/www.shopauskunft.de\/review\/arturo.winandoffice.com","https:\/\/www.ausgezeichnet.org\/bewertungen-arturo.winandoffice.com-HNVDH","https:\/\/www.trustedshops.eu\/buyerrating\/info_X93C3F0168B7533F969FC6C787543C130.html"]}]}},"acf":[],"_links":{"self":[{"href":"https:\/\/arturo.winandoffice.com\/fi\/wp-json\/wp\/v2\/pages\/257","targetHints":{"allow":["GET"]}}],"collection":[{"href":"https:\/\/arturo.winandoffice.com\/fi\/wp-json\/wp\/v2\/pages"}],"about":[{"href":"https:\/\/arturo.winandoffice.com\/fi\/wp-json\/wp\/v2\/types\/page"}],"author":[{"embeddable":true,"href":"https:\/\/arturo.winandoffice.com\/fi\/wp-json\/wp\/v2\/users\/1"}],"replies":[{"embeddable":true,"href":"https:\/\/arturo.winandoffice.com\/fi\/wp-json\/wp\/v2\/comments?post=257"}],"version-history":[{"count":0,"href":"https:\/\/arturo.winandoffice.com\/fi\/wp-json\/wp\/v2\/pages\/257\/revisions"}],"wp:attachment":[{"href":"https:\/\/arturo.winandoffice.com\/fi\/wp-json\/wp\/v2\/media?parent=257"}],"curies":[{"name":"wp","href":"https:\/\/api.w.org\/{rel}","templated":true}]}}