{"id":2096,"date":"2020-12-16T16:19:20","date_gmt":"2020-12-16T16:19:20","guid":{"rendered":"https:\/\/shop.winandoffice.com\/?page_id=1163"},"modified":"2025-10-08T21:10:35","modified_gmt":"2025-10-08T20:10:35","slug":"terms-and-conditions","status":"publish","type":"page","link":"https:\/\/arturo.winandoffice.com\/fi\/terms-and-conditions\/","title":{"rendered":"Ehdot ja edellytykset"},"content":{"rendered":"<div class=\"wpb-content-wrapper\"><div class=\"vc_row wpb_row vc_row-fluid\" style=\"background-position: None!important;  \"><div class=\"wpb_column vc_column_container vc_col-sm-12\"><div class=\"vc_column-inner\"><div class=\"wpb_wrapper\">\n\t<div class=\"wpb_text_column wpb_content_element\" >\n\t\t<div class=\"wpb_wrapper\">\n\t\t\t<article id=\"page-1163\" class=\"post-1163 page type-page status-publish hentry\">\n<div class=\"entry-content\">\n<p><strong>1.  Peruss\u00e4\u00e4nn\u00f6kset<\/strong><\/p>\n<p>1.1. Tech Solutionsin toimitukset, palvelut ja tarjoukset. <strong>Pelikorttikauppa<\/strong> (j\u00e4ljemp\u00e4n\u00e4 \"myyj\u00e4\") v\u00e4liset sopimukset tehd\u00e4\u00e4n yksinomaan n\u00e4iden ehtojen (j\u00e4ljemp\u00e4n\u00e4 \"YSE\") perusteella. N\u00e4in ollen niit\u00e4 sovelletaan my\u00f6s kaikkiin tuleviin liikesuhteisiin, vaikka niist\u00e4 ei olisi nimenomaisesti sovittu uudelleen. Ostajan (j\u00e4ljemp\u00e4n\u00e4 \"asiakas\") viittaukset sen ehtoihin ovat ristiriidassa.<\/p>\n<p>1.2. N\u00e4it\u00e4 yleisi\u00e4 sopimusehtoja sovelletaan sek\u00e4 kuluttajiin (BGB 13 \u00a7) ett\u00e4 yritt\u00e4jiin (BGB 14 \u00a7). Jos seuraavissa ehdoissa ei ole erillist\u00e4 huomautusta, kaikkia ehtoja sovelletaan yht\u00e4 lailla sek\u00e4 yritt\u00e4jien ett\u00e4 kuluttajien kanssa tehtyihin sopimuksiin.<\/p>\n<p>1.3. Ehtojen lis\u00e4\u00e4minen tai muuttaminen edellytt\u00e4\u00e4 kuljetusyrityksen kirjallista vahvistusta. Ostotilauksen alkuper\u00e4iskappale on ratkaiseva sopimuksen sis\u00e4ll\u00f6n kannalta.<\/p>\n<p>1.4.  Voimme tehd\u00e4 muutoksia tavaroiden suunnitteluun ja muotoon edellytt\u00e4en, ett\u00e4 n\u00e4m\u00e4 muutokset eiv\u00e4t ole luonteeltaan olennaisia ja ett\u00e4 sopimuksen tarkoitusta ei ole olennaisesti rajoitettu.<\/p>\n<p>1.5 Tehdess\u00e4\u00e4n tilauksen kohdan 2.2 mukaisesti asiakas hyv\u00e4ksyy n\u00e4m\u00e4 yleiset sopimusehdot.<\/p>\n<p><strong>2. Sopimuksen tekeminen<\/strong><\/p>\n<p>2.1. Sopimuksen kohteena on ladattavien tuotteiden myynti (digitaalinen sis\u00e4lt\u00f6, jota ei toimiteta fyysisell\u00e4 tietov\u00e4lineell\u00e4, kuten digitaalisesti saatavilla olevat tuoteavaimet, p\u00e4\u00e4sykoodit tai muu digitaalisesti saatavilla oleva tieto), mukaan lukien niihin liittyv\u00e4t lisenssit. Asettamalla kyseisen ladattavan tuotteen verkkosivuillemme annamme asiakkaalle sitovan tarjouksen sopimuksen tekemisest\u00e4 kohteen kuvauksessa m\u00e4\u00e4ritellyin ehdoin.<\/p>\n<p>2.2. Kun kyseess\u00e4 on digitaalisten tavaroiden luovutusta koskeva sopimus, kun kyseess\u00e4 on ohjelmistojen luovutusta koskeva sopimus (j\u00e4ljemp\u00e4n\u00e4 \"ohjelmistojen osto\"), myyj\u00e4 on velvollinen luovuttamaan pysyv\u00e4sti lisenssitodistuksessa m\u00e4\u00e4ritellyn ohjelmiston objektikoodissa. Myyj\u00e4 on vastuussa siit\u00e4, ett\u00e4 h\u00e4n ilmoittaa mahdollisuudesta ladata ohjelmisto ja toimittaa painetun tai ladattavan version siihen liittyvist\u00e4 k\u00e4ytt\u00f6asiakirjoista. Ennen kuin kauppahinta on maksettu kokonaisuudessaan kohdan 8 mukaisesti, toimitettuun k\u00e4ytt\u00e4j\u00e4dokumentaatioon sovelletaan myyj\u00e4n omistusoikeusvarausta. Ohjelmiston luonteen kannalta ratkaisevaa on kyseisen tuotteen kuvaus myyj\u00e4n verkkokaupassa tai markkinapaikalla. Myyj\u00e4n on my\u00f6s my\u00f6nnett\u00e4v\u00e4 kohdan 4.8 mukaiset oikeudet.<\/p>\n<p>2.3. Sopimus tehd\u00e4\u00e4n verkkokaupan ostoskorij\u00e4rjestelm\u00e4n kautta: asiakas asettaa valitsemansa tuotteet virtuaaliseen ostoskoriin ja suorittaa s\u00e4hk\u00f6isen tilausprosessin. Klikkaamalla painiketta tilausprosessin loppuun saattamiseksi asiakas tekee ostoskorissa olevia tuotteita koskevan oikeudellisesti sitovan sopimustarjouksen. Asiakas voi my\u00f6s l\u00e4hett\u00e4\u00e4 tarjouksen myyj\u00e4lle s\u00e4hk\u00f6postitse.<\/p>\n<p>2.4. Myyj\u00e4 voi hyv\u00e4ksy\u00e4 asiakkaan tarjouksen viiden p\u00e4iv\u00e4n kuluessa pyyt\u00e4m\u00e4ll\u00e4 asiakasta maksamaan tilauksen tekemisen j\u00e4lkeen. T\u00e4h\u00e4n kuuluu my\u00f6s maksutavan valinta tilausprosessissa, jonka kautta maksu suoritetaan ennen tilattujen tuotteiden l\u00e4hett\u00e4mist\u00e4. Tarjouksen hyv\u00e4ksymisaika alkaa seuraavana p\u00e4iv\u00e4n\u00e4 sen j\u00e4lkeen, kun asiakas on l\u00e4hett\u00e4nyt tarjouksen, ja p\u00e4\u00e4ttyy viidennen p\u00e4iv\u00e4n lopussa tarjouksen l\u00e4hett\u00e4misest\u00e4. Jos myyj\u00e4 ei hyv\u00e4ksy asiakkaan tarjousta edell\u00e4 mainitussa ajassa, se katsotaan tarjouksen hylk\u00e4\u00e4miseksi, mink\u00e4 seurauksena asiakas ei ole en\u00e4\u00e4 sidottu tahdonilmaisuunsa.<\/p>\n<p>2.5. Tilauksen k\u00e4sittely ja kaikkien sopimuksen tekemiseen tarvittavien tietojen toimittaminen tapahtuu s\u00e4hk\u00f6postitse, samoin kuin ladattavien tuotteiden toimittaminen. Siksi asiakkaan on varmistettava, ett\u00e4 meille annettu s\u00e4hk\u00f6postiosoite on oikea ja ett\u00e4 SPAM-suodattimet eiv\u00e4t est\u00e4 s\u00e4hk\u00f6postiviestien vastaanottamista.<\/p>\n<p><strong>3. Peruuttamisoikeus<\/strong><\/p>\n<p>3.1. Kuluttajilla on yleens\u00e4 oikeus peruuttaa sopimus.<\/p>\n<p>3.2. L\u00f6yd\u00e4t lis\u00e4tietoja peruutusoikeudesta myyj\u00e4n peruutusehdoista.<\/p>\n<p>3.3. Sinulla on oikeus peruuttaa t\u00e4m\u00e4 sopimus elini\u00e4n kuluessa sopimuksen tekemisest\u00e4 ilman perusteluja, mutta ei ennen kuin olet saanut tavarat ja peruutusehdot tekstimuodossa s\u00e4hk\u00f6postitse.<\/p>\n<p data-start=\"4595\" data-end=\"4612\"><strong data-start=\"4595\" data-end=\"4610\">4. Takuu<\/strong><\/p>\n<p data-start=\"4614\" data-end=\"4653\">4.1. Lakis\u00e4\u00e4teiset takuuoikeudet ovat voimassa.<\/p>\n<p data-start=\"4655\" data-end=\"4904\">4.2. The customer is asked to verify the integrity and obvious defects in the item immediately after delivery and to report any complaints to us as soon as possible. If the customer does not comply, this has no effect on his legal warranty claims.<\/p>\n<p data-start=\"4906\" data-end=\"5114\">4.3. Tuotteen laadun osalta ainoastaan omat tietomme ja valmistajan tuotekuvaus katsotaan hyv\u00e4ksytyiksi, mutta ei muita mainoksia, julkisia myynninedist\u00e4mistoimia ja valmistajan lausuntoja.<\/p>\n<p data-start=\"5116\" data-end=\"5219\">4.4. Takuuaika on yksi vuosi tavaran toimituksesta. Lyhennetty\u00e4 m\u00e4\u00e4r\u00e4aikaa ei sovelleta:<\/p>\n<ul data-start=\"5220\" data-end=\"5602\">\n<li data-start=\"5220\" data-end=\"5377\">\n<p data-start=\"5222\" data-end=\"5377\">Vahingot, jotka on aiheettomasti aiheutettu meille hengelle, ruumiille tai terveydelle aiheutuneen vamman seurauksena, sek\u00e4 muut tahallisesti tai t\u00f6rke\u00e4st\u00e4 huolimattomuudesta aiheutetut vahingot;<\/p>\n<\/li>\n<li data-start=\"5378\" data-end=\"5501\">\n<p data-start=\"5380\" data-end=\"5501\">To the extent that we have fraudulently concealed the defect or have assumed a guarantee for the condition of the item;<\/p>\n<\/li>\n<li data-start=\"5502\" data-end=\"5602\">\n<p data-start=\"5504\" data-end=\"5602\">In the event of statutory rights of recourse you have against us in relation to warranty rights.<\/p>\n<\/li>\n<\/ul>\n<p data-start=\"5604\" data-end=\"5931\">4.5. Jos asiakas kielt\u00e4ytyy myyj\u00e4n toimittamasta tavaraa muusta syyst\u00e4 kuin merkitt\u00e4v\u00e4n virheen vuoksi, joka rajoittaa vakavasti k\u00e4ytt\u00f6\u00e4 tai tekee sen mahdottomaksi, vaikka myyj\u00e4 on ilmoittanut olevansa valmis noudattamaan sitoumuksiaan, asiakas laiminly\u00f6 vastaanottamisen. Toimituksen hyv\u00e4ksymist\u00e4 ei voida ev\u00e4t\u00e4 merkityksett\u00f6mien virheiden vuoksi.<\/p>\n<p data-start=\"5933\" data-end=\"6581\">4.6. Takuu ei kata vikoja, jotka johtuvat virheellisest\u00e4 k\u00e4yt\u00f6st\u00e4, sopimusperusteiden vastaisesti muutetuista j\u00e4rjestelm\u00e4komponenteista, riitt\u00e4m\u00e4tt\u00f6mist\u00e4 organisatorisista keinoista, k\u00e4yt\u00f6st\u00e4 laitteisto- tai ohjelmistoymp\u00e4rist\u00f6ss\u00e4, joka ei t\u00e4yt\u00e4 lisenssitodistuksessa m\u00e4\u00e4riteltyj\u00e4 vaatimuksia, ep\u00e4tavallisista k\u00e4ytt\u00f6olosuhteista tai asiakkaiden tai kolmansien osapuolten j\u00e4rjestelm\u00e4\u00e4n tekemist\u00e4 toimenpiteist\u00e4. Jos tavaroita k\u00e4ytet\u00e4\u00e4n yhdess\u00e4 kolmansien osapuolten laitteiden kanssa, takuu toiminnallisista ja suorituskykyyn liittyvist\u00e4 vioista on olemassa vain, jos t\u00e4llaisia vikoja esiintyy my\u00f6s ilman t\u00e4llaista yhteytt\u00e4 tai jos yhteensopivuus n\u00e4iden elementtien kanssa on osa sopimuksessa sovittua laatua.<\/p>\n<p data-start=\"6583\" data-end=\"7143\">4.7. Jos toimituksessa on virhe, myyj\u00e4 voi valita, korjataanko virhe (oikaisu) vai toimitetaanko virheet\u00f6n tuote (korvaava toimitus). J\u00e4lkimm\u00e4isess\u00e4 tapauksessa asiakas on velvollinen palauttamaan viallisen tavaran myyj\u00e4n pyynn\u00f6st\u00e4 lain s\u00e4\u00e4nn\u00f6sten mukaisesti. Jos asiakas on kuluttaja, sovelletaan edellist\u00e4 virkett\u00e4 sill\u00e4 varauksella, ett\u00e4 k\u00e4ytt\u00f6j\u00e4 ei saa luovuttaa tai korvata niiden arvosta. Asiakkaan on annettava myyj\u00e4lle aikaa ja tilaisuus lis\u00e4suoritukseen, erityisesti korjaamiseen.<\/p>\n<p data-start=\"7145\" data-end=\"8023\">4.8. <strong data-start=\"7150\" data-end=\"7200\">Grant of Rights in Software Delivery Contracts<\/strong><br data-start=\"7200\" data-end=\"7203\" \/>Upon full payment of the purchase price, the customer is granted a non-exclusive, unlimited right to use the software to the extent set forth in the contract. The seller may, at its discretion, provisionally authorize use of the software prior to receipt of full payment.<br data-start=\"7474\" data-end=\"7477\" \/>The software may only be used simultaneously by a maximum number of natural persons corresponding to the number of licenses purchased by the customer. Permitted use includes installing the software, loading it into main memory, and using it in accordance with its intended purpose.<br data-start=\"7758\" data-end=\"7761\" \/>In no event shall the customer have the right to rent, sublicense, publicly reproduce, make available by cable or wireless means, or otherwise provide the software to third parties, whether for consideration or free of charge. Clause 4.9(c) remains unaffected.<\/p>\n<p data-start=\"8025\" data-end=\"8747\">4.9. <strong data-start=\"8030\" data-end=\"8055\">Further Rights of Use<\/strong><br data-start=\"8055\" data-end=\"8058\" \/>a) The customer is entitled to create a backup copy of the software if necessary to ensure its future use.<br data-start=\"8164\" data-end=\"8167\" \/>b) The customer may permanently transfer the purchased copy of the software, including the accompanying documentation, to a third party. In such case, the customer shall completely cease using the software, delete all installed copies from its systems, and delete or deliver to the seller any copies stored on other data carriers, unless retention is legally required.<br data-start=\"8535\" data-end=\"8538\" \/>c) The customer shall ensure that the third party expressly agrees to comply with the scope of the granted rights in accordance with this Section 4.9. Splitting purchased volume packs is strictly prohibited.<\/p>\n<p><strong>5. Hinnat ja maksuehdot<\/strong><\/p>\n<p>5.1. Ellei myyj\u00e4n tuoteselosteessa toisin mainita, ilmoitetut hinnat ovat kokonaishintoja, joihin sis\u00e4ltyy lakis\u00e4\u00e4teinen liikevaihtovero. Mahdolliset ylim\u00e4\u00e4r\u00e4iset toimitus- ja toimituskulut ilmoitetaan erikseen kunkin tuotteen kuvauksessa.<\/p>\n<p>5.2. Euroopan unionin ulkopuolisiin maihin suuntautuvista toimituksista voi yksitt\u00e4istapauksissa aiheutua lis\u00e4kustannuksia, joista myyj\u00e4 ei ole vastuussa ja joista asiakas vastaa. T\u00e4llaisia ovat esimerkiksi pankkien suorittamista rahansiirroista aiheutuvat kustannukset (esim. tilisiirtomaksut, valuutanvaihtomaksut) tai tuontitullit tai -verot (esim. tullimaksut). T\u00e4llaisia kustannuksia voi aiheutua my\u00f6s rahansiirrosta, jos toimitusta ei tehd\u00e4 Euroopan unionin ulkopuoliseen maahan, mutta asiakas suorittaa maksun Euroopan unionin ulkopuolisesta maasta.<\/p>\n<p>5.3. Maksuvaihtoehto(t) ilmoitetaan asiakkaalle myyj\u00e4n verkkokaupassa tai vastaavalla markkinapaikalla.<\/p>\n<p>5.4. Jos on sovittu ennakkomaksusta pankkisiirtona, maksu er\u00e4\u00e4ntyy maksettavaksi v\u00e4litt\u00f6m\u00e4sti sopimuksen tekemisen j\u00e4lkeen, elleiv\u00e4t osapuolet ole sopineet my\u00f6hemm\u00e4st\u00e4 er\u00e4p\u00e4iv\u00e4st\u00e4.<\/p>\n<p>5.5. Kun maksat k\u00e4ytt\u00e4m\u00e4ll\u00e4 maksupalveluntarjoajan PayPal (Europe) S.\u00e0 rl et Cie, SCA, 22-24 Boulevard Royal, L-2449 Luxembourg (j\u00e4ljemp\u00e4n\u00e4 \"PayPal\") tarjoamaa maksutapaa, maksu k\u00e4sitell\u00e4\u00e4n PayPalin kautta PayPalin k\u00e4ytt\u00f6ehtojen mukaisesti, jotka ovat saatavilla osoitteessa https:\/\/www.paypal.com\/de\/webapps\/mpp\/ua\/useragreement-full, tai jos asiakkaalla ei ole PayPal-tili\u00e4, maksujen suorittamista ilman PayPal-tili\u00e4 koskevien ehtojen mukaisesti, jotka ovat saatavilla osoitteessa https:\/\/www.paypal.com\/de\/webapps\/mpp\/ua\/privacywax-full.<\/p>\n<p>5.6. Jos asiakas on maksuh\u00e4iri\u00f6inen, meill\u00e4 on oikeus peri\u00e4 korkoa, joka vastaa liikepankkien avoinna olevista tilinylityksist\u00e4 perim\u00e4\u00e4 korkoa, kuitenkin v\u00e4hint\u00e4\u00e4n 4% Bundesbankin diskonttokorkoa korkeampaa korkoa, lis\u00e4ttyn\u00e4 sovellettavalla lakis\u00e4\u00e4teisell\u00e4 arvonlis\u00e4verolla. Korko er\u00e4\u00e4ntyy v\u00e4litt\u00f6m\u00e4sti.<\/p>\n<p><strong>6. Toimitus- ja toimitusehdot<\/strong><\/p>\n<p>6.1. Digitaalinen sis\u00e4lt\u00f6 asetetaan asiakkaan saataville s\u00e4hk\u00f6isess\u00e4 muodossa ladattavaksi tarjoamalla latauslinkki. Tuoteavaimet l\u00e4hetet\u00e4\u00e4n asiakkaalle s\u00e4hk\u00f6postitse.<\/p>\n<p><strong>7. Retention of title<\/strong><\/p>\n<p>7.1. Pid\u00e4t\u00e4mme tavaran omistusoikeuden siihen asti, kunnes kaikki saatavamme, joihin meill\u00e4 on oikeus liikesuhteen perusteella asiakkaan kanssa, on maksettu kokonaisuudessaan.<\/p>\n<p>7.2. Omistuksenpid\u00e4tyksen vahvistaminen ei merkitse sopimuksen peruuttamista. Meill\u00e4 on kuitenkin oikeus kohtuullisen ajan kuluttua muutoin luovuttaa tavarat, joiden omistusoikeuden pid\u00e4tt\u00e4mist\u00e4 on vaadittu, ja toimittaa asiakkaalle sama tai vastaava tavara sen j\u00e4lkeen, kun kauppahinta on maksettu kokonaisuudessaan.<\/p>\n<p><strong>8. Loppus\u00e4\u00e4nn\u00f6kset<\/strong><\/p>\n<p>8.1. Sopimuskumppanilla on oikeus siirt\u00e4\u00e4 sopimussuhteesta johtuvia oikeuksia ja vaatimuksia kolmansille osapuolille vain myyj\u00e4n etuk\u00e4teen antamalla kirjallisella suostumuksella. HGB:n 354 a \u00a7:\u00e4\u00e4 ei sovelleta; HGB:n 354 a \u00a7:\u00e4\u00e4 ei sovelleta kuluttajiin.<\/p>\n<p>8.2. Liiketoimintasuhteen alkaessa asiakastiedot, jotka voivat olla my\u00f6s henkil\u00f6tietoja, tallennetaan ja k\u00e4sitell\u00e4\u00e4n ja v\u00e4litet\u00e4\u00e4n siin\u00e4 m\u00e4\u00e4rin kuin se on tarpeen tilauksen toteuttamiseksi.<\/p>\n<p>8.3. Sovelletaan yksinomaan Saksan lakia, lukuun ottamatta YK:n kauppalakia ja viittauksia kansainv\u00e4liseen prosessioikeuteen ja yksityisoikeuteen. Kuluttajien osalta t\u00e4t\u00e4 lainvalintaa sovelletaan vain silt\u00e4 osin kuin kuluttajan asuinpaikkavaltion lain ei-pakolliset s\u00e4\u00e4nn\u00f6kset tarjoavat laajempaa suojaa.<\/p>\n<p>8.4. Yksinomainen oikeuspaikka kaikissa riita-asioissa, jotka johtuvat sopimuksista, joihin n\u00e4it\u00e4 yleisi\u00e4 sopimusehtoja sovelletaan, on myyj\u00e4n kotipaikka; myyj\u00e4ll\u00e4 on kuitenkin oikeus nostaa kanne asiakasta vastaan miss\u00e4 tahansa laillisesti sallitussa oikeuspaikassa. T\u00e4t\u00e4 asetusta ei sovelleta kuluttajiin<\/p>\n<\/div>\n<\/article>\n\n\t\t<\/div>\n\t<\/div>\n<\/div><\/div><\/div><\/div>\n<\/div>","protected":false},"excerpt":{"rendered":"1.\u00a0 Basic provisions 1.1. Tech Solutions Deliveries, Services and Offerings. transactions with Gamecardshop (hereinafter \"seller\") are made exclusively on the basis of these terms and conditions (hereinafter \"GTC\"). Therefore, they also apply to all future business relationships, even if they are not expressly agreed upon again. The buyer's (hereinafter, the \"customer\") references to its terms [...]","protected":false},"author":1,"featured_media":0,"parent":0,"menu_order":0,"comment_status":"closed","ping_status":"closed","template":"","meta":{"_acf_changed":false,"footnotes":""},"class_list":["post-2096","page","type-page","status-publish","hentry"],"yoast_head":"<!-- This site is optimized with the Yoast SEO plugin v26.7 - https:\/\/yoast.com\/wordpress\/plugins\/seo\/ -->\n<title>Terms and conditions - Arturo Card Shop<\/title>\n<meta name=\"robots\" content=\"index, follow, max-snippet:-1, max-image-preview:large, max-video-preview:-1\" \/>\n<link rel=\"canonical\" href=\"https:\/\/arturo.winandoffice.com\/fi\/terms-and-conditions\/\" \/>\n<meta property=\"og:locale\" content=\"fi_FI\" \/>\n<meta property=\"og:type\" content=\"article\" \/>\n<meta property=\"og:title\" content=\"Terms and conditions - Arturo Card Shop\" \/>\n<meta property=\"og:url\" content=\"https:\/\/arturo.winandoffice.com\/fi\/terms-and-conditions\/\" \/>\n<meta property=\"og:site_name\" content=\"Arturo Card Shop\" \/>\n<meta property=\"article:publisher\" content=\"https:\/\/www.facebook.com\/Gamecardshopdotcom\" \/>\n<meta property=\"article:modified_time\" content=\"2025-10-08T20:10:35+00:00\" \/>\n<meta name=\"twitter:card\" content=\"summary_large_image\" \/>\n<meta name=\"twitter:site\" content=\"@gamecardshop_\" \/>\n<meta name=\"twitter:label1\" content=\"Arvioitu lukuaika\" \/>\n\t<meta name=\"twitter:data1\" content=\"9 minuuttia\" \/>\n<script type=\"application\/ld+json\" class=\"yoast-schema-graph\">{\"@context\":\"https:\/\/schema.org\",\"@graph\":[{\"@type\":\"WebPage\",\"@id\":\"https:\/\/arturo.winandoffice.com\/terms-and-conditions\/\",\"url\":\"https:\/\/arturo.winandoffice.com\/terms-and-conditions\/\",\"name\":\"Terms and conditions - Arturo Card Shop\",\"isPartOf\":{\"@id\":\"https:\/\/arturo.winandoffice.com\/es\/#website\"},\"datePublished\":\"2020-12-16T16:19:20+00:00\",\"dateModified\":\"2025-10-08T20:10:35+00:00\",\"breadcrumb\":{\"@id\":\"https:\/\/arturo.winandoffice.com\/terms-and-conditions\/#breadcrumb\"},\"inLanguage\":\"fi\",\"potentialAction\":[{\"@type\":\"ReadAction\",\"target\":[\"https:\/\/arturo.winandoffice.com\/terms-and-conditions\/\"]}]},{\"@type\":\"BreadcrumbList\",\"@id\":\"https:\/\/arturo.winandoffice.com\/terms-and-conditions\/#breadcrumb\",\"itemListElement\":[{\"@type\":\"ListItem\",\"position\":1,\"name\":\"Home\",\"item\":\"https:\/\/arturo.winandoffice.com\/\"},{\"@type\":\"ListItem\",\"position\":2,\"name\":\"Terms and conditions\"}]},{\"@type\":\"WebSite\",\"@id\":\"https:\/\/arturo.winandoffice.com\/es\/#website\",\"url\":\"https:\/\/arturo.winandoffice.com\/es\/\",\"name\":\"Arturo Card Shop\",\"description\":\"Buy your office\",\"publisher\":{\"@id\":\"https:\/\/arturo.winandoffice.com\/es\/#organization\"},\"potentialAction\":[{\"@type\":\"SearchAction\",\"target\":{\"@type\":\"EntryPoint\",\"urlTemplate\":\"https:\/\/arturo.winandoffice.com\/es\/?s={search_term_string}\"},\"query-input\":{\"@type\":\"PropertyValueSpecification\",\"valueRequired\":true,\"valueName\":\"search_term_string\"}}],\"inLanguage\":\"fi\"},{\"@type\":\"Organization\",\"@id\":\"https:\/\/arturo.winandoffice.com\/es\/#organization\",\"name\":\"Arturo Card Shop\",\"url\":\"https:\/\/arturo.winandoffice.com\/es\/\",\"logo\":{\"@type\":\"ImageObject\",\"inLanguage\":\"fi\",\"@id\":\"https:\/\/arturo.winandoffice.com\/es\/#\/schema\/logo\/image\/\",\"url\":\"https:\/\/arturo.winandoffice.com\/wp-content\/uploads\/2022\/10\/logo.png\",\"contentUrl\":\"https:\/\/arturo.winandoffice.com\/wp-content\/uploads\/2022\/10\/logo.png\",\"width\":1710,\"height\":175,\"caption\":\"Arturo Card Shop\"},\"image\":{\"@id\":\"https:\/\/arturo.winandoffice.com\/es\/#\/schema\/logo\/image\/\"},\"sameAs\":[\"https:\/\/www.facebook.com\/Gamecardshopdotcom\",\"https:\/\/x.com\/gamecardshop_\",\"https:\/\/www.youtube.com\/@gamecardshop\",\"https:\/\/www.youtube.com\/@arturo.winandoffice.com_\",\"https:\/\/de.trustpilot.com\/review\/arturo.winandoffice.com\",\"https:\/\/www.provenexpert.com\/game-card-shop\/\",\"https:\/\/www.tiktok.com\/@arturo.winandoffice.com\",\"https:\/\/www.shopauskunft.de\/review\/arturo.winandoffice.com\",\"https:\/\/www.ausgezeichnet.org\/bewertungen-arturo.winandoffice.com-HNVDH\",\"https:\/\/www.trustedshops.eu\/buyerrating\/info_X93C3F0168B7533F969FC6C787543C130.html\"]}]}<\/script>\n<!-- \/ Yoast SEO plugin. -->","yoast_head_json":{"title":"Terms and conditions - Arturo Card Shop","robots":{"index":"index","follow":"follow","max-snippet":"max-snippet:-1","max-image-preview":"max-image-preview:large","max-video-preview":"max-video-preview:-1"},"canonical":"https:\/\/arturo.winandoffice.com\/fi\/terms-and-conditions\/","og_locale":"fi_FI","og_type":"article","og_title":"Terms and conditions - Arturo Card Shop","og_url":"https:\/\/arturo.winandoffice.com\/fi\/terms-and-conditions\/","og_site_name":"Arturo Card Shop","article_publisher":"https:\/\/www.facebook.com\/Gamecardshopdotcom","article_modified_time":"2025-10-08T20:10:35+00:00","twitter_card":"summary_large_image","twitter_site":"@gamecardshop_","twitter_misc":{"Arvioitu lukuaika":"9 minuuttia"},"schema":{"@context":"https:\/\/schema.org","@graph":[{"@type":"WebPage","@id":"https:\/\/arturo.winandoffice.com\/terms-and-conditions\/","url":"https:\/\/arturo.winandoffice.com\/terms-and-conditions\/","name":"Terms and conditions - Arturo Card Shop","isPartOf":{"@id":"https:\/\/arturo.winandoffice.com\/es\/#website"},"datePublished":"2020-12-16T16:19:20+00:00","dateModified":"2025-10-08T20:10:35+00:00","breadcrumb":{"@id":"https:\/\/arturo.winandoffice.com\/terms-and-conditions\/#breadcrumb"},"inLanguage":"fi","potentialAction":[{"@type":"ReadAction","target":["https:\/\/arturo.winandoffice.com\/terms-and-conditions\/"]}]},{"@type":"BreadcrumbList","@id":"https:\/\/arturo.winandoffice.com\/terms-and-conditions\/#breadcrumb","itemListElement":[{"@type":"ListItem","position":1,"name":"Home","item":"https:\/\/arturo.winandoffice.com\/"},{"@type":"ListItem","position":2,"name":"Terms and conditions"}]},{"@type":"WebSite","@id":"https:\/\/arturo.winandoffice.com\/es\/#website","url":"https:\/\/arturo.winandoffice.com\/es\/","name":"Arturo Card Shop","description":"Osta toimistosi","publisher":{"@id":"https:\/\/arturo.winandoffice.com\/es\/#organization"},"potentialAction":[{"@type":"SearchAction","target":{"@type":"EntryPoint","urlTemplate":"https:\/\/arturo.winandoffice.com\/es\/?s={search_term_string}"},"query-input":{"@type":"PropertyValueSpecification","valueRequired":true,"valueName":"search_term_string"}}],"inLanguage":"fi"},{"@type":"Organization","@id":"https:\/\/arturo.winandoffice.com\/es\/#organization","name":"Arturo Card Shop","url":"https:\/\/arturo.winandoffice.com\/es\/","logo":{"@type":"ImageObject","inLanguage":"fi","@id":"https:\/\/arturo.winandoffice.com\/es\/#\/schema\/logo\/image\/","url":"https:\/\/arturo.winandoffice.com\/wp-content\/uploads\/2022\/10\/logo.png","contentUrl":"https:\/\/arturo.winandoffice.com\/wp-content\/uploads\/2022\/10\/logo.png","width":1710,"height":175,"caption":"Arturo Card Shop"},"image":{"@id":"https:\/\/arturo.winandoffice.com\/es\/#\/schema\/logo\/image\/"},"sameAs":["https:\/\/www.facebook.com\/Gamecardshopdotcom","https:\/\/x.com\/gamecardshop_","https:\/\/www.youtube.com\/@gamecardshop","https:\/\/www.youtube.com\/@arturo.winandoffice.com_","https:\/\/de.trustpilot.com\/review\/arturo.winandoffice.com","https:\/\/www.provenexpert.com\/game-card-shop\/","https:\/\/www.tiktok.com\/@arturo.winandoffice.com","https:\/\/www.shopauskunft.de\/review\/arturo.winandoffice.com","https:\/\/www.ausgezeichnet.org\/bewertungen-arturo.winandoffice.com-HNVDH","https:\/\/www.trustedshops.eu\/buyerrating\/info_X93C3F0168B7533F969FC6C787543C130.html"]}]}},"acf":[],"_links":{"self":[{"href":"https:\/\/arturo.winandoffice.com\/fi\/wp-json\/wp\/v2\/pages\/2096","targetHints":{"allow":["GET"]}}],"collection":[{"href":"https:\/\/arturo.winandoffice.com\/fi\/wp-json\/wp\/v2\/pages"}],"about":[{"href":"https:\/\/arturo.winandoffice.com\/fi\/wp-json\/wp\/v2\/types\/page"}],"author":[{"embeddable":true,"href":"https:\/\/arturo.winandoffice.com\/fi\/wp-json\/wp\/v2\/users\/1"}],"replies":[{"embeddable":true,"href":"https:\/\/arturo.winandoffice.com\/fi\/wp-json\/wp\/v2\/comments?post=2096"}],"version-history":[{"count":0,"href":"https:\/\/arturo.winandoffice.com\/fi\/wp-json\/wp\/v2\/pages\/2096\/revisions"}],"wp:attachment":[{"href":"https:\/\/arturo.winandoffice.com\/fi\/wp-json\/wp\/v2\/media?parent=2096"}],"curies":[{"name":"wp","href":"https:\/\/api.w.org\/{rel}","templated":true}]}}