{"id":11056,"date":"2021-03-03T15:10:06","date_gmt":"2021-03-03T14:10:06","guid":{"rendered":"https:\/\/shop.winandoffice.com\/?page_id=11056"},"modified":"2021-03-03T15:10:06","modified_gmt":"2021-03-03T14:10:06","slug":"legal-basis","status":"publish","type":"page","link":"https:\/\/arturo.winandoffice.com\/fi\/legal-basis\/","title":{"rendered":"Oikeusperusta"},"content":{"rendered":"<p><span style=\"font-size: 20px\"><strong>Jakelulaki<\/strong><\/span><\/p>\n<p>Ohjelmistovalmistajat, kuten Microsoft tai Corel, sallivat sertifioitujen myyntikumppaneiden (j\u00e4lleenmyyjien) myyd\u00e4 tuotteita kuluttajille. My\u00f6nnet\u00e4\u00e4n niin sanottuja j\u00e4lleenmyyntioikeuksia. Vain valtuutetuilla kumppaneilla on oikeus myyd\u00e4 ohjelmistolisenssej\u00e4, ja ne ovat pakollisia valmistajan kumppaniohjelman j\u00e4seni\u00e4. J\u00e4lleenmyyjille annetaan ei-yksinomainen oikeus markkinoida ja jakaa lisensoituja ohjelmistoja aktiivisesti EU:n\/EFTA:n alueella. Myyntikumppanit voivat kuitenkin toimia my\u00f6s muilla alueilla, mik\u00e4 edellytt\u00e4\u00e4 kirjallista sopimusta.<\/p>\n<p>J\u00e4lleenmyyj\u00e4 on velvollinen tarjoamaan ohjelmistotuotteita valmistajan tuotenimill\u00e4. Omistusoikeuksia ja asiaankuuluvia tekij\u00e4noikeusilmoituksia on noudatettava. Kaikki tavaramerkit ja rekister\u00f6idyt tavaramerkit ovat valmistajiensa omaisuutta. Teknisten tietojen on aina vastattava valmistajan tietoja. Kuvia, kuvakkeita ja logoja k\u00e4ytet\u00e4\u00e4n tuotteiden tunnistamiseen. Myydyt tavarat ovat j\u00e4lleenmyyj\u00e4n omaisuutta, kunnes maksu on suoritettu kokonaisuudessaan.<\/p>\n<p><span style=\"font-size: 20px\"><strong>Lisenssilains\u00e4\u00e4d\u00e4nt\u00f6<\/strong><\/span><\/p>\n<p>Liittovaltion tuomioistuimen nykyisen oikeusk\u00e4yt\u00e4nn\u00f6n (BGH, tuomio 17. hein\u00e4kuuta 2013 - I ZR 129\/08) mukaan erikoismyyj\u00e4t ovat velvollisia dokumentoimaan tarjottujen ohjelmistojen laillisuuden ja lainmukaisuuden. Ohjelmistolisenssej\u00e4 saa laskea liikkeelle vain oikeudenhaltijan suostumuksella. Lisenssi my\u00f6nnet\u00e4\u00e4n maksua vastaan, jonka avulla voidaan saavuttaa ohjelmiston taloudellista arvoa vastaava maksu. Oikeuksien haltija velvoittaa jakelijan myym\u00e4\u00e4n ohjelmistoa pysyv\u00e4sti ilman k\u00e4ytt\u00f6aikarajoitusta. Kuluttajalle ilmoitetaan, ett\u00e4 ohjelmistoon sovelletaan ohjelmiston valmistajan lisenssiehtoja ja tuotteen k\u00e4ytt\u00f6oikeuksia.<\/p>\n<p>Ostajalla on yksinkertainen ja rajoittamaton oikeus k\u00e4ytt\u00e4\u00e4 ohjelmistoa. H\u00e4n ei saa kopioida tai antaa muiden k\u00e4ytt\u00e4\u00e4 niit\u00e4. Monik\u00e4ytt\u00f6oikeudet edellytt\u00e4v\u00e4t erillist\u00e4 sopimusta.<\/p>\n<div id=\"gtx-trans\">\n<div class=\"gtx-trans-icon\"><\/div>\n<\/div>","protected":false},"excerpt":{"rendered":"<p>Distribution Law Software manufacturers like Microsoft or Corel allow certified sales partners (resellers) to sell products to consumers. So-called reseller rights are granted. Only authorized partners are entitled to sell software licenses and are mandatory members of the manufacturer&#8217;s partner program. Resellers are given the non-exclusive right to actively market and distribute licensed software within [&hellip;]<\/p>","protected":false},"author":1,"featured_media":0,"parent":0,"menu_order":0,"comment_status":"closed","ping_status":"closed","template":"","meta":{"_acf_changed":false,"footnotes":""},"class_list":["post-11056","page","type-page","status-publish","hentry"],"yoast_head":"<!-- This site is optimized with the Yoast SEO plugin v26.7 - https:\/\/yoast.com\/wordpress\/plugins\/seo\/ -->\n<title>Legal Basis - Arturo Card Shop<\/title>\n<meta name=\"robots\" content=\"index, follow, max-snippet:-1, max-image-preview:large, max-video-preview:-1\" \/>\n<link rel=\"canonical\" href=\"https:\/\/arturo.winandoffice.com\/fi\/legal-basis\/\" \/>\n<meta property=\"og:locale\" content=\"fi_FI\" \/>\n<meta property=\"og:type\" content=\"article\" \/>\n<meta property=\"og:title\" content=\"Legal Basis - Arturo Card Shop\" \/>\n<meta property=\"og:description\" content=\"Distribution Law Software manufacturers like Microsoft or Corel allow certified sales partners (resellers) to sell products to consumers. So-called reseller rights are granted. Only authorized partners are entitled to sell software licenses and are mandatory members of the manufacturer&#8217;s partner program. Resellers are given the non-exclusive right to actively market and distribute licensed software within [&hellip;]\" \/>\n<meta property=\"og:url\" content=\"https:\/\/arturo.winandoffice.com\/fi\/legal-basis\/\" \/>\n<meta property=\"og:site_name\" content=\"Arturo Card Shop\" \/>\n<meta property=\"article:publisher\" content=\"https:\/\/www.facebook.com\/Gamecardshopdotcom\" \/>\n<meta name=\"twitter:card\" content=\"summary_large_image\" \/>\n<meta name=\"twitter:site\" content=\"@gamecardshop_\" \/>\n<meta name=\"twitter:label1\" content=\"Arvioitu lukuaika\" \/>\n\t<meta name=\"twitter:data1\" content=\"2 minuuttia\" \/>\n<script type=\"application\/ld+json\" class=\"yoast-schema-graph\">{\"@context\":\"https:\/\/schema.org\",\"@graph\":[{\"@type\":\"WebPage\",\"@id\":\"https:\/\/arturo.winandoffice.com\/legal-basis\/\",\"url\":\"https:\/\/arturo.winandoffice.com\/legal-basis\/\",\"name\":\"Legal Basis - Arturo Card Shop\",\"isPartOf\":{\"@id\":\"https:\/\/arturo.winandoffice.com\/es\/#website\"},\"datePublished\":\"2021-03-03T14:10:06+00:00\",\"breadcrumb\":{\"@id\":\"https:\/\/arturo.winandoffice.com\/legal-basis\/#breadcrumb\"},\"inLanguage\":\"fi\",\"potentialAction\":[{\"@type\":\"ReadAction\",\"target\":[\"https:\/\/arturo.winandoffice.com\/legal-basis\/\"]}]},{\"@type\":\"BreadcrumbList\",\"@id\":\"https:\/\/arturo.winandoffice.com\/legal-basis\/#breadcrumb\",\"itemListElement\":[{\"@type\":\"ListItem\",\"position\":1,\"name\":\"Home\",\"item\":\"https:\/\/arturo.winandoffice.com\/\"},{\"@type\":\"ListItem\",\"position\":2,\"name\":\"Legal Basis\"}]},{\"@type\":\"WebSite\",\"@id\":\"https:\/\/arturo.winandoffice.com\/es\/#website\",\"url\":\"https:\/\/arturo.winandoffice.com\/es\/\",\"name\":\"Arturo Card Shop\",\"description\":\"Buy your office\",\"publisher\":{\"@id\":\"https:\/\/arturo.winandoffice.com\/es\/#organization\"},\"potentialAction\":[{\"@type\":\"SearchAction\",\"target\":{\"@type\":\"EntryPoint\",\"urlTemplate\":\"https:\/\/arturo.winandoffice.com\/es\/?s={search_term_string}\"},\"query-input\":{\"@type\":\"PropertyValueSpecification\",\"valueRequired\":true,\"valueName\":\"search_term_string\"}}],\"inLanguage\":\"fi\"},{\"@type\":\"Organization\",\"@id\":\"https:\/\/arturo.winandoffice.com\/es\/#organization\",\"name\":\"Arturo Card Shop\",\"url\":\"https:\/\/arturo.winandoffice.com\/es\/\",\"logo\":{\"@type\":\"ImageObject\",\"inLanguage\":\"fi\",\"@id\":\"https:\/\/arturo.winandoffice.com\/es\/#\/schema\/logo\/image\/\",\"url\":\"https:\/\/arturo.winandoffice.com\/wp-content\/uploads\/2022\/10\/logo.png\",\"contentUrl\":\"https:\/\/arturo.winandoffice.com\/wp-content\/uploads\/2022\/10\/logo.png\",\"width\":1710,\"height\":175,\"caption\":\"Arturo Card Shop\"},\"image\":{\"@id\":\"https:\/\/arturo.winandoffice.com\/es\/#\/schema\/logo\/image\/\"},\"sameAs\":[\"https:\/\/www.facebook.com\/Gamecardshopdotcom\",\"https:\/\/x.com\/gamecardshop_\",\"https:\/\/www.youtube.com\/@gamecardshop\",\"https:\/\/www.youtube.com\/@arturo.winandoffice.com_\",\"https:\/\/de.trustpilot.com\/review\/arturo.winandoffice.com\",\"https:\/\/www.provenexpert.com\/game-card-shop\/\",\"https:\/\/www.tiktok.com\/@arturo.winandoffice.com\",\"https:\/\/www.shopauskunft.de\/review\/arturo.winandoffice.com\",\"https:\/\/www.ausgezeichnet.org\/bewertungen-arturo.winandoffice.com-HNVDH\",\"https:\/\/www.trustedshops.eu\/buyerrating\/info_X93C3F0168B7533F969FC6C787543C130.html\"]}]}<\/script>\n<!-- \/ Yoast SEO plugin. -->","yoast_head_json":{"title":"Legal Basis - Arturo Card Shop","robots":{"index":"index","follow":"follow","max-snippet":"max-snippet:-1","max-image-preview":"max-image-preview:large","max-video-preview":"max-video-preview:-1"},"canonical":"https:\/\/arturo.winandoffice.com\/fi\/legal-basis\/","og_locale":"fi_FI","og_type":"article","og_title":"Legal Basis - Arturo Card Shop","og_description":"Distribution Law Software manufacturers like Microsoft or Corel allow certified sales partners (resellers) to sell products to consumers. So-called reseller rights are granted. Only authorized partners are entitled to sell software licenses and are mandatory members of the manufacturer&#8217;s partner program. Resellers are given the non-exclusive right to actively market and distribute licensed software within [&hellip;]","og_url":"https:\/\/arturo.winandoffice.com\/fi\/legal-basis\/","og_site_name":"Arturo Card Shop","article_publisher":"https:\/\/www.facebook.com\/Gamecardshopdotcom","twitter_card":"summary_large_image","twitter_site":"@gamecardshop_","twitter_misc":{"Arvioitu lukuaika":"2 minuuttia"},"schema":{"@context":"https:\/\/schema.org","@graph":[{"@type":"WebPage","@id":"https:\/\/arturo.winandoffice.com\/legal-basis\/","url":"https:\/\/arturo.winandoffice.com\/legal-basis\/","name":"Legal Basis - Arturo Card Shop","isPartOf":{"@id":"https:\/\/arturo.winandoffice.com\/es\/#website"},"datePublished":"2021-03-03T14:10:06+00:00","breadcrumb":{"@id":"https:\/\/arturo.winandoffice.com\/legal-basis\/#breadcrumb"},"inLanguage":"fi","potentialAction":[{"@type":"ReadAction","target":["https:\/\/arturo.winandoffice.com\/legal-basis\/"]}]},{"@type":"BreadcrumbList","@id":"https:\/\/arturo.winandoffice.com\/legal-basis\/#breadcrumb","itemListElement":[{"@type":"ListItem","position":1,"name":"Home","item":"https:\/\/arturo.winandoffice.com\/"},{"@type":"ListItem","position":2,"name":"Legal Basis"}]},{"@type":"WebSite","@id":"https:\/\/arturo.winandoffice.com\/es\/#website","url":"https:\/\/arturo.winandoffice.com\/es\/","name":"Arturo Card Shop","description":"Osta toimistosi","publisher":{"@id":"https:\/\/arturo.winandoffice.com\/es\/#organization"},"potentialAction":[{"@type":"SearchAction","target":{"@type":"EntryPoint","urlTemplate":"https:\/\/arturo.winandoffice.com\/es\/?s={search_term_string}"},"query-input":{"@type":"PropertyValueSpecification","valueRequired":true,"valueName":"search_term_string"}}],"inLanguage":"fi"},{"@type":"Organization","@id":"https:\/\/arturo.winandoffice.com\/es\/#organization","name":"Arturo Card Shop","url":"https:\/\/arturo.winandoffice.com\/es\/","logo":{"@type":"ImageObject","inLanguage":"fi","@id":"https:\/\/arturo.winandoffice.com\/es\/#\/schema\/logo\/image\/","url":"https:\/\/arturo.winandoffice.com\/wp-content\/uploads\/2022\/10\/logo.png","contentUrl":"https:\/\/arturo.winandoffice.com\/wp-content\/uploads\/2022\/10\/logo.png","width":1710,"height":175,"caption":"Arturo Card Shop"},"image":{"@id":"https:\/\/arturo.winandoffice.com\/es\/#\/schema\/logo\/image\/"},"sameAs":["https:\/\/www.facebook.com\/Gamecardshopdotcom","https:\/\/x.com\/gamecardshop_","https:\/\/www.youtube.com\/@gamecardshop","https:\/\/www.youtube.com\/@arturo.winandoffice.com_","https:\/\/de.trustpilot.com\/review\/arturo.winandoffice.com","https:\/\/www.provenexpert.com\/game-card-shop\/","https:\/\/www.tiktok.com\/@arturo.winandoffice.com","https:\/\/www.shopauskunft.de\/review\/arturo.winandoffice.com","https:\/\/www.ausgezeichnet.org\/bewertungen-arturo.winandoffice.com-HNVDH","https:\/\/www.trustedshops.eu\/buyerrating\/info_X93C3F0168B7533F969FC6C787543C130.html"]}]}},"acf":[],"_links":{"self":[{"href":"https:\/\/arturo.winandoffice.com\/fi\/wp-json\/wp\/v2\/pages\/11056","targetHints":{"allow":["GET"]}}],"collection":[{"href":"https:\/\/arturo.winandoffice.com\/fi\/wp-json\/wp\/v2\/pages"}],"about":[{"href":"https:\/\/arturo.winandoffice.com\/fi\/wp-json\/wp\/v2\/types\/page"}],"author":[{"embeddable":true,"href":"https:\/\/arturo.winandoffice.com\/fi\/wp-json\/wp\/v2\/users\/1"}],"replies":[{"embeddable":true,"href":"https:\/\/arturo.winandoffice.com\/fi\/wp-json\/wp\/v2\/comments?post=11056"}],"version-history":[{"count":0,"href":"https:\/\/arturo.winandoffice.com\/fi\/wp-json\/wp\/v2\/pages\/11056\/revisions"}],"wp:attachment":[{"href":"https:\/\/arturo.winandoffice.com\/fi\/wp-json\/wp\/v2\/media?parent=11056"}],"curies":[{"name":"wp","href":"https:\/\/api.w.org\/{rel}","templated":true}]}}