{"id":119781,"date":"2024-11-03T17:02:20","date_gmt":"2024-11-03T16:02:20","guid":{"rendered":"https:\/\/arturo.winandoffice.com\/?post_type=product&#038;p=119781"},"modified":"2025-09-03T21:40:23","modified_gmt":"2025-09-03T20:40:23","slug":"microsoft-visio-2024-professional-license-for-3-devices","status":"publish","type":"product","link":"https:\/\/arturo.winandoffice.com\/de\/produkt\/microsoft-visio-2024-professional-license-for-3-devices\/","title":{"rendered":"Microsoft Visio 2024 Professional License for 3 PC"},"content":{"rendered":"<div class=\"wpb-content-wrapper\"><div class=\"vc_row wpb_row vc_row-fluid\" style=\"background-position: None!important;  \"><div class=\"wpb_column vc_column_container vc_col-sm-12\"><div class=\"vc_column-inner\"><div class=\"wpb_wrapper\">\n\t<div class=\"wpb_text_column wpb_content_element\" >\n\t\t<div class=\"wpb_wrapper\">\n\t\t\t<p>Mit Microsoft Visio 2024 ist es f\u00fcr Einzelpersonen und Teams einfacher denn je, professionelle und vielseitige Diagramme f\u00fcr alle Anforderungen zu erstellen und gemeinsam zu nutzen. Es enth\u00e4lt aktualisierte Formen, Vorlagen und Stile sowie eine neue intuitive Suchleiste und ein aktualisiertes Erscheinungsbild, das eine vertraute Benutzererfahrung bietet, die mit anderen Office-Anwendungen abgestimmt ist.<\/p>\n<p>In Microsoft Visio 2024 finden Sie weiterhin alle Funktionen, die Sie gewohnt sind, und erhalten einige neue:<\/p>\n<ul>\n<li>Microsoft Visio 2024 bietet noch mehr Formen, Schablonen und Vorlagen, mit denen Sie Ihre Diagramme in k\u00fcrzerer Zeit erstellen k\u00f6nnen.<\/li>\n<li>Ein aktualisiertes Aussehen mit einem modernen Transparenzeffekt hinter der Leinwand und den Men\u00fcs verleiht Visio 2024 ein moderneres und schlankeres Aussehen.<\/li>\n<li>Visio 2024 verf\u00fcgt \u00fcber das neue Thema und Farbschema von Office 2024, einschlie\u00dflich Dark Mode, einer anpassbaren Oberfl\u00e4che und Verbesserungen f\u00fcr die Barrierefreiheit.<\/li>\n<li>Die Suche in Visio ist jetzt in der Titelleiste verf\u00fcgbar, wodurch sie leichter zug\u00e4nglich ist.<\/li>\n<li>Verbesserte Prozessanalysewerkzeuge wie Dynamic Blocks zur Analyse von Gesch\u00e4ftsprozessen und zur Visualisierung von Datenfl\u00fcssen<\/li>\n<\/ul>\n<p><strong>Hilfe und Unterst\u00fctzung:<\/strong><\/p>\n<p>Bei Fragen k\u00f6nnen Sie uns gerne kontaktieren <a href=\"mailto:support@arturo.winandoffice.com\" target=\"_blank\" rel=\"noopener\">per E-Mail<\/a>.&nbsp;Our customer service and support is available 7 days a week, 24 hours a day.<\/p>\n\n\t\t<\/div>\n\t<\/div>\n<\/div><\/div><\/div><\/div>\n<\/div>","protected":false},"excerpt":{"rendered":"<ul>\n<li>Microsoft Visio 2024 Professional Lizenz f\u00fcr 3 Ger\u00e4te<\/li>\n<li><strong>Mit dieser Lizenz kann die Software auf 3 verschiedenen Ger\u00e4ten aktiviert werden, z.B. Heim-PC, Notebook und Arbeits-PC.<\/strong><\/li>\n<li>Version f\u00fcr 32- und 64-Bit-Systeme, unbegrenzte Vollversionen der Software <strong>von zertifizierten Microsoft Gold Partnern<\/strong><\/li>\n<li><strong>Lebenslange Ersatzgarantie!<\/strong><\/li>\n<li>Lieferung per E-Mail: Produktschl\u00fcssel, Anleitung, Download-Links, Rechnung<\/li>\n<li>Sofortiger Download!<\/li>\n<li>Keine zeitliche Begrenzung, kein Abonnement<\/li>\n<li>Kostenloser 24\/7-Support bei Problemen mit der Installation und Aktivierung<\/li>\n<li>Keine Auslieferung auf Datentr\u00e4gern (USB, CD, etc.)<\/li>\n<li>Aktivierung online und per Telefon<\/li>\n<li>Sprachen: Englisch, Spanisch, Italienisch, Deutsch, Franz\u00f6sisch<\/li>\n<li><strong><span style=\"color: #008000\"> Dieses Produkt ist kompatibel mit Microsoft Windows.<\/span><\/strong><\/li>\n<li><strong><span style=\"color: #ff0000\">NOT compatible with Apple macOS\u2122, Apple Processors, Parallels for Mac, Android devices and Chromebooks.<\/span><\/strong><\/li>\n<\/ul>","protected":false},"featured_media":100000119736,"comment_status":"open","ping_status":"closed","template":"","meta":{"_acf_changed":false},"product_brand":[],"product_cat":[154,289],"product_tag":[281,158],"class_list":{"0":"post-119781","1":"product","2":"type-product","3":"status-publish","4":"has-post-thumbnail","6":"product_cat-microsoft-office","7":"product_cat-visio","8":"product_tag-281","9":"product_tag-ms-office","11":"first","12":"instock","13":"virtual","14":"taxable","15":"purchasable","16":"product-type-simple"},"yoast_head":"<!-- This site is optimized with the Yoast SEO plugin v26.7 - https:\/\/yoast.com\/wordpress\/plugins\/seo\/ -->\n<title>Microsoft Visio 2024 Professional License for 3 PC - Arturo Card Shop<\/title>\n<meta name=\"robots\" content=\"index, follow, max-snippet:-1, max-image-preview:large, max-video-preview:-1\" \/>\n<link rel=\"canonical\" href=\"https:\/\/arturo.winandoffice.com\/de\/produkt\/microsoft-visio-2024-professional-license-for-3-devices\/\" \/>\n<meta property=\"og:locale\" content=\"de_DE\" \/>\n<meta property=\"og:type\" content=\"article\" \/>\n<meta property=\"og:title\" content=\"Microsoft Visio 2024 Professional License for 3 PC - Arturo Card Shop\" \/>\n<meta property=\"og:description\" content=\"Microsoft Visio 2024 Professional license for 3 devices  With this license the software can be activated on 3 different devices, e.g. home PC, notebook and work PC.  Version for 32 and 64 bit systems, full unlimited versions of software from certified Microsoft Gold Partner  Lifetime Replacement Warranty!  Delivery by email: product key, instructions, download links, invoice  Instant download!  No time limit, no subscription  Free support 24\/7 for issues with installation and activation  No delivery on data storage (USB, CD, etc.)  Activation online and by phone  Languages: English, Spanish, Italian, German, French   This product is compatible with Microsoft Windows.  NOT compatible with Apple macOS\u2122, Apple Processors, Parallels for Mac, Android devices and Chromebooks.\" \/>\n<meta property=\"og:url\" content=\"https:\/\/arturo.winandoffice.com\/de\/produkt\/microsoft-visio-2024-professional-license-for-3-devices\/\" \/>\n<meta property=\"og:site_name\" content=\"Arturo Card Shop\" \/>\n<meta property=\"article:publisher\" content=\"https:\/\/www.facebook.com\/Gamecardshopdotcom\" \/>\n<meta property=\"article:modified_time\" content=\"2025-09-03T20:40:23+00:00\" \/>\n<meta name=\"twitter:card\" content=\"summary_large_image\" \/>\n<meta name=\"twitter:site\" content=\"@gamecardshop_\" \/>\n<meta name=\"twitter:label1\" content=\"Gesch\u00e4tzte Lesezeit\" \/>\n\t<meta name=\"twitter:data1\" content=\"2\u00a0Minuten\" \/>\n<script type=\"application\/ld+json\" class=\"yoast-schema-graph\">{\"@context\":\"https:\/\/schema.org\",\"@graph\":[{\"@type\":\"WebPage\",\"@id\":\"https:\/\/arturo.winandoffice.com\/produkt\/microsoft-visio-2024-professional-license-for-3-devices\/\",\"url\":\"https:\/\/arturo.winandoffice.com\/produkt\/microsoft-visio-2024-professional-license-for-3-devices\/\",\"name\":\"Microsoft Visio 2024 Professional License for 3 PC - Arturo Card Shop\",\"isPartOf\":{\"@id\":\"https:\/\/arturo.winandoffice.com\/es\/#website\"},\"primaryImageOfPage\":{\"@id\":\"https:\/\/arturo.winandoffice.com\/produkt\/microsoft-visio-2024-professional-license-for-3-devices\/#primaryimage\"},\"image\":{\"@id\":\"https:\/\/arturo.winandoffice.com\/produkt\/microsoft-visio-2024-professional-license-for-3-devices\/#primaryimage\"},\"thumbnailUrl\":\"https:\/\/arturo.winandoffice.com\/wp-content\/uploads\/2024\/11\/V24P.jpg\",\"datePublished\":\"2024-11-03T16:02:20+00:00\",\"dateModified\":\"2025-09-03T20:40:23+00:00\",\"breadcrumb\":{\"@id\":\"https:\/\/arturo.winandoffice.com\/produkt\/microsoft-visio-2024-professional-license-for-3-devices\/#breadcrumb\"},\"inLanguage\":\"de\",\"potentialAction\":[{\"@type\":\"ReadAction\",\"target\":[\"https:\/\/arturo.winandoffice.com\/produkt\/microsoft-visio-2024-professional-license-for-3-devices\/\"]}]},{\"@type\":\"ImageObject\",\"inLanguage\":\"de\",\"@id\":\"https:\/\/arturo.winandoffice.com\/produkt\/microsoft-visio-2024-professional-license-for-3-devices\/#primaryimage\",\"url\":\"https:\/\/arturo.winandoffice.com\/wp-content\/uploads\/2024\/11\/V24P.jpg\",\"contentUrl\":\"https:\/\/arturo.winandoffice.com\/wp-content\/uploads\/2024\/11\/V24P.jpg\"},{\"@type\":\"BreadcrumbList\",\"@id\":\"https:\/\/arturo.winandoffice.com\/produkt\/microsoft-visio-2024-professional-license-for-3-devices\/#breadcrumb\",\"itemListElement\":[{\"@type\":\"ListItem\",\"position\":1,\"name\":\"Home\",\"item\":\"https:\/\/arturo.winandoffice.com\/\"},{\"@type\":\"ListItem\",\"position\":2,\"name\":\"Shop\",\"item\":\"https:\/\/arturo.winandoffice.com\/shop\/\"},{\"@type\":\"ListItem\",\"position\":3,\"name\":\"Microsoft Visio 2024 Professional License for 3 PC\"}]},{\"@type\":\"WebSite\",\"@id\":\"https:\/\/arturo.winandoffice.com\/es\/#website\",\"url\":\"https:\/\/arturo.winandoffice.com\/es\/\",\"name\":\"Arturo Card Shop\",\"description\":\"Buy your office\",\"publisher\":{\"@id\":\"https:\/\/arturo.winandoffice.com\/es\/#organization\"},\"potentialAction\":[{\"@type\":\"SearchAction\",\"target\":{\"@type\":\"EntryPoint\",\"urlTemplate\":\"https:\/\/arturo.winandoffice.com\/es\/?s={search_term_string}\"},\"query-input\":{\"@type\":\"PropertyValueSpecification\",\"valueRequired\":true,\"valueName\":\"search_term_string\"}}],\"inLanguage\":\"de\"},{\"@type\":\"Organization\",\"@id\":\"https:\/\/arturo.winandoffice.com\/es\/#organization\",\"name\":\"Arturo Card Shop\",\"url\":\"https:\/\/arturo.winandoffice.com\/es\/\",\"logo\":{\"@type\":\"ImageObject\",\"inLanguage\":\"de\",\"@id\":\"https:\/\/arturo.winandoffice.com\/es\/#\/schema\/logo\/image\/\",\"url\":\"https:\/\/arturo.winandoffice.com\/wp-content\/uploads\/2022\/10\/logo.png\",\"contentUrl\":\"https:\/\/arturo.winandoffice.com\/wp-content\/uploads\/2022\/10\/logo.png\",\"width\":1710,\"height\":175,\"caption\":\"Arturo Card Shop\"},\"image\":{\"@id\":\"https:\/\/arturo.winandoffice.com\/es\/#\/schema\/logo\/image\/\"},\"sameAs\":[\"https:\/\/www.facebook.com\/Gamecardshopdotcom\",\"https:\/\/x.com\/gamecardshop_\",\"https:\/\/www.youtube.com\/@gamecardshop\",\"https:\/\/www.youtube.com\/@arturo.winandoffice.com_\",\"https:\/\/de.trustpilot.com\/review\/arturo.winandoffice.com\",\"https:\/\/www.provenexpert.com\/game-card-shop\/\",\"https:\/\/www.tiktok.com\/@arturo.winandoffice.com\",\"https:\/\/www.shopauskunft.de\/review\/arturo.winandoffice.com\",\"https:\/\/www.ausgezeichnet.org\/bewertungen-arturo.winandoffice.com-HNVDH\",\"https:\/\/www.trustedshops.eu\/buyerrating\/info_X93C3F0168B7533F969FC6C787543C130.html\"]}]}<\/script>\n<!-- \/ Yoast SEO plugin. -->","yoast_head_json":{"title":"Microsoft Visio 2024 Professional License for 3 PC - Arturo Card Shop","robots":{"index":"index","follow":"follow","max-snippet":"max-snippet:-1","max-image-preview":"max-image-preview:large","max-video-preview":"max-video-preview:-1"},"canonical":"https:\/\/arturo.winandoffice.com\/de\/produkt\/microsoft-visio-2024-professional-license-for-3-devices\/","og_locale":"de_DE","og_type":"article","og_title":"Microsoft Visio 2024 Professional License for 3 PC - Arturo Card Shop","og_description":"Microsoft Visio 2024 Professional license for 3 devices  With this license the software can be activated on 3 different devices, e.g. home PC, notebook and work PC.  Version for 32 and 64 bit systems, full unlimited versions of software from certified Microsoft Gold Partner  Lifetime Replacement Warranty!  Delivery by email: product key, instructions, download links, invoice  Instant download!  No time limit, no subscription  Free support 24\/7 for issues with installation and activation  No delivery on data storage (USB, CD, etc.)  Activation online and by phone  Languages: English, Spanish, Italian, German, French   This product is compatible with Microsoft Windows.  NOT compatible with Apple macOS\u2122, Apple Processors, Parallels for Mac, Android devices and Chromebooks.","og_url":"https:\/\/arturo.winandoffice.com\/de\/produkt\/microsoft-visio-2024-professional-license-for-3-devices\/","og_site_name":"Arturo Card Shop","article_publisher":"https:\/\/www.facebook.com\/Gamecardshopdotcom","article_modified_time":"2025-09-03T20:40:23+00:00","twitter_card":"summary_large_image","twitter_site":"@gamecardshop_","twitter_misc":{"Gesch\u00e4tzte Lesezeit":"2\u00a0Minuten"},"schema":{"@context":"https:\/\/schema.org","@graph":[{"@type":"WebPage","@id":"https:\/\/arturo.winandoffice.com\/produkt\/microsoft-visio-2024-professional-license-for-3-devices\/","url":"https:\/\/arturo.winandoffice.com\/produkt\/microsoft-visio-2024-professional-license-for-3-devices\/","name":"Microsoft Visio 2024 Professional License for 3 PC - Arturo Card Shop","isPartOf":{"@id":"https:\/\/arturo.winandoffice.com\/es\/#website"},"primaryImageOfPage":{"@id":"https:\/\/arturo.winandoffice.com\/produkt\/microsoft-visio-2024-professional-license-for-3-devices\/#primaryimage"},"image":{"@id":"https:\/\/arturo.winandoffice.com\/produkt\/microsoft-visio-2024-professional-license-for-3-devices\/#primaryimage"},"thumbnailUrl":"https:\/\/arturo.winandoffice.com\/wp-content\/uploads\/2024\/11\/V24P.jpg","datePublished":"2024-11-03T16:02:20+00:00","dateModified":"2025-09-03T20:40:23+00:00","breadcrumb":{"@id":"https:\/\/arturo.winandoffice.com\/produkt\/microsoft-visio-2024-professional-license-for-3-devices\/#breadcrumb"},"inLanguage":"de","potentialAction":[{"@type":"ReadAction","target":["https:\/\/arturo.winandoffice.com\/produkt\/microsoft-visio-2024-professional-license-for-3-devices\/"]}]},{"@type":"ImageObject","inLanguage":"de","@id":"https:\/\/arturo.winandoffice.com\/produkt\/microsoft-visio-2024-professional-license-for-3-devices\/#primaryimage","url":"https:\/\/arturo.winandoffice.com\/wp-content\/uploads\/2024\/11\/V24P.jpg","contentUrl":"https:\/\/arturo.winandoffice.com\/wp-content\/uploads\/2024\/11\/V24P.jpg"},{"@type":"BreadcrumbList","@id":"https:\/\/arturo.winandoffice.com\/produkt\/microsoft-visio-2024-professional-license-for-3-devices\/#breadcrumb","itemListElement":[{"@type":"ListItem","position":1,"name":"Home","item":"https:\/\/arturo.winandoffice.com\/"},{"@type":"ListItem","position":2,"name":"Shop","item":"https:\/\/arturo.winandoffice.com\/shop\/"},{"@type":"ListItem","position":3,"name":"Microsoft Visio 2024 Professional License for 3 PC"}]},{"@type":"WebSite","@id":"https:\/\/arturo.winandoffice.com\/es\/#website","url":"https:\/\/arturo.winandoffice.com\/es\/","name":"Arturo Card Shop","description":"Buy your office","publisher":{"@id":"https:\/\/arturo.winandoffice.com\/es\/#organization"},"potentialAction":[{"@type":"SearchAction","target":{"@type":"EntryPoint","urlTemplate":"https:\/\/arturo.winandoffice.com\/es\/?s={search_term_string}"},"query-input":{"@type":"PropertyValueSpecification","valueRequired":true,"valueName":"search_term_string"}}],"inLanguage":"de"},{"@type":"Organization","@id":"https:\/\/arturo.winandoffice.com\/es\/#organization","name":"Arturo Card Shop","url":"https:\/\/arturo.winandoffice.com\/es\/","logo":{"@type":"ImageObject","inLanguage":"de","@id":"https:\/\/arturo.winandoffice.com\/es\/#\/schema\/logo\/image\/","url":"https:\/\/arturo.winandoffice.com\/wp-content\/uploads\/2022\/10\/logo.png","contentUrl":"https:\/\/arturo.winandoffice.com\/wp-content\/uploads\/2022\/10\/logo.png","width":1710,"height":175,"caption":"Arturo Card Shop"},"image":{"@id":"https:\/\/arturo.winandoffice.com\/es\/#\/schema\/logo\/image\/"},"sameAs":["https:\/\/www.facebook.com\/Gamecardshopdotcom","https:\/\/x.com\/gamecardshop_","https:\/\/www.youtube.com\/@gamecardshop","https:\/\/www.youtube.com\/@arturo.winandoffice.com_","https:\/\/de.trustpilot.com\/review\/arturo.winandoffice.com","https:\/\/www.provenexpert.com\/game-card-shop\/","https:\/\/www.tiktok.com\/@arturo.winandoffice.com","https:\/\/www.shopauskunft.de\/review\/arturo.winandoffice.com","https:\/\/www.ausgezeichnet.org\/bewertungen-arturo.winandoffice.com-HNVDH","https:\/\/www.trustedshops.eu\/buyerrating\/info_X93C3F0168B7533F969FC6C787543C130.html"]}]}},"acf":[],"_links":{"self":[{"href":"https:\/\/arturo.winandoffice.com\/de\/wp-json\/wp\/v2\/product\/119781","targetHints":{"allow":["GET"]}}],"collection":[{"href":"https:\/\/arturo.winandoffice.com\/de\/wp-json\/wp\/v2\/product"}],"about":[{"href":"https:\/\/arturo.winandoffice.com\/de\/wp-json\/wp\/v2\/types\/product"}],"replies":[{"embeddable":true,"href":"https:\/\/arturo.winandoffice.com\/de\/wp-json\/wp\/v2\/comments?post=119781"}],"wp:featuredmedia":[{"embeddable":true,"href":"https:\/\/arturo.winandoffice.com\/de\/wp-json\/"}],"wp:attachment":[{"href":"https:\/\/arturo.winandoffice.com\/de\/wp-json\/wp\/v2\/media?parent=119781"}],"wp:term":[{"taxonomy":"product_brand","embeddable":true,"href":"https:\/\/arturo.winandoffice.com\/de\/wp-json\/wp\/v2\/product_brand?post=119781"},{"taxonomy":"product_cat","embeddable":true,"href":"https:\/\/arturo.winandoffice.com\/de\/wp-json\/wp\/v2\/product_cat?post=119781"},{"taxonomy":"product_tag","embeddable":true,"href":"https:\/\/arturo.winandoffice.com\/de\/wp-json\/wp\/v2\/product_tag?post=119781"}],"curies":[{"name":"wp","href":"https:\/\/api.w.org\/{rel}","templated":true}]}}