{"id":119210,"date":"2024-10-20T16:03:49","date_gmt":"2024-10-20T15:03:49","guid":{"rendered":"https:\/\/arturo.winandoffice.com\/?post_type=product&#038;p=119210"},"modified":"2025-09-03T21:41:31","modified_gmt":"2025-09-03T20:41:31","slug":"microsoft-office-2024-standard-microsoft-office-2021-professional-plus-license-for-3-devices","status":"publish","type":"product","link":"https:\/\/arturo.winandoffice.com\/de\/produkt\/microsoft-office-2024-standard-microsoft-office-2021-professional-plus-license-for-3-devices\/","title":{"rendered":"Microsoft Office 2024 Standard + Microsoft Office 2021 Professional Plus License for 3 PC"},"content":{"rendered":"<div class=\"wpb-content-wrapper\"><div class=\"vc_row wpb_row vc_row-fluid\" style=\"background-position: None!important;  \"><div class=\"wpb_column vc_column_container vc_col-sm-12\"><div class=\"vc_column-inner\"><div class=\"wpb_wrapper\">\n\t<div class=\"wpb_text_column wpb_content_element\" >\n\t\t<div class=\"wpb_wrapper\">\n\t\t\t<h3><strong>Microsoft Office 2024 Standard<br \/>\n<\/strong><\/h3>\n<div style=\"margin-bottom: 15px;\"><strong>Mit dieser Lizenz kann die Software auf 3 verschiedenen Ger\u00e4ten aktiviert werden, z.B. Heim-PC, Notebook und Arbeits-PC.<\/strong><\/div>\n<div style=\"margin-bottom: 15px;\">Microsoft Office users who use the full range of applications at home or in the office are well advised with the Microsoft Office 2024 Standard. All important programs are included: Word, Excel, Outlook and PowerPoint. OneNote is now available for download from the Microsoft Windows Store so that you can quickly take notes and make them available on all devices via the cloud. Due to the wide range of different programs, the Standard&nbsp; version is aimed primarily at people who work at home, in the home office or who are looking for a powerful, reliable solution in an office to organize documents, tables, etc.<\/div>\n<ul>\n<li><strong>Wort<\/strong>: Erstellen Sie im Handumdrehen Textdokumente in professioneller Qualit\u00e4t.<\/li>\n<li><strong>Excel<\/strong>: Intelligente Tabellenkalkulation f\u00fcr das Informationsmanagement.<\/li>\n<li><strong>PowerPoint<\/strong>: Erstellen Sie beeindruckende dynamische Pr\u00e4sentationen.<\/li>\n<li><strong>Ausblick<\/strong>: Kommunikation leicht gemacht.<\/li>\n<\/ul>\n<div>\n<p><strong>Voraussetzung f\u00fcr das Betriebssystem: Microsoft Windows 10 oder 11<\/strong><\/p>\n<\/div>\n<hr>\n<h3><strong>Microsoft Office 2021 Professional Plus Lizenz f\u00fcr 3 Ger\u00e4te<\/strong><\/h3>\n<p>F\u00fcr alle, die ein robustes und zuverl\u00e4ssiges Set von Tools f\u00fcr den Einsatz zu Hause oder im B\u00fcro ben\u00f6tigen, bietet Microsoft Office 2021 Professional Plus Edition eine umfassende L\u00f6sung. Alle wichtigen Programme sind enthalten: Word, Excel, Outlook, PowerPoint, Publisher und Access. OneNote steht bereits im Microsoft Windows Store zum Download bereit, so dass Sie schnell Notizen machen k\u00f6nnen und diese \u00fcber die Cloud auf allen Ger\u00e4ten zur Verf\u00fcgung haben. Aufgrund der gro\u00dfen Auswahl an verschiedenen Programmen richtet sich die Professional Plus-Version vor allem an Personen, die von zu Hause aus arbeiten, ein Home Office betreiben oder eine leistungsstarke und zuverl\u00e4ssige Office-L\u00f6sung f\u00fcr die Organisation von Dokumenten, Tabellenkalkulationen usw. suchen.<\/p>\n<p><strong>Hauptmerkmale von Microsoft Office 2021 Professional Plus:<\/strong><\/p>\n<ul>\n<li><strong>Wort<\/strong>: Erstellen Sie im Handumdrehen Textdokumente in professioneller Qualit\u00e4t.<\/li>\n<li><strong>Excel<\/strong>: Intelligente Tabellenkalkulation zur Verwaltung von Informationen.<\/li>\n<li><strong>PowerPoint<\/strong>: Erstellen Sie beeindruckende dynamische Pr\u00e4sentationen.<\/li>\n<li><strong>OneNote<\/strong>: Ihr digitales Notizbuch.<\/li>\n<li><strong>Ausblick<\/strong>: Kommunikation leicht gemacht.<\/li>\n<li><strong>Herausgeber<\/strong>: Layout von Fachpublikationen.<\/li>\n<li><strong>Zugang<\/strong>: Datenbankprogrammierung f\u00fcr browserbasierte Anwendungen.<\/li>\n<li><strong>Microsoft-Mannschaften<\/strong>: H\u00f6here Produktivit\u00e4t durch Instant Messaging und HD-Videokonferenzen. (als separater Download verf\u00fcgbar)<\/li>\n<\/ul>\n<p>HINWEIS: Microsoft b\u00fcndelt nicht mehr eine Teams-Lizenz mit Office-Produkten aufgrund einer <a href=\"https:\/\/blogs.microsoft.com\/eupolicy\/2023\/08\/31\/european-competition-teams-office-microsoft-365\/\" target=\"_blank\" rel=\"noopener\">Untersuchung der Europ\u00e4ischen Kommission<\/a>. Sie k\u00f6nnen <a href=\"https:\/\/www.microsoft.com\/en-us\/microsoft-teams\/download-app\" target=\"_blank\" rel=\"noopener\">Teams herunterladen<\/a> zur Verwendung mit einer kostenlosen oder kostenpflichtigen Lizenz (separater Kauf), je nach Ihren Bed\u00fcrfnissen.<\/p>\n<p><strong>Hilfe und Unterst\u00fctzung:<\/strong><\/p>\n<p>Bei Fragen k\u00f6nnen Sie uns gerne kontaktieren <a href=\"mailto:support@arturo.winandoffice.com\" target=\"_blank\" rel=\"noopener\">per E-Mail<\/a>.&nbsp;Our customer service and support is available 7 days a week, 24 hours a day.<\/p>\n\n\t\t<\/div>\n\t<\/div>\n<\/div><\/div><\/div><\/div>\n<\/div>","protected":false},"excerpt":{"rendered":"<ul>\n<li>Microsoft Office 2024 Standardlizenz f\u00fcr 3 Ger\u00e4te<\/li>\n<li>Microsoft Office 2021 Professional Plus Lizenz f\u00fcr 3 Ger\u00e4te<\/li>\n<li><strong>Mit dieser Lizenz kann die Software auf 3 verschiedenen Ger\u00e4ten aktiviert werden, z.B. Heim-PC, Notebook und Arbeits-PC.<\/strong><\/li>\n<li>Version f\u00fcr 32- und 64-Bit-Systeme, unbegrenzte Vollversionen der Software <strong>von zertifizierten Microsoft Gold Partnern<\/strong><\/li>\n<li><strong>Lebenslange Ersatzgarantie!<\/strong><\/li>\n<li>Lieferung per E-Mail: Produktschl\u00fcssel, Anleitung, Download-Links, Rechnung<\/li>\n<li>Sofortiger Download!<\/li>\n<li>Keine zeitliche Begrenzung, kein Abonnement<\/li>\n<li>Kostenloser 24\/7-Support bei Problemen mit der Installation und Aktivierung<\/li>\n<li>Keine Auslieferung auf Datentr\u00e4gern (USB, CD, etc.)<\/li>\n<li>Aktivierung online und per Telefon<\/li>\n<li>Sprachen: Englisch, Spanisch, Italienisch, Deutsch, Franz\u00f6sisch<\/li>\n<li><strong><span style=\"color: #008000\"> Dieses Produkt ist kompatibel mit Microsoft Windows.<\/span><\/strong><\/li>\n<li><strong><span style=\"color: #ff0000\">NOT compatible with Apple macOS\u2122, Apple Processors, Parallels for Mac, Android devices and Chromebooks.<\/span><\/strong><\/li>\n<\/ul>","protected":false},"featured_media":100000119106,"comment_status":"closed","ping_status":"closed","template":"","meta":{"_acf_changed":false},"product_brand":[],"product_cat":[154,280,156],"product_tag":[281,158],"class_list":{"0":"post-119210","1":"product","2":"type-product","3":"status-publish","4":"has-post-thumbnail","6":"product_cat-microsoft-office","7":"product_cat-280","8":"product_cat-popular","9":"product_tag-281","10":"product_tag-ms-office","12":"first","13":"instock","14":"sale","15":"virtual","16":"taxable","17":"purchasable","18":"product-type-simple"},"yoast_head":"<!-- This site is optimized with the Yoast SEO plugin v26.7 - https:\/\/yoast.com\/wordpress\/plugins\/seo\/ -->\n<title>Microsoft Office 2024 Standard + Microsoft Office 2021 Professional Plus<\/title>\n<meta name=\"description\" content=\"Microsoft Office 2024 Standard + Microsoft Office 2021 Pro Plus license for 3 devices from certified Microsoft Gold Partner\" \/>\n<meta name=\"robots\" content=\"index, follow, max-snippet:-1, max-image-preview:large, max-video-preview:-1\" \/>\n<link rel=\"canonical\" href=\"https:\/\/arturo.winandoffice.com\/de\/produkt\/microsoft-office-2024-standard-microsoft-office-2021-professional-plus-license-for-3-devices\/\" \/>\n<meta property=\"og:locale\" content=\"de_DE\" \/>\n<meta property=\"og:type\" content=\"article\" \/>\n<meta property=\"og:title\" content=\"Microsoft Office 2024 Standard + Microsoft Office 2021 Professional Plus\" \/>\n<meta property=\"og:description\" content=\"Microsoft Office 2024 Standard + Microsoft Office 2021 Pro Plus license for 3 devices from certified Microsoft Gold Partner\" \/>\n<meta property=\"og:url\" content=\"https:\/\/arturo.winandoffice.com\/de\/produkt\/microsoft-office-2024-standard-microsoft-office-2021-professional-plus-license-for-3-devices\/\" \/>\n<meta property=\"og:site_name\" content=\"Arturo Card Shop\" \/>\n<meta property=\"article:publisher\" content=\"https:\/\/www.facebook.com\/Gamecardshopdotcom\" \/>\n<meta property=\"article:modified_time\" content=\"2025-09-03T20:41:31+00:00\" \/>\n<meta name=\"twitter:card\" content=\"summary_large_image\" \/>\n<meta name=\"twitter:site\" content=\"@gamecardshop_\" \/>\n<meta name=\"twitter:label1\" content=\"Gesch\u00e4tzte Lesezeit\" \/>\n\t<meta name=\"twitter:data1\" content=\"2\u00a0Minuten\" \/>\n<script type=\"application\/ld+json\" class=\"yoast-schema-graph\">{\"@context\":\"https:\/\/schema.org\",\"@graph\":[{\"@type\":\"WebPage\",\"@id\":\"https:\/\/arturo.winandoffice.com\/produkt\/microsoft-office-2024-standard-microsoft-office-2021-professional-plus-license-for-3-devices\/\",\"url\":\"https:\/\/arturo.winandoffice.com\/produkt\/microsoft-office-2024-standard-microsoft-office-2021-professional-plus-license-for-3-devices\/\",\"name\":\"Microsoft Office 2024 Standard + Microsoft Office 2021 Professional Plus\",\"isPartOf\":{\"@id\":\"https:\/\/arturo.winandoffice.com\/es\/#website\"},\"primaryImageOfPage\":{\"@id\":\"https:\/\/arturo.winandoffice.com\/produkt\/microsoft-office-2024-standard-microsoft-office-2021-professional-plus-license-for-3-devices\/#primaryimage\"},\"image\":{\"@id\":\"https:\/\/arturo.winandoffice.com\/produkt\/microsoft-office-2024-standard-microsoft-office-2021-professional-plus-license-for-3-devices\/#primaryimage\"},\"thumbnailUrl\":\"https:\/\/arturo.winandoffice.com\/wp-content\/uploads\/2024\/10\/O24SO21PP.jpg\",\"datePublished\":\"2024-10-20T15:03:49+00:00\",\"dateModified\":\"2025-09-03T20:41:31+00:00\",\"description\":\"Microsoft Office 2024 Standard + Microsoft Office 2021 Pro Plus license for 3 devices from certified Microsoft Gold Partner\",\"breadcrumb\":{\"@id\":\"https:\/\/arturo.winandoffice.com\/produkt\/microsoft-office-2024-standard-microsoft-office-2021-professional-plus-license-for-3-devices\/#breadcrumb\"},\"inLanguage\":\"de\",\"potentialAction\":[{\"@type\":\"ReadAction\",\"target\":[\"https:\/\/arturo.winandoffice.com\/produkt\/microsoft-office-2024-standard-microsoft-office-2021-professional-plus-license-for-3-devices\/\"]}]},{\"@type\":\"ImageObject\",\"inLanguage\":\"de\",\"@id\":\"https:\/\/arturo.winandoffice.com\/produkt\/microsoft-office-2024-standard-microsoft-office-2021-professional-plus-license-for-3-devices\/#primaryimage\",\"url\":\"https:\/\/arturo.winandoffice.com\/wp-content\/uploads\/2024\/10\/O24SO21PP.jpg\",\"contentUrl\":\"https:\/\/arturo.winandoffice.com\/wp-content\/uploads\/2024\/10\/O24SO21PP.jpg\"},{\"@type\":\"BreadcrumbList\",\"@id\":\"https:\/\/arturo.winandoffice.com\/produkt\/microsoft-office-2024-standard-microsoft-office-2021-professional-plus-license-for-3-devices\/#breadcrumb\",\"itemListElement\":[{\"@type\":\"ListItem\",\"position\":1,\"name\":\"Home\",\"item\":\"https:\/\/arturo.winandoffice.com\/\"},{\"@type\":\"ListItem\",\"position\":2,\"name\":\"Shop\",\"item\":\"https:\/\/arturo.winandoffice.com\/shop\/\"},{\"@type\":\"ListItem\",\"position\":3,\"name\":\"Microsoft Office 2024 Standard + Microsoft Office 2021 Professional Plus License for 3 PC\"}]},{\"@type\":\"WebSite\",\"@id\":\"https:\/\/arturo.winandoffice.com\/es\/#website\",\"url\":\"https:\/\/arturo.winandoffice.com\/es\/\",\"name\":\"Arturo Card Shop\",\"description\":\"Buy your office\",\"publisher\":{\"@id\":\"https:\/\/arturo.winandoffice.com\/es\/#organization\"},\"potentialAction\":[{\"@type\":\"SearchAction\",\"target\":{\"@type\":\"EntryPoint\",\"urlTemplate\":\"https:\/\/arturo.winandoffice.com\/es\/?s={search_term_string}\"},\"query-input\":{\"@type\":\"PropertyValueSpecification\",\"valueRequired\":true,\"valueName\":\"search_term_string\"}}],\"inLanguage\":\"de\"},{\"@type\":\"Organization\",\"@id\":\"https:\/\/arturo.winandoffice.com\/es\/#organization\",\"name\":\"Arturo Card Shop\",\"url\":\"https:\/\/arturo.winandoffice.com\/es\/\",\"logo\":{\"@type\":\"ImageObject\",\"inLanguage\":\"de\",\"@id\":\"https:\/\/arturo.winandoffice.com\/es\/#\/schema\/logo\/image\/\",\"url\":\"https:\/\/arturo.winandoffice.com\/wp-content\/uploads\/2022\/10\/logo.png\",\"contentUrl\":\"https:\/\/arturo.winandoffice.com\/wp-content\/uploads\/2022\/10\/logo.png\",\"width\":1710,\"height\":175,\"caption\":\"Arturo Card Shop\"},\"image\":{\"@id\":\"https:\/\/arturo.winandoffice.com\/es\/#\/schema\/logo\/image\/\"},\"sameAs\":[\"https:\/\/www.facebook.com\/Gamecardshopdotcom\",\"https:\/\/x.com\/gamecardshop_\",\"https:\/\/www.youtube.com\/@gamecardshop\",\"https:\/\/www.youtube.com\/@arturo.winandoffice.com_\",\"https:\/\/de.trustpilot.com\/review\/arturo.winandoffice.com\",\"https:\/\/www.provenexpert.com\/game-card-shop\/\",\"https:\/\/www.tiktok.com\/@arturo.winandoffice.com\",\"https:\/\/www.shopauskunft.de\/review\/arturo.winandoffice.com\",\"https:\/\/www.ausgezeichnet.org\/bewertungen-arturo.winandoffice.com-HNVDH\",\"https:\/\/www.trustedshops.eu\/buyerrating\/info_X93C3F0168B7533F969FC6C787543C130.html\"]}]}<\/script>\n<!-- \/ Yoast SEO plugin. -->","yoast_head_json":{"title":"Microsoft Office 2024 Standard + Microsoft Office 2021 Professional Plus","description":"Microsoft Office 2024 Standard + Microsoft Office 2021 Pro Plus license for 3 devices from certified Microsoft Gold Partner","robots":{"index":"index","follow":"follow","max-snippet":"max-snippet:-1","max-image-preview":"max-image-preview:large","max-video-preview":"max-video-preview:-1"},"canonical":"https:\/\/arturo.winandoffice.com\/de\/produkt\/microsoft-office-2024-standard-microsoft-office-2021-professional-plus-license-for-3-devices\/","og_locale":"de_DE","og_type":"article","og_title":"Microsoft Office 2024 Standard + Microsoft Office 2021 Professional Plus","og_description":"Microsoft Office 2024 Standard + Microsoft Office 2021 Pro Plus license for 3 devices from certified Microsoft Gold Partner","og_url":"https:\/\/arturo.winandoffice.com\/de\/produkt\/microsoft-office-2024-standard-microsoft-office-2021-professional-plus-license-for-3-devices\/","og_site_name":"Arturo Card Shop","article_publisher":"https:\/\/www.facebook.com\/Gamecardshopdotcom","article_modified_time":"2025-09-03T20:41:31+00:00","twitter_card":"summary_large_image","twitter_site":"@gamecardshop_","twitter_misc":{"Gesch\u00e4tzte Lesezeit":"2\u00a0Minuten"},"schema":{"@context":"https:\/\/schema.org","@graph":[{"@type":"WebPage","@id":"https:\/\/arturo.winandoffice.com\/produkt\/microsoft-office-2024-standard-microsoft-office-2021-professional-plus-license-for-3-devices\/","url":"https:\/\/arturo.winandoffice.com\/produkt\/microsoft-office-2024-standard-microsoft-office-2021-professional-plus-license-for-3-devices\/","name":"Microsoft Office 2024 Standard + Microsoft Office 2021 Professional Plus","isPartOf":{"@id":"https:\/\/arturo.winandoffice.com\/es\/#website"},"primaryImageOfPage":{"@id":"https:\/\/arturo.winandoffice.com\/produkt\/microsoft-office-2024-standard-microsoft-office-2021-professional-plus-license-for-3-devices\/#primaryimage"},"image":{"@id":"https:\/\/arturo.winandoffice.com\/produkt\/microsoft-office-2024-standard-microsoft-office-2021-professional-plus-license-for-3-devices\/#primaryimage"},"thumbnailUrl":"https:\/\/arturo.winandoffice.com\/wp-content\/uploads\/2024\/10\/O24SO21PP.jpg","datePublished":"2024-10-20T15:03:49+00:00","dateModified":"2025-09-03T20:41:31+00:00","description":"Microsoft Office 2024 Standard + Microsoft Office 2021 Pro Plus license for 3 devices from certified Microsoft Gold Partner","breadcrumb":{"@id":"https:\/\/arturo.winandoffice.com\/produkt\/microsoft-office-2024-standard-microsoft-office-2021-professional-plus-license-for-3-devices\/#breadcrumb"},"inLanguage":"de","potentialAction":[{"@type":"ReadAction","target":["https:\/\/arturo.winandoffice.com\/produkt\/microsoft-office-2024-standard-microsoft-office-2021-professional-plus-license-for-3-devices\/"]}]},{"@type":"ImageObject","inLanguage":"de","@id":"https:\/\/arturo.winandoffice.com\/produkt\/microsoft-office-2024-standard-microsoft-office-2021-professional-plus-license-for-3-devices\/#primaryimage","url":"https:\/\/arturo.winandoffice.com\/wp-content\/uploads\/2024\/10\/O24SO21PP.jpg","contentUrl":"https:\/\/arturo.winandoffice.com\/wp-content\/uploads\/2024\/10\/O24SO21PP.jpg"},{"@type":"BreadcrumbList","@id":"https:\/\/arturo.winandoffice.com\/produkt\/microsoft-office-2024-standard-microsoft-office-2021-professional-plus-license-for-3-devices\/#breadcrumb","itemListElement":[{"@type":"ListItem","position":1,"name":"Home","item":"https:\/\/arturo.winandoffice.com\/"},{"@type":"ListItem","position":2,"name":"Shop","item":"https:\/\/arturo.winandoffice.com\/shop\/"},{"@type":"ListItem","position":3,"name":"Microsoft Office 2024 Standard + Microsoft Office 2021 Professional Plus License for 3 PC"}]},{"@type":"WebSite","@id":"https:\/\/arturo.winandoffice.com\/es\/#website","url":"https:\/\/arturo.winandoffice.com\/es\/","name":"Arturo Card Shop","description":"Buy your office","publisher":{"@id":"https:\/\/arturo.winandoffice.com\/es\/#organization"},"potentialAction":[{"@type":"SearchAction","target":{"@type":"EntryPoint","urlTemplate":"https:\/\/arturo.winandoffice.com\/es\/?s={search_term_string}"},"query-input":{"@type":"PropertyValueSpecification","valueRequired":true,"valueName":"search_term_string"}}],"inLanguage":"de"},{"@type":"Organization","@id":"https:\/\/arturo.winandoffice.com\/es\/#organization","name":"Arturo Card Shop","url":"https:\/\/arturo.winandoffice.com\/es\/","logo":{"@type":"ImageObject","inLanguage":"de","@id":"https:\/\/arturo.winandoffice.com\/es\/#\/schema\/logo\/image\/","url":"https:\/\/arturo.winandoffice.com\/wp-content\/uploads\/2022\/10\/logo.png","contentUrl":"https:\/\/arturo.winandoffice.com\/wp-content\/uploads\/2022\/10\/logo.png","width":1710,"height":175,"caption":"Arturo Card Shop"},"image":{"@id":"https:\/\/arturo.winandoffice.com\/es\/#\/schema\/logo\/image\/"},"sameAs":["https:\/\/www.facebook.com\/Gamecardshopdotcom","https:\/\/x.com\/gamecardshop_","https:\/\/www.youtube.com\/@gamecardshop","https:\/\/www.youtube.com\/@arturo.winandoffice.com_","https:\/\/de.trustpilot.com\/review\/arturo.winandoffice.com","https:\/\/www.provenexpert.com\/game-card-shop\/","https:\/\/www.tiktok.com\/@arturo.winandoffice.com","https:\/\/www.shopauskunft.de\/review\/arturo.winandoffice.com","https:\/\/www.ausgezeichnet.org\/bewertungen-arturo.winandoffice.com-HNVDH","https:\/\/www.trustedshops.eu\/buyerrating\/info_X93C3F0168B7533F969FC6C787543C130.html"]}]}},"acf":[],"_links":{"self":[{"href":"https:\/\/arturo.winandoffice.com\/de\/wp-json\/wp\/v2\/product\/119210","targetHints":{"allow":["GET"]}}],"collection":[{"href":"https:\/\/arturo.winandoffice.com\/de\/wp-json\/wp\/v2\/product"}],"about":[{"href":"https:\/\/arturo.winandoffice.com\/de\/wp-json\/wp\/v2\/types\/product"}],"replies":[{"embeddable":true,"href":"https:\/\/arturo.winandoffice.com\/de\/wp-json\/wp\/v2\/comments?post=119210"}],"wp:featuredmedia":[{"embeddable":true,"href":"https:\/\/arturo.winandoffice.com\/de\/wp-json\/"}],"wp:attachment":[{"href":"https:\/\/arturo.winandoffice.com\/de\/wp-json\/wp\/v2\/media?parent=119210"}],"wp:term":[{"taxonomy":"product_brand","embeddable":true,"href":"https:\/\/arturo.winandoffice.com\/de\/wp-json\/wp\/v2\/product_brand?post=119210"},{"taxonomy":"product_cat","embeddable":true,"href":"https:\/\/arturo.winandoffice.com\/de\/wp-json\/wp\/v2\/product_cat?post=119210"},{"taxonomy":"product_tag","embeddable":true,"href":"https:\/\/arturo.winandoffice.com\/de\/wp-json\/wp\/v2\/product_tag?post=119210"}],"curies":[{"name":"wp","href":"https:\/\/api.w.org\/{rel}","templated":true}]}}