{"id":2096,"date":"2020-12-16T16:19:20","date_gmt":"2020-12-16T16:19:20","guid":{"rendered":"https:\/\/shop.winandoffice.com\/?page_id=1163"},"modified":"2025-10-08T21:10:35","modified_gmt":"2025-10-08T20:10:35","slug":"terms-and-conditions","status":"publish","type":"page","link":"https:\/\/arturo.winandoffice.com\/de\/terms-and-conditions\/","title":{"rendered":"Bedingungen und Konditionen"},"content":{"rendered":"<div class=\"wpb-content-wrapper\"><div class=\"vc_row wpb_row vc_row-fluid\" style=\"background-position: None!important;  \"><div class=\"wpb_column vc_column_container vc_col-sm-12\"><div class=\"vc_column-inner\"><div class=\"wpb_wrapper\">\n\t<div class=\"wpb_text_column wpb_content_element\" >\n\t\t<div class=\"wpb_wrapper\">\n\t\t\t<article id=\"page-1163\" class=\"post-1163 page type-page status-publish hentry\">\n<div class=\"entry-content\">\n<p><strong>1.  Grundlegende Bestimmungen<\/strong><\/p>\n<p>1.1. Lieferungen, Dienstleistungen und Angebote von Tech Solutions: Transaktionen mit <strong>Gamecardshop<\/strong> (im Folgenden \"Verk\u00e4ufer\") erfolgen ausschlie\u00dflich auf der Grundlage dieser Gesch\u00e4ftsbedingungen (im Folgenden \"AGB\"). Sie gelten somit auch f\u00fcr alle k\u00fcnftigen Gesch\u00e4ftsbeziehungen, auch wenn sie nicht nochmals ausdr\u00fccklich vereinbart werden. Hinweisen des K\u00e4ufers (nachfolgend \"Kunde\") auf seine Gesch\u00e4ftsbedingungen wird widersprochen.<\/p>\n<p>1.2. Diese AGB gelten sowohl gegen\u00fcber Verbrauchern (\u00a7 13 BGB) als auch gegen\u00fcber Unternehmern (\u00a7 14 BGB). Soweit die nachfolgenden Bedingungen keinen gesonderten Hinweis enthalten, gelten alle Bedingungen gleicherma\u00dfen f\u00fcr Vertr\u00e4ge mit Unternehmern und Verbrauchern.<\/p>\n<p>1.3. Erg\u00e4nzungen oder \u00c4nderungen der Bedingungen bed\u00fcrfen der schriftlichen Best\u00e4tigung durch das Verkehrsunternehmen. F\u00fcr den Inhalt des Vertrages ist das Original der Bestellung ma\u00dfgebend.<\/p>\n<p>1.4.  Wir sind berechtigt, Konstruktions- und Form\u00e4nderungen an den Waren vorzunehmen, sofern diese \u00c4nderungen nicht grundlegender Natur sind und der Vertragszweck nicht wesentlich eingeschr\u00e4nkt wird.<\/p>\n<p>1.5 Mit der Auftragserteilung gem\u00e4\u00df Ziffer 2.2 erkennt der Kunde diese AGB an.<\/p>\n<p><strong>2. Abschluss des Vertrages<\/strong><\/p>\n<p>2.1. Vertragsgegenstand ist der Verkauf von Download-Produkten (digitale Inhalte, die nicht auf einem physischen Datentr\u00e4ger geliefert werden, wie z.B. digital verf\u00fcgbare Produktschl\u00fcssel, Zugangscodes oder sonstige digital verf\u00fcgbare Informationen) einschlie\u00dflich der damit verbundenen Lizenzen. Mit dem Einstellen des jeweiligen Download-Produktes auf unserer Website geben wir gegen\u00fcber dem Kunden ein verbindliches Angebot zum Abschluss eines Vertrages zu den in der Artikelbeschreibung genannten Bedingungen ab.<\/p>\n<p>2.2. Bei einem Vertrag \u00fcber die Lieferung digitaler G\u00fcter schuldet der Verk\u00e4ufer im Falle eines Vertrages \u00fcber die Lieferung von Software (nachfolgend: \"Softwarekauf\") die dauerhafte \u00dcberlassung der im Lizenzschein genannten Software im Objektcode. Der Verk\u00e4ufer ist verpflichtet, auf die M\u00f6glichkeit des Herunterladens der Software hinzuweisen und eine gedruckte oder herunterladbare Version der zugeh\u00f6rigen Benutzerdokumentation zur Verf\u00fcgung zu stellen. Die gelieferte Benutzerdokumentation steht bis zur vollst\u00e4ndigen Bezahlung des Kaufpreises gem\u00e4\u00df Ziffer 8 unter dem Eigentumsvorbehalt des Verk\u00e4ufers. Ma\u00dfgeblich f\u00fcr die Beschaffenheit der Software ist die Beschreibung des jeweiligen Produktes im jeweiligen Online-Shop oder Marktplatz des Verk\u00e4ufers. Der Verk\u00e4ufer hat auch die Rechte gem\u00e4\u00df Ziffer 4.8 einzur\u00e4umen.<\/p>\n<p>2.3. Der Vertragsschluss erfolgt \u00fcber das Online-Warenkorbsystem: Der Kunde legt die ausgew\u00e4hlten Produkte in den virtuellen Warenkorb und f\u00fchrt den elektronischen Bestellvorgang durch. Durch Anklicken des Buttons zum Abschluss des Bestellvorgangs gibt der Kunde ein rechtsverbindliches Vertragsangebot \u00fcber die im Warenkorb enthaltenen Waren ab. Der Kunde kann das Angebot auch per E-Mail an den Verk\u00e4ufer \u00fcbermitteln.<\/p>\n<p>2.4. Der Verk\u00e4ufer kann das Angebot des Kunden innerhalb von f\u00fcnf Tagen annehmen, indem er den Kunden nach seiner Bestellung zur Zahlung auffordert. Dazu geh\u00f6rt auch die Auswahl einer Zahlungsart im Bestellprozess, bei der die Zahlung vor dem Versand der bestellten Produkte erfolgt. Die Frist f\u00fcr die Annahme des Angebots beginnt am Tag nach der Absendung des Angebots durch den Kunden und endet mit Ablauf des f\u00fcnften Tages nach Absendung des Angebots. Nimmt der Verk\u00e4ufer das Angebot des Kunden nicht innerhalb der vorgenannten Frist an, gilt dies als Ablehnung des Angebots mit der Folge, dass der Kunde nicht mehr an seine Willenserkl\u00e4rung gebunden ist.<\/p>\n<p>2.5. Die Abwicklung der Bestellung und die \u00dcbermittlung aller im Zusammenhang mit dem Vertragsschluss erforderlichen Informationen erfolgt per E-Mail, ebenso wie die Lieferung von downloadbaren Produkten. Der Kunde hat daher sicherzustellen, dass die von ihm angegebene E-Mail-Adresse zutreffend ist und dass SPAM-Filter den Empfang von E-Mails nicht verhindern.<\/p>\n<p><strong>3. Recht auf Widerruf<\/strong><\/p>\n<p>3.1. Den Verbrauchern steht grunds\u00e4tzlich ein Widerrufsrecht zu.<\/p>\n<p>3.2. Weitere Informationen \u00fcber das Widerrufsrecht finden Sie in der Widerrufsbelehrung des Verk\u00e4ufers.<\/p>\n<p>3.3. Sie haben das Recht, binnen einer Frist von einem Jahr ab dem Tag des Vertragsschlusses ohne Angabe von Gr\u00fcnden diesen Vertrag zu widerrufen, jedoch nicht vor Erhalt der Ware und der Widerrufsbelehrung in Textform per E-Mail.<\/p>\n<p data-start=\"4595\" data-end=\"4612\"><strong data-start=\"4595\" data-end=\"4610\">4. Garantie<\/strong><\/p>\n<p data-start=\"4614\" data-end=\"4653\">4.1. Es gelten die gesetzlichen Gew\u00e4hrleistungsrechte.<\/p>\n<p data-start=\"4655\" data-end=\"4904\">4.2. The customer is asked to verify the integrity and obvious defects in the item immediately after delivery and to report any complaints to us as soon as possible. If the customer does not comply, this has no effect on his legal warranty claims.<\/p>\n<p data-start=\"4906\" data-end=\"5114\">4.3. Als Beschaffenheit der Sache gelten nur unsere eigenen Angaben und die Produktbeschreibung des Herstellers als vereinbart, nicht jedoch sonstige Werbung, \u00f6ffentliche Anpreisungen und Herstellerangaben.<\/p>\n<p data-start=\"5116\" data-end=\"5219\">4.4. Die Gew\u00e4hrleistungsfrist betr\u00e4gt ein Jahr ab der Lieferung der Ware. Die verk\u00fcrzte Frist gilt nicht:<\/p>\n<ul data-start=\"5220\" data-end=\"5602\">\n<li data-start=\"5220\" data-end=\"5377\">\n<p data-start=\"5222\" data-end=\"5377\">Uns zurechenbare Sch\u00e4den aus der Verletzung des Lebens, des K\u00f6rpers oder der Gesundheit und sonstige Sch\u00e4den, die vors\u00e4tzlich oder grob fahrl\u00e4ssig verursacht wurden;<\/p>\n<\/li>\n<li data-start=\"5378\" data-end=\"5501\">\n<p data-start=\"5380\" data-end=\"5501\">To the extent that we have fraudulently concealed the defect or have assumed a guarantee for the condition of the item;<\/p>\n<\/li>\n<li data-start=\"5502\" data-end=\"5602\">\n<p data-start=\"5504\" data-end=\"5602\">In the event of statutory rights of recourse you have against us in relation to warranty rights.<\/p>\n<\/li>\n<\/ul>\n<p data-start=\"5604\" data-end=\"5931\">4.5. Verweigert der Kunde die Lieferung des Verk\u00e4ufers aus einem anderen Grund als wegen eines wesentlichen Mangels, der die Nutzung erheblich einschr\u00e4nkt oder unm\u00f6glich macht, obwohl der Verk\u00e4ufer seine Bereitschaft zur Erf\u00fcllung erkl\u00e4rt hat, ger\u00e4t der Kunde in Annahmeverzug. Wegen unwesentlicher M\u00e4ngel darf die Annahme der Lieferung nicht verweigert werden.<\/p>\n<p data-start=\"5933\" data-end=\"6581\">4.6. Die Gew\u00e4hrleistung erstreckt sich nicht auf M\u00e4ngel, die auf unsachgem\u00e4\u00dfe Bedienung, vertragswidrig ver\u00e4nderte Systemkomponenten, Einsatz ungeeigneter organisatorischer Mittel, Einsatz in einer Hard- oder Softwareumgebung, die nicht den im Lizenzschein genannten Anforderungen entspricht, ungew\u00f6hnliche Betriebsbedingungen oder Eingriffe in das System durch Kunden oder Dritte zur\u00fcckzuf\u00fchren sind. Wird die Ware in Verbindung mit Ger\u00e4ten Dritter eingesetzt, besteht eine Gew\u00e4hrleistung f\u00fcr Funktions- und Leistungsm\u00e4ngel nur dann, wenn solche M\u00e4ngel auch ohne eine solche Verbindung auftreten oder wenn die Kompatibilit\u00e4t mit diesen Elementen zur vertraglich vereinbarten Beschaffenheit geh\u00f6rt.<\/p>\n<p data-start=\"6583\" data-end=\"7143\">4.7. Ist eine Lieferung mangelhaft, kann der Verk\u00e4ufer nach seiner Wahl den Mangel beseitigen (Nachbesserung) oder eine mangelfreie Sache liefern (Ersatzlieferung). Im letzteren Fall ist der Kunde verpflichtet, die mangelhafte Ware auf Verlangen des Verk\u00e4ufers nach Ma\u00dfgabe der gesetzlichen Bestimmungen zur\u00fcckzugeben. Handelt es sich bei dem Kunden um einen Verbraucher, gilt der vorstehende Satz mit der Ma\u00dfgabe, dass die Nutzungen nicht \u00fcbertragen oder gegen ihren Wert ersetzt werden d\u00fcrfen. Der Kunde hat dem Verk\u00e4ufer Zeit und Gelegenheit zur Nacherf\u00fcllung, insbesondere zur Nachbesserung, zu geben.<\/p>\n<p data-start=\"7145\" data-end=\"8023\">4.8. <strong data-start=\"7150\" data-end=\"7200\">Grant of Rights in Software Delivery Contracts<\/strong><br data-start=\"7200\" data-end=\"7203\" \/>Upon full payment of the purchase price, the customer is granted a non-exclusive, unlimited right to use the software to the extent set forth in the contract. The seller may, at its discretion, provisionally authorize use of the software prior to receipt of full payment.<br data-start=\"7474\" data-end=\"7477\" \/>The software may only be used simultaneously by a maximum number of natural persons corresponding to the number of licenses purchased by the customer. Permitted use includes installing the software, loading it into main memory, and using it in accordance with its intended purpose.<br data-start=\"7758\" data-end=\"7761\" \/>In no event shall the customer have the right to rent, sublicense, publicly reproduce, make available by cable or wireless means, or otherwise provide the software to third parties, whether for consideration or free of charge. Clause 4.9(c) remains unaffected.<\/p>\n<p data-start=\"8025\" data-end=\"8747\">4.9. <strong data-start=\"8030\" data-end=\"8055\">Further Rights of Use<\/strong><br data-start=\"8055\" data-end=\"8058\" \/>a) The customer is entitled to create a backup copy of the software if necessary to ensure its future use.<br data-start=\"8164\" data-end=\"8167\" \/>b) The customer may permanently transfer the purchased copy of the software, including the accompanying documentation, to a third party. In such case, the customer shall completely cease using the software, delete all installed copies from its systems, and delete or deliver to the seller any copies stored on other data carriers, unless retention is legally required.<br data-start=\"8535\" data-end=\"8538\" \/>c) The customer shall ensure that the third party expressly agrees to comply with the scope of the granted rights in accordance with this Section 4.9. Splitting purchased volume packs is strictly prohibited.<\/p>\n<p><strong>5. Preise und Zahlungsbedingungen<\/strong><\/p>\n<p>5.1. Sofern sich aus der Produktbeschreibung des Verk\u00e4ufers nichts anderes ergibt, handelt es sich bei den angegebenen Preisen um Gesamtpreise inklusive der gesetzlichen Umsatzsteuer. Eventuell zus\u00e4tzlich anfallende Liefer- und Versandkosten werden in der Beschreibung des jeweiligen Produkts gesondert angegeben.<\/p>\n<p>5.2. Bei Sendungen in L\u00e4nder au\u00dferhalb der Europ\u00e4ischen Union k\u00f6nnen im Einzelfall zus\u00e4tzliche Kosten entstehen, die der Verk\u00e4ufer nicht zu vertreten hat und die vom Kunden zu tragen sind. Dazu geh\u00f6ren z.B. die Kosten f\u00fcr Geldtransfers durch Banken (z.B. \u00dcberweisungsgeb\u00fchren, Devisengeb\u00fchren) oder Einfuhrz\u00f6lle oder Steuern (z.B. Z\u00f6lle). Solche Kosten k\u00f6nnen auch im Zusammenhang mit der Geld\u00fcberweisung anfallen, wenn die Lieferung nicht in ein Land au\u00dferhalb der Europ\u00e4ischen Union erfolgt, sondern der Kunde die Zahlung aus einem Land au\u00dferhalb der Europ\u00e4ischen Union vornimmt.<\/p>\n<p>5.3. Die Zahlungsoption(en) werden dem Kunden im Online-Shop des Verk\u00e4ufers oder auf dem jeweiligen Marktplatz mitgeteilt.<\/p>\n<p>5.4. Ist Vorauszahlung per Bank\u00fcberweisung vereinbart, ist die Zahlung sofort nach Vertragsschluss f\u00e4llig, es sei denn, die Parteien haben einen sp\u00e4teren F\u00e4lligkeitstermin vereinbart.<\/p>\n<p>5.5. Bei Zahlung mit einer vom Zahlungsdienstleister PayPal (Europe) S.\u00e0 rl et Cie, SCA, 22-24 Boulevard Royal, L-2449 Luxembourg (nachfolgend: \"PayPal\") angebotenen Zahlungsmethode wird die Zahlung \u00fcber PayPal abgewickelt und unterliegt den Nutzungsbedingungen von PayPal, abrufbar unter https:\/\/www.paypal.com\/de\/webapps\/mpp\/ua\/useragreement-full oder, falls der Kunde kein PayPal-Konto besitzt, den Bedingungen f\u00fcr Zahlungen ohne PayPal-Konto, abrufbar unter https:\/\/www.paypal.com\/de\/webapps\/mpp\/ua\/privacywax-full.<\/p>\n<p>5.6. Kommt der Kunde in Verzug, so sind wir berechtigt, Zinsen in H\u00f6he des von den Gesch\u00e4ftsbanken berechneten Zinssatzes f\u00fcr offene Kontokorrentkredite, mindestens jedoch in H\u00f6he von 4% \u00fcber dem Bundesbankdiskontsatz, zuz\u00fcglich der jeweils geltenden gesetzlichen Mehrwertsteuer zu berechnen. Die Zinsen sind sofort f\u00e4llig.<\/p>\n<p><strong>6. Liefer- und Versandbedingungen<\/strong><\/p>\n<p>6.1. Die digitalen Inhalte werden dem Kunden in elektronischer Form als Download zur Verf\u00fcgung gestellt, indem ein Download-Link bereitgestellt wird. Die Produktschl\u00fcssel werden dem Kunden per E-Mail zugesandt.<\/p>\n<p><strong>7. Retention of title<\/strong><\/p>\n<p>7.1. Wir behalten uns das Eigentum an der Ware bis zur vollst\u00e4ndigen Bezahlung s\u00e4mtlicher uns aus der Gesch\u00e4ftsverbindung mit dem Kunden zustehender Forderungen vor.<\/p>\n<p>7.2. Die Geltendmachung des Eigentumsvorbehaltes stellt keinen R\u00fccktritt vom Vertrag dar. Wir sind jedoch berechtigt, nach angemessener Frist \u00fcber die Vorbehaltsware anderweitig zu verf\u00fcgen und die gleiche oder eine gleichwertige Ware nach vollst\u00e4ndiger Zahlung des Kaufpreises an den Kunden zu liefern.<\/p>\n<p><strong>8. Schlussbestimmungen<\/strong><\/p>\n<p>8.1. Der Vertragspartner ist nur mit vorheriger schriftlicher Zustimmung des Verk\u00e4ufers berechtigt, Rechte und Anspr\u00fcche aus dem Vertragsverh\u00e4ltnis an Dritte abzutreten. \u00a7 354a HGB bleibt unber\u00fchrt; \u00a7 354a HGB gilt nicht f\u00fcr Verbraucher.<\/p>\n<p>8.2. Mit Beginn der Gesch\u00e4ftsbeziehung werden Kundendaten, bei denen es sich auch um personenbezogene Daten handeln kann, gespeichert und, soweit f\u00fcr die Ausf\u00fchrung des Auftrags erforderlich, verarbeitet und \u00fcbermittelt.<\/p>\n<p>8.3. Es gilt ausschlie\u00dflich deutsches Recht unter Ausschluss des UN-Kaufrechts und der Verweisungen auf das internationale Verfahrens- und Privatrecht. F\u00fcr Verbraucher gilt diese Rechtswahl nur insoweit, als nicht zwingende Bestimmungen des Rechts des Staates, in dem der Verbraucher seinen gew\u00f6hnlichen Aufenthalt hat, einen weitergehenden Schutz gew\u00e4hren.<\/p>\n<p>8.4. Ausschlie\u00dflicher Gerichtsstand f\u00fcr alle Streitigkeiten aus und im Zusammenhang mit den Vertr\u00e4gen, f\u00fcr die diese AGB gelten, ist der Sitz des Verk\u00e4ufers; der Verk\u00e4ufer hat jedoch das Recht, den Kunden an jedem gesetzlich zul\u00e4ssigen Gerichtsstand zu verklagen. Diese Regelung gilt nicht f\u00fcr Verbraucher<\/p>\n<\/div>\n<\/article>\n\n\t\t<\/div>\n\t<\/div>\n<\/div><\/div><\/div><\/div>\n<\/div>","protected":false},"excerpt":{"rendered":"1.\u00a0 Basic provisions 1.1. Tech Solutions Deliveries, Services and Offerings. transactions with Gamecardshop (hereinafter \"seller\") are made exclusively on the basis of these terms and conditions (hereinafter \"GTC\"). Therefore, they also apply to all future business relationships, even if they are not expressly agreed upon again. The buyer's (hereinafter, the \"customer\") references to its terms [...]","protected":false},"author":1,"featured_media":0,"parent":0,"menu_order":0,"comment_status":"closed","ping_status":"closed","template":"","meta":{"_acf_changed":false,"footnotes":""},"class_list":["post-2096","page","type-page","status-publish","hentry"],"yoast_head":"<!-- This site is optimized with the Yoast SEO plugin v26.7 - https:\/\/yoast.com\/wordpress\/plugins\/seo\/ -->\n<title>Terms and conditions - Arturo Card Shop<\/title>\n<meta name=\"robots\" content=\"index, follow, max-snippet:-1, max-image-preview:large, max-video-preview:-1\" \/>\n<link rel=\"canonical\" href=\"https:\/\/arturo.winandoffice.com\/de\/terms-and-conditions\/\" \/>\n<meta property=\"og:locale\" content=\"de_DE\" \/>\n<meta property=\"og:type\" content=\"article\" \/>\n<meta property=\"og:title\" content=\"Terms and conditions - Arturo Card Shop\" \/>\n<meta property=\"og:url\" content=\"https:\/\/arturo.winandoffice.com\/de\/terms-and-conditions\/\" \/>\n<meta property=\"og:site_name\" content=\"Arturo Card Shop\" \/>\n<meta property=\"article:publisher\" content=\"https:\/\/www.facebook.com\/Gamecardshopdotcom\" \/>\n<meta property=\"article:modified_time\" content=\"2025-10-08T20:10:35+00:00\" \/>\n<meta name=\"twitter:card\" content=\"summary_large_image\" \/>\n<meta name=\"twitter:site\" content=\"@gamecardshop_\" \/>\n<meta name=\"twitter:label1\" content=\"Gesch\u00e4tzte Lesezeit\" \/>\n\t<meta name=\"twitter:data1\" content=\"9\u00a0Minuten\" \/>\n<script type=\"application\/ld+json\" class=\"yoast-schema-graph\">{\"@context\":\"https:\/\/schema.org\",\"@graph\":[{\"@type\":\"WebPage\",\"@id\":\"https:\/\/arturo.winandoffice.com\/terms-and-conditions\/\",\"url\":\"https:\/\/arturo.winandoffice.com\/terms-and-conditions\/\",\"name\":\"Terms and conditions - Arturo Card Shop\",\"isPartOf\":{\"@id\":\"https:\/\/arturo.winandoffice.com\/es\/#website\"},\"datePublished\":\"2020-12-16T16:19:20+00:00\",\"dateModified\":\"2025-10-08T20:10:35+00:00\",\"breadcrumb\":{\"@id\":\"https:\/\/arturo.winandoffice.com\/terms-and-conditions\/#breadcrumb\"},\"inLanguage\":\"de\",\"potentialAction\":[{\"@type\":\"ReadAction\",\"target\":[\"https:\/\/arturo.winandoffice.com\/terms-and-conditions\/\"]}]},{\"@type\":\"BreadcrumbList\",\"@id\":\"https:\/\/arturo.winandoffice.com\/terms-and-conditions\/#breadcrumb\",\"itemListElement\":[{\"@type\":\"ListItem\",\"position\":1,\"name\":\"Home\",\"item\":\"https:\/\/arturo.winandoffice.com\/\"},{\"@type\":\"ListItem\",\"position\":2,\"name\":\"Terms and conditions\"}]},{\"@type\":\"WebSite\",\"@id\":\"https:\/\/arturo.winandoffice.com\/es\/#website\",\"url\":\"https:\/\/arturo.winandoffice.com\/es\/\",\"name\":\"Arturo Card Shop\",\"description\":\"Buy your office\",\"publisher\":{\"@id\":\"https:\/\/arturo.winandoffice.com\/es\/#organization\"},\"potentialAction\":[{\"@type\":\"SearchAction\",\"target\":{\"@type\":\"EntryPoint\",\"urlTemplate\":\"https:\/\/arturo.winandoffice.com\/es\/?s={search_term_string}\"},\"query-input\":{\"@type\":\"PropertyValueSpecification\",\"valueRequired\":true,\"valueName\":\"search_term_string\"}}],\"inLanguage\":\"de\"},{\"@type\":\"Organization\",\"@id\":\"https:\/\/arturo.winandoffice.com\/es\/#organization\",\"name\":\"Arturo Card Shop\",\"url\":\"https:\/\/arturo.winandoffice.com\/es\/\",\"logo\":{\"@type\":\"ImageObject\",\"inLanguage\":\"de\",\"@id\":\"https:\/\/arturo.winandoffice.com\/es\/#\/schema\/logo\/image\/\",\"url\":\"https:\/\/arturo.winandoffice.com\/wp-content\/uploads\/2022\/10\/logo.png\",\"contentUrl\":\"https:\/\/arturo.winandoffice.com\/wp-content\/uploads\/2022\/10\/logo.png\",\"width\":1710,\"height\":175,\"caption\":\"Arturo Card Shop\"},\"image\":{\"@id\":\"https:\/\/arturo.winandoffice.com\/es\/#\/schema\/logo\/image\/\"},\"sameAs\":[\"https:\/\/www.facebook.com\/Gamecardshopdotcom\",\"https:\/\/x.com\/gamecardshop_\",\"https:\/\/www.youtube.com\/@gamecardshop\",\"https:\/\/www.youtube.com\/@arturo.winandoffice.com_\",\"https:\/\/de.trustpilot.com\/review\/arturo.winandoffice.com\",\"https:\/\/www.provenexpert.com\/game-card-shop\/\",\"https:\/\/www.tiktok.com\/@arturo.winandoffice.com\",\"https:\/\/www.shopauskunft.de\/review\/arturo.winandoffice.com\",\"https:\/\/www.ausgezeichnet.org\/bewertungen-arturo.winandoffice.com-HNVDH\",\"https:\/\/www.trustedshops.eu\/buyerrating\/info_X93C3F0168B7533F969FC6C787543C130.html\"]}]}<\/script>\n<!-- \/ Yoast SEO plugin. -->","yoast_head_json":{"title":"Terms and conditions - Arturo Card Shop","robots":{"index":"index","follow":"follow","max-snippet":"max-snippet:-1","max-image-preview":"max-image-preview:large","max-video-preview":"max-video-preview:-1"},"canonical":"https:\/\/arturo.winandoffice.com\/de\/terms-and-conditions\/","og_locale":"de_DE","og_type":"article","og_title":"Terms and conditions - Arturo Card Shop","og_url":"https:\/\/arturo.winandoffice.com\/de\/terms-and-conditions\/","og_site_name":"Arturo Card Shop","article_publisher":"https:\/\/www.facebook.com\/Gamecardshopdotcom","article_modified_time":"2025-10-08T20:10:35+00:00","twitter_card":"summary_large_image","twitter_site":"@gamecardshop_","twitter_misc":{"Gesch\u00e4tzte Lesezeit":"9\u00a0Minuten"},"schema":{"@context":"https:\/\/schema.org","@graph":[{"@type":"WebPage","@id":"https:\/\/arturo.winandoffice.com\/terms-and-conditions\/","url":"https:\/\/arturo.winandoffice.com\/terms-and-conditions\/","name":"Terms and conditions - Arturo Card Shop","isPartOf":{"@id":"https:\/\/arturo.winandoffice.com\/es\/#website"},"datePublished":"2020-12-16T16:19:20+00:00","dateModified":"2025-10-08T20:10:35+00:00","breadcrumb":{"@id":"https:\/\/arturo.winandoffice.com\/terms-and-conditions\/#breadcrumb"},"inLanguage":"de","potentialAction":[{"@type":"ReadAction","target":["https:\/\/arturo.winandoffice.com\/terms-and-conditions\/"]}]},{"@type":"BreadcrumbList","@id":"https:\/\/arturo.winandoffice.com\/terms-and-conditions\/#breadcrumb","itemListElement":[{"@type":"ListItem","position":1,"name":"Home","item":"https:\/\/arturo.winandoffice.com\/"},{"@type":"ListItem","position":2,"name":"Terms and conditions"}]},{"@type":"WebSite","@id":"https:\/\/arturo.winandoffice.com\/es\/#website","url":"https:\/\/arturo.winandoffice.com\/es\/","name":"Arturo Card Shop","description":"Buy your office","publisher":{"@id":"https:\/\/arturo.winandoffice.com\/es\/#organization"},"potentialAction":[{"@type":"SearchAction","target":{"@type":"EntryPoint","urlTemplate":"https:\/\/arturo.winandoffice.com\/es\/?s={search_term_string}"},"query-input":{"@type":"PropertyValueSpecification","valueRequired":true,"valueName":"search_term_string"}}],"inLanguage":"de"},{"@type":"Organization","@id":"https:\/\/arturo.winandoffice.com\/es\/#organization","name":"Arturo Card Shop","url":"https:\/\/arturo.winandoffice.com\/es\/","logo":{"@type":"ImageObject","inLanguage":"de","@id":"https:\/\/arturo.winandoffice.com\/es\/#\/schema\/logo\/image\/","url":"https:\/\/arturo.winandoffice.com\/wp-content\/uploads\/2022\/10\/logo.png","contentUrl":"https:\/\/arturo.winandoffice.com\/wp-content\/uploads\/2022\/10\/logo.png","width":1710,"height":175,"caption":"Arturo Card Shop"},"image":{"@id":"https:\/\/arturo.winandoffice.com\/es\/#\/schema\/logo\/image\/"},"sameAs":["https:\/\/www.facebook.com\/Gamecardshopdotcom","https:\/\/x.com\/gamecardshop_","https:\/\/www.youtube.com\/@gamecardshop","https:\/\/www.youtube.com\/@arturo.winandoffice.com_","https:\/\/de.trustpilot.com\/review\/arturo.winandoffice.com","https:\/\/www.provenexpert.com\/game-card-shop\/","https:\/\/www.tiktok.com\/@arturo.winandoffice.com","https:\/\/www.shopauskunft.de\/review\/arturo.winandoffice.com","https:\/\/www.ausgezeichnet.org\/bewertungen-arturo.winandoffice.com-HNVDH","https:\/\/www.trustedshops.eu\/buyerrating\/info_X93C3F0168B7533F969FC6C787543C130.html"]}]}},"acf":[],"_links":{"self":[{"href":"https:\/\/arturo.winandoffice.com\/de\/wp-json\/wp\/v2\/pages\/2096","targetHints":{"allow":["GET"]}}],"collection":[{"href":"https:\/\/arturo.winandoffice.com\/de\/wp-json\/wp\/v2\/pages"}],"about":[{"href":"https:\/\/arturo.winandoffice.com\/de\/wp-json\/wp\/v2\/types\/page"}],"author":[{"embeddable":true,"href":"https:\/\/arturo.winandoffice.com\/de\/wp-json\/wp\/v2\/users\/1"}],"replies":[{"embeddable":true,"href":"https:\/\/arturo.winandoffice.com\/de\/wp-json\/wp\/v2\/comments?post=2096"}],"version-history":[{"count":0,"href":"https:\/\/arturo.winandoffice.com\/de\/wp-json\/wp\/v2\/pages\/2096\/revisions"}],"wp:attachment":[{"href":"https:\/\/arturo.winandoffice.com\/de\/wp-json\/wp\/v2\/media?parent=2096"}],"curies":[{"name":"wp","href":"https:\/\/api.w.org\/{rel}","templated":true}]}}