{"id":38214,"date":"2023-08-11T17:16:05","date_gmt":"2023-08-11T15:16:05","guid":{"rendered":"https:\/\/arturo.winandoffice.com\/?post_type=product&#038;p=38214"},"modified":"2025-09-03T22:07:20","modified_gmt":"2025-09-03T21:07:20","slug":"office-2016-professional-plus","status":"publish","type":"product","link":"https:\/\/arturo.winandoffice.com\/chf\/produkt\/office-2016-professional-plus\/","title":{"rendered":"Microsoft Office 2016 Professional Plus License for 3 PC"},"content":{"rendered":"<div class=\"wpb-content-wrapper\"><div class=\"vc_row wpb_row vc_row-fluid\" style=\"background-position: None!important;  \"><div class=\"wpb_column vc_column_container vc_col-sm-12\"><div class=\"vc_column-inner\"><div class=\"wpb_wrapper\">\n\t<div class=\"wpb_text_column wpb_content_element\" >\n\t\t<div class=\"wpb_wrapper\">\n\t\t\t<p>Mit den enthaltenen Programmen erf\u00fcllt Microsoft Office 2016 Professional Plus alle Anforderungen, die an eine umfangreiche B\u00fcrosoftware gestellt werden. Ob Sie nun Serienbriefe erstellen, Gesch\u00e4ftszahlen und Tabellenkalkulationen verwalten oder Pr\u00e4sentationen gestalten. Mit den Office-Anwendungen k\u00f6nnen Sie Datenbanken erstellen oder alle E-Mails f\u00fcr Unternehmen und private Projekte organisieren. Das alles ist im Handumdrehen erledigt!<\/p>\n<h4><strong>Welche Programme sind in Microsoft Office 2016 Professional Plus enthalten?<\/strong><\/h4>\n<ul>\n<li><strong>Microsoft Word 2016. <\/strong>F\u00fcr die Erstellung und Bearbeitung Ihrer Texte und Dokumente<\/li>\n<li><strong>Microsoft Excel 2016.<\/strong> Zur Verarbeitung von Datens\u00e4tzen in Tabellenform<\/li>\n<li><strong>Microsoft PowerPoint 2016.&nbsp; <\/strong>F\u00fcr die Erstellung von inspirierenden Pr\u00e4sentationen<\/li>\n<li><strong>Microsoft Ausblick 2016.<\/strong>&nbsp; Zur Verwaltung von E-Mails, Kontakten, Terminen und Aufgaben<\/li>\n<li><strong>Microsoft OneNote 2016.<\/strong> Zum Erstellen und Verwalten Ihrer Notizen<\/li>\n<li><strong>Microsoft Verlag 2016.<\/strong>&nbsp; F\u00fcr die einfache Erstellung professionell aussehender Publikationen<\/li>\n<li><strong>Microsoft Zugang 2016.<\/strong>&nbsp; F\u00fcr die Erstellung von Datenbanken mit Internetzugang<\/li>\n<li><strong>Skype f\u00fcr Unternehmen.&nbsp; <\/strong>Zur Steigerung der Produktivit\u00e4t durch Instant Messaging und einfache Kommunikation<\/li>\n<\/ul>\n<h4><strong>Neue Funktionen in Microsoft Office 2016 Professional Plus<\/strong><\/h4>\n<ul>\n<li>\"Insights\"-Suche direkt aus Ihren Dokumenten. So k\u00f6nnen Sie relevante Informationen aus dem Internet abrufen und in Ihre Dokumente oder Pr\u00e4sentationen integrieren. Ein Link zu Bing erm\u00f6glicht schnelle Suchergebnisse<\/li>\n<li>&nbsp;Suchassistent \"Tell Me\". Dann finden Sie jedes Programm funktioniert schneller.<\/li>\n<li>Microsoft Excel mit automatischer Ausf\u00fcllfunktion erkennt das Muster und f\u00fcllt automatisch Ihre Angaben aus. Sie k\u00f6nnen auch problemlos Datenreihen und Formen f\u00fcr zuk\u00fcnftige Trends prognostizieren.<\/li>\n<li>Verwenden Sie die im Microsoft Publisher integrierte Online-Fotodruckoption. So sparen Sie Zeit und sorgen f\u00fcr professionelle Ergebnisse.<\/li>\n<li>Microsoft Power Point bietet die M\u00f6glichkeit, Pr\u00e4sentationen \u00fcber das Internet zu teilen. Sie brauchen Microsoft Power Point nicht zu installieren, um sie zu sehen.<\/li>\n<li>Aktivieren Sie die Bildschirmhintergr\u00fcnde \"Black Theme\". Dadurch wird ein augenfreundliches Arbeiten erm\u00f6glicht.<\/li>\n<li>Nutzen Sie auch One Drive mit 5 GB kostenlosem Cloud-Speicher. Daher k\u00f6nnen Sie in einem Team mit Echtzeit-Netzwerken \u00fcber arbeiten.<\/li>\n<\/ul>\n<p>&nbsp;<\/p>\n<h3><strong>Wichtige Dinge \u00fcber diese Version von Microsoft Office<\/strong><\/h3>\n<p>Mit anderen Worten, die intuitive Benutzeroberfl\u00e4che von Microsoft Office Professional Plus 2016 erm\u00f6glicht eine schnelle Navigation innerhalb der Programme. So erm\u00f6glicht die \u00fcberarbeitete Multifunktionsleiste ein schnelles Auffinden der neuen Funktionen. Sollten Sie dennoch einmal nicht weiterkommen, hilft Ihnen der \"Tell Me\"-Suchassistent, die gew\u00fcnschte Funktion zu finden und effizient zu nutzen. Sie werden sich schnell an die verschiedenen Programme gew\u00f6hnen und sie optimal f\u00fcr Ihre Arbeit nutzen.<\/p>\n<p>Durch die Integration von Skype for Business bleiben Sie und Ihre Mitarbeiter und Kollegen immer in Kontakt. Microsoft Office Professional Plus 2016 bietet neue M\u00f6glichkeiten im Bereich von Instant Messaging, Videokonferenzen und IP-Telefonie. Tauschen Sie Informationen aus, kl\u00e4ren Sie und stellen Sie Fragen zu Projekten. Durch die Nutzung des Cloud-Dienstes OneDrive k\u00f6nnen Sie den Austausch von Daten vereinfachen. Arbeiten Sie gemeinsam f\u00fcr den Erfolg Ihres Unternehmens und bleiben Sie flexibel. Ihr Arbeitsplatz ist jetzt an jedem Ort. Das Design und die Benutzeroberfl\u00e4che von Microsoft Office 2016 Professional Plus basiert auf Microsoft Windows 10. Die beiden Programme sind perfekt aufeinander abgestimmt. Optimiert f\u00fcr Touch-Ger\u00e4te, k\u00f6nnen Sie flexibel arbeiten. Seien Sie \u00fcberall kreativ mit Microsoft Office Professional Plus 2016 und steigern Sie die Produktivit\u00e4t Ihres Unternehmens oder Ihrer Projekte.<\/p>\n<h5><strong>Systemanforderungen:<\/strong><\/h5>\n<ul>\n<li>1,4 GHz, 2-Kern-Prozessor<\/li>\n<li>Windows 7 SP1, Windows 8, Windows 10<\/li>\n<li>1 GB (32bit), 2 GB (64bit) RAM<\/li>\n<li>3 GB verf\u00fcgbarer Festplattenspeicher<\/li>\n<li>DirectX 9-Grafikkarte f\u00fcr die Verwendung der Hardware-Beschleunigung von Grafiken<\/li>\n<\/ul>\n<p><strong>Hilfe und Unterst\u00fctzung:<\/strong><\/p>\n<p>Bei Fragen k\u00f6nnen Sie uns gerne kontaktieren <a href=\"mailto:support@arturo.winandoffice.com\" target=\"_blank\" rel=\"noopener\">per E-Mail<\/a>.&nbsp;Our customer service and support is available 7 days a week, 24 hours a day.<\/p>\n\n\t\t<\/div>\n\t<\/div>\n<\/div><\/div><\/div><\/div>\n<\/div>","protected":false},"excerpt":{"rendered":"<ul>\n<li>Microsoft Office 2016 Professional Plus Lizenz f\u00fcr 3 PCs<\/li>\n<li><strong>Mit dieser Lizenz kann die Software auf 3 verschiedenen Ger\u00e4ten aktiviert werden, z.B. Heim-PC, Notebook und Arbeits-PC.<\/strong><\/li>\n<li>Version f\u00fcr 32- und 64-Bit-Systeme, unbegrenzte Vollversionen der Software <strong>von zertifizierten Microsoft Gold Partnern<\/strong><\/li>\n<li><strong>Lebenslange Ersatzgarantie!<\/strong><\/li>\n<li>Lieferung per E-Mail: Produktschl\u00fcssel, Anleitung, Download-Links, Rechnung<\/li>\n<li>Sofortiger Download!<\/li>\n<li>Keine zeitliche Begrenzung, kein Abonnement<\/li>\n<li>Kostenloser 24\/7-Support bei Problemen mit der Installation und Aktivierung<\/li>\n<li>Keine Lieferung auf Datentr\u00e4ger (USB, CD, etc.)<\/li>\n<li>Aktivierung online und per Telefon<\/li>\n<li>Sprachen: Englisch, Spanisch, Italienisch, Deutsch, Franz\u00f6sisch<\/li>\n<li><strong><span style=\"color: #008000;\"> Dieses Produkt ist kompatibel mit Microsoft Windows.<\/span><\/strong><\/li>\n<li><strong><span style=\"color: #ff0000;\">NOT compatible with Apple macOS\u2122, Apple Processors, Parallels for Mac, Android devices and Chromebooks.<\/span><\/strong><\/li>\n<\/ul>","protected":false},"featured_media":100000116574,"comment_status":"closed","ping_status":"closed","template":"","meta":{"_acf_changed":false},"product_brand":[],"product_cat":[154],"product_tag":[243,242,158,198],"class_list":{"0":"post-38214","1":"product","2":"type-product","3":"status-publish","4":"has-post-thumbnail","6":"product_cat-microsoft-office","7":"product_tag-microsoft-office-2016-professional-plus","8":"product_tag-microsoft-office-2016-professional-plus-license-for-3-pcs","9":"product_tag-ms-office","10":"product_tag-ms-office-2016","12":"first","13":"instock","14":"sale","15":"virtual","16":"taxable","17":"purchasable","18":"product-type-simple"},"yoast_head":"<!-- This site is optimized with the Yoast SEO plugin v26.7 - https:\/\/yoast.com\/wordpress\/plugins\/seo\/ -->\n<title>Microsoft Office 2016 Professional Plus license for 3 PCs<\/title>\n<meta name=\"description\" content=\"With this license the software can be activated on 3 different devices, e.g. home PC, notebook and work PC. Lifetime Replacement Warranty!!!\" \/>\n<meta name=\"robots\" content=\"index, follow, max-snippet:-1, max-image-preview:large, max-video-preview:-1\" \/>\n<link rel=\"canonical\" href=\"https:\/\/arturo.winandoffice.com\/chf\/produkt\/office-2016-professional-plus\/\" \/>\n<meta property=\"og:locale\" content=\"de_DE\" \/>\n<meta property=\"og:type\" content=\"article\" \/>\n<meta property=\"og:title\" content=\"Microsoft Office 2016 Professional Plus license for 3 PCs\" \/>\n<meta property=\"og:description\" content=\"With this license the software can be activated on 3 different devices, e.g. home PC, notebook and work PC. Lifetime Replacement Warranty!!!\" \/>\n<meta property=\"og:url\" content=\"https:\/\/arturo.winandoffice.com\/chf\/produkt\/office-2016-professional-plus\/\" \/>\n<meta property=\"og:site_name\" content=\"Arturo Card Shop\" \/>\n<meta property=\"article:publisher\" content=\"https:\/\/www.facebook.com\/Gamecardshopdotcom\" \/>\n<meta property=\"article:modified_time\" content=\"2025-09-03T21:07:20+00:00\" \/>\n<meta name=\"twitter:card\" content=\"summary_large_image\" \/>\n<meta name=\"twitter:site\" content=\"@gamecardshop_\" \/>\n<meta name=\"twitter:label1\" content=\"Gesch\u00e4tzte Lesezeit\" \/>\n\t<meta name=\"twitter:data1\" content=\"3\u00a0Minuten\" \/>\n<script type=\"application\/ld+json\" class=\"yoast-schema-graph\">{\"@context\":\"https:\/\/schema.org\",\"@graph\":[{\"@type\":\"WebPage\",\"@id\":\"https:\/\/arturo.winandoffice.com\/produkt\/office-2016-professional-plus\/\",\"url\":\"https:\/\/arturo.winandoffice.com\/produkt\/office-2016-professional-plus\/\",\"name\":\"Microsoft Office 2016 Professional Plus license for 3 PCs\",\"isPartOf\":{\"@id\":\"https:\/\/arturo.winandoffice.com\/es\/#website\"},\"primaryImageOfPage\":{\"@id\":\"https:\/\/arturo.winandoffice.com\/produkt\/office-2016-professional-plus\/#primaryimage\"},\"image\":{\"@id\":\"https:\/\/arturo.winandoffice.com\/produkt\/office-2016-professional-plus\/#primaryimage\"},\"thumbnailUrl\":\"https:\/\/arturo.winandoffice.com\/wp-content\/uploads\/2023\/08\/O16PP.jpg\",\"datePublished\":\"2023-08-11T15:16:05+00:00\",\"dateModified\":\"2025-09-03T21:07:20+00:00\",\"description\":\"With this license the software can be activated on 3 different devices, e.g. home PC, notebook and work PC. Lifetime Replacement Warranty!!!\",\"breadcrumb\":{\"@id\":\"https:\/\/arturo.winandoffice.com\/produkt\/office-2016-professional-plus\/#breadcrumb\"},\"inLanguage\":\"de-CH\",\"potentialAction\":[{\"@type\":\"ReadAction\",\"target\":[\"https:\/\/arturo.winandoffice.com\/produkt\/office-2016-professional-plus\/\"]}]},{\"@type\":\"ImageObject\",\"inLanguage\":\"de-CH\",\"@id\":\"https:\/\/arturo.winandoffice.com\/produkt\/office-2016-professional-plus\/#primaryimage\",\"url\":\"https:\/\/arturo.winandoffice.com\/wp-content\/uploads\/2023\/08\/O16PP.jpg\",\"contentUrl\":\"https:\/\/arturo.winandoffice.com\/wp-content\/uploads\/2023\/08\/O16PP.jpg\"},{\"@type\":\"BreadcrumbList\",\"@id\":\"https:\/\/arturo.winandoffice.com\/produkt\/office-2016-professional-plus\/#breadcrumb\",\"itemListElement\":[{\"@type\":\"ListItem\",\"position\":1,\"name\":\"Home\",\"item\":\"https:\/\/arturo.winandoffice.com\/\"},{\"@type\":\"ListItem\",\"position\":2,\"name\":\"Shop\",\"item\":\"https:\/\/arturo.winandoffice.com\/shop\/\"},{\"@type\":\"ListItem\",\"position\":3,\"name\":\"Microsoft Office 2016 Professional Plus License for 3 PC\"}]},{\"@type\":\"WebSite\",\"@id\":\"https:\/\/arturo.winandoffice.com\/es\/#website\",\"url\":\"https:\/\/arturo.winandoffice.com\/es\/\",\"name\":\"Arturo Card Shop\",\"description\":\"Buy your office\",\"publisher\":{\"@id\":\"https:\/\/arturo.winandoffice.com\/es\/#organization\"},\"potentialAction\":[{\"@type\":\"SearchAction\",\"target\":{\"@type\":\"EntryPoint\",\"urlTemplate\":\"https:\/\/arturo.winandoffice.com\/es\/?s={search_term_string}\"},\"query-input\":{\"@type\":\"PropertyValueSpecification\",\"valueRequired\":true,\"valueName\":\"search_term_string\"}}],\"inLanguage\":\"de-CH\"},{\"@type\":\"Organization\",\"@id\":\"https:\/\/arturo.winandoffice.com\/es\/#organization\",\"name\":\"Arturo Card Shop\",\"url\":\"https:\/\/arturo.winandoffice.com\/es\/\",\"logo\":{\"@type\":\"ImageObject\",\"inLanguage\":\"de-CH\",\"@id\":\"https:\/\/arturo.winandoffice.com\/es\/#\/schema\/logo\/image\/\",\"url\":\"https:\/\/arturo.winandoffice.com\/wp-content\/uploads\/2022\/10\/logo.png\",\"contentUrl\":\"https:\/\/arturo.winandoffice.com\/wp-content\/uploads\/2022\/10\/logo.png\",\"width\":1710,\"height\":175,\"caption\":\"Arturo Card Shop\"},\"image\":{\"@id\":\"https:\/\/arturo.winandoffice.com\/es\/#\/schema\/logo\/image\/\"},\"sameAs\":[\"https:\/\/www.facebook.com\/Gamecardshopdotcom\",\"https:\/\/x.com\/gamecardshop_\",\"https:\/\/www.youtube.com\/@gamecardshop\",\"https:\/\/www.youtube.com\/@arturo.winandoffice.com_\",\"https:\/\/de.trustpilot.com\/review\/arturo.winandoffice.com\",\"https:\/\/www.provenexpert.com\/game-card-shop\/\",\"https:\/\/www.tiktok.com\/@arturo.winandoffice.com\",\"https:\/\/www.shopauskunft.de\/review\/arturo.winandoffice.com\",\"https:\/\/www.ausgezeichnet.org\/bewertungen-arturo.winandoffice.com-HNVDH\",\"https:\/\/www.trustedshops.eu\/buyerrating\/info_X93C3F0168B7533F969FC6C787543C130.html\"]}]}<\/script>\n<!-- \/ Yoast SEO plugin. -->","yoast_head_json":{"title":"Microsoft Office 2016 Professional Plus Lizenz f\u00fcr 3 PCs","description":"Mit dieser Lizenz kann die Software auf 3 verschiedenen Ger\u00e4ten aktiviert werden, z.B. Heim-PC, Notebook und Arbeits-PC. Lebenslange Ersatz-Garantie!!!","robots":{"index":"index","follow":"follow","max-snippet":"max-snippet:-1","max-image-preview":"max-image-preview:large","max-video-preview":"max-video-preview:-1"},"canonical":"https:\/\/arturo.winandoffice.com\/chf\/produkt\/office-2016-professional-plus\/","og_locale":"de_DE","og_type":"article","og_title":"Microsoft Office 2016 Professional Plus license for 3 PCs","og_description":"With this license the software can be activated on 3 different devices, e.g. home PC, notebook and work PC. Lifetime Replacement Warranty!!!","og_url":"https:\/\/arturo.winandoffice.com\/chf\/produkt\/office-2016-professional-plus\/","og_site_name":"Arturo Card Shop","article_publisher":"https:\/\/www.facebook.com\/Gamecardshopdotcom","article_modified_time":"2025-09-03T21:07:20+00:00","twitter_card":"summary_large_image","twitter_site":"@gamecardshop_","twitter_misc":{"Gesch\u00e4tzte Lesezeit":"3\u00a0Minuten"},"schema":{"@context":"https:\/\/schema.org","@graph":[{"@type":"WebPage","@id":"https:\/\/arturo.winandoffice.com\/produkt\/office-2016-professional-plus\/","url":"https:\/\/arturo.winandoffice.com\/produkt\/office-2016-professional-plus\/","name":"Microsoft Office 2016 Professional Plus Lizenz f\u00fcr 3 PCs","isPartOf":{"@id":"https:\/\/arturo.winandoffice.com\/es\/#website"},"primaryImageOfPage":{"@id":"https:\/\/arturo.winandoffice.com\/produkt\/office-2016-professional-plus\/#primaryimage"},"image":{"@id":"https:\/\/arturo.winandoffice.com\/produkt\/office-2016-professional-plus\/#primaryimage"},"thumbnailUrl":"https:\/\/arturo.winandoffice.com\/wp-content\/uploads\/2023\/08\/O16PP.jpg","datePublished":"2023-08-11T15:16:05+00:00","dateModified":"2025-09-03T21:07:20+00:00","description":"Mit dieser Lizenz kann die Software auf 3 verschiedenen Ger\u00e4ten aktiviert werden, z.B. Heim-PC, Notebook und Arbeits-PC. Lebenslange Ersatz-Garantie!!!","breadcrumb":{"@id":"https:\/\/arturo.winandoffice.com\/produkt\/office-2016-professional-plus\/#breadcrumb"},"inLanguage":"de-CH","potentialAction":[{"@type":"ReadAction","target":["https:\/\/arturo.winandoffice.com\/produkt\/office-2016-professional-plus\/"]}]},{"@type":"ImageObject","inLanguage":"de-CH","@id":"https:\/\/arturo.winandoffice.com\/produkt\/office-2016-professional-plus\/#primaryimage","url":"https:\/\/arturo.winandoffice.com\/wp-content\/uploads\/2023\/08\/O16PP.jpg","contentUrl":"https:\/\/arturo.winandoffice.com\/wp-content\/uploads\/2023\/08\/O16PP.jpg"},{"@type":"BreadcrumbList","@id":"https:\/\/arturo.winandoffice.com\/produkt\/office-2016-professional-plus\/#breadcrumb","itemListElement":[{"@type":"ListItem","position":1,"name":"Home","item":"https:\/\/arturo.winandoffice.com\/"},{"@type":"ListItem","position":2,"name":"Shop","item":"https:\/\/arturo.winandoffice.com\/shop\/"},{"@type":"ListItem","position":3,"name":"Microsoft Office 2016 Professional Plus License for 3 PC"}]},{"@type":"WebSite","@id":"https:\/\/arturo.winandoffice.com\/es\/#website","url":"https:\/\/arturo.winandoffice.com\/es\/","name":"Arturo Card Shop","description":"Buy your office","publisher":{"@id":"https:\/\/arturo.winandoffice.com\/es\/#organization"},"potentialAction":[{"@type":"SearchAction","target":{"@type":"EntryPoint","urlTemplate":"https:\/\/arturo.winandoffice.com\/es\/?s={search_term_string}"},"query-input":{"@type":"PropertyValueSpecification","valueRequired":true,"valueName":"search_term_string"}}],"inLanguage":"de-CH"},{"@type":"Organization","@id":"https:\/\/arturo.winandoffice.com\/es\/#organization","name":"Arturo Card Shop","url":"https:\/\/arturo.winandoffice.com\/es\/","logo":{"@type":"ImageObject","inLanguage":"de-CH","@id":"https:\/\/arturo.winandoffice.com\/es\/#\/schema\/logo\/image\/","url":"https:\/\/arturo.winandoffice.com\/wp-content\/uploads\/2022\/10\/logo.png","contentUrl":"https:\/\/arturo.winandoffice.com\/wp-content\/uploads\/2022\/10\/logo.png","width":1710,"height":175,"caption":"Arturo Card Shop"},"image":{"@id":"https:\/\/arturo.winandoffice.com\/es\/#\/schema\/logo\/image\/"},"sameAs":["https:\/\/www.facebook.com\/Gamecardshopdotcom","https:\/\/x.com\/gamecardshop_","https:\/\/www.youtube.com\/@gamecardshop","https:\/\/www.youtube.com\/@arturo.winandoffice.com_","https:\/\/de.trustpilot.com\/review\/arturo.winandoffice.com","https:\/\/www.provenexpert.com\/game-card-shop\/","https:\/\/www.tiktok.com\/@arturo.winandoffice.com","https:\/\/www.shopauskunft.de\/review\/arturo.winandoffice.com","https:\/\/www.ausgezeichnet.org\/bewertungen-arturo.winandoffice.com-HNVDH","https:\/\/www.trustedshops.eu\/buyerrating\/info_X93C3F0168B7533F969FC6C787543C130.html"]}]}},"acf":[],"_links":{"self":[{"href":"https:\/\/arturo.winandoffice.com\/chf\/wp-json\/wp\/v2\/product\/38214","targetHints":{"allow":["GET"]}}],"collection":[{"href":"https:\/\/arturo.winandoffice.com\/chf\/wp-json\/wp\/v2\/product"}],"about":[{"href":"https:\/\/arturo.winandoffice.com\/chf\/wp-json\/wp\/v2\/types\/product"}],"replies":[{"embeddable":true,"href":"https:\/\/arturo.winandoffice.com\/chf\/wp-json\/wp\/v2\/comments?post=38214"}],"wp:featuredmedia":[{"embeddable":true,"href":"https:\/\/arturo.winandoffice.com\/chf\/wp-json\/"}],"wp:attachment":[{"href":"https:\/\/arturo.winandoffice.com\/chf\/wp-json\/wp\/v2\/media?parent=38214"}],"wp:term":[{"taxonomy":"product_brand","embeddable":true,"href":"https:\/\/arturo.winandoffice.com\/chf\/wp-json\/wp\/v2\/product_brand?post=38214"},{"taxonomy":"product_cat","embeddable":true,"href":"https:\/\/arturo.winandoffice.com\/chf\/wp-json\/wp\/v2\/product_cat?post=38214"},{"taxonomy":"product_tag","embeddable":true,"href":"https:\/\/arturo.winandoffice.com\/chf\/wp-json\/wp\/v2\/product_tag?post=38214"}],"curies":[{"name":"wp","href":"https:\/\/api.w.org\/{rel}","templated":true}]}}