{"id":34888,"date":"2023-03-20T13:11:58","date_gmt":"2023-03-20T12:11:58","guid":{"rendered":"https:\/\/arturo.winandoffice.com\/?post_type=product&#038;p=34888"},"modified":"2025-09-03T22:17:08","modified_gmt":"2025-09-03T21:17:08","slug":"microsoft-office-2019-professional-plus","status":"publish","type":"product","link":"https:\/\/arturo.winandoffice.com\/chf\/produkt\/microsoft-office-2019-professional-plus\/","title":{"rendered":"Microsoft Office 2019 Professional Plus License for 3 PC"},"content":{"rendered":"<div class=\"wpb-content-wrapper\"><div class=\"vc_row wpb_row vc_row-fluid\" style=\"background-position: None!important;  \"><div class=\"wpb_column vc_column_container vc_col-sm-12\"><div class=\"vc_column-inner\"><div class=\"wpb_wrapper\">\n\t<div class=\"wpb_text_column wpb_content_element\" >\n\t\t<div class=\"wpb_wrapper\">\n\t\t\t<h3>Microsoft Office 2019 Professional Plus Lizenz f\u00fcr 3 PCs (uneingeschr\u00e4nkte Vollversion von einem zertifizierten Microsoft Gold Partner)<\/h3>\n<p><strong>Mit dieser Lizenz kann die Software auf 3 verschiedenen Ger\u00e4ten aktiviert werden, z.B. Heim-PC, Notebook und Arbeits-PC<\/strong><\/p>\n<p><strong>Lebenslange Austauschgarantie!!!<\/strong><\/p>\n<hr class=\"c-divider f-pad-top-3x\" data-grid=\"col-12\">\n<p>Die neueste Version der Microsoft Office-Suite bietet zahlreiche Verbesserungen in Bezug auf Komfort, Funktionalit\u00e4t und Sicherheit. Office 2019 Professional Plus ist an die neuen Datenschutzbestimmungen angepasst und ist nur mit Microsoft Windows 10 kompatibel. Die Microsoft Office 2019 Professional Plus Suite ist f\u00fcr professionelle Anwender geeignet, die einen vollen Funktionsumfang ohne Einschr\u00e4nkungen ben\u00f6tigen. Sie umfasst Microsoft Word, Microsoft Excel, Microsoft Power Point, Microsoft Outlook, Microsoft Publisher, Microsoft Access und Lync. Microsoft One Note ist jetzt direkt in das Microsoft Windows 10 Betriebssystem integriert.<\/p>\n<p><strong>Minimale Systemanforderungen<\/strong><\/p>\n<p>Microsoft Windows 10 Betriebssystem<\/p>\n<p>1,6 GHz oder schnellere Dual-Core-CPU<\/p>\n<p>2 GB RAM f\u00fcr 32-Bit oder 4 GB RAM f\u00fcr 64-Bit.<\/p>\n<p>4 GB verf\u00fcgbarer Festplattenspeicher<\/p>\n<p><strong>Hilfe und Unterst\u00fctzung:<\/strong><\/p>\n<p>Bei Fragen k\u00f6nnen Sie uns gerne kontaktieren <a href=\"mailto:support@arturo.winandoffice.com\" target=\"_blank\" rel=\"noopener\">per E-Mail<\/a>.&nbsp;Our customer service and support is available 7 days a week, 24 hours a day.<\/p>\n\n\t\t<\/div>\n\t<\/div>\n<\/div><\/div><\/div><\/div>\n<\/div>","protected":false},"excerpt":{"rendered":"<ul>\n<li>Microsoft Office 2019 Professional Plus Lizenz f\u00fcr 3 PCs<\/li>\n<li><strong>Mit dieser Lizenz kann die Software auf 3 verschiedenen Ger\u00e4ten aktiviert werden, z.B. Heim-PC, Notebook und Arbeits-PC.<\/strong><\/li>\n<li>Version f\u00fcr 32- und 64-Bit-Systeme, unbegrenzte Vollversionen der Software <strong>von zertifizierten Microsoft Gold Partnern<\/strong><\/li>\n<li><strong>Lebenslange Ersatzgarantie!<\/strong><\/li>\n<li>Lieferung per E-Mail: Produktschl\u00fcssel, Anleitung, Download-Links, Rechnung<\/li>\n<li>Sofortiger Download!<\/li>\n<li>Keine zeitliche Begrenzung, kein Abonnement<\/li>\n<li>Kostenloser 24\/7-Support bei Problemen mit der Installation und Aktivierung<\/li>\n<li>Keine Lieferung auf Datentr\u00e4ger (USB, CD, etc.)<\/li>\n<li>Aktivierung online und per Telefon<\/li>\n<li>Sprachen: Englisch, Spanisch, Italienisch, Deutsch, Franz\u00f6sisch<\/li>\n<li><strong><span style=\"color: #008000;\"> Dieses Produkt ist kompatibel mit Microsoft Windows.<\/span><\/strong><\/li>\n<li><strong><span style=\"color: #ff0000;\">NOT compatible with Apple macOS\u2122, Apple Processors, Parallels for Mac, Android devices and Chromebooks.<\/span><\/strong><\/li>\n<\/ul>","protected":false},"featured_media":14052,"comment_status":"closed","ping_status":"closed","template":"","meta":{"_acf_changed":false},"product_brand":[],"product_cat":[154,155,156],"product_tag":[207,206],"class_list":{"0":"post-34888","1":"product","2":"type-product","3":"status-publish","4":"has-post-thumbnail","6":"product_cat-microsoft-office","7":"product_cat-office-2019","8":"product_cat-popular","9":"product_tag-microsoft-office-2019-professional-plus","10":"product_tag-microsoft-office-2019-professional-plus-license-for-3-pcs","12":"first","13":"instock","14":"sale","15":"virtual","16":"taxable","17":"purchasable","18":"product-type-simple"},"yoast_head":"<!-- This site is optimized with the Yoast SEO plugin v26.7 - https:\/\/yoast.com\/wordpress\/plugins\/seo\/ -->\n<title>Microsoft Office 2019 Professional Plus license for 3 PCs<\/title>\n<meta name=\"description\" content=\"With this license the software can be activated on 3 different devices, e.g. home PC, notebook and work PC. Lifetime Replacement Warranty!!!\" \/>\n<meta name=\"robots\" content=\"index, follow, max-snippet:-1, max-image-preview:large, max-video-preview:-1\" \/>\n<link rel=\"canonical\" href=\"https:\/\/arturo.winandoffice.com\/chf\/produkt\/microsoft-office-2019-professional-plus\/\" \/>\n<meta property=\"og:locale\" content=\"de_DE\" \/>\n<meta property=\"og:type\" content=\"article\" \/>\n<meta property=\"og:title\" content=\"Microsoft Office 2019 Professional Plus license for 3 PCs\" \/>\n<meta property=\"og:description\" content=\"With this license the software can be activated on 3 different devices, e.g. home PC, notebook and work PC. Lifetime Replacement Warranty!!!\" \/>\n<meta property=\"og:url\" content=\"https:\/\/arturo.winandoffice.com\/chf\/produkt\/microsoft-office-2019-professional-plus\/\" \/>\n<meta property=\"og:site_name\" content=\"Arturo Card Shop\" \/>\n<meta property=\"article:publisher\" content=\"https:\/\/www.facebook.com\/Gamecardshopdotcom\" \/>\n<meta property=\"article:modified_time\" content=\"2025-09-03T21:17:08+00:00\" \/>\n<meta property=\"og:image\" content=\"https:\/\/arturo.winandoffice.com\/wp-content\/uploads\/2023\/03\/O19PP.jpg\" \/>\n\t<meta property=\"og:image:width\" content=\"1000\" \/>\n\t<meta property=\"og:image:height\" content=\"1500\" \/>\n\t<meta property=\"og:image:type\" content=\"image\/jpeg\" \/>\n<meta name=\"twitter:card\" content=\"summary_large_image\" \/>\n<meta name=\"twitter:site\" content=\"@gamecardshop_\" \/>\n<meta name=\"twitter:label1\" content=\"Gesch\u00e4tzte Lesezeit\" \/>\n\t<meta name=\"twitter:data1\" content=\"2\u00a0Minuten\" \/>\n<script type=\"application\/ld+json\" class=\"yoast-schema-graph\">{\"@context\":\"https:\/\/schema.org\",\"@graph\":[{\"@type\":\"WebPage\",\"@id\":\"https:\/\/arturo.winandoffice.com\/produkt\/microsoft-office-2019-professional-plus\/\",\"url\":\"https:\/\/arturo.winandoffice.com\/produkt\/microsoft-office-2019-professional-plus\/\",\"name\":\"Microsoft Office 2019 Professional Plus license for 3 PCs\",\"isPartOf\":{\"@id\":\"https:\/\/arturo.winandoffice.com\/es\/#website\"},\"primaryImageOfPage\":{\"@id\":\"https:\/\/arturo.winandoffice.com\/produkt\/microsoft-office-2019-professional-plus\/#primaryimage\"},\"image\":{\"@id\":\"https:\/\/arturo.winandoffice.com\/produkt\/microsoft-office-2019-professional-plus\/#primaryimage\"},\"thumbnailUrl\":\"https:\/\/arturo.winandoffice.com\/wp-content\/uploads\/2023\/03\/O19PP.jpg\",\"datePublished\":\"2023-03-20T12:11:58+00:00\",\"dateModified\":\"2025-09-03T21:17:08+00:00\",\"description\":\"With this license the software can be activated on 3 different devices, e.g. home PC, notebook and work PC. Lifetime Replacement Warranty!!!\",\"breadcrumb\":{\"@id\":\"https:\/\/arturo.winandoffice.com\/produkt\/microsoft-office-2019-professional-plus\/#breadcrumb\"},\"inLanguage\":\"de-CH\",\"potentialAction\":[{\"@type\":\"ReadAction\",\"target\":[\"https:\/\/arturo.winandoffice.com\/produkt\/microsoft-office-2019-professional-plus\/\"]}]},{\"@type\":\"ImageObject\",\"inLanguage\":\"de-CH\",\"@id\":\"https:\/\/arturo.winandoffice.com\/produkt\/microsoft-office-2019-professional-plus\/#primaryimage\",\"url\":\"https:\/\/arturo.winandoffice.com\/wp-content\/uploads\/2023\/03\/O19PP.jpg\",\"contentUrl\":\"https:\/\/arturo.winandoffice.com\/wp-content\/uploads\/2023\/03\/O19PP.jpg\",\"width\":1000,\"height\":1500},{\"@type\":\"BreadcrumbList\",\"@id\":\"https:\/\/arturo.winandoffice.com\/produkt\/microsoft-office-2019-professional-plus\/#breadcrumb\",\"itemListElement\":[{\"@type\":\"ListItem\",\"position\":1,\"name\":\"Home\",\"item\":\"https:\/\/arturo.winandoffice.com\/\"},{\"@type\":\"ListItem\",\"position\":2,\"name\":\"Shop\",\"item\":\"https:\/\/arturo.winandoffice.com\/shop\/\"},{\"@type\":\"ListItem\",\"position\":3,\"name\":\"Microsoft Office 2019 Professional Plus License for 3 PC\"}]},{\"@type\":\"WebSite\",\"@id\":\"https:\/\/arturo.winandoffice.com\/es\/#website\",\"url\":\"https:\/\/arturo.winandoffice.com\/es\/\",\"name\":\"Arturo Card Shop\",\"description\":\"Buy your office\",\"publisher\":{\"@id\":\"https:\/\/arturo.winandoffice.com\/es\/#organization\"},\"potentialAction\":[{\"@type\":\"SearchAction\",\"target\":{\"@type\":\"EntryPoint\",\"urlTemplate\":\"https:\/\/arturo.winandoffice.com\/es\/?s={search_term_string}\"},\"query-input\":{\"@type\":\"PropertyValueSpecification\",\"valueRequired\":true,\"valueName\":\"search_term_string\"}}],\"inLanguage\":\"de-CH\"},{\"@type\":\"Organization\",\"@id\":\"https:\/\/arturo.winandoffice.com\/es\/#organization\",\"name\":\"Arturo Card Shop\",\"url\":\"https:\/\/arturo.winandoffice.com\/es\/\",\"logo\":{\"@type\":\"ImageObject\",\"inLanguage\":\"de-CH\",\"@id\":\"https:\/\/arturo.winandoffice.com\/es\/#\/schema\/logo\/image\/\",\"url\":\"https:\/\/arturo.winandoffice.com\/wp-content\/uploads\/2022\/10\/logo.png\",\"contentUrl\":\"https:\/\/arturo.winandoffice.com\/wp-content\/uploads\/2022\/10\/logo.png\",\"width\":1710,\"height\":175,\"caption\":\"Arturo Card Shop\"},\"image\":{\"@id\":\"https:\/\/arturo.winandoffice.com\/es\/#\/schema\/logo\/image\/\"},\"sameAs\":[\"https:\/\/www.facebook.com\/Gamecardshopdotcom\",\"https:\/\/x.com\/gamecardshop_\",\"https:\/\/www.youtube.com\/@gamecardshop\",\"https:\/\/www.youtube.com\/@arturo.winandoffice.com_\",\"https:\/\/de.trustpilot.com\/review\/arturo.winandoffice.com\",\"https:\/\/www.provenexpert.com\/game-card-shop\/\",\"https:\/\/www.tiktok.com\/@arturo.winandoffice.com\",\"https:\/\/www.shopauskunft.de\/review\/arturo.winandoffice.com\",\"https:\/\/www.ausgezeichnet.org\/bewertungen-arturo.winandoffice.com-HNVDH\",\"https:\/\/www.trustedshops.eu\/buyerrating\/info_X93C3F0168B7533F969FC6C787543C130.html\"]}]}<\/script>\n<!-- \/ Yoast SEO plugin. -->","yoast_head_json":{"title":"Microsoft Office 2019 Professional Plus Lizenz f\u00fcr 3 PCs","description":"Mit dieser Lizenz kann die Software auf 3 verschiedenen Ger\u00e4ten aktiviert werden, z.B. Heim-PC, Notebook und Arbeits-PC. Lebenslange Ersatz-Garantie!!!","robots":{"index":"index","follow":"follow","max-snippet":"max-snippet:-1","max-image-preview":"max-image-preview:large","max-video-preview":"max-video-preview:-1"},"canonical":"https:\/\/arturo.winandoffice.com\/chf\/produkt\/microsoft-office-2019-professional-plus\/","og_locale":"de_DE","og_type":"article","og_title":"Microsoft Office 2019 Professional Plus license for 3 PCs","og_description":"With this license the software can be activated on 3 different devices, e.g. home PC, notebook and work PC. Lifetime Replacement Warranty!!!","og_url":"https:\/\/arturo.winandoffice.com\/chf\/produkt\/microsoft-office-2019-professional-plus\/","og_site_name":"Arturo Card Shop","article_publisher":"https:\/\/www.facebook.com\/Gamecardshopdotcom","article_modified_time":"2025-09-03T21:17:08+00:00","og_image":[{"width":1000,"height":1500,"url":"https:\/\/arturo.winandoffice.com\/wp-content\/uploads\/2023\/03\/O19PP.jpg","type":"image\/jpeg"}],"twitter_card":"summary_large_image","twitter_site":"@gamecardshop_","twitter_misc":{"Gesch\u00e4tzte Lesezeit":"2\u00a0Minuten"},"schema":{"@context":"https:\/\/schema.org","@graph":[{"@type":"WebPage","@id":"https:\/\/arturo.winandoffice.com\/produkt\/microsoft-office-2019-professional-plus\/","url":"https:\/\/arturo.winandoffice.com\/produkt\/microsoft-office-2019-professional-plus\/","name":"Microsoft Office 2019 Professional Plus Lizenz f\u00fcr 3 PCs","isPartOf":{"@id":"https:\/\/arturo.winandoffice.com\/es\/#website"},"primaryImageOfPage":{"@id":"https:\/\/arturo.winandoffice.com\/produkt\/microsoft-office-2019-professional-plus\/#primaryimage"},"image":{"@id":"https:\/\/arturo.winandoffice.com\/produkt\/microsoft-office-2019-professional-plus\/#primaryimage"},"thumbnailUrl":"https:\/\/arturo.winandoffice.com\/wp-content\/uploads\/2023\/03\/O19PP.jpg","datePublished":"2023-03-20T12:11:58+00:00","dateModified":"2025-09-03T21:17:08+00:00","description":"Mit dieser Lizenz kann die Software auf 3 verschiedenen Ger\u00e4ten aktiviert werden, z.B. Heim-PC, Notebook und Arbeits-PC. Lebenslange Ersatz-Garantie!!!","breadcrumb":{"@id":"https:\/\/arturo.winandoffice.com\/produkt\/microsoft-office-2019-professional-plus\/#breadcrumb"},"inLanguage":"de-CH","potentialAction":[{"@type":"ReadAction","target":["https:\/\/arturo.winandoffice.com\/produkt\/microsoft-office-2019-professional-plus\/"]}]},{"@type":"ImageObject","inLanguage":"de-CH","@id":"https:\/\/arturo.winandoffice.com\/produkt\/microsoft-office-2019-professional-plus\/#primaryimage","url":"https:\/\/arturo.winandoffice.com\/wp-content\/uploads\/2023\/03\/O19PP.jpg","contentUrl":"https:\/\/arturo.winandoffice.com\/wp-content\/uploads\/2023\/03\/O19PP.jpg","width":1000,"height":1500},{"@type":"BreadcrumbList","@id":"https:\/\/arturo.winandoffice.com\/produkt\/microsoft-office-2019-professional-plus\/#breadcrumb","itemListElement":[{"@type":"ListItem","position":1,"name":"Home","item":"https:\/\/arturo.winandoffice.com\/"},{"@type":"ListItem","position":2,"name":"Shop","item":"https:\/\/arturo.winandoffice.com\/shop\/"},{"@type":"ListItem","position":3,"name":"Microsoft Office 2019 Professional Plus License for 3 PC"}]},{"@type":"WebSite","@id":"https:\/\/arturo.winandoffice.com\/es\/#website","url":"https:\/\/arturo.winandoffice.com\/es\/","name":"Arturo Card Shop","description":"Buy your office","publisher":{"@id":"https:\/\/arturo.winandoffice.com\/es\/#organization"},"potentialAction":[{"@type":"SearchAction","target":{"@type":"EntryPoint","urlTemplate":"https:\/\/arturo.winandoffice.com\/es\/?s={search_term_string}"},"query-input":{"@type":"PropertyValueSpecification","valueRequired":true,"valueName":"search_term_string"}}],"inLanguage":"de-CH"},{"@type":"Organization","@id":"https:\/\/arturo.winandoffice.com\/es\/#organization","name":"Arturo Card Shop","url":"https:\/\/arturo.winandoffice.com\/es\/","logo":{"@type":"ImageObject","inLanguage":"de-CH","@id":"https:\/\/arturo.winandoffice.com\/es\/#\/schema\/logo\/image\/","url":"https:\/\/arturo.winandoffice.com\/wp-content\/uploads\/2022\/10\/logo.png","contentUrl":"https:\/\/arturo.winandoffice.com\/wp-content\/uploads\/2022\/10\/logo.png","width":1710,"height":175,"caption":"Arturo Card Shop"},"image":{"@id":"https:\/\/arturo.winandoffice.com\/es\/#\/schema\/logo\/image\/"},"sameAs":["https:\/\/www.facebook.com\/Gamecardshopdotcom","https:\/\/x.com\/gamecardshop_","https:\/\/www.youtube.com\/@gamecardshop","https:\/\/www.youtube.com\/@arturo.winandoffice.com_","https:\/\/de.trustpilot.com\/review\/arturo.winandoffice.com","https:\/\/www.provenexpert.com\/game-card-shop\/","https:\/\/www.tiktok.com\/@arturo.winandoffice.com","https:\/\/www.shopauskunft.de\/review\/arturo.winandoffice.com","https:\/\/www.ausgezeichnet.org\/bewertungen-arturo.winandoffice.com-HNVDH","https:\/\/www.trustedshops.eu\/buyerrating\/info_X93C3F0168B7533F969FC6C787543C130.html"]}]}},"acf":[],"_links":{"self":[{"href":"https:\/\/arturo.winandoffice.com\/chf\/wp-json\/wp\/v2\/product\/34888","targetHints":{"allow":["GET"]}}],"collection":[{"href":"https:\/\/arturo.winandoffice.com\/chf\/wp-json\/wp\/v2\/product"}],"about":[{"href":"https:\/\/arturo.winandoffice.com\/chf\/wp-json\/wp\/v2\/types\/product"}],"replies":[{"embeddable":true,"href":"https:\/\/arturo.winandoffice.com\/chf\/wp-json\/wp\/v2\/comments?post=34888"}],"wp:featuredmedia":[{"embeddable":true,"href":"https:\/\/arturo.winandoffice.com\/chf\/wp-json\/wp\/v2\/media\/14052"}],"wp:attachment":[{"href":"https:\/\/arturo.winandoffice.com\/chf\/wp-json\/wp\/v2\/media?parent=34888"}],"wp:term":[{"taxonomy":"product_brand","embeddable":true,"href":"https:\/\/arturo.winandoffice.com\/chf\/wp-json\/wp\/v2\/product_brand?post=34888"},{"taxonomy":"product_cat","embeddable":true,"href":"https:\/\/arturo.winandoffice.com\/chf\/wp-json\/wp\/v2\/product_cat?post=34888"},{"taxonomy":"product_tag","embeddable":true,"href":"https:\/\/arturo.winandoffice.com\/chf\/wp-json\/wp\/v2\/product_tag?post=34888"}],"curies":[{"name":"wp","href":"https:\/\/api.w.org\/{rel}","templated":true}]}}